{"id":41106,"date":"2021-05-07T08:23:22","date_gmt":"2021-05-07T05:23:22","guid":{"rendered":"https:\/\/uus.skamet.ee\/?post_type=product&#038;p=41106"},"modified":"2025-05-29T12:42:27","modified_gmt":"2025-05-29T09:42:27","slug":"krosnele-su-tinkleliu-pirciai","status":"publish","type":"product","link":"https:\/\/www.skamet.ee\/lt\/tooted\/krosnele-su-tinkleliu-pirciai\/","title":{"rendered":"Krosnel\u0117 su tinkleliu pir\u010diai"},"content":{"rendered":"<p>Mes gaminame krosneles su tinkliniu korpusu jau nuo 2006 m.<\/p>\n<p>Jei teisingai i\u0161sirinksite tinkam\u0105 krosnel\u0119 pir\u010diai pagal gult\u0173 dyd\u012f ar kitus parametrus (be boilerio), tai jos i\u0161k\u016brenimas truks apie 60-90 minu\u010di\u0173 (turint boiler\u012f u\u017etruksite ilgiau, priklausomai nuo jo dyd\u017eio). Per t\u0105 pat\u012f laik\u0105 garin\u0117 \u012fkais iki 100 laipsni\u0173. Svarbus ir gryno oro patekimas bei i\u0161metam\u0173j\u0173 duj\u0173 srauto pa\u0161alinimas.<\/p>\n<ul>\n<li><em>Krosnel\u0117s pir\u010diai su metaliniu korpusui<\/em><\/li>\n<li><em><a href=\"https:\/\/skamet.ee\/krosneles-pirtims\/krosneles-pirtims-pagal-uzsakyma?lang=lt\">P<\/a>apildomi reikmenys<\/em><\/li>\n<li><em><a href=\"https:\/\/skamet.ee\/krosneles-pirtims\/priedai-krosnelems-pirtyse?lang=lt\">K<\/a>ronsel<\/em><em>\u0117 su tinkleliu pir\u010dai<\/em><\/li>\n<\/ul>\n","protected":false},"excerpt":{"rendered":"<p>Mes gaminame krosneles su tinkliniu korpusu jau nuo 2006 m. Jei teisingai i\u0161sirinksite tinkam\u0105 krosnel\u0119 pir\u010diai pagal gult\u0173 dyd\u012f ar<\/p>\n","protected":false},"featured_media":49740,"template":"","meta":{"_lmt_disableupdate":"","_lmt_disable":""},"product_brand":[],"product_cat":[371],"product_tag":[],"class_list":{"0":"post-41106","1":"product","2":"type-product","3":"status-publish","4":"has-post-thumbnail","6":"product_cat-krosneles-pirtims","8":"first","9":"instock","10":"shipping-taxable","11":"product-type-simple"},"yoast_head":"<!-- This site is optimized with the Yoast SEO plugin v27.0 - https:\/\/yoast.com\/product\/yoast-seo-wordpress\/ -->\n<title>Krosnel\u0117 su tinkleliu pir\u010diai - Skamet<\/title>\n<meta name=\"robots\" content=\"index, follow, max-snippet:-1, max-image-preview:large, max-video-preview:-1\" \/>\n<link rel=\"canonical\" href=\"https:\/\/www.skamet.ee\/lt\/tooted\/krosnele-su-tinkleliu-pirciai\/\" \/>\n<meta property=\"og:locale\" content=\"lt_LT\" \/>\n<meta property=\"og:type\" content=\"article\" \/>\n<meta property=\"og:title\" content=\"Krosnel\u0117 su tinkleliu pir\u010diai - Skamet\" \/>\n<meta property=\"og:description\" content=\"Mes gaminame krosneles su tinkliniu korpusu jau nuo 2006 m. Jei teisingai i\u0161sirinksite tinkam\u0105 krosnel\u0119 pir\u010diai pagal gult\u0173 dyd\u012f ar\" \/>\n<meta property=\"og:url\" content=\"https:\/\/www.skamet.ee\/lt\/tooted\/krosnele-su-tinkleliu-pirciai\/\" \/>\n<meta property=\"og:site_name\" content=\"Skamet\" \/>\n<meta property=\"article:modified_time\" content=\"2025-05-29T09:42:27+00:00\" \/>\n<meta property=\"og:image\" content=\"https:\/\/www.skamet.ee\/wp-content\/uploads\/2024\/11\/STY-220-GL--scaled.jpg\" \/>\n\t<meta property=\"og:image:width\" content=\"1708\" \/>\n\t<meta property=\"og:image:height\" content=\"2560\" \/>\n\t<meta property=\"og:image:type\" content=\"image\/jpeg\" \/>\n<meta name=\"twitter:card\" content=\"summary_large_image\" \/>\n<meta name=\"twitter:label1\" content=\"Est. reading time\" \/>\n\t<meta name=\"twitter:data1\" content=\"1 minute\" \/>\n<script type=\"application\/ld+json\" class=\"yoast-schema-graph\">{\"@context\":\"https:\/\/schema.org\",\"@graph\":[{\"@type\":\"WebPage\",\"@id\":\"https:\/\/www.skamet.ee\/lt\/tooted\/krosnele-su-tinkleliu-pirciai\/\",\"url\":\"https:\/\/www.skamet.ee\/lt\/tooted\/krosnele-su-tinkleliu-pirciai\/\",\"name\":\"Krosnel\u0117 su tinkleliu pir\u010diai - Skamet\",\"isPartOf\":{\"@id\":\"https:\/\/www.skamet.ee\/#website\"},\"primaryImageOfPage\":{\"@id\":\"https:\/\/www.skamet.ee\/lt\/tooted\/krosnele-su-tinkleliu-pirciai\/#primaryimage\"},\"image\":{\"@id\":\"https:\/\/www.skamet.ee\/lt\/tooted\/krosnele-su-tinkleliu-pirciai\/#primaryimage\"},\"thumbnailUrl\":\"https:\/\/www.skamet.ee\/wp-content\/uploads\/2024\/11\/STY-220-GL--scaled.jpg\",\"datePublished\":\"2021-05-07T05:23:22+00:00\",\"dateModified\":\"2025-05-29T09:42:27+00:00\",\"breadcrumb\":{\"@id\":\"https:\/\/www.skamet.ee\/lt\/tooted\/krosnele-su-tinkleliu-pirciai\/#breadcrumb\"},\"inLanguage\":\"lt\",\"potentialAction\":[{\"@type\":\"ReadAction\",\"target\":[\"https:\/\/www.skamet.ee\/lt\/tooted\/krosnele-su-tinkleliu-pirciai\/\"]}]},{\"@type\":\"ImageObject\",\"inLanguage\":\"lt\",\"@id\":\"https:\/\/www.skamet.ee\/lt\/tooted\/krosnele-su-tinkleliu-pirciai\/#primaryimage\",\"url\":\"https:\/\/www.skamet.ee\/wp-content\/uploads\/2024\/11\/STY-220-GL--scaled.jpg\",\"contentUrl\":\"https:\/\/www.skamet.ee\/wp-content\/uploads\/2024\/11\/STY-220-GL--scaled.jpg\",\"width\":1708,\"height\":2560,\"caption\":\"STY 220 GL scaled\"},{\"@type\":\"BreadcrumbList\",\"@id\":\"https:\/\/www.skamet.ee\/lt\/tooted\/krosnele-su-tinkleliu-pirciai\/#breadcrumb\",\"itemListElement\":[{\"@type\":\"ListItem\",\"position\":1,\"name\":\"Home\",\"item\":\"https:\/\/www.skamet.ee\/fi\/\"},{\"@type\":\"ListItem\",\"position\":2,\"name\":\"Produktai\",\"item\":\"https:\/\/www.skamet.ee\/lt\/shop-2\/\"},{\"@type\":\"ListItem\",\"position\":3,\"name\":\"Krosnel\u0117 su tinkleliu pir\u010diai\"}]},{\"@type\":\"WebSite\",\"@id\":\"https:\/\/www.skamet.ee\/#website\",\"url\":\"https:\/\/www.skamet.ee\/\",\"name\":\"Skamet O\u00dc\",\"description\":\"Efektiivsed puuk\u00fcttega saunaahjud Eesti tootjalt\",\"publisher\":{\"@id\":\"https:\/\/www.skamet.ee\/#organization\"},\"potentialAction\":[{\"@type\":\"SearchAction\",\"target\":{\"@type\":\"EntryPoint\",\"urlTemplate\":\"https:\/\/www.skamet.ee\/?s={search_term_string}\"},\"query-input\":{\"@type\":\"PropertyValueSpecification\",\"valueRequired\":true,\"valueName\":\"search_term_string\"}}],\"inLanguage\":\"lt\"},{\"@type\":\"Organization\",\"@id\":\"https:\/\/www.skamet.ee\/#organization\",\"name\":\"Skamet\",\"url\":\"https:\/\/www.skamet.ee\/\",\"logo\":{\"@type\":\"ImageObject\",\"inLanguage\":\"lt\",\"@id\":\"https:\/\/www.skamet.ee\/#\/schema\/logo\/image\/\",\"url\":\"https:\/\/www.skamet.ee\/wp-content\/uploads\/2015\/05\/logo-uus.png\",\"contentUrl\":\"https:\/\/www.skamet.ee\/wp-content\/uploads\/2015\/05\/logo-uus.png\",\"width\":300,\"height\":127,\"caption\":\"Skamet\"},\"image\":{\"@id\":\"https:\/\/www.skamet.ee\/#\/schema\/logo\/image\/\"}}]}<\/script>\n<!-- \/ Yoast SEO plugin. -->","yoast_head_json":{"title":"Krosnel\u0117 su tinkleliu pir\u010diai - Skamet","robots":{"index":"index","follow":"follow","max-snippet":"max-snippet:-1","max-image-preview":"max-image-preview:large","max-video-preview":"max-video-preview:-1"},"canonical":"https:\/\/www.skamet.ee\/lt\/tooted\/krosnele-su-tinkleliu-pirciai\/","og_locale":"lt_LT","og_type":"article","og_title":"Krosnel\u0117 su tinkleliu pir\u010diai - Skamet","og_description":"Mes gaminame krosneles su tinkliniu korpusu jau nuo 2006 m. Jei teisingai i\u0161sirinksite tinkam\u0105 krosnel\u0119 pir\u010diai pagal gult\u0173 dyd\u012f ar","og_url":"https:\/\/www.skamet.ee\/lt\/tooted\/krosnele-su-tinkleliu-pirciai\/","og_site_name":"Skamet","article_modified_time":"2025-05-29T09:42:27+00:00","og_image":[{"width":1708,"height":2560,"url":"https:\/\/www.skamet.ee\/wp-content\/uploads\/2024\/11\/STY-220-GL--scaled.jpg","type":"image\/jpeg"}],"twitter_card":"summary_large_image","twitter_misc":{"Est. reading time":"1 minute"},"schema":{"@context":"https:\/\/schema.org","@graph":[{"@type":"WebPage","@id":"https:\/\/www.skamet.ee\/lt\/tooted\/krosnele-su-tinkleliu-pirciai\/","url":"https:\/\/www.skamet.ee\/lt\/tooted\/krosnele-su-tinkleliu-pirciai\/","name":"Krosnel\u0117 su tinkleliu pir\u010diai - Skamet","isPartOf":{"@id":"https:\/\/www.skamet.ee\/#website"},"primaryImageOfPage":{"@id":"https:\/\/www.skamet.ee\/lt\/tooted\/krosnele-su-tinkleliu-pirciai\/#primaryimage"},"image":{"@id":"https:\/\/www.skamet.ee\/lt\/tooted\/krosnele-su-tinkleliu-pirciai\/#primaryimage"},"thumbnailUrl":"https:\/\/www.skamet.ee\/wp-content\/uploads\/2024\/11\/STY-220-GL--scaled.jpg","datePublished":"2021-05-07T05:23:22+00:00","dateModified":"2025-05-29T09:42:27+00:00","breadcrumb":{"@id":"https:\/\/www.skamet.ee\/lt\/tooted\/krosnele-su-tinkleliu-pirciai\/#breadcrumb"},"inLanguage":"lt","potentialAction":[{"@type":"ReadAction","target":["https:\/\/www.skamet.ee\/lt\/tooted\/krosnele-su-tinkleliu-pirciai\/"]}]},{"@type":"ImageObject","inLanguage":"lt","@id":"https:\/\/www.skamet.ee\/lt\/tooted\/krosnele-su-tinkleliu-pirciai\/#primaryimage","url":"https:\/\/www.skamet.ee\/wp-content\/uploads\/2024\/11\/STY-220-GL--scaled.jpg","contentUrl":"https:\/\/www.skamet.ee\/wp-content\/uploads\/2024\/11\/STY-220-GL--scaled.jpg","width":1708,"height":2560,"caption":"STY 220 GL scaled"},{"@type":"BreadcrumbList","@id":"https:\/\/www.skamet.ee\/lt\/tooted\/krosnele-su-tinkleliu-pirciai\/#breadcrumb","itemListElement":[{"@type":"ListItem","position":1,"name":"Home","item":"https:\/\/www.skamet.ee\/fi\/"},{"@type":"ListItem","position":2,"name":"Produktai","item":"https:\/\/www.skamet.ee\/lt\/shop-2\/"},{"@type":"ListItem","position":3,"name":"Krosnel\u0117 su tinkleliu pir\u010diai"}]},{"@type":"WebSite","@id":"https:\/\/www.skamet.ee\/#website","url":"https:\/\/www.skamet.ee\/","name":"Skamet O\u00dc","description":"Efektiivsed puuk\u00fcttega saunaahjud Eesti tootjalt","publisher":{"@id":"https:\/\/www.skamet.ee\/#organization"},"potentialAction":[{"@type":"SearchAction","target":{"@type":"EntryPoint","urlTemplate":"https:\/\/www.skamet.ee\/?s={search_term_string}"},"query-input":{"@type":"PropertyValueSpecification","valueRequired":true,"valueName":"search_term_string"}}],"inLanguage":"lt"},{"@type":"Organization","@id":"https:\/\/www.skamet.ee\/#organization","name":"Skamet","url":"https:\/\/www.skamet.ee\/","logo":{"@type":"ImageObject","inLanguage":"lt","@id":"https:\/\/www.skamet.ee\/#\/schema\/logo\/image\/","url":"https:\/\/www.skamet.ee\/wp-content\/uploads\/2015\/05\/logo-uus.png","contentUrl":"https:\/\/www.skamet.ee\/wp-content\/uploads\/2015\/05\/logo-uus.png","width":300,"height":127,"caption":"Skamet"},"image":{"@id":"https:\/\/www.skamet.ee\/#\/schema\/logo\/image\/"}}]}},"_links":{"self":[{"href":"https:\/\/www.skamet.ee\/lt\/wp-json\/wp\/v2\/product\/41106","targetHints":{"allow":["GET"]}}],"collection":[{"href":"https:\/\/www.skamet.ee\/lt\/wp-json\/wp\/v2\/product"}],"about":[{"href":"https:\/\/www.skamet.ee\/lt\/wp-json\/wp\/v2\/types\/product"}],"version-history":[{"count":1,"href":"https:\/\/www.skamet.ee\/lt\/wp-json\/wp\/v2\/product\/41106\/revisions"}],"predecessor-version":[{"id":41107,"href":"https:\/\/www.skamet.ee\/lt\/wp-json\/wp\/v2\/product\/41106\/revisions\/41107"}],"wp:featuredmedia":[{"embeddable":true,"href":"https:\/\/www.skamet.ee\/lt\/wp-json\/wp\/v2\/media\/49740"}],"wp:attachment":[{"href":"https:\/\/www.skamet.ee\/lt\/wp-json\/wp\/v2\/media?parent=41106"}],"wp:term":[{"taxonomy":"product_brand","embeddable":true,"href":"https:\/\/www.skamet.ee\/lt\/wp-json\/wp\/v2\/product_brand?post=41106"},{"taxonomy":"product_cat","embeddable":true,"href":"https:\/\/www.skamet.ee\/lt\/wp-json\/wp\/v2\/product_cat?post=41106"},{"taxonomy":"product_tag","embeddable":true,"href":"https:\/\/www.skamet.ee\/lt\/wp-json\/wp\/v2\/product_tag?post=41106"}],"curies":[{"name":"wp","href":"https:\/\/api.w.org\/{rel}","templated":true}]}}