{"id":41108,"date":"2021-05-07T08:25:53","date_gmt":"2021-05-07T05:25:53","guid":{"rendered":"https:\/\/uus.skamet.ee\/?post_type=product&#038;p=41108"},"modified":"2021-05-19T08:35:51","modified_gmt":"2021-05-19T05:35:51","slug":"apsildymas-is-kitos-patalpos-2","status":"publish","type":"product","link":"https:\/\/www.skamet.ee\/lt\/tooted\/apsildymas-is-kitos-patalpos-2\/","title":{"rendered":"Ap\u0161ildymas i\u0161 kitos patalpos"},"content":{"rendered":"<p>Krosnel\u0117 sumontuota garin\u0117je pirtyje ir ap\u0161ildoma i\u0161 kitos patalpos per sien\u0105. Sienos storis \u2013 200 mm. \u0160i\u0105 dal\u012f galite \u012fsigyti trumpesn\u0119 arba ilgesn\u0119. Standartiniai modeliai gali b\u016bti prijungti prie kamino tik i\u0161 vir\u0161aus\u00a0 \u2013 i\u0161 dureli\u0173 pus\u0117s. Si\u016blome u\u017esisakyti atvirk\u0161tinius modelius, t. y. prijungiamus prie kamino ne tik per galin\u0119 sienel\u0119 , bet ir i\u0161 vir\u0161aus \u2013 i\u0161 galin\u0117s sienel\u0117s pus\u0117s.<\/p>\n<div class=\"dywp-alert grey\">Su kvadratiniu tinkleliniu korpusu<\/div>\n<p><strong>Krosnel\u0117s pirtims gaminamos dviej\u0173 dyd\u017ei\u0173:<\/strong><\/p>\n<p>Nedidelis \u0161ildytuvas (<strong>modelis S-216<\/strong>)\u00a0 su ap\u0161ildoma patalpa \u2013 8\u2013 18 m\u00b3. Krosnel\u0117s auk\u0161tis \u2013 \u00a0 81 cm.\u00a0Akmen\u0173 kiekis 190 kg.<br \/>\nDidelis \u0161ildytuvas (<strong>modelis S-220<\/strong>) su ap\u0161ildoma patalpa \u2013\u00a0 16\u201325 m\u00b3. Krosnel\u0117s auk\u0161tis \u00a0\u2013\u00a086 cm.\u00a0Akmen\u0173 kiekis 160 kg.<br \/>\n<strong>Matmenys pateikti naudojimo\u00a0<a href=\"https:\/\/skamet.ee\/wp-content\/uploads\/2014\/03\/LT_veebvaike1.pdf\" target=\"_blank\" rel=\"noopener\">instrukcijoje<\/a><\/strong><\/p>\n<p>&nbsp;<\/p>\n<div id=\"unitegallery_18_1\" class=\"unite-gallery ug-gallery-wrapper ug-under-480 ug-theme-carousel\">\n<div class=\"ug-carousel-wrapper\">\n<div class=\"ug-carousel-inner\">\n<div class=\"ug-thumb-wrapper ug-tile ug-tile-clickable cloned\"><img decoding=\"async\" class=\"ug-thumb-image ug-trans-enabled\" src=\"https:\/\/skamet.ee\/wp-content\/uploads\/2016\/02\/S-216ILU-230.-200x300.jpg\" alt=\"S-216+ILU-230.\" \/><\/div>\n<div class=\"ug-thumb-wrapper ug-tile ug-tile-clickable cloned\">\n<div class=\"ug-thumb-overlay\"><\/div>\n<\/div>\n<div class=\"ug-thumb-wrapper ug-tile ug-tile-clickable cloned\"><\/div>\n<div class=\"ug-thumb-wrapper ug-tile ug-tile-clickable ug-thumb-ratio-set\">\n<div class=\"ug-thumb-overlay\">\n<div class=\"ug-tile-icon ug-button-play ug-icon-zoom\"><\/div>\n<\/div>\n<p><img decoding=\"async\" class=\"ug-thumb-image ug-trans-enabled\" src=\"https:\/\/skamet.ee\/wp-content\/uploads\/2016\/01\/Foto_24-1-300x300.jpg\" alt=\"Foto_24\" \/><\/div>\n<div class=\"ug-thumb-wrapper ug-tile ug-tile-clickable ug-thumb-ratio-set\">\n<div class=\"ug-thumb-overlay\">\n<div class=\"ug-tile-icon ug-button-play ug-icon-zoom\"><\/div>\n<\/div>\n<p><img decoding=\"async\" class=\"ug-thumb-image ug-trans-enabled\" src=\"https:\/\/skamet.ee\/wp-content\/uploads\/2016\/01\/S-216-S-220-200x300.jpg\" alt=\"S-216; S-220\" \/><\/div>\n<div class=\"ug-thumb-wrapper ug-tile ug-tile-clickable ug-thumb-ratio-set\">\n<div class=\"ug-thumb-overlay\">\n<div class=\"ug-tile-icon ug-button-play ug-icon-zoom\"><\/div>\n<\/div>\n<p><img decoding=\"async\" class=\"ug-thumb-image ug-trans-enabled\" src=\"https:\/\/skamet.ee\/wp-content\/uploads\/2016\/02\/S-216ILU-230.-200x300.jpg\" alt=\"S-216+ILU-230.\" \/><\/div>\n<div class=\"ug-thumb-wrapper ug-tile ug-tile-clickable ug-thumb-ratio-set\">\n<div class=\"ug-thumb-overlay\">\n<div class=\"ug-tile-icon ug-button-play ug-icon-zoom\"><\/div>\n<\/div>\n<\/div>\n<\/div>\n<\/div>\n<\/div>\n<table border=\"0\">\n<tbody>\n<tr>\n<td><strong>Standartini\u0173 gamini\u0173 parametrai<\/strong>:<br \/>\n\u00bb \u00a0stiklin\u0117s durys (230\u00d7230 mm) arba be dur\u0173;<br \/>\n\u00bb \u00a0prijungimas prie kamino i\u0161 vir\u0161aus;<br \/>\n\u00bb \u00a0saunaahi v\u00e4rvitud kuumakindla musta\u00a0v\u00e4rviga;<br \/>\n\u00bb \u00a0dur\u0173 vyriai kair\u0117je;<br \/>\n\u00bb \u00a0galimas boilerio prijungimas (i\u0161 de\u0161in\u0117s, i\u0161 kair\u0117s, i\u0161 galo) arba be boilerio.<\/td>\n<td><strong>Papildomos funkcijos<\/strong>:<br \/>\n\u00bb \u00a0rankena i\u0161 ner\u016bdijan\u010dio plieno (kaip ir \u017eidinio dureli\u0173);<br \/>\n\u00bb \u00a0prijungimas prie kamino i\u0161 galo;<br \/>\n\u00bb \u00a0atvirk\u0161\u010dias krosnel\u0117s modelis;<br \/>\n\u00bb \u00a0dur\u0173 vyriai de\u0161in\u0117je;<br \/>\n\u00bb \u00a0Susipa\u017einkite su kitomis galimyb\u0117mis\u00a0<strong>\u010dia<\/strong><\/td>\n<\/tr>\n<\/tbody>\n<\/table>\n<div class=\"dywp-alert grey\">Su apvaliu tinkleliniu korpusu<\/div>\n<p><strong>Krosnel\u0117s pirtims gaminamos dviej\u0173 dyd\u017ei\u0173:<\/strong><\/p>\n<p>Nedidelis \u0161ildytuvas (<strong>modelis SY-216<\/strong>)\u00a0 su ap\u0161ildoma patalpa \u2013 8\u2013 18 m\u00b3. Krosnel\u0117s auk\u0161tis \u2013 \u00a0 81 cm.\u00a0Akmen\u0173 kiekis 140 kg.<br \/>\nDidelis \u0161ildytuvas (<strong>modelis SY-220<\/strong>) su ap\u0161ildoma patalpa \u2013\u00a0 16\u201325 m\u00b3. Krosnel\u0117s auk\u0161tis \u00a0\u2013\u00a086 cm.\u00a0Akmen\u0173 kiekis 110 kg.<br \/>\n<strong>Matmenys pateikti naudojimo\u00a0<a href=\"https:\/\/skamet.ee\/wp-content\/uploads\/2014\/03\/LT_veebvaike1.pdf\" target=\"_blank\" rel=\"noopener\">instrukcijoje<\/a><\/strong><\/p>\n<p>&nbsp;<\/p>\n<table border=\"0\">\n<tbody>\n<tr>\n<td><strong>Standartini\u0173 gamini\u0173 parametrai<\/strong>:<br \/>\n\u00bb \u00a0stiklin\u0117s durys (230\u00d7230 mm) arba be dur\u0173;<br \/>\n\u00bb \u00a0prijungimas prie kamino i\u0161 vir\u0161aus;<br \/>\n\u00bb \u00a0tinklo skersmuo \u2013\u00a0 56 cm;<br \/>\n\u00bb \u00a0dur\u0173 vyriai kair\u0117je;<br \/>\n\u00bb \u00a0galimas boilerio prijungimas (i\u0161 de\u0161in\u0117s, i\u0161 kair\u0117s, i\u0161 galo) arba be boilerio.<\/td>\n<td><strong>Papildomos funkcijos<\/strong>:<br \/>\n\u00bb \u00a0rankena i\u0161 ner\u016bdijan\u010dio plieno (kaip ir \u017eidinio dureli\u0173);<br \/>\n\u00bb \u00a0prijungimas prie kamino i\u0161 galo;<br \/>\n\u00bb \u00a0atvirk\u0161\u010dias krosnel\u0117s modelis;<br \/>\n\u00bb \u00a0dur\u0173 vyriai de\u0161in\u0117je;<br \/>\n\u00bb \u00a0Susipa\u017einkite su kitomis galimyb\u0117mis\u00a0<strong>\u010dia<\/strong><\/td>\n<\/tr>\n<\/tbody>\n<\/table>\n<div class=\"dywp-alert grey\">Kamina suuruse uksega<\/div>\n<p><strong>Krosnel\u0117s pirtims gaminamos dviej\u0173 dyd\u017ei\u0173:<\/strong><\/p>\n<p>Nedidelis \u0161ildytuvas (<strong>modelis ST-216<\/strong>)\u00a0 su ap\u0161ildoma patalpa \u2013 8\u2013 18 m\u00b3. Krosnel\u0117s auk\u0161tis \u2013 \u00a0 81 cm.\u00a0Akmen\u0173 kiekis 190 kg.<br \/>\nDidelis \u0161ildytuvas (<strong>modelis ST-220<\/strong>) su ap\u0161ildoma patalpa \u2013\u00a0 16\u201325 m\u00b3. Krosnel\u0117s auk\u0161tis \u00a0\u2013\u00a086 cm.\u00a0Akmen\u0173 kiekis 160 kg.<br \/>\n<strong>Matmenys pateikti naudojimo<a href=\"https:\/\/skamet.ee\/wp-content\/uploads\/2014\/03\/LT_veebvaike1.pdf\" target=\"_blank\" rel=\"noopener\">\u00a0instrukcijoje<\/a><\/strong><\/p>\n<p>&nbsp;<\/p>\n<table border=\"0\">\n<tbody>\n<tr>\n<td><strong>Standartini\u0173 gamini\u0173 parametrai<\/strong>:<br \/>\n\u00bb \u00a0stiklin\u0117s durys\u00a0330 x 330 mm;<br \/>\n\u00bb \u00a0prijungimas prie kamino i\u0161 vir\u0161aust;<br \/>\n\u00bb \u00a0rankena i\u0161 ner\u016bdijan\u010dio plieno;<br \/>\n\u00bb \u00a0dur\u0173 vyriai kair\u0117jel;<br \/>\n\u00bb \u00a0galimas boilerio prijungimas (i\u0161 de\u0161in\u0117s, i\u0161 kair\u0117s, i\u0161 galo) arba be boilerio.<\/td>\n<td><strong>Papildomos funkcijos<\/strong>:<br \/>\n\u00bb \u00a0be stiklo durys;<br \/>\n\u00bb \u00a0atvirk\u0161\u010dias krosnel\u0117s modelis;<br \/>\n\u00bb \u00a0medin\u0117 rankena;<br \/>\n\u00bb \u00a0dur\u0173 vyriai de\u0161in\u0117je;<br \/>\n\u00bb \u00a0Susipa\u017einkite su kitomis galimyb\u0117mis\u00a0<strong>\u010dia<\/strong><a href=\"https:\/\/skamet.ee\/krosneles-pirtims\/krosneles-pirtims-pagal-uzsakyma?lang=lt\" target=\"_blank\" rel=\"noopener\">t<\/a><\/td>\n<\/tr>\n<\/tbody>\n<\/table>\n","protected":false},"excerpt":{"rendered":"<p>Krosnel\u0117 sumontuota garin\u0117je pirtyje ir ap\u0161ildoma i\u0161 kitos patalpos per sien\u0105. Sienos storis \u2013 200 mm. \u0160i\u0105 dal\u012f galite \u012fsigyti<\/p>\n","protected":false},"featured_media":40673,"template":"","meta":{"_lmt_disableupdate":"","_lmt_disable":""},"product_brand":[],"product_cat":[313,371,377,379],"product_tag":[],"class_list":{"0":"post-41108","1":"product","2":"type-product","3":"status-publish","4":"has-post-thumbnail","6":"product_cat-toisesta-tilasta-lammitettavat-fi","7":"product_cat-krosneles-pirtims","8":"product_cat-krosnele-su-tinkleliu-pirciai","9":"product_cat-apsildymas-is-kitos-patalpos-lt","11":"first","12":"instock","13":"shipping-taxable","14":"product-type-simple"},"yoast_head":"<!-- This site is optimized with the Yoast SEO plugin v27.0 - https:\/\/yoast.com\/product\/yoast-seo-wordpress\/ -->\n<title>Ap\u0161ildymas i\u0161 kitos patalpos - Skamet<\/title>\n<meta name=\"robots\" content=\"index, follow, max-snippet:-1, max-image-preview:large, max-video-preview:-1\" \/>\n<link rel=\"canonical\" href=\"https:\/\/www.skamet.ee\/lt\/tooted\/apsildymas-is-kitos-patalpos-2\/\" \/>\n<meta property=\"og:locale\" content=\"lt_LT\" \/>\n<meta property=\"og:type\" content=\"article\" \/>\n<meta property=\"og:title\" content=\"Ap\u0161ildymas i\u0161 kitos patalpos - Skamet\" \/>\n<meta property=\"og:description\" content=\"Krosnel\u0117 sumontuota garin\u0117je pirtyje ir ap\u0161ildoma i\u0161 kitos patalpos per sien\u0105. Sienos storis \u2013 200 mm. \u0160i\u0105 dal\u012f galite \u012fsigyti\" \/>\n<meta property=\"og:url\" content=\"https:\/\/www.skamet.ee\/lt\/tooted\/apsildymas-is-kitos-patalpos-2\/\" \/>\n<meta property=\"og:site_name\" content=\"Skamet\" \/>\n<meta property=\"article:modified_time\" content=\"2021-05-19T05:35:51+00:00\" \/>\n<meta property=\"og:image\" content=\"https:\/\/www.skamet.ee\/wp-content\/uploads\/2021\/04\/umar-vorkkorpus-teisest-ruumist.jpg\" \/>\n\t<meta property=\"og:image:width\" content=\"1000\" \/>\n\t<meta property=\"og:image:height\" content=\"1000\" \/>\n\t<meta property=\"og:image:type\" content=\"image\/jpeg\" \/>\n<meta name=\"twitter:card\" content=\"summary_large_image\" \/>\n<meta name=\"twitter:label1\" content=\"Est. reading time\" \/>\n\t<meta name=\"twitter:data1\" content=\"3 minutes\" \/>\n<script type=\"application\/ld+json\" class=\"yoast-schema-graph\">{\"@context\":\"https:\/\/schema.org\",\"@graph\":[{\"@type\":\"WebPage\",\"@id\":\"https:\/\/www.skamet.ee\/lt\/tooted\/apsildymas-is-kitos-patalpos-2\/\",\"url\":\"https:\/\/www.skamet.ee\/lt\/tooted\/apsildymas-is-kitos-patalpos-2\/\",\"name\":\"Ap\u0161ildymas i\u0161 kitos patalpos - Skamet\",\"isPartOf\":{\"@id\":\"https:\/\/www.skamet.ee\/#website\"},\"primaryImageOfPage\":{\"@id\":\"https:\/\/www.skamet.ee\/lt\/tooted\/apsildymas-is-kitos-patalpos-2\/#primaryimage\"},\"image\":{\"@id\":\"https:\/\/www.skamet.ee\/lt\/tooted\/apsildymas-is-kitos-patalpos-2\/#primaryimage\"},\"thumbnailUrl\":\"https:\/\/www.skamet.ee\/wp-content\/uploads\/2021\/04\/umar-vorkkorpus-teisest-ruumist.jpg\",\"datePublished\":\"2021-05-07T05:25:53+00:00\",\"dateModified\":\"2021-05-19T05:35:51+00:00\",\"breadcrumb\":{\"@id\":\"https:\/\/www.skamet.ee\/lt\/tooted\/apsildymas-is-kitos-patalpos-2\/#breadcrumb\"},\"inLanguage\":\"lt\",\"potentialAction\":[{\"@type\":\"ReadAction\",\"target\":[\"https:\/\/www.skamet.ee\/lt\/tooted\/apsildymas-is-kitos-patalpos-2\/\"]}]},{\"@type\":\"ImageObject\",\"inLanguage\":\"lt\",\"@id\":\"https:\/\/www.skamet.ee\/lt\/tooted\/apsildymas-is-kitos-patalpos-2\/#primaryimage\",\"url\":\"https:\/\/www.skamet.ee\/wp-content\/uploads\/2021\/04\/umar-vorkkorpus-teisest-ruumist.jpg\",\"contentUrl\":\"https:\/\/www.skamet.ee\/wp-content\/uploads\/2021\/04\/umar-vorkkorpus-teisest-ruumist.jpg\",\"width\":1000,\"height\":1000,\"caption\":\"umar vorkkorpus teisest ruumist\"},{\"@type\":\"BreadcrumbList\",\"@id\":\"https:\/\/www.skamet.ee\/lt\/tooted\/apsildymas-is-kitos-patalpos-2\/#breadcrumb\",\"itemListElement\":[{\"@type\":\"ListItem\",\"position\":1,\"name\":\"Home\",\"item\":\"https:\/\/www.skamet.ee\/fi\/\"},{\"@type\":\"ListItem\",\"position\":2,\"name\":\"Produktai\",\"item\":\"https:\/\/www.skamet.ee\/lt\/shop-2\/\"},{\"@type\":\"ListItem\",\"position\":3,\"name\":\"Ap\u0161ildymas i\u0161 kitos patalpos\"}]},{\"@type\":\"WebSite\",\"@id\":\"https:\/\/www.skamet.ee\/#website\",\"url\":\"https:\/\/www.skamet.ee\/\",\"name\":\"Skamet O\u00dc\",\"description\":\"Efektiivsed puuk\u00fcttega saunaahjud Eesti tootjalt\",\"publisher\":{\"@id\":\"https:\/\/www.skamet.ee\/#organization\"},\"potentialAction\":[{\"@type\":\"SearchAction\",\"target\":{\"@type\":\"EntryPoint\",\"urlTemplate\":\"https:\/\/www.skamet.ee\/?s={search_term_string}\"},\"query-input\":{\"@type\":\"PropertyValueSpecification\",\"valueRequired\":true,\"valueName\":\"search_term_string\"}}],\"inLanguage\":\"lt\"},{\"@type\":\"Organization\",\"@id\":\"https:\/\/www.skamet.ee\/#organization\",\"name\":\"Skamet\",\"url\":\"https:\/\/www.skamet.ee\/\",\"logo\":{\"@type\":\"ImageObject\",\"inLanguage\":\"lt\",\"@id\":\"https:\/\/www.skamet.ee\/#\/schema\/logo\/image\/\",\"url\":\"https:\/\/www.skamet.ee\/wp-content\/uploads\/2015\/05\/logo-uus.png\",\"contentUrl\":\"https:\/\/www.skamet.ee\/wp-content\/uploads\/2015\/05\/logo-uus.png\",\"width\":300,\"height\":127,\"caption\":\"Skamet\"},\"image\":{\"@id\":\"https:\/\/www.skamet.ee\/#\/schema\/logo\/image\/\"}}]}<\/script>\n<!-- \/ Yoast SEO plugin. -->","yoast_head_json":{"title":"Ap\u0161ildymas i\u0161 kitos patalpos - Skamet","robots":{"index":"index","follow":"follow","max-snippet":"max-snippet:-1","max-image-preview":"max-image-preview:large","max-video-preview":"max-video-preview:-1"},"canonical":"https:\/\/www.skamet.ee\/lt\/tooted\/apsildymas-is-kitos-patalpos-2\/","og_locale":"lt_LT","og_type":"article","og_title":"Ap\u0161ildymas i\u0161 kitos patalpos - Skamet","og_description":"Krosnel\u0117 sumontuota garin\u0117je pirtyje ir ap\u0161ildoma i\u0161 kitos patalpos per sien\u0105. Sienos storis \u2013 200 mm. \u0160i\u0105 dal\u012f galite \u012fsigyti","og_url":"https:\/\/www.skamet.ee\/lt\/tooted\/apsildymas-is-kitos-patalpos-2\/","og_site_name":"Skamet","article_modified_time":"2021-05-19T05:35:51+00:00","og_image":[{"width":1000,"height":1000,"url":"https:\/\/www.skamet.ee\/wp-content\/uploads\/2021\/04\/umar-vorkkorpus-teisest-ruumist.jpg","type":"image\/jpeg"}],"twitter_card":"summary_large_image","twitter_misc":{"Est. reading time":"3 minutes"},"schema":{"@context":"https:\/\/schema.org","@graph":[{"@type":"WebPage","@id":"https:\/\/www.skamet.ee\/lt\/tooted\/apsildymas-is-kitos-patalpos-2\/","url":"https:\/\/www.skamet.ee\/lt\/tooted\/apsildymas-is-kitos-patalpos-2\/","name":"Ap\u0161ildymas i\u0161 kitos patalpos - Skamet","isPartOf":{"@id":"https:\/\/www.skamet.ee\/#website"},"primaryImageOfPage":{"@id":"https:\/\/www.skamet.ee\/lt\/tooted\/apsildymas-is-kitos-patalpos-2\/#primaryimage"},"image":{"@id":"https:\/\/www.skamet.ee\/lt\/tooted\/apsildymas-is-kitos-patalpos-2\/#primaryimage"},"thumbnailUrl":"https:\/\/www.skamet.ee\/wp-content\/uploads\/2021\/04\/umar-vorkkorpus-teisest-ruumist.jpg","datePublished":"2021-05-07T05:25:53+00:00","dateModified":"2021-05-19T05:35:51+00:00","breadcrumb":{"@id":"https:\/\/www.skamet.ee\/lt\/tooted\/apsildymas-is-kitos-patalpos-2\/#breadcrumb"},"inLanguage":"lt","potentialAction":[{"@type":"ReadAction","target":["https:\/\/www.skamet.ee\/lt\/tooted\/apsildymas-is-kitos-patalpos-2\/"]}]},{"@type":"ImageObject","inLanguage":"lt","@id":"https:\/\/www.skamet.ee\/lt\/tooted\/apsildymas-is-kitos-patalpos-2\/#primaryimage","url":"https:\/\/www.skamet.ee\/wp-content\/uploads\/2021\/04\/umar-vorkkorpus-teisest-ruumist.jpg","contentUrl":"https:\/\/www.skamet.ee\/wp-content\/uploads\/2021\/04\/umar-vorkkorpus-teisest-ruumist.jpg","width":1000,"height":1000,"caption":"umar vorkkorpus teisest ruumist"},{"@type":"BreadcrumbList","@id":"https:\/\/www.skamet.ee\/lt\/tooted\/apsildymas-is-kitos-patalpos-2\/#breadcrumb","itemListElement":[{"@type":"ListItem","position":1,"name":"Home","item":"https:\/\/www.skamet.ee\/fi\/"},{"@type":"ListItem","position":2,"name":"Produktai","item":"https:\/\/www.skamet.ee\/lt\/shop-2\/"},{"@type":"ListItem","position":3,"name":"Ap\u0161ildymas i\u0161 kitos patalpos"}]},{"@type":"WebSite","@id":"https:\/\/www.skamet.ee\/#website","url":"https:\/\/www.skamet.ee\/","name":"Skamet O\u00dc","description":"Efektiivsed puuk\u00fcttega saunaahjud Eesti tootjalt","publisher":{"@id":"https:\/\/www.skamet.ee\/#organization"},"potentialAction":[{"@type":"SearchAction","target":{"@type":"EntryPoint","urlTemplate":"https:\/\/www.skamet.ee\/?s={search_term_string}"},"query-input":{"@type":"PropertyValueSpecification","valueRequired":true,"valueName":"search_term_string"}}],"inLanguage":"lt"},{"@type":"Organization","@id":"https:\/\/www.skamet.ee\/#organization","name":"Skamet","url":"https:\/\/www.skamet.ee\/","logo":{"@type":"ImageObject","inLanguage":"lt","@id":"https:\/\/www.skamet.ee\/#\/schema\/logo\/image\/","url":"https:\/\/www.skamet.ee\/wp-content\/uploads\/2015\/05\/logo-uus.png","contentUrl":"https:\/\/www.skamet.ee\/wp-content\/uploads\/2015\/05\/logo-uus.png","width":300,"height":127,"caption":"Skamet"},"image":{"@id":"https:\/\/www.skamet.ee\/#\/schema\/logo\/image\/"}}]}},"_links":{"self":[{"href":"https:\/\/www.skamet.ee\/lt\/wp-json\/wp\/v2\/product\/41108","targetHints":{"allow":["GET"]}}],"collection":[{"href":"https:\/\/www.skamet.ee\/lt\/wp-json\/wp\/v2\/product"}],"about":[{"href":"https:\/\/www.skamet.ee\/lt\/wp-json\/wp\/v2\/types\/product"}],"version-history":[{"count":1,"href":"https:\/\/www.skamet.ee\/lt\/wp-json\/wp\/v2\/product\/41108\/revisions"}],"predecessor-version":[{"id":41109,"href":"https:\/\/www.skamet.ee\/lt\/wp-json\/wp\/v2\/product\/41108\/revisions\/41109"}],"wp:featuredmedia":[{"embeddable":true,"href":"https:\/\/www.skamet.ee\/lt\/wp-json\/wp\/v2\/media\/40673"}],"wp:attachment":[{"href":"https:\/\/www.skamet.ee\/lt\/wp-json\/wp\/v2\/media?parent=41108"}],"wp:term":[{"taxonomy":"product_brand","embeddable":true,"href":"https:\/\/www.skamet.ee\/lt\/wp-json\/wp\/v2\/product_brand?post=41108"},{"taxonomy":"product_cat","embeddable":true,"href":"https:\/\/www.skamet.ee\/lt\/wp-json\/wp\/v2\/product_cat?post=41108"},{"taxonomy":"product_tag","embeddable":true,"href":"https:\/\/www.skamet.ee\/lt\/wp-json\/wp\/v2\/product_tag?post=41108"}],"curies":[{"name":"wp","href":"https:\/\/api.w.org\/{rel}","templated":true}]}}