{"id":41119,"date":"2021-05-07T10:14:14","date_gmt":"2021-05-07T07:14:14","guid":{"rendered":"https:\/\/uus.skamet.ee\/?post_type=product&#038;p=41119"},"modified":"2021-05-19T08:33:44","modified_gmt":"2021-05-19T05:33:44","slug":"kumuliacinis-bakas","status":"publish","type":"product","link":"https:\/\/www.skamet.ee\/lt\/tooted\/kumuliacinis-bakas\/","title":{"rendered":"Kumuliacinis bakas"},"content":{"rendered":"<p>Be boileri\u0173 kar\u0161tam vandeniui mes dar gaminame kumuliacinius bakus pagal kliento br\u0117\u017einius ar eskizus.<\/p>\n<p>&nbsp;<\/p>\n<div id=\"unitegallery_44_1\" class=\"unite-gallery ug-gallery-wrapper ug-under-480 ug-theme-carousel\">\n<div class=\"ug-carousel-wrapper\">\n<div class=\"ug-carousel-inner\">\n<div class=\"ug-thumb-wrapper ug-tile ug-tile-clickable cloned\">\n<div class=\"ug-thumb-overlay\">\n<div class=\"ug-tile-icon ug-button-play ug-icon-zoom\"><\/div>\n<\/div>\n<p><img decoding=\"async\" class=\"ug-thumb-image ug-trans-enabled\" src=\"https:\/\/skamet.ee\/wp-content\/uploads\/2013\/04\/Akupaak-p%C3%B5hi-1250mm-6-280x300.jpg\" alt=\"OLYMPUS DIGITAL CAMERA\" \/><\/div>\n<div class=\"ug-thumb-wrapper ug-tile ug-tile-clickable cloned\">\n<div class=\"ug-thumb-overlay\">\n<div class=\"ug-tile-icon ug-button-play ug-icon-zoom\"><\/div>\n<\/div>\n<p><img decoding=\"async\" class=\"ug-thumb-image ug-trans-enabled\" src=\"https:\/\/skamet.ee\/wp-content\/uploads\/2013\/04\/Akupaak-p%C3%B5hi-1250mm-5-300x256.jpg\" alt=\"OLYMPUS DIGITAL CAMERA\" \/><\/div>\n<div class=\"ug-thumb-wrapper ug-tile ug-tile-clickable ug-thumb-ratio-set\">\n<div class=\"ug-thumb-overlay\">\n<div class=\"ug-tile-icon ug-button-play ug-icon-zoom\"><\/div>\n<\/div>\n<p><img decoding=\"async\" class=\"ug-thumb-image ug-trans-enabled\" src=\"https:\/\/skamet.ee\/wp-content\/uploads\/2013\/04\/akupaak_800mm-4_clipped_rev_1-293x300.png\" alt=\"akupaak_800mm (4)_clipped_rev_1\" \/><\/div>\n<div class=\"ug-thumb-wrapper ug-tile ug-tile-clickable ug-thumb-ratio-set\">\n<div class=\"ug-thumb-overlay\">\n<div class=\"ug-tile-icon ug-button-play ug-icon-zoom\"><\/div>\n<\/div>\n<\/div>\n<div class=\"ug-thumb-wrapper ug-tile ug-tile-clickable cloned\"><\/div>\n<\/div>\n<\/div>\n<\/div>\n<h3><strong>Papildomos funkcijos:<\/strong><\/h3>\n<table border=\"0\">\n<tbody>\n<tr>\n<td><strong>\u00bb<\/strong>\u00a0Skersmuo nuo 50 cm iki 120 cm;<strong><br \/>\n<\/strong><strong>\u00bb<\/strong>\u00a0cilindriniai ar keturkampiai;<br \/>\n<strong>\u00bb<\/strong>\u00a0i\u0161 juodo ar ner\u016bdijan\u010dio metalo;<br \/>\n<strong>\u00bb<\/strong>\u00a0su kojel\u0117mis ar be j\u0173;<br \/>\n<strong>\u00bb<\/strong>\u00a0su \u012fvairiais flan\u0161ais ar be j\u0173.<\/td>\n<\/tr>\n<\/tbody>\n<\/table>\n","protected":false},"excerpt":{"rendered":"<p>Be boileri\u0173 kar\u0161tam vandeniui mes dar gaminame kumuliacinius bakus pagal kliento br\u0117\u017einius ar eskizus. &nbsp; Papildomos funkcijos: \u00bb\u00a0Skersmuo nuo 50<\/p>\n","protected":false},"featured_media":40617,"template":"","meta":{"_lmt_disableupdate":"","_lmt_disable":""},"product_brand":[],"product_cat":[305],"product_tag":[],"class_list":{"0":"post-41119","1":"product","2":"type-product","3":"status-publish","4":"has-post-thumbnail","6":"product_cat-puukiuas","8":"first","9":"instock","10":"shipping-taxable","11":"product-type-simple"},"yoast_head":"<!-- This site is optimized with the Yoast SEO plugin v27.0 - https:\/\/yoast.com\/product\/yoast-seo-wordpress\/ -->\n<title>Kumuliacinis bakas - Skamet<\/title>\n<meta name=\"robots\" content=\"index, follow, max-snippet:-1, max-image-preview:large, max-video-preview:-1\" \/>\n<link rel=\"canonical\" href=\"https:\/\/www.skamet.ee\/lt\/tooted\/kumuliacinis-bakas\/\" \/>\n<meta property=\"og:locale\" content=\"lt_LT\" \/>\n<meta property=\"og:type\" content=\"article\" \/>\n<meta property=\"og:title\" content=\"Kumuliacinis bakas - Skamet\" \/>\n<meta property=\"og:description\" content=\"Be boileri\u0173 kar\u0161tam vandeniui mes dar gaminame kumuliacinius bakus pagal kliento br\u0117\u017einius ar eskizus. &nbsp; Papildomos funkcijos: \u00bb\u00a0Skersmuo nuo 50\" \/>\n<meta property=\"og:url\" content=\"https:\/\/www.skamet.ee\/lt\/tooted\/kumuliacinis-bakas\/\" \/>\n<meta property=\"og:site_name\" content=\"Skamet\" \/>\n<meta property=\"article:modified_time\" content=\"2021-05-19T05:33:44+00:00\" \/>\n<meta property=\"og:image\" content=\"https:\/\/www.skamet.ee\/wp-content\/uploads\/2021\/03\/akupaak_800mm-4_clipped_rev_1-293x300-1.png\" \/>\n\t<meta property=\"og:image:width\" content=\"293\" \/>\n\t<meta property=\"og:image:height\" content=\"300\" \/>\n\t<meta property=\"og:image:type\" content=\"image\/png\" \/>\n<meta name=\"twitter:card\" content=\"summary_large_image\" \/>\n<meta name=\"twitter:label1\" content=\"Est. reading time\" \/>\n\t<meta name=\"twitter:data1\" content=\"1 minute\" \/>\n<script type=\"application\/ld+json\" class=\"yoast-schema-graph\">{\"@context\":\"https:\/\/schema.org\",\"@graph\":[{\"@type\":\"WebPage\",\"@id\":\"https:\/\/www.skamet.ee\/lt\/tooted\/kumuliacinis-bakas\/\",\"url\":\"https:\/\/www.skamet.ee\/lt\/tooted\/kumuliacinis-bakas\/\",\"name\":\"Kumuliacinis bakas - Skamet\",\"isPartOf\":{\"@id\":\"https:\/\/www.skamet.ee\/#website\"},\"primaryImageOfPage\":{\"@id\":\"https:\/\/www.skamet.ee\/lt\/tooted\/kumuliacinis-bakas\/#primaryimage\"},\"image\":{\"@id\":\"https:\/\/www.skamet.ee\/lt\/tooted\/kumuliacinis-bakas\/#primaryimage\"},\"thumbnailUrl\":\"https:\/\/www.skamet.ee\/wp-content\/uploads\/2021\/03\/akupaak_800mm-4_clipped_rev_1-293x300-1.png\",\"datePublished\":\"2021-05-07T07:14:14+00:00\",\"dateModified\":\"2021-05-19T05:33:44+00:00\",\"breadcrumb\":{\"@id\":\"https:\/\/www.skamet.ee\/lt\/tooted\/kumuliacinis-bakas\/#breadcrumb\"},\"inLanguage\":\"lt\",\"potentialAction\":[{\"@type\":\"ReadAction\",\"target\":[\"https:\/\/www.skamet.ee\/lt\/tooted\/kumuliacinis-bakas\/\"]}]},{\"@type\":\"ImageObject\",\"inLanguage\":\"lt\",\"@id\":\"https:\/\/www.skamet.ee\/lt\/tooted\/kumuliacinis-bakas\/#primaryimage\",\"url\":\"https:\/\/www.skamet.ee\/wp-content\/uploads\/2021\/03\/akupaak_800mm-4_clipped_rev_1-293x300-1.png\",\"contentUrl\":\"https:\/\/www.skamet.ee\/wp-content\/uploads\/2021\/03\/akupaak_800mm-4_clipped_rev_1-293x300-1.png\",\"width\":293,\"height\":300,\"caption\":\"akupaak 800mm 4 clipped rev 1 293x300 1\"},{\"@type\":\"BreadcrumbList\",\"@id\":\"https:\/\/www.skamet.ee\/lt\/tooted\/kumuliacinis-bakas\/#breadcrumb\",\"itemListElement\":[{\"@type\":\"ListItem\",\"position\":1,\"name\":\"Home\",\"item\":\"https:\/\/www.skamet.ee\/fi\/\"},{\"@type\":\"ListItem\",\"position\":2,\"name\":\"Produktai\",\"item\":\"https:\/\/www.skamet.ee\/lt\/shop-2\/\"},{\"@type\":\"ListItem\",\"position\":3,\"name\":\"Kumuliacinis bakas\"}]},{\"@type\":\"WebSite\",\"@id\":\"https:\/\/www.skamet.ee\/#website\",\"url\":\"https:\/\/www.skamet.ee\/\",\"name\":\"Skamet O\u00dc\",\"description\":\"Efektiivsed puuk\u00fcttega saunaahjud Eesti tootjalt\",\"publisher\":{\"@id\":\"https:\/\/www.skamet.ee\/#organization\"},\"potentialAction\":[{\"@type\":\"SearchAction\",\"target\":{\"@type\":\"EntryPoint\",\"urlTemplate\":\"https:\/\/www.skamet.ee\/?s={search_term_string}\"},\"query-input\":{\"@type\":\"PropertyValueSpecification\",\"valueRequired\":true,\"valueName\":\"search_term_string\"}}],\"inLanguage\":\"lt\"},{\"@type\":\"Organization\",\"@id\":\"https:\/\/www.skamet.ee\/#organization\",\"name\":\"Skamet\",\"url\":\"https:\/\/www.skamet.ee\/\",\"logo\":{\"@type\":\"ImageObject\",\"inLanguage\":\"lt\",\"@id\":\"https:\/\/www.skamet.ee\/#\/schema\/logo\/image\/\",\"url\":\"https:\/\/www.skamet.ee\/wp-content\/uploads\/2015\/05\/logo-uus.png\",\"contentUrl\":\"https:\/\/www.skamet.ee\/wp-content\/uploads\/2015\/05\/logo-uus.png\",\"width\":300,\"height\":127,\"caption\":\"Skamet\"},\"image\":{\"@id\":\"https:\/\/www.skamet.ee\/#\/schema\/logo\/image\/\"}}]}<\/script>\n<!-- \/ Yoast SEO plugin. -->","yoast_head_json":{"title":"Kumuliacinis bakas - Skamet","robots":{"index":"index","follow":"follow","max-snippet":"max-snippet:-1","max-image-preview":"max-image-preview:large","max-video-preview":"max-video-preview:-1"},"canonical":"https:\/\/www.skamet.ee\/lt\/tooted\/kumuliacinis-bakas\/","og_locale":"lt_LT","og_type":"article","og_title":"Kumuliacinis bakas - Skamet","og_description":"Be boileri\u0173 kar\u0161tam vandeniui mes dar gaminame kumuliacinius bakus pagal kliento br\u0117\u017einius ar eskizus. &nbsp; Papildomos funkcijos: \u00bb\u00a0Skersmuo nuo 50","og_url":"https:\/\/www.skamet.ee\/lt\/tooted\/kumuliacinis-bakas\/","og_site_name":"Skamet","article_modified_time":"2021-05-19T05:33:44+00:00","og_image":[{"width":293,"height":300,"url":"https:\/\/www.skamet.ee\/wp-content\/uploads\/2021\/03\/akupaak_800mm-4_clipped_rev_1-293x300-1.png","type":"image\/png"}],"twitter_card":"summary_large_image","twitter_misc":{"Est. reading time":"1 minute"},"schema":{"@context":"https:\/\/schema.org","@graph":[{"@type":"WebPage","@id":"https:\/\/www.skamet.ee\/lt\/tooted\/kumuliacinis-bakas\/","url":"https:\/\/www.skamet.ee\/lt\/tooted\/kumuliacinis-bakas\/","name":"Kumuliacinis bakas - Skamet","isPartOf":{"@id":"https:\/\/www.skamet.ee\/#website"},"primaryImageOfPage":{"@id":"https:\/\/www.skamet.ee\/lt\/tooted\/kumuliacinis-bakas\/#primaryimage"},"image":{"@id":"https:\/\/www.skamet.ee\/lt\/tooted\/kumuliacinis-bakas\/#primaryimage"},"thumbnailUrl":"https:\/\/www.skamet.ee\/wp-content\/uploads\/2021\/03\/akupaak_800mm-4_clipped_rev_1-293x300-1.png","datePublished":"2021-05-07T07:14:14+00:00","dateModified":"2021-05-19T05:33:44+00:00","breadcrumb":{"@id":"https:\/\/www.skamet.ee\/lt\/tooted\/kumuliacinis-bakas\/#breadcrumb"},"inLanguage":"lt","potentialAction":[{"@type":"ReadAction","target":["https:\/\/www.skamet.ee\/lt\/tooted\/kumuliacinis-bakas\/"]}]},{"@type":"ImageObject","inLanguage":"lt","@id":"https:\/\/www.skamet.ee\/lt\/tooted\/kumuliacinis-bakas\/#primaryimage","url":"https:\/\/www.skamet.ee\/wp-content\/uploads\/2021\/03\/akupaak_800mm-4_clipped_rev_1-293x300-1.png","contentUrl":"https:\/\/www.skamet.ee\/wp-content\/uploads\/2021\/03\/akupaak_800mm-4_clipped_rev_1-293x300-1.png","width":293,"height":300,"caption":"akupaak 800mm 4 clipped rev 1 293x300 1"},{"@type":"BreadcrumbList","@id":"https:\/\/www.skamet.ee\/lt\/tooted\/kumuliacinis-bakas\/#breadcrumb","itemListElement":[{"@type":"ListItem","position":1,"name":"Home","item":"https:\/\/www.skamet.ee\/fi\/"},{"@type":"ListItem","position":2,"name":"Produktai","item":"https:\/\/www.skamet.ee\/lt\/shop-2\/"},{"@type":"ListItem","position":3,"name":"Kumuliacinis bakas"}]},{"@type":"WebSite","@id":"https:\/\/www.skamet.ee\/#website","url":"https:\/\/www.skamet.ee\/","name":"Skamet O\u00dc","description":"Efektiivsed puuk\u00fcttega saunaahjud Eesti tootjalt","publisher":{"@id":"https:\/\/www.skamet.ee\/#organization"},"potentialAction":[{"@type":"SearchAction","target":{"@type":"EntryPoint","urlTemplate":"https:\/\/www.skamet.ee\/?s={search_term_string}"},"query-input":{"@type":"PropertyValueSpecification","valueRequired":true,"valueName":"search_term_string"}}],"inLanguage":"lt"},{"@type":"Organization","@id":"https:\/\/www.skamet.ee\/#organization","name":"Skamet","url":"https:\/\/www.skamet.ee\/","logo":{"@type":"ImageObject","inLanguage":"lt","@id":"https:\/\/www.skamet.ee\/#\/schema\/logo\/image\/","url":"https:\/\/www.skamet.ee\/wp-content\/uploads\/2015\/05\/logo-uus.png","contentUrl":"https:\/\/www.skamet.ee\/wp-content\/uploads\/2015\/05\/logo-uus.png","width":300,"height":127,"caption":"Skamet"},"image":{"@id":"https:\/\/www.skamet.ee\/#\/schema\/logo\/image\/"}}]}},"_links":{"self":[{"href":"https:\/\/www.skamet.ee\/lt\/wp-json\/wp\/v2\/product\/41119","targetHints":{"allow":["GET"]}}],"collection":[{"href":"https:\/\/www.skamet.ee\/lt\/wp-json\/wp\/v2\/product"}],"about":[{"href":"https:\/\/www.skamet.ee\/lt\/wp-json\/wp\/v2\/types\/product"}],"version-history":[{"count":1,"href":"https:\/\/www.skamet.ee\/lt\/wp-json\/wp\/v2\/product\/41119\/revisions"}],"predecessor-version":[{"id":41120,"href":"https:\/\/www.skamet.ee\/lt\/wp-json\/wp\/v2\/product\/41119\/revisions\/41120"}],"wp:featuredmedia":[{"embeddable":true,"href":"https:\/\/www.skamet.ee\/lt\/wp-json\/wp\/v2\/media\/40617"}],"wp:attachment":[{"href":"https:\/\/www.skamet.ee\/lt\/wp-json\/wp\/v2\/media?parent=41119"}],"wp:term":[{"taxonomy":"product_brand","embeddable":true,"href":"https:\/\/www.skamet.ee\/lt\/wp-json\/wp\/v2\/product_brand?post=41119"},{"taxonomy":"product_cat","embeddable":true,"href":"https:\/\/www.skamet.ee\/lt\/wp-json\/wp\/v2\/product_cat?post=41119"},{"taxonomy":"product_tag","embeddable":true,"href":"https:\/\/www.skamet.ee\/lt\/wp-json\/wp\/v2\/product_tag?post=41119"}],"curies":[{"name":"wp","href":"https:\/\/api.w.org\/{rel}","templated":true}]}}