{"id":41968,"date":"2021-03-26T14:58:29","date_gmt":"2021-03-26T12:58:29","guid":{"rendered":"https:\/\/uus.skamet.ee\/tooted\/uncategorized\/krosnele-pirciai-su-uzdaru-baku\/"},"modified":"2026-01-29T08:18:29","modified_gmt":"2026-01-29T06:18:29","slug":"krosnele-pirciai-su-uzdaru-baku","status":"publish","type":"product","link":"https:\/\/www.skamet.ee\/lt\/tooted\/krosnele-pirciai-su-uzdaru-baku\/","title":{"rendered":"Krosnel\u0117 su u\u017edaru vandens baku"},"content":{"rendered":"<p data-start=\"38\" data-end=\"160\">Krosnel\u0117 su tinkliniu korpusu ir u\u017edaru vandens baku skirta ma\u017eai pir\u010diai (6\u201310 m\u00b3).<\/p>\n<ul data-start=\"162\" data-end=\"412\">\n<li data-start=\"162\" data-end=\"195\">\n<p data-start=\"164\" data-end=\"195\">d\u016bmtraukio jungtis i\u0161 vir\u0161aus<\/p>\n<\/li>\n<li data-start=\"196\" data-end=\"277\">\n<p data-start=\"198\" data-end=\"277\">ant krosnel\u0117s \u012frengtas kar\u0161to vandens bakas, per kur\u012f eina d\u016bmtraukio vamzdis<\/p>\n<\/li>\n<li data-start=\"278\" data-end=\"335\">\n<p data-start=\"280\" data-end=\"335\">galima pasirinkti su stiklin\u0117mis durel\u0117mis arba be j\u0173<\/p>\n<\/li>\n<li data-start=\"336\" data-end=\"412\">\n<p data-start=\"338\" data-end=\"412\">vandens bako talpa \u2013 110 litr\u0173 (galima u\u017esakyti ma\u017eesn\u012f arba didesn\u012f bak\u0105)<\/p>\n<\/li>\n<\/ul>\n<p data-start=\"414\" data-end=\"427\"><strong data-start=\"414\" data-end=\"427\">Matmenys:<\/strong><\/p>\n<ul data-start=\"428\" data-end=\"614\">\n<li data-start=\"428\" data-end=\"480\">\n<p data-start=\"430\" data-end=\"480\">pak\u016bros (tinklin\u0117s dalies) matmenys \u2013 62 \u00d7 54 cm<\/p>\n<\/li>\n<li data-start=\"481\" data-end=\"508\">\n<p data-start=\"483\" data-end=\"508\">pak\u016bros auk\u0161tis \u2013 45 cm<\/p>\n<\/li>\n<li data-start=\"509\" data-end=\"542\">\n<p data-start=\"511\" data-end=\"542\">vandens bako skersmuo \u2013 45 cm<\/p>\n<\/li>\n<li data-start=\"543\" data-end=\"585\">\n<p data-start=\"545\" data-end=\"585\">110 litr\u0173 vandens bako auk\u0161tis \u2013 80 cm<\/p>\n<\/li>\n<li data-start=\"586\" data-end=\"614\">\n<p data-start=\"588\" data-end=\"614\">bendras auk\u0161tis \u2013 125 cm<\/p>\n<\/li>\n<\/ul>\n<p data-start=\"616\" data-end=\"641\"><strong data-start=\"616\" data-end=\"641\">Vandens bako jungtys:<\/strong><\/p>\n<ul data-start=\"642\" data-end=\"811\">\n<li data-start=\"642\" data-end=\"760\">\n<p data-start=\"644\" data-end=\"760\">trys 1\/2 colio antgaliai (vienas \u012feinan\u010diam vandeniui, antras i\u0161einan\u010diam vandeniui, tre\u010dias apsauginiam vo\u017etuvui)<\/p>\n<\/li>\n<li data-start=\"761\" data-end=\"811\">\n<p data-start=\"763\" data-end=\"811\">vienas antgalis (su vidiniu sriegiu) termometrui<\/p>\n<\/li>\n<\/ul>\n","protected":false},"excerpt":{"rendered":"<p>Krosnel\u0117 su tinkliniu korpusu ir u\u017edaru vandens baku skirta ma\u017eai pir\u010diai (6\u201310 m\u00b3). d\u016bmtraukio jungtis i\u0161 vir\u0161aus ant krosnel\u0117s \u012frengtas<\/p>\n","protected":false},"featured_media":52237,"template":"","meta":{"_lmt_disableupdate":"","_lmt_disable":""},"product_brand":[],"product_cat":[375],"product_tag":[],"class_list":{"0":"post-41968","1":"product","2":"type-product","3":"status-publish","4":"has-post-thumbnail","6":"product_cat-krosneles-pirtims-pagal-uzsakyma","8":"first","9":"instock","10":"shipping-taxable","11":"product-type-simple"},"yoast_head":"<!-- This site is optimized with the Yoast SEO plugin v27.0 - https:\/\/yoast.com\/product\/yoast-seo-wordpress\/ -->\n<title>Krosnel\u0117 su u\u017edaru vandens baku - Skamet<\/title>\n<meta name=\"description\" content=\"Krosnel\u0117 su u\u017edaru vandens baku\" \/>\n<meta name=\"robots\" content=\"index, follow, max-snippet:-1, max-image-preview:large, max-video-preview:-1\" \/>\n<link rel=\"canonical\" href=\"https:\/\/www.skamet.ee\/lt\/tooted\/krosnele-pirciai-su-uzdaru-baku\/\" \/>\n<meta property=\"og:locale\" content=\"lt_LT\" \/>\n<meta property=\"og:type\" content=\"article\" \/>\n<meta property=\"og:title\" content=\"Krosnel\u0117 su u\u017edaru vandens baku - Skamet\" \/>\n<meta property=\"og:description\" content=\"Krosnel\u0117 su u\u017edaru vandens baku\" \/>\n<meta property=\"og:url\" content=\"https:\/\/www.skamet.ee\/lt\/tooted\/krosnele-pirciai-su-uzdaru-baku\/\" \/>\n<meta property=\"og:site_name\" content=\"Skamet\" \/>\n<meta property=\"article:modified_time\" content=\"2026-01-29T06:18:29+00:00\" \/>\n<meta property=\"og:image\" content=\"https:\/\/www.skamet.ee\/wp-content\/uploads\/2021\/03\/SO-110-RV-paak-scaled.jpg\" \/>\n\t<meta property=\"og:image:width\" content=\"1708\" \/>\n\t<meta property=\"og:image:height\" content=\"2560\" \/>\n\t<meta property=\"og:image:type\" content=\"image\/jpeg\" \/>\n<meta name=\"twitter:card\" content=\"summary_large_image\" \/>\n<meta name=\"twitter:label1\" content=\"Est. reading time\" \/>\n\t<meta name=\"twitter:data1\" content=\"1 minute\" \/>\n<script type=\"application\/ld+json\" class=\"yoast-schema-graph\">{\"@context\":\"https:\/\/schema.org\",\"@graph\":[{\"@type\":\"WebPage\",\"@id\":\"https:\/\/www.skamet.ee\/lt\/tooted\/krosnele-pirciai-su-uzdaru-baku\/\",\"url\":\"https:\/\/www.skamet.ee\/lt\/tooted\/krosnele-pirciai-su-uzdaru-baku\/\",\"name\":\"Krosnel\u0117 su u\u017edaru vandens baku - Skamet\",\"isPartOf\":{\"@id\":\"https:\/\/www.skamet.ee\/#website\"},\"primaryImageOfPage\":{\"@id\":\"https:\/\/www.skamet.ee\/lt\/tooted\/krosnele-pirciai-su-uzdaru-baku\/#primaryimage\"},\"image\":{\"@id\":\"https:\/\/www.skamet.ee\/lt\/tooted\/krosnele-pirciai-su-uzdaru-baku\/#primaryimage\"},\"thumbnailUrl\":\"https:\/\/www.skamet.ee\/wp-content\/uploads\/2021\/03\/SO-110-RV-paak-scaled.jpg\",\"datePublished\":\"2021-03-26T12:58:29+00:00\",\"dateModified\":\"2026-01-29T06:18:29+00:00\",\"description\":\"Krosnel\u0117 su u\u017edaru vandens baku\",\"breadcrumb\":{\"@id\":\"https:\/\/www.skamet.ee\/lt\/tooted\/krosnele-pirciai-su-uzdaru-baku\/#breadcrumb\"},\"inLanguage\":\"lt\",\"potentialAction\":[{\"@type\":\"ReadAction\",\"target\":[\"https:\/\/www.skamet.ee\/lt\/tooted\/krosnele-pirciai-su-uzdaru-baku\/\"]}]},{\"@type\":\"ImageObject\",\"inLanguage\":\"lt\",\"@id\":\"https:\/\/www.skamet.ee\/lt\/tooted\/krosnele-pirciai-su-uzdaru-baku\/#primaryimage\",\"url\":\"https:\/\/www.skamet.ee\/wp-content\/uploads\/2021\/03\/SO-110-RV-paak-scaled.jpg\",\"contentUrl\":\"https:\/\/www.skamet.ee\/wp-content\/uploads\/2021\/03\/SO-110-RV-paak-scaled.jpg\",\"width\":1708,\"height\":2560,\"caption\":\"SO 110 RV paak scaled\"},{\"@type\":\"BreadcrumbList\",\"@id\":\"https:\/\/www.skamet.ee\/lt\/tooted\/krosnele-pirciai-su-uzdaru-baku\/#breadcrumb\",\"itemListElement\":[{\"@type\":\"ListItem\",\"position\":1,\"name\":\"Home\",\"item\":\"https:\/\/www.skamet.ee\/fi\/\"},{\"@type\":\"ListItem\",\"position\":2,\"name\":\"Produktai\",\"item\":\"https:\/\/www.skamet.ee\/lt\/shop-2\/\"},{\"@type\":\"ListItem\",\"position\":3,\"name\":\"Krosnel\u0117 su u\u017edaru vandens baku\"}]},{\"@type\":\"WebSite\",\"@id\":\"https:\/\/www.skamet.ee\/#website\",\"url\":\"https:\/\/www.skamet.ee\/\",\"name\":\"Skamet O\u00dc\",\"description\":\"Efektiivsed puuk\u00fcttega saunaahjud Eesti tootjalt\",\"publisher\":{\"@id\":\"https:\/\/www.skamet.ee\/#organization\"},\"potentialAction\":[{\"@type\":\"SearchAction\",\"target\":{\"@type\":\"EntryPoint\",\"urlTemplate\":\"https:\/\/www.skamet.ee\/?s={search_term_string}\"},\"query-input\":{\"@type\":\"PropertyValueSpecification\",\"valueRequired\":true,\"valueName\":\"search_term_string\"}}],\"inLanguage\":\"lt\"},{\"@type\":\"Organization\",\"@id\":\"https:\/\/www.skamet.ee\/#organization\",\"name\":\"Skamet\",\"url\":\"https:\/\/www.skamet.ee\/\",\"logo\":{\"@type\":\"ImageObject\",\"inLanguage\":\"lt\",\"@id\":\"https:\/\/www.skamet.ee\/#\/schema\/logo\/image\/\",\"url\":\"https:\/\/www.skamet.ee\/wp-content\/uploads\/2015\/05\/logo-uus.png\",\"contentUrl\":\"https:\/\/www.skamet.ee\/wp-content\/uploads\/2015\/05\/logo-uus.png\",\"width\":300,\"height\":127,\"caption\":\"Skamet\"},\"image\":{\"@id\":\"https:\/\/www.skamet.ee\/#\/schema\/logo\/image\/\"}}]}<\/script>\n<!-- \/ Yoast SEO plugin. -->","yoast_head_json":{"title":"Krosnel\u0117 su u\u017edaru vandens baku - Skamet","description":"Krosnel\u0117 su u\u017edaru vandens baku","robots":{"index":"index","follow":"follow","max-snippet":"max-snippet:-1","max-image-preview":"max-image-preview:large","max-video-preview":"max-video-preview:-1"},"canonical":"https:\/\/www.skamet.ee\/lt\/tooted\/krosnele-pirciai-su-uzdaru-baku\/","og_locale":"lt_LT","og_type":"article","og_title":"Krosnel\u0117 su u\u017edaru vandens baku - Skamet","og_description":"Krosnel\u0117 su u\u017edaru vandens baku","og_url":"https:\/\/www.skamet.ee\/lt\/tooted\/krosnele-pirciai-su-uzdaru-baku\/","og_site_name":"Skamet","article_modified_time":"2026-01-29T06:18:29+00:00","og_image":[{"width":1708,"height":2560,"url":"https:\/\/www.skamet.ee\/wp-content\/uploads\/2021\/03\/SO-110-RV-paak-scaled.jpg","type":"image\/jpeg"}],"twitter_card":"summary_large_image","twitter_misc":{"Est. reading time":"1 minute"},"schema":{"@context":"https:\/\/schema.org","@graph":[{"@type":"WebPage","@id":"https:\/\/www.skamet.ee\/lt\/tooted\/krosnele-pirciai-su-uzdaru-baku\/","url":"https:\/\/www.skamet.ee\/lt\/tooted\/krosnele-pirciai-su-uzdaru-baku\/","name":"Krosnel\u0117 su u\u017edaru vandens baku - Skamet","isPartOf":{"@id":"https:\/\/www.skamet.ee\/#website"},"primaryImageOfPage":{"@id":"https:\/\/www.skamet.ee\/lt\/tooted\/krosnele-pirciai-su-uzdaru-baku\/#primaryimage"},"image":{"@id":"https:\/\/www.skamet.ee\/lt\/tooted\/krosnele-pirciai-su-uzdaru-baku\/#primaryimage"},"thumbnailUrl":"https:\/\/www.skamet.ee\/wp-content\/uploads\/2021\/03\/SO-110-RV-paak-scaled.jpg","datePublished":"2021-03-26T12:58:29+00:00","dateModified":"2026-01-29T06:18:29+00:00","description":"Krosnel\u0117 su u\u017edaru vandens baku","breadcrumb":{"@id":"https:\/\/www.skamet.ee\/lt\/tooted\/krosnele-pirciai-su-uzdaru-baku\/#breadcrumb"},"inLanguage":"lt","potentialAction":[{"@type":"ReadAction","target":["https:\/\/www.skamet.ee\/lt\/tooted\/krosnele-pirciai-su-uzdaru-baku\/"]}]},{"@type":"ImageObject","inLanguage":"lt","@id":"https:\/\/www.skamet.ee\/lt\/tooted\/krosnele-pirciai-su-uzdaru-baku\/#primaryimage","url":"https:\/\/www.skamet.ee\/wp-content\/uploads\/2021\/03\/SO-110-RV-paak-scaled.jpg","contentUrl":"https:\/\/www.skamet.ee\/wp-content\/uploads\/2021\/03\/SO-110-RV-paak-scaled.jpg","width":1708,"height":2560,"caption":"SO 110 RV paak scaled"},{"@type":"BreadcrumbList","@id":"https:\/\/www.skamet.ee\/lt\/tooted\/krosnele-pirciai-su-uzdaru-baku\/#breadcrumb","itemListElement":[{"@type":"ListItem","position":1,"name":"Home","item":"https:\/\/www.skamet.ee\/fi\/"},{"@type":"ListItem","position":2,"name":"Produktai","item":"https:\/\/www.skamet.ee\/lt\/shop-2\/"},{"@type":"ListItem","position":3,"name":"Krosnel\u0117 su u\u017edaru vandens baku"}]},{"@type":"WebSite","@id":"https:\/\/www.skamet.ee\/#website","url":"https:\/\/www.skamet.ee\/","name":"Skamet O\u00dc","description":"Efektiivsed puuk\u00fcttega saunaahjud Eesti tootjalt","publisher":{"@id":"https:\/\/www.skamet.ee\/#organization"},"potentialAction":[{"@type":"SearchAction","target":{"@type":"EntryPoint","urlTemplate":"https:\/\/www.skamet.ee\/?s={search_term_string}"},"query-input":{"@type":"PropertyValueSpecification","valueRequired":true,"valueName":"search_term_string"}}],"inLanguage":"lt"},{"@type":"Organization","@id":"https:\/\/www.skamet.ee\/#organization","name":"Skamet","url":"https:\/\/www.skamet.ee\/","logo":{"@type":"ImageObject","inLanguage":"lt","@id":"https:\/\/www.skamet.ee\/#\/schema\/logo\/image\/","url":"https:\/\/www.skamet.ee\/wp-content\/uploads\/2015\/05\/logo-uus.png","contentUrl":"https:\/\/www.skamet.ee\/wp-content\/uploads\/2015\/05\/logo-uus.png","width":300,"height":127,"caption":"Skamet"},"image":{"@id":"https:\/\/www.skamet.ee\/#\/schema\/logo\/image\/"}}]}},"_links":{"self":[{"href":"https:\/\/www.skamet.ee\/lt\/wp-json\/wp\/v2\/product\/41968","targetHints":{"allow":["GET"]}}],"collection":[{"href":"https:\/\/www.skamet.ee\/lt\/wp-json\/wp\/v2\/product"}],"about":[{"href":"https:\/\/www.skamet.ee\/lt\/wp-json\/wp\/v2\/types\/product"}],"version-history":[{"count":2,"href":"https:\/\/www.skamet.ee\/lt\/wp-json\/wp\/v2\/product\/41968\/revisions"}],"predecessor-version":[{"id":54558,"href":"https:\/\/www.skamet.ee\/lt\/wp-json\/wp\/v2\/product\/41968\/revisions\/54558"}],"wp:featuredmedia":[{"embeddable":true,"href":"https:\/\/www.skamet.ee\/lt\/wp-json\/wp\/v2\/media\/52237"}],"wp:attachment":[{"href":"https:\/\/www.skamet.ee\/lt\/wp-json\/wp\/v2\/media?parent=41968"}],"wp:term":[{"taxonomy":"product_brand","embeddable":true,"href":"https:\/\/www.skamet.ee\/lt\/wp-json\/wp\/v2\/product_brand?post=41968"},{"taxonomy":"product_cat","embeddable":true,"href":"https:\/\/www.skamet.ee\/lt\/wp-json\/wp\/v2\/product_cat?post=41968"},{"taxonomy":"product_tag","embeddable":true,"href":"https:\/\/www.skamet.ee\/lt\/wp-json\/wp\/v2\/product_tag?post=41968"}],"curies":[{"name":"wp","href":"https:\/\/api.w.org\/{rel}","templated":true}]}}