{"id":41973,"date":"2021-03-26T14:57:29","date_gmt":"2021-03-26T12:57:29","guid":{"rendered":"https:\/\/uus.skamet.ee\/tooted\/uncategorized\/krosnis-virykle\/"},"modified":"2026-01-29T08:17:26","modified_gmt":"2026-01-29T06:17:26","slug":"krosnis-virykle","status":"publish","type":"product","link":"https:\/\/www.skamet.ee\/lt\/tooted\/krosnis-virykle\/","title":{"rendered":"Virykli\u0173\u2013krosneli\u0173"},"content":{"rendered":"<p data-start=\"38\" data-end=\"196\"><strong data-start=\"38\" data-end=\"60\">Virykli\u0173\u2013krosneli\u0173<\/strong> sprendimai idealiai tinka maisto gaminimui ir patalp\u0173 \u0161ildymui vasarnamiuose bei kaimo namuose, kuri\u0173 \u0161ildomas t\u016bris yra <strong data-start=\"182\" data-end=\"195\">20\u2013150 m\u00b3<\/strong>.<\/p>\n<p data-start=\"198\" data-end=\"491\">Virykli\u0173\u2013krosneli\u0173 oro \u0161ildymo principas yra pana\u0161us \u012f m\u016bs\u0173 metalinio korpuso pirties krosneles \u2013 tarp pak\u016bros ir korpuso yra <strong data-start=\"324\" data-end=\"339\">5 cm tarpas<\/strong>, per kur\u012f i\u0161 apa\u010dios \u012ftraukiamas \u0161altas oras ir nukreipiamas \u012f vir\u0161\u0173. Tai leid\u017eia greitai ir efektyviai \u012fkaitinti or\u0105, kuris savo ruo\u017etu \u0161ildo patalp\u0105.<\/p>\n<ul data-start=\"493\" data-end=\"798\">\n<li data-start=\"493\" data-end=\"537\">\n<p data-start=\"495\" data-end=\"537\">i\u0161oriniai matmenys \u2013 <strong data-start=\"516\" data-end=\"535\">86 \u00d7 48 \u00d7 53 cm<\/strong><\/p>\n<\/li>\n<li data-start=\"538\" data-end=\"579\">\n<p data-start=\"540\" data-end=\"579\">d\u016bmtraukio jungtis galin\u0117je sienel\u0117je<\/p>\n<\/li>\n<li data-start=\"580\" data-end=\"653\">\n<p data-start=\"582\" data-end=\"653\">galimyb\u0117 prijungti kar\u0161to vandens bak\u0105 (kair\u0117je arba de\u0161in\u0117je pus\u0117je)<\/p>\n<\/li>\n<li data-start=\"654\" data-end=\"733\">\n<p data-start=\"656\" data-end=\"733\">virykl\u0117s vir\u0161uje \u2013 <strong data-start=\"675\" data-end=\"693\">ketaus plok\u0161t\u0117<\/strong>, skirta \u012fvairiems patiekalams gaminti<\/p>\n<\/li>\n<li data-start=\"734\" data-end=\"798\">\n<p data-start=\"736\" data-end=\"798\">apatin\u0117je dalyje \u2013 <strong data-start=\"755\" data-end=\"778\">malk\u0173 laikymo vieta<\/strong> (35 \u00d7 39 \u00d7 47,5 cm)<\/p>\n<\/li>\n<\/ul>\n<p data-start=\"800\" data-end=\"857\">Krosneli\u0173 gamyboje laikomasi <strong data-start=\"829\" data-end=\"846\">EN 13240:2007<\/strong> standarto.<\/p>\n","protected":false},"excerpt":{"rendered":"<p>Virykli\u0173\u2013krosneli\u0173 sprendimai idealiai tinka maisto gaminimui ir patalp\u0173 \u0161ildymui vasarnamiuose bei kaimo namuose, kuri\u0173 \u0161ildomas t\u016bris yra 20\u2013150 m\u00b3. Virykli\u0173\u2013krosneli\u0173<\/p>\n","protected":false},"featured_media":47069,"template":"","meta":{"_lmt_disableupdate":"","_lmt_disable":""},"product_brand":[],"product_cat":[375],"product_tag":[],"class_list":{"0":"post-41973","1":"product","2":"type-product","3":"status-publish","4":"has-post-thumbnail","6":"product_cat-krosneles-pirtims-pagal-uzsakyma","8":"first","9":"instock","10":"shipping-taxable","11":"product-type-simple"},"yoast_head":"<!-- This site is optimized with the Yoast SEO plugin v27.0 - https:\/\/yoast.com\/product\/yoast-seo-wordpress\/ -->\n<title>Virykli\u0173\u2013krosneli\u0173 - Skamet<\/title>\n<meta name=\"description\" content=\"Virykli\u0173\u2013krosneli\u0173\" \/>\n<meta name=\"robots\" content=\"index, follow, max-snippet:-1, max-image-preview:large, max-video-preview:-1\" \/>\n<link rel=\"canonical\" href=\"https:\/\/www.skamet.ee\/lt\/tooted\/krosnis-virykle\/\" \/>\n<meta property=\"og:locale\" content=\"lt_LT\" \/>\n<meta property=\"og:type\" content=\"article\" \/>\n<meta property=\"og:title\" content=\"Virykli\u0173\u2013krosneli\u0173 - Skamet\" \/>\n<meta property=\"og:description\" content=\"Virykli\u0173\u2013krosneli\u0173\" \/>\n<meta property=\"og:url\" content=\"https:\/\/www.skamet.ee\/lt\/tooted\/krosnis-virykle\/\" \/>\n<meta property=\"og:site_name\" content=\"Skamet\" \/>\n<meta property=\"article:modified_time\" content=\"2026-01-29T06:17:26+00:00\" \/>\n<meta property=\"og:image\" content=\"https:\/\/www.skamet.ee\/wp-content\/uploads\/2021\/03\/C-120-scaled.jpg\" \/>\n\t<meta property=\"og:image:width\" content=\"1708\" \/>\n\t<meta property=\"og:image:height\" content=\"2560\" \/>\n\t<meta property=\"og:image:type\" content=\"image\/jpeg\" \/>\n<meta name=\"twitter:card\" content=\"summary_large_image\" \/>\n<meta name=\"twitter:label1\" content=\"Est. reading time\" \/>\n\t<meta name=\"twitter:data1\" content=\"1 minute\" \/>\n<script type=\"application\/ld+json\" class=\"yoast-schema-graph\">{\"@context\":\"https:\/\/schema.org\",\"@graph\":[{\"@type\":\"WebPage\",\"@id\":\"https:\/\/www.skamet.ee\/lt\/tooted\/krosnis-virykle\/\",\"url\":\"https:\/\/www.skamet.ee\/lt\/tooted\/krosnis-virykle\/\",\"name\":\"Virykli\u0173\u2013krosneli\u0173 - Skamet\",\"isPartOf\":{\"@id\":\"https:\/\/www.skamet.ee\/#website\"},\"primaryImageOfPage\":{\"@id\":\"https:\/\/www.skamet.ee\/lt\/tooted\/krosnis-virykle\/#primaryimage\"},\"image\":{\"@id\":\"https:\/\/www.skamet.ee\/lt\/tooted\/krosnis-virykle\/#primaryimage\"},\"thumbnailUrl\":\"https:\/\/www.skamet.ee\/wp-content\/uploads\/2021\/03\/C-120-scaled.jpg\",\"datePublished\":\"2021-03-26T12:57:29+00:00\",\"dateModified\":\"2026-01-29T06:17:26+00:00\",\"description\":\"Virykli\u0173\u2013krosneli\u0173\",\"breadcrumb\":{\"@id\":\"https:\/\/www.skamet.ee\/lt\/tooted\/krosnis-virykle\/#breadcrumb\"},\"inLanguage\":\"lt\",\"potentialAction\":[{\"@type\":\"ReadAction\",\"target\":[\"https:\/\/www.skamet.ee\/lt\/tooted\/krosnis-virykle\/\"]}]},{\"@type\":\"ImageObject\",\"inLanguage\":\"lt\",\"@id\":\"https:\/\/www.skamet.ee\/lt\/tooted\/krosnis-virykle\/#primaryimage\",\"url\":\"https:\/\/www.skamet.ee\/wp-content\/uploads\/2021\/03\/C-120-scaled.jpg\",\"contentUrl\":\"https:\/\/www.skamet.ee\/wp-content\/uploads\/2021\/03\/C-120-scaled.jpg\",\"width\":1708,\"height\":2560,\"caption\":\"C 120 scaled\"},{\"@type\":\"BreadcrumbList\",\"@id\":\"https:\/\/www.skamet.ee\/lt\/tooted\/krosnis-virykle\/#breadcrumb\",\"itemListElement\":[{\"@type\":\"ListItem\",\"position\":1,\"name\":\"Home\",\"item\":\"https:\/\/www.skamet.ee\/fi\/\"},{\"@type\":\"ListItem\",\"position\":2,\"name\":\"Produktai\",\"item\":\"https:\/\/www.skamet.ee\/lt\/shop-2\/\"},{\"@type\":\"ListItem\",\"position\":3,\"name\":\"Virykli\u0173\u2013krosneli\u0173\"}]},{\"@type\":\"WebSite\",\"@id\":\"https:\/\/www.skamet.ee\/#website\",\"url\":\"https:\/\/www.skamet.ee\/\",\"name\":\"Skamet O\u00dc\",\"description\":\"Efektiivsed puuk\u00fcttega saunaahjud Eesti tootjalt\",\"publisher\":{\"@id\":\"https:\/\/www.skamet.ee\/#organization\"},\"potentialAction\":[{\"@type\":\"SearchAction\",\"target\":{\"@type\":\"EntryPoint\",\"urlTemplate\":\"https:\/\/www.skamet.ee\/?s={search_term_string}\"},\"query-input\":{\"@type\":\"PropertyValueSpecification\",\"valueRequired\":true,\"valueName\":\"search_term_string\"}}],\"inLanguage\":\"lt\"},{\"@type\":\"Organization\",\"@id\":\"https:\/\/www.skamet.ee\/#organization\",\"name\":\"Skamet\",\"url\":\"https:\/\/www.skamet.ee\/\",\"logo\":{\"@type\":\"ImageObject\",\"inLanguage\":\"lt\",\"@id\":\"https:\/\/www.skamet.ee\/#\/schema\/logo\/image\/\",\"url\":\"https:\/\/www.skamet.ee\/wp-content\/uploads\/2015\/05\/logo-uus.png\",\"contentUrl\":\"https:\/\/www.skamet.ee\/wp-content\/uploads\/2015\/05\/logo-uus.png\",\"width\":300,\"height\":127,\"caption\":\"Skamet\"},\"image\":{\"@id\":\"https:\/\/www.skamet.ee\/#\/schema\/logo\/image\/\"}}]}<\/script>\n<!-- \/ Yoast SEO plugin. -->","yoast_head_json":{"title":"Virykli\u0173\u2013krosneli\u0173 - Skamet","description":"Virykli\u0173\u2013krosneli\u0173","robots":{"index":"index","follow":"follow","max-snippet":"max-snippet:-1","max-image-preview":"max-image-preview:large","max-video-preview":"max-video-preview:-1"},"canonical":"https:\/\/www.skamet.ee\/lt\/tooted\/krosnis-virykle\/","og_locale":"lt_LT","og_type":"article","og_title":"Virykli\u0173\u2013krosneli\u0173 - Skamet","og_description":"Virykli\u0173\u2013krosneli\u0173","og_url":"https:\/\/www.skamet.ee\/lt\/tooted\/krosnis-virykle\/","og_site_name":"Skamet","article_modified_time":"2026-01-29T06:17:26+00:00","og_image":[{"width":1708,"height":2560,"url":"https:\/\/www.skamet.ee\/wp-content\/uploads\/2021\/03\/C-120-scaled.jpg","type":"image\/jpeg"}],"twitter_card":"summary_large_image","twitter_misc":{"Est. reading time":"1 minute"},"schema":{"@context":"https:\/\/schema.org","@graph":[{"@type":"WebPage","@id":"https:\/\/www.skamet.ee\/lt\/tooted\/krosnis-virykle\/","url":"https:\/\/www.skamet.ee\/lt\/tooted\/krosnis-virykle\/","name":"Virykli\u0173\u2013krosneli\u0173 - Skamet","isPartOf":{"@id":"https:\/\/www.skamet.ee\/#website"},"primaryImageOfPage":{"@id":"https:\/\/www.skamet.ee\/lt\/tooted\/krosnis-virykle\/#primaryimage"},"image":{"@id":"https:\/\/www.skamet.ee\/lt\/tooted\/krosnis-virykle\/#primaryimage"},"thumbnailUrl":"https:\/\/www.skamet.ee\/wp-content\/uploads\/2021\/03\/C-120-scaled.jpg","datePublished":"2021-03-26T12:57:29+00:00","dateModified":"2026-01-29T06:17:26+00:00","description":"Virykli\u0173\u2013krosneli\u0173","breadcrumb":{"@id":"https:\/\/www.skamet.ee\/lt\/tooted\/krosnis-virykle\/#breadcrumb"},"inLanguage":"lt","potentialAction":[{"@type":"ReadAction","target":["https:\/\/www.skamet.ee\/lt\/tooted\/krosnis-virykle\/"]}]},{"@type":"ImageObject","inLanguage":"lt","@id":"https:\/\/www.skamet.ee\/lt\/tooted\/krosnis-virykle\/#primaryimage","url":"https:\/\/www.skamet.ee\/wp-content\/uploads\/2021\/03\/C-120-scaled.jpg","contentUrl":"https:\/\/www.skamet.ee\/wp-content\/uploads\/2021\/03\/C-120-scaled.jpg","width":1708,"height":2560,"caption":"C 120 scaled"},{"@type":"BreadcrumbList","@id":"https:\/\/www.skamet.ee\/lt\/tooted\/krosnis-virykle\/#breadcrumb","itemListElement":[{"@type":"ListItem","position":1,"name":"Home","item":"https:\/\/www.skamet.ee\/fi\/"},{"@type":"ListItem","position":2,"name":"Produktai","item":"https:\/\/www.skamet.ee\/lt\/shop-2\/"},{"@type":"ListItem","position":3,"name":"Virykli\u0173\u2013krosneli\u0173"}]},{"@type":"WebSite","@id":"https:\/\/www.skamet.ee\/#website","url":"https:\/\/www.skamet.ee\/","name":"Skamet O\u00dc","description":"Efektiivsed puuk\u00fcttega saunaahjud Eesti tootjalt","publisher":{"@id":"https:\/\/www.skamet.ee\/#organization"},"potentialAction":[{"@type":"SearchAction","target":{"@type":"EntryPoint","urlTemplate":"https:\/\/www.skamet.ee\/?s={search_term_string}"},"query-input":{"@type":"PropertyValueSpecification","valueRequired":true,"valueName":"search_term_string"}}],"inLanguage":"lt"},{"@type":"Organization","@id":"https:\/\/www.skamet.ee\/#organization","name":"Skamet","url":"https:\/\/www.skamet.ee\/","logo":{"@type":"ImageObject","inLanguage":"lt","@id":"https:\/\/www.skamet.ee\/#\/schema\/logo\/image\/","url":"https:\/\/www.skamet.ee\/wp-content\/uploads\/2015\/05\/logo-uus.png","contentUrl":"https:\/\/www.skamet.ee\/wp-content\/uploads\/2015\/05\/logo-uus.png","width":300,"height":127,"caption":"Skamet"},"image":{"@id":"https:\/\/www.skamet.ee\/#\/schema\/logo\/image\/"}}]}},"_links":{"self":[{"href":"https:\/\/www.skamet.ee\/lt\/wp-json\/wp\/v2\/product\/41973","targetHints":{"allow":["GET"]}}],"collection":[{"href":"https:\/\/www.skamet.ee\/lt\/wp-json\/wp\/v2\/product"}],"about":[{"href":"https:\/\/www.skamet.ee\/lt\/wp-json\/wp\/v2\/types\/product"}],"version-history":[{"count":2,"href":"https:\/\/www.skamet.ee\/lt\/wp-json\/wp\/v2\/product\/41973\/revisions"}],"predecessor-version":[{"id":54559,"href":"https:\/\/www.skamet.ee\/lt\/wp-json\/wp\/v2\/product\/41973\/revisions\/54559"}],"wp:featuredmedia":[{"embeddable":true,"href":"https:\/\/www.skamet.ee\/lt\/wp-json\/wp\/v2\/media\/47069"}],"wp:attachment":[{"href":"https:\/\/www.skamet.ee\/lt\/wp-json\/wp\/v2\/media?parent=41973"}],"wp:term":[{"taxonomy":"product_brand","embeddable":true,"href":"https:\/\/www.skamet.ee\/lt\/wp-json\/wp\/v2\/product_brand?post=41973"},{"taxonomy":"product_cat","embeddable":true,"href":"https:\/\/www.skamet.ee\/lt\/wp-json\/wp\/v2\/product_cat?post=41973"},{"taxonomy":"product_tag","embeddable":true,"href":"https:\/\/www.skamet.ee\/lt\/wp-json\/wp\/v2\/product_tag?post=41973"}],"curies":[{"name":"wp","href":"https:\/\/api.w.org\/{rel}","templated":true}]}}