{"id":41977,"date":"2021-03-26T14:30:23","date_gmt":"2021-03-26T12:30:23","guid":{"rendered":"https:\/\/uus.skamet.ee\/tooted\/uncategorized\/dumu-perejimas\/"},"modified":"2026-01-28T09:02:04","modified_gmt":"2026-01-28T07:02:04","slug":"dumu-perejimas","status":"publish","type":"product","link":"https:\/\/www.skamet.ee\/lt\/tooted\/dumu-perejimas\/","title":{"rendered":"D\u016bmtraukio vamzd\u017eio per\u0117jimas"},"content":{"rendered":"<p data-start=\"15\" data-end=\"231\">D\u016bmtraukio vamzd\u017eio per\u0117jimai skirti sujungti arba prat\u0119sti skirting\u0173 skersmen\u0173 d\u016bmtraukio vamzd\u017eius. Per\u0117jimuose pirmasis matmuo nurodo i\u0161orin\u012f skersmen\u012f, antrasis \u2013 vidin\u012f. Pvz.: 115 (i\u0161orinis) \u2192 150 (vidinis).<\/p>\n<p data-start=\"233\" data-end=\"269\"><strong data-start=\"233\" data-end=\"269\">Standartinio gaminio parametrai:<\/strong><\/p>\n<ul data-start=\"270\" data-end=\"375\">\n<li data-start=\"270\" data-end=\"304\">\n<p data-start=\"272\" data-end=\"304\">skersmuo nuo 103 mm iki 200 mm<\/p>\n<\/li>\n<li data-start=\"305\" data-end=\"334\">\n<p data-start=\"307\" data-end=\"334\">med\u017eiaga \u2013 juodas metalas<\/p>\n<\/li>\n<li data-start=\"335\" data-end=\"354\">\n<p data-start=\"337\" data-end=\"354\">storis \u2013 1,2 mm<\/p>\n<\/li>\n<li data-start=\"355\" data-end=\"375\">\n<p data-start=\"357\" data-end=\"375\">auk\u0161tis \u2013 200 mm<\/p>\n<\/li>\n<\/ul>\n","protected":false},"excerpt":{"rendered":"<p>D\u016bmtraukio vamzd\u017eio per\u0117jimai skirti sujungti arba prat\u0119sti skirting\u0173 skersmen\u0173 d\u016bmtraukio vamzd\u017eius. Per\u0117jimuose pirmasis matmuo nurodo i\u0161orin\u012f skersmen\u012f, antrasis \u2013 vidin\u012f.<\/p>\n","protected":false},"featured_media":47042,"template":"","meta":{"_lmt_disableupdate":"","_lmt_disable":""},"product_brand":[],"product_cat":[364,1086],"product_tag":[],"class_list":{"0":"post-41977","1":"product","2":"type-product","3":"status-publish","4":"has-post-thumbnail","6":"product_cat-dumtraukiai","7":"product_cat-papildomi-priedai-pirties-krosnims","9":"first","10":"instock","11":"shipping-taxable","12":"product-type-simple"},"yoast_head":"<!-- This site is optimized with the Yoast SEO plugin v27.0 - https:\/\/yoast.com\/product\/yoast-seo-wordpress\/ -->\n<title>D\u016bmtraukio vamzd\u017eio per\u0117jimas - Skamet<\/title>\n<meta name=\"robots\" content=\"index, follow, max-snippet:-1, max-image-preview:large, max-video-preview:-1\" \/>\n<link rel=\"canonical\" href=\"https:\/\/www.skamet.ee\/lt\/tooted\/dumu-perejimas\/\" \/>\n<meta property=\"og:locale\" content=\"lt_LT\" \/>\n<meta property=\"og:type\" content=\"article\" \/>\n<meta property=\"og:title\" content=\"D\u016bmtraukio vamzd\u017eio per\u0117jimas - Skamet\" \/>\n<meta property=\"og:description\" content=\"D\u016bmtraukio vamzd\u017eio per\u0117jimai skirti sujungti arba prat\u0119sti skirting\u0173 skersmen\u0173 d\u016bmtraukio vamzd\u017eius. Per\u0117jimuose pirmasis matmuo nurodo i\u0161orin\u012f skersmen\u012f, antrasis \u2013 vidin\u012f.\" \/>\n<meta property=\"og:url\" content=\"https:\/\/www.skamet.ee\/lt\/tooted\/dumu-perejimas\/\" \/>\n<meta property=\"og:site_name\" content=\"Skamet\" \/>\n<meta property=\"article:modified_time\" content=\"2026-01-28T07:02:04+00:00\" \/>\n<meta property=\"og:image\" content=\"https:\/\/www.skamet.ee\/wp-content\/uploads\/2021\/03\/uleminek-scaled.jpg\" \/>\n\t<meta property=\"og:image:width\" content=\"1708\" \/>\n\t<meta property=\"og:image:height\" content=\"2560\" \/>\n\t<meta property=\"og:image:type\" content=\"image\/jpeg\" \/>\n<meta name=\"twitter:card\" content=\"summary_large_image\" \/>\n<script type=\"application\/ld+json\" class=\"yoast-schema-graph\">{\"@context\":\"https:\/\/schema.org\",\"@graph\":[{\"@type\":\"WebPage\",\"@id\":\"https:\/\/www.skamet.ee\/lt\/tooted\/dumu-perejimas\/\",\"url\":\"https:\/\/www.skamet.ee\/lt\/tooted\/dumu-perejimas\/\",\"name\":\"D\u016bmtraukio vamzd\u017eio per\u0117jimas - Skamet\",\"isPartOf\":{\"@id\":\"https:\/\/www.skamet.ee\/#website\"},\"primaryImageOfPage\":{\"@id\":\"https:\/\/www.skamet.ee\/lt\/tooted\/dumu-perejimas\/#primaryimage\"},\"image\":{\"@id\":\"https:\/\/www.skamet.ee\/lt\/tooted\/dumu-perejimas\/#primaryimage\"},\"thumbnailUrl\":\"https:\/\/www.skamet.ee\/wp-content\/uploads\/2021\/03\/uleminek-scaled.jpg\",\"datePublished\":\"2021-03-26T12:30:23+00:00\",\"dateModified\":\"2026-01-28T07:02:04+00:00\",\"breadcrumb\":{\"@id\":\"https:\/\/www.skamet.ee\/lt\/tooted\/dumu-perejimas\/#breadcrumb\"},\"inLanguage\":\"lt\",\"potentialAction\":[{\"@type\":\"ReadAction\",\"target\":[\"https:\/\/www.skamet.ee\/lt\/tooted\/dumu-perejimas\/\"]}]},{\"@type\":\"ImageObject\",\"inLanguage\":\"lt\",\"@id\":\"https:\/\/www.skamet.ee\/lt\/tooted\/dumu-perejimas\/#primaryimage\",\"url\":\"https:\/\/www.skamet.ee\/wp-content\/uploads\/2021\/03\/uleminek-scaled.jpg\",\"contentUrl\":\"https:\/\/www.skamet.ee\/wp-content\/uploads\/2021\/03\/uleminek-scaled.jpg\",\"width\":1708,\"height\":2560,\"caption\":\"uleminek scaled\"},{\"@type\":\"BreadcrumbList\",\"@id\":\"https:\/\/www.skamet.ee\/lt\/tooted\/dumu-perejimas\/#breadcrumb\",\"itemListElement\":[{\"@type\":\"ListItem\",\"position\":1,\"name\":\"Home\",\"item\":\"https:\/\/www.skamet.ee\/fi\/\"},{\"@type\":\"ListItem\",\"position\":2,\"name\":\"Produktai\",\"item\":\"https:\/\/www.skamet.ee\/lt\/shop-2\/\"},{\"@type\":\"ListItem\",\"position\":3,\"name\":\"D\u016bmtraukio vamzd\u017eio per\u0117jimas\"}]},{\"@type\":\"WebSite\",\"@id\":\"https:\/\/www.skamet.ee\/#website\",\"url\":\"https:\/\/www.skamet.ee\/\",\"name\":\"Skamet O\u00dc\",\"description\":\"Efektiivsed puuk\u00fcttega saunaahjud Eesti tootjalt\",\"publisher\":{\"@id\":\"https:\/\/www.skamet.ee\/#organization\"},\"potentialAction\":[{\"@type\":\"SearchAction\",\"target\":{\"@type\":\"EntryPoint\",\"urlTemplate\":\"https:\/\/www.skamet.ee\/?s={search_term_string}\"},\"query-input\":{\"@type\":\"PropertyValueSpecification\",\"valueRequired\":true,\"valueName\":\"search_term_string\"}}],\"inLanguage\":\"lt\"},{\"@type\":\"Organization\",\"@id\":\"https:\/\/www.skamet.ee\/#organization\",\"name\":\"Skamet\",\"url\":\"https:\/\/www.skamet.ee\/\",\"logo\":{\"@type\":\"ImageObject\",\"inLanguage\":\"lt\",\"@id\":\"https:\/\/www.skamet.ee\/#\/schema\/logo\/image\/\",\"url\":\"https:\/\/www.skamet.ee\/wp-content\/uploads\/2015\/05\/logo-uus.png\",\"contentUrl\":\"https:\/\/www.skamet.ee\/wp-content\/uploads\/2015\/05\/logo-uus.png\",\"width\":300,\"height\":127,\"caption\":\"Skamet\"},\"image\":{\"@id\":\"https:\/\/www.skamet.ee\/#\/schema\/logo\/image\/\"}}]}<\/script>\n<!-- \/ Yoast SEO plugin. -->","yoast_head_json":{"title":"D\u016bmtraukio vamzd\u017eio per\u0117jimas - Skamet","robots":{"index":"index","follow":"follow","max-snippet":"max-snippet:-1","max-image-preview":"max-image-preview:large","max-video-preview":"max-video-preview:-1"},"canonical":"https:\/\/www.skamet.ee\/lt\/tooted\/dumu-perejimas\/","og_locale":"lt_LT","og_type":"article","og_title":"D\u016bmtraukio vamzd\u017eio per\u0117jimas - Skamet","og_description":"D\u016bmtraukio vamzd\u017eio per\u0117jimai skirti sujungti arba prat\u0119sti skirting\u0173 skersmen\u0173 d\u016bmtraukio vamzd\u017eius. Per\u0117jimuose pirmasis matmuo nurodo i\u0161orin\u012f skersmen\u012f, antrasis \u2013 vidin\u012f.","og_url":"https:\/\/www.skamet.ee\/lt\/tooted\/dumu-perejimas\/","og_site_name":"Skamet","article_modified_time":"2026-01-28T07:02:04+00:00","og_image":[{"width":1708,"height":2560,"url":"https:\/\/www.skamet.ee\/wp-content\/uploads\/2021\/03\/uleminek-scaled.jpg","type":"image\/jpeg"}],"twitter_card":"summary_large_image","schema":{"@context":"https:\/\/schema.org","@graph":[{"@type":"WebPage","@id":"https:\/\/www.skamet.ee\/lt\/tooted\/dumu-perejimas\/","url":"https:\/\/www.skamet.ee\/lt\/tooted\/dumu-perejimas\/","name":"D\u016bmtraukio vamzd\u017eio per\u0117jimas - Skamet","isPartOf":{"@id":"https:\/\/www.skamet.ee\/#website"},"primaryImageOfPage":{"@id":"https:\/\/www.skamet.ee\/lt\/tooted\/dumu-perejimas\/#primaryimage"},"image":{"@id":"https:\/\/www.skamet.ee\/lt\/tooted\/dumu-perejimas\/#primaryimage"},"thumbnailUrl":"https:\/\/www.skamet.ee\/wp-content\/uploads\/2021\/03\/uleminek-scaled.jpg","datePublished":"2021-03-26T12:30:23+00:00","dateModified":"2026-01-28T07:02:04+00:00","breadcrumb":{"@id":"https:\/\/www.skamet.ee\/lt\/tooted\/dumu-perejimas\/#breadcrumb"},"inLanguage":"lt","potentialAction":[{"@type":"ReadAction","target":["https:\/\/www.skamet.ee\/lt\/tooted\/dumu-perejimas\/"]}]},{"@type":"ImageObject","inLanguage":"lt","@id":"https:\/\/www.skamet.ee\/lt\/tooted\/dumu-perejimas\/#primaryimage","url":"https:\/\/www.skamet.ee\/wp-content\/uploads\/2021\/03\/uleminek-scaled.jpg","contentUrl":"https:\/\/www.skamet.ee\/wp-content\/uploads\/2021\/03\/uleminek-scaled.jpg","width":1708,"height":2560,"caption":"uleminek scaled"},{"@type":"BreadcrumbList","@id":"https:\/\/www.skamet.ee\/lt\/tooted\/dumu-perejimas\/#breadcrumb","itemListElement":[{"@type":"ListItem","position":1,"name":"Home","item":"https:\/\/www.skamet.ee\/fi\/"},{"@type":"ListItem","position":2,"name":"Produktai","item":"https:\/\/www.skamet.ee\/lt\/shop-2\/"},{"@type":"ListItem","position":3,"name":"D\u016bmtraukio vamzd\u017eio per\u0117jimas"}]},{"@type":"WebSite","@id":"https:\/\/www.skamet.ee\/#website","url":"https:\/\/www.skamet.ee\/","name":"Skamet O\u00dc","description":"Efektiivsed puuk\u00fcttega saunaahjud Eesti tootjalt","publisher":{"@id":"https:\/\/www.skamet.ee\/#organization"},"potentialAction":[{"@type":"SearchAction","target":{"@type":"EntryPoint","urlTemplate":"https:\/\/www.skamet.ee\/?s={search_term_string}"},"query-input":{"@type":"PropertyValueSpecification","valueRequired":true,"valueName":"search_term_string"}}],"inLanguage":"lt"},{"@type":"Organization","@id":"https:\/\/www.skamet.ee\/#organization","name":"Skamet","url":"https:\/\/www.skamet.ee\/","logo":{"@type":"ImageObject","inLanguage":"lt","@id":"https:\/\/www.skamet.ee\/#\/schema\/logo\/image\/","url":"https:\/\/www.skamet.ee\/wp-content\/uploads\/2015\/05\/logo-uus.png","contentUrl":"https:\/\/www.skamet.ee\/wp-content\/uploads\/2015\/05\/logo-uus.png","width":300,"height":127,"caption":"Skamet"},"image":{"@id":"https:\/\/www.skamet.ee\/#\/schema\/logo\/image\/"}}]}},"_links":{"self":[{"href":"https:\/\/www.skamet.ee\/lt\/wp-json\/wp\/v2\/product\/41977","targetHints":{"allow":["GET"]}}],"collection":[{"href":"https:\/\/www.skamet.ee\/lt\/wp-json\/wp\/v2\/product"}],"about":[{"href":"https:\/\/www.skamet.ee\/lt\/wp-json\/wp\/v2\/types\/product"}],"version-history":[{"count":2,"href":"https:\/\/www.skamet.ee\/lt\/wp-json\/wp\/v2\/product\/41977\/revisions"}],"predecessor-version":[{"id":54418,"href":"https:\/\/www.skamet.ee\/lt\/wp-json\/wp\/v2\/product\/41977\/revisions\/54418"}],"wp:featuredmedia":[{"embeddable":true,"href":"https:\/\/www.skamet.ee\/lt\/wp-json\/wp\/v2\/media\/47042"}],"wp:attachment":[{"href":"https:\/\/www.skamet.ee\/lt\/wp-json\/wp\/v2\/media?parent=41977"}],"wp:term":[{"taxonomy":"product_brand","embeddable":true,"href":"https:\/\/www.skamet.ee\/lt\/wp-json\/wp\/v2\/product_brand?post=41977"},{"taxonomy":"product_cat","embeddable":true,"href":"https:\/\/www.skamet.ee\/lt\/wp-json\/wp\/v2\/product_cat?post=41977"},{"taxonomy":"product_tag","embeddable":true,"href":"https:\/\/www.skamet.ee\/lt\/wp-json\/wp\/v2\/product_tag?post=41977"}],"curies":[{"name":"wp","href":"https:\/\/api.w.org\/{rel}","templated":true}]}}