{"id":42003,"date":"2021-03-26T14:17:31","date_gmt":"2021-03-26T12:17:31","guid":{"rendered":"https:\/\/uus.skamet.ee\/tooted\/uncategorized\/indas-mesos-kepimui-arba-saslykine\/"},"modified":"2026-01-29T08:10:33","modified_gmt":"2026-01-29T06:10:33","slug":"indas-mesos-kepimui-arba-saslykine","status":"publish","type":"product","link":"https:\/\/www.skamet.ee\/lt\/tooted\/indas-mesos-kepimui-arba-saslykine\/","title":{"rendered":"\u0160a\u0161lykin\u0117"},"content":{"rendered":"<p data-start=\"122\" data-end=\"158\"><strong data-start=\"122\" data-end=\"158\">Standartinio gaminio parametrai:<\/strong><\/p>\n<ul data-start=\"159\" data-end=\"303\">\n<li data-start=\"159\" data-end=\"178\">\n<p data-start=\"161\" data-end=\"178\">auk\u0161tis \u2013 90 cm<\/p>\n<\/li>\n<li data-start=\"179\" data-end=\"209\">\n<p data-start=\"181\" data-end=\"209\">su dang\u010diu arba be dang\u010dio<\/p>\n<\/li>\n<li data-start=\"210\" data-end=\"237\">\n<p data-start=\"212\" data-end=\"237\">med\u017eiagos storis \u2013 3 mm<\/p>\n<\/li>\n<li data-start=\"238\" data-end=\"271\">\n<p data-start=\"240\" data-end=\"271\">komplekte \u2013 nuimamos grotel\u0117s<\/p>\n<\/li>\n<li data-start=\"272\" data-end=\"303\">\n<p data-start=\"274\" data-end=\"303\">\u0161a\u0161lykin\u0117s kojos \u2013 nuimamos<\/p>\n<\/li>\n<\/ul>\n<p data-start=\"305\" data-end=\"330\"><strong data-start=\"305\" data-end=\"330\">Papildomos galimyb\u0117s:<\/strong><\/p>\n<ul data-start=\"331\" data-end=\"439\">\n<li data-start=\"331\" data-end=\"374\">\n<p data-start=\"333\" data-end=\"374\">galimyb\u0117 gaminti i\u0161 storesn\u0117s med\u017eiagos<\/p>\n<\/li>\n<li data-start=\"375\" data-end=\"439\">\n<p data-start=\"377\" data-end=\"439\">gaminame \u0161a\u0161lykines pagal individualius kliento pageidavimus<\/p>\n<\/li>\n<\/ul>\n<p data-start=\"441\" data-end=\"479\"><strong data-start=\"441\" data-end=\"479\">Matmenys (plotis \u00d7 ilgis \u00d7 gylis):<\/strong><\/p>\n<ul data-start=\"480\" data-end=\"574\">\n<li data-start=\"480\" data-end=\"512\">\n<p data-start=\"482\" data-end=\"512\"><strong data-start=\"482\" data-end=\"493\">LV-100:<\/strong> 100 \u00d7 40 \u00d7 17 cm<\/p>\n<\/li>\n<li data-start=\"513\" data-end=\"543\">\n<p data-start=\"515\" data-end=\"543\"><strong data-start=\"515\" data-end=\"525\">LV-70:<\/strong> 70 \u00d7 30 \u00d7 17 cm<\/p>\n<\/li>\n<li data-start=\"544\" data-end=\"574\">\n<p data-start=\"546\" data-end=\"574\"><strong data-start=\"546\" data-end=\"556\">LV-50:<\/strong> 50 \u00d7 30 \u00d7 17 cm<\/p>\n<\/li>\n<\/ul>\n","protected":false},"excerpt":{"rendered":"<p>Standartinio gaminio parametrai: auk\u0161tis \u2013 90 cm su dang\u010diu arba be dang\u010dio med\u017eiagos storis \u2013 3 mm komplekte \u2013 nuimamos<\/p>\n","protected":false},"featured_media":43937,"template":"","meta":{"_lmt_disableupdate":"","_lmt_disable":""},"product_brand":[],"product_cat":[261],"product_tag":[],"class_list":{"0":"post-42003","1":"product","2":"type-product","3":"status-publish","4":"has-post-thumbnail","6":"product_cat-kiti-gaminiai","8":"first","9":"instock","10":"shipping-taxable","11":"product-type-simple"},"yoast_head":"<!-- This site is optimized with the Yoast SEO plugin v27.0 - https:\/\/yoast.com\/product\/yoast-seo-wordpress\/ -->\n<title>\u0160a\u0161lykin\u0117 - Skamet<\/title>\n<meta name=\"description\" content=\"\u0160a\u0161lykin\u0117\" \/>\n<meta name=\"robots\" content=\"index, follow, max-snippet:-1, max-image-preview:large, max-video-preview:-1\" \/>\n<link rel=\"canonical\" href=\"https:\/\/www.skamet.ee\/lt\/tooted\/indas-mesos-kepimui-arba-saslykine\/\" \/>\n<meta property=\"og:locale\" content=\"lt_LT\" \/>\n<meta property=\"og:type\" content=\"article\" \/>\n<meta property=\"og:title\" content=\"\u0160a\u0161lykin\u0117 - Skamet\" \/>\n<meta property=\"og:description\" content=\"\u0160a\u0161lykin\u0117\" \/>\n<meta property=\"og:url\" content=\"https:\/\/www.skamet.ee\/lt\/tooted\/indas-mesos-kepimui-arba-saslykine\/\" \/>\n<meta property=\"og:site_name\" content=\"Skamet\" \/>\n<meta property=\"article:modified_time\" content=\"2026-01-29T06:10:33+00:00\" \/>\n<meta property=\"og:image\" content=\"https:\/\/www.skamet.ee\/wp-content\/uploads\/2021\/03\/lihavann--scaled.jpg\" \/>\n\t<meta property=\"og:image:width\" content=\"1708\" \/>\n\t<meta property=\"og:image:height\" content=\"2560\" \/>\n\t<meta property=\"og:image:type\" content=\"image\/jpeg\" \/>\n<meta name=\"twitter:card\" content=\"summary_large_image\" \/>\n<meta name=\"twitter:label1\" content=\"Est. reading time\" \/>\n\t<meta name=\"twitter:data1\" content=\"1 minute\" \/>\n<script type=\"application\/ld+json\" class=\"yoast-schema-graph\">{\"@context\":\"https:\/\/schema.org\",\"@graph\":[{\"@type\":\"WebPage\",\"@id\":\"https:\/\/www.skamet.ee\/lt\/tooted\/indas-mesos-kepimui-arba-saslykine\/\",\"url\":\"https:\/\/www.skamet.ee\/lt\/tooted\/indas-mesos-kepimui-arba-saslykine\/\",\"name\":\"\u0160a\u0161lykin\u0117 - Skamet\",\"isPartOf\":{\"@id\":\"https:\/\/www.skamet.ee\/#website\"},\"primaryImageOfPage\":{\"@id\":\"https:\/\/www.skamet.ee\/lt\/tooted\/indas-mesos-kepimui-arba-saslykine\/#primaryimage\"},\"image\":{\"@id\":\"https:\/\/www.skamet.ee\/lt\/tooted\/indas-mesos-kepimui-arba-saslykine\/#primaryimage\"},\"thumbnailUrl\":\"https:\/\/www.skamet.ee\/wp-content\/uploads\/2021\/03\/lihavann--scaled.jpg\",\"datePublished\":\"2021-03-26T12:17:31+00:00\",\"dateModified\":\"2026-01-29T06:10:33+00:00\",\"description\":\"\u0160a\u0161lykin\u0117\",\"breadcrumb\":{\"@id\":\"https:\/\/www.skamet.ee\/lt\/tooted\/indas-mesos-kepimui-arba-saslykine\/#breadcrumb\"},\"inLanguage\":\"lt\",\"potentialAction\":[{\"@type\":\"ReadAction\",\"target\":[\"https:\/\/www.skamet.ee\/lt\/tooted\/indas-mesos-kepimui-arba-saslykine\/\"]}]},{\"@type\":\"ImageObject\",\"inLanguage\":\"lt\",\"@id\":\"https:\/\/www.skamet.ee\/lt\/tooted\/indas-mesos-kepimui-arba-saslykine\/#primaryimage\",\"url\":\"https:\/\/www.skamet.ee\/wp-content\/uploads\/2021\/03\/lihavann--scaled.jpg\",\"contentUrl\":\"https:\/\/www.skamet.ee\/wp-content\/uploads\/2021\/03\/lihavann--scaled.jpg\",\"width\":1708,\"height\":2560,\"caption\":\"lihavann scaled\"},{\"@type\":\"BreadcrumbList\",\"@id\":\"https:\/\/www.skamet.ee\/lt\/tooted\/indas-mesos-kepimui-arba-saslykine\/#breadcrumb\",\"itemListElement\":[{\"@type\":\"ListItem\",\"position\":1,\"name\":\"Home\",\"item\":\"https:\/\/www.skamet.ee\/fi\/\"},{\"@type\":\"ListItem\",\"position\":2,\"name\":\"Produktai\",\"item\":\"https:\/\/www.skamet.ee\/lt\/shop-2\/\"},{\"@type\":\"ListItem\",\"position\":3,\"name\":\"\u0160a\u0161lykin\u0117\"}]},{\"@type\":\"WebSite\",\"@id\":\"https:\/\/www.skamet.ee\/#website\",\"url\":\"https:\/\/www.skamet.ee\/\",\"name\":\"Skamet O\u00dc\",\"description\":\"Efektiivsed puuk\u00fcttega saunaahjud Eesti tootjalt\",\"publisher\":{\"@id\":\"https:\/\/www.skamet.ee\/#organization\"},\"potentialAction\":[{\"@type\":\"SearchAction\",\"target\":{\"@type\":\"EntryPoint\",\"urlTemplate\":\"https:\/\/www.skamet.ee\/?s={search_term_string}\"},\"query-input\":{\"@type\":\"PropertyValueSpecification\",\"valueRequired\":true,\"valueName\":\"search_term_string\"}}],\"inLanguage\":\"lt\"},{\"@type\":\"Organization\",\"@id\":\"https:\/\/www.skamet.ee\/#organization\",\"name\":\"Skamet\",\"url\":\"https:\/\/www.skamet.ee\/\",\"logo\":{\"@type\":\"ImageObject\",\"inLanguage\":\"lt\",\"@id\":\"https:\/\/www.skamet.ee\/#\/schema\/logo\/image\/\",\"url\":\"https:\/\/www.skamet.ee\/wp-content\/uploads\/2015\/05\/logo-uus.png\",\"contentUrl\":\"https:\/\/www.skamet.ee\/wp-content\/uploads\/2015\/05\/logo-uus.png\",\"width\":300,\"height\":127,\"caption\":\"Skamet\"},\"image\":{\"@id\":\"https:\/\/www.skamet.ee\/#\/schema\/logo\/image\/\"}}]}<\/script>\n<!-- \/ Yoast SEO plugin. -->","yoast_head_json":{"title":"\u0160a\u0161lykin\u0117 - Skamet","description":"\u0160a\u0161lykin\u0117","robots":{"index":"index","follow":"follow","max-snippet":"max-snippet:-1","max-image-preview":"max-image-preview:large","max-video-preview":"max-video-preview:-1"},"canonical":"https:\/\/www.skamet.ee\/lt\/tooted\/indas-mesos-kepimui-arba-saslykine\/","og_locale":"lt_LT","og_type":"article","og_title":"\u0160a\u0161lykin\u0117 - Skamet","og_description":"\u0160a\u0161lykin\u0117","og_url":"https:\/\/www.skamet.ee\/lt\/tooted\/indas-mesos-kepimui-arba-saslykine\/","og_site_name":"Skamet","article_modified_time":"2026-01-29T06:10:33+00:00","og_image":[{"width":1708,"height":2560,"url":"https:\/\/www.skamet.ee\/wp-content\/uploads\/2021\/03\/lihavann--scaled.jpg","type":"image\/jpeg"}],"twitter_card":"summary_large_image","twitter_misc":{"Est. reading time":"1 minute"},"schema":{"@context":"https:\/\/schema.org","@graph":[{"@type":"WebPage","@id":"https:\/\/www.skamet.ee\/lt\/tooted\/indas-mesos-kepimui-arba-saslykine\/","url":"https:\/\/www.skamet.ee\/lt\/tooted\/indas-mesos-kepimui-arba-saslykine\/","name":"\u0160a\u0161lykin\u0117 - Skamet","isPartOf":{"@id":"https:\/\/www.skamet.ee\/#website"},"primaryImageOfPage":{"@id":"https:\/\/www.skamet.ee\/lt\/tooted\/indas-mesos-kepimui-arba-saslykine\/#primaryimage"},"image":{"@id":"https:\/\/www.skamet.ee\/lt\/tooted\/indas-mesos-kepimui-arba-saslykine\/#primaryimage"},"thumbnailUrl":"https:\/\/www.skamet.ee\/wp-content\/uploads\/2021\/03\/lihavann--scaled.jpg","datePublished":"2021-03-26T12:17:31+00:00","dateModified":"2026-01-29T06:10:33+00:00","description":"\u0160a\u0161lykin\u0117","breadcrumb":{"@id":"https:\/\/www.skamet.ee\/lt\/tooted\/indas-mesos-kepimui-arba-saslykine\/#breadcrumb"},"inLanguage":"lt","potentialAction":[{"@type":"ReadAction","target":["https:\/\/www.skamet.ee\/lt\/tooted\/indas-mesos-kepimui-arba-saslykine\/"]}]},{"@type":"ImageObject","inLanguage":"lt","@id":"https:\/\/www.skamet.ee\/lt\/tooted\/indas-mesos-kepimui-arba-saslykine\/#primaryimage","url":"https:\/\/www.skamet.ee\/wp-content\/uploads\/2021\/03\/lihavann--scaled.jpg","contentUrl":"https:\/\/www.skamet.ee\/wp-content\/uploads\/2021\/03\/lihavann--scaled.jpg","width":1708,"height":2560,"caption":"lihavann scaled"},{"@type":"BreadcrumbList","@id":"https:\/\/www.skamet.ee\/lt\/tooted\/indas-mesos-kepimui-arba-saslykine\/#breadcrumb","itemListElement":[{"@type":"ListItem","position":1,"name":"Home","item":"https:\/\/www.skamet.ee\/fi\/"},{"@type":"ListItem","position":2,"name":"Produktai","item":"https:\/\/www.skamet.ee\/lt\/shop-2\/"},{"@type":"ListItem","position":3,"name":"\u0160a\u0161lykin\u0117"}]},{"@type":"WebSite","@id":"https:\/\/www.skamet.ee\/#website","url":"https:\/\/www.skamet.ee\/","name":"Skamet O\u00dc","description":"Efektiivsed puuk\u00fcttega saunaahjud Eesti tootjalt","publisher":{"@id":"https:\/\/www.skamet.ee\/#organization"},"potentialAction":[{"@type":"SearchAction","target":{"@type":"EntryPoint","urlTemplate":"https:\/\/www.skamet.ee\/?s={search_term_string}"},"query-input":{"@type":"PropertyValueSpecification","valueRequired":true,"valueName":"search_term_string"}}],"inLanguage":"lt"},{"@type":"Organization","@id":"https:\/\/www.skamet.ee\/#organization","name":"Skamet","url":"https:\/\/www.skamet.ee\/","logo":{"@type":"ImageObject","inLanguage":"lt","@id":"https:\/\/www.skamet.ee\/#\/schema\/logo\/image\/","url":"https:\/\/www.skamet.ee\/wp-content\/uploads\/2015\/05\/logo-uus.png","contentUrl":"https:\/\/www.skamet.ee\/wp-content\/uploads\/2015\/05\/logo-uus.png","width":300,"height":127,"caption":"Skamet"},"image":{"@id":"https:\/\/www.skamet.ee\/#\/schema\/logo\/image\/"}}]}},"_links":{"self":[{"href":"https:\/\/www.skamet.ee\/lt\/wp-json\/wp\/v2\/product\/42003","targetHints":{"allow":["GET"]}}],"collection":[{"href":"https:\/\/www.skamet.ee\/lt\/wp-json\/wp\/v2\/product"}],"about":[{"href":"https:\/\/www.skamet.ee\/lt\/wp-json\/wp\/v2\/types\/product"}],"version-history":[{"count":3,"href":"https:\/\/www.skamet.ee\/lt\/wp-json\/wp\/v2\/product\/42003\/revisions"}],"predecessor-version":[{"id":54555,"href":"https:\/\/www.skamet.ee\/lt\/wp-json\/wp\/v2\/product\/42003\/revisions\/54555"}],"wp:featuredmedia":[{"embeddable":true,"href":"https:\/\/www.skamet.ee\/lt\/wp-json\/wp\/v2\/media\/43937"}],"wp:attachment":[{"href":"https:\/\/www.skamet.ee\/lt\/wp-json\/wp\/v2\/media?parent=42003"}],"wp:term":[{"taxonomy":"product_brand","embeddable":true,"href":"https:\/\/www.skamet.ee\/lt\/wp-json\/wp\/v2\/product_brand?post=42003"},{"taxonomy":"product_cat","embeddable":true,"href":"https:\/\/www.skamet.ee\/lt\/wp-json\/wp\/v2\/product_cat?post=42003"},{"taxonomy":"product_tag","embeddable":true,"href":"https:\/\/www.skamet.ee\/lt\/wp-json\/wp\/v2\/product_tag?post=42003"}],"curies":[{"name":"wp","href":"https:\/\/api.w.org\/{rel}","templated":true}]}}