{"id":42011,"date":"2021-03-26T14:13:47","date_gmt":"2021-03-26T12:13:47","guid":{"rendered":"https:\/\/uus.skamet.ee\/tooted\/uncategorized\/didele-xl-krosnis-karstam-rukymui\/"},"modified":"2026-01-28T11:19:35","modified_gmt":"2026-01-28T09:19:35","slug":"didele-xl-krosnis-karstam-rukymui","status":"publish","type":"product","link":"https:\/\/www.skamet.ee\/lt\/tooted\/didele-xl-krosnis-karstam-rukymui\/","title":{"rendered":"Didel\u0117 r\u016bkykla GSS-200 XL"},"content":{"rendered":"<p data-start=\"15\" data-end=\"184\">Didel\u0117 kar\u0161to r\u016bkymo r\u016bkykla GSS-200 XL yra keturkamp\u0117s formos ir i\u0161 trij\u0173 pusi\u0173 apgaubta dvigubomis sienel\u0117mis, kurios u\u017etikrina kokybi\u0161k\u0105 veikim\u0105 net ir \u0161altu oru.<\/p>\n<ul data-start=\"186\" data-end=\"355\">\n<li data-start=\"186\" data-end=\"226\">\n<p data-start=\"188\" data-end=\"226\">i\u0161oriniai matmenys: 205 \u00d7 50 \u00d7 50 cm<\/p>\n<\/li>\n<li data-start=\"227\" data-end=\"330\">\n<p data-start=\"229\" data-end=\"330\">komplekte: termometras, \u0161e\u0161ios ner\u016bdijan\u010dio plieno grotel\u0117s bei aliejaus ir (arba) vandens pad\u0117klas<\/p>\n<\/li>\n<li data-start=\"331\" data-end=\"355\">\n<p data-start=\"333\" data-end=\"355\">kaminas yra nuimamas<\/p>\n<\/li>\n<\/ul>\n","protected":false},"excerpt":{"rendered":"<p>Didel\u0117 kar\u0161to r\u016bkymo r\u016bkykla GSS-200 XL yra keturkamp\u0117s formos ir i\u0161 trij\u0173 pusi\u0173 apgaubta dvigubomis sienel\u0117mis, kurios u\u017etikrina kokybi\u0161k\u0105 veikim\u0105<\/p>\n","protected":false},"featured_media":39801,"template":"","meta":{"_lmt_disableupdate":"","_lmt_disable":""},"product_brand":[],"product_cat":[1098,261],"product_tag":[],"class_list":{"0":"post-42011","1":"product","2":"type-product","3":"status-publish","4":"has-post-thumbnail","6":"product_cat-rukymo-krosnys","7":"product_cat-kiti-gaminiai","9":"first","10":"instock","11":"shipping-taxable","12":"product-type-simple"},"yoast_head":"<!-- This site is optimized with the Yoast SEO plugin v27.0 - https:\/\/yoast.com\/product\/yoast-seo-wordpress\/ -->\n<title>Didel\u0117 r\u016bkykla GSS-200 XL - Skamet<\/title>\n<meta name=\"robots\" content=\"index, follow, max-snippet:-1, max-image-preview:large, max-video-preview:-1\" \/>\n<link rel=\"canonical\" href=\"https:\/\/www.skamet.ee\/lt\/tooted\/didele-xl-krosnis-karstam-rukymui\/\" \/>\n<meta property=\"og:locale\" content=\"lt_LT\" \/>\n<meta property=\"og:type\" content=\"article\" \/>\n<meta property=\"og:title\" content=\"Didel\u0117 r\u016bkykla GSS-200 XL - Skamet\" \/>\n<meta property=\"og:description\" content=\"Didel\u0117 kar\u0161to r\u016bkymo r\u016bkykla GSS-200 XL yra keturkamp\u0117s formos ir i\u0161 trij\u0173 pusi\u0173 apgaubta dvigubomis sienel\u0117mis, kurios u\u017etikrina kokybi\u0161k\u0105 veikim\u0105\" \/>\n<meta property=\"og:url\" content=\"https:\/\/www.skamet.ee\/lt\/tooted\/didele-xl-krosnis-karstam-rukymui\/\" \/>\n<meta property=\"og:site_name\" content=\"Skamet\" \/>\n<meta property=\"article:modified_time\" content=\"2026-01-28T09:19:35+00:00\" \/>\n<meta property=\"og:image\" content=\"https:\/\/www.skamet.ee\/wp-content\/uploads\/2021\/03\/Suitsuahi-GSS-200-XL.jpg\" \/>\n\t<meta property=\"og:image:width\" content=\"615\" \/>\n\t<meta property=\"og:image:height\" content=\"922\" \/>\n\t<meta property=\"og:image:type\" content=\"image\/jpeg\" \/>\n<meta name=\"twitter:card\" content=\"summary_large_image\" \/>\n<script type=\"application\/ld+json\" class=\"yoast-schema-graph\">{\"@context\":\"https:\/\/schema.org\",\"@graph\":[{\"@type\":\"WebPage\",\"@id\":\"https:\/\/www.skamet.ee\/lt\/tooted\/didele-xl-krosnis-karstam-rukymui\/\",\"url\":\"https:\/\/www.skamet.ee\/lt\/tooted\/didele-xl-krosnis-karstam-rukymui\/\",\"name\":\"Didel\u0117 r\u016bkykla GSS-200 XL - Skamet\",\"isPartOf\":{\"@id\":\"https:\/\/www.skamet.ee\/#website\"},\"primaryImageOfPage\":{\"@id\":\"https:\/\/www.skamet.ee\/lt\/tooted\/didele-xl-krosnis-karstam-rukymui\/#primaryimage\"},\"image\":{\"@id\":\"https:\/\/www.skamet.ee\/lt\/tooted\/didele-xl-krosnis-karstam-rukymui\/#primaryimage\"},\"thumbnailUrl\":\"https:\/\/www.skamet.ee\/wp-content\/uploads\/2021\/03\/Suitsuahi-GSS-200-XL.jpg\",\"datePublished\":\"2021-03-26T12:13:47+00:00\",\"dateModified\":\"2026-01-28T09:19:35+00:00\",\"breadcrumb\":{\"@id\":\"https:\/\/www.skamet.ee\/lt\/tooted\/didele-xl-krosnis-karstam-rukymui\/#breadcrumb\"},\"inLanguage\":\"lt\",\"potentialAction\":[{\"@type\":\"ReadAction\",\"target\":[\"https:\/\/www.skamet.ee\/lt\/tooted\/didele-xl-krosnis-karstam-rukymui\/\"]}]},{\"@type\":\"ImageObject\",\"inLanguage\":\"lt\",\"@id\":\"https:\/\/www.skamet.ee\/lt\/tooted\/didele-xl-krosnis-karstam-rukymui\/#primaryimage\",\"url\":\"https:\/\/www.skamet.ee\/wp-content\/uploads\/2021\/03\/Suitsuahi-GSS-200-XL.jpg\",\"contentUrl\":\"https:\/\/www.skamet.ee\/wp-content\/uploads\/2021\/03\/Suitsuahi-GSS-200-XL.jpg\",\"width\":615,\"height\":922,\"caption\":\"Suitsuahi GSS 200 XL\"},{\"@type\":\"BreadcrumbList\",\"@id\":\"https:\/\/www.skamet.ee\/lt\/tooted\/didele-xl-krosnis-karstam-rukymui\/#breadcrumb\",\"itemListElement\":[{\"@type\":\"ListItem\",\"position\":1,\"name\":\"Home\",\"item\":\"https:\/\/www.skamet.ee\/fi\/\"},{\"@type\":\"ListItem\",\"position\":2,\"name\":\"Produktai\",\"item\":\"https:\/\/www.skamet.ee\/lt\/shop-2\/\"},{\"@type\":\"ListItem\",\"position\":3,\"name\":\"Didel\u0117 r\u016bkykla GSS-200 XL\"}]},{\"@type\":\"WebSite\",\"@id\":\"https:\/\/www.skamet.ee\/#website\",\"url\":\"https:\/\/www.skamet.ee\/\",\"name\":\"Skamet O\u00dc\",\"description\":\"Efektiivsed puuk\u00fcttega saunaahjud Eesti tootjalt\",\"publisher\":{\"@id\":\"https:\/\/www.skamet.ee\/#organization\"},\"potentialAction\":[{\"@type\":\"SearchAction\",\"target\":{\"@type\":\"EntryPoint\",\"urlTemplate\":\"https:\/\/www.skamet.ee\/?s={search_term_string}\"},\"query-input\":{\"@type\":\"PropertyValueSpecification\",\"valueRequired\":true,\"valueName\":\"search_term_string\"}}],\"inLanguage\":\"lt\"},{\"@type\":\"Organization\",\"@id\":\"https:\/\/www.skamet.ee\/#organization\",\"name\":\"Skamet\",\"url\":\"https:\/\/www.skamet.ee\/\",\"logo\":{\"@type\":\"ImageObject\",\"inLanguage\":\"lt\",\"@id\":\"https:\/\/www.skamet.ee\/#\/schema\/logo\/image\/\",\"url\":\"https:\/\/www.skamet.ee\/wp-content\/uploads\/2015\/05\/logo-uus.png\",\"contentUrl\":\"https:\/\/www.skamet.ee\/wp-content\/uploads\/2015\/05\/logo-uus.png\",\"width\":300,\"height\":127,\"caption\":\"Skamet\"},\"image\":{\"@id\":\"https:\/\/www.skamet.ee\/#\/schema\/logo\/image\/\"}}]}<\/script>\n<!-- \/ Yoast SEO plugin. -->","yoast_head_json":{"title":"Didel\u0117 r\u016bkykla GSS-200 XL - Skamet","robots":{"index":"index","follow":"follow","max-snippet":"max-snippet:-1","max-image-preview":"max-image-preview:large","max-video-preview":"max-video-preview:-1"},"canonical":"https:\/\/www.skamet.ee\/lt\/tooted\/didele-xl-krosnis-karstam-rukymui\/","og_locale":"lt_LT","og_type":"article","og_title":"Didel\u0117 r\u016bkykla GSS-200 XL - Skamet","og_description":"Didel\u0117 kar\u0161to r\u016bkymo r\u016bkykla GSS-200 XL yra keturkamp\u0117s formos ir i\u0161 trij\u0173 pusi\u0173 apgaubta dvigubomis sienel\u0117mis, kurios u\u017etikrina kokybi\u0161k\u0105 veikim\u0105","og_url":"https:\/\/www.skamet.ee\/lt\/tooted\/didele-xl-krosnis-karstam-rukymui\/","og_site_name":"Skamet","article_modified_time":"2026-01-28T09:19:35+00:00","og_image":[{"width":615,"height":922,"url":"https:\/\/www.skamet.ee\/wp-content\/uploads\/2021\/03\/Suitsuahi-GSS-200-XL.jpg","type":"image\/jpeg"}],"twitter_card":"summary_large_image","schema":{"@context":"https:\/\/schema.org","@graph":[{"@type":"WebPage","@id":"https:\/\/www.skamet.ee\/lt\/tooted\/didele-xl-krosnis-karstam-rukymui\/","url":"https:\/\/www.skamet.ee\/lt\/tooted\/didele-xl-krosnis-karstam-rukymui\/","name":"Didel\u0117 r\u016bkykla GSS-200 XL - Skamet","isPartOf":{"@id":"https:\/\/www.skamet.ee\/#website"},"primaryImageOfPage":{"@id":"https:\/\/www.skamet.ee\/lt\/tooted\/didele-xl-krosnis-karstam-rukymui\/#primaryimage"},"image":{"@id":"https:\/\/www.skamet.ee\/lt\/tooted\/didele-xl-krosnis-karstam-rukymui\/#primaryimage"},"thumbnailUrl":"https:\/\/www.skamet.ee\/wp-content\/uploads\/2021\/03\/Suitsuahi-GSS-200-XL.jpg","datePublished":"2021-03-26T12:13:47+00:00","dateModified":"2026-01-28T09:19:35+00:00","breadcrumb":{"@id":"https:\/\/www.skamet.ee\/lt\/tooted\/didele-xl-krosnis-karstam-rukymui\/#breadcrumb"},"inLanguage":"lt","potentialAction":[{"@type":"ReadAction","target":["https:\/\/www.skamet.ee\/lt\/tooted\/didele-xl-krosnis-karstam-rukymui\/"]}]},{"@type":"ImageObject","inLanguage":"lt","@id":"https:\/\/www.skamet.ee\/lt\/tooted\/didele-xl-krosnis-karstam-rukymui\/#primaryimage","url":"https:\/\/www.skamet.ee\/wp-content\/uploads\/2021\/03\/Suitsuahi-GSS-200-XL.jpg","contentUrl":"https:\/\/www.skamet.ee\/wp-content\/uploads\/2021\/03\/Suitsuahi-GSS-200-XL.jpg","width":615,"height":922,"caption":"Suitsuahi GSS 200 XL"},{"@type":"BreadcrumbList","@id":"https:\/\/www.skamet.ee\/lt\/tooted\/didele-xl-krosnis-karstam-rukymui\/#breadcrumb","itemListElement":[{"@type":"ListItem","position":1,"name":"Home","item":"https:\/\/www.skamet.ee\/fi\/"},{"@type":"ListItem","position":2,"name":"Produktai","item":"https:\/\/www.skamet.ee\/lt\/shop-2\/"},{"@type":"ListItem","position":3,"name":"Didel\u0117 r\u016bkykla GSS-200 XL"}]},{"@type":"WebSite","@id":"https:\/\/www.skamet.ee\/#website","url":"https:\/\/www.skamet.ee\/","name":"Skamet O\u00dc","description":"Efektiivsed puuk\u00fcttega saunaahjud Eesti tootjalt","publisher":{"@id":"https:\/\/www.skamet.ee\/#organization"},"potentialAction":[{"@type":"SearchAction","target":{"@type":"EntryPoint","urlTemplate":"https:\/\/www.skamet.ee\/?s={search_term_string}"},"query-input":{"@type":"PropertyValueSpecification","valueRequired":true,"valueName":"search_term_string"}}],"inLanguage":"lt"},{"@type":"Organization","@id":"https:\/\/www.skamet.ee\/#organization","name":"Skamet","url":"https:\/\/www.skamet.ee\/","logo":{"@type":"ImageObject","inLanguage":"lt","@id":"https:\/\/www.skamet.ee\/#\/schema\/logo\/image\/","url":"https:\/\/www.skamet.ee\/wp-content\/uploads\/2015\/05\/logo-uus.png","contentUrl":"https:\/\/www.skamet.ee\/wp-content\/uploads\/2015\/05\/logo-uus.png","width":300,"height":127,"caption":"Skamet"},"image":{"@id":"https:\/\/www.skamet.ee\/#\/schema\/logo\/image\/"}}]}},"_links":{"self":[{"href":"https:\/\/www.skamet.ee\/lt\/wp-json\/wp\/v2\/product\/42011","targetHints":{"allow":["GET"]}}],"collection":[{"href":"https:\/\/www.skamet.ee\/lt\/wp-json\/wp\/v2\/product"}],"about":[{"href":"https:\/\/www.skamet.ee\/lt\/wp-json\/wp\/v2\/types\/product"}],"version-history":[{"count":2,"href":"https:\/\/www.skamet.ee\/lt\/wp-json\/wp\/v2\/product\/42011\/revisions"}],"predecessor-version":[{"id":54522,"href":"https:\/\/www.skamet.ee\/lt\/wp-json\/wp\/v2\/product\/42011\/revisions\/54522"}],"wp:featuredmedia":[{"embeddable":true,"href":"https:\/\/www.skamet.ee\/lt\/wp-json\/wp\/v2\/media\/39801"}],"wp:attachment":[{"href":"https:\/\/www.skamet.ee\/lt\/wp-json\/wp\/v2\/media?parent=42011"}],"wp:term":[{"taxonomy":"product_brand","embeddable":true,"href":"https:\/\/www.skamet.ee\/lt\/wp-json\/wp\/v2\/product_brand?post=42011"},{"taxonomy":"product_cat","embeddable":true,"href":"https:\/\/www.skamet.ee\/lt\/wp-json\/wp\/v2\/product_cat?post=42011"},{"taxonomy":"product_tag","embeddable":true,"href":"https:\/\/www.skamet.ee\/lt\/wp-json\/wp\/v2\/product_tag?post=42011"}],"curies":[{"name":"wp","href":"https:\/\/api.w.org\/{rel}","templated":true}]}}