{"id":42016,"date":"2021-03-26T14:08:13","date_gmt":"2021-03-26T12:08:13","guid":{"rendered":"https:\/\/uus.skamet.ee\/tooted\/uncategorized\/didele-krosnis-karstam-rukymui\/"},"modified":"2026-01-28T11:21:18","modified_gmt":"2026-01-28T09:21:18","slug":"didele-krosnis-karstam-rukymui","status":"publish","type":"product","link":"https:\/\/www.skamet.ee\/lt\/tooted\/didele-krosnis-karstam-rukymui\/","title":{"rendered":"Vidutinio dyd\u017eio r\u016bkykla GSS-200"},"content":{"rendered":"<p data-start=\"15\" data-end=\"191\">Vidutinio dyd\u017eio kar\u0161to r\u016bkymo r\u016bkykla GSS-200 yra keturkamp\u0117s formos ir i\u0161 trij\u0173 pusi\u0173 apgaubta dvigubomis sienel\u0117mis, kurios u\u017etikrina kokybi\u0161k\u0105 veikim\u0105 net ir \u0161altu oru.<\/p>\n<ul data-start=\"193\" data-end=\"364\">\n<li data-start=\"193\" data-end=\"233\">\n<p data-start=\"195\" data-end=\"233\">i\u0161oriniai matmenys: 170 \u00d7 50 \u00d7 50 cm<\/p>\n<\/li>\n<li data-start=\"234\" data-end=\"339\">\n<p data-start=\"236\" data-end=\"339\">komplekte: termometras, keturios ner\u016bdijan\u010dio plieno grotel\u0117s bei aliejaus ir (arba) vandens pad\u0117klas<\/p>\n<\/li>\n<li data-start=\"340\" data-end=\"364\">\n<p data-start=\"342\" data-end=\"364\">kaminas yra nuimamas<\/p>\n<\/li>\n<\/ul>\n","protected":false},"excerpt":{"rendered":"<p>Vidutinio dyd\u017eio kar\u0161to r\u016bkymo r\u016bkykla GSS-200 yra keturkamp\u0117s formos ir i\u0161 trij\u0173 pusi\u0173 apgaubta dvigubomis sienel\u0117mis, kurios u\u017etikrina kokybi\u0161k\u0105 veikim\u0105<\/p>\n","protected":false},"featured_media":39791,"template":"","meta":{"_lmt_disableupdate":"","_lmt_disable":""},"product_brand":[],"product_cat":[261,1098],"product_tag":[],"class_list":{"0":"post-42016","1":"product","2":"type-product","3":"status-publish","4":"has-post-thumbnail","6":"product_cat-kiti-gaminiai","7":"product_cat-rukymo-krosnys","9":"first","10":"instock","11":"shipping-taxable","12":"product-type-simple"},"yoast_head":"<!-- This site is optimized with the Yoast SEO plugin v27.0 - https:\/\/yoast.com\/product\/yoast-seo-wordpress\/ -->\n<title>Vidutinio dyd\u017eio r\u016bkykla GSS-200 - Skamet<\/title>\n<meta name=\"robots\" content=\"index, follow, max-snippet:-1, max-image-preview:large, max-video-preview:-1\" \/>\n<link rel=\"canonical\" href=\"https:\/\/www.skamet.ee\/lt\/tooted\/didele-krosnis-karstam-rukymui\/\" \/>\n<meta property=\"og:locale\" content=\"lt_LT\" \/>\n<meta property=\"og:type\" content=\"article\" \/>\n<meta property=\"og:title\" content=\"Vidutinio dyd\u017eio r\u016bkykla GSS-200 - Skamet\" \/>\n<meta property=\"og:description\" content=\"Vidutinio dyd\u017eio kar\u0161to r\u016bkymo r\u016bkykla GSS-200 yra keturkamp\u0117s formos ir i\u0161 trij\u0173 pusi\u0173 apgaubta dvigubomis sienel\u0117mis, kurios u\u017etikrina kokybi\u0161k\u0105 veikim\u0105\" \/>\n<meta property=\"og:url\" content=\"https:\/\/www.skamet.ee\/lt\/tooted\/didele-krosnis-karstam-rukymui\/\" \/>\n<meta property=\"og:site_name\" content=\"Skamet\" \/>\n<meta property=\"article:modified_time\" content=\"2026-01-28T09:21:18+00:00\" \/>\n<meta property=\"og:image\" content=\"https:\/\/www.skamet.ee\/wp-content\/uploads\/2021\/03\/GSS-200-scaled.jpg\" \/>\n\t<meta property=\"og:image:width\" content=\"2560\" \/>\n\t<meta property=\"og:image:height\" content=\"2560\" \/>\n\t<meta property=\"og:image:type\" content=\"image\/jpeg\" \/>\n<meta name=\"twitter:card\" content=\"summary_large_image\" \/>\n<meta name=\"twitter:label1\" content=\"Est. reading time\" \/>\n\t<meta name=\"twitter:data1\" content=\"1 minute\" \/>\n<script type=\"application\/ld+json\" class=\"yoast-schema-graph\">{\"@context\":\"https:\/\/schema.org\",\"@graph\":[{\"@type\":\"WebPage\",\"@id\":\"https:\/\/www.skamet.ee\/lt\/tooted\/didele-krosnis-karstam-rukymui\/\",\"url\":\"https:\/\/www.skamet.ee\/lt\/tooted\/didele-krosnis-karstam-rukymui\/\",\"name\":\"Vidutinio dyd\u017eio r\u016bkykla GSS-200 - Skamet\",\"isPartOf\":{\"@id\":\"https:\/\/www.skamet.ee\/#website\"},\"primaryImageOfPage\":{\"@id\":\"https:\/\/www.skamet.ee\/lt\/tooted\/didele-krosnis-karstam-rukymui\/#primaryimage\"},\"image\":{\"@id\":\"https:\/\/www.skamet.ee\/lt\/tooted\/didele-krosnis-karstam-rukymui\/#primaryimage\"},\"thumbnailUrl\":\"https:\/\/www.skamet.ee\/wp-content\/uploads\/2021\/03\/GSS-200-scaled.jpg\",\"datePublished\":\"2021-03-26T12:08:13+00:00\",\"dateModified\":\"2026-01-28T09:21:18+00:00\",\"breadcrumb\":{\"@id\":\"https:\/\/www.skamet.ee\/lt\/tooted\/didele-krosnis-karstam-rukymui\/#breadcrumb\"},\"inLanguage\":\"lt\",\"potentialAction\":[{\"@type\":\"ReadAction\",\"target\":[\"https:\/\/www.skamet.ee\/lt\/tooted\/didele-krosnis-karstam-rukymui\/\"]}]},{\"@type\":\"ImageObject\",\"inLanguage\":\"lt\",\"@id\":\"https:\/\/www.skamet.ee\/lt\/tooted\/didele-krosnis-karstam-rukymui\/#primaryimage\",\"url\":\"https:\/\/www.skamet.ee\/wp-content\/uploads\/2021\/03\/GSS-200-scaled.jpg\",\"contentUrl\":\"https:\/\/www.skamet.ee\/wp-content\/uploads\/2021\/03\/GSS-200-scaled.jpg\",\"width\":2560,\"height\":2560,\"caption\":\"GSS 200 scaled\"},{\"@type\":\"BreadcrumbList\",\"@id\":\"https:\/\/www.skamet.ee\/lt\/tooted\/didele-krosnis-karstam-rukymui\/#breadcrumb\",\"itemListElement\":[{\"@type\":\"ListItem\",\"position\":1,\"name\":\"Home\",\"item\":\"https:\/\/www.skamet.ee\/fi\/\"},{\"@type\":\"ListItem\",\"position\":2,\"name\":\"Produktai\",\"item\":\"https:\/\/www.skamet.ee\/lt\/shop-2\/\"},{\"@type\":\"ListItem\",\"position\":3,\"name\":\"Vidutinio dyd\u017eio r\u016bkykla GSS-200\"}]},{\"@type\":\"WebSite\",\"@id\":\"https:\/\/www.skamet.ee\/#website\",\"url\":\"https:\/\/www.skamet.ee\/\",\"name\":\"Skamet O\u00dc\",\"description\":\"Efektiivsed puuk\u00fcttega saunaahjud Eesti tootjalt\",\"publisher\":{\"@id\":\"https:\/\/www.skamet.ee\/#organization\"},\"potentialAction\":[{\"@type\":\"SearchAction\",\"target\":{\"@type\":\"EntryPoint\",\"urlTemplate\":\"https:\/\/www.skamet.ee\/?s={search_term_string}\"},\"query-input\":{\"@type\":\"PropertyValueSpecification\",\"valueRequired\":true,\"valueName\":\"search_term_string\"}}],\"inLanguage\":\"lt\"},{\"@type\":\"Organization\",\"@id\":\"https:\/\/www.skamet.ee\/#organization\",\"name\":\"Skamet\",\"url\":\"https:\/\/www.skamet.ee\/\",\"logo\":{\"@type\":\"ImageObject\",\"inLanguage\":\"lt\",\"@id\":\"https:\/\/www.skamet.ee\/#\/schema\/logo\/image\/\",\"url\":\"https:\/\/www.skamet.ee\/wp-content\/uploads\/2015\/05\/logo-uus.png\",\"contentUrl\":\"https:\/\/www.skamet.ee\/wp-content\/uploads\/2015\/05\/logo-uus.png\",\"width\":300,\"height\":127,\"caption\":\"Skamet\"},\"image\":{\"@id\":\"https:\/\/www.skamet.ee\/#\/schema\/logo\/image\/\"}}]}<\/script>\n<!-- \/ Yoast SEO plugin. -->","yoast_head_json":{"title":"Vidutinio dyd\u017eio r\u016bkykla GSS-200 - Skamet","robots":{"index":"index","follow":"follow","max-snippet":"max-snippet:-1","max-image-preview":"max-image-preview:large","max-video-preview":"max-video-preview:-1"},"canonical":"https:\/\/www.skamet.ee\/lt\/tooted\/didele-krosnis-karstam-rukymui\/","og_locale":"lt_LT","og_type":"article","og_title":"Vidutinio dyd\u017eio r\u016bkykla GSS-200 - Skamet","og_description":"Vidutinio dyd\u017eio kar\u0161to r\u016bkymo r\u016bkykla GSS-200 yra keturkamp\u0117s formos ir i\u0161 trij\u0173 pusi\u0173 apgaubta dvigubomis sienel\u0117mis, kurios u\u017etikrina kokybi\u0161k\u0105 veikim\u0105","og_url":"https:\/\/www.skamet.ee\/lt\/tooted\/didele-krosnis-karstam-rukymui\/","og_site_name":"Skamet","article_modified_time":"2026-01-28T09:21:18+00:00","og_image":[{"width":2560,"height":2560,"url":"https:\/\/www.skamet.ee\/wp-content\/uploads\/2021\/03\/GSS-200-scaled.jpg","type":"image\/jpeg"}],"twitter_card":"summary_large_image","twitter_misc":{"Est. reading time":"1 minute"},"schema":{"@context":"https:\/\/schema.org","@graph":[{"@type":"WebPage","@id":"https:\/\/www.skamet.ee\/lt\/tooted\/didele-krosnis-karstam-rukymui\/","url":"https:\/\/www.skamet.ee\/lt\/tooted\/didele-krosnis-karstam-rukymui\/","name":"Vidutinio dyd\u017eio r\u016bkykla GSS-200 - Skamet","isPartOf":{"@id":"https:\/\/www.skamet.ee\/#website"},"primaryImageOfPage":{"@id":"https:\/\/www.skamet.ee\/lt\/tooted\/didele-krosnis-karstam-rukymui\/#primaryimage"},"image":{"@id":"https:\/\/www.skamet.ee\/lt\/tooted\/didele-krosnis-karstam-rukymui\/#primaryimage"},"thumbnailUrl":"https:\/\/www.skamet.ee\/wp-content\/uploads\/2021\/03\/GSS-200-scaled.jpg","datePublished":"2021-03-26T12:08:13+00:00","dateModified":"2026-01-28T09:21:18+00:00","breadcrumb":{"@id":"https:\/\/www.skamet.ee\/lt\/tooted\/didele-krosnis-karstam-rukymui\/#breadcrumb"},"inLanguage":"lt","potentialAction":[{"@type":"ReadAction","target":["https:\/\/www.skamet.ee\/lt\/tooted\/didele-krosnis-karstam-rukymui\/"]}]},{"@type":"ImageObject","inLanguage":"lt","@id":"https:\/\/www.skamet.ee\/lt\/tooted\/didele-krosnis-karstam-rukymui\/#primaryimage","url":"https:\/\/www.skamet.ee\/wp-content\/uploads\/2021\/03\/GSS-200-scaled.jpg","contentUrl":"https:\/\/www.skamet.ee\/wp-content\/uploads\/2021\/03\/GSS-200-scaled.jpg","width":2560,"height":2560,"caption":"GSS 200 scaled"},{"@type":"BreadcrumbList","@id":"https:\/\/www.skamet.ee\/lt\/tooted\/didele-krosnis-karstam-rukymui\/#breadcrumb","itemListElement":[{"@type":"ListItem","position":1,"name":"Home","item":"https:\/\/www.skamet.ee\/fi\/"},{"@type":"ListItem","position":2,"name":"Produktai","item":"https:\/\/www.skamet.ee\/lt\/shop-2\/"},{"@type":"ListItem","position":3,"name":"Vidutinio dyd\u017eio r\u016bkykla GSS-200"}]},{"@type":"WebSite","@id":"https:\/\/www.skamet.ee\/#website","url":"https:\/\/www.skamet.ee\/","name":"Skamet O\u00dc","description":"Efektiivsed puuk\u00fcttega saunaahjud Eesti tootjalt","publisher":{"@id":"https:\/\/www.skamet.ee\/#organization"},"potentialAction":[{"@type":"SearchAction","target":{"@type":"EntryPoint","urlTemplate":"https:\/\/www.skamet.ee\/?s={search_term_string}"},"query-input":{"@type":"PropertyValueSpecification","valueRequired":true,"valueName":"search_term_string"}}],"inLanguage":"lt"},{"@type":"Organization","@id":"https:\/\/www.skamet.ee\/#organization","name":"Skamet","url":"https:\/\/www.skamet.ee\/","logo":{"@type":"ImageObject","inLanguage":"lt","@id":"https:\/\/www.skamet.ee\/#\/schema\/logo\/image\/","url":"https:\/\/www.skamet.ee\/wp-content\/uploads\/2015\/05\/logo-uus.png","contentUrl":"https:\/\/www.skamet.ee\/wp-content\/uploads\/2015\/05\/logo-uus.png","width":300,"height":127,"caption":"Skamet"},"image":{"@id":"https:\/\/www.skamet.ee\/#\/schema\/logo\/image\/"}}]}},"_links":{"self":[{"href":"https:\/\/www.skamet.ee\/lt\/wp-json\/wp\/v2\/product\/42016","targetHints":{"allow":["GET"]}}],"collection":[{"href":"https:\/\/www.skamet.ee\/lt\/wp-json\/wp\/v2\/product"}],"about":[{"href":"https:\/\/www.skamet.ee\/lt\/wp-json\/wp\/v2\/types\/product"}],"version-history":[{"count":2,"href":"https:\/\/www.skamet.ee\/lt\/wp-json\/wp\/v2\/product\/42016\/revisions"}],"predecessor-version":[{"id":54523,"href":"https:\/\/www.skamet.ee\/lt\/wp-json\/wp\/v2\/product\/42016\/revisions\/54523"}],"wp:featuredmedia":[{"embeddable":true,"href":"https:\/\/www.skamet.ee\/lt\/wp-json\/wp\/v2\/media\/39791"}],"wp:attachment":[{"href":"https:\/\/www.skamet.ee\/lt\/wp-json\/wp\/v2\/media?parent=42016"}],"wp:term":[{"taxonomy":"product_brand","embeddable":true,"href":"https:\/\/www.skamet.ee\/lt\/wp-json\/wp\/v2\/product_brand?post=42016"},{"taxonomy":"product_cat","embeddable":true,"href":"https:\/\/www.skamet.ee\/lt\/wp-json\/wp\/v2\/product_cat?post=42016"},{"taxonomy":"product_tag","embeddable":true,"href":"https:\/\/www.skamet.ee\/lt\/wp-json\/wp\/v2\/product_tag?post=42016"}],"curies":[{"name":"wp","href":"https:\/\/api.w.org\/{rel}","templated":true}]}}