{"id":42031,"date":"2021-03-24T11:41:33","date_gmt":"2021-03-24T09:41:33","guid":{"rendered":"https:\/\/uus.skamet.ee\/tooted\/uncategorized\/boileriai-vandeniui-2\/"},"modified":"2021-05-20T08:43:04","modified_gmt":"2021-05-20T05:43:04","slug":"boileriai-vandeniui-2","status":"publish","type":"product","link":"https:\/\/www.skamet.ee\/lt\/tooted\/boileriai-vandeniui-2\/","title":{"rendered":"Boileriai vandeniui"},"content":{"rendered":"<p>Mes gaminame standartinius boilerius (t\u016brinius) vandens \u0161ildymui nuo 1990 m. Standartinis produktas yra tu\u0161\u010diaviduris. Boileris prijungiamas prie krosnies ar virykl\u0117s, kuri k\u016brenama malkomis. Vanduo su\u0161yla nat\u016bralios cirkuliacijos d\u0117ka. Boileriuose i\u0161 ner\u016bdijan\u010dio metalo yra \u012frengti anodai (juos reik\u0117t\u0173 pakeisti kart\u0105 per metus arba net da\u017eniau, jei yra b\u016btinyb\u0117). Visuose boileriuose turi b\u016bti \u012frengtas apsauginis vo\u017etuvas.<\/p>\n<p>Be standartini\u0173 boileri\u0173 taip pat gaminame boilerius pagal kliento pageidavimus: su registru arba dviguba sienele.<\/p>\n<p><strong>U\u017edari boileriai kar\u0161tam vandeniui<\/strong><\/p>\n<p>Standartinio boilerio skersmuo  \u2013 40 ir 45 cm. Boileriai turi keturis nipelius: du 1\/2 colio ir du 3\/4 colio.Matmenys pateikti naudojimo instrukcijoje.<\/p>\n<p>Standartini\u0173 gamini\u0173 parametrai:\tPapildomos funkcijos:<br \/>\n\u00bb boilerio talpa \u2013  80\u2013150 litr\u0173;<br \/>\n\u00bb skersmuo  \u2013 40 ir 45 cm;<br \/>\n\u00bb horizontalus;<br \/>\n\u00bb vertikalus<br \/>\n\u00bb juodas metalas (storis  \u2013 3 mm), ner\u016bdijantis metalas (storis \u2013  2 mm).\t\u00bb didesnis ar ma\u017eesnis t\u016bris;<br \/>\n\u00bb galimas skersmuo  \u2013 40 ir 50 cm;<br \/>\n\u00bb horizontalusis boileris komplekte su armat\u016bra, kuri montuojama ant sien\u0173, grind\u0173 arba lub\u0173;<br \/>\n\u00bb vertikalus boileris montuojamas ant sienos: kaip i\u0161 kair\u0117s pus\u0117s, taip ir i\u0161 de\u0161in\u0117s;<br \/>\n\u00bb galima pagaminti ir i\u0161 storesnio metalo.<\/p>\n<p><strong>Atviri boileriai kar\u0161tam vandeniui<\/strong><\/p>\n<p>Standartinio boilerio skersmuo  \u2013 45 cm. Boileriai turi keturis nipelius: du 1\/2 colio ir du 3\/4 colio.<br \/>\nMatmenys pateikti naudojimo instrukcijoje.<\/p>\n<p>Standartini\u0173 gamini\u0173 parametrai:\tPapildomos funkcijos:<br \/>\n\u00bb boilerio talpa \u2013  80\u2013150 litr\u0173;<br \/>\n\u00bb skersmuo  \u2013 45 cm;<br \/>\n\u00bb ant dugno esantis nipelis \u00bd yra naudojamas vandens i\u0161leidimui;<br \/>\n\u00bb ant kojeli\u0173 auk\u0161tis  \u2013 25 cm<br \/>\n\u00bb juodas metalas (storis  \u2013 3 mm), ner\u016bdijantis metalas (storis \u2013  2 mm).\t\u00bb didesnis ar ma\u017eesnis t\u016bris;<br \/>\n\u00bb taip pat galima pagaminti kvadratin\u012f;<br \/>\n\u00bb galima pagaminti be kojeli\u0173 \u2013  su pritvirtinimais prie sien\u0173.;<br \/>\n\u00bb galima pagaminti ir i\u0161 storesnio metalo.<\/p>\n<p><strong>Talpykla aplink d\u016bmtrauk\u012f<\/strong><br \/>\nKar\u0161to vandens talpyklos gaminamos vieno dyd\u017eio:Atvira talpykla vandens \u0161ildymui \u012frengiama aplink d\u016bmtrauk\u012f; pripildykite talp\u0105 ir j\u016bs\u0173 vanduo taps garais garin\u0117je, nes vanduo su\u0161ils k\u016brenimo metu. Vanduo su\u0161yla nuo \u012fkaitusio d\u016bmtraukio. Be standartini\u0173 produkt\u0173 dar galite u\u017esisakyti ir kitoki\u0173 parametr\u0173 katil\u0105<br \/>\nMatmenys pateikti naudojimo instrukcijoje. <\/p>\n<p>Standartini\u0173 gamini\u0173 parametrai:\tPapildomos funkcijos:<br \/>\n\u00bb skersmuo  \u2013 30 cm, t\u016bris  \u2013 25 litrai;<br \/>\n\u00bb bendras auk\u0161tis kartu su vamzd\u017eiu  \u2013 65 cm, katilas  \u2013 41,5 cm;<br \/>\n\u00bb su dang\u010diu;<br \/>\n\u00bb d\u016bmtraukio skersmuo \u2013 115 mm;<br \/>\n\u00bb vienas nipelis su i\u0161oriniu sriegiu 1\/2 colio.\t\u00bb didesnis ar ma\u017eesnis t\u016bris;<br \/>\n\u00bb galima pagaminti auk\u0161tesn\u012f;<br \/>\n\u00bb taip pat galima pagaminti kvadratin\u012f.;<br \/>\n\u00bb galima pagaminti ir i\u0161 storesnio metalo.<\/p>\n","protected":false},"excerpt":{"rendered":"<p>Mes gaminame standartinius boilerius (t\u016brinius) vandens \u0161ildymui nuo 1990 m. Standartinis produktas yra tu\u0161\u010diaviduris. Boileris prijungiamas prie krosnies ar virykl\u0117s,<\/p>\n","protected":false},"featured_media":40552,"template":"","meta":{"_lmt_disableupdate":"","_lmt_disable":""},"product_brand":[],"product_cat":[973],"product_tag":[],"class_list":{"0":"post-42031","1":"product","2":"type-product","3":"status-publish","4":"has-post-thumbnail","6":"product_cat-talpyklos-vandeniui","7":"pa_diameeter-115-mm-lt","8":"pa_diameeter-40-cm-lt","9":"pa_diameeter-45-cm-lt","10":"pa_maht-110l-lt","11":"pa_maht-150l-lt","12":"pa_maht-25l-lt","13":"pa_maht-80l-lt","15":"first","16":"instock","17":"shipping-taxable","18":"product-type-simple"},"yoast_head":"<!-- This site is optimized with the Yoast SEO plugin v27.0 - https:\/\/yoast.com\/product\/yoast-seo-wordpress\/ -->\n<title>Boileriai vandeniui - Skamet<\/title>\n<meta name=\"robots\" content=\"index, follow, max-snippet:-1, max-image-preview:large, max-video-preview:-1\" \/>\n<link rel=\"canonical\" href=\"https:\/\/www.skamet.ee\/lt\/tooted\/boileriai-vandeniui-2\/\" \/>\n<meta property=\"og:locale\" content=\"lt_LT\" \/>\n<meta property=\"og:type\" content=\"article\" \/>\n<meta property=\"og:title\" content=\"Boileriai vandeniui - Skamet\" \/>\n<meta property=\"og:description\" content=\"Mes gaminame standartinius boilerius (t\u016brinius) vandens \u0161ildymui nuo 1990 m. Standartinis produktas yra tu\u0161\u010diaviduris. Boileris prijungiamas prie krosnies ar virykl\u0117s,\" \/>\n<meta property=\"og:url\" content=\"https:\/\/www.skamet.ee\/lt\/tooted\/boileriai-vandeniui-2\/\" \/>\n<meta property=\"og:site_name\" content=\"Skamet\" \/>\n<meta property=\"article:modified_time\" content=\"2021-05-20T05:43:04+00:00\" \/>\n<meta property=\"og:image\" content=\"https:\/\/www.skamet.ee\/wp-content\/uploads\/2021\/03\/B-80-V-268x300-1.jpg\" \/>\n\t<meta property=\"og:image:width\" content=\"268\" \/>\n\t<meta property=\"og:image:height\" content=\"300\" \/>\n\t<meta property=\"og:image:type\" content=\"image\/jpeg\" \/>\n<meta name=\"twitter:card\" content=\"summary_large_image\" \/>\n<meta name=\"twitter:label1\" content=\"Est. reading time\" \/>\n\t<meta name=\"twitter:data1\" content=\"2 minutes\" \/>\n<script type=\"application\/ld+json\" class=\"yoast-schema-graph\">{\"@context\":\"https:\/\/schema.org\",\"@graph\":[{\"@type\":\"WebPage\",\"@id\":\"https:\/\/www.skamet.ee\/lt\/tooted\/boileriai-vandeniui-2\/\",\"url\":\"https:\/\/www.skamet.ee\/lt\/tooted\/boileriai-vandeniui-2\/\",\"name\":\"Boileriai vandeniui - Skamet\",\"isPartOf\":{\"@id\":\"https:\/\/www.skamet.ee\/#website\"},\"primaryImageOfPage\":{\"@id\":\"https:\/\/www.skamet.ee\/lt\/tooted\/boileriai-vandeniui-2\/#primaryimage\"},\"image\":{\"@id\":\"https:\/\/www.skamet.ee\/lt\/tooted\/boileriai-vandeniui-2\/#primaryimage\"},\"thumbnailUrl\":\"https:\/\/www.skamet.ee\/wp-content\/uploads\/2021\/03\/B-80-V-268x300-1.jpg\",\"datePublished\":\"2021-03-24T09:41:33+00:00\",\"dateModified\":\"2021-05-20T05:43:04+00:00\",\"breadcrumb\":{\"@id\":\"https:\/\/www.skamet.ee\/lt\/tooted\/boileriai-vandeniui-2\/#breadcrumb\"},\"inLanguage\":\"lt\",\"potentialAction\":[{\"@type\":\"ReadAction\",\"target\":[\"https:\/\/www.skamet.ee\/lt\/tooted\/boileriai-vandeniui-2\/\"]}]},{\"@type\":\"ImageObject\",\"inLanguage\":\"lt\",\"@id\":\"https:\/\/www.skamet.ee\/lt\/tooted\/boileriai-vandeniui-2\/#primaryimage\",\"url\":\"https:\/\/www.skamet.ee\/wp-content\/uploads\/2021\/03\/B-80-V-268x300-1.jpg\",\"contentUrl\":\"https:\/\/www.skamet.ee\/wp-content\/uploads\/2021\/03\/B-80-V-268x300-1.jpg\",\"width\":268,\"height\":300,\"caption\":\"B 80 V 268x300 1\"},{\"@type\":\"BreadcrumbList\",\"@id\":\"https:\/\/www.skamet.ee\/lt\/tooted\/boileriai-vandeniui-2\/#breadcrumb\",\"itemListElement\":[{\"@type\":\"ListItem\",\"position\":1,\"name\":\"Home\",\"item\":\"https:\/\/www.skamet.ee\/fi\/\"},{\"@type\":\"ListItem\",\"position\":2,\"name\":\"Produktai\",\"item\":\"https:\/\/www.skamet.ee\/lt\/shop-2\/\"},{\"@type\":\"ListItem\",\"position\":3,\"name\":\"Boileriai vandeniui\"}]},{\"@type\":\"WebSite\",\"@id\":\"https:\/\/www.skamet.ee\/#website\",\"url\":\"https:\/\/www.skamet.ee\/\",\"name\":\"Skamet O\u00dc\",\"description\":\"Efektiivsed puuk\u00fcttega saunaahjud Eesti tootjalt\",\"publisher\":{\"@id\":\"https:\/\/www.skamet.ee\/#organization\"},\"potentialAction\":[{\"@type\":\"SearchAction\",\"target\":{\"@type\":\"EntryPoint\",\"urlTemplate\":\"https:\/\/www.skamet.ee\/?s={search_term_string}\"},\"query-input\":{\"@type\":\"PropertyValueSpecification\",\"valueRequired\":true,\"valueName\":\"search_term_string\"}}],\"inLanguage\":\"lt\"},{\"@type\":\"Organization\",\"@id\":\"https:\/\/www.skamet.ee\/#organization\",\"name\":\"Skamet\",\"url\":\"https:\/\/www.skamet.ee\/\",\"logo\":{\"@type\":\"ImageObject\",\"inLanguage\":\"lt\",\"@id\":\"https:\/\/www.skamet.ee\/#\/schema\/logo\/image\/\",\"url\":\"https:\/\/www.skamet.ee\/wp-content\/uploads\/2015\/05\/logo-uus.png\",\"contentUrl\":\"https:\/\/www.skamet.ee\/wp-content\/uploads\/2015\/05\/logo-uus.png\",\"width\":300,\"height\":127,\"caption\":\"Skamet\"},\"image\":{\"@id\":\"https:\/\/www.skamet.ee\/#\/schema\/logo\/image\/\"}}]}<\/script>\n<!-- \/ Yoast SEO plugin. -->","yoast_head_json":{"title":"Boileriai vandeniui - Skamet","robots":{"index":"index","follow":"follow","max-snippet":"max-snippet:-1","max-image-preview":"max-image-preview:large","max-video-preview":"max-video-preview:-1"},"canonical":"https:\/\/www.skamet.ee\/lt\/tooted\/boileriai-vandeniui-2\/","og_locale":"lt_LT","og_type":"article","og_title":"Boileriai vandeniui - Skamet","og_description":"Mes gaminame standartinius boilerius (t\u016brinius) vandens \u0161ildymui nuo 1990 m. Standartinis produktas yra tu\u0161\u010diaviduris. Boileris prijungiamas prie krosnies ar virykl\u0117s,","og_url":"https:\/\/www.skamet.ee\/lt\/tooted\/boileriai-vandeniui-2\/","og_site_name":"Skamet","article_modified_time":"2021-05-20T05:43:04+00:00","og_image":[{"width":268,"height":300,"url":"https:\/\/www.skamet.ee\/wp-content\/uploads\/2021\/03\/B-80-V-268x300-1.jpg","type":"image\/jpeg"}],"twitter_card":"summary_large_image","twitter_misc":{"Est. reading time":"2 minutes"},"schema":{"@context":"https:\/\/schema.org","@graph":[{"@type":"WebPage","@id":"https:\/\/www.skamet.ee\/lt\/tooted\/boileriai-vandeniui-2\/","url":"https:\/\/www.skamet.ee\/lt\/tooted\/boileriai-vandeniui-2\/","name":"Boileriai vandeniui - Skamet","isPartOf":{"@id":"https:\/\/www.skamet.ee\/#website"},"primaryImageOfPage":{"@id":"https:\/\/www.skamet.ee\/lt\/tooted\/boileriai-vandeniui-2\/#primaryimage"},"image":{"@id":"https:\/\/www.skamet.ee\/lt\/tooted\/boileriai-vandeniui-2\/#primaryimage"},"thumbnailUrl":"https:\/\/www.skamet.ee\/wp-content\/uploads\/2021\/03\/B-80-V-268x300-1.jpg","datePublished":"2021-03-24T09:41:33+00:00","dateModified":"2021-05-20T05:43:04+00:00","breadcrumb":{"@id":"https:\/\/www.skamet.ee\/lt\/tooted\/boileriai-vandeniui-2\/#breadcrumb"},"inLanguage":"lt","potentialAction":[{"@type":"ReadAction","target":["https:\/\/www.skamet.ee\/lt\/tooted\/boileriai-vandeniui-2\/"]}]},{"@type":"ImageObject","inLanguage":"lt","@id":"https:\/\/www.skamet.ee\/lt\/tooted\/boileriai-vandeniui-2\/#primaryimage","url":"https:\/\/www.skamet.ee\/wp-content\/uploads\/2021\/03\/B-80-V-268x300-1.jpg","contentUrl":"https:\/\/www.skamet.ee\/wp-content\/uploads\/2021\/03\/B-80-V-268x300-1.jpg","width":268,"height":300,"caption":"B 80 V 268x300 1"},{"@type":"BreadcrumbList","@id":"https:\/\/www.skamet.ee\/lt\/tooted\/boileriai-vandeniui-2\/#breadcrumb","itemListElement":[{"@type":"ListItem","position":1,"name":"Home","item":"https:\/\/www.skamet.ee\/fi\/"},{"@type":"ListItem","position":2,"name":"Produktai","item":"https:\/\/www.skamet.ee\/lt\/shop-2\/"},{"@type":"ListItem","position":3,"name":"Boileriai vandeniui"}]},{"@type":"WebSite","@id":"https:\/\/www.skamet.ee\/#website","url":"https:\/\/www.skamet.ee\/","name":"Skamet O\u00dc","description":"Efektiivsed puuk\u00fcttega saunaahjud Eesti tootjalt","publisher":{"@id":"https:\/\/www.skamet.ee\/#organization"},"potentialAction":[{"@type":"SearchAction","target":{"@type":"EntryPoint","urlTemplate":"https:\/\/www.skamet.ee\/?s={search_term_string}"},"query-input":{"@type":"PropertyValueSpecification","valueRequired":true,"valueName":"search_term_string"}}],"inLanguage":"lt"},{"@type":"Organization","@id":"https:\/\/www.skamet.ee\/#organization","name":"Skamet","url":"https:\/\/www.skamet.ee\/","logo":{"@type":"ImageObject","inLanguage":"lt","@id":"https:\/\/www.skamet.ee\/#\/schema\/logo\/image\/","url":"https:\/\/www.skamet.ee\/wp-content\/uploads\/2015\/05\/logo-uus.png","contentUrl":"https:\/\/www.skamet.ee\/wp-content\/uploads\/2015\/05\/logo-uus.png","width":300,"height":127,"caption":"Skamet"},"image":{"@id":"https:\/\/www.skamet.ee\/#\/schema\/logo\/image\/"}}]}},"_links":{"self":[{"href":"https:\/\/www.skamet.ee\/lt\/wp-json\/wp\/v2\/product\/42031","targetHints":{"allow":["GET"]}}],"collection":[{"href":"https:\/\/www.skamet.ee\/lt\/wp-json\/wp\/v2\/product"}],"about":[{"href":"https:\/\/www.skamet.ee\/lt\/wp-json\/wp\/v2\/types\/product"}],"version-history":[{"count":1,"href":"https:\/\/www.skamet.ee\/lt\/wp-json\/wp\/v2\/product\/42031\/revisions"}],"predecessor-version":[{"id":42052,"href":"https:\/\/www.skamet.ee\/lt\/wp-json\/wp\/v2\/product\/42031\/revisions\/42052"}],"wp:featuredmedia":[{"embeddable":true,"href":"https:\/\/www.skamet.ee\/lt\/wp-json\/wp\/v2\/media\/40552"}],"wp:attachment":[{"href":"https:\/\/www.skamet.ee\/lt\/wp-json\/wp\/v2\/media?parent=42031"}],"wp:term":[{"taxonomy":"product_brand","embeddable":true,"href":"https:\/\/www.skamet.ee\/lt\/wp-json\/wp\/v2\/product_brand?post=42031"},{"taxonomy":"product_cat","embeddable":true,"href":"https:\/\/www.skamet.ee\/lt\/wp-json\/wp\/v2\/product_cat?post=42031"},{"taxonomy":"product_tag","embeddable":true,"href":"https:\/\/www.skamet.ee\/lt\/wp-json\/wp\/v2\/product_tag?post=42031"}],"curies":[{"name":"wp","href":"https:\/\/api.w.org\/{rel}","templated":true}]}}