{"id":42085,"date":"2021-04-05T14:39:19","date_gmt":"2021-04-05T11:39:19","guid":{"rendered":"https:\/\/uus.skamet.ee\/tooted\/uncategorized\/dekoratyvine-plokste-dumtraukiui\/"},"modified":"2026-01-28T08:21:02","modified_gmt":"2026-01-28T06:21:02","slug":"dekoratyvine-plokste-dumtraukiui","status":"publish","type":"product","link":"https:\/\/www.skamet.ee\/lt\/tooted\/dekoratyvine-plokste-dumtraukiui\/","title":{"rendered":"D\u016bmtraukio vamzd\u017eio dekoratyvin\u0117 apdailos juosta"},"content":{"rendered":"<p data-start=\"15\" data-end=\"109\"><strong data-start=\"15\" data-end=\"109\">Apvalios formos dekoratyvin\u0117 apdailos juosta i\u0161 juodo metalo, skirta d\u016bmtraukio vamzd\u017eiui:<\/strong><\/p>\n<ul data-start=\"111\" data-end=\"328\">\n<li data-start=\"111\" data-end=\"140\">\n<p data-start=\"113\" data-end=\"140\">pagaminta i\u0161 juodo metalo<\/p>\n<\/li>\n<li data-start=\"141\" data-end=\"166\">\n<p data-start=\"143\" data-end=\"166\">kra\u0161to plotis \u2013 50 mm<\/p>\n<\/li>\n<li data-start=\"167\" data-end=\"223\">\n<p data-start=\"169\" data-end=\"223\">standartin\u0117 gamyba skersmenims nuo 103 mm iki 200 mm<\/p>\n<\/li>\n<li data-start=\"224\" data-end=\"328\">\n<p data-start=\"226\" data-end=\"328\">115 mm ir 120 mm dekoratyvin\u0117s juostos yra presuotos, kiti dyd\u017eiai \u2013 i\u0161pjauti pjovimo b\u016bdu (plok\u0161ti)<\/p>\n<\/li>\n<\/ul>\n","protected":false},"excerpt":{"rendered":"<p>Apvalios formos dekoratyvin\u0117 apdailos juosta i\u0161 juodo metalo, skirta d\u016bmtraukio vamzd\u017eiui: pagaminta i\u0161 juodo metalo kra\u0161to plotis \u2013 50 mm<\/p>\n","protected":false},"featured_media":39867,"template":"","meta":{"_lmt_disableupdate":"","_lmt_disable":""},"product_brand":[],"product_cat":[364,1086],"product_tag":[],"class_list":{"0":"post-42085","1":"product","2":"type-product","3":"status-publish","4":"has-post-thumbnail","6":"product_cat-dumtraukiai","7":"product_cat-papildomi-priedai-pirties-krosnims","9":"first","10":"instock","11":"shipping-taxable","12":"product-type-simple"},"yoast_head":"<!-- This site is optimized with the Yoast SEO plugin v27.0 - https:\/\/yoast.com\/product\/yoast-seo-wordpress\/ -->\n<title>D\u016bmtraukio vamzd\u017eio dekoratyvin\u0117 apdailos juosta - Skamet<\/title>\n<meta name=\"description\" content=\"D\u016bmtraukio vamzd\u017eio dekoratyvin\u0117 apdailos juosta\" \/>\n<meta name=\"robots\" content=\"index, follow, max-snippet:-1, max-image-preview:large, max-video-preview:-1\" \/>\n<link rel=\"canonical\" href=\"https:\/\/www.skamet.ee\/lt\/tooted\/dekoratyvine-plokste-dumtraukiui\/\" \/>\n<meta property=\"og:locale\" content=\"lt_LT\" \/>\n<meta property=\"og:type\" content=\"article\" \/>\n<meta property=\"og:title\" content=\"D\u016bmtraukio vamzd\u017eio dekoratyvin\u0117 apdailos juosta - Skamet\" \/>\n<meta property=\"og:description\" content=\"D\u016bmtraukio vamzd\u017eio dekoratyvin\u0117 apdailos juosta\" \/>\n<meta property=\"og:url\" content=\"https:\/\/www.skamet.ee\/lt\/tooted\/dekoratyvine-plokste-dumtraukiui\/\" \/>\n<meta property=\"og:site_name\" content=\"Skamet\" \/>\n<meta property=\"article:modified_time\" content=\"2026-01-28T06:21:02+00:00\" \/>\n<meta property=\"og:image\" content=\"https:\/\/www.skamet.ee\/wp-content\/uploads\/2021\/03\/IL-115.png\" \/>\n\t<meta property=\"og:image:width\" content=\"1024\" \/>\n\t<meta property=\"og:image:height\" content=\"1088\" \/>\n\t<meta property=\"og:image:type\" content=\"image\/png\" \/>\n<meta name=\"twitter:card\" content=\"summary_large_image\" \/>\n<meta name=\"twitter:label1\" content=\"Est. reading time\" \/>\n\t<meta name=\"twitter:data1\" content=\"1 minute\" \/>\n<script type=\"application\/ld+json\" class=\"yoast-schema-graph\">{\"@context\":\"https:\/\/schema.org\",\"@graph\":[{\"@type\":\"WebPage\",\"@id\":\"https:\/\/www.skamet.ee\/lt\/tooted\/dekoratyvine-plokste-dumtraukiui\/\",\"url\":\"https:\/\/www.skamet.ee\/lt\/tooted\/dekoratyvine-plokste-dumtraukiui\/\",\"name\":\"D\u016bmtraukio vamzd\u017eio dekoratyvin\u0117 apdailos juosta - Skamet\",\"isPartOf\":{\"@id\":\"https:\/\/www.skamet.ee\/#website\"},\"primaryImageOfPage\":{\"@id\":\"https:\/\/www.skamet.ee\/lt\/tooted\/dekoratyvine-plokste-dumtraukiui\/#primaryimage\"},\"image\":{\"@id\":\"https:\/\/www.skamet.ee\/lt\/tooted\/dekoratyvine-plokste-dumtraukiui\/#primaryimage\"},\"thumbnailUrl\":\"https:\/\/www.skamet.ee\/wp-content\/uploads\/2021\/03\/IL-115.png\",\"datePublished\":\"2021-04-05T11:39:19+00:00\",\"dateModified\":\"2026-01-28T06:21:02+00:00\",\"description\":\"D\u016bmtraukio vamzd\u017eio dekoratyvin\u0117 apdailos juosta\",\"breadcrumb\":{\"@id\":\"https:\/\/www.skamet.ee\/lt\/tooted\/dekoratyvine-plokste-dumtraukiui\/#breadcrumb\"},\"inLanguage\":\"lt\",\"potentialAction\":[{\"@type\":\"ReadAction\",\"target\":[\"https:\/\/www.skamet.ee\/lt\/tooted\/dekoratyvine-plokste-dumtraukiui\/\"]}]},{\"@type\":\"ImageObject\",\"inLanguage\":\"lt\",\"@id\":\"https:\/\/www.skamet.ee\/lt\/tooted\/dekoratyvine-plokste-dumtraukiui\/#primaryimage\",\"url\":\"https:\/\/www.skamet.ee\/wp-content\/uploads\/2021\/03\/IL-115.png\",\"contentUrl\":\"https:\/\/www.skamet.ee\/wp-content\/uploads\/2021\/03\/IL-115.png\",\"width\":1024,\"height\":1088,\"caption\":\"IL 115\"},{\"@type\":\"BreadcrumbList\",\"@id\":\"https:\/\/www.skamet.ee\/lt\/tooted\/dekoratyvine-plokste-dumtraukiui\/#breadcrumb\",\"itemListElement\":[{\"@type\":\"ListItem\",\"position\":1,\"name\":\"Home\",\"item\":\"https:\/\/www.skamet.ee\/fi\/\"},{\"@type\":\"ListItem\",\"position\":2,\"name\":\"Produktai\",\"item\":\"https:\/\/www.skamet.ee\/lt\/shop-2\/\"},{\"@type\":\"ListItem\",\"position\":3,\"name\":\"D\u016bmtraukio vamzd\u017eio dekoratyvin\u0117 apdailos juosta\"}]},{\"@type\":\"WebSite\",\"@id\":\"https:\/\/www.skamet.ee\/#website\",\"url\":\"https:\/\/www.skamet.ee\/\",\"name\":\"Skamet O\u00dc\",\"description\":\"Efektiivsed puuk\u00fcttega saunaahjud Eesti tootjalt\",\"publisher\":{\"@id\":\"https:\/\/www.skamet.ee\/#organization\"},\"potentialAction\":[{\"@type\":\"SearchAction\",\"target\":{\"@type\":\"EntryPoint\",\"urlTemplate\":\"https:\/\/www.skamet.ee\/?s={search_term_string}\"},\"query-input\":{\"@type\":\"PropertyValueSpecification\",\"valueRequired\":true,\"valueName\":\"search_term_string\"}}],\"inLanguage\":\"lt\"},{\"@type\":\"Organization\",\"@id\":\"https:\/\/www.skamet.ee\/#organization\",\"name\":\"Skamet\",\"url\":\"https:\/\/www.skamet.ee\/\",\"logo\":{\"@type\":\"ImageObject\",\"inLanguage\":\"lt\",\"@id\":\"https:\/\/www.skamet.ee\/#\/schema\/logo\/image\/\",\"url\":\"https:\/\/www.skamet.ee\/wp-content\/uploads\/2015\/05\/logo-uus.png\",\"contentUrl\":\"https:\/\/www.skamet.ee\/wp-content\/uploads\/2015\/05\/logo-uus.png\",\"width\":300,\"height\":127,\"caption\":\"Skamet\"},\"image\":{\"@id\":\"https:\/\/www.skamet.ee\/#\/schema\/logo\/image\/\"}}]}<\/script>\n<!-- \/ Yoast SEO plugin. -->","yoast_head_json":{"title":"D\u016bmtraukio vamzd\u017eio dekoratyvin\u0117 apdailos juosta - Skamet","description":"D\u016bmtraukio vamzd\u017eio dekoratyvin\u0117 apdailos juosta","robots":{"index":"index","follow":"follow","max-snippet":"max-snippet:-1","max-image-preview":"max-image-preview:large","max-video-preview":"max-video-preview:-1"},"canonical":"https:\/\/www.skamet.ee\/lt\/tooted\/dekoratyvine-plokste-dumtraukiui\/","og_locale":"lt_LT","og_type":"article","og_title":"D\u016bmtraukio vamzd\u017eio dekoratyvin\u0117 apdailos juosta - Skamet","og_description":"D\u016bmtraukio vamzd\u017eio dekoratyvin\u0117 apdailos juosta","og_url":"https:\/\/www.skamet.ee\/lt\/tooted\/dekoratyvine-plokste-dumtraukiui\/","og_site_name":"Skamet","article_modified_time":"2026-01-28T06:21:02+00:00","og_image":[{"width":1024,"height":1088,"url":"https:\/\/www.skamet.ee\/wp-content\/uploads\/2021\/03\/IL-115.png","type":"image\/png"}],"twitter_card":"summary_large_image","twitter_misc":{"Est. reading time":"1 minute"},"schema":{"@context":"https:\/\/schema.org","@graph":[{"@type":"WebPage","@id":"https:\/\/www.skamet.ee\/lt\/tooted\/dekoratyvine-plokste-dumtraukiui\/","url":"https:\/\/www.skamet.ee\/lt\/tooted\/dekoratyvine-plokste-dumtraukiui\/","name":"D\u016bmtraukio vamzd\u017eio dekoratyvin\u0117 apdailos juosta - Skamet","isPartOf":{"@id":"https:\/\/www.skamet.ee\/#website"},"primaryImageOfPage":{"@id":"https:\/\/www.skamet.ee\/lt\/tooted\/dekoratyvine-plokste-dumtraukiui\/#primaryimage"},"image":{"@id":"https:\/\/www.skamet.ee\/lt\/tooted\/dekoratyvine-plokste-dumtraukiui\/#primaryimage"},"thumbnailUrl":"https:\/\/www.skamet.ee\/wp-content\/uploads\/2021\/03\/IL-115.png","datePublished":"2021-04-05T11:39:19+00:00","dateModified":"2026-01-28T06:21:02+00:00","description":"D\u016bmtraukio vamzd\u017eio dekoratyvin\u0117 apdailos juosta","breadcrumb":{"@id":"https:\/\/www.skamet.ee\/lt\/tooted\/dekoratyvine-plokste-dumtraukiui\/#breadcrumb"},"inLanguage":"lt","potentialAction":[{"@type":"ReadAction","target":["https:\/\/www.skamet.ee\/lt\/tooted\/dekoratyvine-plokste-dumtraukiui\/"]}]},{"@type":"ImageObject","inLanguage":"lt","@id":"https:\/\/www.skamet.ee\/lt\/tooted\/dekoratyvine-plokste-dumtraukiui\/#primaryimage","url":"https:\/\/www.skamet.ee\/wp-content\/uploads\/2021\/03\/IL-115.png","contentUrl":"https:\/\/www.skamet.ee\/wp-content\/uploads\/2021\/03\/IL-115.png","width":1024,"height":1088,"caption":"IL 115"},{"@type":"BreadcrumbList","@id":"https:\/\/www.skamet.ee\/lt\/tooted\/dekoratyvine-plokste-dumtraukiui\/#breadcrumb","itemListElement":[{"@type":"ListItem","position":1,"name":"Home","item":"https:\/\/www.skamet.ee\/fi\/"},{"@type":"ListItem","position":2,"name":"Produktai","item":"https:\/\/www.skamet.ee\/lt\/shop-2\/"},{"@type":"ListItem","position":3,"name":"D\u016bmtraukio vamzd\u017eio dekoratyvin\u0117 apdailos juosta"}]},{"@type":"WebSite","@id":"https:\/\/www.skamet.ee\/#website","url":"https:\/\/www.skamet.ee\/","name":"Skamet O\u00dc","description":"Efektiivsed puuk\u00fcttega saunaahjud Eesti tootjalt","publisher":{"@id":"https:\/\/www.skamet.ee\/#organization"},"potentialAction":[{"@type":"SearchAction","target":{"@type":"EntryPoint","urlTemplate":"https:\/\/www.skamet.ee\/?s={search_term_string}"},"query-input":{"@type":"PropertyValueSpecification","valueRequired":true,"valueName":"search_term_string"}}],"inLanguage":"lt"},{"@type":"Organization","@id":"https:\/\/www.skamet.ee\/#organization","name":"Skamet","url":"https:\/\/www.skamet.ee\/","logo":{"@type":"ImageObject","inLanguage":"lt","@id":"https:\/\/www.skamet.ee\/#\/schema\/logo\/image\/","url":"https:\/\/www.skamet.ee\/wp-content\/uploads\/2015\/05\/logo-uus.png","contentUrl":"https:\/\/www.skamet.ee\/wp-content\/uploads\/2015\/05\/logo-uus.png","width":300,"height":127,"caption":"Skamet"},"image":{"@id":"https:\/\/www.skamet.ee\/#\/schema\/logo\/image\/"}}]}},"_links":{"self":[{"href":"https:\/\/www.skamet.ee\/lt\/wp-json\/wp\/v2\/product\/42085","targetHints":{"allow":["GET"]}}],"collection":[{"href":"https:\/\/www.skamet.ee\/lt\/wp-json\/wp\/v2\/product"}],"about":[{"href":"https:\/\/www.skamet.ee\/lt\/wp-json\/wp\/v2\/types\/product"}],"version-history":[{"count":1,"href":"https:\/\/www.skamet.ee\/lt\/wp-json\/wp\/v2\/product\/42085\/revisions"}],"predecessor-version":[{"id":54411,"href":"https:\/\/www.skamet.ee\/lt\/wp-json\/wp\/v2\/product\/42085\/revisions\/54411"}],"wp:featuredmedia":[{"embeddable":true,"href":"https:\/\/www.skamet.ee\/lt\/wp-json\/wp\/v2\/media\/39867"}],"wp:attachment":[{"href":"https:\/\/www.skamet.ee\/lt\/wp-json\/wp\/v2\/media?parent=42085"}],"wp:term":[{"taxonomy":"product_brand","embeddable":true,"href":"https:\/\/www.skamet.ee\/lt\/wp-json\/wp\/v2\/product_brand?post=42085"},{"taxonomy":"product_cat","embeddable":true,"href":"https:\/\/www.skamet.ee\/lt\/wp-json\/wp\/v2\/product_cat?post=42085"},{"taxonomy":"product_tag","embeddable":true,"href":"https:\/\/www.skamet.ee\/lt\/wp-json\/wp\/v2\/product_tag?post=42085"}],"curies":[{"name":"wp","href":"https:\/\/api.w.org\/{rel}","templated":true}]}}