{"id":42368,"date":"2021-03-24T09:26:04","date_gmt":"2021-03-24T07:26:04","guid":{"rendered":"https:\/\/uus.skamet.ee\/tooted\/uncategorized\/talpyklos-vandeniui-2\/"},"modified":"2021-03-24T09:26:04","modified_gmt":"2021-03-24T07:26:04","slug":"talpyklos-vandeniui-2","status":"publish","type":"product","link":"https:\/\/www.skamet.ee\/lt\/tooted\/talpyklos-vandeniui-2\/","title":{"rendered":"Talpyklos vandeniui"},"content":{"rendered":"<p>Skamet O\u00dc gamina \u012fvairias talpyklas:\u00a0<strong>boileriai vandeniui,<\/strong>\u00a0<strong>talpyklos<\/strong>. Juos gaminame i\u0161 juodo arba ner\u016bdijan\u010dio plieno.<\/p>\n<p>Standartinio boilerio skersmuo \u2013\u00a0 40 ir 45 cm, o t\u016bris \u2013\u00a0 80\u2013150 litr\u0173. Gaminame u\u017edarus boilerius vandeniui, kurie gali b\u016bti prijungti prie vandentiekio su spaudimu ir atvirus katilus, kurie gali b\u016bti naudojami be spaudimo. Gaminame ir horizontalius, ir vertikalius boilerius. Be standartini\u0173 produkt\u0173 dar gaminame boilerius pagal u\u017esakymus (pagal br\u0117\u017einius ar pagal sen\u0105j\u012f kliento boiler\u012f).<\/p>\n<p>Talpyklas \u2013\u00a0 cilindrines ir sta\u010diakampes \u2013 gaminame tik pagal kliento br\u0117\u017einius. Galima pagaminti 500\u20131200 mm skersmens cilindrin\u0119 talpykl\u0105.<\/p>\n","protected":false},"excerpt":{"rendered":"<p>Skamet O\u00dc gamina \u012fvairias talpyklas:\u00a0boileriai vandeniui,\u00a0talpyklos. Juos gaminame i\u0161 juodo arba ner\u016bdijan\u010dio plieno. Standartinio boilerio skersmuo \u2013\u00a0 40 ir 45<\/p>\n","protected":false},"featured_media":39635,"template":"","meta":{"_lmt_disableupdate":"","_lmt_disable":""},"product_brand":[],"product_cat":[973],"product_tag":[],"class_list":{"0":"post-42368","1":"product","2":"type-product","3":"status-publish","4":"has-post-thumbnail","6":"product_cat-talpyklos-vandeniui","8":"first","9":"instock","10":"shipping-taxable","11":"product-type-simple"},"yoast_head":"<!-- This site is optimized with the Yoast SEO plugin v27.0 - https:\/\/yoast.com\/product\/yoast-seo-wordpress\/ -->\n<title>Talpyklos vandeniui - Skamet<\/title>\n<meta name=\"robots\" content=\"index, follow, max-snippet:-1, max-image-preview:large, max-video-preview:-1\" \/>\n<link rel=\"canonical\" href=\"https:\/\/www.skamet.ee\/tooted\/veemahutid\/\" \/>\n<meta property=\"og:locale\" content=\"lt_LT\" \/>\n<meta property=\"og:type\" content=\"article\" \/>\n<meta property=\"og:title\" content=\"Talpyklos vandeniui - Skamet\" \/>\n<meta property=\"og:description\" content=\"Skamet O\u00dc gamina \u012fvairias talpyklas:\u00a0boileriai vandeniui,\u00a0talpyklos. Juos gaminame i\u0161 juodo arba ner\u016bdijan\u010dio plieno. Standartinio boilerio skersmuo \u2013\u00a0 40 ir 45\" \/>\n<meta property=\"og:url\" content=\"https:\/\/www.skamet.ee\/tooted\/veemahutid\/\" \/>\n<meta property=\"og:site_name\" content=\"Skamet\" \/>\n<meta property=\"og:image\" content=\"https:\/\/www.skamet.ee\/wp-content\/uploads\/2021\/03\/P1090677.jpg\" \/>\n\t<meta property=\"og:image:width\" content=\"1024\" \/>\n\t<meta property=\"og:image:height\" content=\"1106\" \/>\n\t<meta property=\"og:image:type\" content=\"image\/jpeg\" \/>\n<meta name=\"twitter:card\" content=\"summary_large_image\" \/>\n<script type=\"application\/ld+json\" class=\"yoast-schema-graph\">{\"@context\":\"https:\/\/schema.org\",\"@graph\":[{\"@type\":\"WebPage\",\"@id\":\"https:\/\/www.skamet.ee\/tooted\/veemahutid\/\",\"url\":\"https:\/\/www.skamet.ee\/tooted\/veemahutid\/\",\"name\":\"Talpyklos vandeniui - Skamet\",\"isPartOf\":{\"@id\":\"https:\/\/www.skamet.ee\/#website\"},\"primaryImageOfPage\":{\"@id\":\"https:\/\/www.skamet.ee\/tooted\/veemahutid\/#primaryimage\"},\"image\":{\"@id\":\"https:\/\/www.skamet.ee\/tooted\/veemahutid\/#primaryimage\"},\"thumbnailUrl\":\"https:\/\/www.skamet.ee\/wp-content\/uploads\/2021\/03\/P1090677.jpg\",\"datePublished\":\"2021-03-24T07:26:04+00:00\",\"breadcrumb\":{\"@id\":\"https:\/\/www.skamet.ee\/tooted\/veemahutid\/#breadcrumb\"},\"inLanguage\":\"lt\",\"potentialAction\":[{\"@type\":\"ReadAction\",\"target\":[\"https:\/\/www.skamet.ee\/tooted\/veemahutid\/\"]}]},{\"@type\":\"ImageObject\",\"inLanguage\":\"lt\",\"@id\":\"https:\/\/www.skamet.ee\/tooted\/veemahutid\/#primaryimage\",\"url\":\"https:\/\/www.skamet.ee\/wp-content\/uploads\/2021\/03\/P1090677.jpg\",\"contentUrl\":\"https:\/\/www.skamet.ee\/wp-content\/uploads\/2021\/03\/P1090677.jpg\",\"width\":1024,\"height\":1106,\"caption\":\"P1090677\"},{\"@type\":\"BreadcrumbList\",\"@id\":\"https:\/\/www.skamet.ee\/tooted\/veemahutid\/#breadcrumb\",\"itemListElement\":[{\"@type\":\"ListItem\",\"position\":1,\"name\":\"Home\",\"item\":\"https:\/\/www.skamet.ee\/fi\/\"},{\"@type\":\"ListItem\",\"position\":2,\"name\":\"Produktai\",\"item\":\"https:\/\/www.skamet.ee\/lt\/shop-2\/\"},{\"@type\":\"ListItem\",\"position\":3,\"name\":\"Talpyklos vandeniui\"}]},{\"@type\":\"WebSite\",\"@id\":\"https:\/\/www.skamet.ee\/#website\",\"url\":\"https:\/\/www.skamet.ee\/\",\"name\":\"Skamet O\u00dc\",\"description\":\"Efektiivsed puuk\u00fcttega saunaahjud Eesti tootjalt\",\"publisher\":{\"@id\":\"https:\/\/www.skamet.ee\/#organization\"},\"potentialAction\":[{\"@type\":\"SearchAction\",\"target\":{\"@type\":\"EntryPoint\",\"urlTemplate\":\"https:\/\/www.skamet.ee\/?s={search_term_string}\"},\"query-input\":{\"@type\":\"PropertyValueSpecification\",\"valueRequired\":true,\"valueName\":\"search_term_string\"}}],\"inLanguage\":\"lt\"},{\"@type\":\"Organization\",\"@id\":\"https:\/\/www.skamet.ee\/#organization\",\"name\":\"Skamet\",\"url\":\"https:\/\/www.skamet.ee\/\",\"logo\":{\"@type\":\"ImageObject\",\"inLanguage\":\"lt\",\"@id\":\"https:\/\/www.skamet.ee\/#\/schema\/logo\/image\/\",\"url\":\"https:\/\/www.skamet.ee\/wp-content\/uploads\/2015\/05\/logo-uus.png\",\"contentUrl\":\"https:\/\/www.skamet.ee\/wp-content\/uploads\/2015\/05\/logo-uus.png\",\"width\":300,\"height\":127,\"caption\":\"Skamet\"},\"image\":{\"@id\":\"https:\/\/www.skamet.ee\/#\/schema\/logo\/image\/\"}}]}<\/script>\n<!-- \/ Yoast SEO plugin. -->","yoast_head_json":{"title":"Talpyklos vandeniui - Skamet","robots":{"index":"index","follow":"follow","max-snippet":"max-snippet:-1","max-image-preview":"max-image-preview:large","max-video-preview":"max-video-preview:-1"},"canonical":"https:\/\/www.skamet.ee\/tooted\/veemahutid\/","og_locale":"lt_LT","og_type":"article","og_title":"Talpyklos vandeniui - Skamet","og_description":"Skamet O\u00dc gamina \u012fvairias talpyklas:\u00a0boileriai vandeniui,\u00a0talpyklos. Juos gaminame i\u0161 juodo arba ner\u016bdijan\u010dio plieno. Standartinio boilerio skersmuo \u2013\u00a0 40 ir 45","og_url":"https:\/\/www.skamet.ee\/tooted\/veemahutid\/","og_site_name":"Skamet","og_image":[{"width":1024,"height":1106,"url":"https:\/\/www.skamet.ee\/wp-content\/uploads\/2021\/03\/P1090677.jpg","type":"image\/jpeg"}],"twitter_card":"summary_large_image","schema":{"@context":"https:\/\/schema.org","@graph":[{"@type":"WebPage","@id":"https:\/\/www.skamet.ee\/tooted\/veemahutid\/","url":"https:\/\/www.skamet.ee\/tooted\/veemahutid\/","name":"Talpyklos vandeniui - Skamet","isPartOf":{"@id":"https:\/\/www.skamet.ee\/#website"},"primaryImageOfPage":{"@id":"https:\/\/www.skamet.ee\/tooted\/veemahutid\/#primaryimage"},"image":{"@id":"https:\/\/www.skamet.ee\/tooted\/veemahutid\/#primaryimage"},"thumbnailUrl":"https:\/\/www.skamet.ee\/wp-content\/uploads\/2021\/03\/P1090677.jpg","datePublished":"2021-03-24T07:26:04+00:00","breadcrumb":{"@id":"https:\/\/www.skamet.ee\/tooted\/veemahutid\/#breadcrumb"},"inLanguage":"lt","potentialAction":[{"@type":"ReadAction","target":["https:\/\/www.skamet.ee\/tooted\/veemahutid\/"]}]},{"@type":"ImageObject","inLanguage":"lt","@id":"https:\/\/www.skamet.ee\/tooted\/veemahutid\/#primaryimage","url":"https:\/\/www.skamet.ee\/wp-content\/uploads\/2021\/03\/P1090677.jpg","contentUrl":"https:\/\/www.skamet.ee\/wp-content\/uploads\/2021\/03\/P1090677.jpg","width":1024,"height":1106,"caption":"P1090677"},{"@type":"BreadcrumbList","@id":"https:\/\/www.skamet.ee\/tooted\/veemahutid\/#breadcrumb","itemListElement":[{"@type":"ListItem","position":1,"name":"Home","item":"https:\/\/www.skamet.ee\/fi\/"},{"@type":"ListItem","position":2,"name":"Produktai","item":"https:\/\/www.skamet.ee\/lt\/shop-2\/"},{"@type":"ListItem","position":3,"name":"Talpyklos vandeniui"}]},{"@type":"WebSite","@id":"https:\/\/www.skamet.ee\/#website","url":"https:\/\/www.skamet.ee\/","name":"Skamet O\u00dc","description":"Efektiivsed puuk\u00fcttega saunaahjud Eesti tootjalt","publisher":{"@id":"https:\/\/www.skamet.ee\/#organization"},"potentialAction":[{"@type":"SearchAction","target":{"@type":"EntryPoint","urlTemplate":"https:\/\/www.skamet.ee\/?s={search_term_string}"},"query-input":{"@type":"PropertyValueSpecification","valueRequired":true,"valueName":"search_term_string"}}],"inLanguage":"lt"},{"@type":"Organization","@id":"https:\/\/www.skamet.ee\/#organization","name":"Skamet","url":"https:\/\/www.skamet.ee\/","logo":{"@type":"ImageObject","inLanguage":"lt","@id":"https:\/\/www.skamet.ee\/#\/schema\/logo\/image\/","url":"https:\/\/www.skamet.ee\/wp-content\/uploads\/2015\/05\/logo-uus.png","contentUrl":"https:\/\/www.skamet.ee\/wp-content\/uploads\/2015\/05\/logo-uus.png","width":300,"height":127,"caption":"Skamet"},"image":{"@id":"https:\/\/www.skamet.ee\/#\/schema\/logo\/image\/"}}]}},"_links":{"self":[{"href":"https:\/\/www.skamet.ee\/lt\/wp-json\/wp\/v2\/product\/42368","targetHints":{"allow":["GET"]}}],"collection":[{"href":"https:\/\/www.skamet.ee\/lt\/wp-json\/wp\/v2\/product"}],"about":[{"href":"https:\/\/www.skamet.ee\/lt\/wp-json\/wp\/v2\/types\/product"}],"version-history":[{"count":0,"href":"https:\/\/www.skamet.ee\/lt\/wp-json\/wp\/v2\/product\/42368\/revisions"}],"wp:featuredmedia":[{"embeddable":true,"href":"https:\/\/www.skamet.ee\/lt\/wp-json\/wp\/v2\/media\/39635"}],"wp:attachment":[{"href":"https:\/\/www.skamet.ee\/lt\/wp-json\/wp\/v2\/media?parent=42368"}],"wp:term":[{"taxonomy":"product_brand","embeddable":true,"href":"https:\/\/www.skamet.ee\/lt\/wp-json\/wp\/v2\/product_brand?post=42368"},{"taxonomy":"product_cat","embeddable":true,"href":"https:\/\/www.skamet.ee\/lt\/wp-json\/wp\/v2\/product_cat?post=42368"},{"taxonomy":"product_tag","embeddable":true,"href":"https:\/\/www.skamet.ee\/lt\/wp-json\/wp\/v2\/product_tag?post=42368"}],"curies":[{"name":"wp","href":"https:\/\/api.w.org\/{rel}","templated":true}]}}