{"id":42374,"date":"2021-03-11T11:28:01","date_gmt":"2021-03-11T09:28:01","guid":{"rendered":"https:\/\/uus.skamet.ee\/tooted\/uncategorized\/krosneles-pirciai-su-metaliniu-korpusu-2\/"},"modified":"2021-03-11T11:28:01","modified_gmt":"2021-03-11T09:28:01","slug":"krosneles-pirciai-su-metaliniu-korpusu-2","status":"publish","type":"product","link":"https:\/\/www.skamet.ee\/lt\/tooted\/krosneles-pirciai-su-metaliniu-korpusu-2\/","title":{"rendered":"Krosnel\u0117s pir\u010diai su metaliniu korpusu"},"content":{"rendered":"<p>Krosnel\u0117s su metaliniu korpusu gaminamos Piarnu nuo 1990 m. Nuo 2006 m. jas gamina\u00a0 ,,Skamet\u201c. Jei teisingai i\u0161sirinksite tinkam\u0105 krosnel\u0119 pir\u010diai pagal garin\u0117s dyd\u012f ir kitus parametrus\u00a0 (be boilerio), tai jos i\u0161k\u016brenimas truks apie 30-45 minu\u010di\u0173 (turint boiler\u012f u\u017etruksite ilgiau, priklausomai nuo jo dyd\u017eio). Per t\u0105 pat\u012f laik\u0105 garin\u0117 \u012fkais iki 100 laipsni\u0173. Svarbu ir gryno oro patekimas bei i\u0161metam\u0173j\u0173 duj\u0173 srauto pa\u0161alinimas.<\/p>\n","protected":false},"excerpt":{"rendered":"<p>Krosnel\u0117s su metaliniu korpusu gaminamos Piarnu nuo 1990 m. Nuo 2006 m. jas gamina\u00a0 ,,Skamet\u201c. Jei teisingai i\u0161sirinksite tinkam\u0105 krosnel\u0119<\/p>\n","protected":false},"featured_media":39510,"template":"","meta":{"_lmt_disableupdate":"","_lmt_disable":""},"product_brand":[],"product_cat":[308,371],"product_tag":[],"class_list":{"0":"post-42374","1":"product","2":"type-product","3":"status-publish","4":"has-post-thumbnail","6":"product_cat-toisesta-tilasta-lammitettavat","7":"product_cat-krosneles-pirtims","8":"pa_ahju-korgus-73-cm-lt","9":"pa_ahju-korgus-81-cm-lt","10":"pa_ahju-laius-43-cm-lt","11":"pa_ahju-sugavus-51-cm-lt","12":"pa_kivide-hulk-40-kg-lt","13":"pa_kivide-hulk-50-kg-lt","14":"pa_koetav-ruumala-16-m-25-m-lt","15":"pa_koetav-ruumala-8-m-18-m-lt","16":"pa_mudel-p-116-lt","17":"pa_mudel-p-120-lt","19":"first","20":"instock","21":"shipping-taxable","22":"product-type-simple"},"yoast_head":"<!-- This site is optimized with the Yoast SEO plugin v27.0 - https:\/\/yoast.com\/product\/yoast-seo-wordpress\/ -->\n<title>Krosnel\u0117s pir\u010diai su metaliniu korpusu - Skamet<\/title>\n<meta name=\"robots\" content=\"index, follow, max-snippet:-1, max-image-preview:large, max-video-preview:-1\" \/>\n<link rel=\"canonical\" href=\"https:\/\/www.skamet.ee\/lt\/tooted\/krosneles-pirciai-su-metaliniu-korpusu-2\/\" \/>\n<meta property=\"og:locale\" content=\"lt_LT\" \/>\n<meta property=\"og:type\" content=\"article\" \/>\n<meta property=\"og:title\" content=\"Krosnel\u0117s pir\u010diai su metaliniu korpusu - Skamet\" \/>\n<meta property=\"og:description\" content=\"Krosnel\u0117s su metaliniu korpusu gaminamos Piarnu nuo 1990 m. Nuo 2006 m. jas gamina\u00a0 ,,Skamet\u201c. Jei teisingai i\u0161sirinksite tinkam\u0105 krosnel\u0119\" \/>\n<meta property=\"og:url\" content=\"https:\/\/www.skamet.ee\/lt\/tooted\/krosneles-pirciai-su-metaliniu-korpusu-2\/\" \/>\n<meta property=\"og:site_name\" content=\"Skamet\" \/>\n<meta property=\"og:image\" content=\"https:\/\/www.skamet.ee\/wp-content\/uploads\/2021\/03\/P-116P-120-e1615455292633.jpg\" \/>\n\t<meta property=\"og:image:width\" content=\"1024\" \/>\n\t<meta property=\"og:image:height\" content=\"993\" \/>\n\t<meta property=\"og:image:type\" content=\"image\/jpeg\" \/>\n<meta name=\"twitter:card\" content=\"summary_large_image\" \/>\n<script type=\"application\/ld+json\" class=\"yoast-schema-graph\">{\"@context\":\"https:\/\/schema.org\",\"@graph\":[{\"@type\":\"WebPage\",\"@id\":\"https:\/\/www.skamet.ee\/lt\/tooted\/krosneles-pirciai-su-metaliniu-korpusu-2\/\",\"url\":\"https:\/\/www.skamet.ee\/lt\/tooted\/krosneles-pirciai-su-metaliniu-korpusu-2\/\",\"name\":\"Krosnel\u0117s pir\u010diai su metaliniu korpusu - Skamet\",\"isPartOf\":{\"@id\":\"https:\/\/www.skamet.ee\/#website\"},\"primaryImageOfPage\":{\"@id\":\"https:\/\/www.skamet.ee\/lt\/tooted\/krosneles-pirciai-su-metaliniu-korpusu-2\/#primaryimage\"},\"image\":{\"@id\":\"https:\/\/www.skamet.ee\/lt\/tooted\/krosneles-pirciai-su-metaliniu-korpusu-2\/#primaryimage\"},\"thumbnailUrl\":\"https:\/\/www.skamet.ee\/wp-content\/uploads\/2021\/03\/P-116P-120-e1615455292633.jpg\",\"datePublished\":\"2021-03-11T09:28:01+00:00\",\"breadcrumb\":{\"@id\":\"https:\/\/www.skamet.ee\/lt\/tooted\/krosneles-pirciai-su-metaliniu-korpusu-2\/#breadcrumb\"},\"inLanguage\":\"lt\",\"potentialAction\":[{\"@type\":\"ReadAction\",\"target\":[\"https:\/\/www.skamet.ee\/lt\/tooted\/krosneles-pirciai-su-metaliniu-korpusu-2\/\"]}]},{\"@type\":\"ImageObject\",\"inLanguage\":\"lt\",\"@id\":\"https:\/\/www.skamet.ee\/lt\/tooted\/krosneles-pirciai-su-metaliniu-korpusu-2\/#primaryimage\",\"url\":\"https:\/\/www.skamet.ee\/wp-content\/uploads\/2021\/03\/P-116P-120-e1615455292633.jpg\",\"contentUrl\":\"https:\/\/www.skamet.ee\/wp-content\/uploads\/2021\/03\/P-116P-120-e1615455292633.jpg\",\"width\":1024,\"height\":993,\"caption\":\"P 116P 120 e1615455292633\"},{\"@type\":\"BreadcrumbList\",\"@id\":\"https:\/\/www.skamet.ee\/lt\/tooted\/krosneles-pirciai-su-metaliniu-korpusu-2\/#breadcrumb\",\"itemListElement\":[{\"@type\":\"ListItem\",\"position\":1,\"name\":\"Home\",\"item\":\"https:\/\/www.skamet.ee\/fi\/\"},{\"@type\":\"ListItem\",\"position\":2,\"name\":\"Produktai\",\"item\":\"https:\/\/www.skamet.ee\/lt\/shop-2\/\"},{\"@type\":\"ListItem\",\"position\":3,\"name\":\"Krosnel\u0117s pir\u010diai su metaliniu korpusu\"}]},{\"@type\":\"WebSite\",\"@id\":\"https:\/\/www.skamet.ee\/#website\",\"url\":\"https:\/\/www.skamet.ee\/\",\"name\":\"Skamet O\u00dc\",\"description\":\"Efektiivsed puuk\u00fcttega saunaahjud Eesti tootjalt\",\"publisher\":{\"@id\":\"https:\/\/www.skamet.ee\/#organization\"},\"potentialAction\":[{\"@type\":\"SearchAction\",\"target\":{\"@type\":\"EntryPoint\",\"urlTemplate\":\"https:\/\/www.skamet.ee\/?s={search_term_string}\"},\"query-input\":{\"@type\":\"PropertyValueSpecification\",\"valueRequired\":true,\"valueName\":\"search_term_string\"}}],\"inLanguage\":\"lt\"},{\"@type\":\"Organization\",\"@id\":\"https:\/\/www.skamet.ee\/#organization\",\"name\":\"Skamet\",\"url\":\"https:\/\/www.skamet.ee\/\",\"logo\":{\"@type\":\"ImageObject\",\"inLanguage\":\"lt\",\"@id\":\"https:\/\/www.skamet.ee\/#\/schema\/logo\/image\/\",\"url\":\"https:\/\/www.skamet.ee\/wp-content\/uploads\/2015\/05\/logo-uus.png\",\"contentUrl\":\"https:\/\/www.skamet.ee\/wp-content\/uploads\/2015\/05\/logo-uus.png\",\"width\":300,\"height\":127,\"caption\":\"Skamet\"},\"image\":{\"@id\":\"https:\/\/www.skamet.ee\/#\/schema\/logo\/image\/\"}}]}<\/script>\n<!-- \/ Yoast SEO plugin. -->","yoast_head_json":{"title":"Krosnel\u0117s pir\u010diai su metaliniu korpusu - Skamet","robots":{"index":"index","follow":"follow","max-snippet":"max-snippet:-1","max-image-preview":"max-image-preview:large","max-video-preview":"max-video-preview:-1"},"canonical":"https:\/\/www.skamet.ee\/lt\/tooted\/krosneles-pirciai-su-metaliniu-korpusu-2\/","og_locale":"lt_LT","og_type":"article","og_title":"Krosnel\u0117s pir\u010diai su metaliniu korpusu - Skamet","og_description":"Krosnel\u0117s su metaliniu korpusu gaminamos Piarnu nuo 1990 m. Nuo 2006 m. jas gamina\u00a0 ,,Skamet\u201c. Jei teisingai i\u0161sirinksite tinkam\u0105 krosnel\u0119","og_url":"https:\/\/www.skamet.ee\/lt\/tooted\/krosneles-pirciai-su-metaliniu-korpusu-2\/","og_site_name":"Skamet","og_image":[{"width":1024,"height":993,"url":"https:\/\/www.skamet.ee\/wp-content\/uploads\/2021\/03\/P-116P-120-e1615455292633.jpg","type":"image\/jpeg"}],"twitter_card":"summary_large_image","schema":{"@context":"https:\/\/schema.org","@graph":[{"@type":"WebPage","@id":"https:\/\/www.skamet.ee\/lt\/tooted\/krosneles-pirciai-su-metaliniu-korpusu-2\/","url":"https:\/\/www.skamet.ee\/lt\/tooted\/krosneles-pirciai-su-metaliniu-korpusu-2\/","name":"Krosnel\u0117s pir\u010diai su metaliniu korpusu - Skamet","isPartOf":{"@id":"https:\/\/www.skamet.ee\/#website"},"primaryImageOfPage":{"@id":"https:\/\/www.skamet.ee\/lt\/tooted\/krosneles-pirciai-su-metaliniu-korpusu-2\/#primaryimage"},"image":{"@id":"https:\/\/www.skamet.ee\/lt\/tooted\/krosneles-pirciai-su-metaliniu-korpusu-2\/#primaryimage"},"thumbnailUrl":"https:\/\/www.skamet.ee\/wp-content\/uploads\/2021\/03\/P-116P-120-e1615455292633.jpg","datePublished":"2021-03-11T09:28:01+00:00","breadcrumb":{"@id":"https:\/\/www.skamet.ee\/lt\/tooted\/krosneles-pirciai-su-metaliniu-korpusu-2\/#breadcrumb"},"inLanguage":"lt","potentialAction":[{"@type":"ReadAction","target":["https:\/\/www.skamet.ee\/lt\/tooted\/krosneles-pirciai-su-metaliniu-korpusu-2\/"]}]},{"@type":"ImageObject","inLanguage":"lt","@id":"https:\/\/www.skamet.ee\/lt\/tooted\/krosneles-pirciai-su-metaliniu-korpusu-2\/#primaryimage","url":"https:\/\/www.skamet.ee\/wp-content\/uploads\/2021\/03\/P-116P-120-e1615455292633.jpg","contentUrl":"https:\/\/www.skamet.ee\/wp-content\/uploads\/2021\/03\/P-116P-120-e1615455292633.jpg","width":1024,"height":993,"caption":"P 116P 120 e1615455292633"},{"@type":"BreadcrumbList","@id":"https:\/\/www.skamet.ee\/lt\/tooted\/krosneles-pirciai-su-metaliniu-korpusu-2\/#breadcrumb","itemListElement":[{"@type":"ListItem","position":1,"name":"Home","item":"https:\/\/www.skamet.ee\/fi\/"},{"@type":"ListItem","position":2,"name":"Produktai","item":"https:\/\/www.skamet.ee\/lt\/shop-2\/"},{"@type":"ListItem","position":3,"name":"Krosnel\u0117s pir\u010diai su metaliniu korpusu"}]},{"@type":"WebSite","@id":"https:\/\/www.skamet.ee\/#website","url":"https:\/\/www.skamet.ee\/","name":"Skamet O\u00dc","description":"Efektiivsed puuk\u00fcttega saunaahjud Eesti tootjalt","publisher":{"@id":"https:\/\/www.skamet.ee\/#organization"},"potentialAction":[{"@type":"SearchAction","target":{"@type":"EntryPoint","urlTemplate":"https:\/\/www.skamet.ee\/?s={search_term_string}"},"query-input":{"@type":"PropertyValueSpecification","valueRequired":true,"valueName":"search_term_string"}}],"inLanguage":"lt"},{"@type":"Organization","@id":"https:\/\/www.skamet.ee\/#organization","name":"Skamet","url":"https:\/\/www.skamet.ee\/","logo":{"@type":"ImageObject","inLanguage":"lt","@id":"https:\/\/www.skamet.ee\/#\/schema\/logo\/image\/","url":"https:\/\/www.skamet.ee\/wp-content\/uploads\/2015\/05\/logo-uus.png","contentUrl":"https:\/\/www.skamet.ee\/wp-content\/uploads\/2015\/05\/logo-uus.png","width":300,"height":127,"caption":"Skamet"},"image":{"@id":"https:\/\/www.skamet.ee\/#\/schema\/logo\/image\/"}}]}},"_links":{"self":[{"href":"https:\/\/www.skamet.ee\/lt\/wp-json\/wp\/v2\/product\/42374","targetHints":{"allow":["GET"]}}],"collection":[{"href":"https:\/\/www.skamet.ee\/lt\/wp-json\/wp\/v2\/product"}],"about":[{"href":"https:\/\/www.skamet.ee\/lt\/wp-json\/wp\/v2\/types\/product"}],"version-history":[{"count":0,"href":"https:\/\/www.skamet.ee\/lt\/wp-json\/wp\/v2\/product\/42374\/revisions"}],"wp:featuredmedia":[{"embeddable":true,"href":"https:\/\/www.skamet.ee\/lt\/wp-json\/wp\/v2\/media\/39510"}],"wp:attachment":[{"href":"https:\/\/www.skamet.ee\/lt\/wp-json\/wp\/v2\/media?parent=42374"}],"wp:term":[{"taxonomy":"product_brand","embeddable":true,"href":"https:\/\/www.skamet.ee\/lt\/wp-json\/wp\/v2\/product_brand?post=42374"},{"taxonomy":"product_cat","embeddable":true,"href":"https:\/\/www.skamet.ee\/lt\/wp-json\/wp\/v2\/product_cat?post=42374"},{"taxonomy":"product_tag","embeddable":true,"href":"https:\/\/www.skamet.ee\/lt\/wp-json\/wp\/v2\/product_tag?post=42374"}],"curies":[{"name":"wp","href":"https:\/\/api.w.org\/{rel}","templated":true}]}}