{"id":42380,"date":"2017-06-22T09:11:07","date_gmt":"2017-06-22T06:11:07","guid":{"rendered":"https:\/\/uus.skamet.ee\/tooted\/uncategorized\/mini\/"},"modified":"2022-03-23T15:01:11","modified_gmt":"2022-03-23T13:01:11","slug":"mini","status":"publish","type":"product","link":"https:\/\/www.skamet.ee\/lt\/tooted\/mini\/","title":{"rendered":"Mini"},"content":{"rendered":"<p>PS serijos krosni\u0173 modeliai skirti ma\u017eoms ir mobilioms pirtims. K\u016brendami jas, pirtyje gal\u0117site sukurti saus\u0105 arba dr\u0117gn\u0105 klimat\u0105. \u0160ios krosnys gaminamos su trimis dvigubomis sienomis (\u0161onin\u0117s ir galin\u0117), kurios leid\u017eia perpus suma\u017einti saugius atstumus lyginant su m\u016bs\u0173 P-serijos krosnimis (saug\u016bs atstumai nurodyti krosnies montavimo ir naudojimo vadove).<\/p>\n<p>Ma\u017ea krosnis pir\u010diai (<strong>modelis \u2013 PS-110<\/strong>), pirties t\u016bris \u2013 5 -12 m\u00b3; krosnies auk\u0161tis \u2013 60 \u0441m; lik\u0119 matmenys pateikiami krosnies montavimo ir naudojimo vadove.\u00a0Akmen\u0173 kiekis 20 kg.<br \/>\n<strong><a href=\"https:\/\/skamet.ee\/wp-content\/uploads\/2014\/04\/SKA-PS-pass-EST-veeb.pdf\" target=\"_blank\" rel=\"noopener\">Matmenys pateikti naudojimo\u00a0<\/a><a href=\"https:\/\/skamet.ee\/wp-content\/uploads\/2013\/09\/EST_veebvaike.pdf\" target=\"_blank\" rel=\"noopener\">instrukcijoje\u00a0<\/a><\/strong><\/p>\n<p>&nbsp;<\/p>\n<table border=\"0\">\n<tbody>\n<tr>\n<td><strong><b>Standartin\u0117 komplektacija<\/b>:<\/strong><br \/>\n\u00bb \u00a0Pakuros durys (200 x 220 mm) su stiklu;<br \/>\n\u00bb \u00a0Kamino pajungimas i\u0161 vir\u0161aus;<br \/>\n\u00bb \u00a0Pakuros dur\u0173 lankstai kair\u0117je pus\u0117je;<br \/>\n\u00bb \u00a0Juodos spalvos korpusas;<br \/>\n\u00bb \u00a0Krosnis nuda\u017eyta kar\u0161\u010diui atspariais da\u017eais;<br \/>\n\u00bb \u00a0Metalin\u0117 rankena.<\/td>\n<td><strong><b>Papildoma komplektacija<\/b>:<\/strong><br \/>\n\u00bb<strong>\u00a0\u00a0<\/strong>Medin\u0117 rankena;<br \/>\n\u00bb \u00a0Pakuros dur\u0173 lankstai de\u0161in\u0117je pus\u0117je;<br \/>\n\u00bb \u00a0Raudonos \/ juodos spalvos korpusas, \u012fskaitant jo vir\u0161utin\u0119 dal\u012f;<br \/>\n\u00bb \u00a0Krosnies vir\u0161us gali b\u016bti papuo\u0161tas apdaila, pagaminta i\u0161 ner\u016bdijan\u010dio plieno;<br \/>\n\u00bb \u00a0Daugiau galimybi\u0173 rasite \u010dia<\/td>\n<\/tr>\n<\/tbody>\n<\/table>\n","protected":false},"excerpt":{"rendered":"<p>PS serijos krosni\u0173 modeliai skirti ma\u017eoms ir mobilioms pirtims. K\u016brendami jas, pirtyje gal\u0117site sukurti saus\u0105 arba dr\u0117gn\u0105 klimat\u0105. \u0160ios krosnys<\/p>\n","protected":false},"featured_media":40359,"template":"","meta":{"_lmt_disableupdate":"","_lmt_disable":""},"product_brand":[],"product_cat":[373],"product_tag":[],"class_list":{"0":"post-42380","1":"product","2":"type-product","3":"status-publish","4":"has-post-thumbnail","6":"product_cat-kurenamos-krosneles-garineje","7":"pa_ahju-korgus-60-cm-lt","8":"pa_ahju-laius-39-cm-lt","9":"pa_ahju-sugavus-45-cm-lt","10":"pa_kivide-hulk-20-kg-lt","11":"pa_koetav-ruumala-5-m-12-m-lt","12":"pa_mudel-ps-110-lt","14":"first","15":"instock","16":"shipping-taxable","17":"product-type-simple"},"yoast_head":"<!-- This site is optimized with the Yoast SEO plugin v27.0 - https:\/\/yoast.com\/product\/yoast-seo-wordpress\/ -->\n<title>Mini - Skamet<\/title>\n<meta name=\"robots\" content=\"index, follow, max-snippet:-1, max-image-preview:large, max-video-preview:-1\" \/>\n<link rel=\"canonical\" href=\"https:\/\/www.skamet.ee\/lt\/tooted\/mini\/\" \/>\n<meta property=\"og:locale\" content=\"lt_LT\" \/>\n<meta property=\"og:type\" content=\"article\" \/>\n<meta property=\"og:title\" content=\"Mini - Skamet\" \/>\n<meta property=\"og:description\" content=\"PS serijos krosni\u0173 modeliai skirti ma\u017eoms ir mobilioms pirtims. K\u016brendami jas, pirtyje gal\u0117site sukurti saus\u0105 arba dr\u0117gn\u0105 klimat\u0105. \u0160ios krosnys\" \/>\n<meta property=\"og:url\" content=\"https:\/\/www.skamet.ee\/lt\/tooted\/mini\/\" \/>\n<meta property=\"og:site_name\" content=\"Skamet\" \/>\n<meta property=\"article:modified_time\" content=\"2022-03-23T13:01:11+00:00\" \/>\n<meta property=\"og:image\" content=\"https:\/\/www.skamet.ee\/wp-content\/uploads\/2021\/03\/PS-110-300x300-taust.png\" \/>\n\t<meta property=\"og:image:width\" content=\"300\" \/>\n\t<meta property=\"og:image:height\" content=\"300\" \/>\n\t<meta property=\"og:image:type\" content=\"image\/png\" \/>\n<meta name=\"twitter:card\" content=\"summary_large_image\" \/>\n<meta name=\"twitter:label1\" content=\"Est. reading time\" \/>\n\t<meta name=\"twitter:data1\" content=\"1 minute\" \/>\n<script type=\"application\/ld+json\" class=\"yoast-schema-graph\">{\"@context\":\"https:\/\/schema.org\",\"@graph\":[{\"@type\":\"WebPage\",\"@id\":\"https:\/\/www.skamet.ee\/lt\/tooted\/mini\/\",\"url\":\"https:\/\/www.skamet.ee\/lt\/tooted\/mini\/\",\"name\":\"Mini - Skamet\",\"isPartOf\":{\"@id\":\"https:\/\/www.skamet.ee\/#website\"},\"primaryImageOfPage\":{\"@id\":\"https:\/\/www.skamet.ee\/lt\/tooted\/mini\/#primaryimage\"},\"image\":{\"@id\":\"https:\/\/www.skamet.ee\/lt\/tooted\/mini\/#primaryimage\"},\"thumbnailUrl\":\"https:\/\/www.skamet.ee\/wp-content\/uploads\/2021\/03\/PS-110-300x300-taust.png\",\"datePublished\":\"2017-06-22T06:11:07+00:00\",\"dateModified\":\"2022-03-23T13:01:11+00:00\",\"breadcrumb\":{\"@id\":\"https:\/\/www.skamet.ee\/lt\/tooted\/mini\/#breadcrumb\"},\"inLanguage\":\"lt\",\"potentialAction\":[{\"@type\":\"ReadAction\",\"target\":[\"https:\/\/www.skamet.ee\/lt\/tooted\/mini\/\"]}]},{\"@type\":\"ImageObject\",\"inLanguage\":\"lt\",\"@id\":\"https:\/\/www.skamet.ee\/lt\/tooted\/mini\/#primaryimage\",\"url\":\"https:\/\/www.skamet.ee\/wp-content\/uploads\/2021\/03\/PS-110-300x300-taust.png\",\"contentUrl\":\"https:\/\/www.skamet.ee\/wp-content\/uploads\/2021\/03\/PS-110-300x300-taust.png\",\"width\":300,\"height\":300,\"caption\":\"PS 110 300x300 taust\"},{\"@type\":\"BreadcrumbList\",\"@id\":\"https:\/\/www.skamet.ee\/lt\/tooted\/mini\/#breadcrumb\",\"itemListElement\":[{\"@type\":\"ListItem\",\"position\":1,\"name\":\"Home\",\"item\":\"https:\/\/www.skamet.ee\/fi\/\"},{\"@type\":\"ListItem\",\"position\":2,\"name\":\"Produktai\",\"item\":\"https:\/\/www.skamet.ee\/lt\/shop-2\/\"},{\"@type\":\"ListItem\",\"position\":3,\"name\":\"Mini\"}]},{\"@type\":\"WebSite\",\"@id\":\"https:\/\/www.skamet.ee\/#website\",\"url\":\"https:\/\/www.skamet.ee\/\",\"name\":\"Skamet O\u00dc\",\"description\":\"Efektiivsed puuk\u00fcttega saunaahjud Eesti tootjalt\",\"publisher\":{\"@id\":\"https:\/\/www.skamet.ee\/#organization\"},\"potentialAction\":[{\"@type\":\"SearchAction\",\"target\":{\"@type\":\"EntryPoint\",\"urlTemplate\":\"https:\/\/www.skamet.ee\/?s={search_term_string}\"},\"query-input\":{\"@type\":\"PropertyValueSpecification\",\"valueRequired\":true,\"valueName\":\"search_term_string\"}}],\"inLanguage\":\"lt\"},{\"@type\":\"Organization\",\"@id\":\"https:\/\/www.skamet.ee\/#organization\",\"name\":\"Skamet\",\"url\":\"https:\/\/www.skamet.ee\/\",\"logo\":{\"@type\":\"ImageObject\",\"inLanguage\":\"lt\",\"@id\":\"https:\/\/www.skamet.ee\/#\/schema\/logo\/image\/\",\"url\":\"https:\/\/www.skamet.ee\/wp-content\/uploads\/2015\/05\/logo-uus.png\",\"contentUrl\":\"https:\/\/www.skamet.ee\/wp-content\/uploads\/2015\/05\/logo-uus.png\",\"width\":300,\"height\":127,\"caption\":\"Skamet\"},\"image\":{\"@id\":\"https:\/\/www.skamet.ee\/#\/schema\/logo\/image\/\"}}]}<\/script>\n<!-- \/ Yoast SEO plugin. -->","yoast_head_json":{"title":"Mini - Skamet","robots":{"index":"index","follow":"follow","max-snippet":"max-snippet:-1","max-image-preview":"max-image-preview:large","max-video-preview":"max-video-preview:-1"},"canonical":"https:\/\/www.skamet.ee\/lt\/tooted\/mini\/","og_locale":"lt_LT","og_type":"article","og_title":"Mini - Skamet","og_description":"PS serijos krosni\u0173 modeliai skirti ma\u017eoms ir mobilioms pirtims. K\u016brendami jas, pirtyje gal\u0117site sukurti saus\u0105 arba dr\u0117gn\u0105 klimat\u0105. \u0160ios krosnys","og_url":"https:\/\/www.skamet.ee\/lt\/tooted\/mini\/","og_site_name":"Skamet","article_modified_time":"2022-03-23T13:01:11+00:00","og_image":[{"width":300,"height":300,"url":"https:\/\/www.skamet.ee\/wp-content\/uploads\/2021\/03\/PS-110-300x300-taust.png","type":"image\/png"}],"twitter_card":"summary_large_image","twitter_misc":{"Est. reading time":"1 minute"},"schema":{"@context":"https:\/\/schema.org","@graph":[{"@type":"WebPage","@id":"https:\/\/www.skamet.ee\/lt\/tooted\/mini\/","url":"https:\/\/www.skamet.ee\/lt\/tooted\/mini\/","name":"Mini - Skamet","isPartOf":{"@id":"https:\/\/www.skamet.ee\/#website"},"primaryImageOfPage":{"@id":"https:\/\/www.skamet.ee\/lt\/tooted\/mini\/#primaryimage"},"image":{"@id":"https:\/\/www.skamet.ee\/lt\/tooted\/mini\/#primaryimage"},"thumbnailUrl":"https:\/\/www.skamet.ee\/wp-content\/uploads\/2021\/03\/PS-110-300x300-taust.png","datePublished":"2017-06-22T06:11:07+00:00","dateModified":"2022-03-23T13:01:11+00:00","breadcrumb":{"@id":"https:\/\/www.skamet.ee\/lt\/tooted\/mini\/#breadcrumb"},"inLanguage":"lt","potentialAction":[{"@type":"ReadAction","target":["https:\/\/www.skamet.ee\/lt\/tooted\/mini\/"]}]},{"@type":"ImageObject","inLanguage":"lt","@id":"https:\/\/www.skamet.ee\/lt\/tooted\/mini\/#primaryimage","url":"https:\/\/www.skamet.ee\/wp-content\/uploads\/2021\/03\/PS-110-300x300-taust.png","contentUrl":"https:\/\/www.skamet.ee\/wp-content\/uploads\/2021\/03\/PS-110-300x300-taust.png","width":300,"height":300,"caption":"PS 110 300x300 taust"},{"@type":"BreadcrumbList","@id":"https:\/\/www.skamet.ee\/lt\/tooted\/mini\/#breadcrumb","itemListElement":[{"@type":"ListItem","position":1,"name":"Home","item":"https:\/\/www.skamet.ee\/fi\/"},{"@type":"ListItem","position":2,"name":"Produktai","item":"https:\/\/www.skamet.ee\/lt\/shop-2\/"},{"@type":"ListItem","position":3,"name":"Mini"}]},{"@type":"WebSite","@id":"https:\/\/www.skamet.ee\/#website","url":"https:\/\/www.skamet.ee\/","name":"Skamet O\u00dc","description":"Efektiivsed puuk\u00fcttega saunaahjud Eesti tootjalt","publisher":{"@id":"https:\/\/www.skamet.ee\/#organization"},"potentialAction":[{"@type":"SearchAction","target":{"@type":"EntryPoint","urlTemplate":"https:\/\/www.skamet.ee\/?s={search_term_string}"},"query-input":{"@type":"PropertyValueSpecification","valueRequired":true,"valueName":"search_term_string"}}],"inLanguage":"lt"},{"@type":"Organization","@id":"https:\/\/www.skamet.ee\/#organization","name":"Skamet","url":"https:\/\/www.skamet.ee\/","logo":{"@type":"ImageObject","inLanguage":"lt","@id":"https:\/\/www.skamet.ee\/#\/schema\/logo\/image\/","url":"https:\/\/www.skamet.ee\/wp-content\/uploads\/2015\/05\/logo-uus.png","contentUrl":"https:\/\/www.skamet.ee\/wp-content\/uploads\/2015\/05\/logo-uus.png","width":300,"height":127,"caption":"Skamet"},"image":{"@id":"https:\/\/www.skamet.ee\/#\/schema\/logo\/image\/"}}]}},"_links":{"self":[{"href":"https:\/\/www.skamet.ee\/lt\/wp-json\/wp\/v2\/product\/42380","targetHints":{"allow":["GET"]}}],"collection":[{"href":"https:\/\/www.skamet.ee\/lt\/wp-json\/wp\/v2\/product"}],"about":[{"href":"https:\/\/www.skamet.ee\/lt\/wp-json\/wp\/v2\/types\/product"}],"version-history":[{"count":1,"href":"https:\/\/www.skamet.ee\/lt\/wp-json\/wp\/v2\/product\/42380\/revisions"}],"predecessor-version":[{"id":43062,"href":"https:\/\/www.skamet.ee\/lt\/wp-json\/wp\/v2\/product\/42380\/revisions\/43062"}],"wp:featuredmedia":[{"embeddable":true,"href":"https:\/\/www.skamet.ee\/lt\/wp-json\/wp\/v2\/media\/40359"}],"wp:attachment":[{"href":"https:\/\/www.skamet.ee\/lt\/wp-json\/wp\/v2\/media?parent=42380"}],"wp:term":[{"taxonomy":"product_brand","embeddable":true,"href":"https:\/\/www.skamet.ee\/lt\/wp-json\/wp\/v2\/product_brand?post=42380"},{"taxonomy":"product_cat","embeddable":true,"href":"https:\/\/www.skamet.ee\/lt\/wp-json\/wp\/v2\/product_cat?post=42380"},{"taxonomy":"product_tag","embeddable":true,"href":"https:\/\/www.skamet.ee\/lt\/wp-json\/wp\/v2\/product_tag?post=42380"}],"curies":[{"name":"wp","href":"https:\/\/api.w.org\/{rel}","templated":true}]}}