{"id":42418,"date":"2021-04-05T15:06:13","date_gmt":"2021-04-05T12:06:13","guid":{"rendered":"https:\/\/uus.skamet.ee\/tooted\/uncategorized\/su-apvaliu-tinkleliniu-korpusu\/"},"modified":"2022-03-23T14:53:12","modified_gmt":"2022-03-23T12:53:12","slug":"su-apvaliu-tinkleliniu-korpusu","status":"publish","type":"product","link":"https:\/\/www.skamet.ee\/lt\/tooted\/su-apvaliu-tinkleliniu-korpusu\/","title":{"rendered":"Su apvaliu tinkleliniu korpusu"},"content":{"rendered":"<p><strong>Krosnel\u0117s pirtims gaminamos dviej\u0173 dyd\u017ei\u0173:<\/strong><\/p>\n<p>Nedidelis \u0161ildytuvas (<strong>modelis SY-216<\/strong>)\u00a0 su ap\u0161ildoma patalpa \u2013 8\u2013 18 m\u00b3. Krosnel\u0117s auk\u0161tis \u2013 \u00a0 81 cm.\u00a0Akmen\u0173 kiekis 140 kg.<br \/>\nDidelis \u0161ildytuvas (<strong>modelis SY-220<\/strong>) su ap\u0161ildoma patalpa \u2013\u00a0 16\u201325 m\u00b3. Krosnel\u0117s auk\u0161tis \u00a0\u2013\u00a086 cm.\u00a0Akmen\u0173 kiekis 110 kg.<br \/>\n<strong>Matmenys pateikti naudojimo\u00a0<a href=\"https:\/\/skamet.ee\/wp-content\/uploads\/2014\/03\/LT_veebvaike1.pdf\" target=\"_blank\" rel=\"noopener\">instrukcijoje<\/a><\/strong><\/p>\n<table border=\"0\">\n<tbody>\n<tr>\n<td><strong>Standartini\u0173 gamini\u0173 parametrai<\/strong>:<br \/>\n\u00bb \u00a0stiklin\u0117s durys (230\u00d7230 mm) arba be dur\u0173;<br \/>\n\u00bb \u00a0prijungimas prie kamino i\u0161 vir\u0161aus;<br \/>\n\u00bb \u00a0tinklo skersmuo \u2013\u00a0 56 cm;<br \/>\n\u00bb \u00a0dur\u0173 vyriai kair\u0117je;<br \/>\n\u00bb \u00a0galimas boilerio prijungimas (i\u0161 de\u0161in\u0117s, i\u0161 kair\u0117s, i\u0161 galo) arba be boilerio.<\/td>\n<td><strong>Papildomos funkcijos<\/strong>:<br \/>\n\u00bb \u00a0rankena i\u0161 ner\u016bdijan\u010dio plieno (kaip ir \u017eidinio dureli\u0173);<br \/>\n\u00bb \u00a0prijungimas prie kamino i\u0161 galo;<br \/>\n\u00bb \u00a0atvirk\u0161\u010dias krosnel\u0117s modelis;<br \/>\n\u00bb \u00a0dur\u0173 vyriai de\u0161in\u0117je;<br \/>\n\u00bb \u00a0Susipa\u017einkite su kitomis galimyb\u0117mis\u00a0<strong>\u010dia<\/strong><\/td>\n<\/tr>\n<\/tbody>\n<\/table>\n","protected":false},"excerpt":{"rendered":"<p>Krosnel\u0117s pirtims gaminamos dviej\u0173 dyd\u017ei\u0173: Nedidelis \u0161ildytuvas (modelis SY-216)\u00a0 su ap\u0161ildoma patalpa \u2013 8\u2013 18 m\u00b3. Krosnel\u0117s auk\u0161tis \u2013 \u00a0<\/p>\n","protected":false},"featured_media":42999,"template":"","meta":{"_lmt_disableupdate":"","_lmt_disable":""},"product_brand":[],"product_cat":[379],"product_tag":[],"class_list":{"0":"post-42418","1":"product","2":"type-product","3":"status-publish","4":"has-post-thumbnail","6":"product_cat-apsildymas-is-kitos-patalpos-lt","8":"first","9":"instock","10":"shipping-taxable","11":"product-type-simple"},"yoast_head":"<!-- This site is optimized with the Yoast SEO plugin v27.0 - https:\/\/yoast.com\/product\/yoast-seo-wordpress\/ -->\n<title>Su apvaliu tinkleliniu korpusu - Skamet<\/title>\n<meta name=\"robots\" content=\"index, follow, max-snippet:-1, max-image-preview:large, max-video-preview:-1\" \/>\n<link rel=\"canonical\" href=\"https:\/\/www.skamet.ee\/lt\/tooted\/su-apvaliu-tinkleliniu-korpusu\/\" \/>\n<meta property=\"og:locale\" content=\"lt_LT\" \/>\n<meta property=\"og:type\" content=\"article\" \/>\n<meta property=\"og:title\" content=\"Su apvaliu tinkleliniu korpusu - Skamet\" \/>\n<meta property=\"og:description\" content=\"Krosnel\u0117s pirtims gaminamos dviej\u0173 dyd\u017ei\u0173: Nedidelis \u0161ildytuvas (modelis SY-216)\u00a0 su ap\u0161ildoma patalpa \u2013 8\u2013 18 m\u00b3. Krosnel\u0117s auk\u0161tis \u2013 \u00a0\" \/>\n<meta property=\"og:url\" content=\"https:\/\/www.skamet.ee\/lt\/tooted\/su-apvaliu-tinkleliniu-korpusu\/\" \/>\n<meta property=\"og:site_name\" content=\"Skamet\" \/>\n<meta property=\"article:modified_time\" content=\"2022-03-23T12:53:12+00:00\" \/>\n<meta property=\"og:image\" content=\"https:\/\/www.skamet.ee\/wp-content\/uploads\/2021\/04\/SY-216-GL.jpg\" \/>\n\t<meta property=\"og:image:width\" content=\"1024\" \/>\n\t<meta property=\"og:image:height\" content=\"1535\" \/>\n\t<meta property=\"og:image:type\" content=\"image\/jpeg\" \/>\n<meta name=\"twitter:card\" content=\"summary_large_image\" \/>\n<meta name=\"twitter:label1\" content=\"Est. reading time\" \/>\n\t<meta name=\"twitter:data1\" content=\"1 minute\" \/>\n<script type=\"application\/ld+json\" class=\"yoast-schema-graph\">{\"@context\":\"https:\/\/schema.org\",\"@graph\":[{\"@type\":\"WebPage\",\"@id\":\"https:\/\/www.skamet.ee\/lt\/tooted\/su-apvaliu-tinkleliniu-korpusu\/\",\"url\":\"https:\/\/www.skamet.ee\/lt\/tooted\/su-apvaliu-tinkleliniu-korpusu\/\",\"name\":\"Su apvaliu tinkleliniu korpusu - Skamet\",\"isPartOf\":{\"@id\":\"https:\/\/www.skamet.ee\/#website\"},\"primaryImageOfPage\":{\"@id\":\"https:\/\/www.skamet.ee\/lt\/tooted\/su-apvaliu-tinkleliniu-korpusu\/#primaryimage\"},\"image\":{\"@id\":\"https:\/\/www.skamet.ee\/lt\/tooted\/su-apvaliu-tinkleliniu-korpusu\/#primaryimage\"},\"thumbnailUrl\":\"https:\/\/www.skamet.ee\/wp-content\/uploads\/2021\/04\/SY-216-GL.jpg\",\"datePublished\":\"2021-04-05T12:06:13+00:00\",\"dateModified\":\"2022-03-23T12:53:12+00:00\",\"breadcrumb\":{\"@id\":\"https:\/\/www.skamet.ee\/lt\/tooted\/su-apvaliu-tinkleliniu-korpusu\/#breadcrumb\"},\"inLanguage\":\"lt\",\"potentialAction\":[{\"@type\":\"ReadAction\",\"target\":[\"https:\/\/www.skamet.ee\/lt\/tooted\/su-apvaliu-tinkleliniu-korpusu\/\"]}]},{\"@type\":\"ImageObject\",\"inLanguage\":\"lt\",\"@id\":\"https:\/\/www.skamet.ee\/lt\/tooted\/su-apvaliu-tinkleliniu-korpusu\/#primaryimage\",\"url\":\"https:\/\/www.skamet.ee\/wp-content\/uploads\/2021\/04\/SY-216-GL.jpg\",\"contentUrl\":\"https:\/\/www.skamet.ee\/wp-content\/uploads\/2021\/04\/SY-216-GL.jpg\",\"width\":1024,\"height\":1535,\"caption\":\"SY 216 GL\"},{\"@type\":\"BreadcrumbList\",\"@id\":\"https:\/\/www.skamet.ee\/lt\/tooted\/su-apvaliu-tinkleliniu-korpusu\/#breadcrumb\",\"itemListElement\":[{\"@type\":\"ListItem\",\"position\":1,\"name\":\"Home\",\"item\":\"https:\/\/www.skamet.ee\/fi\/\"},{\"@type\":\"ListItem\",\"position\":2,\"name\":\"Produktai\",\"item\":\"https:\/\/www.skamet.ee\/lt\/shop-2\/\"},{\"@type\":\"ListItem\",\"position\":3,\"name\":\"Su apvaliu tinkleliniu korpusu\"}]},{\"@type\":\"WebSite\",\"@id\":\"https:\/\/www.skamet.ee\/#website\",\"url\":\"https:\/\/www.skamet.ee\/\",\"name\":\"Skamet O\u00dc\",\"description\":\"Efektiivsed puuk\u00fcttega saunaahjud Eesti tootjalt\",\"publisher\":{\"@id\":\"https:\/\/www.skamet.ee\/#organization\"},\"potentialAction\":[{\"@type\":\"SearchAction\",\"target\":{\"@type\":\"EntryPoint\",\"urlTemplate\":\"https:\/\/www.skamet.ee\/?s={search_term_string}\"},\"query-input\":{\"@type\":\"PropertyValueSpecification\",\"valueRequired\":true,\"valueName\":\"search_term_string\"}}],\"inLanguage\":\"lt\"},{\"@type\":\"Organization\",\"@id\":\"https:\/\/www.skamet.ee\/#organization\",\"name\":\"Skamet\",\"url\":\"https:\/\/www.skamet.ee\/\",\"logo\":{\"@type\":\"ImageObject\",\"inLanguage\":\"lt\",\"@id\":\"https:\/\/www.skamet.ee\/#\/schema\/logo\/image\/\",\"url\":\"https:\/\/www.skamet.ee\/wp-content\/uploads\/2015\/05\/logo-uus.png\",\"contentUrl\":\"https:\/\/www.skamet.ee\/wp-content\/uploads\/2015\/05\/logo-uus.png\",\"width\":300,\"height\":127,\"caption\":\"Skamet\"},\"image\":{\"@id\":\"https:\/\/www.skamet.ee\/#\/schema\/logo\/image\/\"}}]}<\/script>\n<!-- \/ Yoast SEO plugin. -->","yoast_head_json":{"title":"Su apvaliu tinkleliniu korpusu - Skamet","robots":{"index":"index","follow":"follow","max-snippet":"max-snippet:-1","max-image-preview":"max-image-preview:large","max-video-preview":"max-video-preview:-1"},"canonical":"https:\/\/www.skamet.ee\/lt\/tooted\/su-apvaliu-tinkleliniu-korpusu\/","og_locale":"lt_LT","og_type":"article","og_title":"Su apvaliu tinkleliniu korpusu - Skamet","og_description":"Krosnel\u0117s pirtims gaminamos dviej\u0173 dyd\u017ei\u0173: Nedidelis \u0161ildytuvas (modelis SY-216)\u00a0 su ap\u0161ildoma patalpa \u2013 8\u2013 18 m\u00b3. Krosnel\u0117s auk\u0161tis \u2013 \u00a0","og_url":"https:\/\/www.skamet.ee\/lt\/tooted\/su-apvaliu-tinkleliniu-korpusu\/","og_site_name":"Skamet","article_modified_time":"2022-03-23T12:53:12+00:00","og_image":[{"width":1024,"height":1535,"url":"https:\/\/www.skamet.ee\/wp-content\/uploads\/2021\/04\/SY-216-GL.jpg","type":"image\/jpeg"}],"twitter_card":"summary_large_image","twitter_misc":{"Est. reading time":"1 minute"},"schema":{"@context":"https:\/\/schema.org","@graph":[{"@type":"WebPage","@id":"https:\/\/www.skamet.ee\/lt\/tooted\/su-apvaliu-tinkleliniu-korpusu\/","url":"https:\/\/www.skamet.ee\/lt\/tooted\/su-apvaliu-tinkleliniu-korpusu\/","name":"Su apvaliu tinkleliniu korpusu - Skamet","isPartOf":{"@id":"https:\/\/www.skamet.ee\/#website"},"primaryImageOfPage":{"@id":"https:\/\/www.skamet.ee\/lt\/tooted\/su-apvaliu-tinkleliniu-korpusu\/#primaryimage"},"image":{"@id":"https:\/\/www.skamet.ee\/lt\/tooted\/su-apvaliu-tinkleliniu-korpusu\/#primaryimage"},"thumbnailUrl":"https:\/\/www.skamet.ee\/wp-content\/uploads\/2021\/04\/SY-216-GL.jpg","datePublished":"2021-04-05T12:06:13+00:00","dateModified":"2022-03-23T12:53:12+00:00","breadcrumb":{"@id":"https:\/\/www.skamet.ee\/lt\/tooted\/su-apvaliu-tinkleliniu-korpusu\/#breadcrumb"},"inLanguage":"lt","potentialAction":[{"@type":"ReadAction","target":["https:\/\/www.skamet.ee\/lt\/tooted\/su-apvaliu-tinkleliniu-korpusu\/"]}]},{"@type":"ImageObject","inLanguage":"lt","@id":"https:\/\/www.skamet.ee\/lt\/tooted\/su-apvaliu-tinkleliniu-korpusu\/#primaryimage","url":"https:\/\/www.skamet.ee\/wp-content\/uploads\/2021\/04\/SY-216-GL.jpg","contentUrl":"https:\/\/www.skamet.ee\/wp-content\/uploads\/2021\/04\/SY-216-GL.jpg","width":1024,"height":1535,"caption":"SY 216 GL"},{"@type":"BreadcrumbList","@id":"https:\/\/www.skamet.ee\/lt\/tooted\/su-apvaliu-tinkleliniu-korpusu\/#breadcrumb","itemListElement":[{"@type":"ListItem","position":1,"name":"Home","item":"https:\/\/www.skamet.ee\/fi\/"},{"@type":"ListItem","position":2,"name":"Produktai","item":"https:\/\/www.skamet.ee\/lt\/shop-2\/"},{"@type":"ListItem","position":3,"name":"Su apvaliu tinkleliniu korpusu"}]},{"@type":"WebSite","@id":"https:\/\/www.skamet.ee\/#website","url":"https:\/\/www.skamet.ee\/","name":"Skamet O\u00dc","description":"Efektiivsed puuk\u00fcttega saunaahjud Eesti tootjalt","publisher":{"@id":"https:\/\/www.skamet.ee\/#organization"},"potentialAction":[{"@type":"SearchAction","target":{"@type":"EntryPoint","urlTemplate":"https:\/\/www.skamet.ee\/?s={search_term_string}"},"query-input":{"@type":"PropertyValueSpecification","valueRequired":true,"valueName":"search_term_string"}}],"inLanguage":"lt"},{"@type":"Organization","@id":"https:\/\/www.skamet.ee\/#organization","name":"Skamet","url":"https:\/\/www.skamet.ee\/","logo":{"@type":"ImageObject","inLanguage":"lt","@id":"https:\/\/www.skamet.ee\/#\/schema\/logo\/image\/","url":"https:\/\/www.skamet.ee\/wp-content\/uploads\/2015\/05\/logo-uus.png","contentUrl":"https:\/\/www.skamet.ee\/wp-content\/uploads\/2015\/05\/logo-uus.png","width":300,"height":127,"caption":"Skamet"},"image":{"@id":"https:\/\/www.skamet.ee\/#\/schema\/logo\/image\/"}}]}},"_links":{"self":[{"href":"https:\/\/www.skamet.ee\/lt\/wp-json\/wp\/v2\/product\/42418","targetHints":{"allow":["GET"]}}],"collection":[{"href":"https:\/\/www.skamet.ee\/lt\/wp-json\/wp\/v2\/product"}],"about":[{"href":"https:\/\/www.skamet.ee\/lt\/wp-json\/wp\/v2\/types\/product"}],"version-history":[{"count":1,"href":"https:\/\/www.skamet.ee\/lt\/wp-json\/wp\/v2\/product\/42418\/revisions"}],"predecessor-version":[{"id":43055,"href":"https:\/\/www.skamet.ee\/lt\/wp-json\/wp\/v2\/product\/42418\/revisions\/43055"}],"wp:featuredmedia":[{"embeddable":true,"href":"https:\/\/www.skamet.ee\/lt\/wp-json\/wp\/v2\/media\/42999"}],"wp:attachment":[{"href":"https:\/\/www.skamet.ee\/lt\/wp-json\/wp\/v2\/media?parent=42418"}],"wp:term":[{"taxonomy":"product_brand","embeddable":true,"href":"https:\/\/www.skamet.ee\/lt\/wp-json\/wp\/v2\/product_brand?post=42418"},{"taxonomy":"product_cat","embeddable":true,"href":"https:\/\/www.skamet.ee\/lt\/wp-json\/wp\/v2\/product_cat?post=42418"},{"taxonomy":"product_tag","embeddable":true,"href":"https:\/\/www.skamet.ee\/lt\/wp-json\/wp\/v2\/product_tag?post=42418"}],"curies":[{"name":"wp","href":"https:\/\/api.w.org\/{rel}","templated":true}]}}