{"id":42445,"date":"2021-03-26T14:52:17","date_gmt":"2021-03-26T12:52:17","guid":{"rendered":"https:\/\/uus.skamet.ee\/tooted\/uncategorized\/vandens-kisene\/"},"modified":"2026-01-29T11:05:30","modified_gmt":"2026-01-29T09:05:30","slug":"vandens-kisene","status":"publish","type":"product","link":"https:\/\/www.skamet.ee\/lt\/tooted\/vandens-kisene\/","title":{"rendered":"Nuimama vandens talpa tinklin\u0117ms pirties krosnel\u0117ms"},"content":{"rendered":"<p data-start=\"151\" data-end=\"357\">Visoms <strong data-start=\"158\" data-end=\"168\">Skamet<\/strong> tinklin\u0117ms (S serijos) pirties krosnel\u0117ms galima naudoti <strong data-start=\"226\" data-end=\"251\">nuimam\u0105 vandens talp\u0105<\/strong>. Krosnel\u0117s abiejose pus\u0117se ir gale yra tvirtinimo vietos, prie kuri\u0173 vandens talpa lengvai pritvirtinama.<\/p>\n<p data-start=\"359\" data-end=\"675\">Vandens talpos tvirtinimo vietos n\u0117ra skirtos tik pa\u010diai talpai montuoti. Net ir nenaudojant vandens talpos, jos suteikia krosnel\u0117s konstrukcijai papildomo tvirtumo. Tvirtinimo juostos pridedamos prie vis\u0173 krosneli\u0173 konstrukcijos sustiprinimui, net jei krosnel\u0117 u\u017esakoma su <strong data-start=\"633\" data-end=\"674\">privirinta (ne nuimama) vandens talpa<\/strong>.<\/p>\n<p data-start=\"677\" data-end=\"998\">Kadangi krosnel\u0117 turi tris tvirtinimo vietas, galima prijungti <strong data-start=\"740\" data-end=\"775\">daugiau nei vien\u0105 vandens talp\u0105<\/strong>. Kliento pageidavimu galima prijungti net <strong data-start=\"818\" data-end=\"852\">tris vandens talpas vienu metu<\/strong> (i\u0161 trij\u0173 pusi\u0173), ta\u010diau tokiu atveju reikia atsi\u017evelgti, kad kuo daugiau vandens talp\u0173 naudojama, tuo <strong data-start=\"956\" data-end=\"997\">ilgesnis bus vandens kaitinimo laikas<\/strong>.<\/p>\n<p data-start=\"1000\" data-end=\"1263\"><strong data-start=\"1000\" data-end=\"1012\">Pastaba!<\/strong><br data-start=\"1012\" data-end=\"1015\" \/>Modeliams su <strong data-start=\"1028\" data-end=\"1061\">keturkampiu tinkliniu korpusu<\/strong> (S ir ST) vandens talp\u0105 galima montuoti <strong data-start=\"1102\" data-end=\"1142\">de\u0161in\u0117je, kair\u0117je ir galin\u0117je pus\u0117je<\/strong>.<br data-start=\"1143\" data-end=\"1146\" \/>Modeliams su <strong data-start=\"1159\" data-end=\"1178\">apvaliu korpusu<\/strong> (SY ir STY) vandens talpa gali b\u016bti montuojama <strong data-start=\"1226\" data-end=\"1262\">tik de\u0161in\u0117je arba kair\u0117je pus\u0117je<\/strong>.<\/p>\n<p data-start=\"1265\" data-end=\"1549\">Jei klientas anks\u010diau tur\u0117jo m\u016bs\u0173 krosnel\u0119 su vandens talpa ir nori j\u0105 pakeisti, <strong data-start=\"1346\" data-end=\"1407\">vandens vamzd\u017ei\u0173 auk\u0161\u010diai ir atstumai i\u0161lieka tokie patys<\/strong>, kaip ir krosnel\u0117se su privirinta vandens talpa. Tod\u0117l nereikia perdaryti vandens sistemos \u2013 pakanka nauj\u0105 model\u012f pastatyti \u012f senosios viet\u0105.<\/p>\n<p data-start=\"1551\" data-end=\"1855\">Jei klientas \u012fsigijo krosnel\u0119 su <strong data-start=\"1584\" data-end=\"1609\">nuimama vandens talpa<\/strong>, j\u0105 sumontavo, o prijungus vanden\u012f paai\u0161k\u0117ja, kad talpa yra brokuota ar praleid\u017eia vanden\u012f, j\u0105 galima <strong data-start=\"1712\" data-end=\"1745\">pakeisti nejudinant krosnel\u0117s<\/strong>. Taip pat vandens talp\u0105 galima pakeisti, jei b\u0117gant metams ji prad\u0117jo leisti vanden\u012f arba u\u017esikim\u0161o kalk\u0117mis.<\/p>\n<p data-start=\"1857\" data-end=\"2376\">Be nuimam\u0173 vandens talp\u0173, taip pat galima u\u017esakyti krosneles su <strong data-start=\"1921\" data-end=\"1959\">jau privirintomis vandens talpomis<\/strong>. J\u0173 privalumas \u2013 <strong data-start=\"1977\" data-end=\"2017\">didesnis vandens \u0161ildymo efektyvumas<\/strong>. Kadangi tarp ugniakuro ir \u0161ildomo vandens yra tik viena sienel\u0117, vanduo \u012fkaista grei\u010diau nei naudojant nuimam\u0105 vandens talp\u0105. Nuimamos vandens talpos atveju tarp ugnies ir vandens yra <strong data-start=\"2203\" data-end=\"2222\">dviguba sienel\u0117<\/strong>, tod\u0117l vanduo \u012fkaista \u0161iek tiek l\u0117\u010diau. Ta\u010diau didel\u0117ms pirtims ar naudojant ma\u017eesn\u012f vandens boiler\u012f, puikiai tinka ir krosnel\u0117 su nuimama vandens talpa.<\/p>\n<p data-start=\"2378\" data-end=\"2430\">Vandens talpa turi <strong data-start=\"2397\" data-end=\"2429\">dvi \u00be\u201c vidinio sriegio movas<\/strong>.<\/p>\n<hr data-start=\"2432\" data-end=\"2435\" \/>\n<h3 data-start=\"2437\" data-end=\"2460\"><strong data-start=\"2441\" data-end=\"2460\">PRODUKT\u0172 KODAI:<\/strong><\/h3>\n<ul data-start=\"2462\" data-end=\"2719\">\n<li data-start=\"2462\" data-end=\"2540\">\n<p data-start=\"2464\" data-end=\"2540\"><strong data-start=\"2464\" data-end=\"2470\">VT<\/strong> \u2013 S-, SY-, ST ir STY serijos modeliams: auk\u0161tis 28 cm; plotis 35 cm<\/p>\n<\/li>\n<li data-start=\"2541\" data-end=\"2646\">\n<p data-start=\"2543\" data-end=\"2646\"><strong data-start=\"2543\" data-end=\"2551\">VTRV<\/strong> \u2013 S-, SY-, ST ir STY serijos modeliams, <strong data-start=\"2592\" data-end=\"2615\">ner\u016bdijan\u010dio plieno<\/strong>: auk\u0161tis 28 cm; plotis 35 cm<\/p>\n<\/li>\n<li data-start=\"2647\" data-end=\"2719\">\n<p data-start=\"2649\" data-end=\"2719\"><strong data-start=\"2649\" data-end=\"2658\">VT-SS<\/strong> \u2013 SS ir SSY serijos modeliams: auk\u0161tis 28 cm; plotis 30 cm<\/p>\n<\/li>\n<\/ul>\n","protected":false},"excerpt":{"rendered":"<p>Visoms Skamet tinklin\u0117ms (S serijos) pirties krosnel\u0117ms galima naudoti nuimam\u0105 vandens talp\u0105. Krosnel\u0117s abiejose pus\u0117se ir gale yra tvirtinimo vietos,<\/p>\n","protected":false},"featured_media":43997,"template":"","meta":{"_lmt_disableupdate":"","_lmt_disable":""},"product_brand":[],"product_cat":[1086],"product_tag":[],"class_list":{"0":"post-42445","1":"product","2":"type-product","3":"status-publish","4":"has-post-thumbnail","6":"product_cat-papildomi-priedai-pirties-krosnims","8":"first","9":"instock","10":"shipping-taxable","11":"product-type-simple"},"yoast_head":"<!-- This site is optimized with the Yoast SEO plugin v27.0 - https:\/\/yoast.com\/product\/yoast-seo-wordpress\/ -->\n<title>Nuimama vandens talpa tinklin\u0117ms pirties krosnel\u0117ms - Skamet<\/title>\n<meta name=\"description\" content=\"Nuimama vandens talpa tinklin\u0117ms pirties krosnel\u0117ms\" \/>\n<meta name=\"robots\" content=\"index, follow, max-snippet:-1, max-image-preview:large, max-video-preview:-1\" \/>\n<link rel=\"canonical\" href=\"https:\/\/www.skamet.ee\/tooted\/eemaldatav-veetasku-vorguga-keristele\/\" \/>\n<meta property=\"og:locale\" content=\"lt_LT\" \/>\n<meta property=\"og:type\" content=\"article\" \/>\n<meta property=\"og:title\" content=\"Nuimama vandens talpa tinklin\u0117ms pirties krosnel\u0117ms - Skamet\" \/>\n<meta property=\"og:description\" content=\"Nuimama vandens talpa tinklin\u0117ms pirties krosnel\u0117ms\" \/>\n<meta property=\"og:url\" content=\"https:\/\/www.skamet.ee\/tooted\/eemaldatav-veetasku-vorguga-keristele\/\" \/>\n<meta property=\"og:site_name\" content=\"Skamet\" \/>\n<meta property=\"article:modified_time\" content=\"2026-01-29T09:05:30+00:00\" \/>\n<meta property=\"og:image\" content=\"https:\/\/www.skamet.ee\/wp-content\/uploads\/2021\/03\/VT_Valge-scaled.jpg\" \/>\n\t<meta property=\"og:image:width\" content=\"2560\" \/>\n\t<meta property=\"og:image:height\" content=\"2560\" \/>\n\t<meta property=\"og:image:type\" content=\"image\/jpeg\" \/>\n<meta name=\"twitter:card\" content=\"summary_large_image\" \/>\n<meta name=\"twitter:label1\" content=\"Est. reading time\" \/>\n\t<meta name=\"twitter:data1\" content=\"2 minutes\" \/>\n<script type=\"application\/ld+json\" class=\"yoast-schema-graph\">{\"@context\":\"https:\/\/schema.org\",\"@graph\":[{\"@type\":\"WebPage\",\"@id\":\"https:\/\/www.skamet.ee\/tooted\/eemaldatav-veetasku-vorguga-keristele\/\",\"url\":\"https:\/\/www.skamet.ee\/tooted\/eemaldatav-veetasku-vorguga-keristele\/\",\"name\":\"Nuimama vandens talpa tinklin\u0117ms pirties krosnel\u0117ms - Skamet\",\"isPartOf\":{\"@id\":\"https:\/\/www.skamet.ee\/#website\"},\"primaryImageOfPage\":{\"@id\":\"https:\/\/www.skamet.ee\/tooted\/eemaldatav-veetasku-vorguga-keristele\/#primaryimage\"},\"image\":{\"@id\":\"https:\/\/www.skamet.ee\/tooted\/eemaldatav-veetasku-vorguga-keristele\/#primaryimage\"},\"thumbnailUrl\":\"https:\/\/www.skamet.ee\/wp-content\/uploads\/2021\/03\/VT_Valge-scaled.jpg\",\"datePublished\":\"2021-03-26T12:52:17+00:00\",\"dateModified\":\"2026-01-29T09:05:30+00:00\",\"description\":\"Nuimama vandens talpa tinklin\u0117ms pirties krosnel\u0117ms\",\"breadcrumb\":{\"@id\":\"https:\/\/www.skamet.ee\/tooted\/eemaldatav-veetasku-vorguga-keristele\/#breadcrumb\"},\"inLanguage\":\"lt\",\"potentialAction\":[{\"@type\":\"ReadAction\",\"target\":[\"https:\/\/www.skamet.ee\/tooted\/eemaldatav-veetasku-vorguga-keristele\/\"]}]},{\"@type\":\"ImageObject\",\"inLanguage\":\"lt\",\"@id\":\"https:\/\/www.skamet.ee\/tooted\/eemaldatav-veetasku-vorguga-keristele\/#primaryimage\",\"url\":\"https:\/\/www.skamet.ee\/wp-content\/uploads\/2021\/03\/VT_Valge-scaled.jpg\",\"contentUrl\":\"https:\/\/www.skamet.ee\/wp-content\/uploads\/2021\/03\/VT_Valge-scaled.jpg\",\"width\":2560,\"height\":2560,\"caption\":\"VT Valge scaled\"},{\"@type\":\"BreadcrumbList\",\"@id\":\"https:\/\/www.skamet.ee\/tooted\/eemaldatav-veetasku-vorguga-keristele\/#breadcrumb\",\"itemListElement\":[{\"@type\":\"ListItem\",\"position\":1,\"name\":\"Home\",\"item\":\"https:\/\/www.skamet.ee\/fi\/\"},{\"@type\":\"ListItem\",\"position\":2,\"name\":\"Produktai\",\"item\":\"https:\/\/www.skamet.ee\/lt\/shop-2\/\"},{\"@type\":\"ListItem\",\"position\":3,\"name\":\"Nuimama vandens talpa tinklin\u0117ms pirties krosnel\u0117ms\"}]},{\"@type\":\"WebSite\",\"@id\":\"https:\/\/www.skamet.ee\/#website\",\"url\":\"https:\/\/www.skamet.ee\/\",\"name\":\"Skamet O\u00dc\",\"description\":\"Efektiivsed puuk\u00fcttega saunaahjud Eesti tootjalt\",\"publisher\":{\"@id\":\"https:\/\/www.skamet.ee\/#organization\"},\"potentialAction\":[{\"@type\":\"SearchAction\",\"target\":{\"@type\":\"EntryPoint\",\"urlTemplate\":\"https:\/\/www.skamet.ee\/?s={search_term_string}\"},\"query-input\":{\"@type\":\"PropertyValueSpecification\",\"valueRequired\":true,\"valueName\":\"search_term_string\"}}],\"inLanguage\":\"lt\"},{\"@type\":\"Organization\",\"@id\":\"https:\/\/www.skamet.ee\/#organization\",\"name\":\"Skamet\",\"url\":\"https:\/\/www.skamet.ee\/\",\"logo\":{\"@type\":\"ImageObject\",\"inLanguage\":\"lt\",\"@id\":\"https:\/\/www.skamet.ee\/#\/schema\/logo\/image\/\",\"url\":\"https:\/\/www.skamet.ee\/wp-content\/uploads\/2015\/05\/logo-uus.png\",\"contentUrl\":\"https:\/\/www.skamet.ee\/wp-content\/uploads\/2015\/05\/logo-uus.png\",\"width\":300,\"height\":127,\"caption\":\"Skamet\"},\"image\":{\"@id\":\"https:\/\/www.skamet.ee\/#\/schema\/logo\/image\/\"}}]}<\/script>\n<!-- \/ Yoast SEO plugin. -->","yoast_head_json":{"title":"Nuimama vandens talpa tinklin\u0117ms pirties krosnel\u0117ms - Skamet","description":"Nuimama vandens talpa tinklin\u0117ms pirties krosnel\u0117ms","robots":{"index":"index","follow":"follow","max-snippet":"max-snippet:-1","max-image-preview":"max-image-preview:large","max-video-preview":"max-video-preview:-1"},"canonical":"https:\/\/www.skamet.ee\/tooted\/eemaldatav-veetasku-vorguga-keristele\/","og_locale":"lt_LT","og_type":"article","og_title":"Nuimama vandens talpa tinklin\u0117ms pirties krosnel\u0117ms - Skamet","og_description":"Nuimama vandens talpa tinklin\u0117ms pirties krosnel\u0117ms","og_url":"https:\/\/www.skamet.ee\/tooted\/eemaldatav-veetasku-vorguga-keristele\/","og_site_name":"Skamet","article_modified_time":"2026-01-29T09:05:30+00:00","og_image":[{"width":2560,"height":2560,"url":"https:\/\/www.skamet.ee\/wp-content\/uploads\/2021\/03\/VT_Valge-scaled.jpg","type":"image\/jpeg"}],"twitter_card":"summary_large_image","twitter_misc":{"Est. reading time":"2 minutes"},"schema":{"@context":"https:\/\/schema.org","@graph":[{"@type":"WebPage","@id":"https:\/\/www.skamet.ee\/tooted\/eemaldatav-veetasku-vorguga-keristele\/","url":"https:\/\/www.skamet.ee\/tooted\/eemaldatav-veetasku-vorguga-keristele\/","name":"Nuimama vandens talpa tinklin\u0117ms pirties krosnel\u0117ms - Skamet","isPartOf":{"@id":"https:\/\/www.skamet.ee\/#website"},"primaryImageOfPage":{"@id":"https:\/\/www.skamet.ee\/tooted\/eemaldatav-veetasku-vorguga-keristele\/#primaryimage"},"image":{"@id":"https:\/\/www.skamet.ee\/tooted\/eemaldatav-veetasku-vorguga-keristele\/#primaryimage"},"thumbnailUrl":"https:\/\/www.skamet.ee\/wp-content\/uploads\/2021\/03\/VT_Valge-scaled.jpg","datePublished":"2021-03-26T12:52:17+00:00","dateModified":"2026-01-29T09:05:30+00:00","description":"Nuimama vandens talpa tinklin\u0117ms pirties krosnel\u0117ms","breadcrumb":{"@id":"https:\/\/www.skamet.ee\/tooted\/eemaldatav-veetasku-vorguga-keristele\/#breadcrumb"},"inLanguage":"lt","potentialAction":[{"@type":"ReadAction","target":["https:\/\/www.skamet.ee\/tooted\/eemaldatav-veetasku-vorguga-keristele\/"]}]},{"@type":"ImageObject","inLanguage":"lt","@id":"https:\/\/www.skamet.ee\/tooted\/eemaldatav-veetasku-vorguga-keristele\/#primaryimage","url":"https:\/\/www.skamet.ee\/wp-content\/uploads\/2021\/03\/VT_Valge-scaled.jpg","contentUrl":"https:\/\/www.skamet.ee\/wp-content\/uploads\/2021\/03\/VT_Valge-scaled.jpg","width":2560,"height":2560,"caption":"VT Valge scaled"},{"@type":"BreadcrumbList","@id":"https:\/\/www.skamet.ee\/tooted\/eemaldatav-veetasku-vorguga-keristele\/#breadcrumb","itemListElement":[{"@type":"ListItem","position":1,"name":"Home","item":"https:\/\/www.skamet.ee\/fi\/"},{"@type":"ListItem","position":2,"name":"Produktai","item":"https:\/\/www.skamet.ee\/lt\/shop-2\/"},{"@type":"ListItem","position":3,"name":"Nuimama vandens talpa tinklin\u0117ms pirties krosnel\u0117ms"}]},{"@type":"WebSite","@id":"https:\/\/www.skamet.ee\/#website","url":"https:\/\/www.skamet.ee\/","name":"Skamet O\u00dc","description":"Efektiivsed puuk\u00fcttega saunaahjud Eesti tootjalt","publisher":{"@id":"https:\/\/www.skamet.ee\/#organization"},"potentialAction":[{"@type":"SearchAction","target":{"@type":"EntryPoint","urlTemplate":"https:\/\/www.skamet.ee\/?s={search_term_string}"},"query-input":{"@type":"PropertyValueSpecification","valueRequired":true,"valueName":"search_term_string"}}],"inLanguage":"lt"},{"@type":"Organization","@id":"https:\/\/www.skamet.ee\/#organization","name":"Skamet","url":"https:\/\/www.skamet.ee\/","logo":{"@type":"ImageObject","inLanguage":"lt","@id":"https:\/\/www.skamet.ee\/#\/schema\/logo\/image\/","url":"https:\/\/www.skamet.ee\/wp-content\/uploads\/2015\/05\/logo-uus.png","contentUrl":"https:\/\/www.skamet.ee\/wp-content\/uploads\/2015\/05\/logo-uus.png","width":300,"height":127,"caption":"Skamet"},"image":{"@id":"https:\/\/www.skamet.ee\/#\/schema\/logo\/image\/"}}]}},"_links":{"self":[{"href":"https:\/\/www.skamet.ee\/lt\/wp-json\/wp\/v2\/product\/42445","targetHints":{"allow":["GET"]}}],"collection":[{"href":"https:\/\/www.skamet.ee\/lt\/wp-json\/wp\/v2\/product"}],"about":[{"href":"https:\/\/www.skamet.ee\/lt\/wp-json\/wp\/v2\/types\/product"}],"version-history":[{"count":2,"href":"https:\/\/www.skamet.ee\/lt\/wp-json\/wp\/v2\/product\/42445\/revisions"}],"predecessor-version":[{"id":54611,"href":"https:\/\/www.skamet.ee\/lt\/wp-json\/wp\/v2\/product\/42445\/revisions\/54611"}],"wp:featuredmedia":[{"embeddable":true,"href":"https:\/\/www.skamet.ee\/lt\/wp-json\/wp\/v2\/media\/43997"}],"wp:attachment":[{"href":"https:\/\/www.skamet.ee\/lt\/wp-json\/wp\/v2\/media?parent=42445"}],"wp:term":[{"taxonomy":"product_brand","embeddable":true,"href":"https:\/\/www.skamet.ee\/lt\/wp-json\/wp\/v2\/product_brand?post=42445"},{"taxonomy":"product_cat","embeddable":true,"href":"https:\/\/www.skamet.ee\/lt\/wp-json\/wp\/v2\/product_cat?post=42445"},{"taxonomy":"product_tag","embeddable":true,"href":"https:\/\/www.skamet.ee\/lt\/wp-json\/wp\/v2\/product_tag?post=42445"}],"curies":[{"name":"wp","href":"https:\/\/api.w.org\/{rel}","templated":true}]}}