{"id":42454,"date":"2021-03-26T14:33:35","date_gmt":"2021-03-26T12:33:35","guid":{"rendered":"https:\/\/uus.skamet.ee\/tooted\/uncategorized\/modulinis-kaminas\/"},"modified":"2026-01-28T08:16:39","modified_gmt":"2026-01-28T06:16:39","slug":"modulinis-kaminas","status":"publish","type":"product","link":"https:\/\/www.skamet.ee\/lt\/tooted\/modulinis-kaminas\/","title":{"rendered":"Modulinio d\u016bmtraukio komplektas"},"content":{"rendered":"<p data-start=\"15\" data-end=\"39\"><strong data-start=\"15\" data-end=\"39\">Pagrindin\u0117s savyb\u0117s:<\/strong><\/p>\n<ul data-start=\"41\" data-end=\"662\">\n<li data-start=\"41\" data-end=\"151\">\n<p data-start=\"43\" data-end=\"151\"><strong data-start=\"43\" data-end=\"68\">Dviguba konstrukcija:<\/strong> gera \u0161ilumos izoliacija, v\u0117sus i\u0161orinis pavir\u0161ius, minimal\u016bs \u0161ilumos nuostoliai.<\/p>\n<\/li>\n<li data-start=\"152\" data-end=\"256\">\n<p data-start=\"154\" data-end=\"256\"><strong data-start=\"154\" data-end=\"186\">Ner\u016bdijantis plienas 1.4404:<\/strong> vidinis vamzdis 0,6 mm, atsparus korozijai ir auk\u0161tai temperat\u016brai.<\/p>\n<\/li>\n<li data-start=\"257\" data-end=\"319\">\n<p data-start=\"259\" data-end=\"319\"><strong data-start=\"259\" data-end=\"287\">Atsparumas temperat\u016brai:<\/strong> tinka d\u016bm\u0173 dujoms iki 600 \u00b0C.<\/p>\n<\/li>\n<li data-start=\"320\" data-end=\"375\">\n<p data-start=\"322\" data-end=\"375\"><strong data-start=\"322\" data-end=\"350\">Sertifikuotos med\u017eiagos:<\/strong> saugu naudoti pirtyse.<\/p>\n<\/li>\n<li data-start=\"376\" data-end=\"458\">\n<p data-start=\"378\" data-end=\"458\"><strong data-start=\"378\" data-end=\"402\">Reguliuojamas ilgis:<\/strong> 2410 mm \u2013 pritaikomas skirtingoms montavimo s\u0105lygoms.<\/p>\n<\/li>\n<li data-start=\"459\" data-end=\"593\">\n<p data-start=\"461\" data-end=\"593\"><strong data-start=\"461\" data-end=\"500\">Sandarumas ir paprastas montavimas:<\/strong> komplekte esantis guminis sandariklis (420\u00d7420 mm) u\u017etikrina duj\u0173 nepraleid\u017eian\u010di\u0105 jungt\u012f.<\/p>\n<\/li>\n<li data-start=\"594\" data-end=\"662\">\n<p data-start=\"596\" data-end=\"662\"><strong data-start=\"596\" data-end=\"619\">Lengvas montavimas:<\/strong> visi reikalingi komponentai yra komplekte.<\/p>\n<\/li>\n<\/ul>\n<p data-start=\"664\" data-end=\"679\"><strong data-start=\"664\" data-end=\"679\">Privalumai:<\/strong><\/p>\n<ul data-start=\"681\" data-end=\"815\">\n<li data-start=\"681\" data-end=\"712\">\n<p data-start=\"683\" data-end=\"712\">Ilgaam\u017ei\u0161kumas ir saugumas.<\/p>\n<\/li>\n<li data-start=\"713\" data-end=\"761\">\n<p data-start=\"715\" data-end=\"761\">Paprastas montavimas ir reguliuojamas ilgis.<\/p>\n<\/li>\n<li data-start=\"762\" data-end=\"815\">\n<p data-start=\"764\" data-end=\"815\">Patikimas sandarinimas \u2013 apsaugo nuo d\u016bm\u0173 nuot\u0117kio.<\/p>\n<\/li>\n<\/ul>\n<p data-start=\"817\" data-end=\"841\"><strong data-start=\"817\" data-end=\"841\">Techniniai duomenys:<\/strong><\/p>\n<ul data-start=\"843\" data-end=\"1102\" data-is-last-node=\"\" data-is-only-node=\"\">\n<li data-start=\"843\" data-end=\"880\">\n<p data-start=\"845\" data-end=\"880\">Vidinio vamzd\u017eio skersmuo: 115 mm<\/p>\n<\/li>\n<li data-start=\"881\" data-end=\"922\">\n<p data-start=\"883\" data-end=\"922\">Med\u017eiaga: ner\u016bdijantis plienas 1.4404<\/p>\n<\/li>\n<li data-start=\"923\" data-end=\"950\">\n<p data-start=\"925\" data-end=\"950\">Sienel\u0117s storis: 0,6 mm<\/p>\n<\/li>\n<li data-start=\"951\" data-end=\"990\">\n<p data-start=\"953\" data-end=\"990\">Maks. d\u016bm\u0173 duj\u0173 temperat\u016bra: 600 \u00b0C<\/p>\n<\/li>\n<li data-start=\"991\" data-end=\"1023\">\n<p data-start=\"993\" data-end=\"1023\">Reguliuojamas ilgis: 2410 mm<\/p>\n<\/li>\n<li data-start=\"1024\" data-end=\"1056\">\n<p data-start=\"1026\" data-end=\"1056\">Sandariklis: guma 420\u00d7420 mm<\/p>\n<\/li>\n<li data-start=\"1057\" data-end=\"1102\" data-is-last-node=\"\">\n<p data-start=\"1059\" data-end=\"1102\" data-is-last-node=\"\">Tipas: dvigubos sienel\u0117s apvalus d\u016bmtraukis<\/p>\n<\/li>\n<\/ul>\n","protected":false},"excerpt":{"rendered":"<p>Pagrindin\u0117s savyb\u0117s: Dviguba konstrukcija: gera \u0161ilumos izoliacija, v\u0117sus i\u0161orinis pavir\u0161ius, minimal\u016bs \u0161ilumos nuostoliai. Ner\u016bdijantis plienas 1.4404: vidinis vamzdis 0,6 mm,<\/p>\n","protected":false},"featured_media":49575,"template":"","meta":{"_lmt_disableupdate":"","_lmt_disable":""},"product_brand":[],"product_cat":[364],"product_tag":[],"class_list":{"0":"post-42454","1":"product","2":"type-product","3":"status-publish","4":"has-post-thumbnail","6":"product_cat-dumtraukiai","8":"first","9":"instock","10":"shipping-taxable","11":"product-type-simple"},"yoast_head":"<!-- This site is optimized with the Yoast SEO plugin v27.0 - https:\/\/yoast.com\/product\/yoast-seo-wordpress\/ -->\n<title>Modulinio d\u016bmtraukio komplektas - Skamet<\/title>\n<meta name=\"robots\" content=\"index, follow, max-snippet:-1, max-image-preview:large, max-video-preview:-1\" \/>\n<link rel=\"canonical\" href=\"https:\/\/www.skamet.ee\/lt\/tooted\/modulinis-kaminas\/\" \/>\n<meta property=\"og:locale\" content=\"lt_LT\" \/>\n<meta property=\"og:type\" content=\"article\" \/>\n<meta property=\"og:title\" content=\"Modulinio d\u016bmtraukio komplektas - Skamet\" \/>\n<meta property=\"og:description\" content=\"Pagrindin\u0117s savyb\u0117s: Dviguba konstrukcija: gera \u0161ilumos izoliacija, v\u0117sus i\u0161orinis pavir\u0161ius, minimal\u016bs \u0161ilumos nuostoliai. Ner\u016bdijantis plienas 1.4404: vidinis vamzdis 0,6 mm,\" \/>\n<meta property=\"og:url\" content=\"https:\/\/www.skamet.ee\/lt\/tooted\/modulinis-kaminas\/\" \/>\n<meta property=\"og:site_name\" content=\"Skamet\" \/>\n<meta property=\"article:modified_time\" content=\"2026-01-28T06:16:39+00:00\" \/>\n<meta property=\"og:image\" content=\"https:\/\/www.skamet.ee\/wp-content\/uploads\/2021\/03\/ARK-115--scaled.jpg\" \/>\n\t<meta property=\"og:image:width\" content=\"1708\" \/>\n\t<meta property=\"og:image:height\" content=\"2560\" \/>\n\t<meta property=\"og:image:type\" content=\"image\/jpeg\" \/>\n<meta name=\"twitter:card\" content=\"summary_large_image\" \/>\n<script type=\"application\/ld+json\" class=\"yoast-schema-graph\">{\"@context\":\"https:\/\/schema.org\",\"@graph\":[{\"@type\":\"WebPage\",\"@id\":\"https:\/\/www.skamet.ee\/lt\/tooted\/modulinis-kaminas\/\",\"url\":\"https:\/\/www.skamet.ee\/lt\/tooted\/modulinis-kaminas\/\",\"name\":\"Modulinio d\u016bmtraukio komplektas - Skamet\",\"isPartOf\":{\"@id\":\"https:\/\/www.skamet.ee\/#website\"},\"primaryImageOfPage\":{\"@id\":\"https:\/\/www.skamet.ee\/lt\/tooted\/modulinis-kaminas\/#primaryimage\"},\"image\":{\"@id\":\"https:\/\/www.skamet.ee\/lt\/tooted\/modulinis-kaminas\/#primaryimage\"},\"thumbnailUrl\":\"https:\/\/www.skamet.ee\/wp-content\/uploads\/2021\/03\/ARK-115--scaled.jpg\",\"datePublished\":\"2021-03-26T12:33:35+00:00\",\"dateModified\":\"2026-01-28T06:16:39+00:00\",\"breadcrumb\":{\"@id\":\"https:\/\/www.skamet.ee\/lt\/tooted\/modulinis-kaminas\/#breadcrumb\"},\"inLanguage\":\"lt\",\"potentialAction\":[{\"@type\":\"ReadAction\",\"target\":[\"https:\/\/www.skamet.ee\/lt\/tooted\/modulinis-kaminas\/\"]}]},{\"@type\":\"ImageObject\",\"inLanguage\":\"lt\",\"@id\":\"https:\/\/www.skamet.ee\/lt\/tooted\/modulinis-kaminas\/#primaryimage\",\"url\":\"https:\/\/www.skamet.ee\/wp-content\/uploads\/2021\/03\/ARK-115--scaled.jpg\",\"contentUrl\":\"https:\/\/www.skamet.ee\/wp-content\/uploads\/2021\/03\/ARK-115--scaled.jpg\",\"width\":1708,\"height\":2560,\"caption\":\"ARK 115 scaled\"},{\"@type\":\"BreadcrumbList\",\"@id\":\"https:\/\/www.skamet.ee\/lt\/tooted\/modulinis-kaminas\/#breadcrumb\",\"itemListElement\":[{\"@type\":\"ListItem\",\"position\":1,\"name\":\"Home\",\"item\":\"https:\/\/www.skamet.ee\/fi\/\"},{\"@type\":\"ListItem\",\"position\":2,\"name\":\"Produktai\",\"item\":\"https:\/\/www.skamet.ee\/lt\/shop-2\/\"},{\"@type\":\"ListItem\",\"position\":3,\"name\":\"Modulinio d\u016bmtraukio komplektas\"}]},{\"@type\":\"WebSite\",\"@id\":\"https:\/\/www.skamet.ee\/#website\",\"url\":\"https:\/\/www.skamet.ee\/\",\"name\":\"Skamet O\u00dc\",\"description\":\"Efektiivsed puuk\u00fcttega saunaahjud Eesti tootjalt\",\"publisher\":{\"@id\":\"https:\/\/www.skamet.ee\/#organization\"},\"potentialAction\":[{\"@type\":\"SearchAction\",\"target\":{\"@type\":\"EntryPoint\",\"urlTemplate\":\"https:\/\/www.skamet.ee\/?s={search_term_string}\"},\"query-input\":{\"@type\":\"PropertyValueSpecification\",\"valueRequired\":true,\"valueName\":\"search_term_string\"}}],\"inLanguage\":\"lt\"},{\"@type\":\"Organization\",\"@id\":\"https:\/\/www.skamet.ee\/#organization\",\"name\":\"Skamet\",\"url\":\"https:\/\/www.skamet.ee\/\",\"logo\":{\"@type\":\"ImageObject\",\"inLanguage\":\"lt\",\"@id\":\"https:\/\/www.skamet.ee\/#\/schema\/logo\/image\/\",\"url\":\"https:\/\/www.skamet.ee\/wp-content\/uploads\/2015\/05\/logo-uus.png\",\"contentUrl\":\"https:\/\/www.skamet.ee\/wp-content\/uploads\/2015\/05\/logo-uus.png\",\"width\":300,\"height\":127,\"caption\":\"Skamet\"},\"image\":{\"@id\":\"https:\/\/www.skamet.ee\/#\/schema\/logo\/image\/\"}}]}<\/script>\n<!-- \/ Yoast SEO plugin. -->","yoast_head_json":{"title":"Modulinio d\u016bmtraukio komplektas - Skamet","robots":{"index":"index","follow":"follow","max-snippet":"max-snippet:-1","max-image-preview":"max-image-preview:large","max-video-preview":"max-video-preview:-1"},"canonical":"https:\/\/www.skamet.ee\/lt\/tooted\/modulinis-kaminas\/","og_locale":"lt_LT","og_type":"article","og_title":"Modulinio d\u016bmtraukio komplektas - Skamet","og_description":"Pagrindin\u0117s savyb\u0117s: Dviguba konstrukcija: gera \u0161ilumos izoliacija, v\u0117sus i\u0161orinis pavir\u0161ius, minimal\u016bs \u0161ilumos nuostoliai. Ner\u016bdijantis plienas 1.4404: vidinis vamzdis 0,6 mm,","og_url":"https:\/\/www.skamet.ee\/lt\/tooted\/modulinis-kaminas\/","og_site_name":"Skamet","article_modified_time":"2026-01-28T06:16:39+00:00","og_image":[{"width":1708,"height":2560,"url":"https:\/\/www.skamet.ee\/wp-content\/uploads\/2021\/03\/ARK-115--scaled.jpg","type":"image\/jpeg"}],"twitter_card":"summary_large_image","schema":{"@context":"https:\/\/schema.org","@graph":[{"@type":"WebPage","@id":"https:\/\/www.skamet.ee\/lt\/tooted\/modulinis-kaminas\/","url":"https:\/\/www.skamet.ee\/lt\/tooted\/modulinis-kaminas\/","name":"Modulinio d\u016bmtraukio komplektas - Skamet","isPartOf":{"@id":"https:\/\/www.skamet.ee\/#website"},"primaryImageOfPage":{"@id":"https:\/\/www.skamet.ee\/lt\/tooted\/modulinis-kaminas\/#primaryimage"},"image":{"@id":"https:\/\/www.skamet.ee\/lt\/tooted\/modulinis-kaminas\/#primaryimage"},"thumbnailUrl":"https:\/\/www.skamet.ee\/wp-content\/uploads\/2021\/03\/ARK-115--scaled.jpg","datePublished":"2021-03-26T12:33:35+00:00","dateModified":"2026-01-28T06:16:39+00:00","breadcrumb":{"@id":"https:\/\/www.skamet.ee\/lt\/tooted\/modulinis-kaminas\/#breadcrumb"},"inLanguage":"lt","potentialAction":[{"@type":"ReadAction","target":["https:\/\/www.skamet.ee\/lt\/tooted\/modulinis-kaminas\/"]}]},{"@type":"ImageObject","inLanguage":"lt","@id":"https:\/\/www.skamet.ee\/lt\/tooted\/modulinis-kaminas\/#primaryimage","url":"https:\/\/www.skamet.ee\/wp-content\/uploads\/2021\/03\/ARK-115--scaled.jpg","contentUrl":"https:\/\/www.skamet.ee\/wp-content\/uploads\/2021\/03\/ARK-115--scaled.jpg","width":1708,"height":2560,"caption":"ARK 115 scaled"},{"@type":"BreadcrumbList","@id":"https:\/\/www.skamet.ee\/lt\/tooted\/modulinis-kaminas\/#breadcrumb","itemListElement":[{"@type":"ListItem","position":1,"name":"Home","item":"https:\/\/www.skamet.ee\/fi\/"},{"@type":"ListItem","position":2,"name":"Produktai","item":"https:\/\/www.skamet.ee\/lt\/shop-2\/"},{"@type":"ListItem","position":3,"name":"Modulinio d\u016bmtraukio komplektas"}]},{"@type":"WebSite","@id":"https:\/\/www.skamet.ee\/#website","url":"https:\/\/www.skamet.ee\/","name":"Skamet O\u00dc","description":"Efektiivsed puuk\u00fcttega saunaahjud Eesti tootjalt","publisher":{"@id":"https:\/\/www.skamet.ee\/#organization"},"potentialAction":[{"@type":"SearchAction","target":{"@type":"EntryPoint","urlTemplate":"https:\/\/www.skamet.ee\/?s={search_term_string}"},"query-input":{"@type":"PropertyValueSpecification","valueRequired":true,"valueName":"search_term_string"}}],"inLanguage":"lt"},{"@type":"Organization","@id":"https:\/\/www.skamet.ee\/#organization","name":"Skamet","url":"https:\/\/www.skamet.ee\/","logo":{"@type":"ImageObject","inLanguage":"lt","@id":"https:\/\/www.skamet.ee\/#\/schema\/logo\/image\/","url":"https:\/\/www.skamet.ee\/wp-content\/uploads\/2015\/05\/logo-uus.png","contentUrl":"https:\/\/www.skamet.ee\/wp-content\/uploads\/2015\/05\/logo-uus.png","width":300,"height":127,"caption":"Skamet"},"image":{"@id":"https:\/\/www.skamet.ee\/#\/schema\/logo\/image\/"}}]}},"_links":{"self":[{"href":"https:\/\/www.skamet.ee\/lt\/wp-json\/wp\/v2\/product\/42454","targetHints":{"allow":["GET"]}}],"collection":[{"href":"https:\/\/www.skamet.ee\/lt\/wp-json\/wp\/v2\/product"}],"about":[{"href":"https:\/\/www.skamet.ee\/lt\/wp-json\/wp\/v2\/types\/product"}],"version-history":[{"count":3,"href":"https:\/\/www.skamet.ee\/lt\/wp-json\/wp\/v2\/product\/42454\/revisions"}],"predecessor-version":[{"id":54410,"href":"https:\/\/www.skamet.ee\/lt\/wp-json\/wp\/v2\/product\/42454\/revisions\/54410"}],"wp:featuredmedia":[{"embeddable":true,"href":"https:\/\/www.skamet.ee\/lt\/wp-json\/wp\/v2\/media\/49575"}],"wp:attachment":[{"href":"https:\/\/www.skamet.ee\/lt\/wp-json\/wp\/v2\/media?parent=42454"}],"wp:term":[{"taxonomy":"product_brand","embeddable":true,"href":"https:\/\/www.skamet.ee\/lt\/wp-json\/wp\/v2\/product_brand?post=42454"},{"taxonomy":"product_cat","embeddable":true,"href":"https:\/\/www.skamet.ee\/lt\/wp-json\/wp\/v2\/product_cat?post=42454"},{"taxonomy":"product_tag","embeddable":true,"href":"https:\/\/www.skamet.ee\/lt\/wp-json\/wp\/v2\/product_tag?post=42454"}],"curies":[{"name":"wp","href":"https:\/\/api.w.org\/{rel}","templated":true}]}}