{"id":42457,"date":"2021-03-26T13:32:23","date_gmt":"2021-03-26T11:32:23","guid":{"rendered":"https:\/\/uus.skamet.ee\/tooted\/uncategorized\/paprastos-krosneles-2\/"},"modified":"2022-03-23T14:49:30","modified_gmt":"2022-03-23T12:49:30","slug":"paprastos-krosneles-2","status":"publish","type":"product","link":"https:\/\/www.skamet.ee\/lt\/tooted\/paprastos-krosneles-2\/","title":{"rendered":"Paprastos krosnel\u0117s"},"content":{"rendered":"<p><strong>Krosnel\u0117s pirtims gaminamos dviej\u0173 dyd\u017ei\u0173:<\/strong><\/p>\n<p>Nedidelis \u0161ildytuvas (<strong>modelis P-216<\/strong>)\u00a0 su ap\u0161ildoma patalpa \u2013 8\u2013 18 m\u00b3. Krosnel\u0117s auk\u0161tis \u2013\u00a0\u00a0\u00a073 cm.\u00a0\u00a0Akmen\u0173 kiekis 40 kg.<br \/>\nDidelis \u0161ildytuvas (<strong>modelis P-220<\/strong>) su ap\u0161ildoma patalpa \u2013\u00a0 16\u201325 m\u00b3. Krosnel\u0117s auk\u0161tis \u00a0\u2013\u00a081 cm.\u00a0Akmen\u0173 kiekis 50 kg.<br \/>\n<strong>Matmenys pateikti naudojimo\u00a0<a href=\"https:\/\/skamet.ee\/wp-content\/uploads\/2014\/03\/LT_veebvaike1.pdf\">instrukcijoje<\/a><\/strong><\/p>\n<table border=\"0\">\n<tbody>\n<tr>\n<td><strong>Standartini\u0173 gamini\u0173 parametrai<\/strong><strong>:<\/strong>\u00bb \u00a0stiklin\u0117s durys (230\u00d7230 mm) arba be dur\u0173;<br \/>\n\u00bb \u00a0prijungimas prie kamino i\u0161 vir\u0161aus;<br \/>\n\u00bb \u00a0dur\u0173 vyriai kair\u0117je;<br \/>\n\u00bb \u00a0apdailos spalva: raudona\/juoda;<br \/>\n\u00bb \u00a0krosnel\u0117 pir\u010diai padengta kar\u0161\u010diui atspariais da\u017eais;<br \/>\n\u00bb \u00a0galimas boilerio prijungimas (i\u0161 de\u0161in\u0117s, i\u0161 kair\u0117s, i\u0161 galo) arba be boilerio.<\/td>\n<td><strong>Papildomos funkcijos:<\/strong><br \/>\n\u00bb<strong>\u00a0\u00a0<\/strong>rankena i\u0161 ner\u016bdijan\u010dio plieno (kaip ir \u017eidinio dureli\u0173);<br \/>\n\u00bb<strong>\u00a0<\/strong>\u00a0atvirk\u0161\u010dias krosnel\u0117s modelis;<br \/>\n\u00bb \u00a0dur\u0173 vyriai de\u0161in\u0117je;<br \/>\n\u00bb \u00a0apdaila juodos spalvos iki vir\u0161aus arba i\u0161 ner\u016bdijan\u010dio plieno;<br \/>\n\u00bb \u00a0apdailos vir\u0161us i\u0161 ner\u016bdijan\u010dio plieno;<br \/>\n\u00bb \u00a0Susipa\u017einkite su kitomis galimyb\u0117mis\u00a0<strong>\u010dia<\/strong><\/td>\n<\/tr>\n<\/tbody>\n<\/table>\n","protected":false},"excerpt":{"rendered":"<p>Krosnel\u0117s pirtims gaminamos dviej\u0173 dyd\u017ei\u0173: Nedidelis \u0161ildytuvas (modelis P-216)\u00a0 su ap\u0161ildoma patalpa \u2013 8\u2013 18 m\u00b3. Krosnel\u0117s auk\u0161tis \u2013\u00a0\u00a0\u00a073 cm.\u00a0\u00a0Akmen\u0173<\/p>\n","protected":false},"featured_media":43044,"template":"","meta":{"_lmt_disableupdate":"","_lmt_disable":""},"product_brand":[],"product_cat":[371],"product_tag":[],"class_list":{"0":"post-42457","1":"product","2":"type-product","3":"status-publish","4":"has-post-thumbnail","6":"product_cat-krosneles-pirtims","7":"pa_ahju-korgus-73-cm-lt","8":"pa_ahju-korgus-81-cm-lt","9":"pa_ahju-laius-43-cm-lt","10":"pa_ahju-sugavus-51-cm-lt","11":"pa_kivide-hulk-40-kg-lt","12":"pa_kivide-hulk-50-kg-lt","13":"pa_koetav-ruumala-16-m-25-m-lt","14":"pa_koetav-ruumala-8-m-18-m-lt","15":"pa_mudel-p-216-lt","16":"pa_mudel-p-220-lt","18":"first","19":"instock","20":"shipping-taxable","21":"product-type-simple"},"yoast_head":"<!-- This site is optimized with the Yoast SEO plugin v27.0 - https:\/\/yoast.com\/product\/yoast-seo-wordpress\/ -->\n<title>Paprastos krosnel\u0117s - Skamet<\/title>\n<meta name=\"robots\" content=\"index, follow, max-snippet:-1, max-image-preview:large, max-video-preview:-1\" \/>\n<link rel=\"canonical\" href=\"https:\/\/www.skamet.ee\/lt\/tooted\/paprastos-krosneles-2\/\" \/>\n<meta property=\"og:locale\" content=\"lt_LT\" \/>\n<meta property=\"og:type\" content=\"article\" \/>\n<meta property=\"og:title\" content=\"Paprastos krosnel\u0117s - Skamet\" \/>\n<meta property=\"og:description\" content=\"Krosnel\u0117s pirtims gaminamos dviej\u0173 dyd\u017ei\u0173: Nedidelis \u0161ildytuvas (modelis P-216)\u00a0 su ap\u0161ildoma patalpa \u2013 8\u2013 18 m\u00b3. Krosnel\u0117s auk\u0161tis \u2013\u00a0\u00a0\u00a073 cm.\u00a0\u00a0Akmen\u0173\" \/>\n<meta property=\"og:url\" content=\"https:\/\/www.skamet.ee\/lt\/tooted\/paprastos-krosneles-2\/\" \/>\n<meta property=\"og:site_name\" content=\"Skamet\" \/>\n<meta property=\"article:modified_time\" content=\"2022-03-23T12:49:30+00:00\" \/>\n<meta property=\"og:image\" content=\"https:\/\/www.skamet.ee\/wp-content\/uploads\/2021\/03\/P-216-GL.jpg\" \/>\n\t<meta property=\"og:image:width\" content=\"717\" \/>\n\t<meta property=\"og:image:height\" content=\"1075\" \/>\n\t<meta property=\"og:image:type\" content=\"image\/jpeg\" \/>\n<meta name=\"twitter:card\" content=\"summary_large_image\" \/>\n<meta name=\"twitter:label1\" content=\"Est. reading time\" \/>\n\t<meta name=\"twitter:data1\" content=\"1 minute\" \/>\n<script type=\"application\/ld+json\" class=\"yoast-schema-graph\">{\"@context\":\"https:\/\/schema.org\",\"@graph\":[{\"@type\":\"WebPage\",\"@id\":\"https:\/\/www.skamet.ee\/lt\/tooted\/paprastos-krosneles-2\/\",\"url\":\"https:\/\/www.skamet.ee\/lt\/tooted\/paprastos-krosneles-2\/\",\"name\":\"Paprastos krosnel\u0117s - Skamet\",\"isPartOf\":{\"@id\":\"https:\/\/www.skamet.ee\/#website\"},\"primaryImageOfPage\":{\"@id\":\"https:\/\/www.skamet.ee\/lt\/tooted\/paprastos-krosneles-2\/#primaryimage\"},\"image\":{\"@id\":\"https:\/\/www.skamet.ee\/lt\/tooted\/paprastos-krosneles-2\/#primaryimage\"},\"thumbnailUrl\":\"https:\/\/www.skamet.ee\/wp-content\/uploads\/2021\/03\/P-216-GL.jpg\",\"datePublished\":\"2021-03-26T11:32:23+00:00\",\"dateModified\":\"2022-03-23T12:49:30+00:00\",\"breadcrumb\":{\"@id\":\"https:\/\/www.skamet.ee\/lt\/tooted\/paprastos-krosneles-2\/#breadcrumb\"},\"inLanguage\":\"lt\",\"potentialAction\":[{\"@type\":\"ReadAction\",\"target\":[\"https:\/\/www.skamet.ee\/lt\/tooted\/paprastos-krosneles-2\/\"]}]},{\"@type\":\"ImageObject\",\"inLanguage\":\"lt\",\"@id\":\"https:\/\/www.skamet.ee\/lt\/tooted\/paprastos-krosneles-2\/#primaryimage\",\"url\":\"https:\/\/www.skamet.ee\/wp-content\/uploads\/2021\/03\/P-216-GL.jpg\",\"contentUrl\":\"https:\/\/www.skamet.ee\/wp-content\/uploads\/2021\/03\/P-216-GL.jpg\",\"width\":717,\"height\":1075,\"caption\":\"P 216 GL\"},{\"@type\":\"BreadcrumbList\",\"@id\":\"https:\/\/www.skamet.ee\/lt\/tooted\/paprastos-krosneles-2\/#breadcrumb\",\"itemListElement\":[{\"@type\":\"ListItem\",\"position\":1,\"name\":\"Home\",\"item\":\"https:\/\/www.skamet.ee\/fi\/\"},{\"@type\":\"ListItem\",\"position\":2,\"name\":\"Produktai\",\"item\":\"https:\/\/www.skamet.ee\/lt\/shop-2\/\"},{\"@type\":\"ListItem\",\"position\":3,\"name\":\"Paprastos krosnel\u0117s\"}]},{\"@type\":\"WebSite\",\"@id\":\"https:\/\/www.skamet.ee\/#website\",\"url\":\"https:\/\/www.skamet.ee\/\",\"name\":\"Skamet O\u00dc\",\"description\":\"Efektiivsed puuk\u00fcttega saunaahjud Eesti tootjalt\",\"publisher\":{\"@id\":\"https:\/\/www.skamet.ee\/#organization\"},\"potentialAction\":[{\"@type\":\"SearchAction\",\"target\":{\"@type\":\"EntryPoint\",\"urlTemplate\":\"https:\/\/www.skamet.ee\/?s={search_term_string}\"},\"query-input\":{\"@type\":\"PropertyValueSpecification\",\"valueRequired\":true,\"valueName\":\"search_term_string\"}}],\"inLanguage\":\"lt\"},{\"@type\":\"Organization\",\"@id\":\"https:\/\/www.skamet.ee\/#organization\",\"name\":\"Skamet\",\"url\":\"https:\/\/www.skamet.ee\/\",\"logo\":{\"@type\":\"ImageObject\",\"inLanguage\":\"lt\",\"@id\":\"https:\/\/www.skamet.ee\/#\/schema\/logo\/image\/\",\"url\":\"https:\/\/www.skamet.ee\/wp-content\/uploads\/2015\/05\/logo-uus.png\",\"contentUrl\":\"https:\/\/www.skamet.ee\/wp-content\/uploads\/2015\/05\/logo-uus.png\",\"width\":300,\"height\":127,\"caption\":\"Skamet\"},\"image\":{\"@id\":\"https:\/\/www.skamet.ee\/#\/schema\/logo\/image\/\"}}]}<\/script>\n<!-- \/ Yoast SEO plugin. -->","yoast_head_json":{"title":"Paprastos krosnel\u0117s - Skamet","robots":{"index":"index","follow":"follow","max-snippet":"max-snippet:-1","max-image-preview":"max-image-preview:large","max-video-preview":"max-video-preview:-1"},"canonical":"https:\/\/www.skamet.ee\/lt\/tooted\/paprastos-krosneles-2\/","og_locale":"lt_LT","og_type":"article","og_title":"Paprastos krosnel\u0117s - Skamet","og_description":"Krosnel\u0117s pirtims gaminamos dviej\u0173 dyd\u017ei\u0173: Nedidelis \u0161ildytuvas (modelis P-216)\u00a0 su ap\u0161ildoma patalpa \u2013 8\u2013 18 m\u00b3. Krosnel\u0117s auk\u0161tis \u2013\u00a0\u00a0\u00a073 cm.\u00a0\u00a0Akmen\u0173","og_url":"https:\/\/www.skamet.ee\/lt\/tooted\/paprastos-krosneles-2\/","og_site_name":"Skamet","article_modified_time":"2022-03-23T12:49:30+00:00","og_image":[{"width":717,"height":1075,"url":"https:\/\/www.skamet.ee\/wp-content\/uploads\/2021\/03\/P-216-GL.jpg","type":"image\/jpeg"}],"twitter_card":"summary_large_image","twitter_misc":{"Est. reading time":"1 minute"},"schema":{"@context":"https:\/\/schema.org","@graph":[{"@type":"WebPage","@id":"https:\/\/www.skamet.ee\/lt\/tooted\/paprastos-krosneles-2\/","url":"https:\/\/www.skamet.ee\/lt\/tooted\/paprastos-krosneles-2\/","name":"Paprastos krosnel\u0117s - Skamet","isPartOf":{"@id":"https:\/\/www.skamet.ee\/#website"},"primaryImageOfPage":{"@id":"https:\/\/www.skamet.ee\/lt\/tooted\/paprastos-krosneles-2\/#primaryimage"},"image":{"@id":"https:\/\/www.skamet.ee\/lt\/tooted\/paprastos-krosneles-2\/#primaryimage"},"thumbnailUrl":"https:\/\/www.skamet.ee\/wp-content\/uploads\/2021\/03\/P-216-GL.jpg","datePublished":"2021-03-26T11:32:23+00:00","dateModified":"2022-03-23T12:49:30+00:00","breadcrumb":{"@id":"https:\/\/www.skamet.ee\/lt\/tooted\/paprastos-krosneles-2\/#breadcrumb"},"inLanguage":"lt","potentialAction":[{"@type":"ReadAction","target":["https:\/\/www.skamet.ee\/lt\/tooted\/paprastos-krosneles-2\/"]}]},{"@type":"ImageObject","inLanguage":"lt","@id":"https:\/\/www.skamet.ee\/lt\/tooted\/paprastos-krosneles-2\/#primaryimage","url":"https:\/\/www.skamet.ee\/wp-content\/uploads\/2021\/03\/P-216-GL.jpg","contentUrl":"https:\/\/www.skamet.ee\/wp-content\/uploads\/2021\/03\/P-216-GL.jpg","width":717,"height":1075,"caption":"P 216 GL"},{"@type":"BreadcrumbList","@id":"https:\/\/www.skamet.ee\/lt\/tooted\/paprastos-krosneles-2\/#breadcrumb","itemListElement":[{"@type":"ListItem","position":1,"name":"Home","item":"https:\/\/www.skamet.ee\/fi\/"},{"@type":"ListItem","position":2,"name":"Produktai","item":"https:\/\/www.skamet.ee\/lt\/shop-2\/"},{"@type":"ListItem","position":3,"name":"Paprastos krosnel\u0117s"}]},{"@type":"WebSite","@id":"https:\/\/www.skamet.ee\/#website","url":"https:\/\/www.skamet.ee\/","name":"Skamet O\u00dc","description":"Efektiivsed puuk\u00fcttega saunaahjud Eesti tootjalt","publisher":{"@id":"https:\/\/www.skamet.ee\/#organization"},"potentialAction":[{"@type":"SearchAction","target":{"@type":"EntryPoint","urlTemplate":"https:\/\/www.skamet.ee\/?s={search_term_string}"},"query-input":{"@type":"PropertyValueSpecification","valueRequired":true,"valueName":"search_term_string"}}],"inLanguage":"lt"},{"@type":"Organization","@id":"https:\/\/www.skamet.ee\/#organization","name":"Skamet","url":"https:\/\/www.skamet.ee\/","logo":{"@type":"ImageObject","inLanguage":"lt","@id":"https:\/\/www.skamet.ee\/#\/schema\/logo\/image\/","url":"https:\/\/www.skamet.ee\/wp-content\/uploads\/2015\/05\/logo-uus.png","contentUrl":"https:\/\/www.skamet.ee\/wp-content\/uploads\/2015\/05\/logo-uus.png","width":300,"height":127,"caption":"Skamet"},"image":{"@id":"https:\/\/www.skamet.ee\/#\/schema\/logo\/image\/"}}]}},"_links":{"self":[{"href":"https:\/\/www.skamet.ee\/lt\/wp-json\/wp\/v2\/product\/42457","targetHints":{"allow":["GET"]}}],"collection":[{"href":"https:\/\/www.skamet.ee\/lt\/wp-json\/wp\/v2\/product"}],"about":[{"href":"https:\/\/www.skamet.ee\/lt\/wp-json\/wp\/v2\/types\/product"}],"version-history":[{"count":1,"href":"https:\/\/www.skamet.ee\/lt\/wp-json\/wp\/v2\/product\/42457\/revisions"}],"predecessor-version":[{"id":43052,"href":"https:\/\/www.skamet.ee\/lt\/wp-json\/wp\/v2\/product\/42457\/revisions\/43052"}],"wp:featuredmedia":[{"embeddable":true,"href":"https:\/\/www.skamet.ee\/lt\/wp-json\/wp\/v2\/media\/43044"}],"wp:attachment":[{"href":"https:\/\/www.skamet.ee\/lt\/wp-json\/wp\/v2\/media?parent=42457"}],"wp:term":[{"taxonomy":"product_brand","embeddable":true,"href":"https:\/\/www.skamet.ee\/lt\/wp-json\/wp\/v2\/product_brand?post=42457"},{"taxonomy":"product_cat","embeddable":true,"href":"https:\/\/www.skamet.ee\/lt\/wp-json\/wp\/v2\/product_cat?post=42457"},{"taxonomy":"product_tag","embeddable":true,"href":"https:\/\/www.skamet.ee\/lt\/wp-json\/wp\/v2\/product_tag?post=42457"}],"curies":[{"name":"wp","href":"https:\/\/api.w.org\/{rel}","templated":true}]}}