{"id":42485,"date":"2021-03-24T15:01:35","date_gmt":"2021-03-24T13:01:35","guid":{"rendered":"https:\/\/uus.skamet.ee\/tooted\/uncategorized\/krosneles-pirciai-su-metaliniu-korpusu-apsildymas-is-kitos-patalpos\/"},"modified":"2021-03-24T15:01:35","modified_gmt":"2021-03-24T13:01:35","slug":"krosneles-pirciai-su-metaliniu-korpusu-apsildymas-is-kitos-patalpos","status":"publish","type":"product","link":"https:\/\/www.skamet.ee\/lt\/tooted\/krosneles-pirciai-su-metaliniu-korpusu-apsildymas-is-kitos-patalpos\/","title":{"rendered":"Krosnel\u0117s pir\u010diai su metaliniu korpusu Ap\u0161ildymas i\u0161 kitos patalpos"},"content":{"rendered":"<p>Krosnel\u0117 sumontuota garin\u0117je pirtyje ir ap\u0161ildoma i\u0161 kitos patalpos per sien\u0105. Sienos storis\u00a0 \u2013 170 mm. \u0160i\u0105 dal\u012f galite u\u017esisakyti trumpesn\u0119 arba ilgesn\u0119. Standartinius modelius galima sujungti su kaminu tik i\u0161 vir\u0161aus \u2013\u00a0 i\u0161 dureli\u0173 pus\u0117s. U\u017esisakius atvirk\u0161\u010di\u0105 variant\u0105, kamin\u0105 galima prijungti ne tik per galin\u0119 sienel\u0119, bet ir i\u0161 vir\u0161aus\u00a0 \u2013 i\u0161 galin\u0117s sienel\u0117s pus\u0117s.<\/p>\n","protected":false},"excerpt":{"rendered":"<p>Krosnel\u0117 sumontuota garin\u0117je pirtyje ir ap\u0161ildoma i\u0161 kitos patalpos per sien\u0105. Sienos storis\u00a0 \u2013 170 mm. \u0160i\u0105 dal\u012f galite u\u017esisakyti<\/p>\n","protected":false},"featured_media":44014,"template":"","meta":{"_lmt_disableupdate":"","_lmt_disable":""},"product_brand":[],"product_cat":[308,371],"product_tag":[],"class_list":{"0":"post-42485","1":"product","2":"type-product","3":"status-publish","4":"has-post-thumbnail","6":"product_cat-toisesta-tilasta-lammitettavat","7":"product_cat-krosneles-pirtims","8":"pa_ahju-korgus-60-cm-lt","9":"pa_ahju-korgus-73-cm-lt","10":"pa_ahju-korgus-81-cm-lt","11":"pa_ahju-laius-39-cm-lt","12":"pa_ahju-laius-43-cm-lt","13":"pa_ahju-laius-61-cm-lt","14":"pa_ahju-sugavus-45-cm-lt","15":"pa_ahju-sugavus-51-cm-lt","16":"pa_kivide-hulk-20-kg-lt","17":"pa_kivide-hulk-40-kg-lt","18":"pa_kivide-hulk-50-kg-lt","19":"pa_koetav-ruumala-16-m-25-m-lt","20":"pa_koetav-ruumala-5-m-12-m-lt","21":"pa_koetav-ruumala-8-m-18-m-lt","22":"pa_mudel-p-216-lt","23":"pa_mudel-p-21640-lt","24":"pa_mudel-p-220-lt","25":"pa_mudel-p-22040-lt","26":"pa_mudel-ps-210-lt","27":"pa_mudel-pt-216-lt","28":"pa_mudel-pt-220-lt","30":"first","31":"instock","32":"shipping-taxable","33":"product-type-simple"},"yoast_head":"<!-- This site is optimized with the Yoast SEO plugin v27.0 - https:\/\/yoast.com\/product\/yoast-seo-wordpress\/ -->\n<title>Krosnel\u0117s pir\u010diai su metaliniu korpusu Ap\u0161ildymas i\u0161 kitos patalpos - Skamet<\/title>\n<meta name=\"robots\" content=\"index, follow, max-snippet:-1, max-image-preview:large, max-video-preview:-1\" \/>\n<link rel=\"canonical\" href=\"https:\/\/www.skamet.ee\/lt\/tooted\/krosneles-pirciai-su-metaliniu-korpusu-apsildymas-is-kitos-patalpos\/\" \/>\n<meta property=\"og:locale\" content=\"lt_LT\" \/>\n<meta property=\"og:type\" content=\"article\" \/>\n<meta property=\"og:title\" content=\"Krosnel\u0117s pir\u010diai su metaliniu korpusu Ap\u0161ildymas i\u0161 kitos patalpos - Skamet\" \/>\n<meta property=\"og:description\" content=\"Krosnel\u0117 sumontuota garin\u0117je pirtyje ir ap\u0161ildoma i\u0161 kitos patalpos per sien\u0105. Sienos storis\u00a0 \u2013 170 mm. \u0160i\u0105 dal\u012f galite u\u017esisakyti\" \/>\n<meta property=\"og:url\" content=\"https:\/\/www.skamet.ee\/lt\/tooted\/krosneles-pirciai-su-metaliniu-korpusu-apsildymas-is-kitos-patalpos\/\" \/>\n<meta property=\"og:site_name\" content=\"Skamet\" \/>\n<meta property=\"og:image\" content=\"https:\/\/www.skamet.ee\/wp-content\/uploads\/2021\/03\/P-216-GL-1.jpg\" \/>\n\t<meta property=\"og:image:width\" content=\"717\" \/>\n\t<meta property=\"og:image:height\" content=\"1075\" \/>\n\t<meta property=\"og:image:type\" content=\"image\/jpeg\" \/>\n<meta name=\"twitter:card\" content=\"summary_large_image\" \/>\n<script type=\"application\/ld+json\" class=\"yoast-schema-graph\">{\"@context\":\"https:\/\/schema.org\",\"@graph\":[{\"@type\":\"WebPage\",\"@id\":\"https:\/\/www.skamet.ee\/lt\/tooted\/krosneles-pirciai-su-metaliniu-korpusu-apsildymas-is-kitos-patalpos\/\",\"url\":\"https:\/\/www.skamet.ee\/lt\/tooted\/krosneles-pirciai-su-metaliniu-korpusu-apsildymas-is-kitos-patalpos\/\",\"name\":\"Krosnel\u0117s pir\u010diai su metaliniu korpusu Ap\u0161ildymas i\u0161 kitos patalpos - Skamet\",\"isPartOf\":{\"@id\":\"https:\/\/www.skamet.ee\/#website\"},\"primaryImageOfPage\":{\"@id\":\"https:\/\/www.skamet.ee\/lt\/tooted\/krosneles-pirciai-su-metaliniu-korpusu-apsildymas-is-kitos-patalpos\/#primaryimage\"},\"image\":{\"@id\":\"https:\/\/www.skamet.ee\/lt\/tooted\/krosneles-pirciai-su-metaliniu-korpusu-apsildymas-is-kitos-patalpos\/#primaryimage\"},\"thumbnailUrl\":\"https:\/\/www.skamet.ee\/wp-content\/uploads\/2021\/03\/P-216-GL-1.jpg\",\"datePublished\":\"2021-03-24T13:01:35+00:00\",\"breadcrumb\":{\"@id\":\"https:\/\/www.skamet.ee\/lt\/tooted\/krosneles-pirciai-su-metaliniu-korpusu-apsildymas-is-kitos-patalpos\/#breadcrumb\"},\"inLanguage\":\"lt\",\"potentialAction\":[{\"@type\":\"ReadAction\",\"target\":[\"https:\/\/www.skamet.ee\/lt\/tooted\/krosneles-pirciai-su-metaliniu-korpusu-apsildymas-is-kitos-patalpos\/\"]}]},{\"@type\":\"ImageObject\",\"inLanguage\":\"lt\",\"@id\":\"https:\/\/www.skamet.ee\/lt\/tooted\/krosneles-pirciai-su-metaliniu-korpusu-apsildymas-is-kitos-patalpos\/#primaryimage\",\"url\":\"https:\/\/www.skamet.ee\/wp-content\/uploads\/2021\/03\/P-216-GL-1.jpg\",\"contentUrl\":\"https:\/\/www.skamet.ee\/wp-content\/uploads\/2021\/03\/P-216-GL-1.jpg\",\"width\":717,\"height\":1075,\"caption\":\"P 216 GL 1\"},{\"@type\":\"BreadcrumbList\",\"@id\":\"https:\/\/www.skamet.ee\/lt\/tooted\/krosneles-pirciai-su-metaliniu-korpusu-apsildymas-is-kitos-patalpos\/#breadcrumb\",\"itemListElement\":[{\"@type\":\"ListItem\",\"position\":1,\"name\":\"Home\",\"item\":\"https:\/\/www.skamet.ee\/fi\/\"},{\"@type\":\"ListItem\",\"position\":2,\"name\":\"Produktai\",\"item\":\"https:\/\/www.skamet.ee\/lt\/shop-2\/\"},{\"@type\":\"ListItem\",\"position\":3,\"name\":\"Krosnel\u0117s pir\u010diai su metaliniu korpusu Ap\u0161ildymas i\u0161 kitos patalpos\"}]},{\"@type\":\"WebSite\",\"@id\":\"https:\/\/www.skamet.ee\/#website\",\"url\":\"https:\/\/www.skamet.ee\/\",\"name\":\"Skamet O\u00dc\",\"description\":\"Efektiivsed puuk\u00fcttega saunaahjud Eesti tootjalt\",\"publisher\":{\"@id\":\"https:\/\/www.skamet.ee\/#organization\"},\"potentialAction\":[{\"@type\":\"SearchAction\",\"target\":{\"@type\":\"EntryPoint\",\"urlTemplate\":\"https:\/\/www.skamet.ee\/?s={search_term_string}\"},\"query-input\":{\"@type\":\"PropertyValueSpecification\",\"valueRequired\":true,\"valueName\":\"search_term_string\"}}],\"inLanguage\":\"lt\"},{\"@type\":\"Organization\",\"@id\":\"https:\/\/www.skamet.ee\/#organization\",\"name\":\"Skamet\",\"url\":\"https:\/\/www.skamet.ee\/\",\"logo\":{\"@type\":\"ImageObject\",\"inLanguage\":\"lt\",\"@id\":\"https:\/\/www.skamet.ee\/#\/schema\/logo\/image\/\",\"url\":\"https:\/\/www.skamet.ee\/wp-content\/uploads\/2015\/05\/logo-uus.png\",\"contentUrl\":\"https:\/\/www.skamet.ee\/wp-content\/uploads\/2015\/05\/logo-uus.png\",\"width\":300,\"height\":127,\"caption\":\"Skamet\"},\"image\":{\"@id\":\"https:\/\/www.skamet.ee\/#\/schema\/logo\/image\/\"}}]}<\/script>\n<!-- \/ Yoast SEO plugin. -->","yoast_head_json":{"title":"Krosnel\u0117s pir\u010diai su metaliniu korpusu Ap\u0161ildymas i\u0161 kitos patalpos - Skamet","robots":{"index":"index","follow":"follow","max-snippet":"max-snippet:-1","max-image-preview":"max-image-preview:large","max-video-preview":"max-video-preview:-1"},"canonical":"https:\/\/www.skamet.ee\/lt\/tooted\/krosneles-pirciai-su-metaliniu-korpusu-apsildymas-is-kitos-patalpos\/","og_locale":"lt_LT","og_type":"article","og_title":"Krosnel\u0117s pir\u010diai su metaliniu korpusu Ap\u0161ildymas i\u0161 kitos patalpos - Skamet","og_description":"Krosnel\u0117 sumontuota garin\u0117je pirtyje ir ap\u0161ildoma i\u0161 kitos patalpos per sien\u0105. Sienos storis\u00a0 \u2013 170 mm. \u0160i\u0105 dal\u012f galite u\u017esisakyti","og_url":"https:\/\/www.skamet.ee\/lt\/tooted\/krosneles-pirciai-su-metaliniu-korpusu-apsildymas-is-kitos-patalpos\/","og_site_name":"Skamet","og_image":[{"width":717,"height":1075,"url":"https:\/\/www.skamet.ee\/wp-content\/uploads\/2021\/03\/P-216-GL-1.jpg","type":"image\/jpeg"}],"twitter_card":"summary_large_image","schema":{"@context":"https:\/\/schema.org","@graph":[{"@type":"WebPage","@id":"https:\/\/www.skamet.ee\/lt\/tooted\/krosneles-pirciai-su-metaliniu-korpusu-apsildymas-is-kitos-patalpos\/","url":"https:\/\/www.skamet.ee\/lt\/tooted\/krosneles-pirciai-su-metaliniu-korpusu-apsildymas-is-kitos-patalpos\/","name":"Krosnel\u0117s pir\u010diai su metaliniu korpusu Ap\u0161ildymas i\u0161 kitos patalpos - Skamet","isPartOf":{"@id":"https:\/\/www.skamet.ee\/#website"},"primaryImageOfPage":{"@id":"https:\/\/www.skamet.ee\/lt\/tooted\/krosneles-pirciai-su-metaliniu-korpusu-apsildymas-is-kitos-patalpos\/#primaryimage"},"image":{"@id":"https:\/\/www.skamet.ee\/lt\/tooted\/krosneles-pirciai-su-metaliniu-korpusu-apsildymas-is-kitos-patalpos\/#primaryimage"},"thumbnailUrl":"https:\/\/www.skamet.ee\/wp-content\/uploads\/2021\/03\/P-216-GL-1.jpg","datePublished":"2021-03-24T13:01:35+00:00","breadcrumb":{"@id":"https:\/\/www.skamet.ee\/lt\/tooted\/krosneles-pirciai-su-metaliniu-korpusu-apsildymas-is-kitos-patalpos\/#breadcrumb"},"inLanguage":"lt","potentialAction":[{"@type":"ReadAction","target":["https:\/\/www.skamet.ee\/lt\/tooted\/krosneles-pirciai-su-metaliniu-korpusu-apsildymas-is-kitos-patalpos\/"]}]},{"@type":"ImageObject","inLanguage":"lt","@id":"https:\/\/www.skamet.ee\/lt\/tooted\/krosneles-pirciai-su-metaliniu-korpusu-apsildymas-is-kitos-patalpos\/#primaryimage","url":"https:\/\/www.skamet.ee\/wp-content\/uploads\/2021\/03\/P-216-GL-1.jpg","contentUrl":"https:\/\/www.skamet.ee\/wp-content\/uploads\/2021\/03\/P-216-GL-1.jpg","width":717,"height":1075,"caption":"P 216 GL 1"},{"@type":"BreadcrumbList","@id":"https:\/\/www.skamet.ee\/lt\/tooted\/krosneles-pirciai-su-metaliniu-korpusu-apsildymas-is-kitos-patalpos\/#breadcrumb","itemListElement":[{"@type":"ListItem","position":1,"name":"Home","item":"https:\/\/www.skamet.ee\/fi\/"},{"@type":"ListItem","position":2,"name":"Produktai","item":"https:\/\/www.skamet.ee\/lt\/shop-2\/"},{"@type":"ListItem","position":3,"name":"Krosnel\u0117s pir\u010diai su metaliniu korpusu Ap\u0161ildymas i\u0161 kitos patalpos"}]},{"@type":"WebSite","@id":"https:\/\/www.skamet.ee\/#website","url":"https:\/\/www.skamet.ee\/","name":"Skamet O\u00dc","description":"Efektiivsed puuk\u00fcttega saunaahjud Eesti tootjalt","publisher":{"@id":"https:\/\/www.skamet.ee\/#organization"},"potentialAction":[{"@type":"SearchAction","target":{"@type":"EntryPoint","urlTemplate":"https:\/\/www.skamet.ee\/?s={search_term_string}"},"query-input":{"@type":"PropertyValueSpecification","valueRequired":true,"valueName":"search_term_string"}}],"inLanguage":"lt"},{"@type":"Organization","@id":"https:\/\/www.skamet.ee\/#organization","name":"Skamet","url":"https:\/\/www.skamet.ee\/","logo":{"@type":"ImageObject","inLanguage":"lt","@id":"https:\/\/www.skamet.ee\/#\/schema\/logo\/image\/","url":"https:\/\/www.skamet.ee\/wp-content\/uploads\/2015\/05\/logo-uus.png","contentUrl":"https:\/\/www.skamet.ee\/wp-content\/uploads\/2015\/05\/logo-uus.png","width":300,"height":127,"caption":"Skamet"},"image":{"@id":"https:\/\/www.skamet.ee\/#\/schema\/logo\/image\/"}}]}},"_links":{"self":[{"href":"https:\/\/www.skamet.ee\/lt\/wp-json\/wp\/v2\/product\/42485","targetHints":{"allow":["GET"]}}],"collection":[{"href":"https:\/\/www.skamet.ee\/lt\/wp-json\/wp\/v2\/product"}],"about":[{"href":"https:\/\/www.skamet.ee\/lt\/wp-json\/wp\/v2\/types\/product"}],"version-history":[{"count":0,"href":"https:\/\/www.skamet.ee\/lt\/wp-json\/wp\/v2\/product\/42485\/revisions"}],"wp:featuredmedia":[{"embeddable":true,"href":"https:\/\/www.skamet.ee\/lt\/wp-json\/wp\/v2\/media\/44014"}],"wp:attachment":[{"href":"https:\/\/www.skamet.ee\/lt\/wp-json\/wp\/v2\/media?parent=42485"}],"wp:term":[{"taxonomy":"product_brand","embeddable":true,"href":"https:\/\/www.skamet.ee\/lt\/wp-json\/wp\/v2\/product_brand?post=42485"},{"taxonomy":"product_cat","embeddable":true,"href":"https:\/\/www.skamet.ee\/lt\/wp-json\/wp\/v2\/product_cat?post=42485"},{"taxonomy":"product_tag","embeddable":true,"href":"https:\/\/www.skamet.ee\/lt\/wp-json\/wp\/v2\/product_tag?post=42485"}],"curies":[{"name":"wp","href":"https:\/\/api.w.org\/{rel}","templated":true}]}}