{"id":42491,"date":"2021-03-24T15:00:19","date_gmt":"2021-03-24T13:00:19","guid":{"rendered":"https:\/\/uus.skamet.ee\/tooted\/uncategorized\/krosneles-pirciai-su-metaliniu-korpusu-kurenamos-krosneles-garineje\/"},"modified":"2021-03-24T15:00:19","modified_gmt":"2021-03-24T13:00:19","slug":"krosneles-pirciai-su-metaliniu-korpusu-kurenamos-krosneles-garineje","status":"publish","type":"product","link":"https:\/\/www.skamet.ee\/lt\/tooted\/krosneles-pirciai-su-metaliniu-korpusu-kurenamos-krosneles-garineje\/","title":{"rendered":"Krosnel\u0117s pir\u010diai su metaliniu korpusu K\u016brenamos krosnel\u0117s garin\u0117je"},"content":{"rendered":"<p>K\u016brenimas vyksta garin\u0117je pirtyje. Standartin\u0117s krosnel\u0117s gaminamos atsi\u017evelgiant \u012f galimyb\u0119 sujungti su kaminu, \u012fmontuojamu i\u0161 vir\u0161aus arba tvirtinamu i\u0161 galin\u0117s sienel\u0117s. Taigi, galima u\u017esisakyti atvirk\u0161\u010di\u0105 model\u012f, t. y. su kamino \u012fmontavimu tik i\u0161 vir\u0161aus, nuo dureli\u0173 pus\u0117s.<\/p>\n","protected":false},"excerpt":{"rendered":"<p>K\u016brenimas vyksta garin\u0117je pirtyje. Standartin\u0117s krosnel\u0117s gaminamos atsi\u017evelgiant \u012f galimyb\u0119 sujungti su kaminu, \u012fmontuojamu i\u0161 vir\u0161aus arba tvirtinamu i\u0161 galin\u0117s<\/p>\n","protected":false},"featured_media":44006,"template":"","meta":{"_lmt_disableupdate":"","_lmt_disable":""},"product_brand":[],"product_cat":[307,371,372,373],"product_tag":[],"class_list":{"0":"post-42491","1":"product","2":"type-product","3":"status-publish","4":"has-post-thumbnail","6":"product_cat-samasta-tilasta-lammitettavat","7":"product_cat-krosneles-pirtims","8":"product_cat-krosneles-pirciai-su-metaliniu-korpusu","9":"product_cat-kurenamos-krosneles-garineje","10":"pa_ahju-korgus-60-cm-lt","11":"pa_ahju-korgus-73-cm-lt","12":"pa_ahju-korgus-81-cm-lt","13":"pa_ahju-laius-39-cm-lt","14":"pa_ahju-laius-43-cm-lt","15":"pa_ahju-laius-61-cm-lt","16":"pa_ahju-sugavus-45-cm-lt","17":"pa_ahju-sugavus-51-cm-lt","18":"pa_ahju-sugavus-71-cm-lt","19":"pa_kivide-hulk-20-kg-lt","20":"pa_kivide-hulk-40-kg-lt","21":"pa_kivide-hulk-50-kg-lt","22":"pa_koetav-ruumala-16-m-25-m-lt","23":"pa_koetav-ruumala-5-m-12-m-lt","24":"pa_koetav-ruumala-8-m-18-m-lt","25":"pa_mudel-p-116-lt","26":"pa_mudel-p-11620-rv-lt","27":"pa_mudel-p-11640-lt","28":"pa_mudel-p-120-lt","29":"pa_mudel-p-12025-rv-lt","30":"pa_mudel-p-12040-lt","31":"pa_mudel-ps-110-lt","33":"first","34":"instock","35":"shipping-taxable","36":"product-type-simple"},"yoast_head":"<!-- This site is optimized with the Yoast SEO plugin v27.0 - https:\/\/yoast.com\/product\/yoast-seo-wordpress\/ -->\n<title>Krosnel\u0117s pir\u010diai su metaliniu korpusu K\u016brenamos krosnel\u0117s garin\u0117je - Skamet<\/title>\n<meta name=\"robots\" content=\"index, follow, max-snippet:-1, max-image-preview:large, max-video-preview:-1\" \/>\n<link rel=\"canonical\" href=\"https:\/\/www.skamet.ee\/lt\/tooted\/krosneles-pirciai-su-metaliniu-korpusu-kurenamos-krosneles-garineje\/\" \/>\n<meta property=\"og:locale\" content=\"lt_LT\" \/>\n<meta property=\"og:type\" content=\"article\" \/>\n<meta property=\"og:title\" content=\"Krosnel\u0117s pir\u010diai su metaliniu korpusu K\u016brenamos krosnel\u0117s garin\u0117je - Skamet\" \/>\n<meta property=\"og:description\" content=\"K\u016brenimas vyksta garin\u0117je pirtyje. Standartin\u0117s krosnel\u0117s gaminamos atsi\u017evelgiant \u012f galimyb\u0119 sujungti su kaminu, \u012fmontuojamu i\u0161 vir\u0161aus arba tvirtinamu i\u0161 galin\u0117s\" \/>\n<meta property=\"og:url\" content=\"https:\/\/www.skamet.ee\/lt\/tooted\/krosneles-pirciai-su-metaliniu-korpusu-kurenamos-krosneles-garineje\/\" \/>\n<meta property=\"og:site_name\" content=\"Skamet\" \/>\n<meta property=\"og:image\" content=\"https:\/\/www.skamet.ee\/wp-content\/uploads\/2021\/03\/P-116-GL_ilu-scaled.jpg\" \/>\n\t<meta property=\"og:image:width\" content=\"1708\" \/>\n\t<meta property=\"og:image:height\" content=\"2560\" \/>\n\t<meta property=\"og:image:type\" content=\"image\/jpeg\" \/>\n<meta name=\"twitter:card\" content=\"summary_large_image\" \/>\n<script type=\"application\/ld+json\" class=\"yoast-schema-graph\">{\"@context\":\"https:\/\/schema.org\",\"@graph\":[{\"@type\":\"WebPage\",\"@id\":\"https:\/\/www.skamet.ee\/lt\/tooted\/krosneles-pirciai-su-metaliniu-korpusu-kurenamos-krosneles-garineje\/\",\"url\":\"https:\/\/www.skamet.ee\/lt\/tooted\/krosneles-pirciai-su-metaliniu-korpusu-kurenamos-krosneles-garineje\/\",\"name\":\"Krosnel\u0117s pir\u010diai su metaliniu korpusu K\u016brenamos krosnel\u0117s garin\u0117je - Skamet\",\"isPartOf\":{\"@id\":\"https:\/\/www.skamet.ee\/#website\"},\"primaryImageOfPage\":{\"@id\":\"https:\/\/www.skamet.ee\/lt\/tooted\/krosneles-pirciai-su-metaliniu-korpusu-kurenamos-krosneles-garineje\/#primaryimage\"},\"image\":{\"@id\":\"https:\/\/www.skamet.ee\/lt\/tooted\/krosneles-pirciai-su-metaliniu-korpusu-kurenamos-krosneles-garineje\/#primaryimage\"},\"thumbnailUrl\":\"https:\/\/www.skamet.ee\/wp-content\/uploads\/2021\/03\/P-116-GL_ilu-scaled.jpg\",\"datePublished\":\"2021-03-24T13:00:19+00:00\",\"breadcrumb\":{\"@id\":\"https:\/\/www.skamet.ee\/lt\/tooted\/krosneles-pirciai-su-metaliniu-korpusu-kurenamos-krosneles-garineje\/#breadcrumb\"},\"inLanguage\":\"lt\",\"potentialAction\":[{\"@type\":\"ReadAction\",\"target\":[\"https:\/\/www.skamet.ee\/lt\/tooted\/krosneles-pirciai-su-metaliniu-korpusu-kurenamos-krosneles-garineje\/\"]}]},{\"@type\":\"ImageObject\",\"inLanguage\":\"lt\",\"@id\":\"https:\/\/www.skamet.ee\/lt\/tooted\/krosneles-pirciai-su-metaliniu-korpusu-kurenamos-krosneles-garineje\/#primaryimage\",\"url\":\"https:\/\/www.skamet.ee\/wp-content\/uploads\/2021\/03\/P-116-GL_ilu-scaled.jpg\",\"contentUrl\":\"https:\/\/www.skamet.ee\/wp-content\/uploads\/2021\/03\/P-116-GL_ilu-scaled.jpg\",\"width\":1708,\"height\":2560,\"caption\":\"P 116 GL ilu scaled\"},{\"@type\":\"BreadcrumbList\",\"@id\":\"https:\/\/www.skamet.ee\/lt\/tooted\/krosneles-pirciai-su-metaliniu-korpusu-kurenamos-krosneles-garineje\/#breadcrumb\",\"itemListElement\":[{\"@type\":\"ListItem\",\"position\":1,\"name\":\"Home\",\"item\":\"https:\/\/www.skamet.ee\/fi\/\"},{\"@type\":\"ListItem\",\"position\":2,\"name\":\"Produktai\",\"item\":\"https:\/\/www.skamet.ee\/lt\/shop-2\/\"},{\"@type\":\"ListItem\",\"position\":3,\"name\":\"Krosnel\u0117s pir\u010diai su metaliniu korpusu K\u016brenamos krosnel\u0117s garin\u0117je\"}]},{\"@type\":\"WebSite\",\"@id\":\"https:\/\/www.skamet.ee\/#website\",\"url\":\"https:\/\/www.skamet.ee\/\",\"name\":\"Skamet O\u00dc\",\"description\":\"Efektiivsed puuk\u00fcttega saunaahjud Eesti tootjalt\",\"publisher\":{\"@id\":\"https:\/\/www.skamet.ee\/#organization\"},\"potentialAction\":[{\"@type\":\"SearchAction\",\"target\":{\"@type\":\"EntryPoint\",\"urlTemplate\":\"https:\/\/www.skamet.ee\/?s={search_term_string}\"},\"query-input\":{\"@type\":\"PropertyValueSpecification\",\"valueRequired\":true,\"valueName\":\"search_term_string\"}}],\"inLanguage\":\"lt\"},{\"@type\":\"Organization\",\"@id\":\"https:\/\/www.skamet.ee\/#organization\",\"name\":\"Skamet\",\"url\":\"https:\/\/www.skamet.ee\/\",\"logo\":{\"@type\":\"ImageObject\",\"inLanguage\":\"lt\",\"@id\":\"https:\/\/www.skamet.ee\/#\/schema\/logo\/image\/\",\"url\":\"https:\/\/www.skamet.ee\/wp-content\/uploads\/2015\/05\/logo-uus.png\",\"contentUrl\":\"https:\/\/www.skamet.ee\/wp-content\/uploads\/2015\/05\/logo-uus.png\",\"width\":300,\"height\":127,\"caption\":\"Skamet\"},\"image\":{\"@id\":\"https:\/\/www.skamet.ee\/#\/schema\/logo\/image\/\"}}]}<\/script>\n<!-- \/ Yoast SEO plugin. -->","yoast_head_json":{"title":"Krosnel\u0117s pir\u010diai su metaliniu korpusu K\u016brenamos krosnel\u0117s garin\u0117je - Skamet","robots":{"index":"index","follow":"follow","max-snippet":"max-snippet:-1","max-image-preview":"max-image-preview:large","max-video-preview":"max-video-preview:-1"},"canonical":"https:\/\/www.skamet.ee\/lt\/tooted\/krosneles-pirciai-su-metaliniu-korpusu-kurenamos-krosneles-garineje\/","og_locale":"lt_LT","og_type":"article","og_title":"Krosnel\u0117s pir\u010diai su metaliniu korpusu K\u016brenamos krosnel\u0117s garin\u0117je - Skamet","og_description":"K\u016brenimas vyksta garin\u0117je pirtyje. Standartin\u0117s krosnel\u0117s gaminamos atsi\u017evelgiant \u012f galimyb\u0119 sujungti su kaminu, \u012fmontuojamu i\u0161 vir\u0161aus arba tvirtinamu i\u0161 galin\u0117s","og_url":"https:\/\/www.skamet.ee\/lt\/tooted\/krosneles-pirciai-su-metaliniu-korpusu-kurenamos-krosneles-garineje\/","og_site_name":"Skamet","og_image":[{"width":1708,"height":2560,"url":"https:\/\/www.skamet.ee\/wp-content\/uploads\/2021\/03\/P-116-GL_ilu-scaled.jpg","type":"image\/jpeg"}],"twitter_card":"summary_large_image","schema":{"@context":"https:\/\/schema.org","@graph":[{"@type":"WebPage","@id":"https:\/\/www.skamet.ee\/lt\/tooted\/krosneles-pirciai-su-metaliniu-korpusu-kurenamos-krosneles-garineje\/","url":"https:\/\/www.skamet.ee\/lt\/tooted\/krosneles-pirciai-su-metaliniu-korpusu-kurenamos-krosneles-garineje\/","name":"Krosnel\u0117s pir\u010diai su metaliniu korpusu K\u016brenamos krosnel\u0117s garin\u0117je - Skamet","isPartOf":{"@id":"https:\/\/www.skamet.ee\/#website"},"primaryImageOfPage":{"@id":"https:\/\/www.skamet.ee\/lt\/tooted\/krosneles-pirciai-su-metaliniu-korpusu-kurenamos-krosneles-garineje\/#primaryimage"},"image":{"@id":"https:\/\/www.skamet.ee\/lt\/tooted\/krosneles-pirciai-su-metaliniu-korpusu-kurenamos-krosneles-garineje\/#primaryimage"},"thumbnailUrl":"https:\/\/www.skamet.ee\/wp-content\/uploads\/2021\/03\/P-116-GL_ilu-scaled.jpg","datePublished":"2021-03-24T13:00:19+00:00","breadcrumb":{"@id":"https:\/\/www.skamet.ee\/lt\/tooted\/krosneles-pirciai-su-metaliniu-korpusu-kurenamos-krosneles-garineje\/#breadcrumb"},"inLanguage":"lt","potentialAction":[{"@type":"ReadAction","target":["https:\/\/www.skamet.ee\/lt\/tooted\/krosneles-pirciai-su-metaliniu-korpusu-kurenamos-krosneles-garineje\/"]}]},{"@type":"ImageObject","inLanguage":"lt","@id":"https:\/\/www.skamet.ee\/lt\/tooted\/krosneles-pirciai-su-metaliniu-korpusu-kurenamos-krosneles-garineje\/#primaryimage","url":"https:\/\/www.skamet.ee\/wp-content\/uploads\/2021\/03\/P-116-GL_ilu-scaled.jpg","contentUrl":"https:\/\/www.skamet.ee\/wp-content\/uploads\/2021\/03\/P-116-GL_ilu-scaled.jpg","width":1708,"height":2560,"caption":"P 116 GL ilu scaled"},{"@type":"BreadcrumbList","@id":"https:\/\/www.skamet.ee\/lt\/tooted\/krosneles-pirciai-su-metaliniu-korpusu-kurenamos-krosneles-garineje\/#breadcrumb","itemListElement":[{"@type":"ListItem","position":1,"name":"Home","item":"https:\/\/www.skamet.ee\/fi\/"},{"@type":"ListItem","position":2,"name":"Produktai","item":"https:\/\/www.skamet.ee\/lt\/shop-2\/"},{"@type":"ListItem","position":3,"name":"Krosnel\u0117s pir\u010diai su metaliniu korpusu K\u016brenamos krosnel\u0117s garin\u0117je"}]},{"@type":"WebSite","@id":"https:\/\/www.skamet.ee\/#website","url":"https:\/\/www.skamet.ee\/","name":"Skamet O\u00dc","description":"Efektiivsed puuk\u00fcttega saunaahjud Eesti tootjalt","publisher":{"@id":"https:\/\/www.skamet.ee\/#organization"},"potentialAction":[{"@type":"SearchAction","target":{"@type":"EntryPoint","urlTemplate":"https:\/\/www.skamet.ee\/?s={search_term_string}"},"query-input":{"@type":"PropertyValueSpecification","valueRequired":true,"valueName":"search_term_string"}}],"inLanguage":"lt"},{"@type":"Organization","@id":"https:\/\/www.skamet.ee\/#organization","name":"Skamet","url":"https:\/\/www.skamet.ee\/","logo":{"@type":"ImageObject","inLanguage":"lt","@id":"https:\/\/www.skamet.ee\/#\/schema\/logo\/image\/","url":"https:\/\/www.skamet.ee\/wp-content\/uploads\/2015\/05\/logo-uus.png","contentUrl":"https:\/\/www.skamet.ee\/wp-content\/uploads\/2015\/05\/logo-uus.png","width":300,"height":127,"caption":"Skamet"},"image":{"@id":"https:\/\/www.skamet.ee\/#\/schema\/logo\/image\/"}}]}},"_links":{"self":[{"href":"https:\/\/www.skamet.ee\/lt\/wp-json\/wp\/v2\/product\/42491","targetHints":{"allow":["GET"]}}],"collection":[{"href":"https:\/\/www.skamet.ee\/lt\/wp-json\/wp\/v2\/product"}],"about":[{"href":"https:\/\/www.skamet.ee\/lt\/wp-json\/wp\/v2\/types\/product"}],"version-history":[{"count":0,"href":"https:\/\/www.skamet.ee\/lt\/wp-json\/wp\/v2\/product\/42491\/revisions"}],"wp:featuredmedia":[{"embeddable":true,"href":"https:\/\/www.skamet.ee\/lt\/wp-json\/wp\/v2\/media\/44006"}],"wp:attachment":[{"href":"https:\/\/www.skamet.ee\/lt\/wp-json\/wp\/v2\/media?parent=42491"}],"wp:term":[{"taxonomy":"product_brand","embeddable":true,"href":"https:\/\/www.skamet.ee\/lt\/wp-json\/wp\/v2\/product_brand?post=42491"},{"taxonomy":"product_cat","embeddable":true,"href":"https:\/\/www.skamet.ee\/lt\/wp-json\/wp\/v2\/product_cat?post=42491"},{"taxonomy":"product_tag","embeddable":true,"href":"https:\/\/www.skamet.ee\/lt\/wp-json\/wp\/v2\/product_tag?post=42491"}],"curies":[{"name":"wp","href":"https:\/\/api.w.org\/{rel}","templated":true}]}}