{"id":42498,"date":"2021-03-24T14:58:39","date_gmt":"2021-03-24T12:58:39","guid":{"rendered":"https:\/\/uus.skamet.ee\/tooted\/uncategorized\/krosnele-su-tinkleliu-pirciai-apsildymas-is-kitos-patalpos\/"},"modified":"2026-01-27T22:54:26","modified_gmt":"2026-01-27T20:54:26","slug":"krosnele-su-tinkleliu-pirciai-apsildymas-is-kitos-patalpos","status":"publish","type":"product","link":"https:\/\/www.skamet.ee\/lt\/tooted\/krosnele-su-tinkleliu-pirciai-apsildymas-is-kitos-patalpos\/","title":{"rendered":"S-220 GL su keturkampiu tinkliniu korpusu"},"content":{"rendered":"<h3 data-start=\"98\" data-end=\"138\"><strong data-start=\"102\" data-end=\"138\">Standartinio gaminio parametrai:<\/strong><\/h3>\n<ul data-start=\"139\" data-end=\"347\">\n<li data-start=\"139\" data-end=\"170\">\n<p data-start=\"141\" data-end=\"170\">metalin\u0117s krosnel\u0117s durel\u0117s<\/p>\n<\/li>\n<li data-start=\"171\" data-end=\"208\">\n<p data-start=\"173\" data-end=\"208\">d\u016bmtraukio prijungimas i\u0161 vir\u0161aus<\/p>\n<\/li>\n<li data-start=\"209\" data-end=\"254\">\n<p data-start=\"211\" data-end=\"254\">da\u017eyta kar\u0161\u010diui atspariais juodais da\u017eais<\/p>\n<\/li>\n<li data-start=\"255\" data-end=\"288\">\n<p data-start=\"257\" data-end=\"288\">dureli\u0173 vyriai kair\u0117je pus\u0117je<\/p>\n<\/li>\n<li data-start=\"289\" data-end=\"347\">\n<p data-start=\"291\" data-end=\"347\">galimyb\u0117 \u012fsigyti dekoratyvin\u012f krosnel\u0117s dureli\u0173 apvad\u0105<\/p>\n<\/li>\n<\/ul>\n<p>\ud83d\udcd8\u00a0<strong>Daugiau informacijos apie gamin<\/strong><strong>\u012f<\/strong><strong> rasite naudojimo\u00a0<span style=\"color: #0000ff;\"><a style=\"color: #0000ff;\" href=\"https:\/\/skamet.ee\/wp-content\/uploads\/2014\/04\/LT-RU-veeb-tabelid.pdf\">instrukcijoje.<\/a><\/span><\/strong><\/p>\n","protected":false},"excerpt":{"rendered":"<p>Standartinio gaminio parametrai: metalin\u0117s krosnel\u0117s durel\u0117s d\u016bmtraukio prijungimas i\u0161 vir\u0161aus da\u017eyta kar\u0161\u010diui atspariais juodais da\u017eais dureli\u0173 vyriai kair\u0117je pus\u0117je galimyb\u0117<\/p>\n","protected":false},"featured_media":44985,"template":"","meta":{"_lmt_disableupdate":"","_lmt_disable":""},"product_brand":[],"product_cat":[1110],"product_tag":[],"class_list":{"0":"post-42498","1":"product","2":"type-product","3":"status-publish","4":"has-post-thumbnail","6":"product_cat-pirties-krosnys-16-25-m3-lt-3","8":"first","9":"instock","10":"shipping-taxable","11":"product-type-simple"},"yoast_head":"<!-- This site is optimized with the Yoast SEO plugin v27.0 - https:\/\/yoast.com\/product\/yoast-seo-wordpress\/ -->\n<title>S-220 GL su keturkampiu tinkliniu korpusu - Skamet<\/title>\n<meta name=\"robots\" content=\"index, follow, max-snippet:-1, max-image-preview:large, max-video-preview:-1\" \/>\n<link rel=\"canonical\" href=\"https:\/\/www.skamet.ee\/tooted\/saunaahi-vorkkorpusega-teisest-ruumist-koetav\/\" \/>\n<meta property=\"og:locale\" content=\"lt_LT\" \/>\n<meta property=\"og:type\" content=\"article\" \/>\n<meta property=\"og:title\" content=\"S-220 GL su keturkampiu tinkliniu korpusu - Skamet\" \/>\n<meta property=\"og:description\" content=\"Standartinio gaminio parametrai: metalin\u0117s krosnel\u0117s durel\u0117s d\u016bmtraukio prijungimas i\u0161 vir\u0161aus da\u017eyta kar\u0161\u010diui atspariais juodais da\u017eais dureli\u0173 vyriai kair\u0117je pus\u0117je galimyb\u0117\" \/>\n<meta property=\"og:url\" content=\"https:\/\/www.skamet.ee\/tooted\/saunaahi-vorkkorpusega-teisest-ruumist-koetav\/\" \/>\n<meta property=\"og:site_name\" content=\"Skamet\" \/>\n<meta property=\"article:modified_time\" content=\"2026-01-27T20:54:26+00:00\" \/>\n<meta property=\"og:image\" content=\"https:\/\/www.skamet.ee\/wp-content\/uploads\/2024\/11\/S-220-GL_ilu-scaled.jpg\" \/>\n\t<meta property=\"og:image:width\" content=\"1708\" \/>\n\t<meta property=\"og:image:height\" content=\"2560\" \/>\n\t<meta property=\"og:image:type\" content=\"image\/jpeg\" \/>\n<meta name=\"twitter:card\" content=\"summary_large_image\" \/>\n<script type=\"application\/ld+json\" class=\"yoast-schema-graph\">{\"@context\":\"https:\/\/schema.org\",\"@graph\":[{\"@type\":\"WebPage\",\"@id\":\"https:\/\/www.skamet.ee\/tooted\/saunaahi-vorkkorpusega-teisest-ruumist-koetav\/\",\"url\":\"https:\/\/www.skamet.ee\/tooted\/saunaahi-vorkkorpusega-teisest-ruumist-koetav\/\",\"name\":\"S-220 GL su keturkampiu tinkliniu korpusu - Skamet\",\"isPartOf\":{\"@id\":\"https:\/\/www.skamet.ee\/#website\"},\"primaryImageOfPage\":{\"@id\":\"https:\/\/www.skamet.ee\/tooted\/saunaahi-vorkkorpusega-teisest-ruumist-koetav\/#primaryimage\"},\"image\":{\"@id\":\"https:\/\/www.skamet.ee\/tooted\/saunaahi-vorkkorpusega-teisest-ruumist-koetav\/#primaryimage\"},\"thumbnailUrl\":\"https:\/\/www.skamet.ee\/wp-content\/uploads\/2024\/11\/S-220-GL_ilu-scaled.jpg\",\"datePublished\":\"2021-03-24T12:58:39+00:00\",\"dateModified\":\"2026-01-27T20:54:26+00:00\",\"breadcrumb\":{\"@id\":\"https:\/\/www.skamet.ee\/tooted\/saunaahi-vorkkorpusega-teisest-ruumist-koetav\/#breadcrumb\"},\"inLanguage\":\"lt\",\"potentialAction\":[{\"@type\":\"ReadAction\",\"target\":[\"https:\/\/www.skamet.ee\/tooted\/saunaahi-vorkkorpusega-teisest-ruumist-koetav\/\"]}]},{\"@type\":\"ImageObject\",\"inLanguage\":\"lt\",\"@id\":\"https:\/\/www.skamet.ee\/tooted\/saunaahi-vorkkorpusega-teisest-ruumist-koetav\/#primaryimage\",\"url\":\"https:\/\/www.skamet.ee\/wp-content\/uploads\/2024\/11\/S-220-GL_ilu-scaled.jpg\",\"contentUrl\":\"https:\/\/www.skamet.ee\/wp-content\/uploads\/2024\/11\/S-220-GL_ilu-scaled.jpg\",\"width\":1708,\"height\":2560,\"caption\":\"S 220 GL ilu scaled\"},{\"@type\":\"BreadcrumbList\",\"@id\":\"https:\/\/www.skamet.ee\/tooted\/saunaahi-vorkkorpusega-teisest-ruumist-koetav\/#breadcrumb\",\"itemListElement\":[{\"@type\":\"ListItem\",\"position\":1,\"name\":\"Home\",\"item\":\"https:\/\/www.skamet.ee\/fi\/\"},{\"@type\":\"ListItem\",\"position\":2,\"name\":\"Produktai\",\"item\":\"https:\/\/www.skamet.ee\/lt\/shop-2\/\"},{\"@type\":\"ListItem\",\"position\":3,\"name\":\"S-220 GL su keturkampiu tinkliniu korpusu\"}]},{\"@type\":\"WebSite\",\"@id\":\"https:\/\/www.skamet.ee\/#website\",\"url\":\"https:\/\/www.skamet.ee\/\",\"name\":\"Skamet O\u00dc\",\"description\":\"Efektiivsed puuk\u00fcttega saunaahjud Eesti tootjalt\",\"publisher\":{\"@id\":\"https:\/\/www.skamet.ee\/#organization\"},\"potentialAction\":[{\"@type\":\"SearchAction\",\"target\":{\"@type\":\"EntryPoint\",\"urlTemplate\":\"https:\/\/www.skamet.ee\/?s={search_term_string}\"},\"query-input\":{\"@type\":\"PropertyValueSpecification\",\"valueRequired\":true,\"valueName\":\"search_term_string\"}}],\"inLanguage\":\"lt\"},{\"@type\":\"Organization\",\"@id\":\"https:\/\/www.skamet.ee\/#organization\",\"name\":\"Skamet\",\"url\":\"https:\/\/www.skamet.ee\/\",\"logo\":{\"@type\":\"ImageObject\",\"inLanguage\":\"lt\",\"@id\":\"https:\/\/www.skamet.ee\/#\/schema\/logo\/image\/\",\"url\":\"https:\/\/www.skamet.ee\/wp-content\/uploads\/2015\/05\/logo-uus.png\",\"contentUrl\":\"https:\/\/www.skamet.ee\/wp-content\/uploads\/2015\/05\/logo-uus.png\",\"width\":300,\"height\":127,\"caption\":\"Skamet\"},\"image\":{\"@id\":\"https:\/\/www.skamet.ee\/#\/schema\/logo\/image\/\"}}]}<\/script>\n<!-- \/ Yoast SEO plugin. -->","yoast_head_json":{"title":"S-220 GL su keturkampiu tinkliniu korpusu - Skamet","robots":{"index":"index","follow":"follow","max-snippet":"max-snippet:-1","max-image-preview":"max-image-preview:large","max-video-preview":"max-video-preview:-1"},"canonical":"https:\/\/www.skamet.ee\/tooted\/saunaahi-vorkkorpusega-teisest-ruumist-koetav\/","og_locale":"lt_LT","og_type":"article","og_title":"S-220 GL su keturkampiu tinkliniu korpusu - Skamet","og_description":"Standartinio gaminio parametrai: metalin\u0117s krosnel\u0117s durel\u0117s d\u016bmtraukio prijungimas i\u0161 vir\u0161aus da\u017eyta kar\u0161\u010diui atspariais juodais da\u017eais dureli\u0173 vyriai kair\u0117je pus\u0117je galimyb\u0117","og_url":"https:\/\/www.skamet.ee\/tooted\/saunaahi-vorkkorpusega-teisest-ruumist-koetav\/","og_site_name":"Skamet","article_modified_time":"2026-01-27T20:54:26+00:00","og_image":[{"width":1708,"height":2560,"url":"https:\/\/www.skamet.ee\/wp-content\/uploads\/2024\/11\/S-220-GL_ilu-scaled.jpg","type":"image\/jpeg"}],"twitter_card":"summary_large_image","schema":{"@context":"https:\/\/schema.org","@graph":[{"@type":"WebPage","@id":"https:\/\/www.skamet.ee\/tooted\/saunaahi-vorkkorpusega-teisest-ruumist-koetav\/","url":"https:\/\/www.skamet.ee\/tooted\/saunaahi-vorkkorpusega-teisest-ruumist-koetav\/","name":"S-220 GL su keturkampiu tinkliniu korpusu - Skamet","isPartOf":{"@id":"https:\/\/www.skamet.ee\/#website"},"primaryImageOfPage":{"@id":"https:\/\/www.skamet.ee\/tooted\/saunaahi-vorkkorpusega-teisest-ruumist-koetav\/#primaryimage"},"image":{"@id":"https:\/\/www.skamet.ee\/tooted\/saunaahi-vorkkorpusega-teisest-ruumist-koetav\/#primaryimage"},"thumbnailUrl":"https:\/\/www.skamet.ee\/wp-content\/uploads\/2024\/11\/S-220-GL_ilu-scaled.jpg","datePublished":"2021-03-24T12:58:39+00:00","dateModified":"2026-01-27T20:54:26+00:00","breadcrumb":{"@id":"https:\/\/www.skamet.ee\/tooted\/saunaahi-vorkkorpusega-teisest-ruumist-koetav\/#breadcrumb"},"inLanguage":"lt","potentialAction":[{"@type":"ReadAction","target":["https:\/\/www.skamet.ee\/tooted\/saunaahi-vorkkorpusega-teisest-ruumist-koetav\/"]}]},{"@type":"ImageObject","inLanguage":"lt","@id":"https:\/\/www.skamet.ee\/tooted\/saunaahi-vorkkorpusega-teisest-ruumist-koetav\/#primaryimage","url":"https:\/\/www.skamet.ee\/wp-content\/uploads\/2024\/11\/S-220-GL_ilu-scaled.jpg","contentUrl":"https:\/\/www.skamet.ee\/wp-content\/uploads\/2024\/11\/S-220-GL_ilu-scaled.jpg","width":1708,"height":2560,"caption":"S 220 GL ilu scaled"},{"@type":"BreadcrumbList","@id":"https:\/\/www.skamet.ee\/tooted\/saunaahi-vorkkorpusega-teisest-ruumist-koetav\/#breadcrumb","itemListElement":[{"@type":"ListItem","position":1,"name":"Home","item":"https:\/\/www.skamet.ee\/fi\/"},{"@type":"ListItem","position":2,"name":"Produktai","item":"https:\/\/www.skamet.ee\/lt\/shop-2\/"},{"@type":"ListItem","position":3,"name":"S-220 GL su keturkampiu tinkliniu korpusu"}]},{"@type":"WebSite","@id":"https:\/\/www.skamet.ee\/#website","url":"https:\/\/www.skamet.ee\/","name":"Skamet O\u00dc","description":"Efektiivsed puuk\u00fcttega saunaahjud Eesti tootjalt","publisher":{"@id":"https:\/\/www.skamet.ee\/#organization"},"potentialAction":[{"@type":"SearchAction","target":{"@type":"EntryPoint","urlTemplate":"https:\/\/www.skamet.ee\/?s={search_term_string}"},"query-input":{"@type":"PropertyValueSpecification","valueRequired":true,"valueName":"search_term_string"}}],"inLanguage":"lt"},{"@type":"Organization","@id":"https:\/\/www.skamet.ee\/#organization","name":"Skamet","url":"https:\/\/www.skamet.ee\/","logo":{"@type":"ImageObject","inLanguage":"lt","@id":"https:\/\/www.skamet.ee\/#\/schema\/logo\/image\/","url":"https:\/\/www.skamet.ee\/wp-content\/uploads\/2015\/05\/logo-uus.png","contentUrl":"https:\/\/www.skamet.ee\/wp-content\/uploads\/2015\/05\/logo-uus.png","width":300,"height":127,"caption":"Skamet"},"image":{"@id":"https:\/\/www.skamet.ee\/#\/schema\/logo\/image\/"}}]}},"_links":{"self":[{"href":"https:\/\/www.skamet.ee\/lt\/wp-json\/wp\/v2\/product\/42498","targetHints":{"allow":["GET"]}}],"collection":[{"href":"https:\/\/www.skamet.ee\/lt\/wp-json\/wp\/v2\/product"}],"about":[{"href":"https:\/\/www.skamet.ee\/lt\/wp-json\/wp\/v2\/types\/product"}],"version-history":[{"count":1,"href":"https:\/\/www.skamet.ee\/lt\/wp-json\/wp\/v2\/product\/42498\/revisions"}],"predecessor-version":[{"id":54403,"href":"https:\/\/www.skamet.ee\/lt\/wp-json\/wp\/v2\/product\/42498\/revisions\/54403"}],"wp:featuredmedia":[{"embeddable":true,"href":"https:\/\/www.skamet.ee\/lt\/wp-json\/wp\/v2\/media\/44985"}],"wp:attachment":[{"href":"https:\/\/www.skamet.ee\/lt\/wp-json\/wp\/v2\/media?parent=42498"}],"wp:term":[{"taxonomy":"product_brand","embeddable":true,"href":"https:\/\/www.skamet.ee\/lt\/wp-json\/wp\/v2\/product_brand?post=42498"},{"taxonomy":"product_cat","embeddable":true,"href":"https:\/\/www.skamet.ee\/lt\/wp-json\/wp\/v2\/product_cat?post=42498"},{"taxonomy":"product_tag","embeddable":true,"href":"https:\/\/www.skamet.ee\/lt\/wp-json\/wp\/v2\/product_tag?post=42498"}],"curies":[{"name":"wp","href":"https:\/\/api.w.org\/{rel}","templated":true}]}}