{"id":49140,"date":"2025-02-06T09:24:50","date_gmt":"2025-02-06T07:24:50","guid":{"rendered":"https:\/\/www.skamet.ee\/tooted\/uncategorized\/apsaugine-siena\/"},"modified":"2026-01-29T12:58:45","modified_gmt":"2026-01-29T10:58:45","slug":"apsaugine-siena","status":"publish","type":"product","link":"https:\/\/www.skamet.ee\/lt\/tooted\/apsaugine-siena\/","title":{"rendered":"Apsaugin\u0117 sienel\u0117"},"content":{"rendered":"<hr data-start=\"101\" data-end=\"104\" \/>\n<h2 data-start=\"106\" data-end=\"130\"><strong data-start=\"109\" data-end=\"130\">Apsaugin\u0117 sienel\u0117<\/strong><\/h2>\n<p data-start=\"132\" data-end=\"196\">Apsaugin\u0117 sienel\u0117 <strong data-start=\"150\" data-end=\"195\">suma\u017eina saug\u0173 atstum\u0105 iki degi\u0173 med\u017eiag\u0173<\/strong>:<\/p>\n<ul data-start=\"198\" data-end=\"421\">\n<li data-start=\"198\" data-end=\"238\">\n<p data-start=\"200\" data-end=\"238\">tvirtinama tiesiogiai prie krosnel\u0117s<\/p>\n<\/li>\n<li data-start=\"239\" data-end=\"268\">\n<p data-start=\"241\" data-end=\"268\">med\u017eiagos storis \u2013 0,8 mm<\/p>\n<\/li>\n<li data-start=\"269\" data-end=\"330\">\n<p data-start=\"271\" data-end=\"330\">i\u0161 abiej\u0173 pusi\u0173 da\u017eyta juodais kar\u0161\u010diui atspariais da\u017eais<\/p>\n<\/li>\n<li data-start=\"331\" data-end=\"384\">\n<p data-start=\"333\" data-end=\"384\">montuojama de\u0161in\u0117je, kair\u0117je, gale arba komplektu<\/p>\n<\/li>\n<li data-start=\"385\" data-end=\"421\">\n<p data-start=\"387\" data-end=\"421\">galimi ir individual\u016bs u\u017esakymai<\/p>\n<\/li>\n<\/ul>\n<p data-start=\"423\" data-end=\"456\">Naudojimo instrukcij\u0105 rasite \u010dia.<\/p>\n<hr data-start=\"458\" data-end=\"461\" \/>\n<h2 data-start=\"463\" data-end=\"485\"><strong data-start=\"466\" data-end=\"485\">PRODUKT\u0172 KODAI:<\/strong><\/h2>\n<h3 data-start=\"487\" data-end=\"506\"><strong data-start=\"491\" data-end=\"506\">PS modeliui<\/strong><\/h3>\n<ul data-start=\"507\" data-end=\"771\">\n<li data-start=\"507\" data-end=\"569\">\n<p data-start=\"509\" data-end=\"569\"><strong data-start=\"509\" data-end=\"520\">PW-PS-1<\/strong>: matmenys 59 \u00d7 70 cm (P\/A). Viena pus\u0117: de\u0161in\u0117<\/p>\n<\/li>\n<li data-start=\"570\" data-end=\"631\">\n<p data-start=\"572\" data-end=\"631\"><strong data-start=\"572\" data-end=\"583\">PW-PS-2<\/strong>: matmenys 59 \u00d7 70 cm (P\/A). Viena pus\u0117: kair\u0117<\/p>\n<\/li>\n<li data-start=\"632\" data-end=\"694\">\n<p data-start=\"634\" data-end=\"694\"><strong data-start=\"634\" data-end=\"645\">PW-PS-T<\/strong>: matmenys 33 \u00d7 70 cm (P\/A). Viena pus\u0117: galin\u0117<\/p>\n<\/li>\n<li data-start=\"695\" data-end=\"771\">\n<p data-start=\"697\" data-end=\"771\"><strong data-start=\"697\" data-end=\"710\">PW-PS-set<\/strong>: surinkus 54 \u00d7 70 cm (P\/A). 3 pus\u0117s: de\u0161in\u0117, kair\u0117, galin\u0117<\/p>\n<\/li>\n<\/ul>\n<h3 data-start=\"773\" data-end=\"792\"><strong data-start=\"777\" data-end=\"792\">SS modeliui<\/strong><\/h3>\n<ul data-start=\"793\" data-end=\"1057\">\n<li data-start=\"793\" data-end=\"855\">\n<p data-start=\"795\" data-end=\"855\"><strong data-start=\"795\" data-end=\"806\">PW-SS-1<\/strong>: matmenys 59 \u00d7 70 cm (P\/A). Viena pus\u0117: de\u0161in\u0117<\/p>\n<\/li>\n<li data-start=\"856\" data-end=\"917\">\n<p data-start=\"858\" data-end=\"917\"><strong data-start=\"858\" data-end=\"869\">PW-SS-2<\/strong>: matmenys 59 \u00d7 70 cm (P\/A). Viena pus\u0117: kair\u0117<\/p>\n<\/li>\n<li data-start=\"918\" data-end=\"980\">\n<p data-start=\"920\" data-end=\"980\"><strong data-start=\"920\" data-end=\"931\">PW-SS-T<\/strong>: matmenys 33 \u00d7 70 cm (P\/A). Viena pus\u0117: galin\u0117<\/p>\n<\/li>\n<li data-start=\"981\" data-end=\"1057\">\n<p data-start=\"983\" data-end=\"1057\"><strong data-start=\"983\" data-end=\"996\">PW-SS-set<\/strong>: surinkus 54 \u00d7 70 cm (P\/A). 3 pus\u0117s: de\u0161in\u0117, kair\u0117, galin\u0117<\/p>\n<\/li>\n<\/ul>\n<h3 data-start=\"1059\" data-end=\"1084\"><strong data-start=\"1063\" data-end=\"1084\">P ir PT modeliams<\/strong><\/h3>\n<ul data-start=\"1085\" data-end=\"1345\">\n<li data-start=\"1085\" data-end=\"1146\">\n<p data-start=\"1087\" data-end=\"1146\"><strong data-start=\"1087\" data-end=\"1097\">PW-M-1<\/strong>: matmenys 60 \u00d7 84 cm (P\/A). Viena pus\u0117: de\u0161in\u0117<\/p>\n<\/li>\n<li data-start=\"1147\" data-end=\"1207\">\n<p data-start=\"1149\" data-end=\"1207\"><strong data-start=\"1149\" data-end=\"1159\">PW-M-2<\/strong>: matmenys 60 \u00d7 84 cm (P\/A). Viena pus\u0117: kair\u0117<\/p>\n<\/li>\n<li data-start=\"1208\" data-end=\"1269\">\n<p data-start=\"1210\" data-end=\"1269\"><strong data-start=\"1210\" data-end=\"1220\">PW-M-T<\/strong>: matmenys 40 \u00d7 84 cm (P\/A). Viena pus\u0117: galin\u0117<\/p>\n<\/li>\n<li data-start=\"1270\" data-end=\"1345\">\n<p data-start=\"1272\" data-end=\"1345\"><strong data-start=\"1272\" data-end=\"1284\">PW-M-set<\/strong>: surinkus 66 \u00d7 84 cm (P\/A). 3 pus\u0117s: de\u0161in\u0117, kair\u0117, galin\u0117<\/p>\n<\/li>\n<\/ul>\n<h3 data-start=\"1347\" data-end=\"1372\"><strong data-start=\"1351\" data-end=\"1372\">S ir ST modeliams<\/strong><\/h3>\n<ul data-start=\"1373\" data-end=\"1633\">\n<li data-start=\"1373\" data-end=\"1434\">\n<p data-start=\"1375\" data-end=\"1434\"><strong data-start=\"1375\" data-end=\"1385\">PW-S-1<\/strong>: matmenys 60 \u00d7 84 cm (P\/A). Viena pus\u0117: de\u0161in\u0117<\/p>\n<\/li>\n<li data-start=\"1435\" data-end=\"1495\">\n<p data-start=\"1437\" data-end=\"1495\"><strong data-start=\"1437\" data-end=\"1447\">PW-S-2<\/strong>: matmenys 60 \u00d7 84 cm (P\/A). Viena pus\u0117: kair\u0117<\/p>\n<\/li>\n<li data-start=\"1496\" data-end=\"1557\">\n<p data-start=\"1498\" data-end=\"1557\"><strong data-start=\"1498\" data-end=\"1508\">PW-S-T<\/strong>: matmenys 40 \u00d7 84 cm (P\/A). Viena pus\u0117: galin\u0117<\/p>\n<\/li>\n<li data-start=\"1558\" data-end=\"1633\">\n<p data-start=\"1560\" data-end=\"1633\"><strong data-start=\"1560\" data-end=\"1572\">PW-S-set<\/strong>: surinkus 66 \u00d7 84 cm (P\/A). 3 pus\u0117s: de\u0161in\u0117, kair\u0117, galin\u0117<\/p>\n<\/li>\n<\/ul>\n","protected":false},"excerpt":{"rendered":"<p>Apsaugin\u0117 sienel\u0117 Apsaugin\u0117 sienel\u0117 suma\u017eina saug\u0173 atstum\u0105 iki degi\u0173 med\u017eiag\u0173: tvirtinama tiesiogiai prie krosnel\u0117s med\u017eiagos storis \u2013 0,8 mm i\u0161<\/p>\n","protected":false},"featured_media":47130,"template":"","meta":{"_lmt_disableupdate":"","_lmt_disable":""},"product_brand":[],"product_cat":[1086],"product_tag":[],"class_list":{"0":"post-49140","1":"product","2":"type-product","3":"status-publish","4":"has-post-thumbnail","6":"product_cat-papildomi-priedai-pirties-krosnims","8":"first","9":"instock","10":"shipping-taxable","11":"product-type-simple"},"yoast_head":"<!-- This site is optimized with the Yoast SEO plugin v27.0 - https:\/\/yoast.com\/product\/yoast-seo-wordpress\/ -->\n<title>Apsaugin\u0117 sienel\u0117 - Skamet<\/title>\n<meta name=\"description\" content=\"Apsaugin\u0117 sienel\u0117\" \/>\n<meta name=\"robots\" content=\"index, follow, max-snippet:-1, max-image-preview:large, max-video-preview:-1\" \/>\n<link rel=\"canonical\" href=\"https:\/\/www.skamet.ee\/lt\/tooted\/apsaugine-siena\/\" \/>\n<meta property=\"og:locale\" content=\"lt_LT\" \/>\n<meta property=\"og:type\" content=\"article\" \/>\n<meta property=\"og:title\" content=\"Apsaugin\u0117 sienel\u0117 - Skamet\" \/>\n<meta property=\"og:description\" content=\"Apsaugin\u0117 sienel\u0117\" \/>\n<meta property=\"og:url\" content=\"https:\/\/www.skamet.ee\/lt\/tooted\/apsaugine-siena\/\" \/>\n<meta property=\"og:site_name\" content=\"Skamet\" \/>\n<meta property=\"article:modified_time\" content=\"2026-01-29T10:58:45+00:00\" \/>\n<meta property=\"og:image\" content=\"https:\/\/www.skamet.ee\/wp-content\/uploads\/2025\/02\/PW-set.jpg\" \/>\n\t<meta property=\"og:image:width\" content=\"406\" \/>\n\t<meta property=\"og:image:height\" content=\"478\" \/>\n\t<meta property=\"og:image:type\" content=\"image\/jpeg\" \/>\n<meta name=\"twitter:card\" content=\"summary_large_image\" \/>\n<meta name=\"twitter:label1\" content=\"Est. reading time\" \/>\n\t<meta name=\"twitter:data1\" content=\"1 minute\" \/>\n<script type=\"application\/ld+json\" class=\"yoast-schema-graph\">{\"@context\":\"https:\/\/schema.org\",\"@graph\":[{\"@type\":\"WebPage\",\"@id\":\"https:\/\/www.skamet.ee\/lt\/tooted\/apsaugine-siena\/\",\"url\":\"https:\/\/www.skamet.ee\/lt\/tooted\/apsaugine-siena\/\",\"name\":\"Apsaugin\u0117 sienel\u0117 - Skamet\",\"isPartOf\":{\"@id\":\"https:\/\/www.skamet.ee\/#website\"},\"primaryImageOfPage\":{\"@id\":\"https:\/\/www.skamet.ee\/lt\/tooted\/apsaugine-siena\/#primaryimage\"},\"image\":{\"@id\":\"https:\/\/www.skamet.ee\/lt\/tooted\/apsaugine-siena\/#primaryimage\"},\"thumbnailUrl\":\"https:\/\/www.skamet.ee\/wp-content\/uploads\/2025\/02\/PW-set.jpg\",\"datePublished\":\"2025-02-06T07:24:50+00:00\",\"dateModified\":\"2026-01-29T10:58:45+00:00\",\"description\":\"Apsaugin\u0117 sienel\u0117\",\"breadcrumb\":{\"@id\":\"https:\/\/www.skamet.ee\/lt\/tooted\/apsaugine-siena\/#breadcrumb\"},\"inLanguage\":\"lt\",\"potentialAction\":[{\"@type\":\"ReadAction\",\"target\":[\"https:\/\/www.skamet.ee\/lt\/tooted\/apsaugine-siena\/\"]}]},{\"@type\":\"ImageObject\",\"inLanguage\":\"lt\",\"@id\":\"https:\/\/www.skamet.ee\/lt\/tooted\/apsaugine-siena\/#primaryimage\",\"url\":\"https:\/\/www.skamet.ee\/wp-content\/uploads\/2025\/02\/PW-set.jpg\",\"contentUrl\":\"https:\/\/www.skamet.ee\/wp-content\/uploads\/2025\/02\/PW-set.jpg\",\"width\":406,\"height\":478,\"caption\":\"PW set\"},{\"@type\":\"BreadcrumbList\",\"@id\":\"https:\/\/www.skamet.ee\/lt\/tooted\/apsaugine-siena\/#breadcrumb\",\"itemListElement\":[{\"@type\":\"ListItem\",\"position\":1,\"name\":\"Home\",\"item\":\"https:\/\/www.skamet.ee\/fi\/\"},{\"@type\":\"ListItem\",\"position\":2,\"name\":\"Produktai\",\"item\":\"https:\/\/www.skamet.ee\/lt\/shop-2\/\"},{\"@type\":\"ListItem\",\"position\":3,\"name\":\"Apsaugin\u0117 sienel\u0117\"}]},{\"@type\":\"WebSite\",\"@id\":\"https:\/\/www.skamet.ee\/#website\",\"url\":\"https:\/\/www.skamet.ee\/\",\"name\":\"Skamet O\u00dc\",\"description\":\"Efektiivsed puuk\u00fcttega saunaahjud Eesti tootjalt\",\"publisher\":{\"@id\":\"https:\/\/www.skamet.ee\/#organization\"},\"potentialAction\":[{\"@type\":\"SearchAction\",\"target\":{\"@type\":\"EntryPoint\",\"urlTemplate\":\"https:\/\/www.skamet.ee\/?s={search_term_string}\"},\"query-input\":{\"@type\":\"PropertyValueSpecification\",\"valueRequired\":true,\"valueName\":\"search_term_string\"}}],\"inLanguage\":\"lt\"},{\"@type\":\"Organization\",\"@id\":\"https:\/\/www.skamet.ee\/#organization\",\"name\":\"Skamet\",\"url\":\"https:\/\/www.skamet.ee\/\",\"logo\":{\"@type\":\"ImageObject\",\"inLanguage\":\"lt\",\"@id\":\"https:\/\/www.skamet.ee\/#\/schema\/logo\/image\/\",\"url\":\"https:\/\/www.skamet.ee\/wp-content\/uploads\/2015\/05\/logo-uus.png\",\"contentUrl\":\"https:\/\/www.skamet.ee\/wp-content\/uploads\/2015\/05\/logo-uus.png\",\"width\":300,\"height\":127,\"caption\":\"Skamet\"},\"image\":{\"@id\":\"https:\/\/www.skamet.ee\/#\/schema\/logo\/image\/\"}}]}<\/script>\n<!-- \/ Yoast SEO plugin. -->","yoast_head_json":{"title":"Apsaugin\u0117 sienel\u0117 - Skamet","description":"Apsaugin\u0117 sienel\u0117","robots":{"index":"index","follow":"follow","max-snippet":"max-snippet:-1","max-image-preview":"max-image-preview:large","max-video-preview":"max-video-preview:-1"},"canonical":"https:\/\/www.skamet.ee\/lt\/tooted\/apsaugine-siena\/","og_locale":"lt_LT","og_type":"article","og_title":"Apsaugin\u0117 sienel\u0117 - Skamet","og_description":"Apsaugin\u0117 sienel\u0117","og_url":"https:\/\/www.skamet.ee\/lt\/tooted\/apsaugine-siena\/","og_site_name":"Skamet","article_modified_time":"2026-01-29T10:58:45+00:00","og_image":[{"width":406,"height":478,"url":"https:\/\/www.skamet.ee\/wp-content\/uploads\/2025\/02\/PW-set.jpg","type":"image\/jpeg"}],"twitter_card":"summary_large_image","twitter_misc":{"Est. reading time":"1 minute"},"schema":{"@context":"https:\/\/schema.org","@graph":[{"@type":"WebPage","@id":"https:\/\/www.skamet.ee\/lt\/tooted\/apsaugine-siena\/","url":"https:\/\/www.skamet.ee\/lt\/tooted\/apsaugine-siena\/","name":"Apsaugin\u0117 sienel\u0117 - Skamet","isPartOf":{"@id":"https:\/\/www.skamet.ee\/#website"},"primaryImageOfPage":{"@id":"https:\/\/www.skamet.ee\/lt\/tooted\/apsaugine-siena\/#primaryimage"},"image":{"@id":"https:\/\/www.skamet.ee\/lt\/tooted\/apsaugine-siena\/#primaryimage"},"thumbnailUrl":"https:\/\/www.skamet.ee\/wp-content\/uploads\/2025\/02\/PW-set.jpg","datePublished":"2025-02-06T07:24:50+00:00","dateModified":"2026-01-29T10:58:45+00:00","description":"Apsaugin\u0117 sienel\u0117","breadcrumb":{"@id":"https:\/\/www.skamet.ee\/lt\/tooted\/apsaugine-siena\/#breadcrumb"},"inLanguage":"lt","potentialAction":[{"@type":"ReadAction","target":["https:\/\/www.skamet.ee\/lt\/tooted\/apsaugine-siena\/"]}]},{"@type":"ImageObject","inLanguage":"lt","@id":"https:\/\/www.skamet.ee\/lt\/tooted\/apsaugine-siena\/#primaryimage","url":"https:\/\/www.skamet.ee\/wp-content\/uploads\/2025\/02\/PW-set.jpg","contentUrl":"https:\/\/www.skamet.ee\/wp-content\/uploads\/2025\/02\/PW-set.jpg","width":406,"height":478,"caption":"PW set"},{"@type":"BreadcrumbList","@id":"https:\/\/www.skamet.ee\/lt\/tooted\/apsaugine-siena\/#breadcrumb","itemListElement":[{"@type":"ListItem","position":1,"name":"Home","item":"https:\/\/www.skamet.ee\/fi\/"},{"@type":"ListItem","position":2,"name":"Produktai","item":"https:\/\/www.skamet.ee\/lt\/shop-2\/"},{"@type":"ListItem","position":3,"name":"Apsaugin\u0117 sienel\u0117"}]},{"@type":"WebSite","@id":"https:\/\/www.skamet.ee\/#website","url":"https:\/\/www.skamet.ee\/","name":"Skamet O\u00dc","description":"Efektiivsed puuk\u00fcttega saunaahjud Eesti tootjalt","publisher":{"@id":"https:\/\/www.skamet.ee\/#organization"},"potentialAction":[{"@type":"SearchAction","target":{"@type":"EntryPoint","urlTemplate":"https:\/\/www.skamet.ee\/?s={search_term_string}"},"query-input":{"@type":"PropertyValueSpecification","valueRequired":true,"valueName":"search_term_string"}}],"inLanguage":"lt"},{"@type":"Organization","@id":"https:\/\/www.skamet.ee\/#organization","name":"Skamet","url":"https:\/\/www.skamet.ee\/","logo":{"@type":"ImageObject","inLanguage":"lt","@id":"https:\/\/www.skamet.ee\/#\/schema\/logo\/image\/","url":"https:\/\/www.skamet.ee\/wp-content\/uploads\/2015\/05\/logo-uus.png","contentUrl":"https:\/\/www.skamet.ee\/wp-content\/uploads\/2015\/05\/logo-uus.png","width":300,"height":127,"caption":"Skamet"},"image":{"@id":"https:\/\/www.skamet.ee\/#\/schema\/logo\/image\/"}}]}},"_links":{"self":[{"href":"https:\/\/www.skamet.ee\/lt\/wp-json\/wp\/v2\/product\/49140","targetHints":{"allow":["GET"]}}],"collection":[{"href":"https:\/\/www.skamet.ee\/lt\/wp-json\/wp\/v2\/product"}],"about":[{"href":"https:\/\/www.skamet.ee\/lt\/wp-json\/wp\/v2\/types\/product"}],"version-history":[{"count":1,"href":"https:\/\/www.skamet.ee\/lt\/wp-json\/wp\/v2\/product\/49140\/revisions"}],"predecessor-version":[{"id":54614,"href":"https:\/\/www.skamet.ee\/lt\/wp-json\/wp\/v2\/product\/49140\/revisions\/54614"}],"wp:featuredmedia":[{"embeddable":true,"href":"https:\/\/www.skamet.ee\/lt\/wp-json\/wp\/v2\/media\/47130"}],"wp:attachment":[{"href":"https:\/\/www.skamet.ee\/lt\/wp-json\/wp\/v2\/media?parent=49140"}],"wp:term":[{"taxonomy":"product_brand","embeddable":true,"href":"https:\/\/www.skamet.ee\/lt\/wp-json\/wp\/v2\/product_brand?post=49140"},{"taxonomy":"product_cat","embeddable":true,"href":"https:\/\/www.skamet.ee\/lt\/wp-json\/wp\/v2\/product_cat?post=49140"},{"taxonomy":"product_tag","embeddable":true,"href":"https:\/\/www.skamet.ee\/lt\/wp-json\/wp\/v2\/product_tag?post=49140"}],"curies":[{"name":"wp","href":"https:\/\/api.w.org\/{rel}","templated":true}]}}