{"id":49190,"date":"2024-11-26T09:42:24","date_gmt":"2024-11-26T07:42:24","guid":{"rendered":"https:\/\/www.skamet.ee\/tooted\/uncategorized\/st-220-gl-dideles-stiklo-ir-kvadratines-groteles\/"},"modified":"2026-01-27T23:02:33","modified_gmt":"2026-01-27T21:02:33","slug":"st-220-gl-dideles-stiklo-ir-kvadratines-groteles","status":"publish","type":"product","link":"https:\/\/www.skamet.ee\/lt\/tooted\/st-220-gl-dideles-stiklo-ir-kvadratines-groteles\/","title":{"rendered":"ST-220 GL didel\u0117s stiklo ir kvadratin\u0117s grotel\u0117s"},"content":{"rendered":"<h3 data-start=\"98\" data-end=\"138\"><strong data-start=\"102\" data-end=\"138\">Standartinio gaminio parametrai:<\/strong><\/h3>\n<ul data-start=\"139\" data-end=\"346\">\n<li data-start=\"139\" data-end=\"183\">\n<p data-start=\"141\" data-end=\"183\">didel\u0117s stiklin\u0117s durel\u0117s (330 \u00d7 330 mm)<\/p>\n<\/li>\n<li data-start=\"184\" data-end=\"221\">\n<p data-start=\"186\" data-end=\"221\">d\u016bmtraukio prijungimas i\u0161 vir\u0161aus<\/p>\n<\/li>\n<li data-start=\"222\" data-end=\"260\">\n<p data-start=\"224\" data-end=\"260\">keturkampis tinklinis korpusas<\/p>\n<\/li>\n<li data-start=\"261\" data-end=\"294\">\n<p data-start=\"263\" data-end=\"294\">dureli\u0173 vyriai kair\u0117je pus\u0117je<\/p>\n<\/li>\n<li data-start=\"295\" data-end=\"346\">\n<p data-start=\"297\" data-end=\"346\">galimyb\u0117 u\u017esisakyti dekoratyvin\u012f dureli\u0173 apvad\u0105<\/p>\n<\/li>\n<\/ul>\n<p>\ud83d\udcd8\u00a0<strong>Daugiau informacijos apie gamin<\/strong><strong>\u012f<\/strong><strong> rasite naudojimo\u00a0<span style=\"color: #0000ff;\"><a style=\"color: #0000ff;\" href=\"https:\/\/skamet.ee\/wp-content\/uploads\/2014\/04\/LT-RU-veeb-tabelid.pdf\">instrukcijoje.<\/a><\/span><\/strong><\/p>\n","protected":false},"excerpt":{"rendered":"<p>Standartinio gaminio parametrai: didel\u0117s stiklin\u0117s durel\u0117s (330 \u00d7 330 mm) d\u016bmtraukio prijungimas i\u0161 vir\u0161aus keturkampis tinklinis korpusas dureli\u0173 vyriai kair\u0117je<\/p>\n","protected":false},"featured_media":49749,"template":"","meta":{"_lmt_disableupdate":"","_lmt_disable":""},"product_brand":[],"product_cat":[1110],"product_tag":[],"class_list":{"0":"post-49190","1":"product","2":"type-product","3":"status-publish","4":"has-post-thumbnail","6":"product_cat-pirties-krosnys-16-25-m3-lt-3","8":"first","9":"instock","10":"shipping-taxable","11":"product-type-simple"},"yoast_head":"<!-- This site is optimized with the Yoast SEO plugin v27.0 - https:\/\/yoast.com\/product\/yoast-seo-wordpress\/ -->\n<title>ST-220 GL didel\u0117s stiklo ir kvadratin\u0117s grotel\u0117s - Skamet<\/title>\n<meta name=\"robots\" content=\"index, follow, max-snippet:-1, max-image-preview:large, max-video-preview:-1\" \/>\n<link rel=\"canonical\" href=\"https:\/\/www.skamet.ee\/lt\/tooted\/st-220-gl-dideles-stiklo-ir-kvadratines-groteles\/\" \/>\n<meta property=\"og:locale\" content=\"lt_LT\" \/>\n<meta property=\"og:type\" content=\"article\" \/>\n<meta property=\"og:title\" content=\"ST-220 GL didel\u0117s stiklo ir kvadratin\u0117s grotel\u0117s - Skamet\" \/>\n<meta property=\"og:description\" content=\"Standartinio gaminio parametrai: didel\u0117s stiklin\u0117s durel\u0117s (330 \u00d7 330 mm) d\u016bmtraukio prijungimas i\u0161 vir\u0161aus keturkampis tinklinis korpusas dureli\u0173 vyriai kair\u0117je\" \/>\n<meta property=\"og:url\" content=\"https:\/\/www.skamet.ee\/lt\/tooted\/st-220-gl-dideles-stiklo-ir-kvadratines-groteles\/\" \/>\n<meta property=\"og:site_name\" content=\"Skamet\" \/>\n<meta property=\"article:modified_time\" content=\"2026-01-27T21:02:33+00:00\" \/>\n<meta property=\"og:image\" content=\"https:\/\/www.skamet.ee\/wp-content\/uploads\/2024\/11\/ST-220-GL-1-scaled.jpg\" \/>\n\t<meta property=\"og:image:width\" content=\"1708\" \/>\n\t<meta property=\"og:image:height\" content=\"2560\" \/>\n\t<meta property=\"og:image:type\" content=\"image\/jpeg\" \/>\n<meta name=\"twitter:card\" content=\"summary_large_image\" \/>\n<meta name=\"twitter:label1\" content=\"Est. reading time\" \/>\n\t<meta name=\"twitter:data1\" content=\"1 minute\" \/>\n<script type=\"application\/ld+json\" class=\"yoast-schema-graph\">{\"@context\":\"https:\/\/schema.org\",\"@graph\":[{\"@type\":\"WebPage\",\"@id\":\"https:\/\/www.skamet.ee\/lt\/tooted\/st-220-gl-dideles-stiklo-ir-kvadratines-groteles\/\",\"url\":\"https:\/\/www.skamet.ee\/lt\/tooted\/st-220-gl-dideles-stiklo-ir-kvadratines-groteles\/\",\"name\":\"ST-220 GL didel\u0117s stiklo ir kvadratin\u0117s grotel\u0117s - Skamet\",\"isPartOf\":{\"@id\":\"https:\/\/www.skamet.ee\/#website\"},\"primaryImageOfPage\":{\"@id\":\"https:\/\/www.skamet.ee\/lt\/tooted\/st-220-gl-dideles-stiklo-ir-kvadratines-groteles\/#primaryimage\"},\"image\":{\"@id\":\"https:\/\/www.skamet.ee\/lt\/tooted\/st-220-gl-dideles-stiklo-ir-kvadratines-groteles\/#primaryimage\"},\"thumbnailUrl\":\"https:\/\/www.skamet.ee\/wp-content\/uploads\/2024\/11\/ST-220-GL-1-scaled.jpg\",\"datePublished\":\"2024-11-26T07:42:24+00:00\",\"dateModified\":\"2026-01-27T21:02:33+00:00\",\"breadcrumb\":{\"@id\":\"https:\/\/www.skamet.ee\/lt\/tooted\/st-220-gl-dideles-stiklo-ir-kvadratines-groteles\/#breadcrumb\"},\"inLanguage\":\"lt\",\"potentialAction\":[{\"@type\":\"ReadAction\",\"target\":[\"https:\/\/www.skamet.ee\/lt\/tooted\/st-220-gl-dideles-stiklo-ir-kvadratines-groteles\/\"]}]},{\"@type\":\"ImageObject\",\"inLanguage\":\"lt\",\"@id\":\"https:\/\/www.skamet.ee\/lt\/tooted\/st-220-gl-dideles-stiklo-ir-kvadratines-groteles\/#primaryimage\",\"url\":\"https:\/\/www.skamet.ee\/wp-content\/uploads\/2024\/11\/ST-220-GL-1-scaled.jpg\",\"contentUrl\":\"https:\/\/www.skamet.ee\/wp-content\/uploads\/2024\/11\/ST-220-GL-1-scaled.jpg\",\"width\":1708,\"height\":2560,\"caption\":\"ST 220 GL 1 scaled\"},{\"@type\":\"BreadcrumbList\",\"@id\":\"https:\/\/www.skamet.ee\/lt\/tooted\/st-220-gl-dideles-stiklo-ir-kvadratines-groteles\/#breadcrumb\",\"itemListElement\":[{\"@type\":\"ListItem\",\"position\":1,\"name\":\"Home\",\"item\":\"https:\/\/www.skamet.ee\/fi\/\"},{\"@type\":\"ListItem\",\"position\":2,\"name\":\"Produktai\",\"item\":\"https:\/\/www.skamet.ee\/lt\/shop-2\/\"},{\"@type\":\"ListItem\",\"position\":3,\"name\":\"ST-220 GL didel\u0117s stiklo ir kvadratin\u0117s grotel\u0117s\"}]},{\"@type\":\"WebSite\",\"@id\":\"https:\/\/www.skamet.ee\/#website\",\"url\":\"https:\/\/www.skamet.ee\/\",\"name\":\"Skamet O\u00dc\",\"description\":\"Efektiivsed puuk\u00fcttega saunaahjud Eesti tootjalt\",\"publisher\":{\"@id\":\"https:\/\/www.skamet.ee\/#organization\"},\"potentialAction\":[{\"@type\":\"SearchAction\",\"target\":{\"@type\":\"EntryPoint\",\"urlTemplate\":\"https:\/\/www.skamet.ee\/?s={search_term_string}\"},\"query-input\":{\"@type\":\"PropertyValueSpecification\",\"valueRequired\":true,\"valueName\":\"search_term_string\"}}],\"inLanguage\":\"lt\"},{\"@type\":\"Organization\",\"@id\":\"https:\/\/www.skamet.ee\/#organization\",\"name\":\"Skamet\",\"url\":\"https:\/\/www.skamet.ee\/\",\"logo\":{\"@type\":\"ImageObject\",\"inLanguage\":\"lt\",\"@id\":\"https:\/\/www.skamet.ee\/#\/schema\/logo\/image\/\",\"url\":\"https:\/\/www.skamet.ee\/wp-content\/uploads\/2015\/05\/logo-uus.png\",\"contentUrl\":\"https:\/\/www.skamet.ee\/wp-content\/uploads\/2015\/05\/logo-uus.png\",\"width\":300,\"height\":127,\"caption\":\"Skamet\"},\"image\":{\"@id\":\"https:\/\/www.skamet.ee\/#\/schema\/logo\/image\/\"}}]}<\/script>\n<!-- \/ Yoast SEO plugin. -->","yoast_head_json":{"title":"ST-220 GL didel\u0117s stiklo ir kvadratin\u0117s grotel\u0117s - Skamet","robots":{"index":"index","follow":"follow","max-snippet":"max-snippet:-1","max-image-preview":"max-image-preview:large","max-video-preview":"max-video-preview:-1"},"canonical":"https:\/\/www.skamet.ee\/lt\/tooted\/st-220-gl-dideles-stiklo-ir-kvadratines-groteles\/","og_locale":"lt_LT","og_type":"article","og_title":"ST-220 GL didel\u0117s stiklo ir kvadratin\u0117s grotel\u0117s - Skamet","og_description":"Standartinio gaminio parametrai: didel\u0117s stiklin\u0117s durel\u0117s (330 \u00d7 330 mm) d\u016bmtraukio prijungimas i\u0161 vir\u0161aus keturkampis tinklinis korpusas dureli\u0173 vyriai kair\u0117je","og_url":"https:\/\/www.skamet.ee\/lt\/tooted\/st-220-gl-dideles-stiklo-ir-kvadratines-groteles\/","og_site_name":"Skamet","article_modified_time":"2026-01-27T21:02:33+00:00","og_image":[{"width":1708,"height":2560,"url":"https:\/\/www.skamet.ee\/wp-content\/uploads\/2024\/11\/ST-220-GL-1-scaled.jpg","type":"image\/jpeg"}],"twitter_card":"summary_large_image","twitter_misc":{"Est. reading time":"1 minute"},"schema":{"@context":"https:\/\/schema.org","@graph":[{"@type":"WebPage","@id":"https:\/\/www.skamet.ee\/lt\/tooted\/st-220-gl-dideles-stiklo-ir-kvadratines-groteles\/","url":"https:\/\/www.skamet.ee\/lt\/tooted\/st-220-gl-dideles-stiklo-ir-kvadratines-groteles\/","name":"ST-220 GL didel\u0117s stiklo ir kvadratin\u0117s grotel\u0117s - Skamet","isPartOf":{"@id":"https:\/\/www.skamet.ee\/#website"},"primaryImageOfPage":{"@id":"https:\/\/www.skamet.ee\/lt\/tooted\/st-220-gl-dideles-stiklo-ir-kvadratines-groteles\/#primaryimage"},"image":{"@id":"https:\/\/www.skamet.ee\/lt\/tooted\/st-220-gl-dideles-stiklo-ir-kvadratines-groteles\/#primaryimage"},"thumbnailUrl":"https:\/\/www.skamet.ee\/wp-content\/uploads\/2024\/11\/ST-220-GL-1-scaled.jpg","datePublished":"2024-11-26T07:42:24+00:00","dateModified":"2026-01-27T21:02:33+00:00","breadcrumb":{"@id":"https:\/\/www.skamet.ee\/lt\/tooted\/st-220-gl-dideles-stiklo-ir-kvadratines-groteles\/#breadcrumb"},"inLanguage":"lt","potentialAction":[{"@type":"ReadAction","target":["https:\/\/www.skamet.ee\/lt\/tooted\/st-220-gl-dideles-stiklo-ir-kvadratines-groteles\/"]}]},{"@type":"ImageObject","inLanguage":"lt","@id":"https:\/\/www.skamet.ee\/lt\/tooted\/st-220-gl-dideles-stiklo-ir-kvadratines-groteles\/#primaryimage","url":"https:\/\/www.skamet.ee\/wp-content\/uploads\/2024\/11\/ST-220-GL-1-scaled.jpg","contentUrl":"https:\/\/www.skamet.ee\/wp-content\/uploads\/2024\/11\/ST-220-GL-1-scaled.jpg","width":1708,"height":2560,"caption":"ST 220 GL 1 scaled"},{"@type":"BreadcrumbList","@id":"https:\/\/www.skamet.ee\/lt\/tooted\/st-220-gl-dideles-stiklo-ir-kvadratines-groteles\/#breadcrumb","itemListElement":[{"@type":"ListItem","position":1,"name":"Home","item":"https:\/\/www.skamet.ee\/fi\/"},{"@type":"ListItem","position":2,"name":"Produktai","item":"https:\/\/www.skamet.ee\/lt\/shop-2\/"},{"@type":"ListItem","position":3,"name":"ST-220 GL didel\u0117s stiklo ir kvadratin\u0117s grotel\u0117s"}]},{"@type":"WebSite","@id":"https:\/\/www.skamet.ee\/#website","url":"https:\/\/www.skamet.ee\/","name":"Skamet O\u00dc","description":"Efektiivsed puuk\u00fcttega saunaahjud Eesti tootjalt","publisher":{"@id":"https:\/\/www.skamet.ee\/#organization"},"potentialAction":[{"@type":"SearchAction","target":{"@type":"EntryPoint","urlTemplate":"https:\/\/www.skamet.ee\/?s={search_term_string}"},"query-input":{"@type":"PropertyValueSpecification","valueRequired":true,"valueName":"search_term_string"}}],"inLanguage":"lt"},{"@type":"Organization","@id":"https:\/\/www.skamet.ee\/#organization","name":"Skamet","url":"https:\/\/www.skamet.ee\/","logo":{"@type":"ImageObject","inLanguage":"lt","@id":"https:\/\/www.skamet.ee\/#\/schema\/logo\/image\/","url":"https:\/\/www.skamet.ee\/wp-content\/uploads\/2015\/05\/logo-uus.png","contentUrl":"https:\/\/www.skamet.ee\/wp-content\/uploads\/2015\/05\/logo-uus.png","width":300,"height":127,"caption":"Skamet"},"image":{"@id":"https:\/\/www.skamet.ee\/#\/schema\/logo\/image\/"}}]}},"_links":{"self":[{"href":"https:\/\/www.skamet.ee\/lt\/wp-json\/wp\/v2\/product\/49190","targetHints":{"allow":["GET"]}}],"collection":[{"href":"https:\/\/www.skamet.ee\/lt\/wp-json\/wp\/v2\/product"}],"about":[{"href":"https:\/\/www.skamet.ee\/lt\/wp-json\/wp\/v2\/types\/product"}],"version-history":[{"count":2,"href":"https:\/\/www.skamet.ee\/lt\/wp-json\/wp\/v2\/product\/49190\/revisions"}],"predecessor-version":[{"id":54405,"href":"https:\/\/www.skamet.ee\/lt\/wp-json\/wp\/v2\/product\/49190\/revisions\/54405"}],"wp:featuredmedia":[{"embeddable":true,"href":"https:\/\/www.skamet.ee\/lt\/wp-json\/wp\/v2\/media\/49749"}],"wp:attachment":[{"href":"https:\/\/www.skamet.ee\/lt\/wp-json\/wp\/v2\/media?parent=49190"}],"wp:term":[{"taxonomy":"product_brand","embeddable":true,"href":"https:\/\/www.skamet.ee\/lt\/wp-json\/wp\/v2\/product_brand?post=49190"},{"taxonomy":"product_cat","embeddable":true,"href":"https:\/\/www.skamet.ee\/lt\/wp-json\/wp\/v2\/product_cat?post=49190"},{"taxonomy":"product_tag","embeddable":true,"href":"https:\/\/www.skamet.ee\/lt\/wp-json\/wp\/v2\/product_tag?post=49190"}],"curies":[{"name":"wp","href":"https:\/\/api.w.org\/{rel}","templated":true}]}}