{"id":49197,"date":"2024-11-25T15:39:31","date_gmt":"2024-11-25T13:39:31","guid":{"rendered":"https:\/\/www.skamet.ee\/tooted\/uncategorized\/ssy-210-gl-apvalus-tinklelis\/"},"modified":"2026-01-27T18:22:36","modified_gmt":"2026-01-27T16:22:36","slug":"ssy-210-gl-apvalus-tinklelis","status":"publish","type":"product","link":"https:\/\/www.skamet.ee\/lt\/tooted\/ssy-210-gl-apvalus-tinklelis\/","title":{"rendered":"SSY-210 GL apvalus tinklelis"},"content":{"rendered":"<h3 data-start=\"98\" data-end=\"138\"><strong data-start=\"102\" data-end=\"138\">Standartinio gaminio parametrai:<\/strong><\/h3>\n<ul data-start=\"139\" data-end=\"304\">\n<li data-start=\"139\" data-end=\"175\">\n<p data-start=\"141\" data-end=\"175\">stiklin\u0117s durel\u0117s (200 \u00d7 220 mm)<\/p>\n<\/li>\n<li data-start=\"176\" data-end=\"213\">\n<p data-start=\"178\" data-end=\"213\">d\u016bmtraukio prijungimas i\u0161 vir\u0161aus<\/p>\n<\/li>\n<li data-start=\"214\" data-end=\"247\">\n<p data-start=\"216\" data-end=\"247\">kar\u0161\u010diui atspari juoda spalva<\/p>\n<\/li>\n<li data-start=\"248\" data-end=\"281\">\n<p data-start=\"250\" data-end=\"281\">dureli\u0173 vyriai kair\u0117je pus\u0117je<\/p>\n<\/li>\n<li data-start=\"282\" data-end=\"304\">\n<p data-start=\"284\" data-end=\"304\">tinklinis korpusas<\/p>\n<\/li>\n<\/ul>\n<p data-start=\"306\" data-end=\"377\">\ud83d\udcd8\u00a0<strong data-start=\"309\" data-end=\"377\">Daugiau informacijos apie gamin\u012f rasite naudojimo\u00a0<span style=\"color: #0000ff;\"><a style=\"color: #0000ff;\" href=\"https:\/\/www.skamet.ee\/wp-content\/uploads\/2025\/06\/Skamet-PS-SS-SSY-pass-A5_2025_LT.pdf\" target=\"_blank\" rel=\"noopener\">instrukcijoje.<\/a><\/span><\/strong><\/p>\n","protected":false},"excerpt":{"rendered":"<p>Standartinio gaminio parametrai: stiklin\u0117s durel\u0117s (200 \u00d7 220 mm) d\u016bmtraukio prijungimas i\u0161 vir\u0161aus kar\u0161\u010diui atspari juoda spalva dureli\u0173 vyriai kair\u0117je<\/p>\n","protected":false},"featured_media":45692,"template":"","meta":{"_lmt_disableupdate":"","_lmt_disable":""},"product_brand":[],"product_cat":[1097],"product_tag":[],"class_list":{"0":"post-49197","1":"product","2":"type-product","3":"status-publish","4":"has-post-thumbnail","6":"product_cat-pirties-krosnys-7-12-m3-lt-3","8":"first","9":"instock","10":"shipping-taxable","11":"product-type-simple"},"yoast_head":"<!-- This site is optimized with the Yoast SEO plugin v27.0 - https:\/\/yoast.com\/product\/yoast-seo-wordpress\/ -->\n<title>SSY-210 GL apvalus tinklelis - Skamet<\/title>\n<meta name=\"description\" content=\"SSY-210 GL apvalus tinklelis\" \/>\n<meta name=\"robots\" content=\"index, follow, max-snippet:-1, max-image-preview:large, max-video-preview:-1\" \/>\n<link rel=\"canonical\" href=\"https:\/\/www.skamet.ee\/lt\/tooted\/ssy-210-gl-apvalus-tinklelis\/\" \/>\n<meta property=\"og:locale\" content=\"lt_LT\" \/>\n<meta property=\"og:type\" content=\"article\" \/>\n<meta property=\"og:title\" content=\"SSY-210 GL apvalus tinklelis - Skamet\" \/>\n<meta property=\"og:description\" content=\"SSY-210 GL apvalus tinklelis\" \/>\n<meta property=\"og:url\" content=\"https:\/\/www.skamet.ee\/lt\/tooted\/ssy-210-gl-apvalus-tinklelis\/\" \/>\n<meta property=\"og:site_name\" content=\"Skamet\" \/>\n<meta property=\"article:modified_time\" content=\"2026-01-27T16:22:36+00:00\" \/>\n<meta property=\"og:image\" content=\"https:\/\/www.skamet.ee\/wp-content\/uploads\/2024\/11\/SSY-210-GL_Ilu-scaled.jpg\" \/>\n\t<meta property=\"og:image:width\" content=\"1708\" \/>\n\t<meta property=\"og:image:height\" content=\"2560\" \/>\n\t<meta property=\"og:image:type\" content=\"image\/jpeg\" \/>\n<meta name=\"twitter:card\" content=\"summary_large_image\" \/>\n<meta name=\"twitter:label1\" content=\"Est. reading time\" \/>\n\t<meta name=\"twitter:data1\" content=\"1 minute\" \/>\n<script type=\"application\/ld+json\" class=\"yoast-schema-graph\">{\"@context\":\"https:\/\/schema.org\",\"@graph\":[{\"@type\":\"WebPage\",\"@id\":\"https:\/\/www.skamet.ee\/lt\/tooted\/ssy-210-gl-apvalus-tinklelis\/\",\"url\":\"https:\/\/www.skamet.ee\/lt\/tooted\/ssy-210-gl-apvalus-tinklelis\/\",\"name\":\"SSY-210 GL apvalus tinklelis - Skamet\",\"isPartOf\":{\"@id\":\"https:\/\/www.skamet.ee\/#website\"},\"primaryImageOfPage\":{\"@id\":\"https:\/\/www.skamet.ee\/lt\/tooted\/ssy-210-gl-apvalus-tinklelis\/#primaryimage\"},\"image\":{\"@id\":\"https:\/\/www.skamet.ee\/lt\/tooted\/ssy-210-gl-apvalus-tinklelis\/#primaryimage\"},\"thumbnailUrl\":\"https:\/\/www.skamet.ee\/wp-content\/uploads\/2024\/11\/SSY-210-GL_Ilu-scaled.jpg\",\"datePublished\":\"2024-11-25T13:39:31+00:00\",\"dateModified\":\"2026-01-27T16:22:36+00:00\",\"description\":\"SSY-210 GL apvalus tinklelis\",\"breadcrumb\":{\"@id\":\"https:\/\/www.skamet.ee\/lt\/tooted\/ssy-210-gl-apvalus-tinklelis\/#breadcrumb\"},\"inLanguage\":\"lt\",\"potentialAction\":[{\"@type\":\"ReadAction\",\"target\":[\"https:\/\/www.skamet.ee\/lt\/tooted\/ssy-210-gl-apvalus-tinklelis\/\"]}]},{\"@type\":\"ImageObject\",\"inLanguage\":\"lt\",\"@id\":\"https:\/\/www.skamet.ee\/lt\/tooted\/ssy-210-gl-apvalus-tinklelis\/#primaryimage\",\"url\":\"https:\/\/www.skamet.ee\/wp-content\/uploads\/2024\/11\/SSY-210-GL_Ilu-scaled.jpg\",\"contentUrl\":\"https:\/\/www.skamet.ee\/wp-content\/uploads\/2024\/11\/SSY-210-GL_Ilu-scaled.jpg\",\"width\":1708,\"height\":2560,\"caption\":\"SSY 210 GL Ilu scaled\"},{\"@type\":\"BreadcrumbList\",\"@id\":\"https:\/\/www.skamet.ee\/lt\/tooted\/ssy-210-gl-apvalus-tinklelis\/#breadcrumb\",\"itemListElement\":[{\"@type\":\"ListItem\",\"position\":1,\"name\":\"Home\",\"item\":\"https:\/\/www.skamet.ee\/fi\/\"},{\"@type\":\"ListItem\",\"position\":2,\"name\":\"Produktai\",\"item\":\"https:\/\/www.skamet.ee\/lt\/shop-2\/\"},{\"@type\":\"ListItem\",\"position\":3,\"name\":\"SSY-210 GL apvalus tinklelis\"}]},{\"@type\":\"WebSite\",\"@id\":\"https:\/\/www.skamet.ee\/#website\",\"url\":\"https:\/\/www.skamet.ee\/\",\"name\":\"Skamet O\u00dc\",\"description\":\"Efektiivsed puuk\u00fcttega saunaahjud Eesti tootjalt\",\"publisher\":{\"@id\":\"https:\/\/www.skamet.ee\/#organization\"},\"potentialAction\":[{\"@type\":\"SearchAction\",\"target\":{\"@type\":\"EntryPoint\",\"urlTemplate\":\"https:\/\/www.skamet.ee\/?s={search_term_string}\"},\"query-input\":{\"@type\":\"PropertyValueSpecification\",\"valueRequired\":true,\"valueName\":\"search_term_string\"}}],\"inLanguage\":\"lt\"},{\"@type\":\"Organization\",\"@id\":\"https:\/\/www.skamet.ee\/#organization\",\"name\":\"Skamet\",\"url\":\"https:\/\/www.skamet.ee\/\",\"logo\":{\"@type\":\"ImageObject\",\"inLanguage\":\"lt\",\"@id\":\"https:\/\/www.skamet.ee\/#\/schema\/logo\/image\/\",\"url\":\"https:\/\/www.skamet.ee\/wp-content\/uploads\/2015\/05\/logo-uus.png\",\"contentUrl\":\"https:\/\/www.skamet.ee\/wp-content\/uploads\/2015\/05\/logo-uus.png\",\"width\":300,\"height\":127,\"caption\":\"Skamet\"},\"image\":{\"@id\":\"https:\/\/www.skamet.ee\/#\/schema\/logo\/image\/\"}}]}<\/script>\n<!-- \/ Yoast SEO plugin. -->","yoast_head_json":{"title":"SSY-210 GL apvalus tinklelis - Skamet","description":"SSY-210 GL apvalus tinklelis","robots":{"index":"index","follow":"follow","max-snippet":"max-snippet:-1","max-image-preview":"max-image-preview:large","max-video-preview":"max-video-preview:-1"},"canonical":"https:\/\/www.skamet.ee\/lt\/tooted\/ssy-210-gl-apvalus-tinklelis\/","og_locale":"lt_LT","og_type":"article","og_title":"SSY-210 GL apvalus tinklelis - Skamet","og_description":"SSY-210 GL apvalus tinklelis","og_url":"https:\/\/www.skamet.ee\/lt\/tooted\/ssy-210-gl-apvalus-tinklelis\/","og_site_name":"Skamet","article_modified_time":"2026-01-27T16:22:36+00:00","og_image":[{"width":1708,"height":2560,"url":"https:\/\/www.skamet.ee\/wp-content\/uploads\/2024\/11\/SSY-210-GL_Ilu-scaled.jpg","type":"image\/jpeg"}],"twitter_card":"summary_large_image","twitter_misc":{"Est. reading time":"1 minute"},"schema":{"@context":"https:\/\/schema.org","@graph":[{"@type":"WebPage","@id":"https:\/\/www.skamet.ee\/lt\/tooted\/ssy-210-gl-apvalus-tinklelis\/","url":"https:\/\/www.skamet.ee\/lt\/tooted\/ssy-210-gl-apvalus-tinklelis\/","name":"SSY-210 GL apvalus tinklelis - Skamet","isPartOf":{"@id":"https:\/\/www.skamet.ee\/#website"},"primaryImageOfPage":{"@id":"https:\/\/www.skamet.ee\/lt\/tooted\/ssy-210-gl-apvalus-tinklelis\/#primaryimage"},"image":{"@id":"https:\/\/www.skamet.ee\/lt\/tooted\/ssy-210-gl-apvalus-tinklelis\/#primaryimage"},"thumbnailUrl":"https:\/\/www.skamet.ee\/wp-content\/uploads\/2024\/11\/SSY-210-GL_Ilu-scaled.jpg","datePublished":"2024-11-25T13:39:31+00:00","dateModified":"2026-01-27T16:22:36+00:00","description":"SSY-210 GL apvalus tinklelis","breadcrumb":{"@id":"https:\/\/www.skamet.ee\/lt\/tooted\/ssy-210-gl-apvalus-tinklelis\/#breadcrumb"},"inLanguage":"lt","potentialAction":[{"@type":"ReadAction","target":["https:\/\/www.skamet.ee\/lt\/tooted\/ssy-210-gl-apvalus-tinklelis\/"]}]},{"@type":"ImageObject","inLanguage":"lt","@id":"https:\/\/www.skamet.ee\/lt\/tooted\/ssy-210-gl-apvalus-tinklelis\/#primaryimage","url":"https:\/\/www.skamet.ee\/wp-content\/uploads\/2024\/11\/SSY-210-GL_Ilu-scaled.jpg","contentUrl":"https:\/\/www.skamet.ee\/wp-content\/uploads\/2024\/11\/SSY-210-GL_Ilu-scaled.jpg","width":1708,"height":2560,"caption":"SSY 210 GL Ilu scaled"},{"@type":"BreadcrumbList","@id":"https:\/\/www.skamet.ee\/lt\/tooted\/ssy-210-gl-apvalus-tinklelis\/#breadcrumb","itemListElement":[{"@type":"ListItem","position":1,"name":"Home","item":"https:\/\/www.skamet.ee\/fi\/"},{"@type":"ListItem","position":2,"name":"Produktai","item":"https:\/\/www.skamet.ee\/lt\/shop-2\/"},{"@type":"ListItem","position":3,"name":"SSY-210 GL apvalus tinklelis"}]},{"@type":"WebSite","@id":"https:\/\/www.skamet.ee\/#website","url":"https:\/\/www.skamet.ee\/","name":"Skamet O\u00dc","description":"Efektiivsed puuk\u00fcttega saunaahjud Eesti tootjalt","publisher":{"@id":"https:\/\/www.skamet.ee\/#organization"},"potentialAction":[{"@type":"SearchAction","target":{"@type":"EntryPoint","urlTemplate":"https:\/\/www.skamet.ee\/?s={search_term_string}"},"query-input":{"@type":"PropertyValueSpecification","valueRequired":true,"valueName":"search_term_string"}}],"inLanguage":"lt"},{"@type":"Organization","@id":"https:\/\/www.skamet.ee\/#organization","name":"Skamet","url":"https:\/\/www.skamet.ee\/","logo":{"@type":"ImageObject","inLanguage":"lt","@id":"https:\/\/www.skamet.ee\/#\/schema\/logo\/image\/","url":"https:\/\/www.skamet.ee\/wp-content\/uploads\/2015\/05\/logo-uus.png","contentUrl":"https:\/\/www.skamet.ee\/wp-content\/uploads\/2015\/05\/logo-uus.png","width":300,"height":127,"caption":"Skamet"},"image":{"@id":"https:\/\/www.skamet.ee\/#\/schema\/logo\/image\/"}}]}},"_links":{"self":[{"href":"https:\/\/www.skamet.ee\/lt\/wp-json\/wp\/v2\/product\/49197","targetHints":{"allow":["GET"]}}],"collection":[{"href":"https:\/\/www.skamet.ee\/lt\/wp-json\/wp\/v2\/product"}],"about":[{"href":"https:\/\/www.skamet.ee\/lt\/wp-json\/wp\/v2\/types\/product"}],"version-history":[{"count":1,"href":"https:\/\/www.skamet.ee\/lt\/wp-json\/wp\/v2\/product\/49197\/revisions"}],"predecessor-version":[{"id":54344,"href":"https:\/\/www.skamet.ee\/lt\/wp-json\/wp\/v2\/product\/49197\/revisions\/54344"}],"wp:featuredmedia":[{"embeddable":true,"href":"https:\/\/www.skamet.ee\/lt\/wp-json\/wp\/v2\/media\/45692"}],"wp:attachment":[{"href":"https:\/\/www.skamet.ee\/lt\/wp-json\/wp\/v2\/media?parent=49197"}],"wp:term":[{"taxonomy":"product_brand","embeddable":true,"href":"https:\/\/www.skamet.ee\/lt\/wp-json\/wp\/v2\/product_brand?post=49197"},{"taxonomy":"product_cat","embeddable":true,"href":"https:\/\/www.skamet.ee\/lt\/wp-json\/wp\/v2\/product_cat?post=49197"},{"taxonomy":"product_tag","embeddable":true,"href":"https:\/\/www.skamet.ee\/lt\/wp-json\/wp\/v2\/product_tag?post=49197"}],"curies":[{"name":"wp","href":"https:\/\/api.w.org\/{rel}","templated":true}]}}