{"id":49206,"date":"2024-11-25T12:54:07","date_gmt":"2024-11-25T10:54:07","guid":{"rendered":"https:\/\/www.skamet.ee\/tooted\/uncategorized\/pt-21640-pgl-bakas-su-dideliu-stiklu-40l-desineje\/"},"modified":"2026-01-27T20:53:17","modified_gmt":"2026-01-27T18:53:17","slug":"pt-21640-pgl-bakas-su-dideliu-stiklu-40l-desineje","status":"publish","type":"product","link":"https:\/\/www.skamet.ee\/lt\/tooted\/pt-21640-pgl-bakas-su-dideliu-stiklu-40l-desineje\/","title":{"rendered":"PT-21640 PGL bakas su dideliu stiklu 40l de\u0161in\u0117je"},"content":{"rendered":"<p>Krosnel\u0119 galima u\u017esisakyti su 40 litr\u0173 vandens baku i\u0161 juodo metalo arba i\u0161 ner\u016bdijan\u010dio plieno. Vandens bak\u0105 galima montuoti de\u0161in\u0117je arba kair\u0117je pus\u0117je. Bak\u0105 galima nuimti arba pakeisti.*<\/p>\n<h3 data-start=\"98\" data-end=\"138\"><strong data-start=\"102\" data-end=\"138\">Standartinio gaminio parametrai:<\/strong><\/h3>\n<ul data-start=\"139\" data-end=\"369\">\n<li data-start=\"139\" data-end=\"183\">\n<p data-start=\"141\" data-end=\"183\">didel\u0117s stiklin\u0117s durel\u0117s (330 \u00d7 330 mm)<\/p>\n<\/li>\n<li data-start=\"184\" data-end=\"221\">\n<p data-start=\"186\" data-end=\"221\">d\u016bmtraukio prijungimas i\u0161 vir\u0161aus<\/p>\n<\/li>\n<li data-start=\"222\" data-end=\"279\">\n<p data-start=\"224\" data-end=\"279\">vir\u0161utinis skydelis ir rankena i\u0161 ner\u016bdijan\u010dio plieno<\/p>\n<\/li>\n<li data-start=\"280\" data-end=\"313\">\n<p data-start=\"282\" data-end=\"313\">dureli\u0173 vyriai kair\u0117je pus\u0117je<\/p>\n<\/li>\n<li data-start=\"314\" data-end=\"369\">\n<p data-start=\"316\" data-end=\"369\"><strong data-start=\"316\" data-end=\"369\">40 l vandens bakas \u2013 de\u0161in\u0117je arba kair\u0117je pus\u0117je<\/strong><\/p>\n<\/li>\n<\/ul>\n<p>*<strong data-start=\"76\" data-end=\"167\">Jei j\u016bs\u0173 vanduo yra prastesn\u0117s kokyb\u0117s, rekomenduojama rinktis ner\u016bdijan\u010dio plieno bak\u0105<\/strong>, nes juodas metalas gali r\u016bdyti, o d\u0117l to vanduo gali tapti <strong data-start=\"228\" data-end=\"254\">netinkamas prausimuisi<\/strong>.<\/p>\n<p>\ud83d\udcd8\u00a0<strong>Daugiau informacijos apie gamin\u012f rasite naudojimo\u00a0<span style=\"color: #0000ff;\"><a style=\"color: #0000ff;\" href=\"https:\/\/skamet.ee\/wp-content\/uploads\/2014\/04\/LT-RU-veeb-tabelid.pdf\">instrukcijoje.<\/a><\/span><\/strong><\/p>\n","protected":false},"excerpt":{"rendered":"<p>Krosnel\u0119 galima u\u017esisakyti su 40 litr\u0173 vandens baku i\u0161 juodo metalo arba i\u0161 ner\u016bdijan\u010dio plieno. Vandens bak\u0105 galima montuoti de\u0161in\u0117je<\/p>\n","protected":false},"featured_media":45473,"template":"","meta":{"_lmt_disableupdate":"","_lmt_disable":""},"product_brand":[],"product_cat":[1087],"product_tag":[],"class_list":{"0":"post-49206","1":"product","2":"type-product","3":"status-publish","4":"has-post-thumbnail","6":"product_cat-vidutines-orkaites-8-18-m3","8":"first","9":"instock","10":"shipping-taxable","11":"product-type-simple"},"yoast_head":"<!-- This site is optimized with the Yoast SEO plugin v27.0 - https:\/\/yoast.com\/product\/yoast-seo-wordpress\/ -->\n<title>PT-21640 PGL bakas su dideliu stiklu 40l de\u0161in\u0117je - Skamet<\/title>\n<meta name=\"robots\" content=\"index, follow, max-snippet:-1, max-image-preview:large, max-video-preview:-1\" \/>\n<link rel=\"canonical\" href=\"https:\/\/www.skamet.ee\/lt\/tooted\/pt-21640-pgl-bakas-su-dideliu-stiklu-40l-desineje\/\" \/>\n<meta property=\"og:locale\" content=\"lt_LT\" \/>\n<meta property=\"og:type\" content=\"article\" \/>\n<meta property=\"og:title\" content=\"PT-21640 PGL bakas su dideliu stiklu 40l de\u0161in\u0117je - Skamet\" \/>\n<meta property=\"og:description\" content=\"Krosnel\u0119 galima u\u017esisakyti su 40 litr\u0173 vandens baku i\u0161 juodo metalo arba i\u0161 ner\u016bdijan\u010dio plieno. Vandens bak\u0105 galima montuoti de\u0161in\u0117je\" \/>\n<meta property=\"og:url\" content=\"https:\/\/www.skamet.ee\/lt\/tooted\/pt-21640-pgl-bakas-su-dideliu-stiklu-40l-desineje\/\" \/>\n<meta property=\"og:site_name\" content=\"Skamet\" \/>\n<meta property=\"article:modified_time\" content=\"2026-01-27T18:53:17+00:00\" \/>\n<meta property=\"og:image\" content=\"https:\/\/www.skamet.ee\/wp-content\/uploads\/2024\/11\/PT-21640-PGL_ILU-330-1024x1024.png\" \/>\n\t<meta property=\"og:image:width\" content=\"1024\" \/>\n\t<meta property=\"og:image:height\" content=\"1024\" \/>\n\t<meta property=\"og:image:type\" content=\"image\/png\" \/>\n<meta name=\"twitter:card\" content=\"summary_large_image\" \/>\n<meta name=\"twitter:label1\" content=\"Est. reading time\" \/>\n\t<meta name=\"twitter:data1\" content=\"1 minute\" \/>\n<script type=\"application\/ld+json\" class=\"yoast-schema-graph\">{\"@context\":\"https:\/\/schema.org\",\"@graph\":[{\"@type\":\"WebPage\",\"@id\":\"https:\/\/www.skamet.ee\/lt\/tooted\/pt-21640-pgl-bakas-su-dideliu-stiklu-40l-desineje\/\",\"url\":\"https:\/\/www.skamet.ee\/lt\/tooted\/pt-21640-pgl-bakas-su-dideliu-stiklu-40l-desineje\/\",\"name\":\"PT-21640 PGL bakas su dideliu stiklu 40l de\u0161in\u0117je - Skamet\",\"isPartOf\":{\"@id\":\"https:\/\/www.skamet.ee\/#website\"},\"primaryImageOfPage\":{\"@id\":\"https:\/\/www.skamet.ee\/lt\/tooted\/pt-21640-pgl-bakas-su-dideliu-stiklu-40l-desineje\/#primaryimage\"},\"image\":{\"@id\":\"https:\/\/www.skamet.ee\/lt\/tooted\/pt-21640-pgl-bakas-su-dideliu-stiklu-40l-desineje\/#primaryimage\"},\"thumbnailUrl\":\"https:\/\/www.skamet.ee\/wp-content\/uploads\/2024\/11\/PT-21640-PGL_ILU-330.png\",\"datePublished\":\"2024-11-25T10:54:07+00:00\",\"dateModified\":\"2026-01-27T18:53:17+00:00\",\"breadcrumb\":{\"@id\":\"https:\/\/www.skamet.ee\/lt\/tooted\/pt-21640-pgl-bakas-su-dideliu-stiklu-40l-desineje\/#breadcrumb\"},\"inLanguage\":\"lt\",\"potentialAction\":[{\"@type\":\"ReadAction\",\"target\":[\"https:\/\/www.skamet.ee\/lt\/tooted\/pt-21640-pgl-bakas-su-dideliu-stiklu-40l-desineje\/\"]}]},{\"@type\":\"ImageObject\",\"inLanguage\":\"lt\",\"@id\":\"https:\/\/www.skamet.ee\/lt\/tooted\/pt-21640-pgl-bakas-su-dideliu-stiklu-40l-desineje\/#primaryimage\",\"url\":\"https:\/\/www.skamet.ee\/wp-content\/uploads\/2024\/11\/PT-21640-PGL_ILU-330.png\",\"contentUrl\":\"https:\/\/www.skamet.ee\/wp-content\/uploads\/2024\/11\/PT-21640-PGL_ILU-330.png\",\"width\":2048,\"height\":2046,\"caption\":\"PT 21640 PGL ILU 330\"},{\"@type\":\"BreadcrumbList\",\"@id\":\"https:\/\/www.skamet.ee\/lt\/tooted\/pt-21640-pgl-bakas-su-dideliu-stiklu-40l-desineje\/#breadcrumb\",\"itemListElement\":[{\"@type\":\"ListItem\",\"position\":1,\"name\":\"Home\",\"item\":\"https:\/\/www.skamet.ee\/fi\/\"},{\"@type\":\"ListItem\",\"position\":2,\"name\":\"Produktai\",\"item\":\"https:\/\/www.skamet.ee\/lt\/shop-2\/\"},{\"@type\":\"ListItem\",\"position\":3,\"name\":\"PT-21640 PGL bakas su dideliu stiklu 40l de\u0161in\u0117je\"}]},{\"@type\":\"WebSite\",\"@id\":\"https:\/\/www.skamet.ee\/#website\",\"url\":\"https:\/\/www.skamet.ee\/\",\"name\":\"Skamet O\u00dc\",\"description\":\"Efektiivsed puuk\u00fcttega saunaahjud Eesti tootjalt\",\"publisher\":{\"@id\":\"https:\/\/www.skamet.ee\/#organization\"},\"potentialAction\":[{\"@type\":\"SearchAction\",\"target\":{\"@type\":\"EntryPoint\",\"urlTemplate\":\"https:\/\/www.skamet.ee\/?s={search_term_string}\"},\"query-input\":{\"@type\":\"PropertyValueSpecification\",\"valueRequired\":true,\"valueName\":\"search_term_string\"}}],\"inLanguage\":\"lt\"},{\"@type\":\"Organization\",\"@id\":\"https:\/\/www.skamet.ee\/#organization\",\"name\":\"Skamet\",\"url\":\"https:\/\/www.skamet.ee\/\",\"logo\":{\"@type\":\"ImageObject\",\"inLanguage\":\"lt\",\"@id\":\"https:\/\/www.skamet.ee\/#\/schema\/logo\/image\/\",\"url\":\"https:\/\/www.skamet.ee\/wp-content\/uploads\/2015\/05\/logo-uus.png\",\"contentUrl\":\"https:\/\/www.skamet.ee\/wp-content\/uploads\/2015\/05\/logo-uus.png\",\"width\":300,\"height\":127,\"caption\":\"Skamet\"},\"image\":{\"@id\":\"https:\/\/www.skamet.ee\/#\/schema\/logo\/image\/\"}}]}<\/script>\n<!-- \/ Yoast SEO plugin. -->","yoast_head_json":{"title":"PT-21640 PGL bakas su dideliu stiklu 40l de\u0161in\u0117je - Skamet","robots":{"index":"index","follow":"follow","max-snippet":"max-snippet:-1","max-image-preview":"max-image-preview:large","max-video-preview":"max-video-preview:-1"},"canonical":"https:\/\/www.skamet.ee\/lt\/tooted\/pt-21640-pgl-bakas-su-dideliu-stiklu-40l-desineje\/","og_locale":"lt_LT","og_type":"article","og_title":"PT-21640 PGL bakas su dideliu stiklu 40l de\u0161in\u0117je - Skamet","og_description":"Krosnel\u0119 galima u\u017esisakyti su 40 litr\u0173 vandens baku i\u0161 juodo metalo arba i\u0161 ner\u016bdijan\u010dio plieno. Vandens bak\u0105 galima montuoti de\u0161in\u0117je","og_url":"https:\/\/www.skamet.ee\/lt\/tooted\/pt-21640-pgl-bakas-su-dideliu-stiklu-40l-desineje\/","og_site_name":"Skamet","article_modified_time":"2026-01-27T18:53:17+00:00","og_image":[{"width":1024,"height":1024,"url":"https:\/\/www.skamet.ee\/wp-content\/uploads\/2024\/11\/PT-21640-PGL_ILU-330-1024x1024.png","type":"image\/png"}],"twitter_card":"summary_large_image","twitter_misc":{"Est. reading time":"1 minute"},"schema":{"@context":"https:\/\/schema.org","@graph":[{"@type":"WebPage","@id":"https:\/\/www.skamet.ee\/lt\/tooted\/pt-21640-pgl-bakas-su-dideliu-stiklu-40l-desineje\/","url":"https:\/\/www.skamet.ee\/lt\/tooted\/pt-21640-pgl-bakas-su-dideliu-stiklu-40l-desineje\/","name":"PT-21640 PGL bakas su dideliu stiklu 40l de\u0161in\u0117je - Skamet","isPartOf":{"@id":"https:\/\/www.skamet.ee\/#website"},"primaryImageOfPage":{"@id":"https:\/\/www.skamet.ee\/lt\/tooted\/pt-21640-pgl-bakas-su-dideliu-stiklu-40l-desineje\/#primaryimage"},"image":{"@id":"https:\/\/www.skamet.ee\/lt\/tooted\/pt-21640-pgl-bakas-su-dideliu-stiklu-40l-desineje\/#primaryimage"},"thumbnailUrl":"https:\/\/www.skamet.ee\/wp-content\/uploads\/2024\/11\/PT-21640-PGL_ILU-330.png","datePublished":"2024-11-25T10:54:07+00:00","dateModified":"2026-01-27T18:53:17+00:00","breadcrumb":{"@id":"https:\/\/www.skamet.ee\/lt\/tooted\/pt-21640-pgl-bakas-su-dideliu-stiklu-40l-desineje\/#breadcrumb"},"inLanguage":"lt","potentialAction":[{"@type":"ReadAction","target":["https:\/\/www.skamet.ee\/lt\/tooted\/pt-21640-pgl-bakas-su-dideliu-stiklu-40l-desineje\/"]}]},{"@type":"ImageObject","inLanguage":"lt","@id":"https:\/\/www.skamet.ee\/lt\/tooted\/pt-21640-pgl-bakas-su-dideliu-stiklu-40l-desineje\/#primaryimage","url":"https:\/\/www.skamet.ee\/wp-content\/uploads\/2024\/11\/PT-21640-PGL_ILU-330.png","contentUrl":"https:\/\/www.skamet.ee\/wp-content\/uploads\/2024\/11\/PT-21640-PGL_ILU-330.png","width":2048,"height":2046,"caption":"PT 21640 PGL ILU 330"},{"@type":"BreadcrumbList","@id":"https:\/\/www.skamet.ee\/lt\/tooted\/pt-21640-pgl-bakas-su-dideliu-stiklu-40l-desineje\/#breadcrumb","itemListElement":[{"@type":"ListItem","position":1,"name":"Home","item":"https:\/\/www.skamet.ee\/fi\/"},{"@type":"ListItem","position":2,"name":"Produktai","item":"https:\/\/www.skamet.ee\/lt\/shop-2\/"},{"@type":"ListItem","position":3,"name":"PT-21640 PGL bakas su dideliu stiklu 40l de\u0161in\u0117je"}]},{"@type":"WebSite","@id":"https:\/\/www.skamet.ee\/#website","url":"https:\/\/www.skamet.ee\/","name":"Skamet O\u00dc","description":"Efektiivsed puuk\u00fcttega saunaahjud Eesti tootjalt","publisher":{"@id":"https:\/\/www.skamet.ee\/#organization"},"potentialAction":[{"@type":"SearchAction","target":{"@type":"EntryPoint","urlTemplate":"https:\/\/www.skamet.ee\/?s={search_term_string}"},"query-input":{"@type":"PropertyValueSpecification","valueRequired":true,"valueName":"search_term_string"}}],"inLanguage":"lt"},{"@type":"Organization","@id":"https:\/\/www.skamet.ee\/#organization","name":"Skamet","url":"https:\/\/www.skamet.ee\/","logo":{"@type":"ImageObject","inLanguage":"lt","@id":"https:\/\/www.skamet.ee\/#\/schema\/logo\/image\/","url":"https:\/\/www.skamet.ee\/wp-content\/uploads\/2015\/05\/logo-uus.png","contentUrl":"https:\/\/www.skamet.ee\/wp-content\/uploads\/2015\/05\/logo-uus.png","width":300,"height":127,"caption":"Skamet"},"image":{"@id":"https:\/\/www.skamet.ee\/#\/schema\/logo\/image\/"}}]}},"_links":{"self":[{"href":"https:\/\/www.skamet.ee\/lt\/wp-json\/wp\/v2\/product\/49206","targetHints":{"allow":["GET"]}}],"collection":[{"href":"https:\/\/www.skamet.ee\/lt\/wp-json\/wp\/v2\/product"}],"about":[{"href":"https:\/\/www.skamet.ee\/lt\/wp-json\/wp\/v2\/types\/product"}],"version-history":[{"count":1,"href":"https:\/\/www.skamet.ee\/lt\/wp-json\/wp\/v2\/product\/49206\/revisions"}],"predecessor-version":[{"id":54380,"href":"https:\/\/www.skamet.ee\/lt\/wp-json\/wp\/v2\/product\/49206\/revisions\/54380"}],"wp:featuredmedia":[{"embeddable":true,"href":"https:\/\/www.skamet.ee\/lt\/wp-json\/wp\/v2\/media\/45473"}],"wp:attachment":[{"href":"https:\/\/www.skamet.ee\/lt\/wp-json\/wp\/v2\/media?parent=49206"}],"wp:term":[{"taxonomy":"product_brand","embeddable":true,"href":"https:\/\/www.skamet.ee\/lt\/wp-json\/wp\/v2\/product_brand?post=49206"},{"taxonomy":"product_cat","embeddable":true,"href":"https:\/\/www.skamet.ee\/lt\/wp-json\/wp\/v2\/product_cat?post=49206"},{"taxonomy":"product_tag","embeddable":true,"href":"https:\/\/www.skamet.ee\/lt\/wp-json\/wp\/v2\/product_tag?post=49206"}],"curies":[{"name":"wp","href":"https:\/\/api.w.org\/{rel}","templated":true}]}}