{"id":49209,"date":"2024-11-25T12:26:39","date_gmt":"2024-11-25T10:26:39","guid":{"rendered":"https:\/\/www.skamet.ee\/tooted\/uncategorized\/p-21640-prv-nerudijancio-plieno-bakas-40l-desineje\/"},"modified":"2026-01-27T20:32:03","modified_gmt":"2026-01-27T18:32:03","slug":"p-21640-prv-nerudijancio-plieno-bakas-40l-desineje","status":"publish","type":"product","link":"https:\/\/www.skamet.ee\/lt\/tooted\/p-21640-prv-nerudijancio-plieno-bakas-40l-desineje\/","title":{"rendered":"P-21640 PRV ner\u016bdijan\u010dio plieno bakas 40l de\u0161in\u0117je"},"content":{"rendered":"<h3 data-start=\"98\" data-end=\"138\"><strong data-start=\"102\" data-end=\"138\">Standartinio gaminio parametrai:<\/strong><\/h3>\n<ul data-start=\"139\" data-end=\"341\">\n<li data-start=\"139\" data-end=\"160\">\n<p data-start=\"141\" data-end=\"160\">metalin\u0117s durel\u0117s<\/p>\n<\/li>\n<li data-start=\"161\" data-end=\"198\">\n<p data-start=\"163\" data-end=\"198\">d\u016bmtraukio prijungimas i\u0161 vir\u0161aus<\/p>\n<\/li>\n<li data-start=\"199\" data-end=\"258\">\n<p data-start=\"201\" data-end=\"258\"><strong data-start=\"201\" data-end=\"256\">40 l ner\u016bdijan\u010dio plieno bakas su dang\u010diu ir \u010diaupu<\/strong><\/p>\n<\/li>\n<li data-start=\"259\" data-end=\"292\">\n<p data-start=\"261\" data-end=\"292\">dureli\u0173 vyriai kair\u0117je pus\u0117je<\/p>\n<\/li>\n<li data-start=\"293\" data-end=\"341\">\n<p data-start=\"295\" data-end=\"341\">galimyb\u0117 \u012fsigyti dekoratyvin\u012f dureli\u0173 apvad\u0105<\/p>\n<\/li>\n<\/ul>\n<p>\ud83d\udcd8\u00a0<strong>Daugiau informacijos apie gamin\u012f rasite naudojimo<span style=\"color: #0000ff;\">\u00a0<a style=\"color: #0000ff;\" href=\"https:\/\/skamet.ee\/wp-content\/uploads\/2014\/04\/LT-RU-veeb-tabelid.pdf\">instrukcijoje.<\/a><\/span><\/strong><\/p>\n","protected":false},"excerpt":{"rendered":"<p>Standartinio gaminio parametrai: metalin\u0117s durel\u0117s d\u016bmtraukio prijungimas i\u0161 vir\u0161aus 40 l ner\u016bdijan\u010dio plieno bakas su dang\u010diu ir \u010diaupu dureli\u0173 vyriai<\/p>\n","protected":false},"featured_media":51065,"template":"","meta":{"_lmt_disableupdate":"","_lmt_disable":""},"product_brand":[],"product_cat":[1087],"product_tag":[],"class_list":{"0":"post-49209","1":"product","2":"type-product","3":"status-publish","4":"has-post-thumbnail","6":"product_cat-vidutines-orkaites-8-18-m3","8":"first","9":"instock","10":"shipping-taxable","11":"product-type-simple"},"yoast_head":"<!-- This site is optimized with the Yoast SEO plugin v27.0 - https:\/\/yoast.com\/product\/yoast-seo-wordpress\/ -->\n<title>P-21640 PRV ner\u016bdijan\u010dio plieno bakas 40l de\u0161in\u0117je - Skamet<\/title>\n<meta name=\"robots\" content=\"index, follow, max-snippet:-1, max-image-preview:large, max-video-preview:-1\" \/>\n<link rel=\"canonical\" href=\"https:\/\/www.skamet.ee\/lt\/tooted\/p-21640-prv-nerudijancio-plieno-bakas-40l-desineje\/\" \/>\n<meta property=\"og:locale\" content=\"lt_LT\" \/>\n<meta property=\"og:type\" content=\"article\" \/>\n<meta property=\"og:title\" content=\"P-21640 PRV ner\u016bdijan\u010dio plieno bakas 40l de\u0161in\u0117je - Skamet\" \/>\n<meta property=\"og:description\" content=\"Standartinio gaminio parametrai: metalin\u0117s durel\u0117s d\u016bmtraukio prijungimas i\u0161 vir\u0161aus 40 l ner\u016bdijan\u010dio plieno bakas su dang\u010diu ir \u010diaupu dureli\u0173 vyriai\" \/>\n<meta property=\"og:url\" content=\"https:\/\/www.skamet.ee\/lt\/tooted\/p-21640-prv-nerudijancio-plieno-bakas-40l-desineje\/\" \/>\n<meta property=\"og:site_name\" content=\"Skamet\" \/>\n<meta property=\"article:modified_time\" content=\"2026-01-27T18:32:03+00:00\" \/>\n<meta property=\"og:image\" content=\"https:\/\/www.skamet.ee\/wp-content\/uploads\/2024\/11\/P-21640-PRVGL-scaled.jpg\" \/>\n\t<meta property=\"og:image:width\" content=\"1708\" \/>\n\t<meta property=\"og:image:height\" content=\"2560\" \/>\n\t<meta property=\"og:image:type\" content=\"image\/jpeg\" \/>\n<meta name=\"twitter:card\" content=\"summary_large_image\" \/>\n<script type=\"application\/ld+json\" class=\"yoast-schema-graph\">{\"@context\":\"https:\/\/schema.org\",\"@graph\":[{\"@type\":\"WebPage\",\"@id\":\"https:\/\/www.skamet.ee\/lt\/tooted\/p-21640-prv-nerudijancio-plieno-bakas-40l-desineje\/\",\"url\":\"https:\/\/www.skamet.ee\/lt\/tooted\/p-21640-prv-nerudijancio-plieno-bakas-40l-desineje\/\",\"name\":\"P-21640 PRV ner\u016bdijan\u010dio plieno bakas 40l de\u0161in\u0117je - Skamet\",\"isPartOf\":{\"@id\":\"https:\/\/www.skamet.ee\/#website\"},\"primaryImageOfPage\":{\"@id\":\"https:\/\/www.skamet.ee\/lt\/tooted\/p-21640-prv-nerudijancio-plieno-bakas-40l-desineje\/#primaryimage\"},\"image\":{\"@id\":\"https:\/\/www.skamet.ee\/lt\/tooted\/p-21640-prv-nerudijancio-plieno-bakas-40l-desineje\/#primaryimage\"},\"thumbnailUrl\":\"https:\/\/www.skamet.ee\/wp-content\/uploads\/2024\/11\/P-21640-PRVGL-scaled.jpg\",\"datePublished\":\"2024-11-25T10:26:39+00:00\",\"dateModified\":\"2026-01-27T18:32:03+00:00\",\"breadcrumb\":{\"@id\":\"https:\/\/www.skamet.ee\/lt\/tooted\/p-21640-prv-nerudijancio-plieno-bakas-40l-desineje\/#breadcrumb\"},\"inLanguage\":\"lt\",\"potentialAction\":[{\"@type\":\"ReadAction\",\"target\":[\"https:\/\/www.skamet.ee\/lt\/tooted\/p-21640-prv-nerudijancio-plieno-bakas-40l-desineje\/\"]}]},{\"@type\":\"ImageObject\",\"inLanguage\":\"lt\",\"@id\":\"https:\/\/www.skamet.ee\/lt\/tooted\/p-21640-prv-nerudijancio-plieno-bakas-40l-desineje\/#primaryimage\",\"url\":\"https:\/\/www.skamet.ee\/wp-content\/uploads\/2024\/11\/P-21640-PRVGL-scaled.jpg\",\"contentUrl\":\"https:\/\/www.skamet.ee\/wp-content\/uploads\/2024\/11\/P-21640-PRVGL-scaled.jpg\",\"width\":1708,\"height\":2560,\"caption\":\"P 21640 PRVGL scaled\"},{\"@type\":\"BreadcrumbList\",\"@id\":\"https:\/\/www.skamet.ee\/lt\/tooted\/p-21640-prv-nerudijancio-plieno-bakas-40l-desineje\/#breadcrumb\",\"itemListElement\":[{\"@type\":\"ListItem\",\"position\":1,\"name\":\"Home\",\"item\":\"https:\/\/www.skamet.ee\/fi\/\"},{\"@type\":\"ListItem\",\"position\":2,\"name\":\"Produktai\",\"item\":\"https:\/\/www.skamet.ee\/lt\/shop-2\/\"},{\"@type\":\"ListItem\",\"position\":3,\"name\":\"P-21640 PRV ner\u016bdijan\u010dio plieno bakas 40l de\u0161in\u0117je\"}]},{\"@type\":\"WebSite\",\"@id\":\"https:\/\/www.skamet.ee\/#website\",\"url\":\"https:\/\/www.skamet.ee\/\",\"name\":\"Skamet O\u00dc\",\"description\":\"Efektiivsed puuk\u00fcttega saunaahjud Eesti tootjalt\",\"publisher\":{\"@id\":\"https:\/\/www.skamet.ee\/#organization\"},\"potentialAction\":[{\"@type\":\"SearchAction\",\"target\":{\"@type\":\"EntryPoint\",\"urlTemplate\":\"https:\/\/www.skamet.ee\/?s={search_term_string}\"},\"query-input\":{\"@type\":\"PropertyValueSpecification\",\"valueRequired\":true,\"valueName\":\"search_term_string\"}}],\"inLanguage\":\"lt\"},{\"@type\":\"Organization\",\"@id\":\"https:\/\/www.skamet.ee\/#organization\",\"name\":\"Skamet\",\"url\":\"https:\/\/www.skamet.ee\/\",\"logo\":{\"@type\":\"ImageObject\",\"inLanguage\":\"lt\",\"@id\":\"https:\/\/www.skamet.ee\/#\/schema\/logo\/image\/\",\"url\":\"https:\/\/www.skamet.ee\/wp-content\/uploads\/2015\/05\/logo-uus.png\",\"contentUrl\":\"https:\/\/www.skamet.ee\/wp-content\/uploads\/2015\/05\/logo-uus.png\",\"width\":300,\"height\":127,\"caption\":\"Skamet\"},\"image\":{\"@id\":\"https:\/\/www.skamet.ee\/#\/schema\/logo\/image\/\"}}]}<\/script>\n<!-- \/ Yoast SEO plugin. -->","yoast_head_json":{"title":"P-21640 PRV ner\u016bdijan\u010dio plieno bakas 40l de\u0161in\u0117je - Skamet","robots":{"index":"index","follow":"follow","max-snippet":"max-snippet:-1","max-image-preview":"max-image-preview:large","max-video-preview":"max-video-preview:-1"},"canonical":"https:\/\/www.skamet.ee\/lt\/tooted\/p-21640-prv-nerudijancio-plieno-bakas-40l-desineje\/","og_locale":"lt_LT","og_type":"article","og_title":"P-21640 PRV ner\u016bdijan\u010dio plieno bakas 40l de\u0161in\u0117je - Skamet","og_description":"Standartinio gaminio parametrai: metalin\u0117s durel\u0117s d\u016bmtraukio prijungimas i\u0161 vir\u0161aus 40 l ner\u016bdijan\u010dio plieno bakas su dang\u010diu ir \u010diaupu dureli\u0173 vyriai","og_url":"https:\/\/www.skamet.ee\/lt\/tooted\/p-21640-prv-nerudijancio-plieno-bakas-40l-desineje\/","og_site_name":"Skamet","article_modified_time":"2026-01-27T18:32:03+00:00","og_image":[{"width":1708,"height":2560,"url":"https:\/\/www.skamet.ee\/wp-content\/uploads\/2024\/11\/P-21640-PRVGL-scaled.jpg","type":"image\/jpeg"}],"twitter_card":"summary_large_image","schema":{"@context":"https:\/\/schema.org","@graph":[{"@type":"WebPage","@id":"https:\/\/www.skamet.ee\/lt\/tooted\/p-21640-prv-nerudijancio-plieno-bakas-40l-desineje\/","url":"https:\/\/www.skamet.ee\/lt\/tooted\/p-21640-prv-nerudijancio-plieno-bakas-40l-desineje\/","name":"P-21640 PRV ner\u016bdijan\u010dio plieno bakas 40l de\u0161in\u0117je - Skamet","isPartOf":{"@id":"https:\/\/www.skamet.ee\/#website"},"primaryImageOfPage":{"@id":"https:\/\/www.skamet.ee\/lt\/tooted\/p-21640-prv-nerudijancio-plieno-bakas-40l-desineje\/#primaryimage"},"image":{"@id":"https:\/\/www.skamet.ee\/lt\/tooted\/p-21640-prv-nerudijancio-plieno-bakas-40l-desineje\/#primaryimage"},"thumbnailUrl":"https:\/\/www.skamet.ee\/wp-content\/uploads\/2024\/11\/P-21640-PRVGL-scaled.jpg","datePublished":"2024-11-25T10:26:39+00:00","dateModified":"2026-01-27T18:32:03+00:00","breadcrumb":{"@id":"https:\/\/www.skamet.ee\/lt\/tooted\/p-21640-prv-nerudijancio-plieno-bakas-40l-desineje\/#breadcrumb"},"inLanguage":"lt","potentialAction":[{"@type":"ReadAction","target":["https:\/\/www.skamet.ee\/lt\/tooted\/p-21640-prv-nerudijancio-plieno-bakas-40l-desineje\/"]}]},{"@type":"ImageObject","inLanguage":"lt","@id":"https:\/\/www.skamet.ee\/lt\/tooted\/p-21640-prv-nerudijancio-plieno-bakas-40l-desineje\/#primaryimage","url":"https:\/\/www.skamet.ee\/wp-content\/uploads\/2024\/11\/P-21640-PRVGL-scaled.jpg","contentUrl":"https:\/\/www.skamet.ee\/wp-content\/uploads\/2024\/11\/P-21640-PRVGL-scaled.jpg","width":1708,"height":2560,"caption":"P 21640 PRVGL scaled"},{"@type":"BreadcrumbList","@id":"https:\/\/www.skamet.ee\/lt\/tooted\/p-21640-prv-nerudijancio-plieno-bakas-40l-desineje\/#breadcrumb","itemListElement":[{"@type":"ListItem","position":1,"name":"Home","item":"https:\/\/www.skamet.ee\/fi\/"},{"@type":"ListItem","position":2,"name":"Produktai","item":"https:\/\/www.skamet.ee\/lt\/shop-2\/"},{"@type":"ListItem","position":3,"name":"P-21640 PRV ner\u016bdijan\u010dio plieno bakas 40l de\u0161in\u0117je"}]},{"@type":"WebSite","@id":"https:\/\/www.skamet.ee\/#website","url":"https:\/\/www.skamet.ee\/","name":"Skamet O\u00dc","description":"Efektiivsed puuk\u00fcttega saunaahjud Eesti tootjalt","publisher":{"@id":"https:\/\/www.skamet.ee\/#organization"},"potentialAction":[{"@type":"SearchAction","target":{"@type":"EntryPoint","urlTemplate":"https:\/\/www.skamet.ee\/?s={search_term_string}"},"query-input":{"@type":"PropertyValueSpecification","valueRequired":true,"valueName":"search_term_string"}}],"inLanguage":"lt"},{"@type":"Organization","@id":"https:\/\/www.skamet.ee\/#organization","name":"Skamet","url":"https:\/\/www.skamet.ee\/","logo":{"@type":"ImageObject","inLanguage":"lt","@id":"https:\/\/www.skamet.ee\/#\/schema\/logo\/image\/","url":"https:\/\/www.skamet.ee\/wp-content\/uploads\/2015\/05\/logo-uus.png","contentUrl":"https:\/\/www.skamet.ee\/wp-content\/uploads\/2015\/05\/logo-uus.png","width":300,"height":127,"caption":"Skamet"},"image":{"@id":"https:\/\/www.skamet.ee\/#\/schema\/logo\/image\/"}}]}},"_links":{"self":[{"href":"https:\/\/www.skamet.ee\/lt\/wp-json\/wp\/v2\/product\/49209","targetHints":{"allow":["GET"]}}],"collection":[{"href":"https:\/\/www.skamet.ee\/lt\/wp-json\/wp\/v2\/product"}],"about":[{"href":"https:\/\/www.skamet.ee\/lt\/wp-json\/wp\/v2\/types\/product"}],"version-history":[{"count":1,"href":"https:\/\/www.skamet.ee\/lt\/wp-json\/wp\/v2\/product\/49209\/revisions"}],"predecessor-version":[{"id":54373,"href":"https:\/\/www.skamet.ee\/lt\/wp-json\/wp\/v2\/product\/49209\/revisions\/54373"}],"wp:featuredmedia":[{"embeddable":true,"href":"https:\/\/www.skamet.ee\/lt\/wp-json\/wp\/v2\/media\/51065"}],"wp:attachment":[{"href":"https:\/\/www.skamet.ee\/lt\/wp-json\/wp\/v2\/media?parent=49209"}],"wp:term":[{"taxonomy":"product_brand","embeddable":true,"href":"https:\/\/www.skamet.ee\/lt\/wp-json\/wp\/v2\/product_brand?post=49209"},{"taxonomy":"product_cat","embeddable":true,"href":"https:\/\/www.skamet.ee\/lt\/wp-json\/wp\/v2\/product_cat?post=49209"},{"taxonomy":"product_tag","embeddable":true,"href":"https:\/\/www.skamet.ee\/lt\/wp-json\/wp\/v2\/product_tag?post=49209"}],"curies":[{"name":"wp","href":"https:\/\/api.w.org\/{rel}","templated":true}]}}