{"id":49213,"date":"2024-11-22T15:27:56","date_gmt":"2024-11-22T13:27:56","guid":{"rendered":"https:\/\/www.skamet.ee\/tooted\/uncategorized\/p-216-bv-katilo-pajungimas-paliktas\/"},"modified":"2026-01-27T20:24:18","modified_gmt":"2026-01-27T18:24:18","slug":"p-216-bv-katilo-pajungimas-paliktas","status":"publish","type":"product","link":"https:\/\/www.skamet.ee\/lt\/tooted\/p-216-bv-katilo-pajungimas-paliktas\/","title":{"rendered":"P-216 BV katilo pajungimas paliktas"},"content":{"rendered":"<h3 data-start=\"98\" data-end=\"138\"><strong data-start=\"102\" data-end=\"138\">Standartinio gaminio parametrai:<\/strong><\/h3>\n<ul data-start=\"139\" data-end=\"321\">\n<li data-start=\"139\" data-end=\"160\">\n<p data-start=\"141\" data-end=\"160\">metalin\u0117s durel\u0117s<\/p>\n<\/li>\n<li data-start=\"161\" data-end=\"198\">\n<p data-start=\"163\" data-end=\"198\">d\u016bmtraukio prijungimas i\u0161 vir\u0161aus<\/p>\n<\/li>\n<li data-start=\"199\" data-end=\"238\">\n<p data-start=\"201\" data-end=\"238\">boilerio prijungimas kair\u0117je pus\u0117je<\/p>\n<\/li>\n<li data-start=\"239\" data-end=\"272\">\n<p data-start=\"241\" data-end=\"272\">dureli\u0173 vyriai kair\u0117je pus\u0117je<\/p>\n<\/li>\n<li data-start=\"273\" data-end=\"321\">\n<p data-start=\"275\" data-end=\"321\">galimyb\u0117 \u012fsigyti dekoratyvin\u012f dureli\u0173 apvad\u0105<\/p>\n<\/li>\n<\/ul>\n<p>\ud83d\udcd8\u00a0<strong>Daugiau informacijos apie gamin\u012f rasite naudojimo<span style=\"color: #0000ff;\">\u00a0<a style=\"color: #0000ff;\" href=\"https:\/\/skamet.ee\/wp-content\/uploads\/2014\/04\/LT-RU-veeb-tabelid.pdf\">instrukcijoje.<\/a><\/span><\/strong><\/p>\n","protected":false},"excerpt":{"rendered":"<p>Standartinio gaminio parametrai: metalin\u0117s durel\u0117s d\u016bmtraukio prijungimas i\u0161 vir\u0161aus boilerio prijungimas kair\u0117je pus\u0117je dureli\u0173 vyriai kair\u0117je pus\u0117je galimyb\u0117 \u012fsigyti dekoratyvin\u012f<\/p>\n","protected":false},"featured_media":49479,"template":"","meta":{"_lmt_disableupdate":"","_lmt_disable":""},"product_brand":[],"product_cat":[1087],"product_tag":[],"class_list":{"0":"post-49213","1":"product","2":"type-product","3":"status-publish","4":"has-post-thumbnail","6":"product_cat-vidutines-orkaites-8-18-m3","8":"first","9":"instock","10":"shipping-taxable","11":"product-type-simple"},"yoast_head":"<!-- This site is optimized with the Yoast SEO plugin v27.0 - https:\/\/yoast.com\/product\/yoast-seo-wordpress\/ -->\n<title>P-216 BV katilo pajungimas paliktas - Skamet<\/title>\n<meta name=\"robots\" content=\"index, follow, max-snippet:-1, max-image-preview:large, max-video-preview:-1\" \/>\n<link rel=\"canonical\" href=\"https:\/\/www.skamet.ee\/lt\/tooted\/p-216-bv-katilo-pajungimas-paliktas\/\" \/>\n<meta property=\"og:locale\" content=\"lt_LT\" \/>\n<meta property=\"og:type\" content=\"article\" \/>\n<meta property=\"og:title\" content=\"P-216 BV katilo pajungimas paliktas - Skamet\" \/>\n<meta property=\"og:description\" content=\"Standartinio gaminio parametrai: metalin\u0117s durel\u0117s d\u016bmtraukio prijungimas i\u0161 vir\u0161aus boilerio prijungimas kair\u0117je pus\u0117je dureli\u0173 vyriai kair\u0117je pus\u0117je galimyb\u0117 \u012fsigyti dekoratyvin\u012f\" \/>\n<meta property=\"og:url\" content=\"https:\/\/www.skamet.ee\/lt\/tooted\/p-216-bv-katilo-pajungimas-paliktas\/\" \/>\n<meta property=\"og:site_name\" content=\"Skamet\" \/>\n<meta property=\"article:modified_time\" content=\"2026-01-27T18:24:18+00:00\" \/>\n<meta property=\"og:image\" content=\"https:\/\/www.skamet.ee\/wp-content\/uploads\/2024\/11\/P-216-BV_ilu-scaled.jpg\" \/>\n\t<meta property=\"og:image:width\" content=\"1708\" \/>\n\t<meta property=\"og:image:height\" content=\"2560\" \/>\n\t<meta property=\"og:image:type\" content=\"image\/jpeg\" \/>\n<meta name=\"twitter:card\" content=\"summary_large_image\" \/>\n<script type=\"application\/ld+json\" class=\"yoast-schema-graph\">{\"@context\":\"https:\/\/schema.org\",\"@graph\":[{\"@type\":\"WebPage\",\"@id\":\"https:\/\/www.skamet.ee\/lt\/tooted\/p-216-bv-katilo-pajungimas-paliktas\/\",\"url\":\"https:\/\/www.skamet.ee\/lt\/tooted\/p-216-bv-katilo-pajungimas-paliktas\/\",\"name\":\"P-216 BV katilo pajungimas paliktas - Skamet\",\"isPartOf\":{\"@id\":\"https:\/\/www.skamet.ee\/#website\"},\"primaryImageOfPage\":{\"@id\":\"https:\/\/www.skamet.ee\/lt\/tooted\/p-216-bv-katilo-pajungimas-paliktas\/#primaryimage\"},\"image\":{\"@id\":\"https:\/\/www.skamet.ee\/lt\/tooted\/p-216-bv-katilo-pajungimas-paliktas\/#primaryimage\"},\"thumbnailUrl\":\"https:\/\/www.skamet.ee\/wp-content\/uploads\/2024\/11\/P-216-BV_ilu-scaled.jpg\",\"datePublished\":\"2024-11-22T13:27:56+00:00\",\"dateModified\":\"2026-01-27T18:24:18+00:00\",\"breadcrumb\":{\"@id\":\"https:\/\/www.skamet.ee\/lt\/tooted\/p-216-bv-katilo-pajungimas-paliktas\/#breadcrumb\"},\"inLanguage\":\"lt\",\"potentialAction\":[{\"@type\":\"ReadAction\",\"target\":[\"https:\/\/www.skamet.ee\/lt\/tooted\/p-216-bv-katilo-pajungimas-paliktas\/\"]}]},{\"@type\":\"ImageObject\",\"inLanguage\":\"lt\",\"@id\":\"https:\/\/www.skamet.ee\/lt\/tooted\/p-216-bv-katilo-pajungimas-paliktas\/#primaryimage\",\"url\":\"https:\/\/www.skamet.ee\/wp-content\/uploads\/2024\/11\/P-216-BV_ilu-scaled.jpg\",\"contentUrl\":\"https:\/\/www.skamet.ee\/wp-content\/uploads\/2024\/11\/P-216-BV_ilu-scaled.jpg\",\"width\":1708,\"height\":2560,\"caption\":\"P 216 BV ilu scaled\"},{\"@type\":\"BreadcrumbList\",\"@id\":\"https:\/\/www.skamet.ee\/lt\/tooted\/p-216-bv-katilo-pajungimas-paliktas\/#breadcrumb\",\"itemListElement\":[{\"@type\":\"ListItem\",\"position\":1,\"name\":\"Home\",\"item\":\"https:\/\/www.skamet.ee\/fi\/\"},{\"@type\":\"ListItem\",\"position\":2,\"name\":\"Produktai\",\"item\":\"https:\/\/www.skamet.ee\/lt\/shop-2\/\"},{\"@type\":\"ListItem\",\"position\":3,\"name\":\"P-216 BV katilo pajungimas paliktas\"}]},{\"@type\":\"WebSite\",\"@id\":\"https:\/\/www.skamet.ee\/#website\",\"url\":\"https:\/\/www.skamet.ee\/\",\"name\":\"Skamet O\u00dc\",\"description\":\"Efektiivsed puuk\u00fcttega saunaahjud Eesti tootjalt\",\"publisher\":{\"@id\":\"https:\/\/www.skamet.ee\/#organization\"},\"potentialAction\":[{\"@type\":\"SearchAction\",\"target\":{\"@type\":\"EntryPoint\",\"urlTemplate\":\"https:\/\/www.skamet.ee\/?s={search_term_string}\"},\"query-input\":{\"@type\":\"PropertyValueSpecification\",\"valueRequired\":true,\"valueName\":\"search_term_string\"}}],\"inLanguage\":\"lt\"},{\"@type\":\"Organization\",\"@id\":\"https:\/\/www.skamet.ee\/#organization\",\"name\":\"Skamet\",\"url\":\"https:\/\/www.skamet.ee\/\",\"logo\":{\"@type\":\"ImageObject\",\"inLanguage\":\"lt\",\"@id\":\"https:\/\/www.skamet.ee\/#\/schema\/logo\/image\/\",\"url\":\"https:\/\/www.skamet.ee\/wp-content\/uploads\/2015\/05\/logo-uus.png\",\"contentUrl\":\"https:\/\/www.skamet.ee\/wp-content\/uploads\/2015\/05\/logo-uus.png\",\"width\":300,\"height\":127,\"caption\":\"Skamet\"},\"image\":{\"@id\":\"https:\/\/www.skamet.ee\/#\/schema\/logo\/image\/\"}}]}<\/script>\n<!-- \/ Yoast SEO plugin. -->","yoast_head_json":{"title":"P-216 BV katilo pajungimas paliktas - Skamet","robots":{"index":"index","follow":"follow","max-snippet":"max-snippet:-1","max-image-preview":"max-image-preview:large","max-video-preview":"max-video-preview:-1"},"canonical":"https:\/\/www.skamet.ee\/lt\/tooted\/p-216-bv-katilo-pajungimas-paliktas\/","og_locale":"lt_LT","og_type":"article","og_title":"P-216 BV katilo pajungimas paliktas - Skamet","og_description":"Standartinio gaminio parametrai: metalin\u0117s durel\u0117s d\u016bmtraukio prijungimas i\u0161 vir\u0161aus boilerio prijungimas kair\u0117je pus\u0117je dureli\u0173 vyriai kair\u0117je pus\u0117je galimyb\u0117 \u012fsigyti dekoratyvin\u012f","og_url":"https:\/\/www.skamet.ee\/lt\/tooted\/p-216-bv-katilo-pajungimas-paliktas\/","og_site_name":"Skamet","article_modified_time":"2026-01-27T18:24:18+00:00","og_image":[{"width":1708,"height":2560,"url":"https:\/\/www.skamet.ee\/wp-content\/uploads\/2024\/11\/P-216-BV_ilu-scaled.jpg","type":"image\/jpeg"}],"twitter_card":"summary_large_image","schema":{"@context":"https:\/\/schema.org","@graph":[{"@type":"WebPage","@id":"https:\/\/www.skamet.ee\/lt\/tooted\/p-216-bv-katilo-pajungimas-paliktas\/","url":"https:\/\/www.skamet.ee\/lt\/tooted\/p-216-bv-katilo-pajungimas-paliktas\/","name":"P-216 BV katilo pajungimas paliktas - Skamet","isPartOf":{"@id":"https:\/\/www.skamet.ee\/#website"},"primaryImageOfPage":{"@id":"https:\/\/www.skamet.ee\/lt\/tooted\/p-216-bv-katilo-pajungimas-paliktas\/#primaryimage"},"image":{"@id":"https:\/\/www.skamet.ee\/lt\/tooted\/p-216-bv-katilo-pajungimas-paliktas\/#primaryimage"},"thumbnailUrl":"https:\/\/www.skamet.ee\/wp-content\/uploads\/2024\/11\/P-216-BV_ilu-scaled.jpg","datePublished":"2024-11-22T13:27:56+00:00","dateModified":"2026-01-27T18:24:18+00:00","breadcrumb":{"@id":"https:\/\/www.skamet.ee\/lt\/tooted\/p-216-bv-katilo-pajungimas-paliktas\/#breadcrumb"},"inLanguage":"lt","potentialAction":[{"@type":"ReadAction","target":["https:\/\/www.skamet.ee\/lt\/tooted\/p-216-bv-katilo-pajungimas-paliktas\/"]}]},{"@type":"ImageObject","inLanguage":"lt","@id":"https:\/\/www.skamet.ee\/lt\/tooted\/p-216-bv-katilo-pajungimas-paliktas\/#primaryimage","url":"https:\/\/www.skamet.ee\/wp-content\/uploads\/2024\/11\/P-216-BV_ilu-scaled.jpg","contentUrl":"https:\/\/www.skamet.ee\/wp-content\/uploads\/2024\/11\/P-216-BV_ilu-scaled.jpg","width":1708,"height":2560,"caption":"P 216 BV ilu scaled"},{"@type":"BreadcrumbList","@id":"https:\/\/www.skamet.ee\/lt\/tooted\/p-216-bv-katilo-pajungimas-paliktas\/#breadcrumb","itemListElement":[{"@type":"ListItem","position":1,"name":"Home","item":"https:\/\/www.skamet.ee\/fi\/"},{"@type":"ListItem","position":2,"name":"Produktai","item":"https:\/\/www.skamet.ee\/lt\/shop-2\/"},{"@type":"ListItem","position":3,"name":"P-216 BV katilo pajungimas paliktas"}]},{"@type":"WebSite","@id":"https:\/\/www.skamet.ee\/#website","url":"https:\/\/www.skamet.ee\/","name":"Skamet O\u00dc","description":"Efektiivsed puuk\u00fcttega saunaahjud Eesti tootjalt","publisher":{"@id":"https:\/\/www.skamet.ee\/#organization"},"potentialAction":[{"@type":"SearchAction","target":{"@type":"EntryPoint","urlTemplate":"https:\/\/www.skamet.ee\/?s={search_term_string}"},"query-input":{"@type":"PropertyValueSpecification","valueRequired":true,"valueName":"search_term_string"}}],"inLanguage":"lt"},{"@type":"Organization","@id":"https:\/\/www.skamet.ee\/#organization","name":"Skamet","url":"https:\/\/www.skamet.ee\/","logo":{"@type":"ImageObject","inLanguage":"lt","@id":"https:\/\/www.skamet.ee\/#\/schema\/logo\/image\/","url":"https:\/\/www.skamet.ee\/wp-content\/uploads\/2015\/05\/logo-uus.png","contentUrl":"https:\/\/www.skamet.ee\/wp-content\/uploads\/2015\/05\/logo-uus.png","width":300,"height":127,"caption":"Skamet"},"image":{"@id":"https:\/\/www.skamet.ee\/#\/schema\/logo\/image\/"}}]}},"_links":{"self":[{"href":"https:\/\/www.skamet.ee\/lt\/wp-json\/wp\/v2\/product\/49213","targetHints":{"allow":["GET"]}}],"collection":[{"href":"https:\/\/www.skamet.ee\/lt\/wp-json\/wp\/v2\/product"}],"about":[{"href":"https:\/\/www.skamet.ee\/lt\/wp-json\/wp\/v2\/types\/product"}],"version-history":[{"count":1,"href":"https:\/\/www.skamet.ee\/lt\/wp-json\/wp\/v2\/product\/49213\/revisions"}],"predecessor-version":[{"id":54371,"href":"https:\/\/www.skamet.ee\/lt\/wp-json\/wp\/v2\/product\/49213\/revisions\/54371"}],"wp:featuredmedia":[{"embeddable":true,"href":"https:\/\/www.skamet.ee\/lt\/wp-json\/wp\/v2\/media\/49479"}],"wp:attachment":[{"href":"https:\/\/www.skamet.ee\/lt\/wp-json\/wp\/v2\/media?parent=49213"}],"wp:term":[{"taxonomy":"product_brand","embeddable":true,"href":"https:\/\/www.skamet.ee\/lt\/wp-json\/wp\/v2\/product_brand?post=49213"},{"taxonomy":"product_cat","embeddable":true,"href":"https:\/\/www.skamet.ee\/lt\/wp-json\/wp\/v2\/product_cat?post=49213"},{"taxonomy":"product_tag","embeddable":true,"href":"https:\/\/www.skamet.ee\/lt\/wp-json\/wp\/v2\/product_tag?post=49213"}],"curies":[{"name":"wp","href":"https:\/\/api.w.org\/{rel}","templated":true}]}}