{"id":49219,"date":"2024-11-22T12:52:55","date_gmt":"2024-11-22T10:52:55","guid":{"rendered":"https:\/\/www.skamet.ee\/tooted\/uncategorized\/p-12040-vrv-nerudijancio-plieno-bakas-40l-kaireje\/"},"modified":"2026-01-27T19:51:13","modified_gmt":"2026-01-27T17:51:13","slug":"p-12040-vrv-nerudijancio-plieno-bakas-40l-kaireje","status":"publish","type":"product","link":"https:\/\/www.skamet.ee\/lt\/tooted\/p-12040-vrv-nerudijancio-plieno-bakas-40l-kaireje\/","title":{"rendered":"P-12040 VRV ner\u016bdijan\u010dio plieno bakas 40l kair\u0117je"},"content":{"rendered":"<h3 data-start=\"98\" data-end=\"138\"><strong data-start=\"102\" data-end=\"138\">Standartinio gaminio parametrai:<\/strong><\/h3>\n<ul data-start=\"139\" data-end=\"334\">\n<li data-start=\"139\" data-end=\"160\">\n<p data-start=\"141\" data-end=\"160\">metalin\u0117s durel\u0117s<\/p>\n<\/li>\n<li data-start=\"161\" data-end=\"209\">\n<p data-start=\"163\" data-end=\"209\">d\u016bmtraukio prijungimas i\u0161 vir\u0161aus ir i\u0161 galo<\/p>\n<\/li>\n<li data-start=\"210\" data-end=\"255\">\n<p data-start=\"212\" data-end=\"255\">da\u017eyta kar\u0161\u010diui atspariais juodais da\u017eais<\/p>\n<\/li>\n<li data-start=\"256\" data-end=\"289\">\n<p data-start=\"258\" data-end=\"289\">dureli\u0173 vyriai kair\u0117je pus\u0117je<\/p>\n<\/li>\n<li data-start=\"290\" data-end=\"334\">\n<p data-start=\"292\" data-end=\"334\">40 l juodo metalo bakas su juodu dang\u010diu<\/p>\n<\/li>\n<\/ul>\n<p data-start=\"92\" data-end=\"147\">Krosnel\u0117s vandens bak\u0105 galima nuimti arba pakeisti.<\/p>\n<p data-start=\"149\" data-end=\"336\">\n<p>\ud83d\udcd8\u00a0<strong>Daugiau informacijos apie gamin\u012f rasite naudojimo\u00a0<span style=\"color: #0000ff;\"><a style=\"color: #0000ff;\" href=\"https:\/\/skamet.ee\/wp-content\/uploads\/2014\/04\/LT-RU-veeb-tabelid.pdf\">instrukcijoje.<\/a><\/span><\/strong><\/p>\n","protected":false},"excerpt":{"rendered":"<p>Standartinio gaminio parametrai: metalin\u0117s durel\u0117s d\u016bmtraukio prijungimas i\u0161 vir\u0161aus ir i\u0161 galo da\u017eyta kar\u0161\u010diui atspariais juodais da\u017eais dureli\u0173 vyriai kair\u0117je<\/p>\n","protected":false},"featured_media":45412,"template":"","meta":{"_lmt_disableupdate":"","_lmt_disable":""},"product_brand":[],"product_cat":[1091],"product_tag":[],"class_list":{"0":"post-49219","1":"product","2":"type-product","3":"status-publish","4":"has-post-thumbnail","6":"product_cat-pirties-krosnys-16-25-m3-lt","8":"first","9":"instock","10":"shipping-taxable","11":"product-type-simple"},"yoast_head":"<!-- This site is optimized with the Yoast SEO plugin v27.0 - https:\/\/yoast.com\/product\/yoast-seo-wordpress\/ -->\n<title>P-12040 VRV ner\u016bdijan\u010dio plieno bakas 40l kair\u0117je - Skamet<\/title>\n<meta name=\"robots\" content=\"index, follow, max-snippet:-1, max-image-preview:large, max-video-preview:-1\" \/>\n<link rel=\"canonical\" href=\"https:\/\/www.skamet.ee\/lt\/tooted\/p-12040-vrv-nerudijancio-plieno-bakas-40l-kaireje\/\" \/>\n<meta property=\"og:locale\" content=\"lt_LT\" \/>\n<meta property=\"og:type\" content=\"article\" \/>\n<meta property=\"og:title\" content=\"P-12040 VRV ner\u016bdijan\u010dio plieno bakas 40l kair\u0117je - Skamet\" \/>\n<meta property=\"og:description\" content=\"Standartinio gaminio parametrai: metalin\u0117s durel\u0117s d\u016bmtraukio prijungimas i\u0161 vir\u0161aus ir i\u0161 galo da\u017eyta kar\u0161\u010diui atspariais juodais da\u017eais dureli\u0173 vyriai kair\u0117je\" \/>\n<meta property=\"og:url\" content=\"https:\/\/www.skamet.ee\/lt\/tooted\/p-12040-vrv-nerudijancio-plieno-bakas-40l-kaireje\/\" \/>\n<meta property=\"og:site_name\" content=\"Skamet\" \/>\n<meta property=\"article:modified_time\" content=\"2026-01-27T17:51:13+00:00\" \/>\n<meta property=\"og:image\" content=\"https:\/\/www.skamet.ee\/wp-content\/uploads\/2024\/11\/P-12040-VRVGL_Ilu-scaled.jpg\" \/>\n\t<meta property=\"og:image:width\" content=\"1708\" \/>\n\t<meta property=\"og:image:height\" content=\"2560\" \/>\n\t<meta property=\"og:image:type\" content=\"image\/jpeg\" \/>\n<meta name=\"twitter:card\" content=\"summary_large_image\" \/>\n<script type=\"application\/ld+json\" class=\"yoast-schema-graph\">{\"@context\":\"https:\/\/schema.org\",\"@graph\":[{\"@type\":\"WebPage\",\"@id\":\"https:\/\/www.skamet.ee\/lt\/tooted\/p-12040-vrv-nerudijancio-plieno-bakas-40l-kaireje\/\",\"url\":\"https:\/\/www.skamet.ee\/lt\/tooted\/p-12040-vrv-nerudijancio-plieno-bakas-40l-kaireje\/\",\"name\":\"P-12040 VRV ner\u016bdijan\u010dio plieno bakas 40l kair\u0117je - Skamet\",\"isPartOf\":{\"@id\":\"https:\/\/www.skamet.ee\/#website\"},\"primaryImageOfPage\":{\"@id\":\"https:\/\/www.skamet.ee\/lt\/tooted\/p-12040-vrv-nerudijancio-plieno-bakas-40l-kaireje\/#primaryimage\"},\"image\":{\"@id\":\"https:\/\/www.skamet.ee\/lt\/tooted\/p-12040-vrv-nerudijancio-plieno-bakas-40l-kaireje\/#primaryimage\"},\"thumbnailUrl\":\"https:\/\/www.skamet.ee\/wp-content\/uploads\/2024\/11\/P-12040-VRVGL_Ilu-scaled.jpg\",\"datePublished\":\"2024-11-22T10:52:55+00:00\",\"dateModified\":\"2026-01-27T17:51:13+00:00\",\"breadcrumb\":{\"@id\":\"https:\/\/www.skamet.ee\/lt\/tooted\/p-12040-vrv-nerudijancio-plieno-bakas-40l-kaireje\/#breadcrumb\"},\"inLanguage\":\"lt\",\"potentialAction\":[{\"@type\":\"ReadAction\",\"target\":[\"https:\/\/www.skamet.ee\/lt\/tooted\/p-12040-vrv-nerudijancio-plieno-bakas-40l-kaireje\/\"]}]},{\"@type\":\"ImageObject\",\"inLanguage\":\"lt\",\"@id\":\"https:\/\/www.skamet.ee\/lt\/tooted\/p-12040-vrv-nerudijancio-plieno-bakas-40l-kaireje\/#primaryimage\",\"url\":\"https:\/\/www.skamet.ee\/wp-content\/uploads\/2024\/11\/P-12040-VRVGL_Ilu-scaled.jpg\",\"contentUrl\":\"https:\/\/www.skamet.ee\/wp-content\/uploads\/2024\/11\/P-12040-VRVGL_Ilu-scaled.jpg\",\"width\":1708,\"height\":2560,\"caption\":\"P 12040 VRVGL Ilu scaled\"},{\"@type\":\"BreadcrumbList\",\"@id\":\"https:\/\/www.skamet.ee\/lt\/tooted\/p-12040-vrv-nerudijancio-plieno-bakas-40l-kaireje\/#breadcrumb\",\"itemListElement\":[{\"@type\":\"ListItem\",\"position\":1,\"name\":\"Home\",\"item\":\"https:\/\/www.skamet.ee\/fi\/\"},{\"@type\":\"ListItem\",\"position\":2,\"name\":\"Produktai\",\"item\":\"https:\/\/www.skamet.ee\/lt\/shop-2\/\"},{\"@type\":\"ListItem\",\"position\":3,\"name\":\"P-12040 VRV ner\u016bdijan\u010dio plieno bakas 40l kair\u0117je\"}]},{\"@type\":\"WebSite\",\"@id\":\"https:\/\/www.skamet.ee\/#website\",\"url\":\"https:\/\/www.skamet.ee\/\",\"name\":\"Skamet O\u00dc\",\"description\":\"Efektiivsed puuk\u00fcttega saunaahjud Eesti tootjalt\",\"publisher\":{\"@id\":\"https:\/\/www.skamet.ee\/#organization\"},\"potentialAction\":[{\"@type\":\"SearchAction\",\"target\":{\"@type\":\"EntryPoint\",\"urlTemplate\":\"https:\/\/www.skamet.ee\/?s={search_term_string}\"},\"query-input\":{\"@type\":\"PropertyValueSpecification\",\"valueRequired\":true,\"valueName\":\"search_term_string\"}}],\"inLanguage\":\"lt\"},{\"@type\":\"Organization\",\"@id\":\"https:\/\/www.skamet.ee\/#organization\",\"name\":\"Skamet\",\"url\":\"https:\/\/www.skamet.ee\/\",\"logo\":{\"@type\":\"ImageObject\",\"inLanguage\":\"lt\",\"@id\":\"https:\/\/www.skamet.ee\/#\/schema\/logo\/image\/\",\"url\":\"https:\/\/www.skamet.ee\/wp-content\/uploads\/2015\/05\/logo-uus.png\",\"contentUrl\":\"https:\/\/www.skamet.ee\/wp-content\/uploads\/2015\/05\/logo-uus.png\",\"width\":300,\"height\":127,\"caption\":\"Skamet\"},\"image\":{\"@id\":\"https:\/\/www.skamet.ee\/#\/schema\/logo\/image\/\"}}]}<\/script>\n<!-- \/ Yoast SEO plugin. -->","yoast_head_json":{"title":"P-12040 VRV ner\u016bdijan\u010dio plieno bakas 40l kair\u0117je - Skamet","robots":{"index":"index","follow":"follow","max-snippet":"max-snippet:-1","max-image-preview":"max-image-preview:large","max-video-preview":"max-video-preview:-1"},"canonical":"https:\/\/www.skamet.ee\/lt\/tooted\/p-12040-vrv-nerudijancio-plieno-bakas-40l-kaireje\/","og_locale":"lt_LT","og_type":"article","og_title":"P-12040 VRV ner\u016bdijan\u010dio plieno bakas 40l kair\u0117je - Skamet","og_description":"Standartinio gaminio parametrai: metalin\u0117s durel\u0117s d\u016bmtraukio prijungimas i\u0161 vir\u0161aus ir i\u0161 galo da\u017eyta kar\u0161\u010diui atspariais juodais da\u017eais dureli\u0173 vyriai kair\u0117je","og_url":"https:\/\/www.skamet.ee\/lt\/tooted\/p-12040-vrv-nerudijancio-plieno-bakas-40l-kaireje\/","og_site_name":"Skamet","article_modified_time":"2026-01-27T17:51:13+00:00","og_image":[{"width":1708,"height":2560,"url":"https:\/\/www.skamet.ee\/wp-content\/uploads\/2024\/11\/P-12040-VRVGL_Ilu-scaled.jpg","type":"image\/jpeg"}],"twitter_card":"summary_large_image","schema":{"@context":"https:\/\/schema.org","@graph":[{"@type":"WebPage","@id":"https:\/\/www.skamet.ee\/lt\/tooted\/p-12040-vrv-nerudijancio-plieno-bakas-40l-kaireje\/","url":"https:\/\/www.skamet.ee\/lt\/tooted\/p-12040-vrv-nerudijancio-plieno-bakas-40l-kaireje\/","name":"P-12040 VRV ner\u016bdijan\u010dio plieno bakas 40l kair\u0117je - Skamet","isPartOf":{"@id":"https:\/\/www.skamet.ee\/#website"},"primaryImageOfPage":{"@id":"https:\/\/www.skamet.ee\/lt\/tooted\/p-12040-vrv-nerudijancio-plieno-bakas-40l-kaireje\/#primaryimage"},"image":{"@id":"https:\/\/www.skamet.ee\/lt\/tooted\/p-12040-vrv-nerudijancio-plieno-bakas-40l-kaireje\/#primaryimage"},"thumbnailUrl":"https:\/\/www.skamet.ee\/wp-content\/uploads\/2024\/11\/P-12040-VRVGL_Ilu-scaled.jpg","datePublished":"2024-11-22T10:52:55+00:00","dateModified":"2026-01-27T17:51:13+00:00","breadcrumb":{"@id":"https:\/\/www.skamet.ee\/lt\/tooted\/p-12040-vrv-nerudijancio-plieno-bakas-40l-kaireje\/#breadcrumb"},"inLanguage":"lt","potentialAction":[{"@type":"ReadAction","target":["https:\/\/www.skamet.ee\/lt\/tooted\/p-12040-vrv-nerudijancio-plieno-bakas-40l-kaireje\/"]}]},{"@type":"ImageObject","inLanguage":"lt","@id":"https:\/\/www.skamet.ee\/lt\/tooted\/p-12040-vrv-nerudijancio-plieno-bakas-40l-kaireje\/#primaryimage","url":"https:\/\/www.skamet.ee\/wp-content\/uploads\/2024\/11\/P-12040-VRVGL_Ilu-scaled.jpg","contentUrl":"https:\/\/www.skamet.ee\/wp-content\/uploads\/2024\/11\/P-12040-VRVGL_Ilu-scaled.jpg","width":1708,"height":2560,"caption":"P 12040 VRVGL Ilu scaled"},{"@type":"BreadcrumbList","@id":"https:\/\/www.skamet.ee\/lt\/tooted\/p-12040-vrv-nerudijancio-plieno-bakas-40l-kaireje\/#breadcrumb","itemListElement":[{"@type":"ListItem","position":1,"name":"Home","item":"https:\/\/www.skamet.ee\/fi\/"},{"@type":"ListItem","position":2,"name":"Produktai","item":"https:\/\/www.skamet.ee\/lt\/shop-2\/"},{"@type":"ListItem","position":3,"name":"P-12040 VRV ner\u016bdijan\u010dio plieno bakas 40l kair\u0117je"}]},{"@type":"WebSite","@id":"https:\/\/www.skamet.ee\/#website","url":"https:\/\/www.skamet.ee\/","name":"Skamet O\u00dc","description":"Efektiivsed puuk\u00fcttega saunaahjud Eesti tootjalt","publisher":{"@id":"https:\/\/www.skamet.ee\/#organization"},"potentialAction":[{"@type":"SearchAction","target":{"@type":"EntryPoint","urlTemplate":"https:\/\/www.skamet.ee\/?s={search_term_string}"},"query-input":{"@type":"PropertyValueSpecification","valueRequired":true,"valueName":"search_term_string"}}],"inLanguage":"lt"},{"@type":"Organization","@id":"https:\/\/www.skamet.ee\/#organization","name":"Skamet","url":"https:\/\/www.skamet.ee\/","logo":{"@type":"ImageObject","inLanguage":"lt","@id":"https:\/\/www.skamet.ee\/#\/schema\/logo\/image\/","url":"https:\/\/www.skamet.ee\/wp-content\/uploads\/2015\/05\/logo-uus.png","contentUrl":"https:\/\/www.skamet.ee\/wp-content\/uploads\/2015\/05\/logo-uus.png","width":300,"height":127,"caption":"Skamet"},"image":{"@id":"https:\/\/www.skamet.ee\/#\/schema\/logo\/image\/"}}]}},"_links":{"self":[{"href":"https:\/\/www.skamet.ee\/lt\/wp-json\/wp\/v2\/product\/49219","targetHints":{"allow":["GET"]}}],"collection":[{"href":"https:\/\/www.skamet.ee\/lt\/wp-json\/wp\/v2\/product"}],"about":[{"href":"https:\/\/www.skamet.ee\/lt\/wp-json\/wp\/v2\/types\/product"}],"version-history":[{"count":1,"href":"https:\/\/www.skamet.ee\/lt\/wp-json\/wp\/v2\/product\/49219\/revisions"}],"predecessor-version":[{"id":54367,"href":"https:\/\/www.skamet.ee\/lt\/wp-json\/wp\/v2\/product\/49219\/revisions\/54367"}],"wp:featuredmedia":[{"embeddable":true,"href":"https:\/\/www.skamet.ee\/lt\/wp-json\/wp\/v2\/media\/45412"}],"wp:attachment":[{"href":"https:\/\/www.skamet.ee\/lt\/wp-json\/wp\/v2\/media?parent=49219"}],"wp:term":[{"taxonomy":"product_brand","embeddable":true,"href":"https:\/\/www.skamet.ee\/lt\/wp-json\/wp\/v2\/product_brand?post=49219"},{"taxonomy":"product_cat","embeddable":true,"href":"https:\/\/www.skamet.ee\/lt\/wp-json\/wp\/v2\/product_cat?post=49219"},{"taxonomy":"product_tag","embeddable":true,"href":"https:\/\/www.skamet.ee\/lt\/wp-json\/wp\/v2\/product_tag?post=49219"}],"curies":[{"name":"wp","href":"https:\/\/api.w.org\/{rel}","templated":true}]}}