{"id":49226,"date":"2024-11-22T10:45:41","date_gmt":"2024-11-22T08:45:41","guid":{"rendered":"https:\/\/www.skamet.ee\/tooted\/uncategorized\/p-116-bt-katilo-jungtis-gale\/"},"modified":"2026-01-27T18:50:27","modified_gmt":"2026-01-27T16:50:27","slug":"p-116-bt-katilo-jungtis-gale","status":"publish","type":"product","link":"https:\/\/www.skamet.ee\/lt\/tooted\/p-116-bt-katilo-jungtis-gale\/","title":{"rendered":"P-116 BT katilo jungtis gale"},"content":{"rendered":"<p><strong>Standartinio gaminio parametrai:<\/strong><\/p>\n<ul>\n<li>metalin\u0117s durel\u0117s<\/li>\n<li>d\u016bmtraukio prijungimas i\u0161 vir\u0161aus ir i\u0161 galo<\/li>\n<li>kar\u0161\u010diui atspari juoda spalva<\/li>\n<li>dureli\u0173 vyriai kair\u0117je pus\u0117je<\/li>\n<li>metalinis korpusas<\/li>\n<\/ul>\n<p>\ud83d\udcd8\u00a0<strong>Daugiau informacijos apie gamin\u012f rasite naudojimo<span style=\"color: #0000ff;\">\u00a0<a style=\"color: #0000ff;\" href=\"https:\/\/skamet.ee\/wp-content\/uploads\/2014\/04\/LT-RU-veeb-tabelid.pdf\">instrukcijoje.<\/a><\/span><\/strong><\/p>\n","protected":false},"excerpt":{"rendered":"<p>Standartinio gaminio parametrai: metalin\u0117s durel\u0117s d\u016bmtraukio prijungimas i\u0161 vir\u0161aus ir i\u0161 galo kar\u0161\u010diui atspari juoda spalva dureli\u0173 vyriai kair\u0117je pus\u0117je<\/p>\n","protected":false},"featured_media":50816,"template":"","meta":{"_lmt_disableupdate":"","_lmt_disable":""},"product_brand":[],"product_cat":[1089],"product_tag":[],"class_list":{"0":"post-49226","1":"product","2":"type-product","3":"status-publish","4":"has-post-thumbnail","6":"product_cat-pirties-krosnys-8-18-m3","8":"first","9":"instock","10":"shipping-taxable","11":"product-type-simple"},"yoast_head":"<!-- This site is optimized with the Yoast SEO plugin v27.0 - https:\/\/yoast.com\/product\/yoast-seo-wordpress\/ -->\n<title>P-116 BT katilo jungtis gale - Skamet<\/title>\n<meta name=\"robots\" content=\"index, follow, max-snippet:-1, max-image-preview:large, max-video-preview:-1\" \/>\n<link rel=\"canonical\" href=\"https:\/\/www.skamet.ee\/lt\/tooted\/p-116-bt-katilo-jungtis-gale\/\" \/>\n<meta property=\"og:locale\" content=\"lt_LT\" \/>\n<meta property=\"og:type\" content=\"article\" \/>\n<meta property=\"og:title\" content=\"P-116 BT katilo jungtis gale - Skamet\" \/>\n<meta property=\"og:description\" content=\"Standartinio gaminio parametrai: metalin\u0117s durel\u0117s d\u016bmtraukio prijungimas i\u0161 vir\u0161aus ir i\u0161 galo kar\u0161\u010diui atspari juoda spalva dureli\u0173 vyriai kair\u0117je pus\u0117je\" \/>\n<meta property=\"og:url\" content=\"https:\/\/www.skamet.ee\/lt\/tooted\/p-116-bt-katilo-jungtis-gale\/\" \/>\n<meta property=\"og:site_name\" content=\"Skamet\" \/>\n<meta property=\"article:modified_time\" content=\"2026-01-27T16:50:27+00:00\" \/>\n<meta property=\"og:image\" content=\"https:\/\/www.skamet.ee\/wp-content\/uploads\/2025\/06\/P-116-BT-.png\" \/>\n\t<meta property=\"og:image:width\" content=\"408\" \/>\n\t<meta property=\"og:image:height\" content=\"612\" \/>\n\t<meta property=\"og:image:type\" content=\"image\/png\" \/>\n<meta name=\"twitter:card\" content=\"summary_large_image\" \/>\n<script type=\"application\/ld+json\" class=\"yoast-schema-graph\">{\"@context\":\"https:\/\/schema.org\",\"@graph\":[{\"@type\":\"WebPage\",\"@id\":\"https:\/\/www.skamet.ee\/lt\/tooted\/p-116-bt-katilo-jungtis-gale\/\",\"url\":\"https:\/\/www.skamet.ee\/lt\/tooted\/p-116-bt-katilo-jungtis-gale\/\",\"name\":\"P-116 BT katilo jungtis gale - Skamet\",\"isPartOf\":{\"@id\":\"https:\/\/www.skamet.ee\/#website\"},\"primaryImageOfPage\":{\"@id\":\"https:\/\/www.skamet.ee\/lt\/tooted\/p-116-bt-katilo-jungtis-gale\/#primaryimage\"},\"image\":{\"@id\":\"https:\/\/www.skamet.ee\/lt\/tooted\/p-116-bt-katilo-jungtis-gale\/#primaryimage\"},\"thumbnailUrl\":\"https:\/\/www.skamet.ee\/wp-content\/uploads\/2025\/06\/P-116-BT-.png\",\"datePublished\":\"2024-11-22T08:45:41+00:00\",\"dateModified\":\"2026-01-27T16:50:27+00:00\",\"breadcrumb\":{\"@id\":\"https:\/\/www.skamet.ee\/lt\/tooted\/p-116-bt-katilo-jungtis-gale\/#breadcrumb\"},\"inLanguage\":\"lt\",\"potentialAction\":[{\"@type\":\"ReadAction\",\"target\":[\"https:\/\/www.skamet.ee\/lt\/tooted\/p-116-bt-katilo-jungtis-gale\/\"]}]},{\"@type\":\"ImageObject\",\"inLanguage\":\"lt\",\"@id\":\"https:\/\/www.skamet.ee\/lt\/tooted\/p-116-bt-katilo-jungtis-gale\/#primaryimage\",\"url\":\"https:\/\/www.skamet.ee\/wp-content\/uploads\/2025\/06\/P-116-BT-.png\",\"contentUrl\":\"https:\/\/www.skamet.ee\/wp-content\/uploads\/2025\/06\/P-116-BT-.png\",\"width\":408,\"height\":612,\"caption\":\"P 116 BT\"},{\"@type\":\"BreadcrumbList\",\"@id\":\"https:\/\/www.skamet.ee\/lt\/tooted\/p-116-bt-katilo-jungtis-gale\/#breadcrumb\",\"itemListElement\":[{\"@type\":\"ListItem\",\"position\":1,\"name\":\"Home\",\"item\":\"https:\/\/www.skamet.ee\/fi\/\"},{\"@type\":\"ListItem\",\"position\":2,\"name\":\"Produktai\",\"item\":\"https:\/\/www.skamet.ee\/lt\/shop-2\/\"},{\"@type\":\"ListItem\",\"position\":3,\"name\":\"P-116 BT katilo jungtis gale\"}]},{\"@type\":\"WebSite\",\"@id\":\"https:\/\/www.skamet.ee\/#website\",\"url\":\"https:\/\/www.skamet.ee\/\",\"name\":\"Skamet O\u00dc\",\"description\":\"Efektiivsed puuk\u00fcttega saunaahjud Eesti tootjalt\",\"publisher\":{\"@id\":\"https:\/\/www.skamet.ee\/#organization\"},\"potentialAction\":[{\"@type\":\"SearchAction\",\"target\":{\"@type\":\"EntryPoint\",\"urlTemplate\":\"https:\/\/www.skamet.ee\/?s={search_term_string}\"},\"query-input\":{\"@type\":\"PropertyValueSpecification\",\"valueRequired\":true,\"valueName\":\"search_term_string\"}}],\"inLanguage\":\"lt\"},{\"@type\":\"Organization\",\"@id\":\"https:\/\/www.skamet.ee\/#organization\",\"name\":\"Skamet\",\"url\":\"https:\/\/www.skamet.ee\/\",\"logo\":{\"@type\":\"ImageObject\",\"inLanguage\":\"lt\",\"@id\":\"https:\/\/www.skamet.ee\/#\/schema\/logo\/image\/\",\"url\":\"https:\/\/www.skamet.ee\/wp-content\/uploads\/2015\/05\/logo-uus.png\",\"contentUrl\":\"https:\/\/www.skamet.ee\/wp-content\/uploads\/2015\/05\/logo-uus.png\",\"width\":300,\"height\":127,\"caption\":\"Skamet\"},\"image\":{\"@id\":\"https:\/\/www.skamet.ee\/#\/schema\/logo\/image\/\"}}]}<\/script>\n<!-- \/ Yoast SEO plugin. -->","yoast_head_json":{"title":"P-116 BT katilo jungtis gale - Skamet","robots":{"index":"index","follow":"follow","max-snippet":"max-snippet:-1","max-image-preview":"max-image-preview:large","max-video-preview":"max-video-preview:-1"},"canonical":"https:\/\/www.skamet.ee\/lt\/tooted\/p-116-bt-katilo-jungtis-gale\/","og_locale":"lt_LT","og_type":"article","og_title":"P-116 BT katilo jungtis gale - Skamet","og_description":"Standartinio gaminio parametrai: metalin\u0117s durel\u0117s d\u016bmtraukio prijungimas i\u0161 vir\u0161aus ir i\u0161 galo kar\u0161\u010diui atspari juoda spalva dureli\u0173 vyriai kair\u0117je pus\u0117je","og_url":"https:\/\/www.skamet.ee\/lt\/tooted\/p-116-bt-katilo-jungtis-gale\/","og_site_name":"Skamet","article_modified_time":"2026-01-27T16:50:27+00:00","og_image":[{"width":408,"height":612,"url":"https:\/\/www.skamet.ee\/wp-content\/uploads\/2025\/06\/P-116-BT-.png","type":"image\/png"}],"twitter_card":"summary_large_image","schema":{"@context":"https:\/\/schema.org","@graph":[{"@type":"WebPage","@id":"https:\/\/www.skamet.ee\/lt\/tooted\/p-116-bt-katilo-jungtis-gale\/","url":"https:\/\/www.skamet.ee\/lt\/tooted\/p-116-bt-katilo-jungtis-gale\/","name":"P-116 BT katilo jungtis gale - Skamet","isPartOf":{"@id":"https:\/\/www.skamet.ee\/#website"},"primaryImageOfPage":{"@id":"https:\/\/www.skamet.ee\/lt\/tooted\/p-116-bt-katilo-jungtis-gale\/#primaryimage"},"image":{"@id":"https:\/\/www.skamet.ee\/lt\/tooted\/p-116-bt-katilo-jungtis-gale\/#primaryimage"},"thumbnailUrl":"https:\/\/www.skamet.ee\/wp-content\/uploads\/2025\/06\/P-116-BT-.png","datePublished":"2024-11-22T08:45:41+00:00","dateModified":"2026-01-27T16:50:27+00:00","breadcrumb":{"@id":"https:\/\/www.skamet.ee\/lt\/tooted\/p-116-bt-katilo-jungtis-gale\/#breadcrumb"},"inLanguage":"lt","potentialAction":[{"@type":"ReadAction","target":["https:\/\/www.skamet.ee\/lt\/tooted\/p-116-bt-katilo-jungtis-gale\/"]}]},{"@type":"ImageObject","inLanguage":"lt","@id":"https:\/\/www.skamet.ee\/lt\/tooted\/p-116-bt-katilo-jungtis-gale\/#primaryimage","url":"https:\/\/www.skamet.ee\/wp-content\/uploads\/2025\/06\/P-116-BT-.png","contentUrl":"https:\/\/www.skamet.ee\/wp-content\/uploads\/2025\/06\/P-116-BT-.png","width":408,"height":612,"caption":"P 116 BT"},{"@type":"BreadcrumbList","@id":"https:\/\/www.skamet.ee\/lt\/tooted\/p-116-bt-katilo-jungtis-gale\/#breadcrumb","itemListElement":[{"@type":"ListItem","position":1,"name":"Home","item":"https:\/\/www.skamet.ee\/fi\/"},{"@type":"ListItem","position":2,"name":"Produktai","item":"https:\/\/www.skamet.ee\/lt\/shop-2\/"},{"@type":"ListItem","position":3,"name":"P-116 BT katilo jungtis gale"}]},{"@type":"WebSite","@id":"https:\/\/www.skamet.ee\/#website","url":"https:\/\/www.skamet.ee\/","name":"Skamet O\u00dc","description":"Efektiivsed puuk\u00fcttega saunaahjud Eesti tootjalt","publisher":{"@id":"https:\/\/www.skamet.ee\/#organization"},"potentialAction":[{"@type":"SearchAction","target":{"@type":"EntryPoint","urlTemplate":"https:\/\/www.skamet.ee\/?s={search_term_string}"},"query-input":{"@type":"PropertyValueSpecification","valueRequired":true,"valueName":"search_term_string"}}],"inLanguage":"lt"},{"@type":"Organization","@id":"https:\/\/www.skamet.ee\/#organization","name":"Skamet","url":"https:\/\/www.skamet.ee\/","logo":{"@type":"ImageObject","inLanguage":"lt","@id":"https:\/\/www.skamet.ee\/#\/schema\/logo\/image\/","url":"https:\/\/www.skamet.ee\/wp-content\/uploads\/2015\/05\/logo-uus.png","contentUrl":"https:\/\/www.skamet.ee\/wp-content\/uploads\/2015\/05\/logo-uus.png","width":300,"height":127,"caption":"Skamet"},"image":{"@id":"https:\/\/www.skamet.ee\/#\/schema\/logo\/image\/"}}]}},"_links":{"self":[{"href":"https:\/\/www.skamet.ee\/lt\/wp-json\/wp\/v2\/product\/49226","targetHints":{"allow":["GET"]}}],"collection":[{"href":"https:\/\/www.skamet.ee\/lt\/wp-json\/wp\/v2\/product"}],"about":[{"href":"https:\/\/www.skamet.ee\/lt\/wp-json\/wp\/v2\/types\/product"}],"version-history":[{"count":1,"href":"https:\/\/www.skamet.ee\/lt\/wp-json\/wp\/v2\/product\/49226\/revisions"}],"predecessor-version":[{"id":54349,"href":"https:\/\/www.skamet.ee\/lt\/wp-json\/wp\/v2\/product\/49226\/revisions\/54349"}],"wp:featuredmedia":[{"embeddable":true,"href":"https:\/\/www.skamet.ee\/lt\/wp-json\/wp\/v2\/media\/50816"}],"wp:attachment":[{"href":"https:\/\/www.skamet.ee\/lt\/wp-json\/wp\/v2\/media?parent=49226"}],"wp:term":[{"taxonomy":"product_brand","embeddable":true,"href":"https:\/\/www.skamet.ee\/lt\/wp-json\/wp\/v2\/product_brand?post=49226"},{"taxonomy":"product_cat","embeddable":true,"href":"https:\/\/www.skamet.ee\/lt\/wp-json\/wp\/v2\/product_cat?post=49226"},{"taxonomy":"product_tag","embeddable":true,"href":"https:\/\/www.skamet.ee\/lt\/wp-json\/wp\/v2\/product_tag?post=49226"}],"curies":[{"name":"wp","href":"https:\/\/api.w.org\/{rel}","templated":true}]}}