{"id":49235,"date":"2024-11-13T13:35:50","date_gmt":"2024-11-13T11:35:50","guid":{"rendered":"https:\/\/www.skamet.ee\/tooted\/uncategorized\/ps-110-gl\/"},"modified":"2024-11-13T13:35:50","modified_gmt":"2024-11-13T11:35:50","slug":"ps-110-gl","status":"publish","type":"product","link":"https:\/\/www.skamet.ee\/lt\/tooted\/ps-110-gl\/","title":{"rendered":"PS-110 GL"},"content":{"rendered":"<p>PS serijos pirties krosnys skirtos ma\u017eesn\u0117ms pirties patalpoms \u0161ildyti.<\/p>\n<p>I\u0161 tos pa\u010dios patalpos \u0161ildomos pirties krosnel\u0117s su dvigubu korpusu \u0161ildomas t\u016bris yra 7\u201312 m\u00b3.<\/p>\n<p>Orkait\u0117s auk\u0161tis 60 cm, plotis 39 cm, gylis 45 cm. Akmen\u0173 kiekis apie 20 kg, o med\u017ei\u0173 ilgis iki 35 cm.<\/p>\n<p>Orkait\u0117s korpusas turi dvigubas sieneles i\u0161 trij\u0173 pusi\u0173 (\u0161onuose ir gale), kurios suma\u017eina minimalius saugius atstumus.<\/p>\n<p><strong>Standartiniai gaminio parametrai:<\/strong><br \/>\n\u00bb kar\u0161\u010diui atsparus stiklas (200&#215;200 mm);<br \/>\n\u00bb jungiantis kamin\u0105 i\u0161 vir\u0161aus;<br \/>\n\u00bb dur\u0173 vyriai kair\u0117je pus\u0117je;<br \/>\n\u00bb pirties krosnel\u0117s korpuso spalva yra juoda;<br \/>\n\u00bb pirties krosnis nuda\u017eyta kar\u0161\u010diui atspariais da\u017eais.<\/p>\n<p><strong>\u012evairios papildomos parinktys:<\/strong><br \/>\n\u00bb ner\u016bdijan\u010dio plieno rankena;<br \/>\n\u00bb pirties krosnies turinys apverstas;<br \/>\n\u00bb dur\u0173 vyriai de\u0161in\u0117je pus\u0117je;<br \/>\n\u00bb korpuso spalva raudona-juoda, pilkai juoda arba ner\u016bdijantis;<br \/>\n\u00bb vir\u0161utinis korpuso kra\u0161tas ner\u016bdijantis.<\/p>\n","protected":false},"excerpt":{"rendered":"<p>PS serijos pirties krosnys skirtos ma\u017eesn\u0117ms pirties patalpoms \u0161ildyti. I\u0161 tos pa\u010dios patalpos \u0161ildomos pirties krosnel\u0117s su dvigubu korpusu \u0161ildomas<\/p>\n","protected":false},"featured_media":44606,"template":"","meta":{"_lmt_disableupdate":"","_lmt_disable":""},"product_brand":[],"product_cat":[150],"product_tag":[],"class_list":{"0":"post-49235","1":"product","2":"type-product","3":"status-publish","4":"has-post-thumbnail","6":"product_cat-saunaahjud","8":"first","9":"instock","10":"shipping-taxable","11":"product-type-simple"},"yoast_head":"<!-- This site is optimized with the Yoast SEO plugin v27.0 - https:\/\/yoast.com\/product\/yoast-seo-wordpress\/ -->\n<title>PS-110 GL - Skamet<\/title>\n<meta name=\"robots\" content=\"index, follow, max-snippet:-1, max-image-preview:large, max-video-preview:-1\" \/>\n<link rel=\"canonical\" href=\"https:\/\/www.skamet.ee\/lt\/tooted\/ps-110-gl\/\" \/>\n<meta property=\"og:locale\" content=\"lt_LT\" \/>\n<meta property=\"og:type\" content=\"article\" \/>\n<meta property=\"og:title\" content=\"PS-110 GL - Skamet\" \/>\n<meta property=\"og:description\" content=\"PS serijos pirties krosnys skirtos ma\u017eesn\u0117ms pirties patalpoms \u0161ildyti. I\u0161 tos pa\u010dios patalpos \u0161ildomos pirties krosnel\u0117s su dvigubu korpusu \u0161ildomas\" \/>\n<meta property=\"og:url\" content=\"https:\/\/www.skamet.ee\/lt\/tooted\/ps-110-gl\/\" \/>\n<meta property=\"og:site_name\" content=\"Skamet\" \/>\n<meta property=\"og:image\" content=\"https:\/\/www.skamet.ee\/wp-content\/uploads\/2024\/11\/PS-110-GL_Ilu_kivid-scaled.jpg\" \/>\n\t<meta property=\"og:image:width\" content=\"1708\" \/>\n\t<meta property=\"og:image:height\" content=\"2560\" \/>\n\t<meta property=\"og:image:type\" content=\"image\/jpeg\" \/>\n<meta name=\"twitter:card\" content=\"summary_large_image\" \/>\n<meta name=\"twitter:label1\" content=\"Est. reading time\" \/>\n\t<meta name=\"twitter:data1\" content=\"1 minute\" \/>\n<script type=\"application\/ld+json\" class=\"yoast-schema-graph\">{\"@context\":\"https:\/\/schema.org\",\"@graph\":[{\"@type\":\"WebPage\",\"@id\":\"https:\/\/www.skamet.ee\/lt\/tooted\/ps-110-gl\/\",\"url\":\"https:\/\/www.skamet.ee\/lt\/tooted\/ps-110-gl\/\",\"name\":\"PS-110 GL - Skamet\",\"isPartOf\":{\"@id\":\"https:\/\/www.skamet.ee\/#website\"},\"primaryImageOfPage\":{\"@id\":\"https:\/\/www.skamet.ee\/lt\/tooted\/ps-110-gl\/#primaryimage\"},\"image\":{\"@id\":\"https:\/\/www.skamet.ee\/lt\/tooted\/ps-110-gl\/#primaryimage\"},\"thumbnailUrl\":\"https:\/\/www.skamet.ee\/wp-content\/uploads\/2024\/11\/PS-110-GL_Ilu_kivid-scaled.jpg\",\"datePublished\":\"2024-11-13T11:35:50+00:00\",\"breadcrumb\":{\"@id\":\"https:\/\/www.skamet.ee\/lt\/tooted\/ps-110-gl\/#breadcrumb\"},\"inLanguage\":\"lt\",\"potentialAction\":[{\"@type\":\"ReadAction\",\"target\":[\"https:\/\/www.skamet.ee\/lt\/tooted\/ps-110-gl\/\"]}]},{\"@type\":\"ImageObject\",\"inLanguage\":\"lt\",\"@id\":\"https:\/\/www.skamet.ee\/lt\/tooted\/ps-110-gl\/#primaryimage\",\"url\":\"https:\/\/www.skamet.ee\/wp-content\/uploads\/2024\/11\/PS-110-GL_Ilu_kivid-scaled.jpg\",\"contentUrl\":\"https:\/\/www.skamet.ee\/wp-content\/uploads\/2024\/11\/PS-110-GL_Ilu_kivid-scaled.jpg\",\"width\":1708,\"height\":2560,\"caption\":\"PS 110 GL Ilu kivid scaled\"},{\"@type\":\"BreadcrumbList\",\"@id\":\"https:\/\/www.skamet.ee\/lt\/tooted\/ps-110-gl\/#breadcrumb\",\"itemListElement\":[{\"@type\":\"ListItem\",\"position\":1,\"name\":\"Home\",\"item\":\"https:\/\/www.skamet.ee\/fi\/\"},{\"@type\":\"ListItem\",\"position\":2,\"name\":\"Produktai\",\"item\":\"https:\/\/www.skamet.ee\/lt\/shop-2\/\"},{\"@type\":\"ListItem\",\"position\":3,\"name\":\"PS-110 GL\"}]},{\"@type\":\"WebSite\",\"@id\":\"https:\/\/www.skamet.ee\/#website\",\"url\":\"https:\/\/www.skamet.ee\/\",\"name\":\"Skamet O\u00dc\",\"description\":\"Efektiivsed puuk\u00fcttega saunaahjud Eesti tootjalt\",\"publisher\":{\"@id\":\"https:\/\/www.skamet.ee\/#organization\"},\"potentialAction\":[{\"@type\":\"SearchAction\",\"target\":{\"@type\":\"EntryPoint\",\"urlTemplate\":\"https:\/\/www.skamet.ee\/?s={search_term_string}\"},\"query-input\":{\"@type\":\"PropertyValueSpecification\",\"valueRequired\":true,\"valueName\":\"search_term_string\"}}],\"inLanguage\":\"lt\"},{\"@type\":\"Organization\",\"@id\":\"https:\/\/www.skamet.ee\/#organization\",\"name\":\"Skamet\",\"url\":\"https:\/\/www.skamet.ee\/\",\"logo\":{\"@type\":\"ImageObject\",\"inLanguage\":\"lt\",\"@id\":\"https:\/\/www.skamet.ee\/#\/schema\/logo\/image\/\",\"url\":\"https:\/\/www.skamet.ee\/wp-content\/uploads\/2015\/05\/logo-uus.png\",\"contentUrl\":\"https:\/\/www.skamet.ee\/wp-content\/uploads\/2015\/05\/logo-uus.png\",\"width\":300,\"height\":127,\"caption\":\"Skamet\"},\"image\":{\"@id\":\"https:\/\/www.skamet.ee\/#\/schema\/logo\/image\/\"}}]}<\/script>\n<!-- \/ Yoast SEO plugin. -->","yoast_head_json":{"title":"PS-110 GL - Skamet","robots":{"index":"index","follow":"follow","max-snippet":"max-snippet:-1","max-image-preview":"max-image-preview:large","max-video-preview":"max-video-preview:-1"},"canonical":"https:\/\/www.skamet.ee\/lt\/tooted\/ps-110-gl\/","og_locale":"lt_LT","og_type":"article","og_title":"PS-110 GL - Skamet","og_description":"PS serijos pirties krosnys skirtos ma\u017eesn\u0117ms pirties patalpoms \u0161ildyti. I\u0161 tos pa\u010dios patalpos \u0161ildomos pirties krosnel\u0117s su dvigubu korpusu \u0161ildomas","og_url":"https:\/\/www.skamet.ee\/lt\/tooted\/ps-110-gl\/","og_site_name":"Skamet","og_image":[{"width":1708,"height":2560,"url":"https:\/\/www.skamet.ee\/wp-content\/uploads\/2024\/11\/PS-110-GL_Ilu_kivid-scaled.jpg","type":"image\/jpeg"}],"twitter_card":"summary_large_image","twitter_misc":{"Est. reading time":"1 minute"},"schema":{"@context":"https:\/\/schema.org","@graph":[{"@type":"WebPage","@id":"https:\/\/www.skamet.ee\/lt\/tooted\/ps-110-gl\/","url":"https:\/\/www.skamet.ee\/lt\/tooted\/ps-110-gl\/","name":"PS-110 GL - Skamet","isPartOf":{"@id":"https:\/\/www.skamet.ee\/#website"},"primaryImageOfPage":{"@id":"https:\/\/www.skamet.ee\/lt\/tooted\/ps-110-gl\/#primaryimage"},"image":{"@id":"https:\/\/www.skamet.ee\/lt\/tooted\/ps-110-gl\/#primaryimage"},"thumbnailUrl":"https:\/\/www.skamet.ee\/wp-content\/uploads\/2024\/11\/PS-110-GL_Ilu_kivid-scaled.jpg","datePublished":"2024-11-13T11:35:50+00:00","breadcrumb":{"@id":"https:\/\/www.skamet.ee\/lt\/tooted\/ps-110-gl\/#breadcrumb"},"inLanguage":"lt","potentialAction":[{"@type":"ReadAction","target":["https:\/\/www.skamet.ee\/lt\/tooted\/ps-110-gl\/"]}]},{"@type":"ImageObject","inLanguage":"lt","@id":"https:\/\/www.skamet.ee\/lt\/tooted\/ps-110-gl\/#primaryimage","url":"https:\/\/www.skamet.ee\/wp-content\/uploads\/2024\/11\/PS-110-GL_Ilu_kivid-scaled.jpg","contentUrl":"https:\/\/www.skamet.ee\/wp-content\/uploads\/2024\/11\/PS-110-GL_Ilu_kivid-scaled.jpg","width":1708,"height":2560,"caption":"PS 110 GL Ilu kivid scaled"},{"@type":"BreadcrumbList","@id":"https:\/\/www.skamet.ee\/lt\/tooted\/ps-110-gl\/#breadcrumb","itemListElement":[{"@type":"ListItem","position":1,"name":"Home","item":"https:\/\/www.skamet.ee\/fi\/"},{"@type":"ListItem","position":2,"name":"Produktai","item":"https:\/\/www.skamet.ee\/lt\/shop-2\/"},{"@type":"ListItem","position":3,"name":"PS-110 GL"}]},{"@type":"WebSite","@id":"https:\/\/www.skamet.ee\/#website","url":"https:\/\/www.skamet.ee\/","name":"Skamet O\u00dc","description":"Efektiivsed puuk\u00fcttega saunaahjud Eesti tootjalt","publisher":{"@id":"https:\/\/www.skamet.ee\/#organization"},"potentialAction":[{"@type":"SearchAction","target":{"@type":"EntryPoint","urlTemplate":"https:\/\/www.skamet.ee\/?s={search_term_string}"},"query-input":{"@type":"PropertyValueSpecification","valueRequired":true,"valueName":"search_term_string"}}],"inLanguage":"lt"},{"@type":"Organization","@id":"https:\/\/www.skamet.ee\/#organization","name":"Skamet","url":"https:\/\/www.skamet.ee\/","logo":{"@type":"ImageObject","inLanguage":"lt","@id":"https:\/\/www.skamet.ee\/#\/schema\/logo\/image\/","url":"https:\/\/www.skamet.ee\/wp-content\/uploads\/2015\/05\/logo-uus.png","contentUrl":"https:\/\/www.skamet.ee\/wp-content\/uploads\/2015\/05\/logo-uus.png","width":300,"height":127,"caption":"Skamet"},"image":{"@id":"https:\/\/www.skamet.ee\/#\/schema\/logo\/image\/"}}]}},"_links":{"self":[{"href":"https:\/\/www.skamet.ee\/lt\/wp-json\/wp\/v2\/product\/49235","targetHints":{"allow":["GET"]}}],"collection":[{"href":"https:\/\/www.skamet.ee\/lt\/wp-json\/wp\/v2\/product"}],"about":[{"href":"https:\/\/www.skamet.ee\/lt\/wp-json\/wp\/v2\/types\/product"}],"version-history":[{"count":0,"href":"https:\/\/www.skamet.ee\/lt\/wp-json\/wp\/v2\/product\/49235\/revisions"}],"wp:featuredmedia":[{"embeddable":true,"href":"https:\/\/www.skamet.ee\/lt\/wp-json\/wp\/v2\/media\/44606"}],"wp:attachment":[{"href":"https:\/\/www.skamet.ee\/lt\/wp-json\/wp\/v2\/media?parent=49235"}],"wp:term":[{"taxonomy":"product_brand","embeddable":true,"href":"https:\/\/www.skamet.ee\/lt\/wp-json\/wp\/v2\/product_brand?post=49235"},{"taxonomy":"product_cat","embeddable":true,"href":"https:\/\/www.skamet.ee\/lt\/wp-json\/wp\/v2\/product_cat?post=49235"},{"taxonomy":"product_tag","embeddable":true,"href":"https:\/\/www.skamet.ee\/lt\/wp-json\/wp\/v2\/product_tag?post=49235"}],"curies":[{"name":"wp","href":"https:\/\/api.w.org\/{rel}","templated":true}]}}