{"id":49239,"date":"2024-10-25T09:46:08","date_gmt":"2024-10-25T06:46:08","guid":{"rendered":"https:\/\/www.skamet.ee\/tooted\/uncategorized\/b-80-vrv\/"},"modified":"2026-01-28T14:18:22","modified_gmt":"2026-01-28T12:18:22","slug":"b-80-vrv","status":"publish","type":"product","link":"https:\/\/www.skamet.ee\/lt\/tooted\/b-80-vrv\/","title":{"rendered":"Boileris B-80 VRV"},"content":{"rendered":"<p data-start=\"15\" data-end=\"109\"><strong data-start=\"15\" data-end=\"109\">U\u017edaro tipo 80 litr\u0173 boileris i\u0161 ner\u016bdijan\u010dio metalo, vertikalus (\u00d8 450 mm arba \u00d8 400 mm).<\/strong><\/p>\n<p data-start=\"111\" data-end=\"319\">Vertikalios montavimo pad\u0117ties ir u\u017edaros sistemos boiler\u012f galima montuoti ant sienos, grind\u0173 arba lub\u0173. Sieniniai tvirtinimo elementai pridedami atskirai. Boileris tvirtinamas dviem jungiamaisiais apkabomis.<\/p>\n<p data-start=\"321\" data-end=\"483\"><strong data-start=\"321\" data-end=\"333\">Pastaba!<\/strong> Visi boileriai turi b\u016bti \u012f\u017eeminti. Tam kiekvienas u\u017edaroje sistemoje naudojamas ner\u016bdijan\u010dio metalo boileris turi special\u0173 \u012f\u017eeminimo var\u017et\u0105 \/ gnybt\u0105.<\/p>\n<p data-start=\"485\" data-end=\"543\" data-is-last-node=\"\" data-is-only-node=\"\">Reguliari prie\u017ei\u016bra yra b\u016btina tinkamam boilerio veikimui.<\/p>\n<p>Daugiau informacijos rasite naudojimo\u00a0<span style=\"color: #0000ff;\"><strong><a style=\"color: #0000ff;\" href=\"https:\/\/skamet.ee\/wp-content\/uploads\/2016\/09\/Boileri-kasutus-juhend_web_lt.pdf\">instrukcijoje.<\/a><\/strong><\/span><\/p>\n","protected":false},"excerpt":{"rendered":"<p>U\u017edaro tipo 80 litr\u0173 boileris i\u0161 ner\u016bdijan\u010dio metalo, vertikalus (\u00d8 450 mm arba \u00d8 400 mm). Vertikalios montavimo pad\u0117ties ir<\/p>\n","protected":false},"featured_media":50756,"template":"","meta":{"_lmt_disableupdate":"","_lmt_disable":""},"product_brand":[],"product_cat":[1105],"product_tag":[],"class_list":{"0":"post-49239","1":"product","2":"type-product","3":"status-publish","4":"has-post-thumbnail","6":"product_cat-vertikalus-lt","8":"first","9":"instock","10":"shipping-taxable","11":"product-type-simple"},"yoast_head":"<!-- This site is optimized with the Yoast SEO plugin v27.0 - https:\/\/yoast.com\/product\/yoast-seo-wordpress\/ -->\n<title>Boileris B-80 VRV - Skamet<\/title>\n<meta name=\"robots\" content=\"index, follow, max-snippet:-1, max-image-preview:large, max-video-preview:-1\" \/>\n<link rel=\"canonical\" href=\"https:\/\/www.skamet.ee\/lt\/tooted\/b-80-vrv\/\" \/>\n<meta property=\"og:locale\" content=\"lt_LT\" \/>\n<meta property=\"og:type\" content=\"article\" \/>\n<meta property=\"og:title\" content=\"Boileris B-80 VRV - Skamet\" \/>\n<meta property=\"og:description\" content=\"U\u017edaro tipo 80 litr\u0173 boileris i\u0161 ner\u016bdijan\u010dio metalo, vertikalus (\u00d8 450 mm arba \u00d8 400 mm). Vertikalios montavimo pad\u0117ties ir\" \/>\n<meta property=\"og:url\" content=\"https:\/\/www.skamet.ee\/lt\/tooted\/b-80-vrv\/\" \/>\n<meta property=\"og:site_name\" content=\"Skamet\" \/>\n<meta property=\"article:modified_time\" content=\"2026-01-28T12:18:22+00:00\" \/>\n<meta property=\"og:image\" content=\"https:\/\/www.skamet.ee\/wp-content\/uploads\/2024\/10\/B-80-VRV-1-scaled.jpg\" \/>\n\t<meta property=\"og:image:width\" content=\"1708\" \/>\n\t<meta property=\"og:image:height\" content=\"2560\" \/>\n\t<meta property=\"og:image:type\" content=\"image\/jpeg\" \/>\n<meta name=\"twitter:card\" content=\"summary_large_image\" \/>\n<script type=\"application\/ld+json\" class=\"yoast-schema-graph\">{\"@context\":\"https:\/\/schema.org\",\"@graph\":[{\"@type\":\"WebPage\",\"@id\":\"https:\/\/www.skamet.ee\/lt\/tooted\/b-80-vrv\/\",\"url\":\"https:\/\/www.skamet.ee\/lt\/tooted\/b-80-vrv\/\",\"name\":\"Boileris B-80 VRV - Skamet\",\"isPartOf\":{\"@id\":\"https:\/\/www.skamet.ee\/#website\"},\"primaryImageOfPage\":{\"@id\":\"https:\/\/www.skamet.ee\/lt\/tooted\/b-80-vrv\/#primaryimage\"},\"image\":{\"@id\":\"https:\/\/www.skamet.ee\/lt\/tooted\/b-80-vrv\/#primaryimage\"},\"thumbnailUrl\":\"https:\/\/www.skamet.ee\/wp-content\/uploads\/2024\/10\/B-80-VRV-1-scaled.jpg\",\"datePublished\":\"2024-10-25T06:46:08+00:00\",\"dateModified\":\"2026-01-28T12:18:22+00:00\",\"breadcrumb\":{\"@id\":\"https:\/\/www.skamet.ee\/lt\/tooted\/b-80-vrv\/#breadcrumb\"},\"inLanguage\":\"lt\",\"potentialAction\":[{\"@type\":\"ReadAction\",\"target\":[\"https:\/\/www.skamet.ee\/lt\/tooted\/b-80-vrv\/\"]}]},{\"@type\":\"ImageObject\",\"inLanguage\":\"lt\",\"@id\":\"https:\/\/www.skamet.ee\/lt\/tooted\/b-80-vrv\/#primaryimage\",\"url\":\"https:\/\/www.skamet.ee\/wp-content\/uploads\/2024\/10\/B-80-VRV-1-scaled.jpg\",\"contentUrl\":\"https:\/\/www.skamet.ee\/wp-content\/uploads\/2024\/10\/B-80-VRV-1-scaled.jpg\",\"width\":1708,\"height\":2560,\"caption\":\"B 80 VRV 1 scaled\"},{\"@type\":\"BreadcrumbList\",\"@id\":\"https:\/\/www.skamet.ee\/lt\/tooted\/b-80-vrv\/#breadcrumb\",\"itemListElement\":[{\"@type\":\"ListItem\",\"position\":1,\"name\":\"Home\",\"item\":\"https:\/\/www.skamet.ee\/fi\/\"},{\"@type\":\"ListItem\",\"position\":2,\"name\":\"Produktai\",\"item\":\"https:\/\/www.skamet.ee\/lt\/shop-2\/\"},{\"@type\":\"ListItem\",\"position\":3,\"name\":\"Boileris B-80 VRV\"}]},{\"@type\":\"WebSite\",\"@id\":\"https:\/\/www.skamet.ee\/#website\",\"url\":\"https:\/\/www.skamet.ee\/\",\"name\":\"Skamet O\u00dc\",\"description\":\"Efektiivsed puuk\u00fcttega saunaahjud Eesti tootjalt\",\"publisher\":{\"@id\":\"https:\/\/www.skamet.ee\/#organization\"},\"potentialAction\":[{\"@type\":\"SearchAction\",\"target\":{\"@type\":\"EntryPoint\",\"urlTemplate\":\"https:\/\/www.skamet.ee\/?s={search_term_string}\"},\"query-input\":{\"@type\":\"PropertyValueSpecification\",\"valueRequired\":true,\"valueName\":\"search_term_string\"}}],\"inLanguage\":\"lt\"},{\"@type\":\"Organization\",\"@id\":\"https:\/\/www.skamet.ee\/#organization\",\"name\":\"Skamet\",\"url\":\"https:\/\/www.skamet.ee\/\",\"logo\":{\"@type\":\"ImageObject\",\"inLanguage\":\"lt\",\"@id\":\"https:\/\/www.skamet.ee\/#\/schema\/logo\/image\/\",\"url\":\"https:\/\/www.skamet.ee\/wp-content\/uploads\/2015\/05\/logo-uus.png\",\"contentUrl\":\"https:\/\/www.skamet.ee\/wp-content\/uploads\/2015\/05\/logo-uus.png\",\"width\":300,\"height\":127,\"caption\":\"Skamet\"},\"image\":{\"@id\":\"https:\/\/www.skamet.ee\/#\/schema\/logo\/image\/\"}}]}<\/script>\n<!-- \/ Yoast SEO plugin. -->","yoast_head_json":{"title":"Boileris B-80 VRV - Skamet","robots":{"index":"index","follow":"follow","max-snippet":"max-snippet:-1","max-image-preview":"max-image-preview:large","max-video-preview":"max-video-preview:-1"},"canonical":"https:\/\/www.skamet.ee\/lt\/tooted\/b-80-vrv\/","og_locale":"lt_LT","og_type":"article","og_title":"Boileris B-80 VRV - Skamet","og_description":"U\u017edaro tipo 80 litr\u0173 boileris i\u0161 ner\u016bdijan\u010dio metalo, vertikalus (\u00d8 450 mm arba \u00d8 400 mm). Vertikalios montavimo pad\u0117ties ir","og_url":"https:\/\/www.skamet.ee\/lt\/tooted\/b-80-vrv\/","og_site_name":"Skamet","article_modified_time":"2026-01-28T12:18:22+00:00","og_image":[{"width":1708,"height":2560,"url":"https:\/\/www.skamet.ee\/wp-content\/uploads\/2024\/10\/B-80-VRV-1-scaled.jpg","type":"image\/jpeg"}],"twitter_card":"summary_large_image","schema":{"@context":"https:\/\/schema.org","@graph":[{"@type":"WebPage","@id":"https:\/\/www.skamet.ee\/lt\/tooted\/b-80-vrv\/","url":"https:\/\/www.skamet.ee\/lt\/tooted\/b-80-vrv\/","name":"Boileris B-80 VRV - Skamet","isPartOf":{"@id":"https:\/\/www.skamet.ee\/#website"},"primaryImageOfPage":{"@id":"https:\/\/www.skamet.ee\/lt\/tooted\/b-80-vrv\/#primaryimage"},"image":{"@id":"https:\/\/www.skamet.ee\/lt\/tooted\/b-80-vrv\/#primaryimage"},"thumbnailUrl":"https:\/\/www.skamet.ee\/wp-content\/uploads\/2024\/10\/B-80-VRV-1-scaled.jpg","datePublished":"2024-10-25T06:46:08+00:00","dateModified":"2026-01-28T12:18:22+00:00","breadcrumb":{"@id":"https:\/\/www.skamet.ee\/lt\/tooted\/b-80-vrv\/#breadcrumb"},"inLanguage":"lt","potentialAction":[{"@type":"ReadAction","target":["https:\/\/www.skamet.ee\/lt\/tooted\/b-80-vrv\/"]}]},{"@type":"ImageObject","inLanguage":"lt","@id":"https:\/\/www.skamet.ee\/lt\/tooted\/b-80-vrv\/#primaryimage","url":"https:\/\/www.skamet.ee\/wp-content\/uploads\/2024\/10\/B-80-VRV-1-scaled.jpg","contentUrl":"https:\/\/www.skamet.ee\/wp-content\/uploads\/2024\/10\/B-80-VRV-1-scaled.jpg","width":1708,"height":2560,"caption":"B 80 VRV 1 scaled"},{"@type":"BreadcrumbList","@id":"https:\/\/www.skamet.ee\/lt\/tooted\/b-80-vrv\/#breadcrumb","itemListElement":[{"@type":"ListItem","position":1,"name":"Home","item":"https:\/\/www.skamet.ee\/fi\/"},{"@type":"ListItem","position":2,"name":"Produktai","item":"https:\/\/www.skamet.ee\/lt\/shop-2\/"},{"@type":"ListItem","position":3,"name":"Boileris B-80 VRV"}]},{"@type":"WebSite","@id":"https:\/\/www.skamet.ee\/#website","url":"https:\/\/www.skamet.ee\/","name":"Skamet O\u00dc","description":"Efektiivsed puuk\u00fcttega saunaahjud Eesti tootjalt","publisher":{"@id":"https:\/\/www.skamet.ee\/#organization"},"potentialAction":[{"@type":"SearchAction","target":{"@type":"EntryPoint","urlTemplate":"https:\/\/www.skamet.ee\/?s={search_term_string}"},"query-input":{"@type":"PropertyValueSpecification","valueRequired":true,"valueName":"search_term_string"}}],"inLanguage":"lt"},{"@type":"Organization","@id":"https:\/\/www.skamet.ee\/#organization","name":"Skamet","url":"https:\/\/www.skamet.ee\/","logo":{"@type":"ImageObject","inLanguage":"lt","@id":"https:\/\/www.skamet.ee\/#\/schema\/logo\/image\/","url":"https:\/\/www.skamet.ee\/wp-content\/uploads\/2015\/05\/logo-uus.png","contentUrl":"https:\/\/www.skamet.ee\/wp-content\/uploads\/2015\/05\/logo-uus.png","width":300,"height":127,"caption":"Skamet"},"image":{"@id":"https:\/\/www.skamet.ee\/#\/schema\/logo\/image\/"}}]}},"_links":{"self":[{"href":"https:\/\/www.skamet.ee\/lt\/wp-json\/wp\/v2\/product\/49239","targetHints":{"allow":["GET"]}}],"collection":[{"href":"https:\/\/www.skamet.ee\/lt\/wp-json\/wp\/v2\/product"}],"about":[{"href":"https:\/\/www.skamet.ee\/lt\/wp-json\/wp\/v2\/types\/product"}],"version-history":[{"count":1,"href":"https:\/\/www.skamet.ee\/lt\/wp-json\/wp\/v2\/product\/49239\/revisions"}],"predecessor-version":[{"id":54545,"href":"https:\/\/www.skamet.ee\/lt\/wp-json\/wp\/v2\/product\/49239\/revisions\/54545"}],"wp:featuredmedia":[{"embeddable":true,"href":"https:\/\/www.skamet.ee\/lt\/wp-json\/wp\/v2\/media\/50756"}],"wp:attachment":[{"href":"https:\/\/www.skamet.ee\/lt\/wp-json\/wp\/v2\/media?parent=49239"}],"wp:term":[{"taxonomy":"product_brand","embeddable":true,"href":"https:\/\/www.skamet.ee\/lt\/wp-json\/wp\/v2\/product_brand?post=49239"},{"taxonomy":"product_cat","embeddable":true,"href":"https:\/\/www.skamet.ee\/lt\/wp-json\/wp\/v2\/product_cat?post=49239"},{"taxonomy":"product_tag","embeddable":true,"href":"https:\/\/www.skamet.ee\/lt\/wp-json\/wp\/v2\/product_tag?post=49239"}],"curies":[{"name":"wp","href":"https:\/\/api.w.org\/{rel}","templated":true}]}}