{"id":49247,"date":"2024-06-18T09:00:38","date_gmt":"2024-06-18T06:00:38","guid":{"rendered":"https:\/\/www.skamet.ee\/tooted\/uncategorized\/p-116\/"},"modified":"2026-01-27T18:36:12","modified_gmt":"2026-01-27T16:36:12","slug":"p-116","status":"publish","type":"product","link":"https:\/\/www.skamet.ee\/lt\/tooted\/p-116\/","title":{"rendered":"Malkin\u0117 pirties krosnel\u0117 P-116"},"content":{"rendered":"<h3 data-start=\"98\" data-end=\"138\"><strong data-start=\"102\" data-end=\"138\">Standartinio gaminio parametrai:<\/strong><\/h3>\n<ul data-start=\"139\" data-end=\"300\">\n<li data-start=\"139\" data-end=\"160\">\n<p data-start=\"141\" data-end=\"160\">metalin\u0117s durel\u0117s<\/p>\n<\/li>\n<li data-start=\"161\" data-end=\"209\">\n<p data-start=\"163\" data-end=\"209\">d\u016bmtraukio prijungimas i\u0161 vir\u0161aus ir i\u0161 galo<\/p>\n<\/li>\n<li data-start=\"210\" data-end=\"243\">\n<p data-start=\"212\" data-end=\"243\">kar\u0161\u010diui atspari juoda spalva<\/p>\n<\/li>\n<li data-start=\"244\" data-end=\"277\">\n<p data-start=\"246\" data-end=\"277\">dureli\u0173 vyriai kair\u0117je pus\u0117je<\/p>\n<\/li>\n<li data-start=\"278\" data-end=\"300\">\n<p data-start=\"280\" data-end=\"300\">metalinis korpusas<\/p>\n<\/li>\n<\/ul>\n<p data-start=\"302\" data-end=\"373\">\ud83d\udcd8 <strong data-start=\"305\" data-end=\"373\">Daugiau informacijos apie gamin\u012f rasite naudojimo <a href=\"https:\/\/skamet.ee\/wp-content\/uploads\/2014\/04\/LT-RU-veeb-tabelid.pdf\" target=\"_blank\" rel=\"noopener\"><span style=\"color: #0000ff;\">instrukcijoje.<\/span><\/a><\/strong><\/p>\n<p>&nbsp;<\/p>\n","protected":false},"excerpt":{"rendered":"<p>Standartinio gaminio parametrai: metalin\u0117s durel\u0117s d\u016bmtraukio prijungimas i\u0161 vir\u0161aus ir i\u0161 galo kar\u0161\u010diui atspari juoda spalva dureli\u0173 vyriai kair\u0117je pus\u0117je<\/p>\n","protected":false},"featured_media":50840,"template":"","meta":{"_lmt_disableupdate":"","_lmt_disable":""},"product_brand":[],"product_cat":[1089],"product_tag":[],"class_list":{"0":"post-49247","1":"product","2":"type-product","3":"status-publish","4":"has-post-thumbnail","6":"product_cat-pirties-krosnys-8-18-m3","8":"first","9":"instock","10":"shipping-taxable","11":"product-type-simple"},"yoast_head":"<!-- This site is optimized with the Yoast SEO plugin v27.0 - https:\/\/yoast.com\/product\/yoast-seo-wordpress\/ -->\n<title>Malkin\u0117 pirties krosnel\u0117 P-116 - Skamet<\/title>\n<meta name=\"robots\" content=\"index, follow, max-snippet:-1, max-image-preview:large, max-video-preview:-1\" \/>\n<link rel=\"canonical\" href=\"https:\/\/www.skamet.ee\/lt\/tooted\/p-116\/\" \/>\n<meta property=\"og:locale\" content=\"lt_LT\" \/>\n<meta property=\"og:type\" content=\"article\" \/>\n<meta property=\"og:title\" content=\"Malkin\u0117 pirties krosnel\u0117 P-116 - Skamet\" \/>\n<meta property=\"og:description\" content=\"Standartinio gaminio parametrai: metalin\u0117s durel\u0117s d\u016bmtraukio prijungimas i\u0161 vir\u0161aus ir i\u0161 galo kar\u0161\u010diui atspari juoda spalva dureli\u0173 vyriai kair\u0117je pus\u0117je\" \/>\n<meta property=\"og:url\" content=\"https:\/\/www.skamet.ee\/lt\/tooted\/p-116\/\" \/>\n<meta property=\"og:site_name\" content=\"Skamet\" \/>\n<meta property=\"article:modified_time\" content=\"2026-01-27T16:36:12+00:00\" \/>\n<meta property=\"og:image\" content=\"https:\/\/www.skamet.ee\/wp-content\/uploads\/2025\/06\/P-116-GL-scaled.jpg\" \/>\n\t<meta property=\"og:image:width\" content=\"1708\" \/>\n\t<meta property=\"og:image:height\" content=\"2560\" \/>\n\t<meta property=\"og:image:type\" content=\"image\/jpeg\" \/>\n<meta name=\"twitter:card\" content=\"summary_large_image\" \/>\n<script type=\"application\/ld+json\" class=\"yoast-schema-graph\">{\"@context\":\"https:\/\/schema.org\",\"@graph\":[{\"@type\":\"WebPage\",\"@id\":\"https:\/\/www.skamet.ee\/lt\/tooted\/p-116\/\",\"url\":\"https:\/\/www.skamet.ee\/lt\/tooted\/p-116\/\",\"name\":\"Malkin\u0117 pirties krosnel\u0117 P-116 - Skamet\",\"isPartOf\":{\"@id\":\"https:\/\/www.skamet.ee\/#website\"},\"primaryImageOfPage\":{\"@id\":\"https:\/\/www.skamet.ee\/lt\/tooted\/p-116\/#primaryimage\"},\"image\":{\"@id\":\"https:\/\/www.skamet.ee\/lt\/tooted\/p-116\/#primaryimage\"},\"thumbnailUrl\":\"https:\/\/www.skamet.ee\/wp-content\/uploads\/2025\/06\/P-116-GL-scaled.jpg\",\"datePublished\":\"2024-06-18T06:00:38+00:00\",\"dateModified\":\"2026-01-27T16:36:12+00:00\",\"breadcrumb\":{\"@id\":\"https:\/\/www.skamet.ee\/lt\/tooted\/p-116\/#breadcrumb\"},\"inLanguage\":\"lt\",\"potentialAction\":[{\"@type\":\"ReadAction\",\"target\":[\"https:\/\/www.skamet.ee\/lt\/tooted\/p-116\/\"]}]},{\"@type\":\"ImageObject\",\"inLanguage\":\"lt\",\"@id\":\"https:\/\/www.skamet.ee\/lt\/tooted\/p-116\/#primaryimage\",\"url\":\"https:\/\/www.skamet.ee\/wp-content\/uploads\/2025\/06\/P-116-GL-scaled.jpg\",\"contentUrl\":\"https:\/\/www.skamet.ee\/wp-content\/uploads\/2025\/06\/P-116-GL-scaled.jpg\",\"width\":1708,\"height\":2560,\"caption\":\"P 116 GL scaled\"},{\"@type\":\"BreadcrumbList\",\"@id\":\"https:\/\/www.skamet.ee\/lt\/tooted\/p-116\/#breadcrumb\",\"itemListElement\":[{\"@type\":\"ListItem\",\"position\":1,\"name\":\"Home\",\"item\":\"https:\/\/www.skamet.ee\/fi\/\"},{\"@type\":\"ListItem\",\"position\":2,\"name\":\"Produktai\",\"item\":\"https:\/\/www.skamet.ee\/lt\/shop-2\/\"},{\"@type\":\"ListItem\",\"position\":3,\"name\":\"Malkin\u0117 pirties krosnel\u0117 P-116\"}]},{\"@type\":\"WebSite\",\"@id\":\"https:\/\/www.skamet.ee\/#website\",\"url\":\"https:\/\/www.skamet.ee\/\",\"name\":\"Skamet O\u00dc\",\"description\":\"Efektiivsed puuk\u00fcttega saunaahjud Eesti tootjalt\",\"publisher\":{\"@id\":\"https:\/\/www.skamet.ee\/#organization\"},\"potentialAction\":[{\"@type\":\"SearchAction\",\"target\":{\"@type\":\"EntryPoint\",\"urlTemplate\":\"https:\/\/www.skamet.ee\/?s={search_term_string}\"},\"query-input\":{\"@type\":\"PropertyValueSpecification\",\"valueRequired\":true,\"valueName\":\"search_term_string\"}}],\"inLanguage\":\"lt\"},{\"@type\":\"Organization\",\"@id\":\"https:\/\/www.skamet.ee\/#organization\",\"name\":\"Skamet\",\"url\":\"https:\/\/www.skamet.ee\/\",\"logo\":{\"@type\":\"ImageObject\",\"inLanguage\":\"lt\",\"@id\":\"https:\/\/www.skamet.ee\/#\/schema\/logo\/image\/\",\"url\":\"https:\/\/www.skamet.ee\/wp-content\/uploads\/2015\/05\/logo-uus.png\",\"contentUrl\":\"https:\/\/www.skamet.ee\/wp-content\/uploads\/2015\/05\/logo-uus.png\",\"width\":300,\"height\":127,\"caption\":\"Skamet\"},\"image\":{\"@id\":\"https:\/\/www.skamet.ee\/#\/schema\/logo\/image\/\"}}]}<\/script>\n<!-- \/ Yoast SEO plugin. -->","yoast_head_json":{"title":"Malkin\u0117 pirties krosnel\u0117 P-116 - Skamet","robots":{"index":"index","follow":"follow","max-snippet":"max-snippet:-1","max-image-preview":"max-image-preview:large","max-video-preview":"max-video-preview:-1"},"canonical":"https:\/\/www.skamet.ee\/lt\/tooted\/p-116\/","og_locale":"lt_LT","og_type":"article","og_title":"Malkin\u0117 pirties krosnel\u0117 P-116 - Skamet","og_description":"Standartinio gaminio parametrai: metalin\u0117s durel\u0117s d\u016bmtraukio prijungimas i\u0161 vir\u0161aus ir i\u0161 galo kar\u0161\u010diui atspari juoda spalva dureli\u0173 vyriai kair\u0117je pus\u0117je","og_url":"https:\/\/www.skamet.ee\/lt\/tooted\/p-116\/","og_site_name":"Skamet","article_modified_time":"2026-01-27T16:36:12+00:00","og_image":[{"width":1708,"height":2560,"url":"https:\/\/www.skamet.ee\/wp-content\/uploads\/2025\/06\/P-116-GL-scaled.jpg","type":"image\/jpeg"}],"twitter_card":"summary_large_image","schema":{"@context":"https:\/\/schema.org","@graph":[{"@type":"WebPage","@id":"https:\/\/www.skamet.ee\/lt\/tooted\/p-116\/","url":"https:\/\/www.skamet.ee\/lt\/tooted\/p-116\/","name":"Malkin\u0117 pirties krosnel\u0117 P-116 - Skamet","isPartOf":{"@id":"https:\/\/www.skamet.ee\/#website"},"primaryImageOfPage":{"@id":"https:\/\/www.skamet.ee\/lt\/tooted\/p-116\/#primaryimage"},"image":{"@id":"https:\/\/www.skamet.ee\/lt\/tooted\/p-116\/#primaryimage"},"thumbnailUrl":"https:\/\/www.skamet.ee\/wp-content\/uploads\/2025\/06\/P-116-GL-scaled.jpg","datePublished":"2024-06-18T06:00:38+00:00","dateModified":"2026-01-27T16:36:12+00:00","breadcrumb":{"@id":"https:\/\/www.skamet.ee\/lt\/tooted\/p-116\/#breadcrumb"},"inLanguage":"lt","potentialAction":[{"@type":"ReadAction","target":["https:\/\/www.skamet.ee\/lt\/tooted\/p-116\/"]}]},{"@type":"ImageObject","inLanguage":"lt","@id":"https:\/\/www.skamet.ee\/lt\/tooted\/p-116\/#primaryimage","url":"https:\/\/www.skamet.ee\/wp-content\/uploads\/2025\/06\/P-116-GL-scaled.jpg","contentUrl":"https:\/\/www.skamet.ee\/wp-content\/uploads\/2025\/06\/P-116-GL-scaled.jpg","width":1708,"height":2560,"caption":"P 116 GL scaled"},{"@type":"BreadcrumbList","@id":"https:\/\/www.skamet.ee\/lt\/tooted\/p-116\/#breadcrumb","itemListElement":[{"@type":"ListItem","position":1,"name":"Home","item":"https:\/\/www.skamet.ee\/fi\/"},{"@type":"ListItem","position":2,"name":"Produktai","item":"https:\/\/www.skamet.ee\/lt\/shop-2\/"},{"@type":"ListItem","position":3,"name":"Malkin\u0117 pirties krosnel\u0117 P-116"}]},{"@type":"WebSite","@id":"https:\/\/www.skamet.ee\/#website","url":"https:\/\/www.skamet.ee\/","name":"Skamet O\u00dc","description":"Efektiivsed puuk\u00fcttega saunaahjud Eesti tootjalt","publisher":{"@id":"https:\/\/www.skamet.ee\/#organization"},"potentialAction":[{"@type":"SearchAction","target":{"@type":"EntryPoint","urlTemplate":"https:\/\/www.skamet.ee\/?s={search_term_string}"},"query-input":{"@type":"PropertyValueSpecification","valueRequired":true,"valueName":"search_term_string"}}],"inLanguage":"lt"},{"@type":"Organization","@id":"https:\/\/www.skamet.ee\/#organization","name":"Skamet","url":"https:\/\/www.skamet.ee\/","logo":{"@type":"ImageObject","inLanguage":"lt","@id":"https:\/\/www.skamet.ee\/#\/schema\/logo\/image\/","url":"https:\/\/www.skamet.ee\/wp-content\/uploads\/2015\/05\/logo-uus.png","contentUrl":"https:\/\/www.skamet.ee\/wp-content\/uploads\/2015\/05\/logo-uus.png","width":300,"height":127,"caption":"Skamet"},"image":{"@id":"https:\/\/www.skamet.ee\/#\/schema\/logo\/image\/"}}]}},"_links":{"self":[{"href":"https:\/\/www.skamet.ee\/lt\/wp-json\/wp\/v2\/product\/49247","targetHints":{"allow":["GET"]}}],"collection":[{"href":"https:\/\/www.skamet.ee\/lt\/wp-json\/wp\/v2\/product"}],"about":[{"href":"https:\/\/www.skamet.ee\/lt\/wp-json\/wp\/v2\/types\/product"}],"version-history":[{"count":1,"href":"https:\/\/www.skamet.ee\/lt\/wp-json\/wp\/v2\/product\/49247\/revisions"}],"predecessor-version":[{"id":54346,"href":"https:\/\/www.skamet.ee\/lt\/wp-json\/wp\/v2\/product\/49247\/revisions\/54346"}],"wp:featuredmedia":[{"embeddable":true,"href":"https:\/\/www.skamet.ee\/lt\/wp-json\/wp\/v2\/media\/50840"}],"wp:attachment":[{"href":"https:\/\/www.skamet.ee\/lt\/wp-json\/wp\/v2\/media?parent=49247"}],"wp:term":[{"taxonomy":"product_brand","embeddable":true,"href":"https:\/\/www.skamet.ee\/lt\/wp-json\/wp\/v2\/product_brand?post=49247"},{"taxonomy":"product_cat","embeddable":true,"href":"https:\/\/www.skamet.ee\/lt\/wp-json\/wp\/v2\/product_cat?post=49247"},{"taxonomy":"product_tag","embeddable":true,"href":"https:\/\/www.skamet.ee\/lt\/wp-json\/wp\/v2\/product_tag?post=49247"}],"curies":[{"name":"wp","href":"https:\/\/api.w.org\/{rel}","templated":true}]}}