{"id":49249,"date":"2024-06-12T12:54:43","date_gmt":"2024-06-12T09:54:43","guid":{"rendered":"https:\/\/www.skamet.ee\/tooted\/uncategorized\/bot-40-rv\/"},"modified":"2026-01-28T14:26:00","modified_gmt":"2026-01-28T12:26:00","slug":"bot-40-rv","status":"publish","type":"product","link":"https:\/\/www.skamet.ee\/lt\/tooted\/bot-40-rv\/","title":{"rendered":"Atviras vandens boileris d\u016bmtraukiui BOT-40 RV"},"content":{"rendered":"<div class=\"flex flex-col text-sm pb-25\">\n<article class=\"text-token-text-primary w-full focus:outline-none [--shadow-height:45px] has-data-writing-block:pointer-events-none has-data-writing-block:-mt-(--shadow-height) has-data-writing-block:pt-(--shadow-height) [&amp;:has([data-writing-block])&gt;*]:pointer-events-auto scroll-mt-[calc(var(--header-height)+min(200px,max(70px,20svh)))]\" dir=\"auto\" tabindex=\"-1\" data-turn-id=\"59ea3894-5cd2-4714-bf1c-ffbceb05f32e\" data-testid=\"conversation-turn-394\" data-scroll-anchor=\"true\" data-turn=\"assistant\">\n<div class=\"text-base my-auto mx-auto pb-10 [--thread-content-margin:--spacing(4)] @w-sm\/main:[--thread-content-margin:--spacing(6)] @w-lg\/main:[--thread-content-margin:--spacing(16)] px-(--thread-content-margin)\">\n<div class=\"[--thread-content-max-width:40rem] @w-lg\/main:[--thread-content-max-width:48rem] mx-auto max-w-(--thread-content-max-width) flex-1 group\/turn-messages focus-visible:outline-hidden relative flex w-full min-w-0 flex-col agent-turn\" tabindex=\"-1\">\n<div class=\"flex max-w-full flex-col grow\">\n<div class=\"min-h-8 text-message relative flex w-full flex-col items-end gap-2 text-start break-words whitespace-normal [.text-message+&amp;]:mt-1\" dir=\"auto\" data-message-author-role=\"assistant\" data-message-id=\"f21afc50-9012-4f7b-882e-d6d38070fb53\" data-message-model-slug=\"gpt-5-2\">\n<div class=\"flex w-full flex-col gap-1 empty:hidden first:pt-[1px]\">\n<div class=\"markdown prose dark:prose-invert w-full wrap-break-word light markdown-new-styling\">\n<p data-start=\"15\" data-end=\"241\"><strong data-start=\"15\" data-end=\"241\">Ner\u016bdijan\u010dio plieno vandens bakas \u2013 patogus ir prakti\u0161kas sprendimas j\u016bs\u0173 malkomis k\u016brenamai pir\u010diai. 40 litr\u0173 ner\u016bdijan\u010dio plieno talpa montuojama aplink krosnel\u0117s d\u016bmtraukio vamzd\u012f ir k\u016brenimo metu greitai \u0161ildo vanden\u012f.<\/strong><\/p>\n<p data-start=\"243\" data-end=\"264\"><strong data-start=\"243\" data-end=\"264\">Produkto savyb\u0117s:<\/strong><\/p>\n<ul data-start=\"265\" data-end=\"570\">\n<li data-start=\"265\" data-end=\"284\">\n<p data-start=\"267\" data-end=\"284\">Talpa: 40 litr\u0173<\/p>\n<\/li>\n<li data-start=\"285\" data-end=\"319\">\n<p data-start=\"287\" data-end=\"319\">Med\u017eiaga: ner\u016bdijantis plienas<\/p>\n<\/li>\n<li data-start=\"320\" data-end=\"373\">\n<p data-start=\"322\" data-end=\"373\">Konstrukcija: montuojama aplink d\u016bmtraukio vamzd\u012f<\/p>\n<\/li>\n<li data-start=\"374\" data-end=\"414\">\n<p data-start=\"376\" data-end=\"414\">D\u016bmtraukio vamzd\u017eio skersmuo: 115 mm<\/p>\n<\/li>\n<li data-start=\"415\" data-end=\"489\">\n<p data-start=\"417\" data-end=\"489\">Komplekte: vandens bakas, i\u0161leidimo \u010diaupas, 300 mm d\u016bmtraukio vamzdis<\/p>\n<\/li>\n<li data-start=\"490\" data-end=\"570\">\n<p data-start=\"492\" data-end=\"570\">Pakuot\u0117s matmenys: 37 cm gylis \u00d7 45 cm plotis \u00d7 60 cm auk\u0161tis; svoris \u2013 7 kg<\/p>\n<\/li>\n<\/ul>\n<p data-start=\"572\" data-end=\"587\"><strong data-start=\"572\" data-end=\"587\">Naudojimas:<\/strong><\/p>\n<ol data-start=\"588\" data-end=\"793\" data-is-last-node=\"\" data-is-only-node=\"\">\n<li data-start=\"588\" data-end=\"646\">\n<p data-start=\"591\" data-end=\"646\">Sumontuokite bak\u0105 aplink krosnel\u0117s d\u016bmtraukio vamzd\u012f.<\/p>\n<\/li>\n<li data-start=\"647\" data-end=\"699\">\n<p data-start=\"650\" data-end=\"699\">U\u017epildykite bak\u0105 vandeniu per vir\u0161utin\u012f dangt\u012f.<\/p>\n<\/li>\n<li data-start=\"700\" data-end=\"746\">\n<p data-start=\"703\" data-end=\"746\">K\u016brenimo metu vanduo palaipsniui \u012fkaista.<\/p>\n<\/li>\n<li data-start=\"747\" data-end=\"793\" data-is-last-node=\"\">\n<p data-start=\"750\" data-end=\"793\" data-is-last-node=\"\">\u0160ilt\u0105 vanden\u012f naudokite per apatin\u012f \u010diaup\u0105.<\/p>\n<\/li>\n<\/ol>\n<\/div>\n<\/div>\n<\/div>\n<\/div>\n<div class=\"z-0 flex min-h-[46px] justify-start\"><\/div>\n<div class=\"mt-3 w-full empty:hidden\">\n<div class=\"text-center\"><\/div>\n<\/div>\n<\/div>\n<\/div>\n<\/article>\n<\/div>\n<div class=\"pointer-events-none h-px w-px absolute bottom-0\" aria-hidden=\"true\" data-edge=\"true\"><\/div>\n","protected":false},"excerpt":{"rendered":"<p>Ner\u016bdijan\u010dio plieno vandens bakas \u2013 patogus ir prakti\u0161kas sprendimas j\u016bs\u0173 malkomis k\u016brenamai pir\u010diai. 40 litr\u0173 ner\u016bdijan\u010dio plieno talpa montuojama aplink<\/p>\n","protected":false},"featured_media":43743,"template":"","meta":{"_lmt_disableupdate":"","_lmt_disable":""},"product_brand":[],"product_cat":[973,1106,1108],"product_tag":[],"class_list":{"0":"post-49249","1":"product","2":"type-product","3":"status-publish","4":"has-post-thumbnail","6":"product_cat-talpyklos-vandeniui","7":"product_cat-atviri-vandens-katilai","8":"product_cat-atidarykite-vandens-katila-aplink-dumtaki","10":"first","11":"instock","12":"shipping-taxable","13":"product-type-simple"},"yoast_head":"<!-- This site is optimized with the Yoast SEO plugin v27.0 - https:\/\/yoast.com\/product\/yoast-seo-wordpress\/ -->\n<title>Atviras vandens boileris d\u016bmtraukiui BOT-40 RV - Skamet<\/title>\n<meta name=\"robots\" content=\"index, follow, max-snippet:-1, max-image-preview:large, max-video-preview:-1\" \/>\n<link rel=\"canonical\" href=\"https:\/\/www.skamet.ee\/lt\/tooted\/bot-40-rv\/\" \/>\n<meta property=\"og:locale\" content=\"lt_LT\" \/>\n<meta property=\"og:type\" content=\"article\" \/>\n<meta property=\"og:title\" content=\"Atviras vandens boileris d\u016bmtraukiui BOT-40 RV - Skamet\" \/>\n<meta property=\"og:description\" content=\"Ner\u016bdijan\u010dio plieno vandens bakas \u2013 patogus ir prakti\u0161kas sprendimas j\u016bs\u0173 malkomis k\u016brenamai pir\u010diai. 40 litr\u0173 ner\u016bdijan\u010dio plieno talpa montuojama aplink\" \/>\n<meta property=\"og:url\" content=\"https:\/\/www.skamet.ee\/lt\/tooted\/bot-40-rv\/\" \/>\n<meta property=\"og:site_name\" content=\"Skamet\" \/>\n<meta property=\"article:modified_time\" content=\"2026-01-28T12:26:00+00:00\" \/>\n<meta property=\"og:image\" content=\"https:\/\/www.skamet.ee\/wp-content\/uploads\/2024\/06\/BOT-40-RV-scaled.jpg\" \/>\n\t<meta property=\"og:image:width\" content=\"1708\" \/>\n\t<meta property=\"og:image:height\" content=\"2560\" \/>\n\t<meta property=\"og:image:type\" content=\"image\/jpeg\" \/>\n<meta name=\"twitter:card\" content=\"summary_large_image\" \/>\n<meta name=\"twitter:label1\" content=\"Est. reading time\" \/>\n\t<meta name=\"twitter:data1\" content=\"1 minute\" \/>\n<script type=\"application\/ld+json\" class=\"yoast-schema-graph\">{\"@context\":\"https:\/\/schema.org\",\"@graph\":[{\"@type\":\"WebPage\",\"@id\":\"https:\/\/www.skamet.ee\/lt\/tooted\/bot-40-rv\/\",\"url\":\"https:\/\/www.skamet.ee\/lt\/tooted\/bot-40-rv\/\",\"name\":\"Atviras vandens boileris d\u016bmtraukiui BOT-40 RV - Skamet\",\"isPartOf\":{\"@id\":\"https:\/\/www.skamet.ee\/#website\"},\"primaryImageOfPage\":{\"@id\":\"https:\/\/www.skamet.ee\/lt\/tooted\/bot-40-rv\/#primaryimage\"},\"image\":{\"@id\":\"https:\/\/www.skamet.ee\/lt\/tooted\/bot-40-rv\/#primaryimage\"},\"thumbnailUrl\":\"https:\/\/www.skamet.ee\/wp-content\/uploads\/2024\/06\/BOT-40-RV-scaled.jpg\",\"datePublished\":\"2024-06-12T09:54:43+00:00\",\"dateModified\":\"2026-01-28T12:26:00+00:00\",\"breadcrumb\":{\"@id\":\"https:\/\/www.skamet.ee\/lt\/tooted\/bot-40-rv\/#breadcrumb\"},\"inLanguage\":\"lt\",\"potentialAction\":[{\"@type\":\"ReadAction\",\"target\":[\"https:\/\/www.skamet.ee\/lt\/tooted\/bot-40-rv\/\"]}]},{\"@type\":\"ImageObject\",\"inLanguage\":\"lt\",\"@id\":\"https:\/\/www.skamet.ee\/lt\/tooted\/bot-40-rv\/#primaryimage\",\"url\":\"https:\/\/www.skamet.ee\/wp-content\/uploads\/2024\/06\/BOT-40-RV-scaled.jpg\",\"contentUrl\":\"https:\/\/www.skamet.ee\/wp-content\/uploads\/2024\/06\/BOT-40-RV-scaled.jpg\",\"width\":1708,\"height\":2560,\"caption\":\"BOT 40 RV scaled\"},{\"@type\":\"BreadcrumbList\",\"@id\":\"https:\/\/www.skamet.ee\/lt\/tooted\/bot-40-rv\/#breadcrumb\",\"itemListElement\":[{\"@type\":\"ListItem\",\"position\":1,\"name\":\"Home\",\"item\":\"https:\/\/www.skamet.ee\/fi\/\"},{\"@type\":\"ListItem\",\"position\":2,\"name\":\"Produktai\",\"item\":\"https:\/\/www.skamet.ee\/lt\/shop-2\/\"},{\"@type\":\"ListItem\",\"position\":3,\"name\":\"Atviras vandens boileris d\u016bmtraukiui BOT-40 RV\"}]},{\"@type\":\"WebSite\",\"@id\":\"https:\/\/www.skamet.ee\/#website\",\"url\":\"https:\/\/www.skamet.ee\/\",\"name\":\"Skamet O\u00dc\",\"description\":\"Efektiivsed puuk\u00fcttega saunaahjud Eesti tootjalt\",\"publisher\":{\"@id\":\"https:\/\/www.skamet.ee\/#organization\"},\"potentialAction\":[{\"@type\":\"SearchAction\",\"target\":{\"@type\":\"EntryPoint\",\"urlTemplate\":\"https:\/\/www.skamet.ee\/?s={search_term_string}\"},\"query-input\":{\"@type\":\"PropertyValueSpecification\",\"valueRequired\":true,\"valueName\":\"search_term_string\"}}],\"inLanguage\":\"lt\"},{\"@type\":\"Organization\",\"@id\":\"https:\/\/www.skamet.ee\/#organization\",\"name\":\"Skamet\",\"url\":\"https:\/\/www.skamet.ee\/\",\"logo\":{\"@type\":\"ImageObject\",\"inLanguage\":\"lt\",\"@id\":\"https:\/\/www.skamet.ee\/#\/schema\/logo\/image\/\",\"url\":\"https:\/\/www.skamet.ee\/wp-content\/uploads\/2015\/05\/logo-uus.png\",\"contentUrl\":\"https:\/\/www.skamet.ee\/wp-content\/uploads\/2015\/05\/logo-uus.png\",\"width\":300,\"height\":127,\"caption\":\"Skamet\"},\"image\":{\"@id\":\"https:\/\/www.skamet.ee\/#\/schema\/logo\/image\/\"}}]}<\/script>\n<!-- \/ Yoast SEO plugin. -->","yoast_head_json":{"title":"Atviras vandens boileris d\u016bmtraukiui BOT-40 RV - Skamet","robots":{"index":"index","follow":"follow","max-snippet":"max-snippet:-1","max-image-preview":"max-image-preview:large","max-video-preview":"max-video-preview:-1"},"canonical":"https:\/\/www.skamet.ee\/lt\/tooted\/bot-40-rv\/","og_locale":"lt_LT","og_type":"article","og_title":"Atviras vandens boileris d\u016bmtraukiui BOT-40 RV - Skamet","og_description":"Ner\u016bdijan\u010dio plieno vandens bakas \u2013 patogus ir prakti\u0161kas sprendimas j\u016bs\u0173 malkomis k\u016brenamai pir\u010diai. 40 litr\u0173 ner\u016bdijan\u010dio plieno talpa montuojama aplink","og_url":"https:\/\/www.skamet.ee\/lt\/tooted\/bot-40-rv\/","og_site_name":"Skamet","article_modified_time":"2026-01-28T12:26:00+00:00","og_image":[{"width":1708,"height":2560,"url":"https:\/\/www.skamet.ee\/wp-content\/uploads\/2024\/06\/BOT-40-RV-scaled.jpg","type":"image\/jpeg"}],"twitter_card":"summary_large_image","twitter_misc":{"Est. reading time":"1 minute"},"schema":{"@context":"https:\/\/schema.org","@graph":[{"@type":"WebPage","@id":"https:\/\/www.skamet.ee\/lt\/tooted\/bot-40-rv\/","url":"https:\/\/www.skamet.ee\/lt\/tooted\/bot-40-rv\/","name":"Atviras vandens boileris d\u016bmtraukiui BOT-40 RV - Skamet","isPartOf":{"@id":"https:\/\/www.skamet.ee\/#website"},"primaryImageOfPage":{"@id":"https:\/\/www.skamet.ee\/lt\/tooted\/bot-40-rv\/#primaryimage"},"image":{"@id":"https:\/\/www.skamet.ee\/lt\/tooted\/bot-40-rv\/#primaryimage"},"thumbnailUrl":"https:\/\/www.skamet.ee\/wp-content\/uploads\/2024\/06\/BOT-40-RV-scaled.jpg","datePublished":"2024-06-12T09:54:43+00:00","dateModified":"2026-01-28T12:26:00+00:00","breadcrumb":{"@id":"https:\/\/www.skamet.ee\/lt\/tooted\/bot-40-rv\/#breadcrumb"},"inLanguage":"lt","potentialAction":[{"@type":"ReadAction","target":["https:\/\/www.skamet.ee\/lt\/tooted\/bot-40-rv\/"]}]},{"@type":"ImageObject","inLanguage":"lt","@id":"https:\/\/www.skamet.ee\/lt\/tooted\/bot-40-rv\/#primaryimage","url":"https:\/\/www.skamet.ee\/wp-content\/uploads\/2024\/06\/BOT-40-RV-scaled.jpg","contentUrl":"https:\/\/www.skamet.ee\/wp-content\/uploads\/2024\/06\/BOT-40-RV-scaled.jpg","width":1708,"height":2560,"caption":"BOT 40 RV scaled"},{"@type":"BreadcrumbList","@id":"https:\/\/www.skamet.ee\/lt\/tooted\/bot-40-rv\/#breadcrumb","itemListElement":[{"@type":"ListItem","position":1,"name":"Home","item":"https:\/\/www.skamet.ee\/fi\/"},{"@type":"ListItem","position":2,"name":"Produktai","item":"https:\/\/www.skamet.ee\/lt\/shop-2\/"},{"@type":"ListItem","position":3,"name":"Atviras vandens boileris d\u016bmtraukiui BOT-40 RV"}]},{"@type":"WebSite","@id":"https:\/\/www.skamet.ee\/#website","url":"https:\/\/www.skamet.ee\/","name":"Skamet O\u00dc","description":"Efektiivsed puuk\u00fcttega saunaahjud Eesti tootjalt","publisher":{"@id":"https:\/\/www.skamet.ee\/#organization"},"potentialAction":[{"@type":"SearchAction","target":{"@type":"EntryPoint","urlTemplate":"https:\/\/www.skamet.ee\/?s={search_term_string}"},"query-input":{"@type":"PropertyValueSpecification","valueRequired":true,"valueName":"search_term_string"}}],"inLanguage":"lt"},{"@type":"Organization","@id":"https:\/\/www.skamet.ee\/#organization","name":"Skamet","url":"https:\/\/www.skamet.ee\/","logo":{"@type":"ImageObject","inLanguage":"lt","@id":"https:\/\/www.skamet.ee\/#\/schema\/logo\/image\/","url":"https:\/\/www.skamet.ee\/wp-content\/uploads\/2015\/05\/logo-uus.png","contentUrl":"https:\/\/www.skamet.ee\/wp-content\/uploads\/2015\/05\/logo-uus.png","width":300,"height":127,"caption":"Skamet"},"image":{"@id":"https:\/\/www.skamet.ee\/#\/schema\/logo\/image\/"}}]}},"_links":{"self":[{"href":"https:\/\/www.skamet.ee\/lt\/wp-json\/wp\/v2\/product\/49249","targetHints":{"allow":["GET"]}}],"collection":[{"href":"https:\/\/www.skamet.ee\/lt\/wp-json\/wp\/v2\/product"}],"about":[{"href":"https:\/\/www.skamet.ee\/lt\/wp-json\/wp\/v2\/types\/product"}],"version-history":[{"count":1,"href":"https:\/\/www.skamet.ee\/lt\/wp-json\/wp\/v2\/product\/49249\/revisions"}],"predecessor-version":[{"id":54548,"href":"https:\/\/www.skamet.ee\/lt\/wp-json\/wp\/v2\/product\/49249\/revisions\/54548"}],"wp:featuredmedia":[{"embeddable":true,"href":"https:\/\/www.skamet.ee\/lt\/wp-json\/wp\/v2\/media\/43743"}],"wp:attachment":[{"href":"https:\/\/www.skamet.ee\/lt\/wp-json\/wp\/v2\/media?parent=49249"}],"wp:term":[{"taxonomy":"product_brand","embeddable":true,"href":"https:\/\/www.skamet.ee\/lt\/wp-json\/wp\/v2\/product_brand?post=49249"},{"taxonomy":"product_cat","embeddable":true,"href":"https:\/\/www.skamet.ee\/lt\/wp-json\/wp\/v2\/product_cat?post=49249"},{"taxonomy":"product_tag","embeddable":true,"href":"https:\/\/www.skamet.ee\/lt\/wp-json\/wp\/v2\/product_tag?post=49249"}],"curies":[{"name":"wp","href":"https:\/\/api.w.org\/{rel}","templated":true}]}}