{"id":49252,"date":"2024-06-03T13:49:25","date_gmt":"2024-06-03T10:49:25","guid":{"rendered":"https:\/\/www.skamet.ee\/tooted\/uncategorized\/b-110-v\/"},"modified":"2026-01-28T12:27:57","modified_gmt":"2026-01-28T10:27:57","slug":"b-110-v","status":"publish","type":"product","link":"https:\/\/www.skamet.ee\/lt\/tooted\/b-110-v\/","title":{"rendered":"Boileris B-110 V"},"content":{"rendered":"<p data-start=\"15\" data-end=\"105\"><strong data-start=\"15\" data-end=\"105\">U\u017edaro tipo 110 litr\u0173 boileris (i\u0161 juodo metalo), vertikalus (\u00d8 450 mm arba \u00d8 400 mm).<\/strong><\/p>\n<p data-start=\"107\" data-end=\"315\">Vertikalios montavimo pad\u0117ties ir u\u017edaros sistemos boiler\u012f galima montuoti ant sienos, grind\u0173 arba lub\u0173. Sieniniai tvirtinimo elementai pridedami atskirai. Boileris tvirtinamas dviem jungiamaisiais apkabomis.<\/p>\n<p data-start=\"317\" data-end=\"512\">I\u0161 juodo metalo pagaminti boileriai <strong data-start=\"353\" data-end=\"389\">n\u0117ra skirti geriamajam vandeniui<\/strong>. Taip pat reikia atkreipti d\u0117mes\u012f, kad i\u0161 juodo metalo pagaminti boileriai gali sukelti r\u016bd\u017ei\u0173 spalvos vandens atsiradim\u0105.<\/p>\n<p data-start=\"514\" data-end=\"572\" data-is-last-node=\"\" data-is-only-node=\"\">Reguliari prie\u017ei\u016bra yra b\u016btina tinkamam boilerio veikimui.<\/p>\n<p data-start=\"514\" data-end=\"572\" data-is-last-node=\"\" data-is-only-node=\"\">\n<p>Daugiau informacijos rasite naudojimo<span style=\"color: #0000ff;\">\u00a0<strong><a style=\"color: #0000ff;\" href=\"https:\/\/skamet.ee\/wp-content\/uploads\/2016\/09\/Boileri-kasutus-juhend_web_lt.pdf\">instrukcijoje.<\/a><\/strong><\/span><\/p>\n","protected":false},"excerpt":{"rendered":"<p>U\u017edaro tipo 110 litr\u0173 boileris (i\u0161 juodo metalo), vertikalus (\u00d8 450 mm arba \u00d8 400 mm). Vertikalios montavimo pad\u0117ties ir<\/p>\n","protected":false},"featured_media":50736,"template":"","meta":{"_lmt_disableupdate":"","_lmt_disable":""},"product_brand":[],"product_cat":[1100,1102,973],"product_tag":[],"class_list":{"0":"post-49252","1":"product","2":"type-product","3":"status-publish","4":"has-post-thumbnail","6":"product_cat-uzdaryti-katilai-is-juodo-metalo","7":"product_cat-vertikalus","8":"product_cat-talpyklos-vandeniui","10":"first","11":"instock","12":"shipping-taxable","13":"product-type-simple"},"yoast_head":"<!-- This site is optimized with the Yoast SEO plugin v27.0 - https:\/\/yoast.com\/product\/yoast-seo-wordpress\/ -->\n<title>Boileris B-110 V - Skamet<\/title>\n<meta name=\"robots\" content=\"index, follow, max-snippet:-1, max-image-preview:large, max-video-preview:-1\" \/>\n<link rel=\"canonical\" href=\"https:\/\/www.skamet.ee\/lt\/tooted\/b-110-v\/\" \/>\n<meta property=\"og:locale\" content=\"lt_LT\" \/>\n<meta property=\"og:type\" content=\"article\" \/>\n<meta property=\"og:title\" content=\"Boileris B-110 V - Skamet\" \/>\n<meta property=\"og:description\" content=\"U\u017edaro tipo 110 litr\u0173 boileris (i\u0161 juodo metalo), vertikalus (\u00d8 450 mm arba \u00d8 400 mm). Vertikalios montavimo pad\u0117ties ir\" \/>\n<meta property=\"og:url\" content=\"https:\/\/www.skamet.ee\/lt\/tooted\/b-110-v\/\" \/>\n<meta property=\"og:site_name\" content=\"Skamet\" \/>\n<meta property=\"article:modified_time\" content=\"2026-01-28T10:27:57+00:00\" \/>\n<meta property=\"og:image\" content=\"https:\/\/www.skamet.ee\/wp-content\/uploads\/2024\/06\/B-110-V-1-scaled.jpg\" \/>\n\t<meta property=\"og:image:width\" content=\"1440\" \/>\n\t<meta property=\"og:image:height\" content=\"2560\" \/>\n\t<meta property=\"og:image:type\" content=\"image\/jpeg\" \/>\n<meta name=\"twitter:card\" content=\"summary_large_image\" \/>\n<script type=\"application\/ld+json\" class=\"yoast-schema-graph\">{\"@context\":\"https:\/\/schema.org\",\"@graph\":[{\"@type\":\"WebPage\",\"@id\":\"https:\/\/www.skamet.ee\/lt\/tooted\/b-110-v\/\",\"url\":\"https:\/\/www.skamet.ee\/lt\/tooted\/b-110-v\/\",\"name\":\"Boileris B-110 V - Skamet\",\"isPartOf\":{\"@id\":\"https:\/\/www.skamet.ee\/#website\"},\"primaryImageOfPage\":{\"@id\":\"https:\/\/www.skamet.ee\/lt\/tooted\/b-110-v\/#primaryimage\"},\"image\":{\"@id\":\"https:\/\/www.skamet.ee\/lt\/tooted\/b-110-v\/#primaryimage\"},\"thumbnailUrl\":\"https:\/\/www.skamet.ee\/wp-content\/uploads\/2024\/06\/B-110-V-1-scaled.jpg\",\"datePublished\":\"2024-06-03T10:49:25+00:00\",\"dateModified\":\"2026-01-28T10:27:57+00:00\",\"breadcrumb\":{\"@id\":\"https:\/\/www.skamet.ee\/lt\/tooted\/b-110-v\/#breadcrumb\"},\"inLanguage\":\"lt\",\"potentialAction\":[{\"@type\":\"ReadAction\",\"target\":[\"https:\/\/www.skamet.ee\/lt\/tooted\/b-110-v\/\"]}]},{\"@type\":\"ImageObject\",\"inLanguage\":\"lt\",\"@id\":\"https:\/\/www.skamet.ee\/lt\/tooted\/b-110-v\/#primaryimage\",\"url\":\"https:\/\/www.skamet.ee\/wp-content\/uploads\/2024\/06\/B-110-V-1-scaled.jpg\",\"contentUrl\":\"https:\/\/www.skamet.ee\/wp-content\/uploads\/2024\/06\/B-110-V-1-scaled.jpg\",\"width\":1440,\"height\":2560,\"caption\":\"B 110 V 1 scaled\"},{\"@type\":\"BreadcrumbList\",\"@id\":\"https:\/\/www.skamet.ee\/lt\/tooted\/b-110-v\/#breadcrumb\",\"itemListElement\":[{\"@type\":\"ListItem\",\"position\":1,\"name\":\"Home\",\"item\":\"https:\/\/www.skamet.ee\/fi\/\"},{\"@type\":\"ListItem\",\"position\":2,\"name\":\"Produktai\",\"item\":\"https:\/\/www.skamet.ee\/lt\/shop-2\/\"},{\"@type\":\"ListItem\",\"position\":3,\"name\":\"Boileris B-110 V\"}]},{\"@type\":\"WebSite\",\"@id\":\"https:\/\/www.skamet.ee\/#website\",\"url\":\"https:\/\/www.skamet.ee\/\",\"name\":\"Skamet O\u00dc\",\"description\":\"Efektiivsed puuk\u00fcttega saunaahjud Eesti tootjalt\",\"publisher\":{\"@id\":\"https:\/\/www.skamet.ee\/#organization\"},\"potentialAction\":[{\"@type\":\"SearchAction\",\"target\":{\"@type\":\"EntryPoint\",\"urlTemplate\":\"https:\/\/www.skamet.ee\/?s={search_term_string}\"},\"query-input\":{\"@type\":\"PropertyValueSpecification\",\"valueRequired\":true,\"valueName\":\"search_term_string\"}}],\"inLanguage\":\"lt\"},{\"@type\":\"Organization\",\"@id\":\"https:\/\/www.skamet.ee\/#organization\",\"name\":\"Skamet\",\"url\":\"https:\/\/www.skamet.ee\/\",\"logo\":{\"@type\":\"ImageObject\",\"inLanguage\":\"lt\",\"@id\":\"https:\/\/www.skamet.ee\/#\/schema\/logo\/image\/\",\"url\":\"https:\/\/www.skamet.ee\/wp-content\/uploads\/2015\/05\/logo-uus.png\",\"contentUrl\":\"https:\/\/www.skamet.ee\/wp-content\/uploads\/2015\/05\/logo-uus.png\",\"width\":300,\"height\":127,\"caption\":\"Skamet\"},\"image\":{\"@id\":\"https:\/\/www.skamet.ee\/#\/schema\/logo\/image\/\"}}]}<\/script>\n<!-- \/ Yoast SEO plugin. -->","yoast_head_json":{"title":"Boileris B-110 V - Skamet","robots":{"index":"index","follow":"follow","max-snippet":"max-snippet:-1","max-image-preview":"max-image-preview:large","max-video-preview":"max-video-preview:-1"},"canonical":"https:\/\/www.skamet.ee\/lt\/tooted\/b-110-v\/","og_locale":"lt_LT","og_type":"article","og_title":"Boileris B-110 V - Skamet","og_description":"U\u017edaro tipo 110 litr\u0173 boileris (i\u0161 juodo metalo), vertikalus (\u00d8 450 mm arba \u00d8 400 mm). Vertikalios montavimo pad\u0117ties ir","og_url":"https:\/\/www.skamet.ee\/lt\/tooted\/b-110-v\/","og_site_name":"Skamet","article_modified_time":"2026-01-28T10:27:57+00:00","og_image":[{"width":1440,"height":2560,"url":"https:\/\/www.skamet.ee\/wp-content\/uploads\/2024\/06\/B-110-V-1-scaled.jpg","type":"image\/jpeg"}],"twitter_card":"summary_large_image","schema":{"@context":"https:\/\/schema.org","@graph":[{"@type":"WebPage","@id":"https:\/\/www.skamet.ee\/lt\/tooted\/b-110-v\/","url":"https:\/\/www.skamet.ee\/lt\/tooted\/b-110-v\/","name":"Boileris B-110 V - Skamet","isPartOf":{"@id":"https:\/\/www.skamet.ee\/#website"},"primaryImageOfPage":{"@id":"https:\/\/www.skamet.ee\/lt\/tooted\/b-110-v\/#primaryimage"},"image":{"@id":"https:\/\/www.skamet.ee\/lt\/tooted\/b-110-v\/#primaryimage"},"thumbnailUrl":"https:\/\/www.skamet.ee\/wp-content\/uploads\/2024\/06\/B-110-V-1-scaled.jpg","datePublished":"2024-06-03T10:49:25+00:00","dateModified":"2026-01-28T10:27:57+00:00","breadcrumb":{"@id":"https:\/\/www.skamet.ee\/lt\/tooted\/b-110-v\/#breadcrumb"},"inLanguage":"lt","potentialAction":[{"@type":"ReadAction","target":["https:\/\/www.skamet.ee\/lt\/tooted\/b-110-v\/"]}]},{"@type":"ImageObject","inLanguage":"lt","@id":"https:\/\/www.skamet.ee\/lt\/tooted\/b-110-v\/#primaryimage","url":"https:\/\/www.skamet.ee\/wp-content\/uploads\/2024\/06\/B-110-V-1-scaled.jpg","contentUrl":"https:\/\/www.skamet.ee\/wp-content\/uploads\/2024\/06\/B-110-V-1-scaled.jpg","width":1440,"height":2560,"caption":"B 110 V 1 scaled"},{"@type":"BreadcrumbList","@id":"https:\/\/www.skamet.ee\/lt\/tooted\/b-110-v\/#breadcrumb","itemListElement":[{"@type":"ListItem","position":1,"name":"Home","item":"https:\/\/www.skamet.ee\/fi\/"},{"@type":"ListItem","position":2,"name":"Produktai","item":"https:\/\/www.skamet.ee\/lt\/shop-2\/"},{"@type":"ListItem","position":3,"name":"Boileris B-110 V"}]},{"@type":"WebSite","@id":"https:\/\/www.skamet.ee\/#website","url":"https:\/\/www.skamet.ee\/","name":"Skamet O\u00dc","description":"Efektiivsed puuk\u00fcttega saunaahjud Eesti tootjalt","publisher":{"@id":"https:\/\/www.skamet.ee\/#organization"},"potentialAction":[{"@type":"SearchAction","target":{"@type":"EntryPoint","urlTemplate":"https:\/\/www.skamet.ee\/?s={search_term_string}"},"query-input":{"@type":"PropertyValueSpecification","valueRequired":true,"valueName":"search_term_string"}}],"inLanguage":"lt"},{"@type":"Organization","@id":"https:\/\/www.skamet.ee\/#organization","name":"Skamet","url":"https:\/\/www.skamet.ee\/","logo":{"@type":"ImageObject","inLanguage":"lt","@id":"https:\/\/www.skamet.ee\/#\/schema\/logo\/image\/","url":"https:\/\/www.skamet.ee\/wp-content\/uploads\/2015\/05\/logo-uus.png","contentUrl":"https:\/\/www.skamet.ee\/wp-content\/uploads\/2015\/05\/logo-uus.png","width":300,"height":127,"caption":"Skamet"},"image":{"@id":"https:\/\/www.skamet.ee\/#\/schema\/logo\/image\/"}}]}},"_links":{"self":[{"href":"https:\/\/www.skamet.ee\/lt\/wp-json\/wp\/v2\/product\/49252","targetHints":{"allow":["GET"]}}],"collection":[{"href":"https:\/\/www.skamet.ee\/lt\/wp-json\/wp\/v2\/product"}],"about":[{"href":"https:\/\/www.skamet.ee\/lt\/wp-json\/wp\/v2\/types\/product"}],"version-history":[{"count":1,"href":"https:\/\/www.skamet.ee\/lt\/wp-json\/wp\/v2\/product\/49252\/revisions"}],"predecessor-version":[{"id":54534,"href":"https:\/\/www.skamet.ee\/lt\/wp-json\/wp\/v2\/product\/49252\/revisions\/54534"}],"wp:featuredmedia":[{"embeddable":true,"href":"https:\/\/www.skamet.ee\/lt\/wp-json\/wp\/v2\/media\/50736"}],"wp:attachment":[{"href":"https:\/\/www.skamet.ee\/lt\/wp-json\/wp\/v2\/media?parent=49252"}],"wp:term":[{"taxonomy":"product_brand","embeddable":true,"href":"https:\/\/www.skamet.ee\/lt\/wp-json\/wp\/v2\/product_brand?post=49252"},{"taxonomy":"product_cat","embeddable":true,"href":"https:\/\/www.skamet.ee\/lt\/wp-json\/wp\/v2\/product_cat?post=49252"},{"taxonomy":"product_tag","embeddable":true,"href":"https:\/\/www.skamet.ee\/lt\/wp-json\/wp\/v2\/product_tag?post=49252"}],"curies":[{"name":"wp","href":"https:\/\/api.w.org\/{rel}","templated":true}]}}