{"id":54550,"date":"2022-10-03T12:56:38","date_gmt":"2022-10-03T09:56:38","guid":{"rendered":"https:\/\/www.skamet.ee\/?post_type=product&#038;p=54550"},"modified":"2026-01-29T09:18:46","modified_gmt":"2026-01-29T07:18:46","slug":"atviras-vandens-bakas-pirties-krosnelei-40-p","status":"publish","type":"product","link":"https:\/\/www.skamet.ee\/lt\/tooted\/atviras-vandens-bakas-pirties-krosnelei-40-p\/","title":{"rendered":"Atviras vandens bakas pirties krosnelei \u2013 40-P"},"content":{"rendered":"<p data-start=\"15\" data-end=\"224\">40 litr\u0173 vandens bakas pirties krosnelei su dang\u010diu ir \u010diaupu. Krosnel\u0117se, k\u016brenamose i\u0161 tos pa\u010dios patalpos, bakas montuojamas de\u0161in\u0117je pus\u0117je, o krosnel\u0117se, k\u016brenamose i\u0161 kitos patalpos \u2013 kair\u0117je pus\u0117je.<\/p>\n<p data-start=\"15\" data-end=\"224\">\n<p data-start=\"226\" data-end=\"429\">Jei j\u016bs\u0173 vanduo yra prastesn\u0117s kokyb\u0117s, <strong data-start=\"266\" data-end=\"317\">rekomenduojama rinktis ner\u016bdijan\u010dio plieno bak\u0105<\/strong>, nes juodas metalas gali sukelti r\u016bd\u017ei\u0173 susidarym\u0105, d\u0117l ko vanduo gali tapti netinkamas naudojimui prausiantis.<\/p>\n<p data-start=\"431\" data-end=\"550\">\n<p data-start=\"552\" data-end=\"577\" data-is-last-node=\"\" data-is-only-node=\"\"><strong data-start=\"552\" data-end=\"577\" data-is-last-node=\"\">TECHNIN\u0116 INFORMACIJA:<\/strong><\/p>\n<p data-start=\"552\" data-end=\"577\" data-is-last-node=\"\" data-is-only-node=\"\"><strong>Produkto kodas:<\/strong> 40-P<br data-start=\"83\" data-end=\"86\" \/><strong>Auk\u0161tis:<\/strong> 55 cm<br data-start=\"100\" data-end=\"103\" \/><strong>Plotis:<\/strong> 38 cm<br data-start=\"116\" data-end=\"119\" \/><strong>Gylis:<\/strong> 21 cm<br data-start=\"131\" data-end=\"134\" \/><strong>T\u016bris:<\/strong> 40 l<br data-start=\"145\" data-end=\"148\" \/><strong>Med\u017eiaga:<\/strong> juodasis metalas<\/p>\n","protected":false},"excerpt":{"rendered":"<p>40 litr\u0173 vandens bakas pirties krosnelei su dang\u010diu ir \u010diaupu. Krosnel\u0117se, k\u016brenamose i\u0161 tos pa\u010dios patalpos, bakas montuojamas de\u0161in\u0117je pus\u0117je,<\/p>\n","protected":false},"featured_media":43154,"template":"","meta":{"_lmt_disableupdate":"","_lmt_disable":""},"product_brand":[],"product_cat":[973,1109],"product_tag":[],"class_list":{"0":"post-54550","1":"product","2":"type-product","3":"status-publish","4":"has-post-thumbnail","6":"product_cat-talpyklos-vandeniui","7":"product_cat-atviras-vandens-bakas-40l","9":"first","10":"instock","11":"shipping-taxable","12":"product-type-simple"},"yoast_head":"<!-- This site is optimized with the Yoast SEO plugin v27.0 - https:\/\/yoast.com\/product\/yoast-seo-wordpress\/ -->\n<title>Atviras vandens bakas pirties krosnelei \u2013 40-P - Skamet<\/title>\n<meta name=\"description\" content=\"Atviras vandens bakas pirties krosnelei \u2013 40-P\" \/>\n<meta name=\"robots\" content=\"index, follow, max-snippet:-1, max-image-preview:large, max-video-preview:-1\" \/>\n<link rel=\"canonical\" href=\"https:\/\/www.skamet.ee\/lt\/tooted\/atviras-vandens-bakas-pirties-krosnelei-40-p\/\" \/>\n<meta property=\"og:locale\" content=\"lt_LT\" \/>\n<meta property=\"og:type\" content=\"article\" \/>\n<meta property=\"og:title\" content=\"Atviras vandens bakas pirties krosnelei \u2013 40-P - Skamet\" \/>\n<meta property=\"og:description\" content=\"Atviras vandens bakas pirties krosnelei \u2013 40-P\" \/>\n<meta property=\"og:url\" content=\"https:\/\/www.skamet.ee\/lt\/tooted\/atviras-vandens-bakas-pirties-krosnelei-40-p\/\" \/>\n<meta property=\"og:site_name\" content=\"Skamet\" \/>\n<meta property=\"article:modified_time\" content=\"2026-01-29T07:18:46+00:00\" \/>\n<meta property=\"og:image\" content=\"https:\/\/www.skamet.ee\/wp-content\/uploads\/2022\/10\/40-P-white-background.png\" \/>\n\t<meta property=\"og:image:width\" content=\"300\" \/>\n\t<meta property=\"og:image:height\" content=\"533\" \/>\n\t<meta property=\"og:image:type\" content=\"image\/png\" \/>\n<meta name=\"twitter:card\" content=\"summary_large_image\" \/>\n<meta name=\"twitter:label1\" content=\"Est. reading time\" \/>\n\t<meta name=\"twitter:data1\" content=\"1 minute\" \/>\n<script type=\"application\/ld+json\" class=\"yoast-schema-graph\">{\"@context\":\"https:\/\/schema.org\",\"@graph\":[{\"@type\":\"WebPage\",\"@id\":\"https:\/\/www.skamet.ee\/lt\/tooted\/atviras-vandens-bakas-pirties-krosnelei-40-p\/\",\"url\":\"https:\/\/www.skamet.ee\/lt\/tooted\/atviras-vandens-bakas-pirties-krosnelei-40-p\/\",\"name\":\"Atviras vandens bakas pirties krosnelei \u2013 40-P - Skamet\",\"isPartOf\":{\"@id\":\"https:\/\/www.skamet.ee\/#website\"},\"primaryImageOfPage\":{\"@id\":\"https:\/\/www.skamet.ee\/lt\/tooted\/atviras-vandens-bakas-pirties-krosnelei-40-p\/#primaryimage\"},\"image\":{\"@id\":\"https:\/\/www.skamet.ee\/lt\/tooted\/atviras-vandens-bakas-pirties-krosnelei-40-p\/#primaryimage\"},\"thumbnailUrl\":\"https:\/\/www.skamet.ee\/wp-content\/uploads\/2022\/10\/40-P-white-background.png\",\"datePublished\":\"2022-10-03T09:56:38+00:00\",\"dateModified\":\"2026-01-29T07:18:46+00:00\",\"description\":\"Atviras vandens bakas pirties krosnelei \u2013 40-P\",\"breadcrumb\":{\"@id\":\"https:\/\/www.skamet.ee\/lt\/tooted\/atviras-vandens-bakas-pirties-krosnelei-40-p\/#breadcrumb\"},\"inLanguage\":\"lt\",\"potentialAction\":[{\"@type\":\"ReadAction\",\"target\":[\"https:\/\/www.skamet.ee\/lt\/tooted\/atviras-vandens-bakas-pirties-krosnelei-40-p\/\"]}]},{\"@type\":\"ImageObject\",\"inLanguage\":\"lt\",\"@id\":\"https:\/\/www.skamet.ee\/lt\/tooted\/atviras-vandens-bakas-pirties-krosnelei-40-p\/#primaryimage\",\"url\":\"https:\/\/www.skamet.ee\/wp-content\/uploads\/2022\/10\/40-P-white-background.png\",\"contentUrl\":\"https:\/\/www.skamet.ee\/wp-content\/uploads\/2022\/10\/40-P-white-background.png\",\"width\":300,\"height\":533,\"caption\":\"40 P white background\"},{\"@type\":\"BreadcrumbList\",\"@id\":\"https:\/\/www.skamet.ee\/lt\/tooted\/atviras-vandens-bakas-pirties-krosnelei-40-p\/#breadcrumb\",\"itemListElement\":[{\"@type\":\"ListItem\",\"position\":1,\"name\":\"Home\",\"item\":\"https:\/\/www.skamet.ee\/fi\/\"},{\"@type\":\"ListItem\",\"position\":2,\"name\":\"Produktai\",\"item\":\"https:\/\/www.skamet.ee\/lt\/shop-2\/\"},{\"@type\":\"ListItem\",\"position\":3,\"name\":\"Atviras vandens bakas pirties krosnelei \u2013 40-P\"}]},{\"@type\":\"WebSite\",\"@id\":\"https:\/\/www.skamet.ee\/#website\",\"url\":\"https:\/\/www.skamet.ee\/\",\"name\":\"Skamet O\u00dc\",\"description\":\"Efektiivsed puuk\u00fcttega saunaahjud Eesti tootjalt\",\"publisher\":{\"@id\":\"https:\/\/www.skamet.ee\/#organization\"},\"potentialAction\":[{\"@type\":\"SearchAction\",\"target\":{\"@type\":\"EntryPoint\",\"urlTemplate\":\"https:\/\/www.skamet.ee\/?s={search_term_string}\"},\"query-input\":{\"@type\":\"PropertyValueSpecification\",\"valueRequired\":true,\"valueName\":\"search_term_string\"}}],\"inLanguage\":\"lt\"},{\"@type\":\"Organization\",\"@id\":\"https:\/\/www.skamet.ee\/#organization\",\"name\":\"Skamet\",\"url\":\"https:\/\/www.skamet.ee\/\",\"logo\":{\"@type\":\"ImageObject\",\"inLanguage\":\"lt\",\"@id\":\"https:\/\/www.skamet.ee\/#\/schema\/logo\/image\/\",\"url\":\"https:\/\/www.skamet.ee\/wp-content\/uploads\/2015\/05\/logo-uus.png\",\"contentUrl\":\"https:\/\/www.skamet.ee\/wp-content\/uploads\/2015\/05\/logo-uus.png\",\"width\":300,\"height\":127,\"caption\":\"Skamet\"},\"image\":{\"@id\":\"https:\/\/www.skamet.ee\/#\/schema\/logo\/image\/\"}}]}<\/script>\n<!-- \/ Yoast SEO plugin. -->","yoast_head_json":{"title":"Atviras vandens bakas pirties krosnelei \u2013 40-P - Skamet","description":"Atviras vandens bakas pirties krosnelei \u2013 40-P","robots":{"index":"index","follow":"follow","max-snippet":"max-snippet:-1","max-image-preview":"max-image-preview:large","max-video-preview":"max-video-preview:-1"},"canonical":"https:\/\/www.skamet.ee\/lt\/tooted\/atviras-vandens-bakas-pirties-krosnelei-40-p\/","og_locale":"lt_LT","og_type":"article","og_title":"Atviras vandens bakas pirties krosnelei \u2013 40-P - Skamet","og_description":"Atviras vandens bakas pirties krosnelei \u2013 40-P","og_url":"https:\/\/www.skamet.ee\/lt\/tooted\/atviras-vandens-bakas-pirties-krosnelei-40-p\/","og_site_name":"Skamet","article_modified_time":"2026-01-29T07:18:46+00:00","og_image":[{"width":300,"height":533,"url":"https:\/\/www.skamet.ee\/wp-content\/uploads\/2022\/10\/40-P-white-background.png","type":"image\/png"}],"twitter_card":"summary_large_image","twitter_misc":{"Est. reading time":"1 minute"},"schema":{"@context":"https:\/\/schema.org","@graph":[{"@type":"WebPage","@id":"https:\/\/www.skamet.ee\/lt\/tooted\/atviras-vandens-bakas-pirties-krosnelei-40-p\/","url":"https:\/\/www.skamet.ee\/lt\/tooted\/atviras-vandens-bakas-pirties-krosnelei-40-p\/","name":"Atviras vandens bakas pirties krosnelei \u2013 40-P - Skamet","isPartOf":{"@id":"https:\/\/www.skamet.ee\/#website"},"primaryImageOfPage":{"@id":"https:\/\/www.skamet.ee\/lt\/tooted\/atviras-vandens-bakas-pirties-krosnelei-40-p\/#primaryimage"},"image":{"@id":"https:\/\/www.skamet.ee\/lt\/tooted\/atviras-vandens-bakas-pirties-krosnelei-40-p\/#primaryimage"},"thumbnailUrl":"https:\/\/www.skamet.ee\/wp-content\/uploads\/2022\/10\/40-P-white-background.png","datePublished":"2022-10-03T09:56:38+00:00","dateModified":"2026-01-29T07:18:46+00:00","description":"Atviras vandens bakas pirties krosnelei \u2013 40-P","breadcrumb":{"@id":"https:\/\/www.skamet.ee\/lt\/tooted\/atviras-vandens-bakas-pirties-krosnelei-40-p\/#breadcrumb"},"inLanguage":"lt","potentialAction":[{"@type":"ReadAction","target":["https:\/\/www.skamet.ee\/lt\/tooted\/atviras-vandens-bakas-pirties-krosnelei-40-p\/"]}]},{"@type":"ImageObject","inLanguage":"lt","@id":"https:\/\/www.skamet.ee\/lt\/tooted\/atviras-vandens-bakas-pirties-krosnelei-40-p\/#primaryimage","url":"https:\/\/www.skamet.ee\/wp-content\/uploads\/2022\/10\/40-P-white-background.png","contentUrl":"https:\/\/www.skamet.ee\/wp-content\/uploads\/2022\/10\/40-P-white-background.png","width":300,"height":533,"caption":"40 P white background"},{"@type":"BreadcrumbList","@id":"https:\/\/www.skamet.ee\/lt\/tooted\/atviras-vandens-bakas-pirties-krosnelei-40-p\/#breadcrumb","itemListElement":[{"@type":"ListItem","position":1,"name":"Home","item":"https:\/\/www.skamet.ee\/fi\/"},{"@type":"ListItem","position":2,"name":"Produktai","item":"https:\/\/www.skamet.ee\/lt\/shop-2\/"},{"@type":"ListItem","position":3,"name":"Atviras vandens bakas pirties krosnelei \u2013 40-P"}]},{"@type":"WebSite","@id":"https:\/\/www.skamet.ee\/#website","url":"https:\/\/www.skamet.ee\/","name":"Skamet O\u00dc","description":"Efektiivsed puuk\u00fcttega saunaahjud Eesti tootjalt","publisher":{"@id":"https:\/\/www.skamet.ee\/#organization"},"potentialAction":[{"@type":"SearchAction","target":{"@type":"EntryPoint","urlTemplate":"https:\/\/www.skamet.ee\/?s={search_term_string}"},"query-input":{"@type":"PropertyValueSpecification","valueRequired":true,"valueName":"search_term_string"}}],"inLanguage":"lt"},{"@type":"Organization","@id":"https:\/\/www.skamet.ee\/#organization","name":"Skamet","url":"https:\/\/www.skamet.ee\/","logo":{"@type":"ImageObject","inLanguage":"lt","@id":"https:\/\/www.skamet.ee\/#\/schema\/logo\/image\/","url":"https:\/\/www.skamet.ee\/wp-content\/uploads\/2015\/05\/logo-uus.png","contentUrl":"https:\/\/www.skamet.ee\/wp-content\/uploads\/2015\/05\/logo-uus.png","width":300,"height":127,"caption":"Skamet"},"image":{"@id":"https:\/\/www.skamet.ee\/#\/schema\/logo\/image\/"}}]}},"_links":{"self":[{"href":"https:\/\/www.skamet.ee\/lt\/wp-json\/wp\/v2\/product\/54550","targetHints":{"allow":["GET"]}}],"collection":[{"href":"https:\/\/www.skamet.ee\/lt\/wp-json\/wp\/v2\/product"}],"about":[{"href":"https:\/\/www.skamet.ee\/lt\/wp-json\/wp\/v2\/types\/product"}],"version-history":[{"count":2,"href":"https:\/\/www.skamet.ee\/lt\/wp-json\/wp\/v2\/product\/54550\/revisions"}],"predecessor-version":[{"id":54566,"href":"https:\/\/www.skamet.ee\/lt\/wp-json\/wp\/v2\/product\/54550\/revisions\/54566"}],"wp:featuredmedia":[{"embeddable":true,"href":"https:\/\/www.skamet.ee\/lt\/wp-json\/wp\/v2\/media\/43154"}],"wp:attachment":[{"href":"https:\/\/www.skamet.ee\/lt\/wp-json\/wp\/v2\/media?parent=54550"}],"wp:term":[{"taxonomy":"product_brand","embeddable":true,"href":"https:\/\/www.skamet.ee\/lt\/wp-json\/wp\/v2\/product_brand?post=54550"},{"taxonomy":"product_cat","embeddable":true,"href":"https:\/\/www.skamet.ee\/lt\/wp-json\/wp\/v2\/product_cat?post=54550"},{"taxonomy":"product_tag","embeddable":true,"href":"https:\/\/www.skamet.ee\/lt\/wp-json\/wp\/v2\/product_tag?post=54550"}],"curies":[{"name":"wp","href":"https:\/\/api.w.org\/{rel}","templated":true}]}}