{"id":54552,"date":"2022-10-03T12:59:51","date_gmt":"2022-10-03T09:59:51","guid":{"rendered":"https:\/\/www.skamet.ee\/?post_type=product&#038;p=54552"},"modified":"2026-01-29T09:52:37","modified_gmt":"2026-01-29T07:52:37","slug":"atviras-nerudijancio-plieno-vandens-bakas-pirties-krosnelei-40-prv","status":"publish","type":"product","link":"https:\/\/www.skamet.ee\/lt\/tooted\/atviras-nerudijancio-plieno-vandens-bakas-pirties-krosnelei-40-prv\/","title":{"rendered":"Atviras ner\u016bdijan\u010dio plieno vandens bakas pirties krosnelei \u2013 40-PRV"},"content":{"rendered":"<p data-start=\"89\" data-end=\"294\">40 litr\u0173 vandens bakas pirties krosnelei su dang\u010diu ir \u010diaupu.<\/p>\n<p data-start=\"89\" data-end=\"294\">\n<p data-start=\"89\" data-end=\"294\">Krosnel\u0117se, k\u016brenamose i\u0161 tos pa\u010dios patalpos, bakas montuojamas de\u0161in\u0117je pus\u0117je, o krosnel\u0117se, k\u016brenamose i\u0161 kitos patalpos \u2013 kair\u0117je pus\u0117je.<\/p>\n<p data-start=\"296\" data-end=\"321\" data-is-last-node=\"\" data-is-only-node=\"\">\n<p data-start=\"552\" data-end=\"577\" data-is-last-node=\"\" data-is-only-node=\"\"><strong data-start=\"552\" data-end=\"577\" data-is-last-node=\"\">TECHNIN\u0116 INFORMACIJA:<\/strong><\/p>\n<p data-start=\"552\" data-end=\"577\" data-is-last-node=\"\" data-is-only-node=\"\"><strong>Produkto kodas:<\/strong> 40-PRV<br data-start=\"83\" data-end=\"86\" \/><strong>Auk\u0161tis:<\/strong>\u00a055 cm<br data-start=\"100\" data-end=\"103\" \/><strong>Plotis:<\/strong>\u00a038 cm<br data-start=\"116\" data-end=\"119\" \/><strong>Gylis:<\/strong>\u00a021 cm<br data-start=\"131\" data-end=\"134\" \/><strong>T\u016bris:<\/strong>\u00a040 l<br data-start=\"145\" data-end=\"148\" \/><strong>Med\u017eiaga:<\/strong> ner\u016bdijantis plienas<\/p>\n","protected":false},"excerpt":{"rendered":"<p>40 litr\u0173 vandens bakas pirties krosnelei su dang\u010diu ir \u010diaupu. Krosnel\u0117se, k\u016brenamose i\u0161 tos pa\u010dios patalpos, bakas montuojamas de\u0161in\u0117je pus\u0117je,<\/p>\n","protected":false},"featured_media":43164,"template":"","meta":{"_lmt_disableupdate":"","_lmt_disable":""},"product_brand":[],"product_cat":[973,1106,1109],"product_tag":[],"class_list":{"0":"post-54552","1":"product","2":"type-product","3":"status-publish","4":"has-post-thumbnail","6":"product_cat-talpyklos-vandeniui","7":"product_cat-atviri-vandens-katilai","8":"product_cat-atviras-vandens-bakas-40l","10":"first","11":"instock","12":"shipping-taxable","13":"product-type-simple"},"yoast_head":"<!-- This site is optimized with the Yoast SEO plugin v27.0 - https:\/\/yoast.com\/product\/yoast-seo-wordpress\/ -->\n<title>Atviras ner\u016bdijan\u010dio plieno vandens bakas pirties krosnelei - Skamet<\/title>\n<meta name=\"description\" content=\"Atviras ner\u016bdijan\u010dio plieno vandens bakas pirties krosnelei \u2013 40-PRV\" \/>\n<meta name=\"robots\" content=\"index, follow, max-snippet:-1, max-image-preview:large, max-video-preview:-1\" \/>\n<link rel=\"canonical\" href=\"https:\/\/www.skamet.ee\/lt\/tooted\/atviras-nerudijancio-plieno-vandens-bakas-pirties-krosnelei-40-prv\/\" \/>\n<meta property=\"og:locale\" content=\"lt_LT\" \/>\n<meta property=\"og:type\" content=\"article\" \/>\n<meta property=\"og:title\" content=\"Atviras ner\u016bdijan\u010dio plieno vandens bakas pirties krosnelei - Skamet\" \/>\n<meta property=\"og:description\" content=\"Atviras ner\u016bdijan\u010dio plieno vandens bakas pirties krosnelei \u2013 40-PRV\" \/>\n<meta property=\"og:url\" content=\"https:\/\/www.skamet.ee\/lt\/tooted\/atviras-nerudijancio-plieno-vandens-bakas-pirties-krosnelei-40-prv\/\" \/>\n<meta property=\"og:site_name\" content=\"Skamet\" \/>\n<meta property=\"article:modified_time\" content=\"2026-01-29T07:52:37+00:00\" \/>\n<meta property=\"og:image\" content=\"https:\/\/www.skamet.ee\/wp-content\/uploads\/2022\/10\/40-PRV-removebg-preview.png\" \/>\n\t<meta property=\"og:image:width\" content=\"289\" \/>\n\t<meta property=\"og:image:height\" content=\"443\" \/>\n\t<meta property=\"og:image:type\" content=\"image\/png\" \/>\n<meta name=\"twitter:card\" content=\"summary_large_image\" \/>\n<meta name=\"twitter:label1\" content=\"Est. reading time\" \/>\n\t<meta name=\"twitter:data1\" content=\"1 minute\" \/>\n<script type=\"application\/ld+json\" class=\"yoast-schema-graph\">{\"@context\":\"https:\/\/schema.org\",\"@graph\":[{\"@type\":\"WebPage\",\"@id\":\"https:\/\/www.skamet.ee\/lt\/tooted\/atviras-nerudijancio-plieno-vandens-bakas-pirties-krosnelei-40-prv\/\",\"url\":\"https:\/\/www.skamet.ee\/lt\/tooted\/atviras-nerudijancio-plieno-vandens-bakas-pirties-krosnelei-40-prv\/\",\"name\":\"Atviras ner\u016bdijan\u010dio plieno vandens bakas pirties krosnelei - Skamet\",\"isPartOf\":{\"@id\":\"https:\/\/www.skamet.ee\/#website\"},\"primaryImageOfPage\":{\"@id\":\"https:\/\/www.skamet.ee\/lt\/tooted\/atviras-nerudijancio-plieno-vandens-bakas-pirties-krosnelei-40-prv\/#primaryimage\"},\"image\":{\"@id\":\"https:\/\/www.skamet.ee\/lt\/tooted\/atviras-nerudijancio-plieno-vandens-bakas-pirties-krosnelei-40-prv\/#primaryimage\"},\"thumbnailUrl\":\"https:\/\/www.skamet.ee\/wp-content\/uploads\/2022\/10\/40-PRV-removebg-preview.png\",\"datePublished\":\"2022-10-03T09:59:51+00:00\",\"dateModified\":\"2026-01-29T07:52:37+00:00\",\"description\":\"Atviras ner\u016bdijan\u010dio plieno vandens bakas pirties krosnelei \u2013 40-PRV\",\"breadcrumb\":{\"@id\":\"https:\/\/www.skamet.ee\/lt\/tooted\/atviras-nerudijancio-plieno-vandens-bakas-pirties-krosnelei-40-prv\/#breadcrumb\"},\"inLanguage\":\"lt\",\"potentialAction\":[{\"@type\":\"ReadAction\",\"target\":[\"https:\/\/www.skamet.ee\/lt\/tooted\/atviras-nerudijancio-plieno-vandens-bakas-pirties-krosnelei-40-prv\/\"]}]},{\"@type\":\"ImageObject\",\"inLanguage\":\"lt\",\"@id\":\"https:\/\/www.skamet.ee\/lt\/tooted\/atviras-nerudijancio-plieno-vandens-bakas-pirties-krosnelei-40-prv\/#primaryimage\",\"url\":\"https:\/\/www.skamet.ee\/wp-content\/uploads\/2022\/10\/40-PRV-removebg-preview.png\",\"contentUrl\":\"https:\/\/www.skamet.ee\/wp-content\/uploads\/2022\/10\/40-PRV-removebg-preview.png\",\"width\":289,\"height\":443,\"caption\":\"40 PRV removebg preview\"},{\"@type\":\"BreadcrumbList\",\"@id\":\"https:\/\/www.skamet.ee\/lt\/tooted\/atviras-nerudijancio-plieno-vandens-bakas-pirties-krosnelei-40-prv\/#breadcrumb\",\"itemListElement\":[{\"@type\":\"ListItem\",\"position\":1,\"name\":\"Home\",\"item\":\"https:\/\/www.skamet.ee\/fi\/\"},{\"@type\":\"ListItem\",\"position\":2,\"name\":\"Produktai\",\"item\":\"https:\/\/www.skamet.ee\/lt\/shop-2\/\"},{\"@type\":\"ListItem\",\"position\":3,\"name\":\"Atviras ner\u016bdijan\u010dio plieno vandens bakas pirties krosnelei \u2013 40-PRV\"}]},{\"@type\":\"WebSite\",\"@id\":\"https:\/\/www.skamet.ee\/#website\",\"url\":\"https:\/\/www.skamet.ee\/\",\"name\":\"Skamet O\u00dc\",\"description\":\"Efektiivsed puuk\u00fcttega saunaahjud Eesti tootjalt\",\"publisher\":{\"@id\":\"https:\/\/www.skamet.ee\/#organization\"},\"potentialAction\":[{\"@type\":\"SearchAction\",\"target\":{\"@type\":\"EntryPoint\",\"urlTemplate\":\"https:\/\/www.skamet.ee\/?s={search_term_string}\"},\"query-input\":{\"@type\":\"PropertyValueSpecification\",\"valueRequired\":true,\"valueName\":\"search_term_string\"}}],\"inLanguage\":\"lt\"},{\"@type\":\"Organization\",\"@id\":\"https:\/\/www.skamet.ee\/#organization\",\"name\":\"Skamet\",\"url\":\"https:\/\/www.skamet.ee\/\",\"logo\":{\"@type\":\"ImageObject\",\"inLanguage\":\"lt\",\"@id\":\"https:\/\/www.skamet.ee\/#\/schema\/logo\/image\/\",\"url\":\"https:\/\/www.skamet.ee\/wp-content\/uploads\/2015\/05\/logo-uus.png\",\"contentUrl\":\"https:\/\/www.skamet.ee\/wp-content\/uploads\/2015\/05\/logo-uus.png\",\"width\":300,\"height\":127,\"caption\":\"Skamet\"},\"image\":{\"@id\":\"https:\/\/www.skamet.ee\/#\/schema\/logo\/image\/\"}}]}<\/script>\n<!-- \/ Yoast SEO plugin. -->","yoast_head_json":{"title":"Atviras ner\u016bdijan\u010dio plieno vandens bakas pirties krosnelei - Skamet","description":"Atviras ner\u016bdijan\u010dio plieno vandens bakas pirties krosnelei \u2013 40-PRV","robots":{"index":"index","follow":"follow","max-snippet":"max-snippet:-1","max-image-preview":"max-image-preview:large","max-video-preview":"max-video-preview:-1"},"canonical":"https:\/\/www.skamet.ee\/lt\/tooted\/atviras-nerudijancio-plieno-vandens-bakas-pirties-krosnelei-40-prv\/","og_locale":"lt_LT","og_type":"article","og_title":"Atviras ner\u016bdijan\u010dio plieno vandens bakas pirties krosnelei - Skamet","og_description":"Atviras ner\u016bdijan\u010dio plieno vandens bakas pirties krosnelei \u2013 40-PRV","og_url":"https:\/\/www.skamet.ee\/lt\/tooted\/atviras-nerudijancio-plieno-vandens-bakas-pirties-krosnelei-40-prv\/","og_site_name":"Skamet","article_modified_time":"2026-01-29T07:52:37+00:00","og_image":[{"width":289,"height":443,"url":"https:\/\/www.skamet.ee\/wp-content\/uploads\/2022\/10\/40-PRV-removebg-preview.png","type":"image\/png"}],"twitter_card":"summary_large_image","twitter_misc":{"Est. reading time":"1 minute"},"schema":{"@context":"https:\/\/schema.org","@graph":[{"@type":"WebPage","@id":"https:\/\/www.skamet.ee\/lt\/tooted\/atviras-nerudijancio-plieno-vandens-bakas-pirties-krosnelei-40-prv\/","url":"https:\/\/www.skamet.ee\/lt\/tooted\/atviras-nerudijancio-plieno-vandens-bakas-pirties-krosnelei-40-prv\/","name":"Atviras ner\u016bdijan\u010dio plieno vandens bakas pirties krosnelei - Skamet","isPartOf":{"@id":"https:\/\/www.skamet.ee\/#website"},"primaryImageOfPage":{"@id":"https:\/\/www.skamet.ee\/lt\/tooted\/atviras-nerudijancio-plieno-vandens-bakas-pirties-krosnelei-40-prv\/#primaryimage"},"image":{"@id":"https:\/\/www.skamet.ee\/lt\/tooted\/atviras-nerudijancio-plieno-vandens-bakas-pirties-krosnelei-40-prv\/#primaryimage"},"thumbnailUrl":"https:\/\/www.skamet.ee\/wp-content\/uploads\/2022\/10\/40-PRV-removebg-preview.png","datePublished":"2022-10-03T09:59:51+00:00","dateModified":"2026-01-29T07:52:37+00:00","description":"Atviras ner\u016bdijan\u010dio plieno vandens bakas pirties krosnelei \u2013 40-PRV","breadcrumb":{"@id":"https:\/\/www.skamet.ee\/lt\/tooted\/atviras-nerudijancio-plieno-vandens-bakas-pirties-krosnelei-40-prv\/#breadcrumb"},"inLanguage":"lt","potentialAction":[{"@type":"ReadAction","target":["https:\/\/www.skamet.ee\/lt\/tooted\/atviras-nerudijancio-plieno-vandens-bakas-pirties-krosnelei-40-prv\/"]}]},{"@type":"ImageObject","inLanguage":"lt","@id":"https:\/\/www.skamet.ee\/lt\/tooted\/atviras-nerudijancio-plieno-vandens-bakas-pirties-krosnelei-40-prv\/#primaryimage","url":"https:\/\/www.skamet.ee\/wp-content\/uploads\/2022\/10\/40-PRV-removebg-preview.png","contentUrl":"https:\/\/www.skamet.ee\/wp-content\/uploads\/2022\/10\/40-PRV-removebg-preview.png","width":289,"height":443,"caption":"40 PRV removebg preview"},{"@type":"BreadcrumbList","@id":"https:\/\/www.skamet.ee\/lt\/tooted\/atviras-nerudijancio-plieno-vandens-bakas-pirties-krosnelei-40-prv\/#breadcrumb","itemListElement":[{"@type":"ListItem","position":1,"name":"Home","item":"https:\/\/www.skamet.ee\/fi\/"},{"@type":"ListItem","position":2,"name":"Produktai","item":"https:\/\/www.skamet.ee\/lt\/shop-2\/"},{"@type":"ListItem","position":3,"name":"Atviras ner\u016bdijan\u010dio plieno vandens bakas pirties krosnelei \u2013 40-PRV"}]},{"@type":"WebSite","@id":"https:\/\/www.skamet.ee\/#website","url":"https:\/\/www.skamet.ee\/","name":"Skamet O\u00dc","description":"Efektiivsed puuk\u00fcttega saunaahjud Eesti tootjalt","publisher":{"@id":"https:\/\/www.skamet.ee\/#organization"},"potentialAction":[{"@type":"SearchAction","target":{"@type":"EntryPoint","urlTemplate":"https:\/\/www.skamet.ee\/?s={search_term_string}"},"query-input":{"@type":"PropertyValueSpecification","valueRequired":true,"valueName":"search_term_string"}}],"inLanguage":"lt"},{"@type":"Organization","@id":"https:\/\/www.skamet.ee\/#organization","name":"Skamet","url":"https:\/\/www.skamet.ee\/","logo":{"@type":"ImageObject","inLanguage":"lt","@id":"https:\/\/www.skamet.ee\/#\/schema\/logo\/image\/","url":"https:\/\/www.skamet.ee\/wp-content\/uploads\/2015\/05\/logo-uus.png","contentUrl":"https:\/\/www.skamet.ee\/wp-content\/uploads\/2015\/05\/logo-uus.png","width":300,"height":127,"caption":"Skamet"},"image":{"@id":"https:\/\/www.skamet.ee\/#\/schema\/logo\/image\/"}}]}},"_links":{"self":[{"href":"https:\/\/www.skamet.ee\/lt\/wp-json\/wp\/v2\/product\/54552","targetHints":{"allow":["GET"]}}],"collection":[{"href":"https:\/\/www.skamet.ee\/lt\/wp-json\/wp\/v2\/product"}],"about":[{"href":"https:\/\/www.skamet.ee\/lt\/wp-json\/wp\/v2\/types\/product"}],"version-history":[{"count":2,"href":"https:\/\/www.skamet.ee\/lt\/wp-json\/wp\/v2\/product\/54552\/revisions"}],"predecessor-version":[{"id":54571,"href":"https:\/\/www.skamet.ee\/lt\/wp-json\/wp\/v2\/product\/54552\/revisions\/54571"}],"wp:featuredmedia":[{"embeddable":true,"href":"https:\/\/www.skamet.ee\/lt\/wp-json\/wp\/v2\/media\/43164"}],"wp:attachment":[{"href":"https:\/\/www.skamet.ee\/lt\/wp-json\/wp\/v2\/media?parent=54552"}],"wp:term":[{"taxonomy":"product_brand","embeddable":true,"href":"https:\/\/www.skamet.ee\/lt\/wp-json\/wp\/v2\/product_brand?post=54552"},{"taxonomy":"product_cat","embeddable":true,"href":"https:\/\/www.skamet.ee\/lt\/wp-json\/wp\/v2\/product_cat?post=54552"},{"taxonomy":"product_tag","embeddable":true,"href":"https:\/\/www.skamet.ee\/lt\/wp-json\/wp\/v2\/product_tag?post=54552"}],"curies":[{"name":"wp","href":"https:\/\/api.w.org\/{rel}","templated":true}]}}