{"id":54574,"date":"2022-10-03T13:02:01","date_gmt":"2022-10-03T10:02:01","guid":{"rendered":"https:\/\/www.skamet.ee\/?post_type=product&#038;p=54574"},"modified":"2026-01-29T09:57:20","modified_gmt":"2026-01-29T07:57:20","slug":"atviras-nerudijancio-plieno-vandens-bakas-40-vrv","status":"publish","type":"product","link":"https:\/\/www.skamet.ee\/lt\/tooted\/atviras-nerudijancio-plieno-vandens-bakas-40-vrv\/","title":{"rendered":"Atviras ner\u016bdijan\u010dio plieno vandens bakas 40-VRV"},"content":{"rendered":"<p data-start=\"74\" data-end=\"281\"><strong data-start=\"74\" data-end=\"140\">40 litr\u0173 vandens bakas pirties krosnelei su dang\u010diu ir \u010diaupu.<\/strong><\/p>\n<p data-start=\"74\" data-end=\"281\"><br data-start=\"140\" data-end=\"143\" \/>Krosnel\u0117ms, k\u016brenamoms i\u0161 tos pa\u010dios patalpos, bakas montuojamas kair\u0117je pus\u0117je, o k\u016brenamoms i\u0161 kitos patalpos \u2013 de\u0161in\u0117je pus\u0117je.<\/p>\n<p data-start=\"74\" data-end=\"281\">\n<p data-start=\"283\" data-end=\"308\"><strong data-start=\"283\" data-end=\"308\">TECHNIN\u0116 INFORMACIJA:<\/strong><\/p>\n<p data-start=\"310\" data-end=\"429\"><strong>Produkto kodas:<\/strong> 40-VRV<br data-start=\"332\" data-end=\"335\" \/><strong>Auk\u0161tis:<\/strong> 55 cm<br data-start=\"349\" data-end=\"352\" \/><strong>Plotis:<\/strong> 38 cm<br data-start=\"365\" data-end=\"368\" \/><strong>Gylis:<\/strong> 21 cm<br data-start=\"380\" data-end=\"383\" data-is-only-node=\"\" \/><strong>T\u016bris:<\/strong> 40 l<br data-start=\"394\" data-end=\"397\" \/><strong>Med\u017eiaga:<\/strong> ner\u016bdijantis plienas<\/p>\n","protected":false},"excerpt":{"rendered":"<p>40 litr\u0173 vandens bakas pirties krosnelei su dang\u010diu ir \u010diaupu. Krosnel\u0117ms, k\u016brenamoms i\u0161 tos pa\u010dios patalpos, bakas montuojamas kair\u0117je pus\u0117je,<\/p>\n","protected":false},"featured_media":43175,"template":"","meta":{"_lmt_disableupdate":"","_lmt_disable":""},"product_brand":[],"product_cat":[973,1109],"product_tag":[],"class_list":{"0":"post-54574","1":"product","2":"type-product","3":"status-publish","4":"has-post-thumbnail","6":"product_cat-talpyklos-vandeniui","7":"product_cat-atviras-vandens-bakas-40l","9":"first","10":"instock","11":"shipping-taxable","12":"product-type-simple"},"yoast_head":"<!-- This site is optimized with the Yoast SEO plugin v27.0 - https:\/\/yoast.com\/product\/yoast-seo-wordpress\/ -->\n<title>Atviras ner\u016bdijan\u010dio plieno vandens bakas 40-VRV - Skamet<\/title>\n<meta name=\"description\" content=\"Atviras ner\u016bdijan\u010dio plieno vandens bakas 40-VRV\" \/>\n<meta name=\"robots\" content=\"index, follow, max-snippet:-1, max-image-preview:large, max-video-preview:-1\" \/>\n<link rel=\"canonical\" href=\"https:\/\/www.skamet.ee\/lt\/tooted\/atviras-nerudijancio-plieno-vandens-bakas-40-vrv\/\" \/>\n<meta property=\"og:locale\" content=\"lt_LT\" \/>\n<meta property=\"og:type\" content=\"article\" \/>\n<meta property=\"og:title\" content=\"Atviras ner\u016bdijan\u010dio plieno vandens bakas 40-VRV - Skamet\" \/>\n<meta property=\"og:description\" content=\"Atviras ner\u016bdijan\u010dio plieno vandens bakas 40-VRV\" \/>\n<meta property=\"og:url\" content=\"https:\/\/www.skamet.ee\/lt\/tooted\/atviras-nerudijancio-plieno-vandens-bakas-40-vrv\/\" \/>\n<meta property=\"og:site_name\" content=\"Skamet\" \/>\n<meta property=\"article:modified_time\" content=\"2026-01-29T07:57:20+00:00\" \/>\n<meta property=\"og:image\" content=\"https:\/\/www.skamet.ee\/wp-content\/uploads\/2022\/10\/40-VRV__2_-removebg-preview.png\" \/>\n\t<meta property=\"og:image:width\" content=\"320\" \/>\n\t<meta property=\"og:image:height\" content=\"561\" \/>\n\t<meta property=\"og:image:type\" content=\"image\/png\" \/>\n<meta name=\"twitter:card\" content=\"summary_large_image\" \/>\n<meta name=\"twitter:label1\" content=\"Est. reading time\" \/>\n\t<meta name=\"twitter:data1\" content=\"1 minute\" \/>\n<script type=\"application\/ld+json\" class=\"yoast-schema-graph\">{\"@context\":\"https:\/\/schema.org\",\"@graph\":[{\"@type\":\"WebPage\",\"@id\":\"https:\/\/www.skamet.ee\/lt\/tooted\/atviras-nerudijancio-plieno-vandens-bakas-40-vrv\/\",\"url\":\"https:\/\/www.skamet.ee\/lt\/tooted\/atviras-nerudijancio-plieno-vandens-bakas-40-vrv\/\",\"name\":\"Atviras ner\u016bdijan\u010dio plieno vandens bakas 40-VRV - Skamet\",\"isPartOf\":{\"@id\":\"https:\/\/www.skamet.ee\/#website\"},\"primaryImageOfPage\":{\"@id\":\"https:\/\/www.skamet.ee\/lt\/tooted\/atviras-nerudijancio-plieno-vandens-bakas-40-vrv\/#primaryimage\"},\"image\":{\"@id\":\"https:\/\/www.skamet.ee\/lt\/tooted\/atviras-nerudijancio-plieno-vandens-bakas-40-vrv\/#primaryimage\"},\"thumbnailUrl\":\"https:\/\/www.skamet.ee\/wp-content\/uploads\/2022\/10\/40-VRV__2_-removebg-preview.png\",\"datePublished\":\"2022-10-03T10:02:01+00:00\",\"dateModified\":\"2026-01-29T07:57:20+00:00\",\"description\":\"Atviras ner\u016bdijan\u010dio plieno vandens bakas 40-VRV\",\"breadcrumb\":{\"@id\":\"https:\/\/www.skamet.ee\/lt\/tooted\/atviras-nerudijancio-plieno-vandens-bakas-40-vrv\/#breadcrumb\"},\"inLanguage\":\"lt\",\"potentialAction\":[{\"@type\":\"ReadAction\",\"target\":[\"https:\/\/www.skamet.ee\/lt\/tooted\/atviras-nerudijancio-plieno-vandens-bakas-40-vrv\/\"]}]},{\"@type\":\"ImageObject\",\"inLanguage\":\"lt\",\"@id\":\"https:\/\/www.skamet.ee\/lt\/tooted\/atviras-nerudijancio-plieno-vandens-bakas-40-vrv\/#primaryimage\",\"url\":\"https:\/\/www.skamet.ee\/wp-content\/uploads\/2022\/10\/40-VRV__2_-removebg-preview.png\",\"contentUrl\":\"https:\/\/www.skamet.ee\/wp-content\/uploads\/2022\/10\/40-VRV__2_-removebg-preview.png\",\"width\":320,\"height\":561,\"caption\":\"40 VRV 2 removebg preview\"},{\"@type\":\"BreadcrumbList\",\"@id\":\"https:\/\/www.skamet.ee\/lt\/tooted\/atviras-nerudijancio-plieno-vandens-bakas-40-vrv\/#breadcrumb\",\"itemListElement\":[{\"@type\":\"ListItem\",\"position\":1,\"name\":\"Home\",\"item\":\"https:\/\/www.skamet.ee\/fi\/\"},{\"@type\":\"ListItem\",\"position\":2,\"name\":\"Produktai\",\"item\":\"https:\/\/www.skamet.ee\/lt\/shop-2\/\"},{\"@type\":\"ListItem\",\"position\":3,\"name\":\"Atviras ner\u016bdijan\u010dio plieno vandens bakas 40-VRV\"}]},{\"@type\":\"WebSite\",\"@id\":\"https:\/\/www.skamet.ee\/#website\",\"url\":\"https:\/\/www.skamet.ee\/\",\"name\":\"Skamet O\u00dc\",\"description\":\"Efektiivsed puuk\u00fcttega saunaahjud Eesti tootjalt\",\"publisher\":{\"@id\":\"https:\/\/www.skamet.ee\/#organization\"},\"potentialAction\":[{\"@type\":\"SearchAction\",\"target\":{\"@type\":\"EntryPoint\",\"urlTemplate\":\"https:\/\/www.skamet.ee\/?s={search_term_string}\"},\"query-input\":{\"@type\":\"PropertyValueSpecification\",\"valueRequired\":true,\"valueName\":\"search_term_string\"}}],\"inLanguage\":\"lt\"},{\"@type\":\"Organization\",\"@id\":\"https:\/\/www.skamet.ee\/#organization\",\"name\":\"Skamet\",\"url\":\"https:\/\/www.skamet.ee\/\",\"logo\":{\"@type\":\"ImageObject\",\"inLanguage\":\"lt\",\"@id\":\"https:\/\/www.skamet.ee\/#\/schema\/logo\/image\/\",\"url\":\"https:\/\/www.skamet.ee\/wp-content\/uploads\/2015\/05\/logo-uus.png\",\"contentUrl\":\"https:\/\/www.skamet.ee\/wp-content\/uploads\/2015\/05\/logo-uus.png\",\"width\":300,\"height\":127,\"caption\":\"Skamet\"},\"image\":{\"@id\":\"https:\/\/www.skamet.ee\/#\/schema\/logo\/image\/\"}}]}<\/script>\n<!-- \/ Yoast SEO plugin. -->","yoast_head_json":{"title":"Atviras ner\u016bdijan\u010dio plieno vandens bakas 40-VRV - Skamet","description":"Atviras ner\u016bdijan\u010dio plieno vandens bakas 40-VRV","robots":{"index":"index","follow":"follow","max-snippet":"max-snippet:-1","max-image-preview":"max-image-preview:large","max-video-preview":"max-video-preview:-1"},"canonical":"https:\/\/www.skamet.ee\/lt\/tooted\/atviras-nerudijancio-plieno-vandens-bakas-40-vrv\/","og_locale":"lt_LT","og_type":"article","og_title":"Atviras ner\u016bdijan\u010dio plieno vandens bakas 40-VRV - Skamet","og_description":"Atviras ner\u016bdijan\u010dio plieno vandens bakas 40-VRV","og_url":"https:\/\/www.skamet.ee\/lt\/tooted\/atviras-nerudijancio-plieno-vandens-bakas-40-vrv\/","og_site_name":"Skamet","article_modified_time":"2026-01-29T07:57:20+00:00","og_image":[{"width":320,"height":561,"url":"https:\/\/www.skamet.ee\/wp-content\/uploads\/2022\/10\/40-VRV__2_-removebg-preview.png","type":"image\/png"}],"twitter_card":"summary_large_image","twitter_misc":{"Est. reading time":"1 minute"},"schema":{"@context":"https:\/\/schema.org","@graph":[{"@type":"WebPage","@id":"https:\/\/www.skamet.ee\/lt\/tooted\/atviras-nerudijancio-plieno-vandens-bakas-40-vrv\/","url":"https:\/\/www.skamet.ee\/lt\/tooted\/atviras-nerudijancio-plieno-vandens-bakas-40-vrv\/","name":"Atviras ner\u016bdijan\u010dio plieno vandens bakas 40-VRV - Skamet","isPartOf":{"@id":"https:\/\/www.skamet.ee\/#website"},"primaryImageOfPage":{"@id":"https:\/\/www.skamet.ee\/lt\/tooted\/atviras-nerudijancio-plieno-vandens-bakas-40-vrv\/#primaryimage"},"image":{"@id":"https:\/\/www.skamet.ee\/lt\/tooted\/atviras-nerudijancio-plieno-vandens-bakas-40-vrv\/#primaryimage"},"thumbnailUrl":"https:\/\/www.skamet.ee\/wp-content\/uploads\/2022\/10\/40-VRV__2_-removebg-preview.png","datePublished":"2022-10-03T10:02:01+00:00","dateModified":"2026-01-29T07:57:20+00:00","description":"Atviras ner\u016bdijan\u010dio plieno vandens bakas 40-VRV","breadcrumb":{"@id":"https:\/\/www.skamet.ee\/lt\/tooted\/atviras-nerudijancio-plieno-vandens-bakas-40-vrv\/#breadcrumb"},"inLanguage":"lt","potentialAction":[{"@type":"ReadAction","target":["https:\/\/www.skamet.ee\/lt\/tooted\/atviras-nerudijancio-plieno-vandens-bakas-40-vrv\/"]}]},{"@type":"ImageObject","inLanguage":"lt","@id":"https:\/\/www.skamet.ee\/lt\/tooted\/atviras-nerudijancio-plieno-vandens-bakas-40-vrv\/#primaryimage","url":"https:\/\/www.skamet.ee\/wp-content\/uploads\/2022\/10\/40-VRV__2_-removebg-preview.png","contentUrl":"https:\/\/www.skamet.ee\/wp-content\/uploads\/2022\/10\/40-VRV__2_-removebg-preview.png","width":320,"height":561,"caption":"40 VRV 2 removebg preview"},{"@type":"BreadcrumbList","@id":"https:\/\/www.skamet.ee\/lt\/tooted\/atviras-nerudijancio-plieno-vandens-bakas-40-vrv\/#breadcrumb","itemListElement":[{"@type":"ListItem","position":1,"name":"Home","item":"https:\/\/www.skamet.ee\/fi\/"},{"@type":"ListItem","position":2,"name":"Produktai","item":"https:\/\/www.skamet.ee\/lt\/shop-2\/"},{"@type":"ListItem","position":3,"name":"Atviras ner\u016bdijan\u010dio plieno vandens bakas 40-VRV"}]},{"@type":"WebSite","@id":"https:\/\/www.skamet.ee\/#website","url":"https:\/\/www.skamet.ee\/","name":"Skamet O\u00dc","description":"Efektiivsed puuk\u00fcttega saunaahjud Eesti tootjalt","publisher":{"@id":"https:\/\/www.skamet.ee\/#organization"},"potentialAction":[{"@type":"SearchAction","target":{"@type":"EntryPoint","urlTemplate":"https:\/\/www.skamet.ee\/?s={search_term_string}"},"query-input":{"@type":"PropertyValueSpecification","valueRequired":true,"valueName":"search_term_string"}}],"inLanguage":"lt"},{"@type":"Organization","@id":"https:\/\/www.skamet.ee\/#organization","name":"Skamet","url":"https:\/\/www.skamet.ee\/","logo":{"@type":"ImageObject","inLanguage":"lt","@id":"https:\/\/www.skamet.ee\/#\/schema\/logo\/image\/","url":"https:\/\/www.skamet.ee\/wp-content\/uploads\/2015\/05\/logo-uus.png","contentUrl":"https:\/\/www.skamet.ee\/wp-content\/uploads\/2015\/05\/logo-uus.png","width":300,"height":127,"caption":"Skamet"},"image":{"@id":"https:\/\/www.skamet.ee\/#\/schema\/logo\/image\/"}}]}},"_links":{"self":[{"href":"https:\/\/www.skamet.ee\/lt\/wp-json\/wp\/v2\/product\/54574","targetHints":{"allow":["GET"]}}],"collection":[{"href":"https:\/\/www.skamet.ee\/lt\/wp-json\/wp\/v2\/product"}],"about":[{"href":"https:\/\/www.skamet.ee\/lt\/wp-json\/wp\/v2\/types\/product"}],"version-history":[{"count":2,"href":"https:\/\/www.skamet.ee\/lt\/wp-json\/wp\/v2\/product\/54574\/revisions"}],"predecessor-version":[{"id":54576,"href":"https:\/\/www.skamet.ee\/lt\/wp-json\/wp\/v2\/product\/54574\/revisions\/54576"}],"wp:featuredmedia":[{"embeddable":true,"href":"https:\/\/www.skamet.ee\/lt\/wp-json\/wp\/v2\/media\/43175"}],"wp:attachment":[{"href":"https:\/\/www.skamet.ee\/lt\/wp-json\/wp\/v2\/media?parent=54574"}],"wp:term":[{"taxonomy":"product_brand","embeddable":true,"href":"https:\/\/www.skamet.ee\/lt\/wp-json\/wp\/v2\/product_brand?post=54574"},{"taxonomy":"product_cat","embeddable":true,"href":"https:\/\/www.skamet.ee\/lt\/wp-json\/wp\/v2\/product_cat?post=54574"},{"taxonomy":"product_tag","embeddable":true,"href":"https:\/\/www.skamet.ee\/lt\/wp-json\/wp\/v2\/product_tag?post=54574"}],"curies":[{"name":"wp","href":"https:\/\/api.w.org\/{rel}","templated":true}]}}