{"id":54577,"date":"2024-10-23T07:45:19","date_gmt":"2024-10-23T04:45:19","guid":{"rendered":"https:\/\/www.skamet.ee\/?post_type=product&#038;p=54577"},"modified":"2026-01-29T10:12:18","modified_gmt":"2026-01-29T08:12:18","slug":"atviras-vandens-bakas-40-v","status":"publish","type":"product","link":"https:\/\/www.skamet.ee\/lt\/tooted\/atviras-vandens-bakas-40-v\/","title":{"rendered":"Atviras vandens bakas 40-V"},"content":{"rendered":"<p data-start=\"119\" data-end=\"322\">40 litr\u0173 vandens bakas pirties krosnelei su dang\u010diu ir \u010diaupu.<br data-start=\"181\" data-end=\"184\" \/>Krosnel\u0117se, k\u016brenamose i\u0161 tos pa\u010dios patalpos, bakas montuojamas kair\u0117je pus\u0117je, o k\u016brenamose i\u0161 kitos patalpos \u2013 de\u0161in\u0117je pus\u0117je.<\/p>\n<p data-start=\"119\" data-end=\"322\">\n<p data-start=\"324\" data-end=\"554\"><strong data-start=\"324\" data-end=\"336\">Pastaba!<\/strong> Jei J\u016bs\u0173 vanduo yra prastesn\u0117s kokyb\u0117s, rekomenduojama rinktis <strong data-start=\"400\" data-end=\"436\">ner\u016bdijan\u010dio plieno vandens bak\u0105<\/strong>, nes juodasis metalas gali sukelti r\u016bd\u017ei\u0173 susidarym\u0105, d\u0117l ko vanduo gali tapti <strong data-start=\"516\" data-end=\"553\">netinkamas naudojimui prausiantis<\/strong>.<\/p>\n<p data-start=\"324\" data-end=\"554\">\n<p data-start=\"552\" data-end=\"577\" data-is-last-node=\"\" data-is-only-node=\"\"><strong data-start=\"552\" data-end=\"577\" data-is-last-node=\"\">TECHNIN\u0116 INFORMACIJA:<\/strong><\/p>\n<p data-start=\"552\" data-end=\"577\" data-is-last-node=\"\" data-is-only-node=\"\"><strong>Produkto kodas:<\/strong> 40-V<br data-start=\"83\" data-end=\"86\" \/><strong>Auk\u0161tis:<\/strong>\u00a055 cm<br data-start=\"100\" data-end=\"103\" \/><strong>Plotis:<\/strong>\u00a038 cm<br data-start=\"116\" data-end=\"119\" \/><strong>Gylis:<\/strong>\u00a021 cm<br data-start=\"131\" data-end=\"134\" \/><strong>T\u016bris:<\/strong>\u00a040 l<br data-start=\"145\" data-end=\"148\" \/><strong>Med\u017eiaga:<\/strong>\u00a0juodasis metalas<\/p>\n","protected":false},"excerpt":{"rendered":"<p>40 litr\u0173 vandens bakas pirties krosnelei su dang\u010diu ir \u010diaupu.Krosnel\u0117se, k\u016brenamose i\u0161 tos pa\u010dios patalpos, bakas montuojamas kair\u0117je pus\u0117je, o<\/p>\n","protected":false},"featured_media":43136,"template":"","meta":{"_lmt_disableupdate":"","_lmt_disable":""},"product_brand":[],"product_cat":[973,1109],"product_tag":[],"class_list":{"0":"post-54577","1":"product","2":"type-product","3":"status-publish","4":"has-post-thumbnail","6":"product_cat-talpyklos-vandeniui","7":"product_cat-atviras-vandens-bakas-40l","9":"first","10":"instock","11":"shipping-taxable","12":"product-type-simple"},"yoast_head":"<!-- This site is optimized with the Yoast SEO plugin v27.0 - https:\/\/yoast.com\/product\/yoast-seo-wordpress\/ -->\n<title>Atviras vandens bakas 40-V - Skamet<\/title>\n<meta name=\"description\" content=\"Atviras vandens bakas 40-V\" \/>\n<meta name=\"robots\" content=\"index, follow, max-snippet:-1, max-image-preview:large, max-video-preview:-1\" \/>\n<link rel=\"canonical\" href=\"https:\/\/www.skamet.ee\/lt\/tooted\/atviras-vandens-bakas-40-v\/\" \/>\n<meta property=\"og:locale\" content=\"lt_LT\" \/>\n<meta property=\"og:type\" content=\"article\" \/>\n<meta property=\"og:title\" content=\"Atviras vandens bakas 40-V - Skamet\" \/>\n<meta property=\"og:description\" content=\"Atviras vandens bakas 40-V\" \/>\n<meta property=\"og:url\" content=\"https:\/\/www.skamet.ee\/lt\/tooted\/atviras-vandens-bakas-40-v\/\" \/>\n<meta property=\"og:site_name\" content=\"Skamet\" \/>\n<meta property=\"article:modified_time\" content=\"2026-01-29T08:12:18+00:00\" \/>\n<meta property=\"og:image\" content=\"https:\/\/www.skamet.ee\/wp-content\/uploads\/2022\/10\/40-V.png\" \/>\n\t<meta property=\"og:image:width\" content=\"375\" \/>\n\t<meta property=\"og:image:height\" content=\"666\" \/>\n\t<meta property=\"og:image:type\" content=\"image\/png\" \/>\n<meta name=\"twitter:card\" content=\"summary_large_image\" \/>\n<meta name=\"twitter:label1\" content=\"Est. reading time\" \/>\n\t<meta name=\"twitter:data1\" content=\"1 minute\" \/>\n<script type=\"application\/ld+json\" class=\"yoast-schema-graph\">{\"@context\":\"https:\/\/schema.org\",\"@graph\":[{\"@type\":\"WebPage\",\"@id\":\"https:\/\/www.skamet.ee\/lt\/tooted\/atviras-vandens-bakas-40-v\/\",\"url\":\"https:\/\/www.skamet.ee\/lt\/tooted\/atviras-vandens-bakas-40-v\/\",\"name\":\"Atviras vandens bakas 40-V - Skamet\",\"isPartOf\":{\"@id\":\"https:\/\/www.skamet.ee\/#website\"},\"primaryImageOfPage\":{\"@id\":\"https:\/\/www.skamet.ee\/lt\/tooted\/atviras-vandens-bakas-40-v\/#primaryimage\"},\"image\":{\"@id\":\"https:\/\/www.skamet.ee\/lt\/tooted\/atviras-vandens-bakas-40-v\/#primaryimage\"},\"thumbnailUrl\":\"https:\/\/www.skamet.ee\/wp-content\/uploads\/2022\/10\/40-V.png\",\"datePublished\":\"2024-10-23T04:45:19+00:00\",\"dateModified\":\"2026-01-29T08:12:18+00:00\",\"description\":\"Atviras vandens bakas 40-V\",\"breadcrumb\":{\"@id\":\"https:\/\/www.skamet.ee\/lt\/tooted\/atviras-vandens-bakas-40-v\/#breadcrumb\"},\"inLanguage\":\"lt\",\"potentialAction\":[{\"@type\":\"ReadAction\",\"target\":[\"https:\/\/www.skamet.ee\/lt\/tooted\/atviras-vandens-bakas-40-v\/\"]}]},{\"@type\":\"ImageObject\",\"inLanguage\":\"lt\",\"@id\":\"https:\/\/www.skamet.ee\/lt\/tooted\/atviras-vandens-bakas-40-v\/#primaryimage\",\"url\":\"https:\/\/www.skamet.ee\/wp-content\/uploads\/2022\/10\/40-V.png\",\"contentUrl\":\"https:\/\/www.skamet.ee\/wp-content\/uploads\/2022\/10\/40-V.png\",\"width\":375,\"height\":666,\"caption\":\"40 V\"},{\"@type\":\"BreadcrumbList\",\"@id\":\"https:\/\/www.skamet.ee\/lt\/tooted\/atviras-vandens-bakas-40-v\/#breadcrumb\",\"itemListElement\":[{\"@type\":\"ListItem\",\"position\":1,\"name\":\"Home\",\"item\":\"https:\/\/www.skamet.ee\/fi\/\"},{\"@type\":\"ListItem\",\"position\":2,\"name\":\"Produktai\",\"item\":\"https:\/\/www.skamet.ee\/lt\/shop-2\/\"},{\"@type\":\"ListItem\",\"position\":3,\"name\":\"Atviras vandens bakas 40-V\"}]},{\"@type\":\"WebSite\",\"@id\":\"https:\/\/www.skamet.ee\/#website\",\"url\":\"https:\/\/www.skamet.ee\/\",\"name\":\"Skamet O\u00dc\",\"description\":\"Efektiivsed puuk\u00fcttega saunaahjud Eesti tootjalt\",\"publisher\":{\"@id\":\"https:\/\/www.skamet.ee\/#organization\"},\"potentialAction\":[{\"@type\":\"SearchAction\",\"target\":{\"@type\":\"EntryPoint\",\"urlTemplate\":\"https:\/\/www.skamet.ee\/?s={search_term_string}\"},\"query-input\":{\"@type\":\"PropertyValueSpecification\",\"valueRequired\":true,\"valueName\":\"search_term_string\"}}],\"inLanguage\":\"lt\"},{\"@type\":\"Organization\",\"@id\":\"https:\/\/www.skamet.ee\/#organization\",\"name\":\"Skamet\",\"url\":\"https:\/\/www.skamet.ee\/\",\"logo\":{\"@type\":\"ImageObject\",\"inLanguage\":\"lt\",\"@id\":\"https:\/\/www.skamet.ee\/#\/schema\/logo\/image\/\",\"url\":\"https:\/\/www.skamet.ee\/wp-content\/uploads\/2015\/05\/logo-uus.png\",\"contentUrl\":\"https:\/\/www.skamet.ee\/wp-content\/uploads\/2015\/05\/logo-uus.png\",\"width\":300,\"height\":127,\"caption\":\"Skamet\"},\"image\":{\"@id\":\"https:\/\/www.skamet.ee\/#\/schema\/logo\/image\/\"}}]}<\/script>\n<!-- \/ Yoast SEO plugin. -->","yoast_head_json":{"title":"Atviras vandens bakas 40-V - Skamet","description":"Atviras vandens bakas 40-V","robots":{"index":"index","follow":"follow","max-snippet":"max-snippet:-1","max-image-preview":"max-image-preview:large","max-video-preview":"max-video-preview:-1"},"canonical":"https:\/\/www.skamet.ee\/lt\/tooted\/atviras-vandens-bakas-40-v\/","og_locale":"lt_LT","og_type":"article","og_title":"Atviras vandens bakas 40-V - Skamet","og_description":"Atviras vandens bakas 40-V","og_url":"https:\/\/www.skamet.ee\/lt\/tooted\/atviras-vandens-bakas-40-v\/","og_site_name":"Skamet","article_modified_time":"2026-01-29T08:12:18+00:00","og_image":[{"width":375,"height":666,"url":"https:\/\/www.skamet.ee\/wp-content\/uploads\/2022\/10\/40-V.png","type":"image\/png"}],"twitter_card":"summary_large_image","twitter_misc":{"Est. reading time":"1 minute"},"schema":{"@context":"https:\/\/schema.org","@graph":[{"@type":"WebPage","@id":"https:\/\/www.skamet.ee\/lt\/tooted\/atviras-vandens-bakas-40-v\/","url":"https:\/\/www.skamet.ee\/lt\/tooted\/atviras-vandens-bakas-40-v\/","name":"Atviras vandens bakas 40-V - Skamet","isPartOf":{"@id":"https:\/\/www.skamet.ee\/#website"},"primaryImageOfPage":{"@id":"https:\/\/www.skamet.ee\/lt\/tooted\/atviras-vandens-bakas-40-v\/#primaryimage"},"image":{"@id":"https:\/\/www.skamet.ee\/lt\/tooted\/atviras-vandens-bakas-40-v\/#primaryimage"},"thumbnailUrl":"https:\/\/www.skamet.ee\/wp-content\/uploads\/2022\/10\/40-V.png","datePublished":"2024-10-23T04:45:19+00:00","dateModified":"2026-01-29T08:12:18+00:00","description":"Atviras vandens bakas 40-V","breadcrumb":{"@id":"https:\/\/www.skamet.ee\/lt\/tooted\/atviras-vandens-bakas-40-v\/#breadcrumb"},"inLanguage":"lt","potentialAction":[{"@type":"ReadAction","target":["https:\/\/www.skamet.ee\/lt\/tooted\/atviras-vandens-bakas-40-v\/"]}]},{"@type":"ImageObject","inLanguage":"lt","@id":"https:\/\/www.skamet.ee\/lt\/tooted\/atviras-vandens-bakas-40-v\/#primaryimage","url":"https:\/\/www.skamet.ee\/wp-content\/uploads\/2022\/10\/40-V.png","contentUrl":"https:\/\/www.skamet.ee\/wp-content\/uploads\/2022\/10\/40-V.png","width":375,"height":666,"caption":"40 V"},{"@type":"BreadcrumbList","@id":"https:\/\/www.skamet.ee\/lt\/tooted\/atviras-vandens-bakas-40-v\/#breadcrumb","itemListElement":[{"@type":"ListItem","position":1,"name":"Home","item":"https:\/\/www.skamet.ee\/fi\/"},{"@type":"ListItem","position":2,"name":"Produktai","item":"https:\/\/www.skamet.ee\/lt\/shop-2\/"},{"@type":"ListItem","position":3,"name":"Atviras vandens bakas 40-V"}]},{"@type":"WebSite","@id":"https:\/\/www.skamet.ee\/#website","url":"https:\/\/www.skamet.ee\/","name":"Skamet O\u00dc","description":"Efektiivsed puuk\u00fcttega saunaahjud Eesti tootjalt","publisher":{"@id":"https:\/\/www.skamet.ee\/#organization"},"potentialAction":[{"@type":"SearchAction","target":{"@type":"EntryPoint","urlTemplate":"https:\/\/www.skamet.ee\/?s={search_term_string}"},"query-input":{"@type":"PropertyValueSpecification","valueRequired":true,"valueName":"search_term_string"}}],"inLanguage":"lt"},{"@type":"Organization","@id":"https:\/\/www.skamet.ee\/#organization","name":"Skamet","url":"https:\/\/www.skamet.ee\/","logo":{"@type":"ImageObject","inLanguage":"lt","@id":"https:\/\/www.skamet.ee\/#\/schema\/logo\/image\/","url":"https:\/\/www.skamet.ee\/wp-content\/uploads\/2015\/05\/logo-uus.png","contentUrl":"https:\/\/www.skamet.ee\/wp-content\/uploads\/2015\/05\/logo-uus.png","width":300,"height":127,"caption":"Skamet"},"image":{"@id":"https:\/\/www.skamet.ee\/#\/schema\/logo\/image\/"}}]}},"_links":{"self":[{"href":"https:\/\/www.skamet.ee\/lt\/wp-json\/wp\/v2\/product\/54577","targetHints":{"allow":["GET"]}}],"collection":[{"href":"https:\/\/www.skamet.ee\/lt\/wp-json\/wp\/v2\/product"}],"about":[{"href":"https:\/\/www.skamet.ee\/lt\/wp-json\/wp\/v2\/types\/product"}],"version-history":[{"count":1,"href":"https:\/\/www.skamet.ee\/lt\/wp-json\/wp\/v2\/product\/54577\/revisions"}],"predecessor-version":[{"id":54578,"href":"https:\/\/www.skamet.ee\/lt\/wp-json\/wp\/v2\/product\/54577\/revisions\/54578"}],"wp:featuredmedia":[{"embeddable":true,"href":"https:\/\/www.skamet.ee\/lt\/wp-json\/wp\/v2\/media\/43136"}],"wp:attachment":[{"href":"https:\/\/www.skamet.ee\/lt\/wp-json\/wp\/v2\/media?parent=54577"}],"wp:term":[{"taxonomy":"product_brand","embeddable":true,"href":"https:\/\/www.skamet.ee\/lt\/wp-json\/wp\/v2\/product_brand?post=54577"},{"taxonomy":"product_cat","embeddable":true,"href":"https:\/\/www.skamet.ee\/lt\/wp-json\/wp\/v2\/product_cat?post=54577"},{"taxonomy":"product_tag","embeddable":true,"href":"https:\/\/www.skamet.ee\/lt\/wp-json\/wp\/v2\/product_tag?post=54577"}],"curies":[{"name":"wp","href":"https:\/\/api.w.org\/{rel}","templated":true}]}}