{"id":54596,"date":"2024-10-25T08:11:30","date_gmt":"2024-10-25T05:11:30","guid":{"rendered":"https:\/\/www.skamet.ee\/?post_type=product&#038;p=54596"},"modified":"2026-01-29T10:45:31","modified_gmt":"2026-01-29T08:45:31","slug":"vandens-boileris-bo-110","status":"publish","type":"product","link":"https:\/\/www.skamet.ee\/lt\/tooted\/vandens-boileris-bo-110\/","title":{"rendered":"Vandens boileris BO-110"},"content":{"rendered":"<p data-start=\"117\" data-end=\"461\">Paprastas, patikimas ir aplinkai draugi\u0161kas b\u016bdas \u0161ildyti pirties vanden\u012f.<br data-start=\"191\" data-end=\"194\" \/>Atviras pirties vandens boileris stabiliai stovi ant kojeli\u0173 ir yra apr\u016bpintas <strong data-start=\"273\" data-end=\"300\">dviem \u00be colio nipeliais<\/strong> \u0161onuose, per kuriuos jis prijungiamas prie pirties krosnel\u0117s. Be to, boilerio apa\u010dioje yra <strong data-start=\"392\" data-end=\"411\">\u00bd colio nipelis<\/strong>, leid\u017eiantis prireikus patogiai i\u0161leisti vanden\u012f.<\/p>\n<p data-start=\"463\" data-end=\"697\">I\u0161 <strong data-start=\"466\" data-end=\"484\">juodojo metalo<\/strong> pagaminti vandens boileriai <strong data-start=\"513\" data-end=\"549\">n\u0117ra skirti geriamajam vandeniui<\/strong>. Taip pat reikia atkreipti d\u0117mes\u012f, kad juodojo metalo boileriai gali sukelti <strong data-start=\"627\" data-end=\"648\">r\u016bd\u017ei\u0173 susidarym\u0105<\/strong>, d\u0117l ko vanduo gali tapti netinkamas naudojimui.<\/p>\n<p data-start=\"699\" data-end=\"765\">Reguliari prie\u017ei\u016bra yra b\u016btina tinkamam vandens boilerio veikimui.<\/p>\n<p data-start=\"767\" data-end=\"819\">\n<hr data-start=\"821\" data-end=\"824\" \/>\n<h3 data-start=\"826\" data-end=\"855\"><strong data-start=\"830\" data-end=\"855\">TECHNIN\u0116 INFORMACIJA:<\/strong><\/h3>\n<p data-start=\"857\" data-end=\"999\"><strong>Produkto kodas:<\/strong> BO-110<br data-start=\"879\" data-end=\"882\" \/><strong>Montavimas:<\/strong> pastatomas ant kojeli\u0173<br data-start=\"916\" data-end=\"919\" \/><strong>Skersmuo:<\/strong> 450 mm<br data-start=\"935\" data-end=\"938\" \/><strong>T\u016bris:<\/strong> 110 l<br data-start=\"950\" data-end=\"953\" \/><strong>Sistema:<\/strong> atvira<br data-start=\"968\" data-end=\"971\" \/><strong>Med\u017eiaga:<\/strong> juodasis metalas<\/p>\n","protected":false},"excerpt":{"rendered":"<p>Paprastas, patikimas ir aplinkai draugi\u0161kas b\u016bdas \u0161ildyti pirties vanden\u012f.Atviras pirties vandens boileris stabiliai stovi ant kojeli\u0173 ir yra apr\u016bpintas dviem<\/p>\n","protected":false},"featured_media":44412,"template":"","meta":{"_lmt_disableupdate":"","_lmt_disable":""},"product_brand":[],"product_cat":[1107],"product_tag":[],"class_list":{"0":"post-54596","1":"product","2":"type-product","3":"status-publish","4":"has-post-thumbnail","6":"product_cat-atviras-vandens-katilas","8":"first","9":"instock","10":"shipping-taxable","11":"product-type-simple"},"yoast_head":"<!-- This site is optimized with the Yoast SEO plugin v27.0 - https:\/\/yoast.com\/product\/yoast-seo-wordpress\/ -->\n<title>Vandens boileris BO-110 - Skamet<\/title>\n<meta name=\"description\" content=\"Vandens boileris BO-110\" \/>\n<meta name=\"robots\" content=\"index, follow, max-snippet:-1, max-image-preview:large, max-video-preview:-1\" \/>\n<link rel=\"canonical\" href=\"https:\/\/www.skamet.ee\/lt\/tooted\/vandens-boileris-bo-110\/\" \/>\n<meta property=\"og:locale\" content=\"lt_LT\" \/>\n<meta property=\"og:type\" content=\"article\" \/>\n<meta property=\"og:title\" content=\"Vandens boileris BO-110 - Skamet\" \/>\n<meta property=\"og:description\" content=\"Vandens boileris BO-110\" \/>\n<meta property=\"og:url\" content=\"https:\/\/www.skamet.ee\/lt\/tooted\/vandens-boileris-bo-110\/\" \/>\n<meta property=\"og:site_name\" content=\"Skamet\" \/>\n<meta property=\"article:modified_time\" content=\"2026-01-29T08:45:31+00:00\" \/>\n<meta property=\"og:image\" content=\"https:\/\/www.skamet.ee\/wp-content\/uploads\/2024\/10\/BO-110.jpg\" \/>\n\t<meta property=\"og:image:width\" content=\"408\" \/>\n\t<meta property=\"og:image:height\" content=\"306\" \/>\n\t<meta property=\"og:image:type\" content=\"image\/jpeg\" \/>\n<meta name=\"twitter:card\" content=\"summary_large_image\" \/>\n<meta name=\"twitter:label1\" content=\"Est. reading time\" \/>\n\t<meta name=\"twitter:data1\" content=\"1 minute\" \/>\n<script type=\"application\/ld+json\" class=\"yoast-schema-graph\">{\"@context\":\"https:\/\/schema.org\",\"@graph\":[{\"@type\":\"WebPage\",\"@id\":\"https:\/\/www.skamet.ee\/lt\/tooted\/vandens-boileris-bo-110\/\",\"url\":\"https:\/\/www.skamet.ee\/lt\/tooted\/vandens-boileris-bo-110\/\",\"name\":\"Vandens boileris BO-110 - Skamet\",\"isPartOf\":{\"@id\":\"https:\/\/www.skamet.ee\/#website\"},\"primaryImageOfPage\":{\"@id\":\"https:\/\/www.skamet.ee\/lt\/tooted\/vandens-boileris-bo-110\/#primaryimage\"},\"image\":{\"@id\":\"https:\/\/www.skamet.ee\/lt\/tooted\/vandens-boileris-bo-110\/#primaryimage\"},\"thumbnailUrl\":\"https:\/\/www.skamet.ee\/wp-content\/uploads\/2024\/10\/BO-110.jpg\",\"datePublished\":\"2024-10-25T05:11:30+00:00\",\"dateModified\":\"2026-01-29T08:45:31+00:00\",\"description\":\"Vandens boileris BO-110\",\"breadcrumb\":{\"@id\":\"https:\/\/www.skamet.ee\/lt\/tooted\/vandens-boileris-bo-110\/#breadcrumb\"},\"inLanguage\":\"lt\",\"potentialAction\":[{\"@type\":\"ReadAction\",\"target\":[\"https:\/\/www.skamet.ee\/lt\/tooted\/vandens-boileris-bo-110\/\"]}]},{\"@type\":\"ImageObject\",\"inLanguage\":\"lt\",\"@id\":\"https:\/\/www.skamet.ee\/lt\/tooted\/vandens-boileris-bo-110\/#primaryimage\",\"url\":\"https:\/\/www.skamet.ee\/wp-content\/uploads\/2024\/10\/BO-110.jpg\",\"contentUrl\":\"https:\/\/www.skamet.ee\/wp-content\/uploads\/2024\/10\/BO-110.jpg\",\"width\":408,\"height\":306,\"caption\":\"BO 110\"},{\"@type\":\"BreadcrumbList\",\"@id\":\"https:\/\/www.skamet.ee\/lt\/tooted\/vandens-boileris-bo-110\/#breadcrumb\",\"itemListElement\":[{\"@type\":\"ListItem\",\"position\":1,\"name\":\"Home\",\"item\":\"https:\/\/www.skamet.ee\/fi\/\"},{\"@type\":\"ListItem\",\"position\":2,\"name\":\"Produktai\",\"item\":\"https:\/\/www.skamet.ee\/lt\/shop-2\/\"},{\"@type\":\"ListItem\",\"position\":3,\"name\":\"Vandens boileris BO-110\"}]},{\"@type\":\"WebSite\",\"@id\":\"https:\/\/www.skamet.ee\/#website\",\"url\":\"https:\/\/www.skamet.ee\/\",\"name\":\"Skamet O\u00dc\",\"description\":\"Efektiivsed puuk\u00fcttega saunaahjud Eesti tootjalt\",\"publisher\":{\"@id\":\"https:\/\/www.skamet.ee\/#organization\"},\"potentialAction\":[{\"@type\":\"SearchAction\",\"target\":{\"@type\":\"EntryPoint\",\"urlTemplate\":\"https:\/\/www.skamet.ee\/?s={search_term_string}\"},\"query-input\":{\"@type\":\"PropertyValueSpecification\",\"valueRequired\":true,\"valueName\":\"search_term_string\"}}],\"inLanguage\":\"lt\"},{\"@type\":\"Organization\",\"@id\":\"https:\/\/www.skamet.ee\/#organization\",\"name\":\"Skamet\",\"url\":\"https:\/\/www.skamet.ee\/\",\"logo\":{\"@type\":\"ImageObject\",\"inLanguage\":\"lt\",\"@id\":\"https:\/\/www.skamet.ee\/#\/schema\/logo\/image\/\",\"url\":\"https:\/\/www.skamet.ee\/wp-content\/uploads\/2015\/05\/logo-uus.png\",\"contentUrl\":\"https:\/\/www.skamet.ee\/wp-content\/uploads\/2015\/05\/logo-uus.png\",\"width\":300,\"height\":127,\"caption\":\"Skamet\"},\"image\":{\"@id\":\"https:\/\/www.skamet.ee\/#\/schema\/logo\/image\/\"}}]}<\/script>\n<!-- \/ Yoast SEO plugin. -->","yoast_head_json":{"title":"Vandens boileris BO-110 - Skamet","description":"Vandens boileris BO-110","robots":{"index":"index","follow":"follow","max-snippet":"max-snippet:-1","max-image-preview":"max-image-preview:large","max-video-preview":"max-video-preview:-1"},"canonical":"https:\/\/www.skamet.ee\/lt\/tooted\/vandens-boileris-bo-110\/","og_locale":"lt_LT","og_type":"article","og_title":"Vandens boileris BO-110 - Skamet","og_description":"Vandens boileris BO-110","og_url":"https:\/\/www.skamet.ee\/lt\/tooted\/vandens-boileris-bo-110\/","og_site_name":"Skamet","article_modified_time":"2026-01-29T08:45:31+00:00","og_image":[{"width":408,"height":306,"url":"https:\/\/www.skamet.ee\/wp-content\/uploads\/2024\/10\/BO-110.jpg","type":"image\/jpeg"}],"twitter_card":"summary_large_image","twitter_misc":{"Est. reading time":"1 minute"},"schema":{"@context":"https:\/\/schema.org","@graph":[{"@type":"WebPage","@id":"https:\/\/www.skamet.ee\/lt\/tooted\/vandens-boileris-bo-110\/","url":"https:\/\/www.skamet.ee\/lt\/tooted\/vandens-boileris-bo-110\/","name":"Vandens boileris BO-110 - Skamet","isPartOf":{"@id":"https:\/\/www.skamet.ee\/#website"},"primaryImageOfPage":{"@id":"https:\/\/www.skamet.ee\/lt\/tooted\/vandens-boileris-bo-110\/#primaryimage"},"image":{"@id":"https:\/\/www.skamet.ee\/lt\/tooted\/vandens-boileris-bo-110\/#primaryimage"},"thumbnailUrl":"https:\/\/www.skamet.ee\/wp-content\/uploads\/2024\/10\/BO-110.jpg","datePublished":"2024-10-25T05:11:30+00:00","dateModified":"2026-01-29T08:45:31+00:00","description":"Vandens boileris BO-110","breadcrumb":{"@id":"https:\/\/www.skamet.ee\/lt\/tooted\/vandens-boileris-bo-110\/#breadcrumb"},"inLanguage":"lt","potentialAction":[{"@type":"ReadAction","target":["https:\/\/www.skamet.ee\/lt\/tooted\/vandens-boileris-bo-110\/"]}]},{"@type":"ImageObject","inLanguage":"lt","@id":"https:\/\/www.skamet.ee\/lt\/tooted\/vandens-boileris-bo-110\/#primaryimage","url":"https:\/\/www.skamet.ee\/wp-content\/uploads\/2024\/10\/BO-110.jpg","contentUrl":"https:\/\/www.skamet.ee\/wp-content\/uploads\/2024\/10\/BO-110.jpg","width":408,"height":306,"caption":"BO 110"},{"@type":"BreadcrumbList","@id":"https:\/\/www.skamet.ee\/lt\/tooted\/vandens-boileris-bo-110\/#breadcrumb","itemListElement":[{"@type":"ListItem","position":1,"name":"Home","item":"https:\/\/www.skamet.ee\/fi\/"},{"@type":"ListItem","position":2,"name":"Produktai","item":"https:\/\/www.skamet.ee\/lt\/shop-2\/"},{"@type":"ListItem","position":3,"name":"Vandens boileris BO-110"}]},{"@type":"WebSite","@id":"https:\/\/www.skamet.ee\/#website","url":"https:\/\/www.skamet.ee\/","name":"Skamet O\u00dc","description":"Efektiivsed puuk\u00fcttega saunaahjud Eesti tootjalt","publisher":{"@id":"https:\/\/www.skamet.ee\/#organization"},"potentialAction":[{"@type":"SearchAction","target":{"@type":"EntryPoint","urlTemplate":"https:\/\/www.skamet.ee\/?s={search_term_string}"},"query-input":{"@type":"PropertyValueSpecification","valueRequired":true,"valueName":"search_term_string"}}],"inLanguage":"lt"},{"@type":"Organization","@id":"https:\/\/www.skamet.ee\/#organization","name":"Skamet","url":"https:\/\/www.skamet.ee\/","logo":{"@type":"ImageObject","inLanguage":"lt","@id":"https:\/\/www.skamet.ee\/#\/schema\/logo\/image\/","url":"https:\/\/www.skamet.ee\/wp-content\/uploads\/2015\/05\/logo-uus.png","contentUrl":"https:\/\/www.skamet.ee\/wp-content\/uploads\/2015\/05\/logo-uus.png","width":300,"height":127,"caption":"Skamet"},"image":{"@id":"https:\/\/www.skamet.ee\/#\/schema\/logo\/image\/"}}]}},"_links":{"self":[{"href":"https:\/\/www.skamet.ee\/lt\/wp-json\/wp\/v2\/product\/54596","targetHints":{"allow":["GET"]}}],"collection":[{"href":"https:\/\/www.skamet.ee\/lt\/wp-json\/wp\/v2\/product"}],"about":[{"href":"https:\/\/www.skamet.ee\/lt\/wp-json\/wp\/v2\/types\/product"}],"version-history":[{"count":1,"href":"https:\/\/www.skamet.ee\/lt\/wp-json\/wp\/v2\/product\/54596\/revisions"}],"predecessor-version":[{"id":54597,"href":"https:\/\/www.skamet.ee\/lt\/wp-json\/wp\/v2\/product\/54596\/revisions\/54597"}],"wp:featuredmedia":[{"embeddable":true,"href":"https:\/\/www.skamet.ee\/lt\/wp-json\/wp\/v2\/media\/44412"}],"wp:attachment":[{"href":"https:\/\/www.skamet.ee\/lt\/wp-json\/wp\/v2\/media?parent=54596"}],"wp:term":[{"taxonomy":"product_brand","embeddable":true,"href":"https:\/\/www.skamet.ee\/lt\/wp-json\/wp\/v2\/product_brand?post=54596"},{"taxonomy":"product_cat","embeddable":true,"href":"https:\/\/www.skamet.ee\/lt\/wp-json\/wp\/v2\/product_cat?post=54596"},{"taxonomy":"product_tag","embeddable":true,"href":"https:\/\/www.skamet.ee\/lt\/wp-json\/wp\/v2\/product_tag?post=54596"}],"curies":[{"name":"wp","href":"https:\/\/api.w.org\/{rel}","templated":true}]}}