{"id":2667,"date":"2014-02-14T07:42:20","date_gmt":"2014-02-14T07:42:20","guid":{"rendered":"http:\/\/skamet.ee\/?page_id=2667"},"modified":"2015-06-18T12:17:29","modified_gmt":"2015-06-18T12:17:29","slug":"pirts-krasnis","status":"publish","type":"page","link":"https:\/\/www.skamet.ee\/lv\/pirts-krasnis\/","title":{"rendered":"Pirts kr\u0101snis"},"content":{"rendered":"<p><span style=\"font-size: small;\">Skamet O\u00dc pirts kr\u0101snis tiek ra\u017eotas Igaunij\u0101. Visi mode\u013ci ir sertific\u0113ti atbilsto\u0161i Eiropas standartam EN 15821:2010.<\/span><br \/>\n<span style=\"font-size: small;\"> Visu pirts kr\u0101\u0161\u0146u efektivit\u0101te ir liel\u0101ka par 70%, kas p\u0101rsniedz ES standarta pras\u012bbas (50%). \u0160\u0101du uzsil\u0161anu nodro\u0161ina kr\u0101sn\u012b ieb\u016bv\u0113tais d\u016bmvads, kas p\u0113c iesp\u0113jas ilg\u0101k notur siltumu pirms tas non\u0101k\u00a0 d\u016bmcaurul\u0113, bet no d\u016bmcaurules kr\u0101sns skursten\u012b. T\u0101p\u0113c, visas m\u016bsu kr\u0101snis ir apr\u012bkotas ar d\u016bmvadiem, kas kav\u0113 uguns nok\u013c\u016b\u0161anu d\u016bmcaurul\u0113. Ja esiet labi nosiltin\u0101ju\u0161i savu pirti un pareizi izv\u0113l\u0113j\u0101ties k\u0101du no m\u016bsu mode\u013ciem, tad pirts telpu var sakars\u0113t l\u012bdz 100 \u02da\u0421 0,5 l\u012bdz 1,5 stundas laik\u0101. Vid\u0113jais &#8220;Skamet&#8221; kr\u0101sns m\u016b\u017ea ilgums, to pareizi lietojot, ir no 8 l\u012bdz 12 gadiem.\u00a0<\/span><br \/>\n<span style=\"font-size: small;\"> Pied\u0101v\u0101jam da\u017e\u0101dus pirts kr\u0101\u0161\u0146u mode\u013cus:<\/span><br \/>\n<span style=\"font-size: small;\"> &gt; neliel\u0101m (no 8 \u043c\u00b3) vai liel\u0101m pirt\u012bm (l\u012bdz 25 \u043c\u00b3);<\/span><br \/>\n<span style=\"font-size: small;\"> &gt; ar apkuri pirts telp\u0101 vai caur sienu;<\/span><br \/>\n<span style=\"font-size: small;\"> &gt; met\u0101la korpus\u0101 vai re\u017e\u0123a korpus\u0101 (kr\u0101sns-re\u017e\u0123is);<\/span><br \/>\n<span style=\"font-size: small;\"> &gt; ar \u016bdens kabatu (ar iesp\u0113ju piesl\u0113gt boileri) vai bez t\u0101s;<\/span><br \/>\n<span style=\"font-size: small;\"> &gt; ar stikla durti\u0146\u0101m vai bez.<\/span><\/p>\n","protected":false},"excerpt":{"rendered":"<p>Skamet O\u00dc pirts kr\u0101snis tiek ra\u017eotas Igaunij\u0101. Visi mode\u013ci ir sertific\u0113ti atbilsto\u0161i Eiropas standartam EN 15821:2010. Visu pirts kr\u0101\u0161\u0146u efektivit\u0101te<\/p>\n","protected":false},"author":2,"featured_media":0,"parent":0,"menu_order":0,"comment_status":"closed","ping_status":"closed","template":"","meta":{"_lmt_disableupdate":"","_lmt_disable":"","footnotes":""},"class_list":["post-2667","page","type-page","status-publish","hentry"],"yoast_head":"<!-- This site is optimized with the Yoast SEO plugin v27.0 - https:\/\/yoast.com\/product\/yoast-seo-wordpress\/ -->\n<title>Pirts kr\u0101snis - Skamet<\/title>\n<meta name=\"robots\" content=\"index, follow, max-snippet:-1, max-image-preview:large, max-video-preview:-1\" \/>\n<link rel=\"canonical\" href=\"https:\/\/www.skamet.ee\/saunaahjud\/\" \/>\n<meta property=\"og:locale\" content=\"lv_LV\" \/>\n<meta property=\"og:type\" content=\"article\" \/>\n<meta property=\"og:title\" content=\"Pirts kr\u0101snis - Skamet\" \/>\n<meta property=\"og:description\" content=\"Skamet O\u00dc pirts kr\u0101snis tiek ra\u017eotas Igaunij\u0101. Visi mode\u013ci ir sertific\u0113ti atbilsto\u0161i Eiropas standartam EN 15821:2010. Visu pirts kr\u0101\u0161\u0146u efektivit\u0101te\" \/>\n<meta property=\"og:url\" content=\"https:\/\/www.skamet.ee\/saunaahjud\/\" \/>\n<meta property=\"og:site_name\" content=\"Skamet\" \/>\n<meta property=\"article:modified_time\" content=\"2015-06-18T12:17:29+00:00\" \/>\n<meta name=\"twitter:card\" content=\"summary_large_image\" \/>\n<meta name=\"twitter:label1\" content=\"Est. reading time\" \/>\n\t<meta name=\"twitter:data1\" content=\"1 min\u016b\u0161u\" \/>\n<script type=\"application\/ld+json\" class=\"yoast-schema-graph\">{\"@context\":\"https:\/\/schema.org\",\"@graph\":[{\"@type\":\"WebPage\",\"@id\":\"https:\/\/www.skamet.ee\/saunaahjud\/\",\"url\":\"https:\/\/www.skamet.ee\/saunaahjud\/\",\"name\":\"Pirts kr\u0101snis - Skamet\",\"isPartOf\":{\"@id\":\"https:\/\/www.skamet.ee\/#website\"},\"datePublished\":\"2014-02-14T07:42:20+00:00\",\"dateModified\":\"2015-06-18T12:17:29+00:00\",\"breadcrumb\":{\"@id\":\"https:\/\/www.skamet.ee\/saunaahjud\/#breadcrumb\"},\"inLanguage\":\"lv-LV\",\"potentialAction\":[{\"@type\":\"ReadAction\",\"target\":[\"https:\/\/www.skamet.ee\/saunaahjud\/\"]}]},{\"@type\":\"BreadcrumbList\",\"@id\":\"https:\/\/www.skamet.ee\/saunaahjud\/#breadcrumb\",\"itemListElement\":[{\"@type\":\"ListItem\",\"position\":1,\"name\":\"Home\",\"item\":\"https:\/\/www.skamet.ee\/lv\/\"},{\"@type\":\"ListItem\",\"position\":2,\"name\":\"Pirts kr\u0101snis\"}]},{\"@type\":\"WebSite\",\"@id\":\"https:\/\/www.skamet.ee\/#website\",\"url\":\"https:\/\/www.skamet.ee\/\",\"name\":\"Skamet O\u00dc\",\"description\":\"Efektiivsed puuk\u00fcttega saunaahjud Eesti tootjalt\",\"publisher\":{\"@id\":\"https:\/\/www.skamet.ee\/#organization\"},\"potentialAction\":[{\"@type\":\"SearchAction\",\"target\":{\"@type\":\"EntryPoint\",\"urlTemplate\":\"https:\/\/www.skamet.ee\/?s={search_term_string}\"},\"query-input\":{\"@type\":\"PropertyValueSpecification\",\"valueRequired\":true,\"valueName\":\"search_term_string\"}}],\"inLanguage\":\"lv-LV\"},{\"@type\":\"Organization\",\"@id\":\"https:\/\/www.skamet.ee\/#organization\",\"name\":\"Skamet\",\"url\":\"https:\/\/www.skamet.ee\/\",\"logo\":{\"@type\":\"ImageObject\",\"inLanguage\":\"lv-LV\",\"@id\":\"https:\/\/www.skamet.ee\/#\/schema\/logo\/image\/\",\"url\":\"https:\/\/www.skamet.ee\/wp-content\/uploads\/2015\/05\/logo-uus.png\",\"contentUrl\":\"https:\/\/www.skamet.ee\/wp-content\/uploads\/2015\/05\/logo-uus.png\",\"width\":300,\"height\":127,\"caption\":\"Skamet\"},\"image\":{\"@id\":\"https:\/\/www.skamet.ee\/#\/schema\/logo\/image\/\"}}]}<\/script>\n<!-- \/ Yoast SEO plugin. -->","yoast_head_json":{"title":"Pirts kr\u0101snis - Skamet","robots":{"index":"index","follow":"follow","max-snippet":"max-snippet:-1","max-image-preview":"max-image-preview:large","max-video-preview":"max-video-preview:-1"},"canonical":"https:\/\/www.skamet.ee\/saunaahjud\/","og_locale":"lv_LV","og_type":"article","og_title":"Pirts kr\u0101snis - Skamet","og_description":"Skamet O\u00dc pirts kr\u0101snis tiek ra\u017eotas Igaunij\u0101. Visi mode\u013ci ir sertific\u0113ti atbilsto\u0161i Eiropas standartam EN 15821:2010. Visu pirts kr\u0101\u0161\u0146u efektivit\u0101te","og_url":"https:\/\/www.skamet.ee\/saunaahjud\/","og_site_name":"Skamet","article_modified_time":"2015-06-18T12:17:29+00:00","twitter_card":"summary_large_image","twitter_misc":{"Est. reading time":"1 min\u016b\u0161u"},"schema":{"@context":"https:\/\/schema.org","@graph":[{"@type":"WebPage","@id":"https:\/\/www.skamet.ee\/saunaahjud\/","url":"https:\/\/www.skamet.ee\/saunaahjud\/","name":"Pirts kr\u0101snis - Skamet","isPartOf":{"@id":"https:\/\/www.skamet.ee\/#website"},"datePublished":"2014-02-14T07:42:20+00:00","dateModified":"2015-06-18T12:17:29+00:00","breadcrumb":{"@id":"https:\/\/www.skamet.ee\/saunaahjud\/#breadcrumb"},"inLanguage":"lv-LV","potentialAction":[{"@type":"ReadAction","target":["https:\/\/www.skamet.ee\/saunaahjud\/"]}]},{"@type":"BreadcrumbList","@id":"https:\/\/www.skamet.ee\/saunaahjud\/#breadcrumb","itemListElement":[{"@type":"ListItem","position":1,"name":"Home","item":"https:\/\/www.skamet.ee\/lv\/"},{"@type":"ListItem","position":2,"name":"Pirts kr\u0101snis"}]},{"@type":"WebSite","@id":"https:\/\/www.skamet.ee\/#website","url":"https:\/\/www.skamet.ee\/","name":"Skamet O\u00dc","description":"Efektiivsed puuk\u00fcttega saunaahjud Eesti tootjalt","publisher":{"@id":"https:\/\/www.skamet.ee\/#organization"},"potentialAction":[{"@type":"SearchAction","target":{"@type":"EntryPoint","urlTemplate":"https:\/\/www.skamet.ee\/?s={search_term_string}"},"query-input":{"@type":"PropertyValueSpecification","valueRequired":true,"valueName":"search_term_string"}}],"inLanguage":"lv-LV"},{"@type":"Organization","@id":"https:\/\/www.skamet.ee\/#organization","name":"Skamet","url":"https:\/\/www.skamet.ee\/","logo":{"@type":"ImageObject","inLanguage":"lv-LV","@id":"https:\/\/www.skamet.ee\/#\/schema\/logo\/image\/","url":"https:\/\/www.skamet.ee\/wp-content\/uploads\/2015\/05\/logo-uus.png","contentUrl":"https:\/\/www.skamet.ee\/wp-content\/uploads\/2015\/05\/logo-uus.png","width":300,"height":127,"caption":"Skamet"},"image":{"@id":"https:\/\/www.skamet.ee\/#\/schema\/logo\/image\/"}}]}},"_links":{"self":[{"href":"https:\/\/www.skamet.ee\/lv\/wp-json\/wp\/v2\/pages\/2667","targetHints":{"allow":["GET"]}}],"collection":[{"href":"https:\/\/www.skamet.ee\/lv\/wp-json\/wp\/v2\/pages"}],"about":[{"href":"https:\/\/www.skamet.ee\/lv\/wp-json\/wp\/v2\/types\/page"}],"author":[{"embeddable":true,"href":"https:\/\/www.skamet.ee\/lv\/wp-json\/wp\/v2\/users\/2"}],"replies":[{"embeddable":true,"href":"https:\/\/www.skamet.ee\/lv\/wp-json\/wp\/v2\/comments?post=2667"}],"version-history":[{"count":1,"href":"https:\/\/www.skamet.ee\/lv\/wp-json\/wp\/v2\/pages\/2667\/revisions"}],"predecessor-version":[{"id":4026,"href":"https:\/\/www.skamet.ee\/lv\/wp-json\/wp\/v2\/pages\/2667\/revisions\/4026"}],"wp:attachment":[{"href":"https:\/\/www.skamet.ee\/lv\/wp-json\/wp\/v2\/media?parent=2667"}],"curies":[{"name":"wp","href":"https:\/\/api.w.org\/{rel}","templated":true}]}}