{"id":2679,"date":"2014-02-14T09:18:18","date_gmt":"2014-02-14T09:18:18","guid":{"rendered":"http:\/\/skamet.ee\/?page_id=2679"},"modified":"2016-04-25T08:56:38","modified_gmt":"2016-04-25T08:56:38","slug":"kurinamas-taja-pasa-telpa","status":"publish","type":"page","link":"https:\/\/www.skamet.ee\/lv\/pirts-krasnis\/rezga-pirts-krasns-rezgota-korpusa\/kurinamas-taja-pasa-telpa\/","title":{"rendered":"Kurin\u0101mas taj\u0101 pa\u0161\u0101 telp\u0101"},"content":{"rendered":"<p><span style=\"font-size: small;\">Kr\u0101sns tiek kurin\u0101ta pirts telp\u0101. Standarta mode\u013cus var savienot ar skursteni tikai aug\u0161pus\u0113, durti\u0146u pus\u0113. Iesp\u0113jams pas\u016bt\u012bt modeli ar skursteni, kas ir savienots ne tikai caur aizmugur\u0113jo sienu, bet ar\u012b no aug\u0161as, aizmugures durti\u0146u pus\u0113, t.i., apgriezt\u0101 veid\u0101.\u00a0<\/span><\/p>\n<h3>[dywp_alert style=&#8221;grey&#8221; icon=&#8221;no-icon&#8221; ] Ar kvadr\u0101tveida re\u017e\u0123a korpusu\u00a0\u00a0[\/dywp_alert]<\/h3>\n<p><span style=\"font-size: small;\"><strong>Tiek ra\u017eotas divu izm\u0113ru pirts kr\u0101snis:<\/strong><\/span><\/p>\n<p><span style=\"font-size: small;\">Maz\u0101 kr\u0101sns (<strong>modelis S-116<\/strong>), apkurin\u0101m\u0101 plat\u012bba 8-18 m\u00b3. Kr\u0101sns augstums \u00a081 cm.\u00a0Akmen\u0173 kiekis 190 kg.<\/span><br \/>\n<span style=\"font-size: small;\">Liel\u0101 kr\u0101sns (<strong>modelis S-120<\/strong>), apkurin\u0101m\u0101 plat\u012bba 16 -25 m\u00b3. Kr\u0101sns augstums 86 cm.\u00a0Akmen\u0173 kiekis 160 kg.<\/span><br \/>\n<span style=\"font-size: small;\"><strong>Izm\u0113ri ir nor\u0101d\u012bti lieto\u0161anas <a href=\"http:\/\/skamet.ee\/wp-content\/uploads\/2014\/04\/LV-RU-veeb-tabelid.pdf\" target=\"_blank\">instrukcij\u0101<\/a><\/strong><\/span><\/p>\n<p>\r\n\t\t\t\t\t\n\r\n\t\t\t\t\t<!-- START UNITE GALLERY 1.7.62 -->\r\n\t\t\t\t\t\r\n\t\t\t\t\n\t\t\t<div id='unitegallery_16_1' class='unite-gallery' style='margin:0px auto;'>\n\t\t\t\t\n\n\t\t\t\t\t\t<img alt=\"S-116; S-120 (S)\"\n\t\t\t\t\t\t     src=\"\" data-image=\"https:\/\/www.skamet.ee\/wp-content\/plugins\/unite-gallery-lite\/images\/noimage.png\"\n\t\t\t\t\t\t     data-thumb=\"https:\/\/www.skamet.ee\/wp-content\/plugins\/unite-gallery-lite\/images\/noimage.png\"\n\t\t\t\t\t\t     title=\"\"\n\t\t\t\t\t\t     style=\"display:none\">\n\n\t\t\t\t\t\t<img alt=\"S-116; S-120\"\n\t\t\t\t\t\t     src=\"\" data-image=\"https:\/\/www.skamet.ee\/wp-content\/plugins\/unite-gallery-lite\/images\/noimage.png\"\n\t\t\t\t\t\t     data-thumb=\"https:\/\/www.skamet.ee\/wp-content\/plugins\/unite-gallery-lite\/images\/noimage.png\"\n\t\t\t\t\t\t     title=\"\"\n\t\t\t\t\t\t     style=\"display:none\">\n\n\t\t\t\t\t\t<img alt=\"S-116\"\n\t\t\t\t\t\t     src=\"\" data-image=\"https:\/\/www.skamet.ee\/wp-content\/plugins\/unite-gallery-lite\/images\/noimage.png\"\n\t\t\t\t\t\t     data-thumb=\"https:\/\/www.skamet.ee\/wp-content\/plugins\/unite-gallery-lite\/images\/noimage.png\"\n\t\t\t\t\t\t     title=\"\"\n\t\t\t\t\t\t     style=\"display:none\">\n\n\t\t\t\t\t\t<img alt=\"S-116.\"\n\t\t\t\t\t\t     src=\"\" data-image=\"https:\/\/www.skamet.ee\/wp-content\/plugins\/unite-gallery-lite\/images\/noimage.png\"\n\t\t\t\t\t\t     data-thumb=\"https:\/\/www.skamet.ee\/wp-content\/plugins\/unite-gallery-lite\/images\/noimage.png\"\n\t\t\t\t\t\t     title=\"\"\n\t\t\t\t\t\t     style=\"display:none\">\n\n\t\t\t\t\t\t<img alt=\"S-116..\"\n\t\t\t\t\t\t     src=\"\" data-image=\"https:\/\/www.skamet.ee\/wp-content\/plugins\/unite-gallery-lite\/images\/noimage.png\"\n\t\t\t\t\t\t     data-thumb=\"https:\/\/www.skamet.ee\/wp-content\/plugins\/unite-gallery-lite\/images\/noimage.png\"\n\t\t\t\t\t\t     title=\"\"\n\t\t\t\t\t\t     style=\"display:none\">\n\t\t\t<\/div>\n\n\t\t\t<script type='text\/javascript'>\n\t\t\t\twindow.onload = function(e) {\n\t\t\t\t\tif(typeof ugCheckForErrors == \"undefined\"){\n\t\t\t\t\t\tdocument.getElementById(\"unitegallery_16_1\").innerHTML = \"<span style='color:red'>Unite Gallery Error - gallery js and css files not included in the footer. Please make sure that wp_footer() function is added to your theme.<\/span>\";}\n\t\t\t\t\telse{ ugCheckForErrors(\"unitegallery_16_1\", \"jquery\");}\n\t\t\t\t};\n\t\t\t<\/script>\n\n\t\t\t<!-- END UNITEGALLERY --><\/p>\n<table border=\"0\">\n<tbody>\n<tr>\n<td><span style=\"font-size: small;\"><strong>Standarta izstr\u0101d\u0101jumu parametri<\/strong>:<br \/>\n\u00bb stikla durvis (230 x 230 mm) vai bez durv\u012bm;<\/span><br \/>\n<span style=\"font-size: small;\">\u00bb savienojums ar cauruli aug\u0161\u0101;<\/span><br \/>\n<span style=\"font-size: small;\">\u00bb kr\u0101sns saunai, kas kr\u0101sota ar siltumnotur\u012bgu kr\u0101su;<\/span><br \/>\n<span style=\"font-size: small;\">\u00bb kreis\u0101s puses durvju e\u0146\u0123es;<\/span><br \/>\n<span style=\"font-size: small;\">\u00bb iesp\u0113ja piesl\u0113gt boileri (no kreis\u0101s vai lab\u0101s puses, no aizmugures) vai bez boilera.<\/span><\/td>\n<td><span style=\"font-size: small;\"><strong>Papildus iesp\u0113jas:<br \/>\n<\/strong>\u00bb ner\u016bs\u0113jo\u0161a t\u0113rauda rokturis (k\u0101 kr\u0101sns vai kam\u012bna durti\u0146\u0101m;<\/span><br \/>\n<span style=\"font-size: small;\">\u00bb savienojums ar aizmugur\u0113;<\/span><br \/>\n<span style=\"font-size: small;\">\u00bb apgrieztais kr\u0101sns modelis;<\/span><br \/>\n<span style=\"font-size: small;\">\u00bb lab\u0101s puses durvju e\u0146\u0123es;<\/span><br \/>\n<span style=\"font-size: small;\">\u00bb par cit\u0101m iesp\u0113j\u0101m J\u016bs varat uzzin\u0101t <a href=\"https:\/\/www.skamet.ee\/lv\/pirts-krasnis\/pirts-krasnis-pec-pasutijuma\/\" target=\"_blank\"><strong>\u0161eit<\/strong><\/a><\/span><\/td>\n<\/tr>\n<\/tbody>\n<\/table>\n<h2><\/h2>\n<h3>[dywp_alert style=&#8221;grey&#8221; icon=&#8221;no-icon&#8221; ] Ar apa\u013cu re\u017e\u0123a korpusu\u00a0[\/dywp_alert]<\/h3>\n<p><span style=\"font-size: small;\"><strong>Tiek ra\u017eotas divu izm\u0113ru pirts kr\u0101snis:<\/strong><\/span><\/p>\n<p><span style=\"font-size: small;\">Maz\u0101 kr\u0101sns (<strong>modelis SY-116<\/strong>), apkurin\u0101m\u0101 plat\u012bba 8-18 m\u00b3. Kr\u0101sns augstums \u00a081 cm.\u00a0Akmen\u0173 kiekis 140 kg.<\/span><br \/>\n<span style=\"font-size: small;\">Liel\u0101 kr\u0101sns (<strong>modelis SY-120<\/strong>), apkurin\u0101m\u0101 plat\u012bba 16 -25 m\u00b3. Kr\u0101sns augstums 86 cm.\u00a0Akmen\u0173 kiekis 110 kg.<\/span><br \/>\n<span style=\"font-size: small;\"><strong>Izm\u0113ri ir nor\u0101d\u012bti lieto\u0161anas <a href=\"http:\/\/skamet.ee\/wp-content\/uploads\/2014\/04\/LV-RU-veeb-tabelid.pdf\" target=\"_blank\">instrukcij\u0101<\/a><\/strong><\/span><\/p>\n<p>\r\n\t\t\t\t\t\n\r\n\t\t\t\t\t<!-- START UNITE GALLERY 1.7.62 -->\r\n\t\t\t\t\t\r\n\t\t\t\t\n\t\t\t<div id='unitegallery_17_2' class='unite-gallery' style='margin:0px auto;'>\n\t\t\t\t\n\n\t\t\t\t\t\t<img alt=\"SY-116, S-120 (S)\"\n\t\t\t\t\t\t     src=\"\" data-image=\"https:\/\/www.skamet.ee\/wp-content\/plugins\/unite-gallery-lite\/images\/noimage.png\"\n\t\t\t\t\t\t     data-thumb=\"https:\/\/www.skamet.ee\/wp-content\/plugins\/unite-gallery-lite\/images\/noimage.png\"\n\t\t\t\t\t\t     title=\"\"\n\t\t\t\t\t\t     style=\"display:none\">\n\n\t\t\t\t\t\t<img alt=\"SY-116-SY-120-683x1024\"\n\t\t\t\t\t\t     src=\"\" data-image=\"https:\/\/www.skamet.ee\/wp-content\/plugins\/unite-gallery-lite\/images\/noimage.png\"\n\t\t\t\t\t\t     data-thumb=\"https:\/\/www.skamet.ee\/wp-content\/plugins\/unite-gallery-lite\/images\/noimage.png\"\n\t\t\t\t\t\t     title=\"\"\n\t\t\t\t\t\t     style=\"display:none\">\n\n\t\t\t\t\t\t<img alt=\"SY-116\"\n\t\t\t\t\t\t     src=\"\" data-image=\"https:\/\/www.skamet.ee\/wp-content\/plugins\/unite-gallery-lite\/images\/noimage.png\"\n\t\t\t\t\t\t     data-thumb=\"https:\/\/www.skamet.ee\/wp-content\/plugins\/unite-gallery-lite\/images\/noimage.png\"\n\t\t\t\t\t\t     title=\"\"\n\t\t\t\t\t\t     style=\"display:none\">\n\n\t\t\t\t\t\t<img alt=\"SY-116..\"\n\t\t\t\t\t\t     src=\"\" data-image=\"https:\/\/www.skamet.ee\/wp-content\/plugins\/unite-gallery-lite\/images\/noimage.png\"\n\t\t\t\t\t\t     data-thumb=\"https:\/\/www.skamet.ee\/wp-content\/plugins\/unite-gallery-lite\/images\/noimage.png\"\n\t\t\t\t\t\t     title=\"\"\n\t\t\t\t\t\t     style=\"display:none\">\n\n\t\t\t\t\t\t<img alt=\"SY-116 p\"\n\t\t\t\t\t\t     src=\"\" data-image=\"https:\/\/www.skamet.ee\/wp-content\/plugins\/unite-gallery-lite\/images\/noimage.png\"\n\t\t\t\t\t\t     data-thumb=\"https:\/\/www.skamet.ee\/wp-content\/plugins\/unite-gallery-lite\/images\/noimage.png\"\n\t\t\t\t\t\t     title=\"\"\n\t\t\t\t\t\t     style=\"display:none\">\n\t\t\t<\/div>\n\n\n\t\t\t<!-- END UNITEGALLERY --><\/p>\n<table border=\"0\">\n<tbody>\n<tr>\n<td><span style=\"font-size: small;\"><strong>Standarta izstr\u0101d\u0101jumu parametri<\/strong>:<br \/>\n\u00bb stikla durvis (230 x 230 mm) vai bez durv\u012bm;<\/span><br \/>\n<span style=\"font-size: small;\">\u00bb savienojums ar cauruli aug\u0161\u0101;<\/span><br \/>\n<span style=\"font-size: small;\">\u00bb re\u017e\u0123a korpusa diametrs 56 cm;<\/span><br \/>\n<span style=\"font-size: small;\">\u00bb kreis\u0101s puses durvju e\u0146\u0123es;<\/span><br \/>\n<span style=\"font-size: small;\">\u00bb iesp\u0113ja piesl\u0113gt boileri (no kreis\u0101s vai lab\u0101s puses, no aizmugures) vai bez boilera<\/span><\/td>\n<td><span style=\"font-size: small;\"><strong>Papildus iesp\u0113jas:<br \/>\n<\/strong>\u00bb ner\u016bs\u0113jo\u0161a t\u0113rauda rokturis (k\u0101 kr\u0101sns vai kam\u012bna durti\u0146\u0101m;<\/span><br \/>\n<span style=\"font-size: small;\">\u00bb savienojums ar aizmugur\u0113;<\/span><br \/>\n<span style=\"font-size: small;\">\u00bb apgrieztais kr\u0101sns modelis;<\/span><br \/>\n<span style=\"font-size: small;\">\u00bb lab\u0101s puses durvju e\u0146\u0123es;<\/span><br \/>\n<span style=\"font-size: small;\">\u00bb par cit\u0101m iesp\u0113j\u0101m J\u016bs varat uzzin\u0101t <strong><a href=\"https:\/\/www.skamet.ee\/lv\/pirts-krasnis\/pirts-krasnis-pec-pasutijuma\/\" target=\"_blank\">\u0161eit<\/a><\/strong><\/span><\/td>\n<\/tr>\n<\/tbody>\n<\/table>\n","protected":false},"excerpt":{"rendered":"<p>Kr\u0101sns tiek kurin\u0101ta pirts telp\u0101. Standarta mode\u013cus var savienot ar skursteni tikai aug\u0161pus\u0113, durti\u0146u pus\u0113. Iesp\u0113jams pas\u016bt\u012bt modeli ar skursteni,<\/p>\n","protected":false},"author":2,"featured_media":18850,"parent":2739,"menu_order":0,"comment_status":"closed","ping_status":"closed","template":"","meta":{"_lmt_disableupdate":"","_lmt_disable":"","footnotes":""},"class_list":["post-2679","page","type-page","status-publish","has-post-thumbnail","hentry"],"yoast_head":"<!-- This site is optimized with the Yoast SEO plugin v27.0 - https:\/\/yoast.com\/product\/yoast-seo-wordpress\/ -->\n<title>Kurin\u0101mas taj\u0101 pa\u0161\u0101 telp\u0101 - Skamet<\/title>\n<meta name=\"robots\" content=\"index, follow, max-snippet:-1, max-image-preview:large, max-video-preview:-1\" \/>\n<link rel=\"canonical\" href=\"https:\/\/www.skamet.ee\/lv\/pirts-krasnis\/rezga-pirts-krasns-rezgota-korpusa\/kurinamas-taja-pasa-telpa\/\" \/>\n<meta property=\"og:locale\" content=\"lv_LV\" \/>\n<meta property=\"og:type\" content=\"article\" \/>\n<meta property=\"og:title\" content=\"Kurin\u0101mas taj\u0101 pa\u0161\u0101 telp\u0101 - Skamet\" \/>\n<meta property=\"og:description\" content=\"Kr\u0101sns tiek kurin\u0101ta pirts telp\u0101. Standarta mode\u013cus var savienot ar skursteni tikai aug\u0161pus\u0113, durti\u0146u pus\u0113. Iesp\u0113jams pas\u016bt\u012bt modeli ar skursteni,\" \/>\n<meta property=\"og:url\" content=\"https:\/\/www.skamet.ee\/lv\/pirts-krasnis\/rezga-pirts-krasns-rezgota-korpusa\/kurinamas-taja-pasa-telpa\/\" \/>\n<meta property=\"og:site_name\" content=\"Skamet\" \/>\n<meta property=\"article:modified_time\" content=\"2016-04-25T08:56:38+00:00\" \/>\n<meta property=\"og:image\" content=\"https:\/\/www.skamet.ee\/wp-content\/uploads\/2015\/06\/logo-uus.png\" \/>\n\t<meta property=\"og:image:width\" content=\"300\" \/>\n\t<meta property=\"og:image:height\" content=\"127\" \/>\n\t<meta property=\"og:image:type\" content=\"image\/png\" \/>\n<meta name=\"twitter:card\" content=\"summary_large_image\" \/>\n<meta name=\"twitter:label1\" content=\"Est. reading time\" \/>\n\t<meta name=\"twitter:data1\" content=\"2 min\u016btes\" \/>\n<script type=\"application\/ld+json\" class=\"yoast-schema-graph\">{\"@context\":\"https:\/\/schema.org\",\"@graph\":[{\"@type\":\"WebPage\",\"@id\":\"https:\/\/www.skamet.ee\/lv\/pirts-krasnis\/rezga-pirts-krasns-rezgota-korpusa\/kurinamas-taja-pasa-telpa\/\",\"url\":\"https:\/\/www.skamet.ee\/lv\/pirts-krasnis\/rezga-pirts-krasns-rezgota-korpusa\/kurinamas-taja-pasa-telpa\/\",\"name\":\"Kurin\u0101mas taj\u0101 pa\u0161\u0101 telp\u0101 - Skamet\",\"isPartOf\":{\"@id\":\"https:\/\/www.skamet.ee\/#website\"},\"primaryImageOfPage\":{\"@id\":\"https:\/\/www.skamet.ee\/lv\/pirts-krasnis\/rezga-pirts-krasns-rezgota-korpusa\/kurinamas-taja-pasa-telpa\/#primaryimage\"},\"image\":{\"@id\":\"https:\/\/www.skamet.ee\/lv\/pirts-krasnis\/rezga-pirts-krasns-rezgota-korpusa\/kurinamas-taja-pasa-telpa\/#primaryimage\"},\"thumbnailUrl\":\"https:\/\/www.skamet.ee\/wp-content\/uploads\/2015\/06\/logo-uus.png\",\"datePublished\":\"2014-02-14T09:18:18+00:00\",\"dateModified\":\"2016-04-25T08:56:38+00:00\",\"breadcrumb\":{\"@id\":\"https:\/\/www.skamet.ee\/lv\/pirts-krasnis\/rezga-pirts-krasns-rezgota-korpusa\/kurinamas-taja-pasa-telpa\/#breadcrumb\"},\"inLanguage\":\"lv-LV\",\"potentialAction\":[{\"@type\":\"ReadAction\",\"target\":[\"https:\/\/www.skamet.ee\/lv\/pirts-krasnis\/rezga-pirts-krasns-rezgota-korpusa\/kurinamas-taja-pasa-telpa\/\"]}]},{\"@type\":\"ImageObject\",\"inLanguage\":\"lv-LV\",\"@id\":\"https:\/\/www.skamet.ee\/lv\/pirts-krasnis\/rezga-pirts-krasns-rezgota-korpusa\/kurinamas-taja-pasa-telpa\/#primaryimage\",\"url\":\"https:\/\/www.skamet.ee\/wp-content\/uploads\/2015\/06\/logo-uus.png\",\"contentUrl\":\"https:\/\/www.skamet.ee\/wp-content\/uploads\/2015\/06\/logo-uus.png\",\"width\":300,\"height\":127,\"caption\":\"logo uus\"},{\"@type\":\"BreadcrumbList\",\"@id\":\"https:\/\/www.skamet.ee\/lv\/pirts-krasnis\/rezga-pirts-krasns-rezgota-korpusa\/kurinamas-taja-pasa-telpa\/#breadcrumb\",\"itemListElement\":[{\"@type\":\"ListItem\",\"position\":1,\"name\":\"Home\",\"item\":\"https:\/\/www.skamet.ee\/lv\/\"},{\"@type\":\"ListItem\",\"position\":2,\"name\":\"Pirts kr\u0101snis\",\"item\":\"https:\/\/www.skamet.ee\/saunaahjud\/\"},{\"@type\":\"ListItem\",\"position\":3,\"name\":\"Re\u017e\u0123a pirts kr\u0101sns (re\u017e\u0123ot\u0101 korpus\u0101)\",\"item\":\"https:\/\/www.skamet.ee\/lv\/pirts-krasnis\/rezga-pirts-krasns-rezgota-korpusa\/\"},{\"@type\":\"ListItem\",\"position\":4,\"name\":\"Kurin\u0101mas taj\u0101 pa\u0161\u0101 telp\u0101\"}]},{\"@type\":\"WebSite\",\"@id\":\"https:\/\/www.skamet.ee\/#website\",\"url\":\"https:\/\/www.skamet.ee\/\",\"name\":\"Skamet O\u00dc\",\"description\":\"Efektiivsed puuk\u00fcttega saunaahjud Eesti tootjalt\",\"publisher\":{\"@id\":\"https:\/\/www.skamet.ee\/#organization\"},\"potentialAction\":[{\"@type\":\"SearchAction\",\"target\":{\"@type\":\"EntryPoint\",\"urlTemplate\":\"https:\/\/www.skamet.ee\/?s={search_term_string}\"},\"query-input\":{\"@type\":\"PropertyValueSpecification\",\"valueRequired\":true,\"valueName\":\"search_term_string\"}}],\"inLanguage\":\"lv-LV\"},{\"@type\":\"Organization\",\"@id\":\"https:\/\/www.skamet.ee\/#organization\",\"name\":\"Skamet\",\"url\":\"https:\/\/www.skamet.ee\/\",\"logo\":{\"@type\":\"ImageObject\",\"inLanguage\":\"lv-LV\",\"@id\":\"https:\/\/www.skamet.ee\/#\/schema\/logo\/image\/\",\"url\":\"https:\/\/www.skamet.ee\/wp-content\/uploads\/2015\/05\/logo-uus.png\",\"contentUrl\":\"https:\/\/www.skamet.ee\/wp-content\/uploads\/2015\/05\/logo-uus.png\",\"width\":300,\"height\":127,\"caption\":\"Skamet\"},\"image\":{\"@id\":\"https:\/\/www.skamet.ee\/#\/schema\/logo\/image\/\"}}]}<\/script>\n<!-- \/ Yoast SEO plugin. -->","yoast_head_json":{"title":"Kurin\u0101mas taj\u0101 pa\u0161\u0101 telp\u0101 - Skamet","robots":{"index":"index","follow":"follow","max-snippet":"max-snippet:-1","max-image-preview":"max-image-preview:large","max-video-preview":"max-video-preview:-1"},"canonical":"https:\/\/www.skamet.ee\/lv\/pirts-krasnis\/rezga-pirts-krasns-rezgota-korpusa\/kurinamas-taja-pasa-telpa\/","og_locale":"lv_LV","og_type":"article","og_title":"Kurin\u0101mas taj\u0101 pa\u0161\u0101 telp\u0101 - Skamet","og_description":"Kr\u0101sns tiek kurin\u0101ta pirts telp\u0101. Standarta mode\u013cus var savienot ar skursteni tikai aug\u0161pus\u0113, durti\u0146u pus\u0113. Iesp\u0113jams pas\u016bt\u012bt modeli ar skursteni,","og_url":"https:\/\/www.skamet.ee\/lv\/pirts-krasnis\/rezga-pirts-krasns-rezgota-korpusa\/kurinamas-taja-pasa-telpa\/","og_site_name":"Skamet","article_modified_time":"2016-04-25T08:56:38+00:00","og_image":[{"width":300,"height":127,"url":"https:\/\/www.skamet.ee\/wp-content\/uploads\/2015\/06\/logo-uus.png","type":"image\/png"}],"twitter_card":"summary_large_image","twitter_misc":{"Est. reading time":"2 min\u016btes"},"schema":{"@context":"https:\/\/schema.org","@graph":[{"@type":"WebPage","@id":"https:\/\/www.skamet.ee\/lv\/pirts-krasnis\/rezga-pirts-krasns-rezgota-korpusa\/kurinamas-taja-pasa-telpa\/","url":"https:\/\/www.skamet.ee\/lv\/pirts-krasnis\/rezga-pirts-krasns-rezgota-korpusa\/kurinamas-taja-pasa-telpa\/","name":"Kurin\u0101mas taj\u0101 pa\u0161\u0101 telp\u0101 - Skamet","isPartOf":{"@id":"https:\/\/www.skamet.ee\/#website"},"primaryImageOfPage":{"@id":"https:\/\/www.skamet.ee\/lv\/pirts-krasnis\/rezga-pirts-krasns-rezgota-korpusa\/kurinamas-taja-pasa-telpa\/#primaryimage"},"image":{"@id":"https:\/\/www.skamet.ee\/lv\/pirts-krasnis\/rezga-pirts-krasns-rezgota-korpusa\/kurinamas-taja-pasa-telpa\/#primaryimage"},"thumbnailUrl":"https:\/\/www.skamet.ee\/wp-content\/uploads\/2015\/06\/logo-uus.png","datePublished":"2014-02-14T09:18:18+00:00","dateModified":"2016-04-25T08:56:38+00:00","breadcrumb":{"@id":"https:\/\/www.skamet.ee\/lv\/pirts-krasnis\/rezga-pirts-krasns-rezgota-korpusa\/kurinamas-taja-pasa-telpa\/#breadcrumb"},"inLanguage":"lv-LV","potentialAction":[{"@type":"ReadAction","target":["https:\/\/www.skamet.ee\/lv\/pirts-krasnis\/rezga-pirts-krasns-rezgota-korpusa\/kurinamas-taja-pasa-telpa\/"]}]},{"@type":"ImageObject","inLanguage":"lv-LV","@id":"https:\/\/www.skamet.ee\/lv\/pirts-krasnis\/rezga-pirts-krasns-rezgota-korpusa\/kurinamas-taja-pasa-telpa\/#primaryimage","url":"https:\/\/www.skamet.ee\/wp-content\/uploads\/2015\/06\/logo-uus.png","contentUrl":"https:\/\/www.skamet.ee\/wp-content\/uploads\/2015\/06\/logo-uus.png","width":300,"height":127,"caption":"logo uus"},{"@type":"BreadcrumbList","@id":"https:\/\/www.skamet.ee\/lv\/pirts-krasnis\/rezga-pirts-krasns-rezgota-korpusa\/kurinamas-taja-pasa-telpa\/#breadcrumb","itemListElement":[{"@type":"ListItem","position":1,"name":"Home","item":"https:\/\/www.skamet.ee\/lv\/"},{"@type":"ListItem","position":2,"name":"Pirts kr\u0101snis","item":"https:\/\/www.skamet.ee\/saunaahjud\/"},{"@type":"ListItem","position":3,"name":"Re\u017e\u0123a pirts kr\u0101sns (re\u017e\u0123ot\u0101 korpus\u0101)","item":"https:\/\/www.skamet.ee\/lv\/pirts-krasnis\/rezga-pirts-krasns-rezgota-korpusa\/"},{"@type":"ListItem","position":4,"name":"Kurin\u0101mas taj\u0101 pa\u0161\u0101 telp\u0101"}]},{"@type":"WebSite","@id":"https:\/\/www.skamet.ee\/#website","url":"https:\/\/www.skamet.ee\/","name":"Skamet O\u00dc","description":"Efektiivsed puuk\u00fcttega saunaahjud Eesti tootjalt","publisher":{"@id":"https:\/\/www.skamet.ee\/#organization"},"potentialAction":[{"@type":"SearchAction","target":{"@type":"EntryPoint","urlTemplate":"https:\/\/www.skamet.ee\/?s={search_term_string}"},"query-input":{"@type":"PropertyValueSpecification","valueRequired":true,"valueName":"search_term_string"}}],"inLanguage":"lv-LV"},{"@type":"Organization","@id":"https:\/\/www.skamet.ee\/#organization","name":"Skamet","url":"https:\/\/www.skamet.ee\/","logo":{"@type":"ImageObject","inLanguage":"lv-LV","@id":"https:\/\/www.skamet.ee\/#\/schema\/logo\/image\/","url":"https:\/\/www.skamet.ee\/wp-content\/uploads\/2015\/05\/logo-uus.png","contentUrl":"https:\/\/www.skamet.ee\/wp-content\/uploads\/2015\/05\/logo-uus.png","width":300,"height":127,"caption":"Skamet"},"image":{"@id":"https:\/\/www.skamet.ee\/#\/schema\/logo\/image\/"}}]}},"_links":{"self":[{"href":"https:\/\/www.skamet.ee\/lv\/wp-json\/wp\/v2\/pages\/2679","targetHints":{"allow":["GET"]}}],"collection":[{"href":"https:\/\/www.skamet.ee\/lv\/wp-json\/wp\/v2\/pages"}],"about":[{"href":"https:\/\/www.skamet.ee\/lv\/wp-json\/wp\/v2\/types\/page"}],"author":[{"embeddable":true,"href":"https:\/\/www.skamet.ee\/lv\/wp-json\/wp\/v2\/users\/2"}],"replies":[{"embeddable":true,"href":"https:\/\/www.skamet.ee\/lv\/wp-json\/wp\/v2\/comments?post=2679"}],"version-history":[{"count":5,"href":"https:\/\/www.skamet.ee\/lv\/wp-json\/wp\/v2\/pages\/2679\/revisions"}],"predecessor-version":[{"id":33278,"href":"https:\/\/www.skamet.ee\/lv\/wp-json\/wp\/v2\/pages\/2679\/revisions\/33278"}],"up":[{"embeddable":true,"href":"https:\/\/www.skamet.ee\/lv\/wp-json\/wp\/v2\/pages\/2739"}],"wp:featuredmedia":[{"embeddable":true,"href":"https:\/\/www.skamet.ee\/lv\/wp-json\/wp\/v2\/media\/18850"}],"wp:attachment":[{"href":"https:\/\/www.skamet.ee\/lv\/wp-json\/wp\/v2\/media?parent=2679"}],"curies":[{"name":"wp","href":"https:\/\/api.w.org\/{rel}","templated":true}]}}