{"id":2698,"date":"2014-02-17T06:28:46","date_gmt":"2014-02-17T06:28:46","guid":{"rendered":"http:\/\/skamet.ee\/?page_id=2698"},"modified":"2016-02-25T07:38:12","modified_gmt":"2016-02-25T07:38:12","slug":"udens-boileri","status":"publish","type":"page","link":"https:\/\/www.skamet.ee\/lv\/udens-tvertnes\/udens-boileri\/","title":{"rendered":"\u016adens boileri"},"content":{"rendered":"<p><span style=\"font-size: small;\">M\u0113s izgatavojam standarta boilerus \u016bdens sild\u012b\u0161anai jau kop\u01611990 gadu vidus. Standarta izstr\u0101d\u0101jums ar dobu vidu. Boilers tiek piesl\u0113gts pie kr\u0101sns vai pl\u012bts, kas tiek kurin\u0101ta ar malku. \u016adens sild\u012b\u0161anu nodro\u0161ina dabisk\u0101 cirkul\u0101cija. Ner\u016bs\u0113jo\u0161\u0101 t\u0113rauda boileri ir apr\u012bkoti ar anodiem (kas ir j\u0101maina reizi gad\u0101 vai bie\u017e\u0101k, ja nepiecie\u0161ams). Visiem boileriem ir j\u0101b\u016bt apr\u012bkotiem ar aizsargv\u0101rstu.<\/span><br \/>\n<span style=\"font-size: small;\"> Izgatavojam boilerus saska\u0146\u0101 ar klienta v\u0113lm\u0113m: <strong>ar re\u0123istru<\/strong> vai <strong>dubulto sienu<\/strong><\/span><\/p>\n<h3><strong>[dywp_alert style=&#8221;grey&#8221; icon=&#8221;no-icon&#8221; ] Sl\u0113gt\u0101 tipa boileri karstajam \u016bdenim\u00a0\u00a0[\/dywp_alert]<\/strong><\/h3>\n<table border=\"0\">\n<tbody>\n<tr>\n<td><\/td>\n<td><span style=\"font-size: small;\">Standarta boileru diametrs ir 40 un 45 cm. Boileri ir apr\u012bkoti ar 4 nipe\u013ciem: divi 1\/2 collas nipe\u013ci un divi 3\/4 collas nipe\u013ci.\u00a0Izm\u0113ri ir nor\u0101d\u012bti lieto\u0161anas <strong><a href=\"http:\/\/skamet.ee\/wp-content\/uploads\/2014\/03\/LAT_Boiler_1lk.pdf\" target=\"_blank\">instrukcij\u0101<\/a>.<\/strong><\/span><\/td>\n<\/tr>\n<\/tbody>\n<\/table>\n<p>\r\n\t\t\t\t\t\n\r\n\t\t\t\t\t<!-- START UNITE GALLERY 1.7.62 -->\r\n\t\t\t\t\t\r\n\t\t\t\t\n\t\t\t<div id='unitegallery_22_1' class='unite-gallery' style='margin:0px auto;'>\n\t\t\t\t\n\n\t\t\t\t\t\t<img alt=\"B-80 H1\"\n\t\t\t\t\t\t     src=\"\" data-image=\"https:\/\/www.skamet.ee\/wp-content\/plugins\/unite-gallery-lite\/images\/noimage.png\"\n\t\t\t\t\t\t     data-thumb=\"https:\/\/www.skamet.ee\/wp-content\/plugins\/unite-gallery-lite\/images\/noimage.png\"\n\t\t\t\t\t\t     title=\"\"\n\t\t\t\t\t\t     style=\"display:none\">\n\n\t\t\t\t\t\t<img alt=\"B-80 V\"\n\t\t\t\t\t\t     src=\"\" data-image=\"https:\/\/www.skamet.ee\/wp-content\/plugins\/unite-gallery-lite\/images\/noimage.png\"\n\t\t\t\t\t\t     data-thumb=\"https:\/\/www.skamet.ee\/wp-content\/plugins\/unite-gallery-lite\/images\/noimage.png\"\n\t\t\t\t\t\t     title=\"\"\n\t\t\t\t\t\t     style=\"display:none\">\n\n\t\t\t\t\t\t<img alt=\"16\"\n\t\t\t\t\t\t     src=\"\" data-image=\"https:\/\/www.skamet.ee\/wp-content\/plugins\/unite-gallery-lite\/images\/noimage.png\"\n\t\t\t\t\t\t     data-thumb=\"https:\/\/www.skamet.ee\/wp-content\/plugins\/unite-gallery-lite\/images\/noimage.png\"\n\t\t\t\t\t\t     title=\"\"\n\t\t\t\t\t\t     style=\"display:none\">\n\n\t\t\t\t\t\t<img alt=\"B-80 V (400 l\u00e4bim\u00f5\u00f5duga)\"\n\t\t\t\t\t\t     src=\"\" data-image=\"https:\/\/www.skamet.ee\/wp-content\/plugins\/unite-gallery-lite\/images\/noimage.png\"\n\t\t\t\t\t\t     data-thumb=\"https:\/\/www.skamet.ee\/wp-content\/plugins\/unite-gallery-lite\/images\/noimage.png\"\n\t\t\t\t\t\t     title=\"\"\n\t\t\t\t\t\t     style=\"display:none\">\n\t\t\t<\/div>\n\n\t\t\t<script type='text\/javascript'>\n\t\t\t\twindow.onload = function(e) {\n\t\t\t\t\tif(typeof ugCheckForErrors == \"undefined\"){\n\t\t\t\t\t\tdocument.getElementById(\"unitegallery_22_1\").innerHTML = \"<span style='color:red'>Unite Gallery Error - gallery js and css files not included in the footer. Please make sure that wp_footer() function is added to your theme.<\/span>\";}\n\t\t\t\t\telse{ ugCheckForErrors(\"unitegallery_22_1\", \"jquery\");}\n\t\t\t\t};\n\t\t\t<\/script>\n\n\t\t\t<!-- END UNITEGALLERY --><\/p>\n<table border=\"1\">\n<tbody>\n<tr>\n<td><span style=\"font-size: small;\"><strong>Standarta izstr\u0101d\u0101jumu parametri:<\/strong><\/span><\/td>\n<td><span style=\"font-size: small;\"><strong>Papildus iesp\u0113jas:<\/strong><\/span><\/td>\n<\/tr>\n<tr>\n<td><span style=\"font-size: small;\">\u00bb boilera tilpums 80 \u2013 150 litri;<\/span><br \/>\n<span style=\"font-size: small;\"> \u00bb diametrs 40 un 45 cm;<\/span><br \/>\n<span style=\"font-size: small;\"> \u00bb horizont\u0101ls;<\/span><br \/>\n<span style=\"font-size: small;\"> \u00bb vertik\u0101ls;<\/span><br \/>\n<span style=\"font-size: small;\"> \u00bb melnais met\u0101ls (biezums 3 mm) vai ner\u016bs\u0113jo\u0161s t\u0113rauds (biezums 2 mm).<\/span><\/td>\n<td><span style=\"font-size: small;\">\u00bb Liel\u0101ks vai maz\u0101ks tilpums;<\/span><br \/>\n<span style=\"font-size: small;\"> \u00bb cits diametrs \u2013 50 cm;<\/span><br \/>\n<span style=\"font-size: small;\"> \u00bb horizont\u0101lais boilers komplekt\u0101 ar stiprin\u0101jumiem, kas tiek piestiprin\u0101ti pie sienas, gr\u012bdas vai griestiem;<\/span><br \/>\n<span style=\"font-size: small;\"> \u00bb vertik\u0101lais boilers tiek stiprin\u0101ts pie sienas: pieejams gan lab\u0101s, gan kreis\u0101s puses modelis;<\/span><br \/>\n<span style=\"font-size: small;\"> \u00bb ir iesp\u0113jams izgatavot no biez\u0101ka met\u0101la.<\/span><\/td>\n<\/tr>\n<\/tbody>\n<\/table>\n<h3>\u00a0<strong>[dywp_alert style=&#8221;grey&#8221; icon=&#8221;no-icon&#8221; ] Atv\u0113rtie boileri karstajam \u016bdenim\u00a0\u00a0[\/dywp_alert]<\/strong><\/h3>\n<table border=\"0\">\n<tbody>\n<tr>\n<td><span style=\"font-size: small;\">\u00a0<\/span><\/td>\n<td><span style=\"font-size: small;\">Standarta boileru diametrs ir 45 cm. Tr\u012bs nipe\u013ci: viens 1\/2 collas nipelis un divi 3\/4 collas nipe\u013ci.<\/span><br \/>\n<span style=\"font-size: small;\"> Izm\u0113ri ir nor\u0101d\u012bti lieto\u0161anas\u00a0<strong><a href=\"http:\/\/skamet.ee\/wp-content\/uploads\/2014\/03\/LAT_Boiler_1lk.pdf\" target=\"_blank\">instrukcij\u0101<\/a><\/strong><\/span><\/td>\n<\/tr>\n<\/tbody>\n<\/table>\n<p>\r\n\t\t\t\t\t\n\r\n\t\t\t\t\t<!-- START UNITE GALLERY 1.7.62 -->\r\n\t\t\t\t\t\r\n\t\t\t\t\n\t\t\t<div id='unitegallery_23_2' class='unite-gallery' style='margin:0px auto;'>\n\t\t\t\t\n\n\t\t\t\t\t\t<img alt=\"BO-110\"\n\t\t\t\t\t\t     src=\"\" data-image=\"https:\/\/www.skamet.ee\/wp-content\/uploads\/2013\/04\/BO-110.jpg\"\n\t\t\t\t\t\t     data-thumb=\"https:\/\/www.skamet.ee\/wp-content\/uploads\/2013\/04\/BO-110-300x264.jpg\"\n\t\t\t\t\t\t     title=\"\"\n\t\t\t\t\t\t     style=\"display:none\">\n\n\t\t\t\t\t\t<img alt=\"P1090678\"\n\t\t\t\t\t\t     src=\"\" data-image=\"https:\/\/www.skamet.ee\/wp-content\/plugins\/unite-gallery-lite\/images\/noimage.png\"\n\t\t\t\t\t\t     data-thumb=\"https:\/\/www.skamet.ee\/wp-content\/plugins\/unite-gallery-lite\/images\/noimage.png\"\n\t\t\t\t\t\t     title=\"\"\n\t\t\t\t\t\t     style=\"display:none\">\n\n\t\t\t\t\t\t<img alt=\"P1090677\"\n\t\t\t\t\t\t     src=\"\" data-image=\"https:\/\/www.skamet.ee\/wp-content\/plugins\/unite-gallery-lite\/images\/noimage.png\"\n\t\t\t\t\t\t     data-thumb=\"https:\/\/www.skamet.ee\/wp-content\/plugins\/unite-gallery-lite\/images\/noimage.png\"\n\t\t\t\t\t\t     title=\"\"\n\t\t\t\t\t\t     style=\"display:none\">\n\n\t\t\t\t\t\t<img alt=\"IMG_20140701_164838_clipped_rev_1\"\n\t\t\t\t\t\t     src=\"\" data-image=\"https:\/\/www.skamet.ee\/wp-content\/plugins\/unite-gallery-lite\/images\/noimage.png\"\n\t\t\t\t\t\t     data-thumb=\"https:\/\/www.skamet.ee\/wp-content\/plugins\/unite-gallery-lite\/images\/noimage.png\"\n\t\t\t\t\t\t     title=\"\"\n\t\t\t\t\t\t     style=\"display:none\">\n\t\t\t<\/div>\n\n\n\t\t\t<!-- END UNITEGALLERY --><\/p>\n<table border=\"1\">\n<tbody>\n<tr>\n<td><span style=\"font-size: small;\"><strong>Standarta izstr\u0101d\u0101jumu parametri:<\/strong><\/span><\/td>\n<td><span style=\"font-size: small;\"><strong>Papildus iesp\u0113jas<\/strong>:<\/span><\/td>\n<\/tr>\n<tr>\n<td><span style=\"font-size: small;\">\u00bb Boilera apjoms 80 \u2013 150 litri;<\/span><br \/>\n<span style=\"font-size: small;\"> \u00bb diametrs 45 cm;<\/span><br \/>\n<span style=\"font-size: small;\"> \u00bb boilera apak\u0161\u0101 izvietotais \u00bd\u201d nipelis tiek izmantots \u016bdens nolai\u0161anai;<\/span><br \/>\n<span style=\"font-size: small;\"> \u00bb uz k\u0101ji\u0146\u0101m: augstums 25 cm;<\/span><br \/>\n<span style=\"font-size: small;\"> \u00bb melnais met\u0101ls (biezums 3 mm) vai ner\u016bs\u0113jo\u0161ais met\u0101ls (biezums 2 mm).<\/span><\/td>\n<td><span style=\"font-size: small;\">\u00bb Liel\u0101ks vai maz\u0101ks tilpums;<\/span><br \/>\n<span style=\"font-size: small;\"> <strong>\u00bb<\/strong>\u00a0ir iesp\u0113jama \u010detrst\u016bra forma;<\/span><br \/>\n<span style=\"font-size: small;\"> <strong>\u00bb<\/strong>\u00a0var izgatavot bez k\u0101ji\u0146\u0101m, ar sienas stiprin\u0101jumiem;<\/span><br \/>\n<span style=\"font-size: small;\"> <strong>\u00bb<\/strong>\u00a0ir iesp\u0113jams izgatavot no biez\u0101ka met\u0101la.<\/span><\/td>\n<\/tr>\n<\/tbody>\n<\/table>\n<h3>\u00a0<strong>[dywp_alert style=&#8221;grey&#8221; icon=&#8221;no-icon&#8221; ] Tvertne ap d\u016bmvadu\u00a0\u00a0[\/dywp_alert]<\/strong><\/h3>\n<table border=\"0\">\n<tbody>\n<tr>\n<td><span style=\"font-size: small;\">\u00a0<\/span><\/td>\n<td><span style=\"font-size: small;\"><strong>Tiek ra\u017eota viena izm\u0113ra karst\u0101 \u016bdens tvertne:<\/strong><\/span><br \/>\n<span style=\"font-size: small;\"> Atv\u0113rt\u0101 \u016bdens sild\u012b\u0161anas tvertne tiek uzst\u0101d\u012bta ap d\u016bmvadu, piepildot \u0161o tvertni, J\u016bs ieg\u016bstat \u016bdeni tvaikam. \u016adens uzsilst kr\u0101sns kurin\u0101\u0161anas laik\u0101. \u016adeni silda sakarsus\u012b d\u016bmvada caurule. Ir iesp\u0113jams pas\u016bt\u012bt katlu ar at\u0161\u0137ir\u012bgiem parametriem.<\/span><br \/>\n<span style=\"font-size: small;\">Izm\u0113ri ir nor\u0101d\u012bti lieto\u0161anas\u00a0<a href=\"http:\/\/skamet.ee\/wp-content\/uploads\/2014\/03\/LAT_Boiler_1lk.pdf\" target=\"_blank\"><strong>instrukcij\u0101<\/strong><\/a><\/span><\/td>\n<\/tr>\n<\/tbody>\n<\/table>\n<p>\r\n\t\t\t\t\t\n\r\n\t\t\t\t\t<!-- START UNITE GALLERY 1.7.62 -->\r\n\t\t\t\t\t\r\n\t\t\t\t\n\t\t\t<div id='unitegallery_24_3' class='unite-gallery' style='margin:0px auto;'>\n\t\t\t\t\n\n\t\t\t\t\t\t<img alt=\"BOT-22 RV\"\n\t\t\t\t\t\t     src=\"\" data-image=\"https:\/\/www.skamet.ee\/wp-content\/plugins\/unite-gallery-lite\/images\/noimage.png\"\n\t\t\t\t\t\t     data-thumb=\"https:\/\/www.skamet.ee\/wp-content\/plugins\/unite-gallery-lite\/images\/noimage.png\"\n\t\t\t\t\t\t     title=\"\"\n\t\t\t\t\t\t     style=\"display:none\">\n\n\t\t\t\t\t\t<img alt=\"IMG_20140220_101637_clipped_rev_1\"\n\t\t\t\t\t\t     src=\"\" data-image=\"https:\/\/www.skamet.ee\/wp-content\/plugins\/unite-gallery-lite\/images\/noimage.png\"\n\t\t\t\t\t\t     data-thumb=\"https:\/\/www.skamet.ee\/wp-content\/plugins\/unite-gallery-lite\/images\/noimage.png\"\n\t\t\t\t\t\t     title=\"\"\n\t\t\t\t\t\t     style=\"display:none\">\n\n\t\t\t\t\t\t<img alt=\"IMG_20140220_101619_clipped_rev_1\"\n\t\t\t\t\t\t     src=\"\" data-image=\"https:\/\/www.skamet.ee\/wp-content\/plugins\/unite-gallery-lite\/images\/noimage.png\"\n\t\t\t\t\t\t     data-thumb=\"https:\/\/www.skamet.ee\/wp-content\/plugins\/unite-gallery-lite\/images\/noimage.png\"\n\t\t\t\t\t\t     title=\"\"\n\t\t\t\t\t\t     style=\"display:none\">\n\t\t\t<\/div>\n\n\n\t\t\t<!-- END UNITEGALLERY --><\/p>\n<table border=\"1\">\n<tbody>\n<tr>\n<td><span style=\"font-size: small;\"><strong>Standarta izstr\u0101d\u0101jumu parametri<\/strong>:<\/span><\/td>\n<td><span style=\"font-size: small;\"><strong>Papildus iesp\u0113jas<\/strong>:<\/span><\/td>\n<\/tr>\n<tr>\n<td><span style=\"font-size: small;\">\u00bb diametrs 30 cm, tilpums 25 litri;<\/span><br \/>\n<span style=\"font-size: small;\"> \u00bb kop\u0113jais augstums kop\u0101 ar d\u016bmvadu 65 cm, b\u0101ka 41,5 cm;<\/span><br \/>\n<span style=\"font-size: small;\"> \u00bb v\u0101ks;<\/span><br \/>\n<span style=\"font-size: small;\"> \u00bb d\u016bmvada caurules iek\u0161\u0113jais diametrs 115 mm;<\/span><br \/>\n<span style=\"font-size: small;\"> \u00bb viens \u00bd nipelis ar \u0101r\u0113jo v\u012btni.\u00a0<\/span><\/td>\n<td><span style=\"font-size: small;\"><strong>\u00bb<\/strong>\u00a0Liel\u0101ks vai maz\u0101ks tilpums;<\/span><br \/>\n<span style=\"font-size: small;\"> <strong>\u00bb<\/strong>\u00a0var izgatavot augst\u0101ku;<\/span><br \/>\n<span style=\"font-size: small;\"> <strong>\u00bb<\/strong>\u00a0var izgatavot \u010detrst\u016brainu;<\/span><br \/>\n<span style=\"font-size: small;\"> <strong>\u00bb<\/strong>\u00a0var veidot no ner\u016bs\u0113jo\u0161\u0101 t\u0113rauda.<\/span><\/td>\n<\/tr>\n<\/tbody>\n<\/table>\n","protected":false},"excerpt":{"rendered":"<p>M\u0113s izgatavojam standarta boilerus \u016bdens sild\u012b\u0161anai jau kop\u01611990 gadu vidus. Standarta izstr\u0101d\u0101jums ar dobu vidu. Boilers tiek piesl\u0113gts pie kr\u0101sns<\/p>\n","protected":false},"author":2,"featured_media":18850,"parent":2696,"menu_order":0,"comment_status":"closed","ping_status":"closed","template":"","meta":{"_lmt_disableupdate":"","_lmt_disable":"","footnotes":""},"class_list":["post-2698","page","type-page","status-publish","has-post-thumbnail","hentry"],"yoast_head":"<!-- This site is optimized with the Yoast SEO plugin v27.0 - https:\/\/yoast.com\/product\/yoast-seo-wordpress\/ -->\n<title>\u016adens boileri - Skamet<\/title>\n<meta name=\"robots\" content=\"index, follow, max-snippet:-1, max-image-preview:large, max-video-preview:-1\" \/>\n<link rel=\"canonical\" href=\"https:\/\/www.skamet.ee\/veemahutid\/veeboilerid-2\/\" \/>\n<meta property=\"og:locale\" content=\"lv_LV\" \/>\n<meta property=\"og:type\" content=\"article\" \/>\n<meta property=\"og:title\" content=\"\u016adens boileri - Skamet\" \/>\n<meta property=\"og:description\" content=\"M\u0113s izgatavojam standarta boilerus \u016bdens sild\u012b\u0161anai jau kop\u01611990 gadu vidus. Standarta izstr\u0101d\u0101jums ar dobu vidu. Boilers tiek piesl\u0113gts pie kr\u0101sns\" \/>\n<meta property=\"og:url\" content=\"https:\/\/www.skamet.ee\/veemahutid\/veeboilerid-2\/\" \/>\n<meta property=\"og:site_name\" content=\"Skamet\" \/>\n<meta property=\"article:modified_time\" content=\"2016-02-25T07:38:12+00:00\" \/>\n<meta property=\"og:image\" content=\"https:\/\/www.skamet.ee\/wp-content\/uploads\/2015\/06\/logo-uus.png\" \/>\n\t<meta property=\"og:image:width\" content=\"300\" \/>\n\t<meta property=\"og:image:height\" content=\"127\" \/>\n\t<meta property=\"og:image:type\" content=\"image\/png\" \/>\n<meta name=\"twitter:card\" content=\"summary_large_image\" \/>\n<meta name=\"twitter:label1\" content=\"Est. reading time\" \/>\n\t<meta name=\"twitter:data1\" content=\"2 min\u016btes\" \/>\n<script type=\"application\/ld+json\" class=\"yoast-schema-graph\">{\"@context\":\"https:\/\/schema.org\",\"@graph\":[{\"@type\":\"WebPage\",\"@id\":\"https:\/\/www.skamet.ee\/veemahutid\/veeboilerid-2\/\",\"url\":\"https:\/\/www.skamet.ee\/veemahutid\/veeboilerid-2\/\",\"name\":\"\u016adens boileri - Skamet\",\"isPartOf\":{\"@id\":\"https:\/\/www.skamet.ee\/#website\"},\"primaryImageOfPage\":{\"@id\":\"https:\/\/www.skamet.ee\/veemahutid\/veeboilerid-2\/#primaryimage\"},\"image\":{\"@id\":\"https:\/\/www.skamet.ee\/veemahutid\/veeboilerid-2\/#primaryimage\"},\"thumbnailUrl\":\"https:\/\/www.skamet.ee\/wp-content\/uploads\/2015\/06\/logo-uus.png\",\"datePublished\":\"2014-02-17T06:28:46+00:00\",\"dateModified\":\"2016-02-25T07:38:12+00:00\",\"breadcrumb\":{\"@id\":\"https:\/\/www.skamet.ee\/veemahutid\/veeboilerid-2\/#breadcrumb\"},\"inLanguage\":\"lv-LV\",\"potentialAction\":[{\"@type\":\"ReadAction\",\"target\":[\"https:\/\/www.skamet.ee\/veemahutid\/veeboilerid-2\/\"]}]},{\"@type\":\"ImageObject\",\"inLanguage\":\"lv-LV\",\"@id\":\"https:\/\/www.skamet.ee\/veemahutid\/veeboilerid-2\/#primaryimage\",\"url\":\"https:\/\/www.skamet.ee\/wp-content\/uploads\/2015\/06\/logo-uus.png\",\"contentUrl\":\"https:\/\/www.skamet.ee\/wp-content\/uploads\/2015\/06\/logo-uus.png\",\"width\":300,\"height\":127,\"caption\":\"logo uus\"},{\"@type\":\"BreadcrumbList\",\"@id\":\"https:\/\/www.skamet.ee\/veemahutid\/veeboilerid-2\/#breadcrumb\",\"itemListElement\":[{\"@type\":\"ListItem\",\"position\":1,\"name\":\"Home\",\"item\":\"https:\/\/www.skamet.ee\/lv\/\"},{\"@type\":\"ListItem\",\"position\":2,\"name\":\"\u016bdens tvertnes\",\"item\":\"https:\/\/www.skamet.ee\/veemahutid\/\"},{\"@type\":\"ListItem\",\"position\":3,\"name\":\"\u016adens boileri\"}]},{\"@type\":\"WebSite\",\"@id\":\"https:\/\/www.skamet.ee\/#website\",\"url\":\"https:\/\/www.skamet.ee\/\",\"name\":\"Skamet O\u00dc\",\"description\":\"Efektiivsed puuk\u00fcttega saunaahjud Eesti tootjalt\",\"publisher\":{\"@id\":\"https:\/\/www.skamet.ee\/#organization\"},\"potentialAction\":[{\"@type\":\"SearchAction\",\"target\":{\"@type\":\"EntryPoint\",\"urlTemplate\":\"https:\/\/www.skamet.ee\/?s={search_term_string}\"},\"query-input\":{\"@type\":\"PropertyValueSpecification\",\"valueRequired\":true,\"valueName\":\"search_term_string\"}}],\"inLanguage\":\"lv-LV\"},{\"@type\":\"Organization\",\"@id\":\"https:\/\/www.skamet.ee\/#organization\",\"name\":\"Skamet\",\"url\":\"https:\/\/www.skamet.ee\/\",\"logo\":{\"@type\":\"ImageObject\",\"inLanguage\":\"lv-LV\",\"@id\":\"https:\/\/www.skamet.ee\/#\/schema\/logo\/image\/\",\"url\":\"https:\/\/www.skamet.ee\/wp-content\/uploads\/2015\/05\/logo-uus.png\",\"contentUrl\":\"https:\/\/www.skamet.ee\/wp-content\/uploads\/2015\/05\/logo-uus.png\",\"width\":300,\"height\":127,\"caption\":\"Skamet\"},\"image\":{\"@id\":\"https:\/\/www.skamet.ee\/#\/schema\/logo\/image\/\"}}]}<\/script>\n<!-- \/ Yoast SEO plugin. -->","yoast_head_json":{"title":"\u016adens boileri - Skamet","robots":{"index":"index","follow":"follow","max-snippet":"max-snippet:-1","max-image-preview":"max-image-preview:large","max-video-preview":"max-video-preview:-1"},"canonical":"https:\/\/www.skamet.ee\/veemahutid\/veeboilerid-2\/","og_locale":"lv_LV","og_type":"article","og_title":"\u016adens boileri - Skamet","og_description":"M\u0113s izgatavojam standarta boilerus \u016bdens sild\u012b\u0161anai jau kop\u01611990 gadu vidus. Standarta izstr\u0101d\u0101jums ar dobu vidu. Boilers tiek piesl\u0113gts pie kr\u0101sns","og_url":"https:\/\/www.skamet.ee\/veemahutid\/veeboilerid-2\/","og_site_name":"Skamet","article_modified_time":"2016-02-25T07:38:12+00:00","og_image":[{"width":300,"height":127,"url":"https:\/\/www.skamet.ee\/wp-content\/uploads\/2015\/06\/logo-uus.png","type":"image\/png"}],"twitter_card":"summary_large_image","twitter_misc":{"Est. reading time":"2 min\u016btes"},"schema":{"@context":"https:\/\/schema.org","@graph":[{"@type":"WebPage","@id":"https:\/\/www.skamet.ee\/veemahutid\/veeboilerid-2\/","url":"https:\/\/www.skamet.ee\/veemahutid\/veeboilerid-2\/","name":"\u016adens boileri - Skamet","isPartOf":{"@id":"https:\/\/www.skamet.ee\/#website"},"primaryImageOfPage":{"@id":"https:\/\/www.skamet.ee\/veemahutid\/veeboilerid-2\/#primaryimage"},"image":{"@id":"https:\/\/www.skamet.ee\/veemahutid\/veeboilerid-2\/#primaryimage"},"thumbnailUrl":"https:\/\/www.skamet.ee\/wp-content\/uploads\/2015\/06\/logo-uus.png","datePublished":"2014-02-17T06:28:46+00:00","dateModified":"2016-02-25T07:38:12+00:00","breadcrumb":{"@id":"https:\/\/www.skamet.ee\/veemahutid\/veeboilerid-2\/#breadcrumb"},"inLanguage":"lv-LV","potentialAction":[{"@type":"ReadAction","target":["https:\/\/www.skamet.ee\/veemahutid\/veeboilerid-2\/"]}]},{"@type":"ImageObject","inLanguage":"lv-LV","@id":"https:\/\/www.skamet.ee\/veemahutid\/veeboilerid-2\/#primaryimage","url":"https:\/\/www.skamet.ee\/wp-content\/uploads\/2015\/06\/logo-uus.png","contentUrl":"https:\/\/www.skamet.ee\/wp-content\/uploads\/2015\/06\/logo-uus.png","width":300,"height":127,"caption":"logo uus"},{"@type":"BreadcrumbList","@id":"https:\/\/www.skamet.ee\/veemahutid\/veeboilerid-2\/#breadcrumb","itemListElement":[{"@type":"ListItem","position":1,"name":"Home","item":"https:\/\/www.skamet.ee\/lv\/"},{"@type":"ListItem","position":2,"name":"\u016bdens tvertnes","item":"https:\/\/www.skamet.ee\/veemahutid\/"},{"@type":"ListItem","position":3,"name":"\u016adens boileri"}]},{"@type":"WebSite","@id":"https:\/\/www.skamet.ee\/#website","url":"https:\/\/www.skamet.ee\/","name":"Skamet O\u00dc","description":"Efektiivsed puuk\u00fcttega saunaahjud Eesti tootjalt","publisher":{"@id":"https:\/\/www.skamet.ee\/#organization"},"potentialAction":[{"@type":"SearchAction","target":{"@type":"EntryPoint","urlTemplate":"https:\/\/www.skamet.ee\/?s={search_term_string}"},"query-input":{"@type":"PropertyValueSpecification","valueRequired":true,"valueName":"search_term_string"}}],"inLanguage":"lv-LV"},{"@type":"Organization","@id":"https:\/\/www.skamet.ee\/#organization","name":"Skamet","url":"https:\/\/www.skamet.ee\/","logo":{"@type":"ImageObject","inLanguage":"lv-LV","@id":"https:\/\/www.skamet.ee\/#\/schema\/logo\/image\/","url":"https:\/\/www.skamet.ee\/wp-content\/uploads\/2015\/05\/logo-uus.png","contentUrl":"https:\/\/www.skamet.ee\/wp-content\/uploads\/2015\/05\/logo-uus.png","width":300,"height":127,"caption":"Skamet"},"image":{"@id":"https:\/\/www.skamet.ee\/#\/schema\/logo\/image\/"}}]}},"_links":{"self":[{"href":"https:\/\/www.skamet.ee\/lv\/wp-json\/wp\/v2\/pages\/2698","targetHints":{"allow":["GET"]}}],"collection":[{"href":"https:\/\/www.skamet.ee\/lv\/wp-json\/wp\/v2\/pages"}],"about":[{"href":"https:\/\/www.skamet.ee\/lv\/wp-json\/wp\/v2\/types\/page"}],"author":[{"embeddable":true,"href":"https:\/\/www.skamet.ee\/lv\/wp-json\/wp\/v2\/users\/2"}],"replies":[{"embeddable":true,"href":"https:\/\/www.skamet.ee\/lv\/wp-json\/wp\/v2\/comments?post=2698"}],"version-history":[{"count":6,"href":"https:\/\/www.skamet.ee\/lv\/wp-json\/wp\/v2\/pages\/2698\/revisions"}],"predecessor-version":[{"id":33019,"href":"https:\/\/www.skamet.ee\/lv\/wp-json\/wp\/v2\/pages\/2698\/revisions\/33019"}],"up":[{"embeddable":true,"href":"https:\/\/www.skamet.ee\/lv\/wp-json\/wp\/v2\/pages\/2696"}],"wp:featuredmedia":[{"embeddable":true,"href":"https:\/\/www.skamet.ee\/lv\/wp-json\/wp\/v2\/media\/18850"}],"wp:attachment":[{"href":"https:\/\/www.skamet.ee\/lv\/wp-json\/wp\/v2\/media?parent=2698"}],"curies":[{"name":"wp","href":"https:\/\/api.w.org\/{rel}","templated":true}]}}