{"id":2711,"date":"2014-02-17T09:08:40","date_gmt":"2014-02-17T09:08:40","guid":{"rendered":"http:\/\/skamet.ee\/?page_id=2711"},"modified":"2026-03-20T12:47:10","modified_gmt":"2026-03-20T10:47:10","slug":"reklama","status":"publish","type":"page","link":"https:\/\/www.skamet.ee\/lv\/dokumentacija-3\/reklama\/","title":{"rendered":"Rekl\u0101ma"},"content":{"rendered":"<link rel=\"stylesheet\" id=\"wd-text-block-css\" href=\"https:\/\/www.skamet.ee\/wp-content\/themes\/woodmart\/css\/parts\/el-text-block.min.css?ver=8.3.7\" type=\"text\/css\" media=\"all\" \/>\n<p><strong>Lietot\u0101ju <a href=\"https:\/\/www.skamet.ee\/wp-content\/uploads\/2026\/03\/Skamet-voldik-A65-LV-saunaahjud-1.pdf\">\u0100bece<\/a><\/strong><\/p>\n<p><a href=\"https:\/\/www.skamet.ee\/wp-content\/uploads\/2026\/03\/Skamet-kataloog2025-A4-LV.pdf\"><strong>Produktu katalogs<\/strong><\/a><\/p>\n","protected":false},"excerpt":{"rendered":"<p>Lietot\u0101ju \u0100bece Produktu katalogs<\/p>\n","protected":false},"author":2,"featured_media":32020,"parent":27754,"menu_order":3,"comment_status":"closed","ping_status":"closed","template":"","meta":{"_lmt_disableupdate":"","_lmt_disable":"","footnotes":""},"class_list":["post-2711","page","type-page","status-publish","has-post-thumbnail","hentry"],"yoast_head":"<!-- This site is optimized with the Yoast SEO plugin v27.0 - https:\/\/yoast.com\/product\/yoast-seo-wordpress\/ -->\n<title>Rekl\u0101ma - Skamet<\/title>\n<meta name=\"robots\" content=\"index, follow, max-snippet:-1, max-image-preview:large, max-video-preview:-1\" \/>\n<link rel=\"canonical\" href=\"https:\/\/www.skamet.ee\/lv\/dokumentacija-3\/reklama\/\" \/>\n<meta property=\"og:locale\" content=\"lv_LV\" \/>\n<meta property=\"og:type\" content=\"article\" \/>\n<meta property=\"og:title\" content=\"Rekl\u0101ma - Skamet\" \/>\n<meta property=\"og:description\" content=\"Lietot\u0101ju \u0100bece Produktu katalogs\" \/>\n<meta property=\"og:url\" content=\"https:\/\/www.skamet.ee\/lv\/dokumentacija-3\/reklama\/\" \/>\n<meta property=\"og:site_name\" content=\"Skamet\" \/>\n<meta property=\"article:modified_time\" content=\"2026-03-20T10:47:10+00:00\" \/>\n<meta property=\"og:image\" content=\"https:\/\/www.skamet.ee\/wp-content\/uploads\/2013\/01\/ABC-esikaas.jpg\" \/>\n\t<meta property=\"og:image:width\" content=\"419\" \/>\n\t<meta property=\"og:image:height\" content=\"893\" \/>\n\t<meta property=\"og:image:type\" content=\"image\/jpeg\" \/>\n<meta name=\"twitter:card\" content=\"summary_large_image\" \/>\n<meta name=\"twitter:label1\" content=\"Est. reading time\" \/>\n\t<meta name=\"twitter:data1\" content=\"1 min\u016b\u0161u\" \/>\n<script type=\"application\/ld+json\" class=\"yoast-schema-graph\">{\"@context\":\"https:\/\/schema.org\",\"@graph\":[{\"@type\":\"WebPage\",\"@id\":\"https:\/\/www.skamet.ee\/lv\/dokumentacija-3\/reklama\/\",\"url\":\"https:\/\/www.skamet.ee\/lv\/dokumentacija-3\/reklama\/\",\"name\":\"Rekl\u0101ma - Skamet\",\"isPartOf\":{\"@id\":\"https:\/\/www.skamet.ee\/#website\"},\"primaryImageOfPage\":{\"@id\":\"https:\/\/www.skamet.ee\/lv\/dokumentacija-3\/reklama\/#primaryimage\"},\"image\":{\"@id\":\"https:\/\/www.skamet.ee\/lv\/dokumentacija-3\/reklama\/#primaryimage\"},\"thumbnailUrl\":\"https:\/\/www.skamet.ee\/wp-content\/uploads\/2013\/01\/ABC-esikaas.jpg\",\"datePublished\":\"2014-02-17T09:08:40+00:00\",\"dateModified\":\"2026-03-20T10:47:10+00:00\",\"breadcrumb\":{\"@id\":\"https:\/\/www.skamet.ee\/lv\/dokumentacija-3\/reklama\/#breadcrumb\"},\"inLanguage\":\"lv-LV\",\"potentialAction\":[{\"@type\":\"ReadAction\",\"target\":[\"https:\/\/www.skamet.ee\/lv\/dokumentacija-3\/reklama\/\"]}]},{\"@type\":\"ImageObject\",\"inLanguage\":\"lv-LV\",\"@id\":\"https:\/\/www.skamet.ee\/lv\/dokumentacija-3\/reklama\/#primaryimage\",\"url\":\"https:\/\/www.skamet.ee\/wp-content\/uploads\/2013\/01\/ABC-esikaas.jpg\",\"contentUrl\":\"https:\/\/www.skamet.ee\/wp-content\/uploads\/2013\/01\/ABC-esikaas.jpg\",\"width\":419,\"height\":893,\"caption\":\"ABC esikaas\"},{\"@type\":\"BreadcrumbList\",\"@id\":\"https:\/\/www.skamet.ee\/lv\/dokumentacija-3\/reklama\/#breadcrumb\",\"itemListElement\":[{\"@type\":\"ListItem\",\"position\":1,\"name\":\"Home\",\"item\":\"https:\/\/www.skamet.ee\/lv\/\"},{\"@type\":\"ListItem\",\"position\":2,\"name\":\"Dokument\u0101cija\",\"item\":\"https:\/\/www.skamet.ee\/dokumentatsioon\/\"},{\"@type\":\"ListItem\",\"position\":3,\"name\":\"Rekl\u0101ma\"}]},{\"@type\":\"WebSite\",\"@id\":\"https:\/\/www.skamet.ee\/#website\",\"url\":\"https:\/\/www.skamet.ee\/\",\"name\":\"Skamet O\u00dc\",\"description\":\"Efektiivsed puuk\u00fcttega saunaahjud Eesti tootjalt\",\"publisher\":{\"@id\":\"https:\/\/www.skamet.ee\/#organization\"},\"potentialAction\":[{\"@type\":\"SearchAction\",\"target\":{\"@type\":\"EntryPoint\",\"urlTemplate\":\"https:\/\/www.skamet.ee\/?s={search_term_string}\"},\"query-input\":{\"@type\":\"PropertyValueSpecification\",\"valueRequired\":true,\"valueName\":\"search_term_string\"}}],\"inLanguage\":\"lv-LV\"},{\"@type\":\"Organization\",\"@id\":\"https:\/\/www.skamet.ee\/#organization\",\"name\":\"Skamet\",\"url\":\"https:\/\/www.skamet.ee\/\",\"logo\":{\"@type\":\"ImageObject\",\"inLanguage\":\"lv-LV\",\"@id\":\"https:\/\/www.skamet.ee\/#\/schema\/logo\/image\/\",\"url\":\"https:\/\/www.skamet.ee\/wp-content\/uploads\/2015\/05\/logo-uus.png\",\"contentUrl\":\"https:\/\/www.skamet.ee\/wp-content\/uploads\/2015\/05\/logo-uus.png\",\"width\":300,\"height\":127,\"caption\":\"Skamet\"},\"image\":{\"@id\":\"https:\/\/www.skamet.ee\/#\/schema\/logo\/image\/\"}}]}<\/script>\n<!-- \/ Yoast SEO plugin. -->","yoast_head_json":{"title":"Rekl\u0101ma - Skamet","robots":{"index":"index","follow":"follow","max-snippet":"max-snippet:-1","max-image-preview":"max-image-preview:large","max-video-preview":"max-video-preview:-1"},"canonical":"https:\/\/www.skamet.ee\/lv\/dokumentacija-3\/reklama\/","og_locale":"lv_LV","og_type":"article","og_title":"Rekl\u0101ma - Skamet","og_description":"Lietot\u0101ju \u0100bece Produktu katalogs","og_url":"https:\/\/www.skamet.ee\/lv\/dokumentacija-3\/reklama\/","og_site_name":"Skamet","article_modified_time":"2026-03-20T10:47:10+00:00","og_image":[{"width":419,"height":893,"url":"https:\/\/www.skamet.ee\/wp-content\/uploads\/2013\/01\/ABC-esikaas.jpg","type":"image\/jpeg"}],"twitter_card":"summary_large_image","twitter_misc":{"Est. reading time":"1 min\u016b\u0161u"},"schema":{"@context":"https:\/\/schema.org","@graph":[{"@type":"WebPage","@id":"https:\/\/www.skamet.ee\/lv\/dokumentacija-3\/reklama\/","url":"https:\/\/www.skamet.ee\/lv\/dokumentacija-3\/reklama\/","name":"Rekl\u0101ma - Skamet","isPartOf":{"@id":"https:\/\/www.skamet.ee\/#website"},"primaryImageOfPage":{"@id":"https:\/\/www.skamet.ee\/lv\/dokumentacija-3\/reklama\/#primaryimage"},"image":{"@id":"https:\/\/www.skamet.ee\/lv\/dokumentacija-3\/reklama\/#primaryimage"},"thumbnailUrl":"https:\/\/www.skamet.ee\/wp-content\/uploads\/2013\/01\/ABC-esikaas.jpg","datePublished":"2014-02-17T09:08:40+00:00","dateModified":"2026-03-20T10:47:10+00:00","breadcrumb":{"@id":"https:\/\/www.skamet.ee\/lv\/dokumentacija-3\/reklama\/#breadcrumb"},"inLanguage":"lv-LV","potentialAction":[{"@type":"ReadAction","target":["https:\/\/www.skamet.ee\/lv\/dokumentacija-3\/reklama\/"]}]},{"@type":"ImageObject","inLanguage":"lv-LV","@id":"https:\/\/www.skamet.ee\/lv\/dokumentacija-3\/reklama\/#primaryimage","url":"https:\/\/www.skamet.ee\/wp-content\/uploads\/2013\/01\/ABC-esikaas.jpg","contentUrl":"https:\/\/www.skamet.ee\/wp-content\/uploads\/2013\/01\/ABC-esikaas.jpg","width":419,"height":893,"caption":"ABC esikaas"},{"@type":"BreadcrumbList","@id":"https:\/\/www.skamet.ee\/lv\/dokumentacija-3\/reklama\/#breadcrumb","itemListElement":[{"@type":"ListItem","position":1,"name":"Home","item":"https:\/\/www.skamet.ee\/lv\/"},{"@type":"ListItem","position":2,"name":"Dokument\u0101cija","item":"https:\/\/www.skamet.ee\/dokumentatsioon\/"},{"@type":"ListItem","position":3,"name":"Rekl\u0101ma"}]},{"@type":"WebSite","@id":"https:\/\/www.skamet.ee\/#website","url":"https:\/\/www.skamet.ee\/","name":"Skamet O\u00dc","description":"Efektiivsed puuk\u00fcttega saunaahjud Eesti tootjalt","publisher":{"@id":"https:\/\/www.skamet.ee\/#organization"},"potentialAction":[{"@type":"SearchAction","target":{"@type":"EntryPoint","urlTemplate":"https:\/\/www.skamet.ee\/?s={search_term_string}"},"query-input":{"@type":"PropertyValueSpecification","valueRequired":true,"valueName":"search_term_string"}}],"inLanguage":"lv-LV"},{"@type":"Organization","@id":"https:\/\/www.skamet.ee\/#organization","name":"Skamet","url":"https:\/\/www.skamet.ee\/","logo":{"@type":"ImageObject","inLanguage":"lv-LV","@id":"https:\/\/www.skamet.ee\/#\/schema\/logo\/image\/","url":"https:\/\/www.skamet.ee\/wp-content\/uploads\/2015\/05\/logo-uus.png","contentUrl":"https:\/\/www.skamet.ee\/wp-content\/uploads\/2015\/05\/logo-uus.png","width":300,"height":127,"caption":"Skamet"},"image":{"@id":"https:\/\/www.skamet.ee\/#\/schema\/logo\/image\/"}}]}},"_links":{"self":[{"href":"https:\/\/www.skamet.ee\/lv\/wp-json\/wp\/v2\/pages\/2711","targetHints":{"allow":["GET"]}}],"collection":[{"href":"https:\/\/www.skamet.ee\/lv\/wp-json\/wp\/v2\/pages"}],"about":[{"href":"https:\/\/www.skamet.ee\/lv\/wp-json\/wp\/v2\/types\/page"}],"author":[{"embeddable":true,"href":"https:\/\/www.skamet.ee\/lv\/wp-json\/wp\/v2\/users\/2"}],"replies":[{"embeddable":true,"href":"https:\/\/www.skamet.ee\/lv\/wp-json\/wp\/v2\/comments?post=2711"}],"version-history":[{"count":24,"href":"https:\/\/www.skamet.ee\/lv\/wp-json\/wp\/v2\/pages\/2711\/revisions"}],"predecessor-version":[{"id":56085,"href":"https:\/\/www.skamet.ee\/lv\/wp-json\/wp\/v2\/pages\/2711\/revisions\/56085"}],"up":[{"embeddable":true,"href":"https:\/\/www.skamet.ee\/lv\/wp-json\/wp\/v2\/pages\/27754"}],"wp:featuredmedia":[{"embeddable":true,"href":"https:\/\/www.skamet.ee\/lv\/wp-json\/wp\/v2\/media\/32020"}],"wp:attachment":[{"href":"https:\/\/www.skamet.ee\/lv\/wp-json\/wp\/v2\/media?parent=2711"}],"curies":[{"name":"wp","href":"https:\/\/api.w.org\/{rel}","templated":true}]}}