{"id":2719,"date":"2014-02-17T09:17:53","date_gmt":"2014-02-17T09:17:53","guid":{"rendered":"http:\/\/skamet.ee\/?page_id=2719"},"modified":"2015-06-18T12:14:57","modified_gmt":"2015-06-18T12:14:57","slug":"pakalpojumi","status":"publish","type":"page","link":"https:\/\/www.skamet.ee\/lv\/pakalpojumi\/","title":{"rendered":"Pakalpojumi"},"content":{"rendered":"<p><span style=\"font-size: small;\">Papildus m\u016bsu pamatprodukcijai (pirts kr\u0101snis, boileri, d\u016bmvadu caurules) m\u0113s pied\u0101v\u0101jam veikt da\u017e\u0101dus met\u0101lapstr\u0101des darbus. Izgatavojam da\u017e\u0101dus izstr\u0101d\u0101jumus p\u0113c pas\u016bt\u012bjuma atbilsto\u0161i klienta vajadz\u012bb\u0101m un\/vai ras\u0113jumiem:<\/span><\/p>\n<ul>\n<li><span style=\"font-size: small;\">balkonu margas;<\/span><\/li>\n<li><span style=\"font-size: small;\">\u017eogi;<\/span><\/li>\n<li><span style=\"font-size: small;\">v\u0101rti;<\/span><\/li>\n<li><span style=\"font-size: small;\">met\u0101la deta\u013cas;<\/span><\/li>\n<li><span style=\"font-size: small;\">rekl\u0101mas stabi\/vairogi<\/span><\/li>\n<li><span style=\"font-size: small;\">u.t.t.<\/span><\/li>\n<\/ul>\n<p><span style=\"font-size: small;\">Izgatavojam vienk\u0101r\u0161us prototipus atbilsto\u0161i klientu v\u0113lm\u0113m.<\/span><\/p>\n","protected":false},"excerpt":{"rendered":"<p>Papildus m\u016bsu pamatprodukcijai (pirts kr\u0101snis, boileri, d\u016bmvadu caurules) m\u0113s pied\u0101v\u0101jam veikt da\u017e\u0101dus met\u0101lapstr\u0101des darbus. Izgatavojam da\u017e\u0101dus izstr\u0101d\u0101jumus p\u0113c pas\u016bt\u012bjuma atbilsto\u0161i<\/p>\n","protected":false},"author":2,"featured_media":0,"parent":0,"menu_order":0,"comment_status":"closed","ping_status":"closed","template":"","meta":{"_lmt_disableupdate":"","_lmt_disable":"","footnotes":""},"class_list":["post-2719","page","type-page","status-publish","hentry"],"yoast_head":"<!-- This site is optimized with the Yoast SEO plugin v27.0 - https:\/\/yoast.com\/product\/yoast-seo-wordpress\/ -->\n<title>Pakalpojumi - Skamet<\/title>\n<meta name=\"robots\" content=\"index, follow, max-snippet:-1, max-image-preview:large, max-video-preview:-1\" \/>\n<link rel=\"canonical\" href=\"https:\/\/www.skamet.ee\/lv\/pakalpojumi\/\" \/>\n<meta property=\"og:locale\" content=\"lv_LV\" \/>\n<meta property=\"og:type\" content=\"article\" \/>\n<meta property=\"og:title\" content=\"Pakalpojumi - Skamet\" \/>\n<meta property=\"og:description\" content=\"Papildus m\u016bsu pamatprodukcijai (pirts kr\u0101snis, boileri, d\u016bmvadu caurules) m\u0113s pied\u0101v\u0101jam veikt da\u017e\u0101dus met\u0101lapstr\u0101des darbus. Izgatavojam da\u017e\u0101dus izstr\u0101d\u0101jumus p\u0113c pas\u016bt\u012bjuma atbilsto\u0161i\" \/>\n<meta property=\"og:url\" content=\"https:\/\/www.skamet.ee\/lv\/pakalpojumi\/\" \/>\n<meta property=\"og:site_name\" content=\"Skamet\" \/>\n<meta property=\"article:modified_time\" content=\"2015-06-18T12:14:57+00:00\" \/>\n<meta name=\"twitter:card\" content=\"summary_large_image\" \/>\n<script type=\"application\/ld+json\" class=\"yoast-schema-graph\">{\"@context\":\"https:\/\/schema.org\",\"@graph\":[{\"@type\":\"WebPage\",\"@id\":\"https:\/\/www.skamet.ee\/lv\/pakalpojumi\/\",\"url\":\"https:\/\/www.skamet.ee\/lv\/pakalpojumi\/\",\"name\":\"Pakalpojumi - Skamet\",\"isPartOf\":{\"@id\":\"https:\/\/www.skamet.ee\/#website\"},\"datePublished\":\"2014-02-17T09:17:53+00:00\",\"dateModified\":\"2015-06-18T12:14:57+00:00\",\"breadcrumb\":{\"@id\":\"https:\/\/www.skamet.ee\/lv\/pakalpojumi\/#breadcrumb\"},\"inLanguage\":\"lv-LV\",\"potentialAction\":[{\"@type\":\"ReadAction\",\"target\":[\"https:\/\/www.skamet.ee\/lv\/pakalpojumi\/\"]}]},{\"@type\":\"BreadcrumbList\",\"@id\":\"https:\/\/www.skamet.ee\/lv\/pakalpojumi\/#breadcrumb\",\"itemListElement\":[{\"@type\":\"ListItem\",\"position\":1,\"name\":\"Home\",\"item\":\"https:\/\/www.skamet.ee\/lv\/\"},{\"@type\":\"ListItem\",\"position\":2,\"name\":\"Pakalpojumi\"}]},{\"@type\":\"WebSite\",\"@id\":\"https:\/\/www.skamet.ee\/#website\",\"url\":\"https:\/\/www.skamet.ee\/\",\"name\":\"Skamet O\u00dc\",\"description\":\"Efektiivsed puuk\u00fcttega saunaahjud Eesti tootjalt\",\"publisher\":{\"@id\":\"https:\/\/www.skamet.ee\/#organization\"},\"potentialAction\":[{\"@type\":\"SearchAction\",\"target\":{\"@type\":\"EntryPoint\",\"urlTemplate\":\"https:\/\/www.skamet.ee\/?s={search_term_string}\"},\"query-input\":{\"@type\":\"PropertyValueSpecification\",\"valueRequired\":true,\"valueName\":\"search_term_string\"}}],\"inLanguage\":\"lv-LV\"},{\"@type\":\"Organization\",\"@id\":\"https:\/\/www.skamet.ee\/#organization\",\"name\":\"Skamet\",\"url\":\"https:\/\/www.skamet.ee\/\",\"logo\":{\"@type\":\"ImageObject\",\"inLanguage\":\"lv-LV\",\"@id\":\"https:\/\/www.skamet.ee\/#\/schema\/logo\/image\/\",\"url\":\"https:\/\/www.skamet.ee\/wp-content\/uploads\/2015\/05\/logo-uus.png\",\"contentUrl\":\"https:\/\/www.skamet.ee\/wp-content\/uploads\/2015\/05\/logo-uus.png\",\"width\":300,\"height\":127,\"caption\":\"Skamet\"},\"image\":{\"@id\":\"https:\/\/www.skamet.ee\/#\/schema\/logo\/image\/\"}}]}<\/script>\n<!-- \/ Yoast SEO plugin. -->","yoast_head_json":{"title":"Pakalpojumi - Skamet","robots":{"index":"index","follow":"follow","max-snippet":"max-snippet:-1","max-image-preview":"max-image-preview:large","max-video-preview":"max-video-preview:-1"},"canonical":"https:\/\/www.skamet.ee\/lv\/pakalpojumi\/","og_locale":"lv_LV","og_type":"article","og_title":"Pakalpojumi - Skamet","og_description":"Papildus m\u016bsu pamatprodukcijai (pirts kr\u0101snis, boileri, d\u016bmvadu caurules) m\u0113s pied\u0101v\u0101jam veikt da\u017e\u0101dus met\u0101lapstr\u0101des darbus. Izgatavojam da\u017e\u0101dus izstr\u0101d\u0101jumus p\u0113c pas\u016bt\u012bjuma atbilsto\u0161i","og_url":"https:\/\/www.skamet.ee\/lv\/pakalpojumi\/","og_site_name":"Skamet","article_modified_time":"2015-06-18T12:14:57+00:00","twitter_card":"summary_large_image","schema":{"@context":"https:\/\/schema.org","@graph":[{"@type":"WebPage","@id":"https:\/\/www.skamet.ee\/lv\/pakalpojumi\/","url":"https:\/\/www.skamet.ee\/lv\/pakalpojumi\/","name":"Pakalpojumi - Skamet","isPartOf":{"@id":"https:\/\/www.skamet.ee\/#website"},"datePublished":"2014-02-17T09:17:53+00:00","dateModified":"2015-06-18T12:14:57+00:00","breadcrumb":{"@id":"https:\/\/www.skamet.ee\/lv\/pakalpojumi\/#breadcrumb"},"inLanguage":"lv-LV","potentialAction":[{"@type":"ReadAction","target":["https:\/\/www.skamet.ee\/lv\/pakalpojumi\/"]}]},{"@type":"BreadcrumbList","@id":"https:\/\/www.skamet.ee\/lv\/pakalpojumi\/#breadcrumb","itemListElement":[{"@type":"ListItem","position":1,"name":"Home","item":"https:\/\/www.skamet.ee\/lv\/"},{"@type":"ListItem","position":2,"name":"Pakalpojumi"}]},{"@type":"WebSite","@id":"https:\/\/www.skamet.ee\/#website","url":"https:\/\/www.skamet.ee\/","name":"Skamet O\u00dc","description":"Efektiivsed puuk\u00fcttega saunaahjud Eesti tootjalt","publisher":{"@id":"https:\/\/www.skamet.ee\/#organization"},"potentialAction":[{"@type":"SearchAction","target":{"@type":"EntryPoint","urlTemplate":"https:\/\/www.skamet.ee\/?s={search_term_string}"},"query-input":{"@type":"PropertyValueSpecification","valueRequired":true,"valueName":"search_term_string"}}],"inLanguage":"lv-LV"},{"@type":"Organization","@id":"https:\/\/www.skamet.ee\/#organization","name":"Skamet","url":"https:\/\/www.skamet.ee\/","logo":{"@type":"ImageObject","inLanguage":"lv-LV","@id":"https:\/\/www.skamet.ee\/#\/schema\/logo\/image\/","url":"https:\/\/www.skamet.ee\/wp-content\/uploads\/2015\/05\/logo-uus.png","contentUrl":"https:\/\/www.skamet.ee\/wp-content\/uploads\/2015\/05\/logo-uus.png","width":300,"height":127,"caption":"Skamet"},"image":{"@id":"https:\/\/www.skamet.ee\/#\/schema\/logo\/image\/"}}]}},"_links":{"self":[{"href":"https:\/\/www.skamet.ee\/lv\/wp-json\/wp\/v2\/pages\/2719","targetHints":{"allow":["GET"]}}],"collection":[{"href":"https:\/\/www.skamet.ee\/lv\/wp-json\/wp\/v2\/pages"}],"about":[{"href":"https:\/\/www.skamet.ee\/lv\/wp-json\/wp\/v2\/types\/page"}],"author":[{"embeddable":true,"href":"https:\/\/www.skamet.ee\/lv\/wp-json\/wp\/v2\/users\/2"}],"replies":[{"embeddable":true,"href":"https:\/\/www.skamet.ee\/lv\/wp-json\/wp\/v2\/comments?post=2719"}],"version-history":[{"count":2,"href":"https:\/\/www.skamet.ee\/lv\/wp-json\/wp\/v2\/pages\/2719\/revisions"}],"predecessor-version":[{"id":28211,"href":"https:\/\/www.skamet.ee\/lv\/wp-json\/wp\/v2\/pages\/2719\/revisions\/28211"}],"wp:attachment":[{"href":"https:\/\/www.skamet.ee\/lv\/wp-json\/wp\/v2\/media?parent=2719"}],"curies":[{"name":"wp","href":"https:\/\/api.w.org\/{rel}","templated":true}]}}