{"id":2725,"date":"2014-02-17T09:25:42","date_gmt":"2014-02-17T09:25:42","guid":{"rendered":"http:\/\/skamet.ee\/?page_id=2725"},"modified":"2015-06-18T12:15:45","modified_gmt":"2015-06-18T12:15:45","slug":"pakalpojumi-2","status":"publish","type":"page","link":"https:\/\/www.skamet.ee\/lv\/pakalpojumi\/pakalpojumi-2\/","title":{"rendered":"Pakalpojumi"},"content":{"rendered":"<p><span style=\"font-size: small;\">\u0160obr\u012bd pied\u0101v\u0101jam veikt sekojo\u0161us met\u0101lapstr\u0101des darbus:<\/span><\/p>\n<ul>\n<li><span style=\"font-size: small;\">liek\u0161ana;<\/span><\/li>\n<li><span style=\"font-size: small;\">valc\u0113\u0161ana;<\/span><\/li>\n<li><span style=\"font-size: small;\">pres\u0113\u0161ana;<\/span><\/li>\n<li><span style=\"font-size: small;\">grie\u0161ana;<\/span><\/li>\n<li><span style=\"font-size: small;\">metin\u0101\u0161ana (tai skait\u0101 ner\u016bs\u0113jo\u0161\u0101 t\u0113rauda metin\u0101\u0161ana);<\/span><\/li>\n<li><span style=\"font-size: small;\">fr\u0113z\u0113\u0161ana;<\/span><\/li>\n<li><span style=\"font-size: small;\">sl\u012bp\u0113\u0161ana;<\/span><\/li>\n<li><span style=\"font-size: small;\">kr\u0101so\u0161ana;<\/span><\/li>\n<li><span style=\"font-size: small;\">pulvera kr\u0101so\u0161ana;<\/span><\/li>\n<li><span style=\"font-size: small;\">cinko\u0161ana.<\/span><\/li>\n<\/ul>\n","protected":false},"excerpt":{"rendered":"<p>\u0160obr\u012bd pied\u0101v\u0101jam veikt sekojo\u0161us met\u0101lapstr\u0101des darbus: liek\u0161ana; valc\u0113\u0161ana; pres\u0113\u0161ana; grie\u0161ana; metin\u0101\u0161ana (tai skait\u0101 ner\u016bs\u0113jo\u0161\u0101 t\u0113rauda metin\u0101\u0161ana); fr\u0113z\u0113\u0161ana; sl\u012bp\u0113\u0161ana; kr\u0101so\u0161ana; pulvera<\/p>\n","protected":false},"author":2,"featured_media":0,"parent":2719,"menu_order":0,"comment_status":"closed","ping_status":"closed","template":"","meta":{"_lmt_disableupdate":"","_lmt_disable":"","footnotes":""},"class_list":["post-2725","page","type-page","status-publish","hentry"],"yoast_head":"<!-- This site is optimized with the Yoast SEO plugin v27.0 - https:\/\/yoast.com\/product\/yoast-seo-wordpress\/ -->\n<title>Pakalpojumi - Skamet<\/title>\n<meta name=\"robots\" content=\"index, follow, max-snippet:-1, max-image-preview:large, max-video-preview:-1\" \/>\n<link rel=\"canonical\" href=\"https:\/\/www.skamet.ee\/lv\/pakalpojumi\/pakalpojumi-2\/\" \/>\n<meta property=\"og:locale\" content=\"lv_LV\" \/>\n<meta property=\"og:type\" content=\"article\" \/>\n<meta property=\"og:title\" content=\"Pakalpojumi - Skamet\" \/>\n<meta property=\"og:description\" content=\"\u0160obr\u012bd pied\u0101v\u0101jam veikt sekojo\u0161us met\u0101lapstr\u0101des darbus: liek\u0161ana; valc\u0113\u0161ana; pres\u0113\u0161ana; grie\u0161ana; metin\u0101\u0161ana (tai skait\u0101 ner\u016bs\u0113jo\u0161\u0101 t\u0113rauda metin\u0101\u0161ana); fr\u0113z\u0113\u0161ana; sl\u012bp\u0113\u0161ana; kr\u0101so\u0161ana; pulvera\" \/>\n<meta property=\"og:url\" content=\"https:\/\/www.skamet.ee\/lv\/pakalpojumi\/pakalpojumi-2\/\" \/>\n<meta property=\"og:site_name\" content=\"Skamet\" \/>\n<meta property=\"article:modified_time\" content=\"2015-06-18T12:15:45+00:00\" \/>\n<meta name=\"twitter:card\" content=\"summary_large_image\" \/>\n<script type=\"application\/ld+json\" class=\"yoast-schema-graph\">{\"@context\":\"https:\/\/schema.org\",\"@graph\":[{\"@type\":\"WebPage\",\"@id\":\"https:\/\/www.skamet.ee\/lv\/pakalpojumi\/pakalpojumi-2\/\",\"url\":\"https:\/\/www.skamet.ee\/lv\/pakalpojumi\/pakalpojumi-2\/\",\"name\":\"Pakalpojumi - Skamet\",\"isPartOf\":{\"@id\":\"https:\/\/www.skamet.ee\/#website\"},\"datePublished\":\"2014-02-17T09:25:42+00:00\",\"dateModified\":\"2015-06-18T12:15:45+00:00\",\"breadcrumb\":{\"@id\":\"https:\/\/www.skamet.ee\/lv\/pakalpojumi\/pakalpojumi-2\/#breadcrumb\"},\"inLanguage\":\"lv-LV\",\"potentialAction\":[{\"@type\":\"ReadAction\",\"target\":[\"https:\/\/www.skamet.ee\/lv\/pakalpojumi\/pakalpojumi-2\/\"]}]},{\"@type\":\"BreadcrumbList\",\"@id\":\"https:\/\/www.skamet.ee\/lv\/pakalpojumi\/pakalpojumi-2\/#breadcrumb\",\"itemListElement\":[{\"@type\":\"ListItem\",\"position\":1,\"name\":\"Home\",\"item\":\"https:\/\/www.skamet.ee\/lv\/\"},{\"@type\":\"ListItem\",\"position\":2,\"name\":\"Pakalpojumi\",\"item\":\"https:\/\/www.skamet.ee\/lv\/pakalpojumi\/\"},{\"@type\":\"ListItem\",\"position\":3,\"name\":\"Pakalpojumi\"}]},{\"@type\":\"WebSite\",\"@id\":\"https:\/\/www.skamet.ee\/#website\",\"url\":\"https:\/\/www.skamet.ee\/\",\"name\":\"Skamet O\u00dc\",\"description\":\"Efektiivsed puuk\u00fcttega saunaahjud Eesti tootjalt\",\"publisher\":{\"@id\":\"https:\/\/www.skamet.ee\/#organization\"},\"potentialAction\":[{\"@type\":\"SearchAction\",\"target\":{\"@type\":\"EntryPoint\",\"urlTemplate\":\"https:\/\/www.skamet.ee\/?s={search_term_string}\"},\"query-input\":{\"@type\":\"PropertyValueSpecification\",\"valueRequired\":true,\"valueName\":\"search_term_string\"}}],\"inLanguage\":\"lv-LV\"},{\"@type\":\"Organization\",\"@id\":\"https:\/\/www.skamet.ee\/#organization\",\"name\":\"Skamet\",\"url\":\"https:\/\/www.skamet.ee\/\",\"logo\":{\"@type\":\"ImageObject\",\"inLanguage\":\"lv-LV\",\"@id\":\"https:\/\/www.skamet.ee\/#\/schema\/logo\/image\/\",\"url\":\"https:\/\/www.skamet.ee\/wp-content\/uploads\/2015\/05\/logo-uus.png\",\"contentUrl\":\"https:\/\/www.skamet.ee\/wp-content\/uploads\/2015\/05\/logo-uus.png\",\"width\":300,\"height\":127,\"caption\":\"Skamet\"},\"image\":{\"@id\":\"https:\/\/www.skamet.ee\/#\/schema\/logo\/image\/\"}}]}<\/script>\n<!-- \/ Yoast SEO plugin. -->","yoast_head_json":{"title":"Pakalpojumi - Skamet","robots":{"index":"index","follow":"follow","max-snippet":"max-snippet:-1","max-image-preview":"max-image-preview:large","max-video-preview":"max-video-preview:-1"},"canonical":"https:\/\/www.skamet.ee\/lv\/pakalpojumi\/pakalpojumi-2\/","og_locale":"lv_LV","og_type":"article","og_title":"Pakalpojumi - Skamet","og_description":"\u0160obr\u012bd pied\u0101v\u0101jam veikt sekojo\u0161us met\u0101lapstr\u0101des darbus: liek\u0161ana; valc\u0113\u0161ana; pres\u0113\u0161ana; grie\u0161ana; metin\u0101\u0161ana (tai skait\u0101 ner\u016bs\u0113jo\u0161\u0101 t\u0113rauda metin\u0101\u0161ana); fr\u0113z\u0113\u0161ana; sl\u012bp\u0113\u0161ana; kr\u0101so\u0161ana; pulvera","og_url":"https:\/\/www.skamet.ee\/lv\/pakalpojumi\/pakalpojumi-2\/","og_site_name":"Skamet","article_modified_time":"2015-06-18T12:15:45+00:00","twitter_card":"summary_large_image","schema":{"@context":"https:\/\/schema.org","@graph":[{"@type":"WebPage","@id":"https:\/\/www.skamet.ee\/lv\/pakalpojumi\/pakalpojumi-2\/","url":"https:\/\/www.skamet.ee\/lv\/pakalpojumi\/pakalpojumi-2\/","name":"Pakalpojumi - Skamet","isPartOf":{"@id":"https:\/\/www.skamet.ee\/#website"},"datePublished":"2014-02-17T09:25:42+00:00","dateModified":"2015-06-18T12:15:45+00:00","breadcrumb":{"@id":"https:\/\/www.skamet.ee\/lv\/pakalpojumi\/pakalpojumi-2\/#breadcrumb"},"inLanguage":"lv-LV","potentialAction":[{"@type":"ReadAction","target":["https:\/\/www.skamet.ee\/lv\/pakalpojumi\/pakalpojumi-2\/"]}]},{"@type":"BreadcrumbList","@id":"https:\/\/www.skamet.ee\/lv\/pakalpojumi\/pakalpojumi-2\/#breadcrumb","itemListElement":[{"@type":"ListItem","position":1,"name":"Home","item":"https:\/\/www.skamet.ee\/lv\/"},{"@type":"ListItem","position":2,"name":"Pakalpojumi","item":"https:\/\/www.skamet.ee\/lv\/pakalpojumi\/"},{"@type":"ListItem","position":3,"name":"Pakalpojumi"}]},{"@type":"WebSite","@id":"https:\/\/www.skamet.ee\/#website","url":"https:\/\/www.skamet.ee\/","name":"Skamet O\u00dc","description":"Efektiivsed puuk\u00fcttega saunaahjud Eesti tootjalt","publisher":{"@id":"https:\/\/www.skamet.ee\/#organization"},"potentialAction":[{"@type":"SearchAction","target":{"@type":"EntryPoint","urlTemplate":"https:\/\/www.skamet.ee\/?s={search_term_string}"},"query-input":{"@type":"PropertyValueSpecification","valueRequired":true,"valueName":"search_term_string"}}],"inLanguage":"lv-LV"},{"@type":"Organization","@id":"https:\/\/www.skamet.ee\/#organization","name":"Skamet","url":"https:\/\/www.skamet.ee\/","logo":{"@type":"ImageObject","inLanguage":"lv-LV","@id":"https:\/\/www.skamet.ee\/#\/schema\/logo\/image\/","url":"https:\/\/www.skamet.ee\/wp-content\/uploads\/2015\/05\/logo-uus.png","contentUrl":"https:\/\/www.skamet.ee\/wp-content\/uploads\/2015\/05\/logo-uus.png","width":300,"height":127,"caption":"Skamet"},"image":{"@id":"https:\/\/www.skamet.ee\/#\/schema\/logo\/image\/"}}]}},"_links":{"self":[{"href":"https:\/\/www.skamet.ee\/lv\/wp-json\/wp\/v2\/pages\/2725","targetHints":{"allow":["GET"]}}],"collection":[{"href":"https:\/\/www.skamet.ee\/lv\/wp-json\/wp\/v2\/pages"}],"about":[{"href":"https:\/\/www.skamet.ee\/lv\/wp-json\/wp\/v2\/types\/page"}],"author":[{"embeddable":true,"href":"https:\/\/www.skamet.ee\/lv\/wp-json\/wp\/v2\/users\/2"}],"replies":[{"embeddable":true,"href":"https:\/\/www.skamet.ee\/lv\/wp-json\/wp\/v2\/comments?post=2725"}],"version-history":[{"count":1,"href":"https:\/\/www.skamet.ee\/lv\/wp-json\/wp\/v2\/pages\/2725\/revisions"}],"predecessor-version":[{"id":4009,"href":"https:\/\/www.skamet.ee\/lv\/wp-json\/wp\/v2\/pages\/2725\/revisions\/4009"}],"up":[{"embeddable":true,"href":"https:\/\/www.skamet.ee\/lv\/wp-json\/wp\/v2\/pages\/2719"}],"wp:attachment":[{"href":"https:\/\/www.skamet.ee\/lv\/wp-json\/wp\/v2\/media?parent=2725"}],"curies":[{"name":"wp","href":"https:\/\/api.w.org\/{rel}","templated":true}]}}