{"id":2734,"date":"2014-02-17T09:45:48","date_gmt":"2014-02-17T09:45:48","guid":{"rendered":"http:\/\/skamet.ee\/?page_id=2734"},"modified":"2021-05-18T12:49:52","modified_gmt":"2021-05-18T09:49:52","slug":"jua","status":"publish","type":"page","link":"https:\/\/www.skamet.ee\/lv\/jua\/","title":{"rendered":"JuA"},"content":{"rendered":"<p><span style=\"font-size: small;\"><strong>K\u0101da kr\u0101sns ir lab\u0101ka pirtij &#8211; re\u017e\u0123a kr\u0101sns vai kr\u0101sns met\u0101la korpus\u0101?<\/strong><\/span><\/p>\n<p><span style=\"font-size: small;\">Tas ir atkar\u012bgs no t\u0101, cik daudz laika J\u016bs v\u0113laties pavad\u012bt pirt\u012b. Kr\u0101sns ar met\u0101la korpusu \u0101tr\u0101k uzsilda pirti, bet, ja to p\u0101rtrauc kurin\u0101t, tad pirts \u0101tri atdziest. Re\u017e\u0123a kr\u0101sns uzsilst l\u0113n\u0101k, bet ilg\u0101k notur sakurin\u0101tas kr\u0101sns temperat\u016bru.\u00a0<\/span><\/p>\n<p><span style=\"font-size: small;\"><strong>Cik biezs met\u0101ls tiek izmantots kr\u0101sns izgatavo\u0161anai?<\/strong><\/span><\/p>\n<p><span style=\"font-size: small;\">Kr\u0101\u0161\u0146u izgatavo\u0161anas materi\u0101li iedal\u0101s p\u0113c to siltumatdeves sp\u0113j\u0101m: kr\u0101sns griesti 6 mm; aizmugur\u0113j\u0101 siena 4 mm; s\u0101nu virsmas 3 mm un kr\u0101sns apvalka biezums 0,8 mm. Galvenais kr\u0101\u0161\u0146u izgatavo\u0161anas materi\u0101ls &#8211; karsti velm\u0113ts t\u0113rauds. Izgatavojam cita biezuma kr\u0101snis p\u0113c pas\u016bt\u012bjuma.\u00a0<\/span><\/p>\n<p><span style=\"font-size: small;\"><strong>K\u0101da garuma malka ir piem\u0113rota pirts kr\u0101sns kurin\u0101\u0161anai?<\/strong><\/span><\/p>\n<p><span style=\"font-size: small;\">Pirts kr\u0101sns kurin\u0101\u0161anai, kas atrodas pirts telp\u0101, der\u0113s 35-40 cm garas pagales. Ja kr\u0101sns atrodas blakus telp\u0101, tad ieteicams izmantot 55-60 cm garas pagales.<\/span><\/p>\n<p><span style=\"font-size: small;\"><strong>K\u0101ds ir kr\u0101sns kalpo\u0161anas ilgums?<\/strong><\/span><\/p>\n<p><span style=\"font-size: small;\">Pareizi izmantojot, kr\u0101sns m\u016b\u017ea ilgums ir 8-12 gadi (ja pirts tiek izmantota vid\u0113ji reizi ned\u0113\u013c\u0101). M\u0113s ra\u017eojam re\u017e\u0123a kr\u0101snis jau <span lang=\"lv\">Kop\u0161 2007. gada\u00a0<\/span><span style=\"font-size: small;\">un l\u012bdz \u0161im br\u012bdim t\u0101s veic savu darbu<\/span><\/span><span style=\"font-size: small;\">.\u00a0\u00a0<\/span><\/p>\n<p><span style=\"font-size: small;\"><strong>No cik bieza materi\u0101la tiek izgatavots boilers?<\/strong><\/span><\/p>\n<p><span style=\"font-size: small;\">Standarta \u016bdens boilerus izgatavo no: parasta, 3mm bieza t\u0113rauda vai 2mm bieza ner\u016bs\u0113jo\u0161a t\u0113rauda. P\u0113c pas\u016bt\u012bjuma izgatavojam biez\u0101ka met\u0101la boilerus.\u00a0 \u00a0<\/span><\/p>\n<p><span style=\"font-size: small;\"><strong>K\u0101ds ir boileru diametrs?<\/strong><\/span><\/p>\n<p><span style=\"font-size: small;\">Standarta boileru diametrs ir 450 mm. P\u0113c klienta v\u0113l\u0113\u0161an\u0101s varam izgatavot maz\u0101ka (445, 430, 420, 400, 380, 300, 280 mm) vai liel\u0101ka diametra (455, 470, 500, 550, 600, 700, 900, 1200 mm) boilerus.<\/span><\/p>\n<p><span style=\"font-size: small;\"><strong>K\u0101ds ir boilera kalpo\u0161anas ilgums?<\/strong><\/span><\/p>\n<p><span style=\"font-size: small;\">No parast\u0101 t\u0113rauda izgatavot\u0101 boilera m\u016b\u017ea ilgums ir 6-8 gadi (boileriem ir j\u0101b\u016bt iezem\u0113tiem. \u012aPA\u0160I IZTUR\u012aGS NER\u016aS\u0112JO\u0160\u0100 T\u0112RAUDA BOILERS).<\/span><\/p>\n","protected":false},"excerpt":{"rendered":"<p>K\u0101da kr\u0101sns ir lab\u0101ka pirtij &#8211; re\u017e\u0123a kr\u0101sns vai kr\u0101sns met\u0101la korpus\u0101? Tas ir atkar\u012bgs no t\u0101, cik daudz laika<\/p>\n","protected":false},"author":2,"featured_media":0,"parent":0,"menu_order":0,"comment_status":"closed","ping_status":"closed","template":"","meta":{"_lmt_disableupdate":"","_lmt_disable":"","footnotes":""},"class_list":["post-2734","page","type-page","status-publish","hentry"],"yoast_head":"<!-- This site is optimized with the Yoast SEO plugin v27.0 - https:\/\/yoast.com\/product\/yoast-seo-wordpress\/ -->\n<title>JuA - Skamet<\/title>\n<meta name=\"robots\" content=\"index, follow, max-snippet:-1, max-image-preview:large, max-video-preview:-1\" \/>\n<link rel=\"canonical\" href=\"https:\/\/www.skamet.ee\/lv\/jua\/\" \/>\n<meta property=\"og:locale\" content=\"lv_LV\" \/>\n<meta property=\"og:type\" content=\"article\" \/>\n<meta property=\"og:title\" content=\"JuA - Skamet\" \/>\n<meta property=\"og:description\" content=\"K\u0101da kr\u0101sns ir lab\u0101ka pirtij &#8211; re\u017e\u0123a kr\u0101sns vai kr\u0101sns met\u0101la korpus\u0101? Tas ir atkar\u012bgs no t\u0101, cik daudz laika\" \/>\n<meta property=\"og:url\" content=\"https:\/\/www.skamet.ee\/lv\/jua\/\" \/>\n<meta property=\"og:site_name\" content=\"Skamet\" \/>\n<meta property=\"article:modified_time\" content=\"2021-05-18T09:49:52+00:00\" \/>\n<meta name=\"twitter:card\" content=\"summary_large_image\" \/>\n<meta name=\"twitter:label1\" content=\"Est. reading time\" \/>\n\t<meta name=\"twitter:data1\" content=\"2 min\u016btes\" \/>\n<script type=\"application\/ld+json\" class=\"yoast-schema-graph\">{\"@context\":\"https:\/\/schema.org\",\"@graph\":[{\"@type\":\"WebPage\",\"@id\":\"https:\/\/www.skamet.ee\/lv\/jua\/\",\"url\":\"https:\/\/www.skamet.ee\/lv\/jua\/\",\"name\":\"JuA - Skamet\",\"isPartOf\":{\"@id\":\"https:\/\/www.skamet.ee\/#website\"},\"datePublished\":\"2014-02-17T09:45:48+00:00\",\"dateModified\":\"2021-05-18T09:49:52+00:00\",\"breadcrumb\":{\"@id\":\"https:\/\/www.skamet.ee\/lv\/jua\/#breadcrumb\"},\"inLanguage\":\"lv-LV\",\"potentialAction\":[{\"@type\":\"ReadAction\",\"target\":[\"https:\/\/www.skamet.ee\/lv\/jua\/\"]}]},{\"@type\":\"BreadcrumbList\",\"@id\":\"https:\/\/www.skamet.ee\/lv\/jua\/#breadcrumb\",\"itemListElement\":[{\"@type\":\"ListItem\",\"position\":1,\"name\":\"Home\",\"item\":\"https:\/\/www.skamet.ee\/lv\/\"},{\"@type\":\"ListItem\",\"position\":2,\"name\":\"JuA\"}]},{\"@type\":\"WebSite\",\"@id\":\"https:\/\/www.skamet.ee\/#website\",\"url\":\"https:\/\/www.skamet.ee\/\",\"name\":\"Skamet O\u00dc\",\"description\":\"Efektiivsed puuk\u00fcttega saunaahjud Eesti tootjalt\",\"publisher\":{\"@id\":\"https:\/\/www.skamet.ee\/#organization\"},\"potentialAction\":[{\"@type\":\"SearchAction\",\"target\":{\"@type\":\"EntryPoint\",\"urlTemplate\":\"https:\/\/www.skamet.ee\/?s={search_term_string}\"},\"query-input\":{\"@type\":\"PropertyValueSpecification\",\"valueRequired\":true,\"valueName\":\"search_term_string\"}}],\"inLanguage\":\"lv-LV\"},{\"@type\":\"Organization\",\"@id\":\"https:\/\/www.skamet.ee\/#organization\",\"name\":\"Skamet\",\"url\":\"https:\/\/www.skamet.ee\/\",\"logo\":{\"@type\":\"ImageObject\",\"inLanguage\":\"lv-LV\",\"@id\":\"https:\/\/www.skamet.ee\/#\/schema\/logo\/image\/\",\"url\":\"https:\/\/www.skamet.ee\/wp-content\/uploads\/2015\/05\/logo-uus.png\",\"contentUrl\":\"https:\/\/www.skamet.ee\/wp-content\/uploads\/2015\/05\/logo-uus.png\",\"width\":300,\"height\":127,\"caption\":\"Skamet\"},\"image\":{\"@id\":\"https:\/\/www.skamet.ee\/#\/schema\/logo\/image\/\"}}]}<\/script>\n<!-- \/ Yoast SEO plugin. -->","yoast_head_json":{"title":"JuA - Skamet","robots":{"index":"index","follow":"follow","max-snippet":"max-snippet:-1","max-image-preview":"max-image-preview:large","max-video-preview":"max-video-preview:-1"},"canonical":"https:\/\/www.skamet.ee\/lv\/jua\/","og_locale":"lv_LV","og_type":"article","og_title":"JuA - Skamet","og_description":"K\u0101da kr\u0101sns ir lab\u0101ka pirtij &#8211; re\u017e\u0123a kr\u0101sns vai kr\u0101sns met\u0101la korpus\u0101? Tas ir atkar\u012bgs no t\u0101, cik daudz laika","og_url":"https:\/\/www.skamet.ee\/lv\/jua\/","og_site_name":"Skamet","article_modified_time":"2021-05-18T09:49:52+00:00","twitter_card":"summary_large_image","twitter_misc":{"Est. reading time":"2 min\u016btes"},"schema":{"@context":"https:\/\/schema.org","@graph":[{"@type":"WebPage","@id":"https:\/\/www.skamet.ee\/lv\/jua\/","url":"https:\/\/www.skamet.ee\/lv\/jua\/","name":"JuA - Skamet","isPartOf":{"@id":"https:\/\/www.skamet.ee\/#website"},"datePublished":"2014-02-17T09:45:48+00:00","dateModified":"2021-05-18T09:49:52+00:00","breadcrumb":{"@id":"https:\/\/www.skamet.ee\/lv\/jua\/#breadcrumb"},"inLanguage":"lv-LV","potentialAction":[{"@type":"ReadAction","target":["https:\/\/www.skamet.ee\/lv\/jua\/"]}]},{"@type":"BreadcrumbList","@id":"https:\/\/www.skamet.ee\/lv\/jua\/#breadcrumb","itemListElement":[{"@type":"ListItem","position":1,"name":"Home","item":"https:\/\/www.skamet.ee\/lv\/"},{"@type":"ListItem","position":2,"name":"JuA"}]},{"@type":"WebSite","@id":"https:\/\/www.skamet.ee\/#website","url":"https:\/\/www.skamet.ee\/","name":"Skamet O\u00dc","description":"Efektiivsed puuk\u00fcttega saunaahjud Eesti tootjalt","publisher":{"@id":"https:\/\/www.skamet.ee\/#organization"},"potentialAction":[{"@type":"SearchAction","target":{"@type":"EntryPoint","urlTemplate":"https:\/\/www.skamet.ee\/?s={search_term_string}"},"query-input":{"@type":"PropertyValueSpecification","valueRequired":true,"valueName":"search_term_string"}}],"inLanguage":"lv-LV"},{"@type":"Organization","@id":"https:\/\/www.skamet.ee\/#organization","name":"Skamet","url":"https:\/\/www.skamet.ee\/","logo":{"@type":"ImageObject","inLanguage":"lv-LV","@id":"https:\/\/www.skamet.ee\/#\/schema\/logo\/image\/","url":"https:\/\/www.skamet.ee\/wp-content\/uploads\/2015\/05\/logo-uus.png","contentUrl":"https:\/\/www.skamet.ee\/wp-content\/uploads\/2015\/05\/logo-uus.png","width":300,"height":127,"caption":"Skamet"},"image":{"@id":"https:\/\/www.skamet.ee\/#\/schema\/logo\/image\/"}}]}},"_links":{"self":[{"href":"https:\/\/www.skamet.ee\/lv\/wp-json\/wp\/v2\/pages\/2734","targetHints":{"allow":["GET"]}}],"collection":[{"href":"https:\/\/www.skamet.ee\/lv\/wp-json\/wp\/v2\/pages"}],"about":[{"href":"https:\/\/www.skamet.ee\/lv\/wp-json\/wp\/v2\/types\/page"}],"author":[{"embeddable":true,"href":"https:\/\/www.skamet.ee\/lv\/wp-json\/wp\/v2\/users\/2"}],"replies":[{"embeddable":true,"href":"https:\/\/www.skamet.ee\/lv\/wp-json\/wp\/v2\/comments?post=2734"}],"version-history":[{"count":4,"href":"https:\/\/www.skamet.ee\/lv\/wp-json\/wp\/v2\/pages\/2734\/revisions"}],"predecessor-version":[{"id":41846,"href":"https:\/\/www.skamet.ee\/lv\/wp-json\/wp\/v2\/pages\/2734\/revisions\/41846"}],"wp:attachment":[{"href":"https:\/\/www.skamet.ee\/lv\/wp-json\/wp\/v2\/media?parent=2734"}],"curies":[{"name":"wp","href":"https:\/\/api.w.org\/{rel}","templated":true}]}}