{"id":43228,"date":"2022-12-13T11:08:27","date_gmt":"2022-12-13T09:08:27","guid":{"rendered":"https:\/\/www.skamet.ee\/par-uznemumu-2\/"},"modified":"2022-12-13T11:08:27","modified_gmt":"2022-12-13T09:08:27","slug":"par-uznemumu-2","status":"publish","type":"page","link":"https:\/\/www.skamet.ee\/lv\/par-uznemumu-2\/","title":{"rendered":"Par uz\u0146\u0113mumu"},"content":{"rendered":"<p>O\u00dc Skamet tika dibin\u0101ts 2006. gada janv\u0101ri, kad tika nopirkts ilgi str\u0101d\u0101jo\u0161ais met\u0101lizstr\u0101d\u0101jumu ra\u017eot\u0101juz\u0146\u0113mums H\u00e4rma Metall O\u00dc. Tika turpin\u0101ta ra\u017eo\u0161ana un tirdzniec\u012bba. Tika ra\u017eotas pirts kr\u0101snis (malkas) ar pl\u0101k\u0161\u0146u met\u0101la apvalku, boileri un d\u016bmvadu caurules. \u0160obr\u012bd, uz\u0146\u0113muma pamat\u0101 ir pa\u0161u kapit\u0101ls.<br \/>\nRa\u017eo\u0161anas \u0113kas atrodas Savi iel\u0101 9, Pjarnu. Uz\u0146\u0113muma pamatprodukcija ir: pirts kr\u0101snis (met\u0101la un re\u017e\u0123a korpusos), boileri un d\u016bmvadu caurules. Ilggad\u0113j\u0101s darb\u012bbas laik\u0101 tirg\u016b ir ien\u0101ku\u0161i jauni ra\u017eojumi: re\u017e\u0123a kr\u0101snis pirt\u012bm, k\u016bpin\u0101tavas, boileri no ner\u016bs\u0113jo\u0161a t\u0113rauda ar anodiem, b\u0101kas, boileri un malkas pl\u012btis. Liel\u0101ka da\u013ca no uz\u0146\u0113muma sara\u017eot\u0101s produkcijas tiek eksport\u0113ta. Galven\u0101s eksportvalstis \u2013 Latvija, Lietuva, V\u0101cija.<br \/>\nProdukcija tika eksport\u0113ta ar\u012b uz t\u0101d\u0101m valst\u012bm k\u0101 Be\u013c\u0123ija, Somija, Kan\u0101da, Polija, Austr\u0101lija un \u0160veice. 2010. gad\u0101 tika uzs\u0101kta sadarb\u012bba ar Somijas uz\u0146\u0113mumu Etel\u00e4-H\u00e4meen Metalli, kuram m\u0113s k\u0101 apak\u0161uz\u0146\u0113m\u0113ji veicam da\u017e\u0101dus ar met\u0101lapstr\u0101di saist\u012btus darbus.<\/p>\n","protected":false},"excerpt":{"rendered":"<p>O\u00dc Skamet tika dibin\u0101ts 2006. gada janv\u0101ri, kad tika nopirkts ilgi str\u0101d\u0101jo\u0161ais met\u0101lizstr\u0101d\u0101jumu ra\u017eot\u0101juz\u0146\u0113mums H\u00e4rma Metall O\u00dc. Tika turpin\u0101ta ra\u017eo\u0161ana<\/p>\n","protected":false},"author":2,"featured_media":0,"parent":0,"menu_order":0,"comment_status":"closed","ping_status":"closed","template":"","meta":{"_lmt_disableupdate":"","_lmt_disable":"","footnotes":""},"class_list":["post-43228","page","type-page","status-publish","hentry"],"yoast_head":"<!-- This site is optimized with the Yoast SEO plugin v27.0 - https:\/\/yoast.com\/product\/yoast-seo-wordpress\/ -->\n<title>Par uz\u0146\u0113mumu - Skamet<\/title>\n<meta name=\"robots\" content=\"index, follow, max-snippet:-1, max-image-preview:large, max-video-preview:-1\" \/>\n<link rel=\"canonical\" href=\"https:\/\/www.skamet.ee\/par-uznemumu-2\/\" \/>\n<meta property=\"og:locale\" content=\"lv_LV\" \/>\n<meta property=\"og:type\" content=\"article\" \/>\n<meta property=\"og:title\" content=\"Par uz\u0146\u0113mumu - Skamet\" \/>\n<meta property=\"og:description\" content=\"O\u00dc Skamet tika dibin\u0101ts 2006. gada janv\u0101ri, kad tika nopirkts ilgi str\u0101d\u0101jo\u0161ais met\u0101lizstr\u0101d\u0101jumu ra\u017eot\u0101juz\u0146\u0113mums H\u00e4rma Metall O\u00dc. Tika turpin\u0101ta ra\u017eo\u0161ana\" \/>\n<meta property=\"og:url\" content=\"https:\/\/www.skamet.ee\/par-uznemumu-2\/\" \/>\n<meta property=\"og:site_name\" content=\"Skamet\" \/>\n<meta name=\"twitter:card\" content=\"summary_large_image\" \/>\n<meta name=\"twitter:label1\" content=\"Est. reading time\" \/>\n\t<meta name=\"twitter:data1\" content=\"1 min\u016b\u0161u\" \/>\n<script type=\"application\/ld+json\" class=\"yoast-schema-graph\">{\"@context\":\"https:\/\/schema.org\",\"@graph\":[{\"@type\":\"WebPage\",\"@id\":\"https:\/\/www.skamet.ee\/par-uznemumu-2\/\",\"url\":\"https:\/\/www.skamet.ee\/par-uznemumu-2\/\",\"name\":\"Par uz\u0146\u0113mumu - Skamet\",\"isPartOf\":{\"@id\":\"https:\/\/www.skamet.ee\/#website\"},\"datePublished\":\"2022-12-13T09:08:27+00:00\",\"breadcrumb\":{\"@id\":\"https:\/\/www.skamet.ee\/par-uznemumu-2\/#breadcrumb\"},\"inLanguage\":\"lv-LV\",\"potentialAction\":[{\"@type\":\"ReadAction\",\"target\":[\"https:\/\/www.skamet.ee\/par-uznemumu-2\/\"]}]},{\"@type\":\"BreadcrumbList\",\"@id\":\"https:\/\/www.skamet.ee\/par-uznemumu-2\/#breadcrumb\",\"itemListElement\":[{\"@type\":\"ListItem\",\"position\":1,\"name\":\"Home\",\"item\":\"https:\/\/www.skamet.ee\/lv\/\"},{\"@type\":\"ListItem\",\"position\":2,\"name\":\"Par uz\u0146\u0113mumu\"}]},{\"@type\":\"WebSite\",\"@id\":\"https:\/\/www.skamet.ee\/#website\",\"url\":\"https:\/\/www.skamet.ee\/\",\"name\":\"Skamet O\u00dc\",\"description\":\"Efektiivsed puuk\u00fcttega saunaahjud Eesti tootjalt\",\"publisher\":{\"@id\":\"https:\/\/www.skamet.ee\/#organization\"},\"potentialAction\":[{\"@type\":\"SearchAction\",\"target\":{\"@type\":\"EntryPoint\",\"urlTemplate\":\"https:\/\/www.skamet.ee\/?s={search_term_string}\"},\"query-input\":{\"@type\":\"PropertyValueSpecification\",\"valueRequired\":true,\"valueName\":\"search_term_string\"}}],\"inLanguage\":\"lv-LV\"},{\"@type\":\"Organization\",\"@id\":\"https:\/\/www.skamet.ee\/#organization\",\"name\":\"Skamet\",\"url\":\"https:\/\/www.skamet.ee\/\",\"logo\":{\"@type\":\"ImageObject\",\"inLanguage\":\"lv-LV\",\"@id\":\"https:\/\/www.skamet.ee\/#\/schema\/logo\/image\/\",\"url\":\"https:\/\/www.skamet.ee\/wp-content\/uploads\/2015\/05\/logo-uus.png\",\"contentUrl\":\"https:\/\/www.skamet.ee\/wp-content\/uploads\/2015\/05\/logo-uus.png\",\"width\":300,\"height\":127,\"caption\":\"Skamet\"},\"image\":{\"@id\":\"https:\/\/www.skamet.ee\/#\/schema\/logo\/image\/\"}}]}<\/script>\n<!-- \/ Yoast SEO plugin. -->","yoast_head_json":{"title":"Par uz\u0146\u0113mumu - Skamet","robots":{"index":"index","follow":"follow","max-snippet":"max-snippet:-1","max-image-preview":"max-image-preview:large","max-video-preview":"max-video-preview:-1"},"canonical":"https:\/\/www.skamet.ee\/par-uznemumu-2\/","og_locale":"lv_LV","og_type":"article","og_title":"Par uz\u0146\u0113mumu - Skamet","og_description":"O\u00dc Skamet tika dibin\u0101ts 2006. gada janv\u0101ri, kad tika nopirkts ilgi str\u0101d\u0101jo\u0161ais met\u0101lizstr\u0101d\u0101jumu ra\u017eot\u0101juz\u0146\u0113mums H\u00e4rma Metall O\u00dc. Tika turpin\u0101ta ra\u017eo\u0161ana","og_url":"https:\/\/www.skamet.ee\/par-uznemumu-2\/","og_site_name":"Skamet","twitter_card":"summary_large_image","twitter_misc":{"Est. reading time":"1 min\u016b\u0161u"},"schema":{"@context":"https:\/\/schema.org","@graph":[{"@type":"WebPage","@id":"https:\/\/www.skamet.ee\/par-uznemumu-2\/","url":"https:\/\/www.skamet.ee\/par-uznemumu-2\/","name":"Par uz\u0146\u0113mumu - Skamet","isPartOf":{"@id":"https:\/\/www.skamet.ee\/#website"},"datePublished":"2022-12-13T09:08:27+00:00","breadcrumb":{"@id":"https:\/\/www.skamet.ee\/par-uznemumu-2\/#breadcrumb"},"inLanguage":"lv-LV","potentialAction":[{"@type":"ReadAction","target":["https:\/\/www.skamet.ee\/par-uznemumu-2\/"]}]},{"@type":"BreadcrumbList","@id":"https:\/\/www.skamet.ee\/par-uznemumu-2\/#breadcrumb","itemListElement":[{"@type":"ListItem","position":1,"name":"Home","item":"https:\/\/www.skamet.ee\/lv\/"},{"@type":"ListItem","position":2,"name":"Par uz\u0146\u0113mumu"}]},{"@type":"WebSite","@id":"https:\/\/www.skamet.ee\/#website","url":"https:\/\/www.skamet.ee\/","name":"Skamet O\u00dc","description":"Efektiivsed puuk\u00fcttega saunaahjud Eesti tootjalt","publisher":{"@id":"https:\/\/www.skamet.ee\/#organization"},"potentialAction":[{"@type":"SearchAction","target":{"@type":"EntryPoint","urlTemplate":"https:\/\/www.skamet.ee\/?s={search_term_string}"},"query-input":{"@type":"PropertyValueSpecification","valueRequired":true,"valueName":"search_term_string"}}],"inLanguage":"lv-LV"},{"@type":"Organization","@id":"https:\/\/www.skamet.ee\/#organization","name":"Skamet","url":"https:\/\/www.skamet.ee\/","logo":{"@type":"ImageObject","inLanguage":"lv-LV","@id":"https:\/\/www.skamet.ee\/#\/schema\/logo\/image\/","url":"https:\/\/www.skamet.ee\/wp-content\/uploads\/2015\/05\/logo-uus.png","contentUrl":"https:\/\/www.skamet.ee\/wp-content\/uploads\/2015\/05\/logo-uus.png","width":300,"height":127,"caption":"Skamet"},"image":{"@id":"https:\/\/www.skamet.ee\/#\/schema\/logo\/image\/"}}]}},"_links":{"self":[{"href":"https:\/\/www.skamet.ee\/lv\/wp-json\/wp\/v2\/pages\/43228","targetHints":{"allow":["GET"]}}],"collection":[{"href":"https:\/\/www.skamet.ee\/lv\/wp-json\/wp\/v2\/pages"}],"about":[{"href":"https:\/\/www.skamet.ee\/lv\/wp-json\/wp\/v2\/types\/page"}],"author":[{"embeddable":true,"href":"https:\/\/www.skamet.ee\/lv\/wp-json\/wp\/v2\/users\/2"}],"replies":[{"embeddable":true,"href":"https:\/\/www.skamet.ee\/lv\/wp-json\/wp\/v2\/comments?post=43228"}],"version-history":[{"count":0,"href":"https:\/\/www.skamet.ee\/lv\/wp-json\/wp\/v2\/pages\/43228\/revisions"}],"wp:attachment":[{"href":"https:\/\/www.skamet.ee\/lv\/wp-json\/wp\/v2\/media?parent=43228"}],"curies":[{"name":"wp","href":"https:\/\/api.w.org\/{rel}","templated":true}]}}