{"id":41067,"date":"2021-05-06T15:29:35","date_gmt":"2021-05-06T12:29:35","guid":{"rendered":"https:\/\/uus.skamet.ee\/?post_type=product&#038;p=41067"},"modified":"2021-05-19T08:31:33","modified_gmt":"2021-05-19T05:31:33","slug":"aprikojums-pirts-krasnim","status":"publish","type":"product","link":"https:\/\/www.skamet.ee\/lv\/tooted\/aprikojums-pirts-krasnim\/","title":{"rendered":"Apr\u012bkojums pirts kr\u0101sn\u012bm"},"content":{"rendered":"<div class=\"dywp-alert grey\">D\u016bmvada caurules re\u017e\u0123is<\/div>\n<p>D\u016bmvadu cauru\u013cu re\u017e\u0123i tiek uzst\u0101d\u012bti ap cauruli pirms pa\u0161as d\u016bmvadu caurules uzst\u0101d\u012b\u0161anas. Iesp\u0113jams pas\u016bt\u012bt no\u0146emamus re\u017e\u0123us. K\u0101 ar\u012b, veidojam re\u017e\u0123us p\u0113c pas\u016bt\u012bjuma: apa\u013ci, kvadr\u0101tveida ai klienta izv\u0113l\u0113tas formas re\u017e\u0123i<\/p>\n<p>&nbsp;<\/p>\n<div id=\"gallery-1\" class=\"gallery galleryid-2694 gallery-columns-5 gallery-size-thumbnail\">\n<dl class=\"gallery-item\">\n<dt class=\"gallery-icon portrait\"><a class=\"lightbox\" href=\"https:\/\/skamet.ee\/wp-content\/uploads\/2013\/04\/V-700.png\" rel=\"photogroup\" data-slb-active=\"1\" data-slb-asset=\"567608856\" data-slb-internal=\"0\" data-slb-group=\"2694_auto_1\"><img loading=\"lazy\" decoding=\"async\" class=\"attachment-thumbnail size-thumbnail\" src=\"https:\/\/skamet.ee\/wp-content\/uploads\/2013\/04\/V-700-150x150.png\" sizes=\"auto, (max-width: 150px) 100vw, 150px\" srcset=\"https:\/\/skamet.ee\/wp-content\/uploads\/2013\/04\/V-700-150x150.png 150w, https:\/\/skamet.ee\/wp-content\/uploads\/2013\/04\/V-700-40x40.png 40w, https:\/\/skamet.ee\/wp-content\/uploads\/2013\/04\/V-700-85x85.png 85w, https:\/\/skamet.ee\/wp-content\/uploads\/2013\/04\/V-700-60x60.png 60w, https:\/\/skamet.ee\/wp-content\/uploads\/2013\/04\/V-700-208x208.png 208w\" alt=\"\" width=\"150\" height=\"150\" \/><\/a><\/dt>\n<\/dl>\n<\/div>\n<p>&nbsp;<\/p>\n<table border=\"0\">\n<tbody>\n<tr>\n<td><\/td>\n<td><strong>Standarta parametri (V-250 \u2013 V-800):<br \/>\n<\/strong>\u00bb diametrs 250 mm;<br \/>\n\u00bb da\u017e\u0101di augstumi: 250-800 mm;<br \/>\n\u00bb nav no\u0146emami.<\/td>\n<\/tr>\n<\/tbody>\n<\/table>\n<div><\/div>\n<div class=\"dywp-alert grey\">Dekorat\u012bv\u0101s pl\u0101ksnes<\/div>\n<p>Ir iesp\u0113jams ieg\u0101d\u0101ties dekorat\u012bv\u0101s pl\u0101ksnes. Dekorat\u012bv\u0101s pl\u0101ksnes iet caur sien\u0101m no vienas telpas uz otru. Ir iesp\u0113jams pas\u016bt\u012bt no\u0146emamus re\u017e\u0123us. K\u0101 ar\u012b, veidojam re\u017e\u0123us p\u0113c pas\u016bt\u012bjuma: apa\u013ci, kvadr\u0101tveida ai klienta izv\u0113l\u0113tas formas re\u017e\u0123i<\/p>\n<p>&nbsp;<\/p>\n<div id=\"gallery-2\" class=\"gallery galleryid-2694 gallery-columns-6 gallery-size-thumbnail\">\n<dl class=\"gallery-item\">\n<dt class=\"gallery-icon landscape\"><a class=\"lightbox\" href=\"https:\/\/skamet.ee\/wp-content\/uploads\/2013\/04\/ILU-330.jpg\" rel=\"photogroup\" data-slb-active=\"1\" data-slb-asset=\"1579642907\" data-slb-internal=\"0\" data-slb-group=\"2694_auto_2\"><img loading=\"lazy\" decoding=\"async\" class=\"attachment-thumbnail size-thumbnail\" src=\"https:\/\/skamet.ee\/wp-content\/uploads\/2013\/04\/ILU-330-150x150.jpg\" sizes=\"auto, (max-width: 150px) 100vw, 150px\" srcset=\"https:\/\/skamet.ee\/wp-content\/uploads\/2013\/04\/ILU-330-150x150.jpg 150w, https:\/\/skamet.ee\/wp-content\/uploads\/2013\/04\/ILU-330-40x40.jpg 40w, https:\/\/skamet.ee\/wp-content\/uploads\/2013\/04\/ILU-330-85x85.jpg 85w, https:\/\/skamet.ee\/wp-content\/uploads\/2013\/04\/ILU-330-60x60.jpg 60w, https:\/\/skamet.ee\/wp-content\/uploads\/2013\/04\/ILU-330-208x208.jpg 208w\" alt=\"\" width=\"150\" height=\"150\" \/><\/a><\/dt>\n<\/dl>\n<dl class=\"gallery-item\">\n<dt class=\"gallery-icon landscape\"><a class=\"lightbox\" href=\"https:\/\/skamet.ee\/wp-content\/uploads\/2013\/04\/ILU-330-RV.jpg\" rel=\"photogroup\" data-slb-active=\"1\" data-slb-asset=\"877321028\" data-slb-internal=\"0\" data-slb-group=\"2694_auto_2\"><img loading=\"lazy\" decoding=\"async\" class=\"attachment-thumbnail size-thumbnail\" src=\"https:\/\/skamet.ee\/wp-content\/uploads\/2013\/04\/ILU-330-RV-150x150.jpg\" sizes=\"auto, (max-width: 150px) 100vw, 150px\" srcset=\"https:\/\/skamet.ee\/wp-content\/uploads\/2013\/04\/ILU-330-RV-150x150.jpg 150w, https:\/\/skamet.ee\/wp-content\/uploads\/2013\/04\/ILU-330-RV-40x40.jpg 40w, https:\/\/skamet.ee\/wp-content\/uploads\/2013\/04\/ILU-330-RV-85x85.jpg 85w, https:\/\/skamet.ee\/wp-content\/uploads\/2013\/04\/ILU-330-RV-60x60.jpg 60w, https:\/\/skamet.ee\/wp-content\/uploads\/2013\/04\/ILU-330-RV-208x208.jpg 208w\" alt=\"\" width=\"150\" height=\"150\" \/><\/a><\/dt>\n<\/dl>\n<dl class=\"gallery-item\">\n<dt class=\"gallery-icon landscape\"><a class=\"lightbox\" href=\"https:\/\/skamet.ee\/wp-content\/uploads\/2013\/04\/ILU-230.jpg\" rel=\"photogroup\" data-slb-active=\"1\" data-slb-asset=\"1844654421\" data-slb-internal=\"0\" data-slb-group=\"2694_auto_2\"><img loading=\"lazy\" decoding=\"async\" class=\"attachment-thumbnail size-thumbnail\" src=\"https:\/\/skamet.ee\/wp-content\/uploads\/2013\/04\/ILU-230-150x150.jpg\" sizes=\"auto, (max-width: 150px) 100vw, 150px\" srcset=\"https:\/\/skamet.ee\/wp-content\/uploads\/2013\/04\/ILU-230-150x150.jpg 150w, https:\/\/skamet.ee\/wp-content\/uploads\/2013\/04\/ILU-230-40x40.jpg 40w, https:\/\/skamet.ee\/wp-content\/uploads\/2013\/04\/ILU-230-85x85.jpg 85w, https:\/\/skamet.ee\/wp-content\/uploads\/2013\/04\/ILU-230-60x60.jpg 60w, https:\/\/skamet.ee\/wp-content\/uploads\/2013\/04\/ILU-230-208x208.jpg 208w\" alt=\"\" width=\"150\" height=\"150\" \/><\/a><\/dt>\n<\/dl>\n<dl class=\"gallery-item\">\n<dt class=\"gallery-icon landscape\"><a class=\"lightbox\" href=\"https:\/\/skamet.ee\/wp-content\/uploads\/2013\/04\/ILU-230-RV.jpg\" rel=\"photogroup\" data-slb-active=\"1\" data-slb-asset=\"407597207\" data-slb-internal=\"0\" data-slb-group=\"2694_auto_2\"><img loading=\"lazy\" decoding=\"async\" class=\"attachment-thumbnail size-thumbnail\" src=\"https:\/\/skamet.ee\/wp-content\/uploads\/2013\/04\/ILU-230-RV-150x150.jpg\" sizes=\"auto, (max-width: 150px) 100vw, 150px\" srcset=\"https:\/\/skamet.ee\/wp-content\/uploads\/2013\/04\/ILU-230-RV-150x150.jpg 150w, https:\/\/skamet.ee\/wp-content\/uploads\/2013\/04\/ILU-230-RV-40x40.jpg 40w, https:\/\/skamet.ee\/wp-content\/uploads\/2013\/04\/ILU-230-RV-85x85.jpg 85w, https:\/\/skamet.ee\/wp-content\/uploads\/2013\/04\/ILU-230-RV-60x60.jpg 60w, https:\/\/skamet.ee\/wp-content\/uploads\/2013\/04\/ILU-230-RV-208x208.jpg 208w\" alt=\"\" width=\"150\" height=\"150\" \/><\/a><\/dt>\n<\/dl>\n<dl class=\"gallery-item\">\n<dt class=\"gallery-icon landscape\"><a class=\"lightbox\" href=\"https:\/\/skamet.ee\/wp-content\/uploads\/2013\/04\/ILU-200.jpg\" rel=\"photogroup\" data-slb-active=\"1\" data-slb-asset=\"1523406742\" data-slb-internal=\"0\" data-slb-group=\"2694_auto_2\"><img loading=\"lazy\" decoding=\"async\" class=\"attachment-thumbnail size-thumbnail\" src=\"https:\/\/skamet.ee\/wp-content\/uploads\/2013\/04\/ILU-200-150x150.jpg\" sizes=\"auto, (max-width: 150px) 100vw, 150px\" srcset=\"https:\/\/skamet.ee\/wp-content\/uploads\/2013\/04\/ILU-200-150x150.jpg 150w, https:\/\/skamet.ee\/wp-content\/uploads\/2013\/04\/ILU-200-40x40.jpg 40w, https:\/\/skamet.ee\/wp-content\/uploads\/2013\/04\/ILU-200-85x85.jpg 85w, https:\/\/skamet.ee\/wp-content\/uploads\/2013\/04\/ILU-200-60x60.jpg 60w, https:\/\/skamet.ee\/wp-content\/uploads\/2013\/04\/ILU-200-208x208.jpg 208w\" alt=\"\" width=\"150\" height=\"150\" \/><\/a><\/dt>\n<\/dl>\n<dl class=\"gallery-item\">\n<dt class=\"gallery-icon landscape\"><a class=\"lightbox\" href=\"https:\/\/skamet.ee\/wp-content\/uploads\/2013\/04\/ILU-200-RV.jpg\" rel=\"photogroup\" data-slb-active=\"1\" data-slb-asset=\"609293116\" data-slb-internal=\"0\" data-slb-group=\"2694_auto_2\"><img loading=\"lazy\" decoding=\"async\" class=\"attachment-thumbnail size-thumbnail\" src=\"https:\/\/skamet.ee\/wp-content\/uploads\/2013\/04\/ILU-200-RV-150x150.jpg\" sizes=\"auto, (max-width: 150px) 100vw, 150px\" srcset=\"https:\/\/skamet.ee\/wp-content\/uploads\/2013\/04\/ILU-200-RV-150x150.jpg 150w, https:\/\/skamet.ee\/wp-content\/uploads\/2013\/04\/ILU-200-RV-40x40.jpg 40w, https:\/\/skamet.ee\/wp-content\/uploads\/2013\/04\/ILU-200-RV-85x85.jpg 85w, https:\/\/skamet.ee\/wp-content\/uploads\/2013\/04\/ILU-200-RV-60x60.jpg 60w, https:\/\/skamet.ee\/wp-content\/uploads\/2013\/04\/ILU-200-RV-208x208.jpg 208w\" alt=\"\" width=\"150\" height=\"150\" \/><\/a><\/dt>\n<\/dl>\n<\/div>\n<p>&nbsp;<\/p>\n<table border=\"0\">\n<tbody>\n<tr>\n<td><\/td>\n<td><strong>Standarta izstr\u0101d\u0101jumu parametri:<br \/>\n<\/strong>\u00bb No parast\u0101 vai ner\u016bs\u0113jo\u0161\u0101 t\u0113rauda;<br \/>\n\u00bb malas platums 50 mm;<br \/>\n\u00bb mazas durti\u0146as\u00a0 (23\u00d723 cm): ILU-230 vai ILU-230 RV;<br \/>\n\u00bb lielas durti\u0146as (33\u00d733 cm): ILU-230 vai ILU-230 RV.<\/td>\n<\/tr>\n<\/tbody>\n<\/table>\n<p>&nbsp;<\/p>\n<div class=\"dywp-alert grey\">Dekorat\u012bva pl\u0101ksne d\u016bmvada caurulei<\/div>\n<p>&nbsp;<\/p>\n<div id=\"gallery-3\" class=\"gallery galleryid-2694 gallery-columns-5 gallery-size-thumbnail\">\n<dl class=\"gallery-item\">\n<dt class=\"gallery-icon portrait\"><a class=\"lightbox\" href=\"https:\/\/skamet.ee\/wp-content\/uploads\/2012\/12\/IL-115.png\" rel=\"photogroup\" data-slb-active=\"1\" data-slb-asset=\"962989146\" data-slb-internal=\"0\" data-slb-group=\"2694_auto_3\"><img loading=\"lazy\" decoding=\"async\" class=\"attachment-thumbnail size-thumbnail\" src=\"https:\/\/skamet.ee\/wp-content\/uploads\/2012\/12\/IL-115-150x150.png\" sizes=\"auto, (max-width: 150px) 100vw, 150px\" srcset=\"https:\/\/skamet.ee\/wp-content\/uploads\/2012\/12\/IL-115-150x150.png 150w, https:\/\/skamet.ee\/wp-content\/uploads\/2012\/12\/IL-115-40x40.png 40w, https:\/\/skamet.ee\/wp-content\/uploads\/2012\/12\/IL-115-85x85.png 85w, https:\/\/skamet.ee\/wp-content\/uploads\/2012\/12\/IL-115-60x60.png 60w, https:\/\/skamet.ee\/wp-content\/uploads\/2012\/12\/IL-115-208x208.png 208w\" alt=\"\" width=\"150\" height=\"150\" \/><\/a><\/dt>\n<\/dl>\n<dl class=\"gallery-item\">\n<dt class=\"gallery-icon landscape\"><a class=\"lightbox\" href=\"https:\/\/skamet.ee\/wp-content\/uploads\/2012\/12\/IL-115-2.png\" rel=\"photogroup\" data-slb-active=\"1\" data-slb-asset=\"1590270167\" data-slb-internal=\"0\" data-slb-group=\"2694_auto_3\"><img loading=\"lazy\" decoding=\"async\" class=\"attachment-thumbnail size-thumbnail\" src=\"https:\/\/skamet.ee\/wp-content\/uploads\/2012\/12\/IL-115-2-150x150.png\" sizes=\"auto, (max-width: 150px) 100vw, 150px\" srcset=\"https:\/\/skamet.ee\/wp-content\/uploads\/2012\/12\/IL-115-2-150x150.png 150w, https:\/\/skamet.ee\/wp-content\/uploads\/2012\/12\/IL-115-2-40x40.png 40w, https:\/\/skamet.ee\/wp-content\/uploads\/2012\/12\/IL-115-2-85x85.png 85w, https:\/\/skamet.ee\/wp-content\/uploads\/2012\/12\/IL-115-2-60x60.png 60w, https:\/\/skamet.ee\/wp-content\/uploads\/2012\/12\/IL-115-2-208x208.png 208w\" alt=\"\" width=\"150\" height=\"150\" \/><\/a><\/dt>\n<\/dl>\n<\/div>\n<p>&nbsp;<\/p>\n<p><strong>Iesp\u0113jas:<\/strong><br \/>\n\u00bb No auksti velm\u0113ta met\u0101la<br \/>\n\u00bb D\u016bmvada caurulei 115 mm un 120 mm dekorat\u012bv\u0101s, pres\u0113t\u0101s (ar apmali) pl\u0101ksnes, citiem izm\u0113riem griezt\u0101s pl\u0101ksnes (plakan\u0101s)<br \/>\n\u00bb Apmales platums 50 mm (vajadz\u012bbas gad\u012bjum\u0101 var veidot plat\u0101ku)<br \/>\n\u00bb Ir iesp\u0113jams veidot \u010detrst\u016brainas<br \/>\n\u00bb P\u0113c pas\u016bt\u012bjuma (IL-115; IL-120; IL-160; IL-180; IL-200)<\/p>\n<div class=\"dywp-alert grey\">Atv\u0113rt\u0101 tvertne \u016bdenim ap d\u016bmvada cauruli<\/div>\n<p><strong>Tiek ra\u017eota viena izm\u0113ra karst\u0101 \u016bdens tvertne:<\/strong><\/p>\n<table border=\"0\">\n<tbody>\n<tr>\n<td><\/td>\n<td>Atv\u0113rt\u0101 tvertne \u016bdens sild\u012b\u0161anai \u2013 tas ir rezervu\u0101rs, kas ir izvietots ap d\u016bmvadu, kur\u0101 tiek sild\u012bts \u016bdens pirts telpai. Uzkarsu\u0161ais kr\u0101sns d\u016bmvads uzsilda \u016bdeni kr\u0101sns kurin\u0101\u0161anas laik\u0101. Ir iesp\u0113jams ieg\u0101d\u0101ties tvertnes p\u0113c pas\u016bt\u012bjuma. Papildus inform\u0101cija ir nor\u0101d\u012bta lieto\u0161anas\u00a0<strong>instrukcij\u0101<\/strong><\/td>\n<\/tr>\n<\/tbody>\n<\/table>\n<p>&nbsp;<\/p>\n<div id=\"gallery-4\" class=\"gallery galleryid-2694 gallery-columns-5 gallery-size-thumbnail\">\n<dl class=\"gallery-item\">\n<dt class=\"gallery-icon portrait\"><a class=\"lightbox\" href=\"https:\/\/skamet.ee\/wp-content\/uploads\/2013\/04\/IMG_20140220_101619_clipped_rev_1.png\" rel=\"photogroup\" data-slb-active=\"1\" data-slb-asset=\"208446235\" data-slb-internal=\"0\" data-slb-group=\"2694_auto_4\"><img loading=\"lazy\" decoding=\"async\" class=\"attachment-thumbnail size-thumbnail\" src=\"https:\/\/skamet.ee\/wp-content\/uploads\/2013\/04\/IMG_20140220_101619_clipped_rev_1-150x150.png\" sizes=\"auto, (max-width: 150px) 100vw, 150px\" srcset=\"https:\/\/skamet.ee\/wp-content\/uploads\/2013\/04\/IMG_20140220_101619_clipped_rev_1-150x150.png 150w, https:\/\/skamet.ee\/wp-content\/uploads\/2013\/04\/IMG_20140220_101619_clipped_rev_1-40x40.png 40w, https:\/\/skamet.ee\/wp-content\/uploads\/2013\/04\/IMG_20140220_101619_clipped_rev_1-85x85.png 85w, https:\/\/skamet.ee\/wp-content\/uploads\/2013\/04\/IMG_20140220_101619_clipped_rev_1-60x60.png 60w, https:\/\/skamet.ee\/wp-content\/uploads\/2013\/04\/IMG_20140220_101619_clipped_rev_1-208x208.png 208w\" alt=\"\" width=\"150\" height=\"150\" \/><\/a><\/dt>\n<\/dl>\n<dl class=\"gallery-item\">\n<dt class=\"gallery-icon portrait\"><a class=\"lightbox\" href=\"https:\/\/skamet.ee\/wp-content\/uploads\/2013\/04\/IMG_20140220_101637_clipped_rev_1.png\" rel=\"photogroup\" data-slb-active=\"1\" data-slb-asset=\"1285906068\" data-slb-internal=\"0\" data-slb-group=\"2694_auto_4\"><img loading=\"lazy\" decoding=\"async\" class=\"attachment-thumbnail size-thumbnail\" src=\"https:\/\/skamet.ee\/wp-content\/uploads\/2013\/04\/IMG_20140220_101637_clipped_rev_1-150x150.png\" sizes=\"auto, (max-width: 150px) 100vw, 150px\" srcset=\"https:\/\/skamet.ee\/wp-content\/uploads\/2013\/04\/IMG_20140220_101637_clipped_rev_1-150x150.png 150w, https:\/\/skamet.ee\/wp-content\/uploads\/2013\/04\/IMG_20140220_101637_clipped_rev_1-40x40.png 40w, https:\/\/skamet.ee\/wp-content\/uploads\/2013\/04\/IMG_20140220_101637_clipped_rev_1-85x85.png 85w, https:\/\/skamet.ee\/wp-content\/uploads\/2013\/04\/IMG_20140220_101637_clipped_rev_1-60x60.png 60w, https:\/\/skamet.ee\/wp-content\/uploads\/2013\/04\/IMG_20140220_101637_clipped_rev_1-208x208.png 208w\" alt=\"\" width=\"150\" height=\"150\" \/><\/a><\/dt>\n<\/dl>\n<dl class=\"gallery-item\">\n<dt class=\"gallery-icon portrait\"><a class=\"lightbox\" href=\"https:\/\/skamet.ee\/wp-content\/uploads\/2013\/04\/BOT-22-RV.png\" rel=\"photogroup\" data-slb-active=\"1\" data-slb-asset=\"537803486\" data-slb-internal=\"0\" data-slb-group=\"2694_auto_4\"><img loading=\"lazy\" decoding=\"async\" class=\"attachment-thumbnail size-thumbnail\" src=\"https:\/\/skamet.ee\/wp-content\/uploads\/2013\/04\/BOT-22-RV-150x150.png\" sizes=\"auto, (max-width: 150px) 100vw, 150px\" srcset=\"https:\/\/skamet.ee\/wp-content\/uploads\/2013\/04\/BOT-22-RV-150x150.png 150w, https:\/\/skamet.ee\/wp-content\/uploads\/2013\/04\/BOT-22-RV-40x40.png 40w, https:\/\/skamet.ee\/wp-content\/uploads\/2013\/04\/BOT-22-RV-85x85.png 85w, https:\/\/skamet.ee\/wp-content\/uploads\/2013\/04\/BOT-22-RV-60x60.png 60w, https:\/\/skamet.ee\/wp-content\/uploads\/2013\/04\/BOT-22-RV-208x208.png 208w\" alt=\"\" width=\"150\" height=\"150\" \/><\/a><\/dt>\n<\/dl>\n<\/div>\n<p>&nbsp;<\/p>\n<table border=\"1\">\n<tbody>\n<tr>\n<td><strong>Standarta izstr\u0101d\u0101juma parametri:<\/strong><\/td>\n<td><strong>Papildus iesp\u0113jas:<\/strong><\/td>\n<\/tr>\n<tr>\n<td>\u00bb diametrs 30 cm, tilpums 25 litri;<br \/>\n\u00bb kop\u0113jais augstums kop\u0101 ar d\u016bmvadu 65 cm, b\u0101ka 41,5 cm;<br \/>\n\u00bb v\u0101ks;<br \/>\n\u00bb d\u016bmvada caurules iek\u0161\u0113jais diametrs 115 mm;<br \/>\n\u00bb viens \u00bd nipelis ar \u0101r\u0113jo v\u012btni.<\/td>\n<td>\u00bb liel\u0101ks vai maz\u0101ks tilpums;<br \/>\n\u00bb var veidot gar\u0101ku;<br \/>\n\u00bb var veidot \u010detrst\u016bra pl\u0101ksni;<br \/>\n\u00bb var veidot no ner\u016bs\u0113jo\u0161\u0101 t\u0113rauda.<\/td>\n<\/tr>\n<\/tbody>\n<\/table>\n","protected":false},"excerpt":{"rendered":"<p>D\u016bmvada caurules re\u017e\u0123is D\u016bmvadu cauru\u013cu re\u017e\u0123i tiek uzst\u0101d\u012bti ap cauruli pirms pa\u0161as d\u016bmvadu caurules uzst\u0101d\u012b\u0161anas. Iesp\u0113jams pas\u016bt\u012bt no\u0146emamus re\u017e\u0123us. K\u0101<\/p>\n","protected":false},"featured_media":39866,"template":"","meta":{"_lmt_disableupdate":"","_lmt_disable":""},"product_brand":[],"product_cat":[305,337],"product_tag":[],"class_list":{"0":"post-41067","1":"product","2":"type-product","3":"status-publish","4":"has-post-thumbnail","6":"product_cat-puukiuas","7":"product_cat-aprikojums-pirts-krasnim","9":"first","10":"instock","11":"shipping-taxable","12":"product-type-simple"},"yoast_head":"<!-- This site is optimized with the Yoast SEO plugin v27.0 - https:\/\/yoast.com\/product\/yoast-seo-wordpress\/ -->\n<title>Apr\u012bkojums pirts kr\u0101sn\u012bm - Skamet<\/title>\n<meta name=\"robots\" content=\"index, follow, max-snippet:-1, max-image-preview:large, max-video-preview:-1\" \/>\n<link rel=\"canonical\" href=\"https:\/\/www.skamet.ee\/lv\/tooted\/aprikojums-pirts-krasnim\/\" \/>\n<meta property=\"og:locale\" content=\"lv_LV\" \/>\n<meta property=\"og:type\" content=\"article\" \/>\n<meta property=\"og:title\" content=\"Apr\u012bkojums pirts kr\u0101sn\u012bm - Skamet\" \/>\n<meta property=\"og:description\" content=\"D\u016bmvada caurules re\u017e\u0123is D\u016bmvadu cauru\u013cu re\u017e\u0123i tiek uzst\u0101d\u012bti ap cauruli pirms pa\u0161as d\u016bmvadu caurules uzst\u0101d\u012b\u0161anas. Iesp\u0113jams pas\u016bt\u012bt no\u0146emamus re\u017e\u0123us. K\u0101\" \/>\n<meta property=\"og:url\" content=\"https:\/\/www.skamet.ee\/lv\/tooted\/aprikojums-pirts-krasnim\/\" \/>\n<meta property=\"og:site_name\" content=\"Skamet\" \/>\n<meta property=\"article:modified_time\" content=\"2021-05-19T05:31:33+00:00\" \/>\n<meta property=\"og:image\" content=\"https:\/\/www.skamet.ee\/wp-content\/uploads\/2021\/03\/IL-115.png\" \/>\n\t<meta property=\"og:image:width\" content=\"1024\" \/>\n\t<meta property=\"og:image:height\" content=\"1088\" \/>\n\t<meta property=\"og:image:type\" content=\"image\/png\" \/>\n<meta name=\"twitter:card\" content=\"summary_large_image\" \/>\n<meta name=\"twitter:label1\" content=\"Est. reading time\" \/>\n\t<meta name=\"twitter:data1\" content=\"4 min\u016btes\" \/>\n<script type=\"application\/ld+json\" class=\"yoast-schema-graph\">{\"@context\":\"https:\/\/schema.org\",\"@graph\":[{\"@type\":\"WebPage\",\"@id\":\"https:\/\/www.skamet.ee\/lv\/tooted\/aprikojums-pirts-krasnim\/\",\"url\":\"https:\/\/www.skamet.ee\/lv\/tooted\/aprikojums-pirts-krasnim\/\",\"name\":\"Apr\u012bkojums pirts kr\u0101sn\u012bm - Skamet\",\"isPartOf\":{\"@id\":\"https:\/\/www.skamet.ee\/#website\"},\"primaryImageOfPage\":{\"@id\":\"https:\/\/www.skamet.ee\/lv\/tooted\/aprikojums-pirts-krasnim\/#primaryimage\"},\"image\":{\"@id\":\"https:\/\/www.skamet.ee\/lv\/tooted\/aprikojums-pirts-krasnim\/#primaryimage\"},\"thumbnailUrl\":\"https:\/\/www.skamet.ee\/wp-content\/uploads\/2021\/03\/IL-115.png\",\"datePublished\":\"2021-05-06T12:29:35+00:00\",\"dateModified\":\"2021-05-19T05:31:33+00:00\",\"breadcrumb\":{\"@id\":\"https:\/\/www.skamet.ee\/lv\/tooted\/aprikojums-pirts-krasnim\/#breadcrumb\"},\"inLanguage\":\"lv-LV\",\"potentialAction\":[{\"@type\":\"ReadAction\",\"target\":[\"https:\/\/www.skamet.ee\/lv\/tooted\/aprikojums-pirts-krasnim\/\"]}]},{\"@type\":\"ImageObject\",\"inLanguage\":\"lv-LV\",\"@id\":\"https:\/\/www.skamet.ee\/lv\/tooted\/aprikojums-pirts-krasnim\/#primaryimage\",\"url\":\"https:\/\/www.skamet.ee\/wp-content\/uploads\/2021\/03\/IL-115.png\",\"contentUrl\":\"https:\/\/www.skamet.ee\/wp-content\/uploads\/2021\/03\/IL-115.png\",\"width\":1024,\"height\":1088,\"caption\":\"IL 115\"},{\"@type\":\"BreadcrumbList\",\"@id\":\"https:\/\/www.skamet.ee\/lv\/tooted\/aprikojums-pirts-krasnim\/#breadcrumb\",\"itemListElement\":[{\"@type\":\"ListItem\",\"position\":1,\"name\":\"Home\",\"item\":\"https:\/\/www.skamet.ee\/lv\/\"},{\"@type\":\"ListItem\",\"position\":2,\"name\":\"Produkti\",\"item\":\"https:\/\/www.skamet.ee\/lv\/shop-2\/\"},{\"@type\":\"ListItem\",\"position\":3,\"name\":\"Apr\u012bkojums pirts kr\u0101sn\u012bm\"}]},{\"@type\":\"WebSite\",\"@id\":\"https:\/\/www.skamet.ee\/#website\",\"url\":\"https:\/\/www.skamet.ee\/\",\"name\":\"Skamet O\u00dc\",\"description\":\"Efektiivsed puuk\u00fcttega saunaahjud Eesti tootjalt\",\"publisher\":{\"@id\":\"https:\/\/www.skamet.ee\/#organization\"},\"potentialAction\":[{\"@type\":\"SearchAction\",\"target\":{\"@type\":\"EntryPoint\",\"urlTemplate\":\"https:\/\/www.skamet.ee\/?s={search_term_string}\"},\"query-input\":{\"@type\":\"PropertyValueSpecification\",\"valueRequired\":true,\"valueName\":\"search_term_string\"}}],\"inLanguage\":\"lv-LV\"},{\"@type\":\"Organization\",\"@id\":\"https:\/\/www.skamet.ee\/#organization\",\"name\":\"Skamet\",\"url\":\"https:\/\/www.skamet.ee\/\",\"logo\":{\"@type\":\"ImageObject\",\"inLanguage\":\"lv-LV\",\"@id\":\"https:\/\/www.skamet.ee\/#\/schema\/logo\/image\/\",\"url\":\"https:\/\/www.skamet.ee\/wp-content\/uploads\/2015\/05\/logo-uus.png\",\"contentUrl\":\"https:\/\/www.skamet.ee\/wp-content\/uploads\/2015\/05\/logo-uus.png\",\"width\":300,\"height\":127,\"caption\":\"Skamet\"},\"image\":{\"@id\":\"https:\/\/www.skamet.ee\/#\/schema\/logo\/image\/\"}}]}<\/script>\n<!-- \/ Yoast SEO plugin. -->","yoast_head_json":{"title":"Apr\u012bkojums pirts kr\u0101sn\u012bm - Skamet","robots":{"index":"index","follow":"follow","max-snippet":"max-snippet:-1","max-image-preview":"max-image-preview:large","max-video-preview":"max-video-preview:-1"},"canonical":"https:\/\/www.skamet.ee\/lv\/tooted\/aprikojums-pirts-krasnim\/","og_locale":"lv_LV","og_type":"article","og_title":"Apr\u012bkojums pirts kr\u0101sn\u012bm - Skamet","og_description":"D\u016bmvada caurules re\u017e\u0123is D\u016bmvadu cauru\u013cu re\u017e\u0123i tiek uzst\u0101d\u012bti ap cauruli pirms pa\u0161as d\u016bmvadu caurules uzst\u0101d\u012b\u0161anas. Iesp\u0113jams pas\u016bt\u012bt no\u0146emamus re\u017e\u0123us. K\u0101","og_url":"https:\/\/www.skamet.ee\/lv\/tooted\/aprikojums-pirts-krasnim\/","og_site_name":"Skamet","article_modified_time":"2021-05-19T05:31:33+00:00","og_image":[{"width":1024,"height":1088,"url":"https:\/\/www.skamet.ee\/wp-content\/uploads\/2021\/03\/IL-115.png","type":"image\/png"}],"twitter_card":"summary_large_image","twitter_misc":{"Est. reading time":"4 min\u016btes"},"schema":{"@context":"https:\/\/schema.org","@graph":[{"@type":"WebPage","@id":"https:\/\/www.skamet.ee\/lv\/tooted\/aprikojums-pirts-krasnim\/","url":"https:\/\/www.skamet.ee\/lv\/tooted\/aprikojums-pirts-krasnim\/","name":"Apr\u012bkojums pirts kr\u0101sn\u012bm - Skamet","isPartOf":{"@id":"https:\/\/www.skamet.ee\/#website"},"primaryImageOfPage":{"@id":"https:\/\/www.skamet.ee\/lv\/tooted\/aprikojums-pirts-krasnim\/#primaryimage"},"image":{"@id":"https:\/\/www.skamet.ee\/lv\/tooted\/aprikojums-pirts-krasnim\/#primaryimage"},"thumbnailUrl":"https:\/\/www.skamet.ee\/wp-content\/uploads\/2021\/03\/IL-115.png","datePublished":"2021-05-06T12:29:35+00:00","dateModified":"2021-05-19T05:31:33+00:00","breadcrumb":{"@id":"https:\/\/www.skamet.ee\/lv\/tooted\/aprikojums-pirts-krasnim\/#breadcrumb"},"inLanguage":"lv-LV","potentialAction":[{"@type":"ReadAction","target":["https:\/\/www.skamet.ee\/lv\/tooted\/aprikojums-pirts-krasnim\/"]}]},{"@type":"ImageObject","inLanguage":"lv-LV","@id":"https:\/\/www.skamet.ee\/lv\/tooted\/aprikojums-pirts-krasnim\/#primaryimage","url":"https:\/\/www.skamet.ee\/wp-content\/uploads\/2021\/03\/IL-115.png","contentUrl":"https:\/\/www.skamet.ee\/wp-content\/uploads\/2021\/03\/IL-115.png","width":1024,"height":1088,"caption":"IL 115"},{"@type":"BreadcrumbList","@id":"https:\/\/www.skamet.ee\/lv\/tooted\/aprikojums-pirts-krasnim\/#breadcrumb","itemListElement":[{"@type":"ListItem","position":1,"name":"Home","item":"https:\/\/www.skamet.ee\/lv\/"},{"@type":"ListItem","position":2,"name":"Produkti","item":"https:\/\/www.skamet.ee\/lv\/shop-2\/"},{"@type":"ListItem","position":3,"name":"Apr\u012bkojums pirts kr\u0101sn\u012bm"}]},{"@type":"WebSite","@id":"https:\/\/www.skamet.ee\/#website","url":"https:\/\/www.skamet.ee\/","name":"Skamet O\u00dc","description":"Efektiivsed puuk\u00fcttega saunaahjud Eesti tootjalt","publisher":{"@id":"https:\/\/www.skamet.ee\/#organization"},"potentialAction":[{"@type":"SearchAction","target":{"@type":"EntryPoint","urlTemplate":"https:\/\/www.skamet.ee\/?s={search_term_string}"},"query-input":{"@type":"PropertyValueSpecification","valueRequired":true,"valueName":"search_term_string"}}],"inLanguage":"lv-LV"},{"@type":"Organization","@id":"https:\/\/www.skamet.ee\/#organization","name":"Skamet","url":"https:\/\/www.skamet.ee\/","logo":{"@type":"ImageObject","inLanguage":"lv-LV","@id":"https:\/\/www.skamet.ee\/#\/schema\/logo\/image\/","url":"https:\/\/www.skamet.ee\/wp-content\/uploads\/2015\/05\/logo-uus.png","contentUrl":"https:\/\/www.skamet.ee\/wp-content\/uploads\/2015\/05\/logo-uus.png","width":300,"height":127,"caption":"Skamet"},"image":{"@id":"https:\/\/www.skamet.ee\/#\/schema\/logo\/image\/"}}]}},"_links":{"self":[{"href":"https:\/\/www.skamet.ee\/lv\/wp-json\/wp\/v2\/product\/41067","targetHints":{"allow":["GET"]}}],"collection":[{"href":"https:\/\/www.skamet.ee\/lv\/wp-json\/wp\/v2\/product"}],"about":[{"href":"https:\/\/www.skamet.ee\/lv\/wp-json\/wp\/v2\/types\/product"}],"version-history":[{"count":1,"href":"https:\/\/www.skamet.ee\/lv\/wp-json\/wp\/v2\/product\/41067\/revisions"}],"predecessor-version":[{"id":41068,"href":"https:\/\/www.skamet.ee\/lv\/wp-json\/wp\/v2\/product\/41067\/revisions\/41068"}],"wp:featuredmedia":[{"embeddable":true,"href":"https:\/\/www.skamet.ee\/lv\/wp-json\/wp\/v2\/media\/39866"}],"wp:attachment":[{"href":"https:\/\/www.skamet.ee\/lv\/wp-json\/wp\/v2\/media?parent=41067"}],"wp:term":[{"taxonomy":"product_brand","embeddable":true,"href":"https:\/\/www.skamet.ee\/lv\/wp-json\/wp\/v2\/product_brand?post=41067"},{"taxonomy":"product_cat","embeddable":true,"href":"https:\/\/www.skamet.ee\/lv\/wp-json\/wp\/v2\/product_cat?post=41067"},{"taxonomy":"product_tag","embeddable":true,"href":"https:\/\/www.skamet.ee\/lv\/wp-json\/wp\/v2\/product_tag?post=41067"}],"curies":[{"name":"wp","href":"https:\/\/api.w.org\/{rel}","templated":true}]}}