{"id":41069,"date":"2021-05-06T15:31:42","date_gmt":"2021-05-06T12:31:42","guid":{"rendered":"https:\/\/uus.skamet.ee\/?post_type=product&#038;p=41069"},"modified":"2021-05-19T08:31:01","modified_gmt":"2021-05-19T05:31:01","slug":"pirts-krasnis-pec-pasutijuma","status":"publish","type":"product","link":"https:\/\/www.skamet.ee\/lv\/tooted\/pirts-krasnis-pec-pasutijuma\/","title":{"rendered":"Pirts kr\u0101snis p\u0113c pas\u016bt\u012bjuma"},"content":{"rendered":"<p>Jebkuram modelim var veikt da\u017e\u0101das izmai\u0146as. Liel\u0101ko da\u013cu \u0161o izmai\u0146u ir iesp\u0113jams veikt tikai r\u016bpn\u012bcas apst\u0101k\u013cos (T), bet da\u017eas no \u0161\u012bm izmai\u0146\u0101m var veikt pats klients (K):<br \/>\n\u00bb P\u0101rlikt durvju e\u0146\u0123es labaj\u0101 pus\u0113 (T);<br \/>\n\u00bb Var pas\u016bt\u012bt apgrieztos kr\u0101\u0161\u0146u mode\u013cus (T);<br \/>\n\u00bb Main\u012bt kr\u0101sns kr\u0101su: sarkana vai melna kr\u0101sa (T);<br \/>\n\u00bb Met\u0101liskajam korpusam pas\u016bt\u012bt aug\u0161\u0113jo apmali no ner\u016bs\u0113jo\u0161a t\u0113rauda (T vai K);<br \/>\n\u00bb Pas\u016bt\u012bt b\u0101ku no ner\u016bs\u0113jo\u0161a t\u0113rauda kr\u0101sns modelim ar b\u0101ku (T);<br \/>\n\u00bb Pagarin\u0101t vai sa\u012bsin\u0101t caur sienu ejo\u0161os da\u013cu (T);<br \/>\n\u00bb Iesp\u0113jams pas\u016bt\u012bt ar divpus\u0113ju boilera savienojumu\u00a0 (T);<br \/>\n\u00bb Nomain\u012bt met\u0101la kr\u0101sns durvis pret siltumnotur\u012bga stikla durv\u012bm (K);<br \/>\n\u00bb Iesp\u0113jams pas\u016bt\u012bt kr\u0101sni no biez\u0101ka met\u0101la (T).<\/p>\n","protected":false},"excerpt":{"rendered":"<p>Jebkuram modelim var veikt da\u017e\u0101das izmai\u0146as. Liel\u0101ko da\u013cu \u0161o izmai\u0146u ir iesp\u0113jams veikt tikai r\u016bpn\u012bcas apst\u0101k\u013cos (T), bet da\u017eas no<\/p>\n","protected":false},"featured_media":40902,"template":"","meta":{"_lmt_disableupdate":"","_lmt_disable":""},"product_brand":[],"product_cat":[332],"product_tag":[],"class_list":{"0":"post-41069","1":"product","2":"type-product","3":"status-publish","4":"has-post-thumbnail","6":"product_cat-pirts-krasnis","8":"first","9":"instock","10":"shipping-taxable","11":"product-type-simple"},"yoast_head":"<!-- This site is optimized with the Yoast SEO plugin v27.0 - https:\/\/yoast.com\/product\/yoast-seo-wordpress\/ -->\n<title>Pirts kr\u0101snis p\u0113c pas\u016bt\u012bjuma - Skamet<\/title>\n<meta name=\"robots\" content=\"index, follow, max-snippet:-1, max-image-preview:large, max-video-preview:-1\" \/>\n<link rel=\"canonical\" href=\"https:\/\/www.skamet.ee\/lv\/tooted\/pirts-krasnis-pec-pasutijuma\/\" \/>\n<meta property=\"og:locale\" content=\"lv_LV\" \/>\n<meta property=\"og:type\" content=\"article\" \/>\n<meta property=\"og:title\" content=\"Pirts kr\u0101snis p\u0113c pas\u016bt\u012bjuma - Skamet\" \/>\n<meta property=\"og:description\" content=\"Jebkuram modelim var veikt da\u017e\u0101das izmai\u0146as. Liel\u0101ko da\u013cu \u0161o izmai\u0146u ir iesp\u0113jams veikt tikai r\u016bpn\u012bcas apst\u0101k\u013cos (T), bet da\u017eas no\" \/>\n<meta property=\"og:url\" content=\"https:\/\/www.skamet.ee\/lv\/tooted\/pirts-krasnis-pec-pasutijuma\/\" \/>\n<meta property=\"og:site_name\" content=\"Skamet\" \/>\n<meta property=\"article:modified_time\" content=\"2021-05-19T05:31:01+00:00\" \/>\n<meta property=\"og:image\" content=\"https:\/\/www.skamet.ee\/wp-content\/uploads\/2021\/04\/STY-216-GL-scaled.jpg\" \/>\n\t<meta property=\"og:image:width\" content=\"1708\" \/>\n\t<meta property=\"og:image:height\" content=\"2560\" \/>\n\t<meta property=\"og:image:type\" content=\"image\/jpeg\" \/>\n<meta name=\"twitter:card\" content=\"summary_large_image\" \/>\n<meta name=\"twitter:label1\" content=\"Est. reading time\" \/>\n\t<meta name=\"twitter:data1\" content=\"1 min\u016b\u0161u\" \/>\n<script type=\"application\/ld+json\" class=\"yoast-schema-graph\">{\"@context\":\"https:\/\/schema.org\",\"@graph\":[{\"@type\":\"WebPage\",\"@id\":\"https:\/\/www.skamet.ee\/lv\/tooted\/pirts-krasnis-pec-pasutijuma\/\",\"url\":\"https:\/\/www.skamet.ee\/lv\/tooted\/pirts-krasnis-pec-pasutijuma\/\",\"name\":\"Pirts kr\u0101snis p\u0113c pas\u016bt\u012bjuma - Skamet\",\"isPartOf\":{\"@id\":\"https:\/\/www.skamet.ee\/#website\"},\"primaryImageOfPage\":{\"@id\":\"https:\/\/www.skamet.ee\/lv\/tooted\/pirts-krasnis-pec-pasutijuma\/#primaryimage\"},\"image\":{\"@id\":\"https:\/\/www.skamet.ee\/lv\/tooted\/pirts-krasnis-pec-pasutijuma\/#primaryimage\"},\"thumbnailUrl\":\"https:\/\/www.skamet.ee\/wp-content\/uploads\/2021\/04\/STY-216-GL-scaled.jpg\",\"datePublished\":\"2021-05-06T12:31:42+00:00\",\"dateModified\":\"2021-05-19T05:31:01+00:00\",\"breadcrumb\":{\"@id\":\"https:\/\/www.skamet.ee\/lv\/tooted\/pirts-krasnis-pec-pasutijuma\/#breadcrumb\"},\"inLanguage\":\"lv-LV\",\"potentialAction\":[{\"@type\":\"ReadAction\",\"target\":[\"https:\/\/www.skamet.ee\/lv\/tooted\/pirts-krasnis-pec-pasutijuma\/\"]}]},{\"@type\":\"ImageObject\",\"inLanguage\":\"lv-LV\",\"@id\":\"https:\/\/www.skamet.ee\/lv\/tooted\/pirts-krasnis-pec-pasutijuma\/#primaryimage\",\"url\":\"https:\/\/www.skamet.ee\/wp-content\/uploads\/2021\/04\/STY-216-GL-scaled.jpg\",\"contentUrl\":\"https:\/\/www.skamet.ee\/wp-content\/uploads\/2021\/04\/STY-216-GL-scaled.jpg\",\"width\":1708,\"height\":2560,\"caption\":\"STY 216 GL scaled\"},{\"@type\":\"BreadcrumbList\",\"@id\":\"https:\/\/www.skamet.ee\/lv\/tooted\/pirts-krasnis-pec-pasutijuma\/#breadcrumb\",\"itemListElement\":[{\"@type\":\"ListItem\",\"position\":1,\"name\":\"Home\",\"item\":\"https:\/\/www.skamet.ee\/lv\/\"},{\"@type\":\"ListItem\",\"position\":2,\"name\":\"Produkti\",\"item\":\"https:\/\/www.skamet.ee\/lv\/shop-2\/\"},{\"@type\":\"ListItem\",\"position\":3,\"name\":\"Pirts kr\u0101snis p\u0113c pas\u016bt\u012bjuma\"}]},{\"@type\":\"WebSite\",\"@id\":\"https:\/\/www.skamet.ee\/#website\",\"url\":\"https:\/\/www.skamet.ee\/\",\"name\":\"Skamet O\u00dc\",\"description\":\"Efektiivsed puuk\u00fcttega saunaahjud Eesti tootjalt\",\"publisher\":{\"@id\":\"https:\/\/www.skamet.ee\/#organization\"},\"potentialAction\":[{\"@type\":\"SearchAction\",\"target\":{\"@type\":\"EntryPoint\",\"urlTemplate\":\"https:\/\/www.skamet.ee\/?s={search_term_string}\"},\"query-input\":{\"@type\":\"PropertyValueSpecification\",\"valueRequired\":true,\"valueName\":\"search_term_string\"}}],\"inLanguage\":\"lv-LV\"},{\"@type\":\"Organization\",\"@id\":\"https:\/\/www.skamet.ee\/#organization\",\"name\":\"Skamet\",\"url\":\"https:\/\/www.skamet.ee\/\",\"logo\":{\"@type\":\"ImageObject\",\"inLanguage\":\"lv-LV\",\"@id\":\"https:\/\/www.skamet.ee\/#\/schema\/logo\/image\/\",\"url\":\"https:\/\/www.skamet.ee\/wp-content\/uploads\/2015\/05\/logo-uus.png\",\"contentUrl\":\"https:\/\/www.skamet.ee\/wp-content\/uploads\/2015\/05\/logo-uus.png\",\"width\":300,\"height\":127,\"caption\":\"Skamet\"},\"image\":{\"@id\":\"https:\/\/www.skamet.ee\/#\/schema\/logo\/image\/\"}}]}<\/script>\n<!-- \/ Yoast SEO plugin. -->","yoast_head_json":{"title":"Pirts kr\u0101snis p\u0113c pas\u016bt\u012bjuma - Skamet","robots":{"index":"index","follow":"follow","max-snippet":"max-snippet:-1","max-image-preview":"max-image-preview:large","max-video-preview":"max-video-preview:-1"},"canonical":"https:\/\/www.skamet.ee\/lv\/tooted\/pirts-krasnis-pec-pasutijuma\/","og_locale":"lv_LV","og_type":"article","og_title":"Pirts kr\u0101snis p\u0113c pas\u016bt\u012bjuma - Skamet","og_description":"Jebkuram modelim var veikt da\u017e\u0101das izmai\u0146as. Liel\u0101ko da\u013cu \u0161o izmai\u0146u ir iesp\u0113jams veikt tikai r\u016bpn\u012bcas apst\u0101k\u013cos (T), bet da\u017eas no","og_url":"https:\/\/www.skamet.ee\/lv\/tooted\/pirts-krasnis-pec-pasutijuma\/","og_site_name":"Skamet","article_modified_time":"2021-05-19T05:31:01+00:00","og_image":[{"width":1708,"height":2560,"url":"https:\/\/www.skamet.ee\/wp-content\/uploads\/2021\/04\/STY-216-GL-scaled.jpg","type":"image\/jpeg"}],"twitter_card":"summary_large_image","twitter_misc":{"Est. reading time":"1 min\u016b\u0161u"},"schema":{"@context":"https:\/\/schema.org","@graph":[{"@type":"WebPage","@id":"https:\/\/www.skamet.ee\/lv\/tooted\/pirts-krasnis-pec-pasutijuma\/","url":"https:\/\/www.skamet.ee\/lv\/tooted\/pirts-krasnis-pec-pasutijuma\/","name":"Pirts kr\u0101snis p\u0113c pas\u016bt\u012bjuma - Skamet","isPartOf":{"@id":"https:\/\/www.skamet.ee\/#website"},"primaryImageOfPage":{"@id":"https:\/\/www.skamet.ee\/lv\/tooted\/pirts-krasnis-pec-pasutijuma\/#primaryimage"},"image":{"@id":"https:\/\/www.skamet.ee\/lv\/tooted\/pirts-krasnis-pec-pasutijuma\/#primaryimage"},"thumbnailUrl":"https:\/\/www.skamet.ee\/wp-content\/uploads\/2021\/04\/STY-216-GL-scaled.jpg","datePublished":"2021-05-06T12:31:42+00:00","dateModified":"2021-05-19T05:31:01+00:00","breadcrumb":{"@id":"https:\/\/www.skamet.ee\/lv\/tooted\/pirts-krasnis-pec-pasutijuma\/#breadcrumb"},"inLanguage":"lv-LV","potentialAction":[{"@type":"ReadAction","target":["https:\/\/www.skamet.ee\/lv\/tooted\/pirts-krasnis-pec-pasutijuma\/"]}]},{"@type":"ImageObject","inLanguage":"lv-LV","@id":"https:\/\/www.skamet.ee\/lv\/tooted\/pirts-krasnis-pec-pasutijuma\/#primaryimage","url":"https:\/\/www.skamet.ee\/wp-content\/uploads\/2021\/04\/STY-216-GL-scaled.jpg","contentUrl":"https:\/\/www.skamet.ee\/wp-content\/uploads\/2021\/04\/STY-216-GL-scaled.jpg","width":1708,"height":2560,"caption":"STY 216 GL scaled"},{"@type":"BreadcrumbList","@id":"https:\/\/www.skamet.ee\/lv\/tooted\/pirts-krasnis-pec-pasutijuma\/#breadcrumb","itemListElement":[{"@type":"ListItem","position":1,"name":"Home","item":"https:\/\/www.skamet.ee\/lv\/"},{"@type":"ListItem","position":2,"name":"Produkti","item":"https:\/\/www.skamet.ee\/lv\/shop-2\/"},{"@type":"ListItem","position":3,"name":"Pirts kr\u0101snis p\u0113c pas\u016bt\u012bjuma"}]},{"@type":"WebSite","@id":"https:\/\/www.skamet.ee\/#website","url":"https:\/\/www.skamet.ee\/","name":"Skamet O\u00dc","description":"Efektiivsed puuk\u00fcttega saunaahjud Eesti tootjalt","publisher":{"@id":"https:\/\/www.skamet.ee\/#organization"},"potentialAction":[{"@type":"SearchAction","target":{"@type":"EntryPoint","urlTemplate":"https:\/\/www.skamet.ee\/?s={search_term_string}"},"query-input":{"@type":"PropertyValueSpecification","valueRequired":true,"valueName":"search_term_string"}}],"inLanguage":"lv-LV"},{"@type":"Organization","@id":"https:\/\/www.skamet.ee\/#organization","name":"Skamet","url":"https:\/\/www.skamet.ee\/","logo":{"@type":"ImageObject","inLanguage":"lv-LV","@id":"https:\/\/www.skamet.ee\/#\/schema\/logo\/image\/","url":"https:\/\/www.skamet.ee\/wp-content\/uploads\/2015\/05\/logo-uus.png","contentUrl":"https:\/\/www.skamet.ee\/wp-content\/uploads\/2015\/05\/logo-uus.png","width":300,"height":127,"caption":"Skamet"},"image":{"@id":"https:\/\/www.skamet.ee\/#\/schema\/logo\/image\/"}}]}},"_links":{"self":[{"href":"https:\/\/www.skamet.ee\/lv\/wp-json\/wp\/v2\/product\/41069","targetHints":{"allow":["GET"]}}],"collection":[{"href":"https:\/\/www.skamet.ee\/lv\/wp-json\/wp\/v2\/product"}],"about":[{"href":"https:\/\/www.skamet.ee\/lv\/wp-json\/wp\/v2\/types\/product"}],"version-history":[{"count":1,"href":"https:\/\/www.skamet.ee\/lv\/wp-json\/wp\/v2\/product\/41069\/revisions"}],"predecessor-version":[{"id":41070,"href":"https:\/\/www.skamet.ee\/lv\/wp-json\/wp\/v2\/product\/41069\/revisions\/41070"}],"wp:featuredmedia":[{"embeddable":true,"href":"https:\/\/www.skamet.ee\/lv\/wp-json\/wp\/v2\/media\/40902"}],"wp:attachment":[{"href":"https:\/\/www.skamet.ee\/lv\/wp-json\/wp\/v2\/media?parent=41069"}],"wp:term":[{"taxonomy":"product_brand","embeddable":true,"href":"https:\/\/www.skamet.ee\/lv\/wp-json\/wp\/v2\/product_brand?post=41069"},{"taxonomy":"product_cat","embeddable":true,"href":"https:\/\/www.skamet.ee\/lv\/wp-json\/wp\/v2\/product_cat?post=41069"},{"taxonomy":"product_tag","embeddable":true,"href":"https:\/\/www.skamet.ee\/lv\/wp-json\/wp\/v2\/product_tag?post=41069"}],"curies":[{"name":"wp","href":"https:\/\/api.w.org\/{rel}","templated":true}]}}