{"id":41071,"date":"2021-05-06T15:34:12","date_gmt":"2021-05-06T12:34:12","guid":{"rendered":"https:\/\/uus.skamet.ee\/?post_type=product&#038;p=41071"},"modified":"2021-05-19T08:30:09","modified_gmt":"2021-05-19T05:30:09","slug":"pirts-krasns-metala-korpusa","status":"publish","type":"product","link":"https:\/\/www.skamet.ee\/lv\/tooted\/pirts-krasns-metala-korpusa\/","title":{"rendered":"Pirts kr\u0101sns met\u0101la korpus\u0101"},"content":{"rendered":"<p>Pirts kr\u0101snis met\u0101la korpus\u0101 tiek ra\u017eotas Pjarnu kop\u0161 1990. gadu vidus. Kop\u0161 2006. gada t\u0101s ra\u017eo SKAMET. Ja ir pareizi veikta saunas kr\u0101sns izv\u0113le atbilsto\u0161i telpas plat\u012bbai un citiem parametriem (bez boilera), tad iekur\u0161anas laiks var b\u016bt aptuveni 30-45 min\u016btes (ja tiek izmantots boilers, ir nepiecie\u0161ams vair\u0101k laika, atkar\u012bb\u0101 no t\u0101 izm\u0113riem). \u0160aj\u0101 laik\u0101 pirts telpa uzkars\u012bs l\u012bdz 100 gr\u0101diem. Svar\u012bga loma ir ar\u012b svaig\u0101 gaisa pl\u016bsmai un atstr\u0101d\u0101t\u0101 gaisa izvad\u012b\u0161anai.<\/p>\n<p>&nbsp;<\/p>\n<ul>\n<li><a href=\"https:\/\/skamet.ee\/pirts-krasnis\/rezga-pirts-krasns-rezgota-korpusa?lang=lv\">Re\u017e\u0123a pirts kr\u0101sns (re\u017e\u0123ot\u0101 korpus\u0101)<\/a><\/li>\n<li><a href=\"https:\/\/skamet.ee\/pirts-krasnis\/pirts-krasnis-pec-pasutijuma?lang=lv\">Kr\u0101snis p\u0113c pas\u016bt\u012bjuma\u00a0<\/a><\/li>\n<li><a href=\"https:\/\/skamet.ee\/pirts-krasnis\/aprikojums-pirts-krasnim?lang=lv\">Papildus apr\u012bkojums\u00a0<\/a><\/li>\n<\/ul>\n","protected":false},"excerpt":{"rendered":"<p>Pirts kr\u0101snis met\u0101la korpus\u0101 tiek ra\u017eotas Pjarnu kop\u0161 1990. gadu vidus. Kop\u0161 2006. gada t\u0101s ra\u017eo SKAMET. Ja ir pareizi<\/p>\n","protected":false},"featured_media":40326,"template":"","meta":{"_lmt_disableupdate":"","_lmt_disable":""},"product_brand":[],"product_cat":[306,332,333],"product_tag":[],"class_list":{"0":"post-41071","1":"product","2":"type-product","3":"status-publish","4":"has-post-thumbnail","6":"product_cat-puukiuas-metallirungolla","7":"product_cat-pirts-krasnis","8":"product_cat-pirts-krasns-metala-korpusa","10":"first","11":"instock","12":"shipping-taxable","13":"product-type-simple"},"yoast_head":"<!-- This site is optimized with the Yoast SEO plugin v27.0 - https:\/\/yoast.com\/product\/yoast-seo-wordpress\/ -->\n<title>Pirts kr\u0101sns met\u0101la korpus\u0101 - Skamet<\/title>\n<meta name=\"robots\" content=\"index, follow, max-snippet:-1, max-image-preview:large, max-video-preview:-1\" \/>\n<link rel=\"canonical\" href=\"https:\/\/www.skamet.ee\/lv\/tooted\/pirts-krasns-metala-korpusa\/\" \/>\n<meta property=\"og:locale\" content=\"lv_LV\" \/>\n<meta property=\"og:type\" content=\"article\" \/>\n<meta property=\"og:title\" content=\"Pirts kr\u0101sns met\u0101la korpus\u0101 - Skamet\" \/>\n<meta property=\"og:description\" content=\"Pirts kr\u0101snis met\u0101la korpus\u0101 tiek ra\u017eotas Pjarnu kop\u0161 1990. gadu vidus. Kop\u0161 2006. gada t\u0101s ra\u017eo SKAMET. Ja ir pareizi\" \/>\n<meta property=\"og:url\" content=\"https:\/\/www.skamet.ee\/lv\/tooted\/pirts-krasns-metala-korpusa\/\" \/>\n<meta property=\"og:site_name\" content=\"Skamet\" \/>\n<meta property=\"article:modified_time\" content=\"2021-05-19T05:30:09+00:00\" \/>\n<meta property=\"og:image\" content=\"https:\/\/www.skamet.ee\/wp-content\/uploads\/2021\/03\/PS-110-taustal-200x300-1.jpg\" \/>\n\t<meta property=\"og:image:width\" content=\"200\" \/>\n\t<meta property=\"og:image:height\" content=\"300\" \/>\n\t<meta property=\"og:image:type\" content=\"image\/jpeg\" \/>\n<meta name=\"twitter:card\" content=\"summary_large_image\" \/>\n<meta name=\"twitter:label1\" content=\"Est. reading time\" \/>\n\t<meta name=\"twitter:data1\" content=\"1 min\u016b\u0161u\" \/>\n<script type=\"application\/ld+json\" class=\"yoast-schema-graph\">{\"@context\":\"https:\/\/schema.org\",\"@graph\":[{\"@type\":\"WebPage\",\"@id\":\"https:\/\/www.skamet.ee\/lv\/tooted\/pirts-krasns-metala-korpusa\/\",\"url\":\"https:\/\/www.skamet.ee\/lv\/tooted\/pirts-krasns-metala-korpusa\/\",\"name\":\"Pirts kr\u0101sns met\u0101la korpus\u0101 - Skamet\",\"isPartOf\":{\"@id\":\"https:\/\/www.skamet.ee\/#website\"},\"primaryImageOfPage\":{\"@id\":\"https:\/\/www.skamet.ee\/lv\/tooted\/pirts-krasns-metala-korpusa\/#primaryimage\"},\"image\":{\"@id\":\"https:\/\/www.skamet.ee\/lv\/tooted\/pirts-krasns-metala-korpusa\/#primaryimage\"},\"thumbnailUrl\":\"https:\/\/www.skamet.ee\/wp-content\/uploads\/2021\/03\/PS-110-taustal-200x300-1.jpg\",\"datePublished\":\"2021-05-06T12:34:12+00:00\",\"dateModified\":\"2021-05-19T05:30:09+00:00\",\"breadcrumb\":{\"@id\":\"https:\/\/www.skamet.ee\/lv\/tooted\/pirts-krasns-metala-korpusa\/#breadcrumb\"},\"inLanguage\":\"lv-LV\",\"potentialAction\":[{\"@type\":\"ReadAction\",\"target\":[\"https:\/\/www.skamet.ee\/lv\/tooted\/pirts-krasns-metala-korpusa\/\"]}]},{\"@type\":\"ImageObject\",\"inLanguage\":\"lv-LV\",\"@id\":\"https:\/\/www.skamet.ee\/lv\/tooted\/pirts-krasns-metala-korpusa\/#primaryimage\",\"url\":\"https:\/\/www.skamet.ee\/wp-content\/uploads\/2021\/03\/PS-110-taustal-200x300-1.jpg\",\"contentUrl\":\"https:\/\/www.skamet.ee\/wp-content\/uploads\/2021\/03\/PS-110-taustal-200x300-1.jpg\",\"width\":200,\"height\":300,\"caption\":\"PS 110 taustal 200x300 1\"},{\"@type\":\"BreadcrumbList\",\"@id\":\"https:\/\/www.skamet.ee\/lv\/tooted\/pirts-krasns-metala-korpusa\/#breadcrumb\",\"itemListElement\":[{\"@type\":\"ListItem\",\"position\":1,\"name\":\"Home\",\"item\":\"https:\/\/www.skamet.ee\/lv\/\"},{\"@type\":\"ListItem\",\"position\":2,\"name\":\"Produkti\",\"item\":\"https:\/\/www.skamet.ee\/lv\/shop-2\/\"},{\"@type\":\"ListItem\",\"position\":3,\"name\":\"Pirts kr\u0101sns met\u0101la korpus\u0101\"}]},{\"@type\":\"WebSite\",\"@id\":\"https:\/\/www.skamet.ee\/#website\",\"url\":\"https:\/\/www.skamet.ee\/\",\"name\":\"Skamet O\u00dc\",\"description\":\"Efektiivsed puuk\u00fcttega saunaahjud Eesti tootjalt\",\"publisher\":{\"@id\":\"https:\/\/www.skamet.ee\/#organization\"},\"potentialAction\":[{\"@type\":\"SearchAction\",\"target\":{\"@type\":\"EntryPoint\",\"urlTemplate\":\"https:\/\/www.skamet.ee\/?s={search_term_string}\"},\"query-input\":{\"@type\":\"PropertyValueSpecification\",\"valueRequired\":true,\"valueName\":\"search_term_string\"}}],\"inLanguage\":\"lv-LV\"},{\"@type\":\"Organization\",\"@id\":\"https:\/\/www.skamet.ee\/#organization\",\"name\":\"Skamet\",\"url\":\"https:\/\/www.skamet.ee\/\",\"logo\":{\"@type\":\"ImageObject\",\"inLanguage\":\"lv-LV\",\"@id\":\"https:\/\/www.skamet.ee\/#\/schema\/logo\/image\/\",\"url\":\"https:\/\/www.skamet.ee\/wp-content\/uploads\/2015\/05\/logo-uus.png\",\"contentUrl\":\"https:\/\/www.skamet.ee\/wp-content\/uploads\/2015\/05\/logo-uus.png\",\"width\":300,\"height\":127,\"caption\":\"Skamet\"},\"image\":{\"@id\":\"https:\/\/www.skamet.ee\/#\/schema\/logo\/image\/\"}}]}<\/script>\n<!-- \/ Yoast SEO plugin. -->","yoast_head_json":{"title":"Pirts kr\u0101sns met\u0101la korpus\u0101 - Skamet","robots":{"index":"index","follow":"follow","max-snippet":"max-snippet:-1","max-image-preview":"max-image-preview:large","max-video-preview":"max-video-preview:-1"},"canonical":"https:\/\/www.skamet.ee\/lv\/tooted\/pirts-krasns-metala-korpusa\/","og_locale":"lv_LV","og_type":"article","og_title":"Pirts kr\u0101sns met\u0101la korpus\u0101 - Skamet","og_description":"Pirts kr\u0101snis met\u0101la korpus\u0101 tiek ra\u017eotas Pjarnu kop\u0161 1990. gadu vidus. Kop\u0161 2006. gada t\u0101s ra\u017eo SKAMET. Ja ir pareizi","og_url":"https:\/\/www.skamet.ee\/lv\/tooted\/pirts-krasns-metala-korpusa\/","og_site_name":"Skamet","article_modified_time":"2021-05-19T05:30:09+00:00","og_image":[{"width":200,"height":300,"url":"https:\/\/www.skamet.ee\/wp-content\/uploads\/2021\/03\/PS-110-taustal-200x300-1.jpg","type":"image\/jpeg"}],"twitter_card":"summary_large_image","twitter_misc":{"Est. reading time":"1 min\u016b\u0161u"},"schema":{"@context":"https:\/\/schema.org","@graph":[{"@type":"WebPage","@id":"https:\/\/www.skamet.ee\/lv\/tooted\/pirts-krasns-metala-korpusa\/","url":"https:\/\/www.skamet.ee\/lv\/tooted\/pirts-krasns-metala-korpusa\/","name":"Pirts kr\u0101sns met\u0101la korpus\u0101 - Skamet","isPartOf":{"@id":"https:\/\/www.skamet.ee\/#website"},"primaryImageOfPage":{"@id":"https:\/\/www.skamet.ee\/lv\/tooted\/pirts-krasns-metala-korpusa\/#primaryimage"},"image":{"@id":"https:\/\/www.skamet.ee\/lv\/tooted\/pirts-krasns-metala-korpusa\/#primaryimage"},"thumbnailUrl":"https:\/\/www.skamet.ee\/wp-content\/uploads\/2021\/03\/PS-110-taustal-200x300-1.jpg","datePublished":"2021-05-06T12:34:12+00:00","dateModified":"2021-05-19T05:30:09+00:00","breadcrumb":{"@id":"https:\/\/www.skamet.ee\/lv\/tooted\/pirts-krasns-metala-korpusa\/#breadcrumb"},"inLanguage":"lv-LV","potentialAction":[{"@type":"ReadAction","target":["https:\/\/www.skamet.ee\/lv\/tooted\/pirts-krasns-metala-korpusa\/"]}]},{"@type":"ImageObject","inLanguage":"lv-LV","@id":"https:\/\/www.skamet.ee\/lv\/tooted\/pirts-krasns-metala-korpusa\/#primaryimage","url":"https:\/\/www.skamet.ee\/wp-content\/uploads\/2021\/03\/PS-110-taustal-200x300-1.jpg","contentUrl":"https:\/\/www.skamet.ee\/wp-content\/uploads\/2021\/03\/PS-110-taustal-200x300-1.jpg","width":200,"height":300,"caption":"PS 110 taustal 200x300 1"},{"@type":"BreadcrumbList","@id":"https:\/\/www.skamet.ee\/lv\/tooted\/pirts-krasns-metala-korpusa\/#breadcrumb","itemListElement":[{"@type":"ListItem","position":1,"name":"Home","item":"https:\/\/www.skamet.ee\/lv\/"},{"@type":"ListItem","position":2,"name":"Produkti","item":"https:\/\/www.skamet.ee\/lv\/shop-2\/"},{"@type":"ListItem","position":3,"name":"Pirts kr\u0101sns met\u0101la korpus\u0101"}]},{"@type":"WebSite","@id":"https:\/\/www.skamet.ee\/#website","url":"https:\/\/www.skamet.ee\/","name":"Skamet O\u00dc","description":"Efektiivsed puuk\u00fcttega saunaahjud Eesti tootjalt","publisher":{"@id":"https:\/\/www.skamet.ee\/#organization"},"potentialAction":[{"@type":"SearchAction","target":{"@type":"EntryPoint","urlTemplate":"https:\/\/www.skamet.ee\/?s={search_term_string}"},"query-input":{"@type":"PropertyValueSpecification","valueRequired":true,"valueName":"search_term_string"}}],"inLanguage":"lv-LV"},{"@type":"Organization","@id":"https:\/\/www.skamet.ee\/#organization","name":"Skamet","url":"https:\/\/www.skamet.ee\/","logo":{"@type":"ImageObject","inLanguage":"lv-LV","@id":"https:\/\/www.skamet.ee\/#\/schema\/logo\/image\/","url":"https:\/\/www.skamet.ee\/wp-content\/uploads\/2015\/05\/logo-uus.png","contentUrl":"https:\/\/www.skamet.ee\/wp-content\/uploads\/2015\/05\/logo-uus.png","width":300,"height":127,"caption":"Skamet"},"image":{"@id":"https:\/\/www.skamet.ee\/#\/schema\/logo\/image\/"}}]}},"_links":{"self":[{"href":"https:\/\/www.skamet.ee\/lv\/wp-json\/wp\/v2\/product\/41071","targetHints":{"allow":["GET"]}}],"collection":[{"href":"https:\/\/www.skamet.ee\/lv\/wp-json\/wp\/v2\/product"}],"about":[{"href":"https:\/\/www.skamet.ee\/lv\/wp-json\/wp\/v2\/types\/product"}],"version-history":[{"count":1,"href":"https:\/\/www.skamet.ee\/lv\/wp-json\/wp\/v2\/product\/41071\/revisions"}],"predecessor-version":[{"id":41072,"href":"https:\/\/www.skamet.ee\/lv\/wp-json\/wp\/v2\/product\/41071\/revisions\/41072"}],"wp:featuredmedia":[{"embeddable":true,"href":"https:\/\/www.skamet.ee\/lv\/wp-json\/wp\/v2\/media\/40326"}],"wp:attachment":[{"href":"https:\/\/www.skamet.ee\/lv\/wp-json\/wp\/v2\/media?parent=41071"}],"wp:term":[{"taxonomy":"product_brand","embeddable":true,"href":"https:\/\/www.skamet.ee\/lv\/wp-json\/wp\/v2\/product_brand?post=41071"},{"taxonomy":"product_cat","embeddable":true,"href":"https:\/\/www.skamet.ee\/lv\/wp-json\/wp\/v2\/product_cat?post=41071"},{"taxonomy":"product_tag","embeddable":true,"href":"https:\/\/www.skamet.ee\/lv\/wp-json\/wp\/v2\/product_tag?post=41071"}],"curies":[{"name":"wp","href":"https:\/\/api.w.org\/{rel}","templated":true}]}}